{"id":17504,"date":"2022-10-04T07:28:01","date_gmt":"2022-10-04T07:28:01","guid":{"rendered":"https:\/\/www.azur-scenic.com\/produit\/pince-scenic\/"},"modified":"2023-08-02T13:18:25","modified_gmt":"2023-08-02T13:18:25","slug":"pinza-scenic","status":"publish","type":"product","link":"https:\/\/www.azur-scenic.com\/es\/producto\/pinza-scenic\/","title":{"rendered":"Pinza Scenic"},"content":{"rendered":"<\/p>\n","protected":false},"excerpt":{"rendered":"<p><strong>Pinza met\u00e1lica multiusos que se utiliza especialmente para tensar diferentes materiales (ciclos, pantallas, tules, telas pintadas, velos, etc.) sin marcar ni perforar el tejido. <\/strong><\/p>\n<p><strong>Presentaci\u00f3n<\/strong>: por unidad<\/p>\n<p><strong>Colores<\/strong>: Aluminio o Negro<\/p>\n<p><strong>Tama\u00f1o<\/strong>: 81 x 37\u00a0mm<\/p>\n<p><strong>Breve descripci\u00f3n<\/strong>:<\/p>\n<ul>\n<li>Equipada con una mordaza dentada que asegura que la pinza se sujete inmediatamente sobre el tejido (aunque sea ligero)<\/li>\n<li>Cuenta con un anillo que le permite amarrar una cuerda para escenograf\u00eda, colgar un sandow\/cabiclic, deslizar un cable de registro, pasar un cord\u00f3n para atar sobre un poste o debajo de \u00e9l, etc.<\/li>\n<\/ul>\n<p><strong>Referencias<\/strong>:<\/p>\n<ul>\n<li>AIPSA \u2013 Aluminio<\/li>\n<li>AIPSN \u2013 Negro<\/li>\n<\/ul>\n","protected":false},"featured_media":8003,"template":"","meta":{"_acf_changed":false},"product_brand":[],"product_cat":[1218,1217,944],"product_tag":[],"class_list":{"0":"post-17504","1":"product","2":"type-product","3":"status-publish","4":"has-post-thumbnail","6":"product_cat-accesorios-y-consumibles","7":"product_cat-accesorios-de-enganche","8":"product_cat-todos-los-productos","10":"first","11":"instock","12":"shipping-taxable","13":"purchasable","14":"product-type-simple"},"acf":[],"yoast_head":"<!-- This site is optimized with the Yoast SEO plugin v27.3 - https:\/\/yoast.com\/product\/yoast-seo-wordpress\/ -->\n<title>Pinza Scenic - Azur Scenic<\/title>\n<meta name=\"description\" content=\"Pinza met\u00e1lica multiusos que se utiliza especialmente para tensar diferentes materiales (ciclos, pantallas, tules, telas pintadas, velos, etc.) sin marcar ni perforar el tejido. Presentaci\u00f3n: por unidad Colores: Aluminio o Negro Tama\u00f1o: 81 x 37\u00a0mm Breve descripci\u00f3n:  Equipada con una mordaza dentada que asegura que la pinza se sujete inmediatamente sobre el tejido (aunque sea ligero) Cuenta con un anillo que le permite amarrar una cuerda para escenograf\u00eda, colgar un sandow\/cabiclic, deslizar un cable de registro, pasar un cord\u00f3n para atar sobre un poste o debajo de \u00e9l, etc. Referencias:  AIPSA \u2013 Aluminio AIPSN \u2013 Negro\" \/>\n<meta name=\"robots\" content=\"index, follow, max-snippet:-1, max-image-preview:large, max-video-preview:-1\" \/>\n<link rel=\"canonical\" href=\"https:\/\/www.azur-scenic.com\/es\/producto\/pinza-scenic\/\" \/>\n<meta property=\"og:locale\" content=\"es_ES\" \/>\n<meta property=\"og:type\" content=\"article\" \/>\n<meta property=\"og:title\" content=\"Pinza Scenic - Azur Scenic\" \/>\n<meta property=\"og:description\" content=\"Pinza met\u00e1lica multiusos que se utiliza especialmente para tensar diferentes materiales (ciclos, pantallas, tules, telas pintadas, velos, etc.) sin marcar ni perforar el tejido. Presentaci\u00f3n: por unidad Colores: Aluminio o Negro Tama\u00f1o: 81 x 37\u00a0mm Breve descripci\u00f3n:  Equipada con una mordaza dentada que asegura que la pinza se sujete inmediatamente sobre el tejido (aunque sea ligero) Cuenta con un anillo que le permite amarrar una cuerda para escenograf\u00eda, colgar un sandow\/cabiclic, deslizar un cable de registro, pasar un cord\u00f3n para atar sobre un poste o debajo de \u00e9l, etc. Referencias:  AIPSA \u2013 Aluminio AIPSN \u2013 Negro\" \/>\n<meta property=\"og:url\" content=\"https:\/\/www.azur-scenic.com\/es\/producto\/pinza-scenic\/\" \/>\n<meta property=\"og:site_name\" content=\"Azur Scenic\" \/>\n<meta property=\"article:modified_time\" content=\"2023-08-02T13:18:25+00:00\" \/>\n<meta property=\"og:image\" content=\"https:\/\/www.azur-scenic.com\/wp-content\/uploads\/d75fc08194e2d2e365866ea1bec83af8.jpg\" \/>\n\t<meta property=\"og:image:width\" content=\"2126\" \/>\n\t<meta property=\"og:image:height\" content=\"2126\" \/>\n\t<meta property=\"og:image:type\" content=\"image\/jpeg\" \/>\n<meta name=\"twitter:card\" content=\"summary_large_image\" \/>\n<script type=\"application\/ld+json\" class=\"yoast-schema-graph\">{\"@context\":\"https:\\\/\\\/schema.org\",\"@graph\":[{\"@type\":\"WebPage\",\"@id\":\"https:\\\/\\\/www.azur-scenic.com\\\/es\\\/producto\\\/pinza-scenic\\\/\",\"url\":\"https:\\\/\\\/www.azur-scenic.com\\\/es\\\/producto\\\/pinza-scenic\\\/\",\"name\":\"Pinza Scenic - Azur Scenic\",\"isPartOf\":{\"@id\":\"https:\\\/\\\/www.azur-scenic.com\\\/es\\\/#website\"},\"primaryImageOfPage\":{\"@id\":\"https:\\\/\\\/www.azur-scenic.com\\\/es\\\/producto\\\/pinza-scenic\\\/#primaryimage\"},\"image\":{\"@id\":\"https:\\\/\\\/www.azur-scenic.com\\\/es\\\/producto\\\/pinza-scenic\\\/#primaryimage\"},\"thumbnailUrl\":\"https:\\\/\\\/www.azur-scenic.com\\\/wp-content\\\/uploads\\\/d75fc08194e2d2e365866ea1bec83af8.jpg\",\"datePublished\":\"2022-10-04T07:28:01+00:00\",\"dateModified\":\"2023-08-02T13:18:25+00:00\",\"description\":\"Pinza met\u00e1lica multiusos que se utiliza especialmente para tensar diferentes materiales (ciclos, pantallas, tules, telas pintadas, velos, etc.) sin marcar ni perforar el tejido. Presentaci\u00f3n: por unidad Colores: Aluminio o Negro Tama\u00f1o: 81 x 37\u00a0mm Breve descripci\u00f3n: Equipada con una mordaza dentada que asegura que la pinza se sujete inmediatamente sobre el tejido (aunque sea ligero) Cuenta con un anillo que le permite amarrar una cuerda para escenograf\u00eda, colgar un sandow\\\/cabiclic, deslizar un cable de registro, pasar un cord\u00f3n para atar sobre un poste o debajo de \u00e9l, etc. Referencias: AIPSA \u2013 Aluminio AIPSN \u2013 Negro\",\"breadcrumb\":{\"@id\":\"https:\\\/\\\/www.azur-scenic.com\\\/es\\\/producto\\\/pinza-scenic\\\/#breadcrumb\"},\"inLanguage\":\"es\",\"potentialAction\":[{\"@type\":\"ReadAction\",\"target\":[\"https:\\\/\\\/www.azur-scenic.com\\\/es\\\/producto\\\/pinza-scenic\\\/\"]}]},{\"@type\":\"ImageObject\",\"inLanguage\":\"es\",\"@id\":\"https:\\\/\\\/www.azur-scenic.com\\\/es\\\/producto\\\/pinza-scenic\\\/#primaryimage\",\"url\":\"https:\\\/\\\/www.azur-scenic.com\\\/wp-content\\\/uploads\\\/d75fc08194e2d2e365866ea1bec83af8.jpg\",\"contentUrl\":\"https:\\\/\\\/www.azur-scenic.com\\\/wp-content\\\/uploads\\\/d75fc08194e2d2e365866ea1bec83af8.jpg\",\"width\":2126,\"height\":2126},{\"@type\":\"BreadcrumbList\",\"@id\":\"https:\\\/\\\/www.azur-scenic.com\\\/es\\\/producto\\\/pinza-scenic\\\/#breadcrumb\",\"itemListElement\":[{\"@type\":\"ListItem\",\"position\":1,\"name\":\"Accueil\",\"item\":\"https:\\\/\\\/www.azur-scenic.com\\\/es\\\/\"},{\"@type\":\"ListItem\",\"position\":2,\"name\":\"Productos\",\"item\":\"https:\\\/\\\/www.azur-scenic.com\\\/es\\\/?page_id=21440\"},{\"@type\":\"ListItem\",\"position\":3,\"name\":\"Pinza Scenic\"}]},{\"@type\":\"WebSite\",\"@id\":\"https:\\\/\\\/www.azur-scenic.com\\\/es\\\/#website\",\"url\":\"https:\\\/\\\/www.azur-scenic.com\\\/es\\\/\",\"name\":\"Azur Scenic\",\"description\":\"Sp\u00e9cialiste de l\u2019\u00e9quipement sc\u00e9nique et de la d\u00e9coration int\u00e9rieure et \u00e9v\u00e9nementielle !\",\"publisher\":{\"@id\":\"https:\\\/\\\/www.azur-scenic.com\\\/es\\\/#organization\"},\"potentialAction\":[{\"@type\":\"SearchAction\",\"target\":{\"@type\":\"EntryPoint\",\"urlTemplate\":\"https:\\\/\\\/www.azur-scenic.com\\\/es\\\/?s={search_term_string}\"},\"query-input\":{\"@type\":\"PropertyValueSpecification\",\"valueRequired\":true,\"valueName\":\"search_term_string\"}}],\"inLanguage\":\"es\"},{\"@type\":\"Organization\",\"@id\":\"https:\\\/\\\/www.azur-scenic.com\\\/es\\\/#organization\",\"name\":\"AZUR SCENIC\",\"url\":\"https:\\\/\\\/www.azur-scenic.com\\\/es\\\/\",\"logo\":{\"@type\":\"ImageObject\",\"inLanguage\":\"es\",\"@id\":\"https:\\\/\\\/www.azur-scenic.com\\\/es\\\/#\\\/schema\\\/logo\\\/image\\\/\",\"url\":\"https:\\\/\\\/www.azur-scenic.com\\\/wp-content\\\/uploads\\\/2022\\\/09\\\/LOGO-AZUR-SCENIC-Fusion-web-236x64-1.jpg\",\"contentUrl\":\"https:\\\/\\\/www.azur-scenic.com\\\/wp-content\\\/uploads\\\/2022\\\/09\\\/LOGO-AZUR-SCENIC-Fusion-web-236x64-1.jpg\",\"width\":236,\"height\":64,\"caption\":\"AZUR SCENIC\"},\"image\":{\"@id\":\"https:\\\/\\\/www.azur-scenic.com\\\/es\\\/#\\\/schema\\\/logo\\\/image\\\/\"},\"sameAs\":[\"https:\\\/\\\/www.youtube.com\\\/channel\\\/UCPWM2mGPVUt4nYhNlm71WOA\",\"https:\\\/\\\/www.linkedin.com\\\/company\\\/33237605\\\/admin\\\/feed\\\/posts\\\/\"]}]}<\/script>\n<!-- \/ Yoast SEO plugin. -->","yoast_head_json":{"title":"Pinza Scenic - Azur Scenic","description":"Pinza met\u00e1lica multiusos que se utiliza especialmente para tensar diferentes materiales (ciclos, pantallas, tules, telas pintadas, velos, etc.) sin marcar ni perforar el tejido. Presentaci\u00f3n: por unidad Colores: Aluminio o Negro Tama\u00f1o: 81 x 37\u00a0mm Breve descripci\u00f3n:  Equipada con una mordaza dentada que asegura que la pinza se sujete inmediatamente sobre el tejido (aunque sea ligero) Cuenta con un anillo que le permite amarrar una cuerda para escenograf\u00eda, colgar un sandow\/cabiclic, deslizar un cable de registro, pasar un cord\u00f3n para atar sobre un poste o debajo de \u00e9l, etc. Referencias:  AIPSA \u2013 Aluminio AIPSN \u2013 Negro","robots":{"index":"index","follow":"follow","max-snippet":"max-snippet:-1","max-image-preview":"max-image-preview:large","max-video-preview":"max-video-preview:-1"},"canonical":"https:\/\/www.azur-scenic.com\/es\/producto\/pinza-scenic\/","og_locale":"es_ES","og_type":"article","og_title":"Pinza Scenic - Azur Scenic","og_description":"Pinza met\u00e1lica multiusos que se utiliza especialmente para tensar diferentes materiales (ciclos, pantallas, tules, telas pintadas, velos, etc.) sin marcar ni perforar el tejido. Presentaci\u00f3n: por unidad Colores: Aluminio o Negro Tama\u00f1o: 81 x 37\u00a0mm Breve descripci\u00f3n:  Equipada con una mordaza dentada que asegura que la pinza se sujete inmediatamente sobre el tejido (aunque sea ligero) Cuenta con un anillo que le permite amarrar una cuerda para escenograf\u00eda, colgar un sandow\/cabiclic, deslizar un cable de registro, pasar un cord\u00f3n para atar sobre un poste o debajo de \u00e9l, etc. Referencias:  AIPSA \u2013 Aluminio AIPSN \u2013 Negro","og_url":"https:\/\/www.azur-scenic.com\/es\/producto\/pinza-scenic\/","og_site_name":"Azur Scenic","article_modified_time":"2023-08-02T13:18:25+00:00","og_image":[{"width":2126,"height":2126,"url":"https:\/\/www.azur-scenic.com\/wp-content\/uploads\/d75fc08194e2d2e365866ea1bec83af8.jpg","type":"image\/jpeg"}],"twitter_card":"summary_large_image","schema":{"@context":"https:\/\/schema.org","@graph":[{"@type":"WebPage","@id":"https:\/\/www.azur-scenic.com\/es\/producto\/pinza-scenic\/","url":"https:\/\/www.azur-scenic.com\/es\/producto\/pinza-scenic\/","name":"Pinza Scenic - Azur Scenic","isPartOf":{"@id":"https:\/\/www.azur-scenic.com\/es\/#website"},"primaryImageOfPage":{"@id":"https:\/\/www.azur-scenic.com\/es\/producto\/pinza-scenic\/#primaryimage"},"image":{"@id":"https:\/\/www.azur-scenic.com\/es\/producto\/pinza-scenic\/#primaryimage"},"thumbnailUrl":"https:\/\/www.azur-scenic.com\/wp-content\/uploads\/d75fc08194e2d2e365866ea1bec83af8.jpg","datePublished":"2022-10-04T07:28:01+00:00","dateModified":"2023-08-02T13:18:25+00:00","description":"Pinza met\u00e1lica multiusos que se utiliza especialmente para tensar diferentes materiales (ciclos, pantallas, tules, telas pintadas, velos, etc.) sin marcar ni perforar el tejido. Presentaci\u00f3n: por unidad Colores: Aluminio o Negro Tama\u00f1o: 81 x 37\u00a0mm Breve descripci\u00f3n: Equipada con una mordaza dentada que asegura que la pinza se sujete inmediatamente sobre el tejido (aunque sea ligero) Cuenta con un anillo que le permite amarrar una cuerda para escenograf\u00eda, colgar un sandow\/cabiclic, deslizar un cable de registro, pasar un cord\u00f3n para atar sobre un poste o debajo de \u00e9l, etc. Referencias: AIPSA \u2013 Aluminio AIPSN \u2013 Negro","breadcrumb":{"@id":"https:\/\/www.azur-scenic.com\/es\/producto\/pinza-scenic\/#breadcrumb"},"inLanguage":"es","potentialAction":[{"@type":"ReadAction","target":["https:\/\/www.azur-scenic.com\/es\/producto\/pinza-scenic\/"]}]},{"@type":"ImageObject","inLanguage":"es","@id":"https:\/\/www.azur-scenic.com\/es\/producto\/pinza-scenic\/#primaryimage","url":"https:\/\/www.azur-scenic.com\/wp-content\/uploads\/d75fc08194e2d2e365866ea1bec83af8.jpg","contentUrl":"https:\/\/www.azur-scenic.com\/wp-content\/uploads\/d75fc08194e2d2e365866ea1bec83af8.jpg","width":2126,"height":2126},{"@type":"BreadcrumbList","@id":"https:\/\/www.azur-scenic.com\/es\/producto\/pinza-scenic\/#breadcrumb","itemListElement":[{"@type":"ListItem","position":1,"name":"Accueil","item":"https:\/\/www.azur-scenic.com\/es\/"},{"@type":"ListItem","position":2,"name":"Productos","item":"https:\/\/www.azur-scenic.com\/es\/?page_id=21440"},{"@type":"ListItem","position":3,"name":"Pinza Scenic"}]},{"@type":"WebSite","@id":"https:\/\/www.azur-scenic.com\/es\/#website","url":"https:\/\/www.azur-scenic.com\/es\/","name":"Azur Scenic","description":"Sp\u00e9cialiste de l\u2019\u00e9quipement sc\u00e9nique et de la d\u00e9coration int\u00e9rieure et \u00e9v\u00e9nementielle !","publisher":{"@id":"https:\/\/www.azur-scenic.com\/es\/#organization"},"potentialAction":[{"@type":"SearchAction","target":{"@type":"EntryPoint","urlTemplate":"https:\/\/www.azur-scenic.com\/es\/?s={search_term_string}"},"query-input":{"@type":"PropertyValueSpecification","valueRequired":true,"valueName":"search_term_string"}}],"inLanguage":"es"},{"@type":"Organization","@id":"https:\/\/www.azur-scenic.com\/es\/#organization","name":"AZUR SCENIC","url":"https:\/\/www.azur-scenic.com\/es\/","logo":{"@type":"ImageObject","inLanguage":"es","@id":"https:\/\/www.azur-scenic.com\/es\/#\/schema\/logo\/image\/","url":"https:\/\/www.azur-scenic.com\/wp-content\/uploads\/2022\/09\/LOGO-AZUR-SCENIC-Fusion-web-236x64-1.jpg","contentUrl":"https:\/\/www.azur-scenic.com\/wp-content\/uploads\/2022\/09\/LOGO-AZUR-SCENIC-Fusion-web-236x64-1.jpg","width":236,"height":64,"caption":"AZUR SCENIC"},"image":{"@id":"https:\/\/www.azur-scenic.com\/es\/#\/schema\/logo\/image\/"},"sameAs":["https:\/\/www.youtube.com\/channel\/UCPWM2mGPVUt4nYhNlm71WOA","https:\/\/www.linkedin.com\/company\/33237605\/admin\/feed\/posts\/"]}]}},"_links":{"self":[{"href":"https:\/\/www.azur-scenic.com\/es\/wp-json\/wp\/v2\/product\/17504","targetHints":{"allow":["GET"]}}],"collection":[{"href":"https:\/\/www.azur-scenic.com\/es\/wp-json\/wp\/v2\/product"}],"about":[{"href":"https:\/\/www.azur-scenic.com\/es\/wp-json\/wp\/v2\/types\/product"}],"wp:featuredmedia":[{"embeddable":true,"href":"https:\/\/www.azur-scenic.com\/es\/wp-json\/wp\/v2\/media\/8003"}],"wp:attachment":[{"href":"https:\/\/www.azur-scenic.com\/es\/wp-json\/wp\/v2\/media?parent=17504"}],"wp:term":[{"taxonomy":"product_brand","embeddable":true,"href":"https:\/\/www.azur-scenic.com\/es\/wp-json\/wp\/v2\/product_brand?post=17504"},{"taxonomy":"product_cat","embeddable":true,"href":"https:\/\/www.azur-scenic.com\/es\/wp-json\/wp\/v2\/product_cat?post=17504"},{"taxonomy":"product_tag","embeddable":true,"href":"https:\/\/www.azur-scenic.com\/es\/wp-json\/wp\/v2\/product_tag?post=17504"}],"curies":[{"name":"wp","href":"https:\/\/api.w.org\/{rel}","templated":true}]}}