{"id":17531,"date":"2022-10-04T07:28:00","date_gmt":"2022-10-04T07:28:00","guid":{"rendered":"https:\/\/www.azur-scenic.com\/produit\/passementerie\/"},"modified":"2023-08-02T13:18:14","modified_gmt":"2023-08-02T13:18:14","slug":"pasamaneria","status":"publish","type":"product","link":"https:\/\/www.azur-scenic.com\/es\/producto\/pasamaneria\/","title":{"rendered":"Pasamaner\u00eda"},"content":{"rendered":"<\/p>\n","protected":false},"excerpt":{"rendered":"<p><strong>Te ofrecemos una l\u00ednea completa de pasamaner\u00eda destinada al teatro, a la decoraci\u00f3n y al mundo del espect\u00e1culo: galones, flecos, alzapa\u00f1os, pompones, etc. Todo ello disponible en colores variados. \u00a1Las posibilidades en este campo son infinitas! <\/strong><\/p>\n<p>Solicita m\u00e1s informaci\u00f3n a tu agente comercial sobre nuestra colecci\u00f3n de pasamaner\u00eda.<\/p>\n","protected":false},"featured_media":7967,"template":"","meta":{"_acf_changed":false},"product_brand":[],"product_cat":[1218,1280,944],"product_tag":[],"class_list":{"0":"post-17531","1":"product","2":"type-product","3":"status-publish","4":"has-post-thumbnail","6":"product_cat-accesorios-y-consumibles","7":"product_cat-accesorios-para-confeccion","8":"product_cat-todos-los-productos","10":"first","11":"instock","12":"shipping-taxable","13":"purchasable","14":"product-type-simple"},"acf":[],"yoast_head":"<!-- This site is optimized with the Yoast SEO plugin v27.1.1 - https:\/\/yoast.com\/product\/yoast-seo-wordpress\/ -->\n<title>Pasamaner\u00eda - Azur Scenic<\/title>\n<meta name=\"description\" content=\"Te ofrecemos una l\u00ednea completa de pasamaner\u00eda destinada al teatro, a la decoraci\u00f3n y al mundo del espect\u00e1culo: galones, flecos, alzapa\u00f1os, pompones, etc. Todo ello disponible en colores variados. \u00a1Las posibilidades en este campo son infinitas! Solicita m\u00e1s informaci\u00f3n a tu agente comercial sobre nuestra colecci\u00f3n de pasamaner\u00eda.\" \/>\n<meta name=\"robots\" content=\"index, follow, max-snippet:-1, max-image-preview:large, max-video-preview:-1\" \/>\n<link rel=\"canonical\" href=\"https:\/\/www.azur-scenic.com\/es\/producto\/pasamaneria\/\" \/>\n<meta property=\"og:locale\" content=\"es_ES\" \/>\n<meta property=\"og:type\" content=\"article\" \/>\n<meta property=\"og:title\" content=\"Pasamaner\u00eda - Azur Scenic\" \/>\n<meta property=\"og:description\" content=\"Te ofrecemos una l\u00ednea completa de pasamaner\u00eda destinada al teatro, a la decoraci\u00f3n y al mundo del espect\u00e1culo: galones, flecos, alzapa\u00f1os, pompones, etc. Todo ello disponible en colores variados. \u00a1Las posibilidades en este campo son infinitas! Solicita m\u00e1s informaci\u00f3n a tu agente comercial sobre nuestra colecci\u00f3n de pasamaner\u00eda.\" \/>\n<meta property=\"og:url\" content=\"https:\/\/www.azur-scenic.com\/es\/producto\/pasamaneria\/\" \/>\n<meta property=\"og:site_name\" content=\"Azur Scenic\" \/>\n<meta property=\"article:modified_time\" content=\"2023-08-02T13:18:14+00:00\" \/>\n<meta property=\"og:image\" content=\"https:\/\/www.azur-scenic.com\/wp-content\/uploads\/9c185c7f2d2e6b62c1e65e26148c0d4c.jpg\" \/>\n\t<meta property=\"og:image:width\" content=\"283\" \/>\n\t<meta property=\"og:image:height\" content=\"283\" \/>\n\t<meta property=\"og:image:type\" content=\"image\/jpeg\" \/>\n<meta name=\"twitter:card\" content=\"summary_large_image\" \/>\n<script type=\"application\/ld+json\" class=\"yoast-schema-graph\">{\"@context\":\"https:\/\/schema.org\",\"@graph\":[{\"@type\":\"WebPage\",\"@id\":\"https:\/\/www.azur-scenic.com\/es\/producto\/pasamaneria\/\",\"url\":\"https:\/\/www.azur-scenic.com\/es\/producto\/pasamaneria\/\",\"name\":\"Pasamaner\u00eda - Azur Scenic\",\"isPartOf\":{\"@id\":\"https:\/\/www.azur-scenic.com\/es\/#website\"},\"primaryImageOfPage\":{\"@id\":\"https:\/\/www.azur-scenic.com\/es\/producto\/pasamaneria\/#primaryimage\"},\"image\":{\"@id\":\"https:\/\/www.azur-scenic.com\/es\/producto\/pasamaneria\/#primaryimage\"},\"thumbnailUrl\":\"https:\/\/www.azur-scenic.com\/wp-content\/uploads\/9c185c7f2d2e6b62c1e65e26148c0d4c.jpg\",\"datePublished\":\"2022-10-04T07:28:00+00:00\",\"dateModified\":\"2023-08-02T13:18:14+00:00\",\"description\":\"Te ofrecemos una l\u00ednea completa de pasamaner\u00eda destinada al teatro, a la decoraci\u00f3n y al mundo del espect\u00e1culo: galones, flecos, alzapa\u00f1os, pompones, etc. Todo ello disponible en colores variados. \u00a1Las posibilidades en este campo son infinitas! Solicita m\u00e1s informaci\u00f3n a tu agente comercial sobre nuestra colecci\u00f3n de pasamaner\u00eda.\",\"breadcrumb\":{\"@id\":\"https:\/\/www.azur-scenic.com\/es\/producto\/pasamaneria\/#breadcrumb\"},\"inLanguage\":\"es\",\"potentialAction\":[{\"@type\":\"ReadAction\",\"target\":[\"https:\/\/www.azur-scenic.com\/es\/producto\/pasamaneria\/\"]}]},{\"@type\":\"ImageObject\",\"inLanguage\":\"es\",\"@id\":\"https:\/\/www.azur-scenic.com\/es\/producto\/pasamaneria\/#primaryimage\",\"url\":\"https:\/\/www.azur-scenic.com\/wp-content\/uploads\/9c185c7f2d2e6b62c1e65e26148c0d4c.jpg\",\"contentUrl\":\"https:\/\/www.azur-scenic.com\/wp-content\/uploads\/9c185c7f2d2e6b62c1e65e26148c0d4c.jpg\",\"width\":283,\"height\":283},{\"@type\":\"BreadcrumbList\",\"@id\":\"https:\/\/www.azur-scenic.com\/es\/producto\/pasamaneria\/#breadcrumb\",\"itemListElement\":[{\"@type\":\"ListItem\",\"position\":1,\"name\":\"Accueil\",\"item\":\"https:\/\/www.azur-scenic.com\/es\/\"},{\"@type\":\"ListItem\",\"position\":2,\"name\":\"Productos\",\"item\":\"https:\/\/www.azur-scenic.com\/es\/?page_id=21440\"},{\"@type\":\"ListItem\",\"position\":3,\"name\":\"Pasamaner\u00eda\"}]},{\"@type\":\"WebSite\",\"@id\":\"https:\/\/www.azur-scenic.com\/es\/#website\",\"url\":\"https:\/\/www.azur-scenic.com\/es\/\",\"name\":\"Azur Scenic\",\"description\":\"Sp\u00e9cialiste de l\u2019\u00e9quipement sc\u00e9nique et de la d\u00e9coration int\u00e9rieure et \u00e9v\u00e9nementielle !\",\"publisher\":{\"@id\":\"https:\/\/www.azur-scenic.com\/es\/#organization\"},\"potentialAction\":[{\"@type\":\"SearchAction\",\"target\":{\"@type\":\"EntryPoint\",\"urlTemplate\":\"https:\/\/www.azur-scenic.com\/es\/?s={search_term_string}\"},\"query-input\":{\"@type\":\"PropertyValueSpecification\",\"valueRequired\":true,\"valueName\":\"search_term_string\"}}],\"inLanguage\":\"es\"},{\"@type\":\"Organization\",\"@id\":\"https:\/\/www.azur-scenic.com\/es\/#organization\",\"name\":\"AZUR SCENIC\",\"url\":\"https:\/\/www.azur-scenic.com\/es\/\",\"logo\":{\"@type\":\"ImageObject\",\"inLanguage\":\"es\",\"@id\":\"https:\/\/www.azur-scenic.com\/es\/#\/schema\/logo\/image\/\",\"url\":\"https:\/\/www.azur-scenic.com\/wp-content\/uploads\/2022\/09\/LOGO-AZUR-SCENIC-Fusion-web-236x64-1.jpg\",\"contentUrl\":\"https:\/\/www.azur-scenic.com\/wp-content\/uploads\/2022\/09\/LOGO-AZUR-SCENIC-Fusion-web-236x64-1.jpg\",\"width\":236,\"height\":64,\"caption\":\"AZUR SCENIC\"},\"image\":{\"@id\":\"https:\/\/www.azur-scenic.com\/es\/#\/schema\/logo\/image\/\"},\"sameAs\":[\"https:\/\/www.youtube.com\/channel\/UCPWM2mGPVUt4nYhNlm71WOA\",\"https:\/\/www.linkedin.com\/company\/33237605\/admin\/feed\/posts\/\"]}]}<\/script>\n<!-- \/ Yoast SEO plugin. -->","yoast_head_json":{"title":"Pasamaner\u00eda - Azur Scenic","description":"Te ofrecemos una l\u00ednea completa de pasamaner\u00eda destinada al teatro, a la decoraci\u00f3n y al mundo del espect\u00e1culo: galones, flecos, alzapa\u00f1os, pompones, etc. Todo ello disponible en colores variados. \u00a1Las posibilidades en este campo son infinitas! Solicita m\u00e1s informaci\u00f3n a tu agente comercial sobre nuestra colecci\u00f3n de pasamaner\u00eda.","robots":{"index":"index","follow":"follow","max-snippet":"max-snippet:-1","max-image-preview":"max-image-preview:large","max-video-preview":"max-video-preview:-1"},"canonical":"https:\/\/www.azur-scenic.com\/es\/producto\/pasamaneria\/","og_locale":"es_ES","og_type":"article","og_title":"Pasamaner\u00eda - Azur Scenic","og_description":"Te ofrecemos una l\u00ednea completa de pasamaner\u00eda destinada al teatro, a la decoraci\u00f3n y al mundo del espect\u00e1culo: galones, flecos, alzapa\u00f1os, pompones, etc. Todo ello disponible en colores variados. \u00a1Las posibilidades en este campo son infinitas! Solicita m\u00e1s informaci\u00f3n a tu agente comercial sobre nuestra colecci\u00f3n de pasamaner\u00eda.","og_url":"https:\/\/www.azur-scenic.com\/es\/producto\/pasamaneria\/","og_site_name":"Azur Scenic","article_modified_time":"2023-08-02T13:18:14+00:00","og_image":[{"width":283,"height":283,"url":"https:\/\/www.azur-scenic.com\/wp-content\/uploads\/9c185c7f2d2e6b62c1e65e26148c0d4c.jpg","type":"image\/jpeg"}],"twitter_card":"summary_large_image","schema":{"@context":"https:\/\/schema.org","@graph":[{"@type":"WebPage","@id":"https:\/\/www.azur-scenic.com\/es\/producto\/pasamaneria\/","url":"https:\/\/www.azur-scenic.com\/es\/producto\/pasamaneria\/","name":"Pasamaner\u00eda - Azur Scenic","isPartOf":{"@id":"https:\/\/www.azur-scenic.com\/es\/#website"},"primaryImageOfPage":{"@id":"https:\/\/www.azur-scenic.com\/es\/producto\/pasamaneria\/#primaryimage"},"image":{"@id":"https:\/\/www.azur-scenic.com\/es\/producto\/pasamaneria\/#primaryimage"},"thumbnailUrl":"https:\/\/www.azur-scenic.com\/wp-content\/uploads\/9c185c7f2d2e6b62c1e65e26148c0d4c.jpg","datePublished":"2022-10-04T07:28:00+00:00","dateModified":"2023-08-02T13:18:14+00:00","description":"Te ofrecemos una l\u00ednea completa de pasamaner\u00eda destinada al teatro, a la decoraci\u00f3n y al mundo del espect\u00e1culo: galones, flecos, alzapa\u00f1os, pompones, etc. Todo ello disponible en colores variados. \u00a1Las posibilidades en este campo son infinitas! Solicita m\u00e1s informaci\u00f3n a tu agente comercial sobre nuestra colecci\u00f3n de pasamaner\u00eda.","breadcrumb":{"@id":"https:\/\/www.azur-scenic.com\/es\/producto\/pasamaneria\/#breadcrumb"},"inLanguage":"es","potentialAction":[{"@type":"ReadAction","target":["https:\/\/www.azur-scenic.com\/es\/producto\/pasamaneria\/"]}]},{"@type":"ImageObject","inLanguage":"es","@id":"https:\/\/www.azur-scenic.com\/es\/producto\/pasamaneria\/#primaryimage","url":"https:\/\/www.azur-scenic.com\/wp-content\/uploads\/9c185c7f2d2e6b62c1e65e26148c0d4c.jpg","contentUrl":"https:\/\/www.azur-scenic.com\/wp-content\/uploads\/9c185c7f2d2e6b62c1e65e26148c0d4c.jpg","width":283,"height":283},{"@type":"BreadcrumbList","@id":"https:\/\/www.azur-scenic.com\/es\/producto\/pasamaneria\/#breadcrumb","itemListElement":[{"@type":"ListItem","position":1,"name":"Accueil","item":"https:\/\/www.azur-scenic.com\/es\/"},{"@type":"ListItem","position":2,"name":"Productos","item":"https:\/\/www.azur-scenic.com\/es\/?page_id=21440"},{"@type":"ListItem","position":3,"name":"Pasamaner\u00eda"}]},{"@type":"WebSite","@id":"https:\/\/www.azur-scenic.com\/es\/#website","url":"https:\/\/www.azur-scenic.com\/es\/","name":"Azur Scenic","description":"Sp\u00e9cialiste de l\u2019\u00e9quipement sc\u00e9nique et de la d\u00e9coration int\u00e9rieure et \u00e9v\u00e9nementielle !","publisher":{"@id":"https:\/\/www.azur-scenic.com\/es\/#organization"},"potentialAction":[{"@type":"SearchAction","target":{"@type":"EntryPoint","urlTemplate":"https:\/\/www.azur-scenic.com\/es\/?s={search_term_string}"},"query-input":{"@type":"PropertyValueSpecification","valueRequired":true,"valueName":"search_term_string"}}],"inLanguage":"es"},{"@type":"Organization","@id":"https:\/\/www.azur-scenic.com\/es\/#organization","name":"AZUR SCENIC","url":"https:\/\/www.azur-scenic.com\/es\/","logo":{"@type":"ImageObject","inLanguage":"es","@id":"https:\/\/www.azur-scenic.com\/es\/#\/schema\/logo\/image\/","url":"https:\/\/www.azur-scenic.com\/wp-content\/uploads\/2022\/09\/LOGO-AZUR-SCENIC-Fusion-web-236x64-1.jpg","contentUrl":"https:\/\/www.azur-scenic.com\/wp-content\/uploads\/2022\/09\/LOGO-AZUR-SCENIC-Fusion-web-236x64-1.jpg","width":236,"height":64,"caption":"AZUR SCENIC"},"image":{"@id":"https:\/\/www.azur-scenic.com\/es\/#\/schema\/logo\/image\/"},"sameAs":["https:\/\/www.youtube.com\/channel\/UCPWM2mGPVUt4nYhNlm71WOA","https:\/\/www.linkedin.com\/company\/33237605\/admin\/feed\/posts\/"]}]}},"_links":{"self":[{"href":"https:\/\/www.azur-scenic.com\/es\/wp-json\/wp\/v2\/product\/17531","targetHints":{"allow":["GET"]}}],"collection":[{"href":"https:\/\/www.azur-scenic.com\/es\/wp-json\/wp\/v2\/product"}],"about":[{"href":"https:\/\/www.azur-scenic.com\/es\/wp-json\/wp\/v2\/types\/product"}],"wp:featuredmedia":[{"embeddable":true,"href":"https:\/\/www.azur-scenic.com\/es\/wp-json\/wp\/v2\/media\/7967"}],"wp:attachment":[{"href":"https:\/\/www.azur-scenic.com\/es\/wp-json\/wp\/v2\/media?parent=17531"}],"wp:term":[{"taxonomy":"product_brand","embeddable":true,"href":"https:\/\/www.azur-scenic.com\/es\/wp-json\/wp\/v2\/product_brand?post=17531"},{"taxonomy":"product_cat","embeddable":true,"href":"https:\/\/www.azur-scenic.com\/es\/wp-json\/wp\/v2\/product_cat?post=17531"},{"taxonomy":"product_tag","embeddable":true,"href":"https:\/\/www.azur-scenic.com\/es\/wp-json\/wp\/v2\/product_tag?post=17531"}],"curies":[{"name":"wp","href":"https:\/\/api.w.org\/{rel}","templated":true}]}}