{"id":17534,"date":"2022-10-04T07:28:00","date_gmt":"2022-10-04T07:28:00","guid":{"rendered":"https:\/\/www.azur-scenic.com\/produit\/cabiclics\/"},"modified":"2023-08-02T13:18:18","modified_gmt":"2023-08-02T13:18:18","slug":"cabiclics","status":"publish","type":"product","link":"https:\/\/www.azur-scenic.com\/es\/producto\/cabiclics\/","title":{"rendered":"Cabiclics"},"content":{"rendered":"<table>\n<thead>\n<tr>\n<th style=\"width: 200px;\">N\u00famero de referencia\u00a0<\/th>\n<th style=\"width: 200px;\">Tipo de gancho<\/th>\n<th style=\"width: 200px;\">Longitud de la hebilla<\/th>\n<th style=\"width: 145px;\">Color<\/th>\n<\/tr>\n<\/thead>\n<tbody>\n<tr>\n<td style=\"vertical-align: top; width: 200px;\">AIC14B<\/td>\n<td style=\"vertical-align: top; width: 200px;\">Pl\u00e1stico<\/td>\n<td style=\"vertical-align: top; width: 200px;\">14\u00a0cm<\/td>\n<td style=\"vertical-align: top; width: 145px;\">Blanco<\/td>\n<\/tr>\n<tr>\n<td style=\"vertical-align: top; width: 200px;\">AIC14N<\/td>\n<td style=\"vertical-align: top; width: 200px;\">Pl\u00e1stico<\/td>\n<td style=\"vertical-align: top; width: 200px;\">14\u00a0cm<\/td>\n<td style=\"vertical-align: top; width: 145px;\">Negro<\/td>\n<\/tr>\n<tr>\n<td style=\"vertical-align: top; width: 200px;\">AIC20B<\/td>\n<td style=\"vertical-align: top; width: 200px;\">Pl\u00e1stico<\/td>\n<td style=\"vertical-align: top; width: 200px;\">20\u00a0cm<\/td>\n<td style=\"vertical-align: top; width: 145px;\">Blanco<\/td>\n<\/tr>\n<tr>\n<td style=\"vertical-align: top; width: 200px;\">AIC20N<\/td>\n<td style=\"vertical-align: top; width: 200px;\">Pl\u00e1stico<\/td>\n<td style=\"vertical-align: top; width: 200px;\">20\u00a0cm<\/td>\n<td style=\"vertical-align: top; width: 145px;\">Negro<\/td>\n<\/tr>\n<tr>\n<td style=\"vertical-align: top; width: 200px;\">AIC25B<\/td>\n<td style=\"vertical-align: top; width: 200px;\">Pl\u00e1stico<\/td>\n<td style=\"vertical-align: top; width: 200px;\">25\u00a0cm<\/td>\n<td style=\"vertical-align: top; width: 145px;\">Blanco<\/td>\n<\/tr>\n<tr>\n<td style=\"vertical-align: top; width: 200px;\">AIC25N<\/td>\n<td style=\"vertical-align: top; width: 200px;\">Pl\u00e1stico<\/td>\n<td style=\"vertical-align: top; width: 200px;\">25\u00a0cm<\/td>\n<td style=\"vertical-align: top; width: 145px;\">Negro<\/td>\n<\/tr>\n<tr>\n<td style=\"vertical-align: top; width: 200px;\">AICH25B<\/td>\n<td style=\"vertical-align: top; width: 200px;\">Metal<\/td>\n<td style=\"vertical-align: top; width: 200px;\">25\u00a0cm<\/td>\n<td style=\"vertical-align: top; width: 145px;\">Blanco<\/td>\n<\/tr>\n<tr>\n<td style=\"vertical-align: top; width: 200px;\">AICH25N<\/td>\n<td style=\"vertical-align: top; width: 200px;\">Metal<\/td>\n<td style=\"vertical-align: top; width: 200px;\">25\u00a0cm<\/td>\n<td style=\"vertical-align: top; width: 145px;\">Negro<\/td>\n<\/tr>\n<\/tbody>\n<\/table>\n<p>Otros tama\u00f1os disponibles por encargo<\/p><\/p>\n","protected":false},"excerpt":{"rendered":"<p><strong>Lazo el\u00e1stico con un gancho, que permite tensar de forma f\u00e1cil y r\u00e1pida telas con ojales en marcos met\u00e1licos.<\/strong><\/p>\n<p><strong>Presentaci\u00f3n<\/strong>: bolsas de 50<br \/>\nPuede venderse por unidad.<\/p>\n<p><strong>Colores<\/strong>: Blanco o negro<\/p>\n<p><strong>Breve descripci\u00f3n<\/strong>:<\/p>\n<ul>\n<li>Lazo de cuerda el\u00e1stica con un gancho pl\u00e1stico o met\u00e1lico (seg\u00fan el modelo)<\/li>\n<li>Disponible en varios tama\u00f1os<\/li>\n<\/ul>\n","protected":false},"featured_media":7988,"template":"","meta":{"_acf_changed":false},"product_brand":[],"product_cat":[1218,1217,944],"product_tag":[],"class_list":{"0":"post-17534","1":"product","2":"type-product","3":"status-publish","4":"has-post-thumbnail","6":"product_cat-accesorios-y-consumibles","7":"product_cat-accesorios-de-enganche","8":"product_cat-todos-los-productos","10":"first","11":"instock","12":"shipping-taxable","13":"purchasable","14":"product-type-simple"},"acf":[],"yoast_head":"<!-- This site is optimized with the Yoast SEO plugin v27.3 - https:\/\/yoast.com\/product\/yoast-seo-wordpress\/ -->\n<title>Cabiclics - Azur Scenic<\/title>\n<meta name=\"description\" content=\"Lazo el\u00e1stico con un gancho, que permite tensar de forma f\u00e1cil y r\u00e1pida telas con ojales en marcos met\u00e1licos. Presentaci\u00f3n: bolsas de 50 Puede venderse por unidad. Colores: Blanco o negro Breve descripci\u00f3n:  Lazo de cuerda el\u00e1stica con un gancho pl\u00e1stico o met\u00e1lico (seg\u00fan el modelo) Disponible en varios tama\u00f1os\" \/>\n<meta name=\"robots\" content=\"index, follow, max-snippet:-1, max-image-preview:large, max-video-preview:-1\" \/>\n<link rel=\"canonical\" href=\"https:\/\/www.azur-scenic.com\/es\/producto\/cabiclics\/\" \/>\n<meta property=\"og:locale\" content=\"es_ES\" \/>\n<meta property=\"og:type\" content=\"article\" \/>\n<meta property=\"og:title\" content=\"Cabiclics - Azur Scenic\" \/>\n<meta property=\"og:description\" content=\"Lazo el\u00e1stico con un gancho, que permite tensar de forma f\u00e1cil y r\u00e1pida telas con ojales en marcos met\u00e1licos. Presentaci\u00f3n: bolsas de 50 Puede venderse por unidad. Colores: Blanco o negro Breve descripci\u00f3n:  Lazo de cuerda el\u00e1stica con un gancho pl\u00e1stico o met\u00e1lico (seg\u00fan el modelo) Disponible en varios tama\u00f1os\" \/>\n<meta property=\"og:url\" content=\"https:\/\/www.azur-scenic.com\/es\/producto\/cabiclics\/\" \/>\n<meta property=\"og:site_name\" content=\"Azur Scenic\" \/>\n<meta property=\"article:modified_time\" content=\"2023-08-02T13:18:18+00:00\" \/>\n<meta property=\"og:image\" content=\"https:\/\/www.azur-scenic.com\/wp-content\/uploads\/0748ae379fa6f94a1e0cee0a32558928-scaled.jpg\" \/>\n\t<meta property=\"og:image:width\" content=\"2560\" \/>\n\t<meta property=\"og:image:height\" content=\"2560\" \/>\n\t<meta property=\"og:image:type\" content=\"image\/jpeg\" \/>\n<meta name=\"twitter:card\" content=\"summary_large_image\" \/>\n<script type=\"application\/ld+json\" class=\"yoast-schema-graph\">{\"@context\":\"https:\\\/\\\/schema.org\",\"@graph\":[{\"@type\":\"WebPage\",\"@id\":\"https:\\\/\\\/www.azur-scenic.com\\\/es\\\/producto\\\/cabiclics\\\/\",\"url\":\"https:\\\/\\\/www.azur-scenic.com\\\/es\\\/producto\\\/cabiclics\\\/\",\"name\":\"Cabiclics - Azur Scenic\",\"isPartOf\":{\"@id\":\"https:\\\/\\\/www.azur-scenic.com\\\/es\\\/#website\"},\"primaryImageOfPage\":{\"@id\":\"https:\\\/\\\/www.azur-scenic.com\\\/es\\\/producto\\\/cabiclics\\\/#primaryimage\"},\"image\":{\"@id\":\"https:\\\/\\\/www.azur-scenic.com\\\/es\\\/producto\\\/cabiclics\\\/#primaryimage\"},\"thumbnailUrl\":\"https:\\\/\\\/www.azur-scenic.com\\\/wp-content\\\/uploads\\\/0748ae379fa6f94a1e0cee0a32558928-scaled.jpg\",\"datePublished\":\"2022-10-04T07:28:00+00:00\",\"dateModified\":\"2023-08-02T13:18:18+00:00\",\"description\":\"Lazo el\u00e1stico con un gancho, que permite tensar de forma f\u00e1cil y r\u00e1pida telas con ojales en marcos met\u00e1licos. Presentaci\u00f3n: bolsas de 50 Puede venderse por unidad. Colores: Blanco o negro Breve descripci\u00f3n: Lazo de cuerda el\u00e1stica con un gancho pl\u00e1stico o met\u00e1lico (seg\u00fan el modelo) Disponible en varios tama\u00f1os\",\"breadcrumb\":{\"@id\":\"https:\\\/\\\/www.azur-scenic.com\\\/es\\\/producto\\\/cabiclics\\\/#breadcrumb\"},\"inLanguage\":\"es\",\"potentialAction\":[{\"@type\":\"ReadAction\",\"target\":[\"https:\\\/\\\/www.azur-scenic.com\\\/es\\\/producto\\\/cabiclics\\\/\"]}]},{\"@type\":\"ImageObject\",\"inLanguage\":\"es\",\"@id\":\"https:\\\/\\\/www.azur-scenic.com\\\/es\\\/producto\\\/cabiclics\\\/#primaryimage\",\"url\":\"https:\\\/\\\/www.azur-scenic.com\\\/wp-content\\\/uploads\\\/0748ae379fa6f94a1e0cee0a32558928-scaled.jpg\",\"contentUrl\":\"https:\\\/\\\/www.azur-scenic.com\\\/wp-content\\\/uploads\\\/0748ae379fa6f94a1e0cee0a32558928-scaled.jpg\",\"width\":2560,\"height\":2560},{\"@type\":\"BreadcrumbList\",\"@id\":\"https:\\\/\\\/www.azur-scenic.com\\\/es\\\/producto\\\/cabiclics\\\/#breadcrumb\",\"itemListElement\":[{\"@type\":\"ListItem\",\"position\":1,\"name\":\"Accueil\",\"item\":\"https:\\\/\\\/www.azur-scenic.com\\\/es\\\/\"},{\"@type\":\"ListItem\",\"position\":2,\"name\":\"Productos\",\"item\":\"https:\\\/\\\/www.azur-scenic.com\\\/es\\\/?page_id=21440\"},{\"@type\":\"ListItem\",\"position\":3,\"name\":\"Cabiclics\"}]},{\"@type\":\"WebSite\",\"@id\":\"https:\\\/\\\/www.azur-scenic.com\\\/es\\\/#website\",\"url\":\"https:\\\/\\\/www.azur-scenic.com\\\/es\\\/\",\"name\":\"Azur Scenic\",\"description\":\"Sp\u00e9cialiste de l\u2019\u00e9quipement sc\u00e9nique et de la d\u00e9coration int\u00e9rieure et \u00e9v\u00e9nementielle !\",\"publisher\":{\"@id\":\"https:\\\/\\\/www.azur-scenic.com\\\/es\\\/#organization\"},\"potentialAction\":[{\"@type\":\"SearchAction\",\"target\":{\"@type\":\"EntryPoint\",\"urlTemplate\":\"https:\\\/\\\/www.azur-scenic.com\\\/es\\\/?s={search_term_string}\"},\"query-input\":{\"@type\":\"PropertyValueSpecification\",\"valueRequired\":true,\"valueName\":\"search_term_string\"}}],\"inLanguage\":\"es\"},{\"@type\":\"Organization\",\"@id\":\"https:\\\/\\\/www.azur-scenic.com\\\/es\\\/#organization\",\"name\":\"AZUR SCENIC\",\"url\":\"https:\\\/\\\/www.azur-scenic.com\\\/es\\\/\",\"logo\":{\"@type\":\"ImageObject\",\"inLanguage\":\"es\",\"@id\":\"https:\\\/\\\/www.azur-scenic.com\\\/es\\\/#\\\/schema\\\/logo\\\/image\\\/\",\"url\":\"https:\\\/\\\/www.azur-scenic.com\\\/wp-content\\\/uploads\\\/2022\\\/09\\\/LOGO-AZUR-SCENIC-Fusion-web-236x64-1.jpg\",\"contentUrl\":\"https:\\\/\\\/www.azur-scenic.com\\\/wp-content\\\/uploads\\\/2022\\\/09\\\/LOGO-AZUR-SCENIC-Fusion-web-236x64-1.jpg\",\"width\":236,\"height\":64,\"caption\":\"AZUR SCENIC\"},\"image\":{\"@id\":\"https:\\\/\\\/www.azur-scenic.com\\\/es\\\/#\\\/schema\\\/logo\\\/image\\\/\"},\"sameAs\":[\"https:\\\/\\\/www.youtube.com\\\/channel\\\/UCPWM2mGPVUt4nYhNlm71WOA\",\"https:\\\/\\\/www.linkedin.com\\\/company\\\/33237605\\\/admin\\\/feed\\\/posts\\\/\"]}]}<\/script>\n<!-- \/ Yoast SEO plugin. -->","yoast_head_json":{"title":"Cabiclics - Azur Scenic","description":"Lazo el\u00e1stico con un gancho, que permite tensar de forma f\u00e1cil y r\u00e1pida telas con ojales en marcos met\u00e1licos. Presentaci\u00f3n: bolsas de 50 Puede venderse por unidad. Colores: Blanco o negro Breve descripci\u00f3n:  Lazo de cuerda el\u00e1stica con un gancho pl\u00e1stico o met\u00e1lico (seg\u00fan el modelo) Disponible en varios tama\u00f1os","robots":{"index":"index","follow":"follow","max-snippet":"max-snippet:-1","max-image-preview":"max-image-preview:large","max-video-preview":"max-video-preview:-1"},"canonical":"https:\/\/www.azur-scenic.com\/es\/producto\/cabiclics\/","og_locale":"es_ES","og_type":"article","og_title":"Cabiclics - Azur Scenic","og_description":"Lazo el\u00e1stico con un gancho, que permite tensar de forma f\u00e1cil y r\u00e1pida telas con ojales en marcos met\u00e1licos. Presentaci\u00f3n: bolsas de 50 Puede venderse por unidad. Colores: Blanco o negro Breve descripci\u00f3n:  Lazo de cuerda el\u00e1stica con un gancho pl\u00e1stico o met\u00e1lico (seg\u00fan el modelo) Disponible en varios tama\u00f1os","og_url":"https:\/\/www.azur-scenic.com\/es\/producto\/cabiclics\/","og_site_name":"Azur Scenic","article_modified_time":"2023-08-02T13:18:18+00:00","og_image":[{"width":2560,"height":2560,"url":"https:\/\/www.azur-scenic.com\/wp-content\/uploads\/0748ae379fa6f94a1e0cee0a32558928-scaled.jpg","type":"image\/jpeg"}],"twitter_card":"summary_large_image","schema":{"@context":"https:\/\/schema.org","@graph":[{"@type":"WebPage","@id":"https:\/\/www.azur-scenic.com\/es\/producto\/cabiclics\/","url":"https:\/\/www.azur-scenic.com\/es\/producto\/cabiclics\/","name":"Cabiclics - Azur Scenic","isPartOf":{"@id":"https:\/\/www.azur-scenic.com\/es\/#website"},"primaryImageOfPage":{"@id":"https:\/\/www.azur-scenic.com\/es\/producto\/cabiclics\/#primaryimage"},"image":{"@id":"https:\/\/www.azur-scenic.com\/es\/producto\/cabiclics\/#primaryimage"},"thumbnailUrl":"https:\/\/www.azur-scenic.com\/wp-content\/uploads\/0748ae379fa6f94a1e0cee0a32558928-scaled.jpg","datePublished":"2022-10-04T07:28:00+00:00","dateModified":"2023-08-02T13:18:18+00:00","description":"Lazo el\u00e1stico con un gancho, que permite tensar de forma f\u00e1cil y r\u00e1pida telas con ojales en marcos met\u00e1licos. Presentaci\u00f3n: bolsas de 50 Puede venderse por unidad. Colores: Blanco o negro Breve descripci\u00f3n: Lazo de cuerda el\u00e1stica con un gancho pl\u00e1stico o met\u00e1lico (seg\u00fan el modelo) Disponible en varios tama\u00f1os","breadcrumb":{"@id":"https:\/\/www.azur-scenic.com\/es\/producto\/cabiclics\/#breadcrumb"},"inLanguage":"es","potentialAction":[{"@type":"ReadAction","target":["https:\/\/www.azur-scenic.com\/es\/producto\/cabiclics\/"]}]},{"@type":"ImageObject","inLanguage":"es","@id":"https:\/\/www.azur-scenic.com\/es\/producto\/cabiclics\/#primaryimage","url":"https:\/\/www.azur-scenic.com\/wp-content\/uploads\/0748ae379fa6f94a1e0cee0a32558928-scaled.jpg","contentUrl":"https:\/\/www.azur-scenic.com\/wp-content\/uploads\/0748ae379fa6f94a1e0cee0a32558928-scaled.jpg","width":2560,"height":2560},{"@type":"BreadcrumbList","@id":"https:\/\/www.azur-scenic.com\/es\/producto\/cabiclics\/#breadcrumb","itemListElement":[{"@type":"ListItem","position":1,"name":"Accueil","item":"https:\/\/www.azur-scenic.com\/es\/"},{"@type":"ListItem","position":2,"name":"Productos","item":"https:\/\/www.azur-scenic.com\/es\/?page_id=21440"},{"@type":"ListItem","position":3,"name":"Cabiclics"}]},{"@type":"WebSite","@id":"https:\/\/www.azur-scenic.com\/es\/#website","url":"https:\/\/www.azur-scenic.com\/es\/","name":"Azur Scenic","description":"Sp\u00e9cialiste de l\u2019\u00e9quipement sc\u00e9nique et de la d\u00e9coration int\u00e9rieure et \u00e9v\u00e9nementielle !","publisher":{"@id":"https:\/\/www.azur-scenic.com\/es\/#organization"},"potentialAction":[{"@type":"SearchAction","target":{"@type":"EntryPoint","urlTemplate":"https:\/\/www.azur-scenic.com\/es\/?s={search_term_string}"},"query-input":{"@type":"PropertyValueSpecification","valueRequired":true,"valueName":"search_term_string"}}],"inLanguage":"es"},{"@type":"Organization","@id":"https:\/\/www.azur-scenic.com\/es\/#organization","name":"AZUR SCENIC","url":"https:\/\/www.azur-scenic.com\/es\/","logo":{"@type":"ImageObject","inLanguage":"es","@id":"https:\/\/www.azur-scenic.com\/es\/#\/schema\/logo\/image\/","url":"https:\/\/www.azur-scenic.com\/wp-content\/uploads\/2022\/09\/LOGO-AZUR-SCENIC-Fusion-web-236x64-1.jpg","contentUrl":"https:\/\/www.azur-scenic.com\/wp-content\/uploads\/2022\/09\/LOGO-AZUR-SCENIC-Fusion-web-236x64-1.jpg","width":236,"height":64,"caption":"AZUR SCENIC"},"image":{"@id":"https:\/\/www.azur-scenic.com\/es\/#\/schema\/logo\/image\/"},"sameAs":["https:\/\/www.youtube.com\/channel\/UCPWM2mGPVUt4nYhNlm71WOA","https:\/\/www.linkedin.com\/company\/33237605\/admin\/feed\/posts\/"]}]}},"_links":{"self":[{"href":"https:\/\/www.azur-scenic.com\/es\/wp-json\/wp\/v2\/product\/17534","targetHints":{"allow":["GET"]}}],"collection":[{"href":"https:\/\/www.azur-scenic.com\/es\/wp-json\/wp\/v2\/product"}],"about":[{"href":"https:\/\/www.azur-scenic.com\/es\/wp-json\/wp\/v2\/types\/product"}],"wp:featuredmedia":[{"embeddable":true,"href":"https:\/\/www.azur-scenic.com\/es\/wp-json\/wp\/v2\/media\/7988"}],"wp:attachment":[{"href":"https:\/\/www.azur-scenic.com\/es\/wp-json\/wp\/v2\/media?parent=17534"}],"wp:term":[{"taxonomy":"product_brand","embeddable":true,"href":"https:\/\/www.azur-scenic.com\/es\/wp-json\/wp\/v2\/product_brand?post=17534"},{"taxonomy":"product_cat","embeddable":true,"href":"https:\/\/www.azur-scenic.com\/es\/wp-json\/wp\/v2\/product_cat?post=17534"},{"taxonomy":"product_tag","embeddable":true,"href":"https:\/\/www.azur-scenic.com\/es\/wp-json\/wp\/v2\/product_tag?post=17534"}],"curies":[{"name":"wp","href":"https:\/\/api.w.org\/{rel}","templated":true}]}}