{"id":17538,"date":"2022-10-04T07:28:00","date_gmt":"2022-10-04T07:28:00","guid":{"rendered":"https:\/\/www.azur-scenic.com\/produit\/sandows\/"},"modified":"2023-08-02T13:18:26","modified_gmt":"2023-08-02T13:18:26","slug":"sandows","status":"publish","type":"product","link":"https:\/\/www.azur-scenic.com\/es\/producto\/sandows\/","title":{"rendered":"Sandows"},"content":{"rendered":"<table>\n<thead>\n<tr>\n<th style=\"width: 200px;\">N\u00famero de referencia<\/th>\n<th style=\"width: 200px;\">\u00d8<\/th>\n<th style=\"width: 145px;\">Color<\/th>\n<\/tr>\n<\/thead>\n<tbody>\n<tr>\n<td style=\"vertical-align: top; width: 200px;\">AIS04B<\/td>\n<td style=\"vertical-align: top; width: 200px;\">4\u00a0mm<\/td>\n<td style=\"vertical-align: top; width: 145px;\">Blanco<\/td>\n<\/tr>\n<tr>\n<td style=\"vertical-align: top; width: 200px;\">AIS04N<\/td>\n<td style=\"vertical-align: top; width: 200px;\">4\u00a0mm<\/td>\n<td style=\"vertical-align: top; width: 145px;\">Negro<\/td>\n<\/tr>\n<tr>\n<td style=\"vertical-align: top; width: 200px;\">AIS06B<\/td>\n<td style=\"vertical-align: top; width: 200px;\">6\u00a0mm<\/td>\n<td style=\"vertical-align: top; width: 145px;\">Blanco<\/td>\n<\/tr>\n<tr>\n<td style=\"vertical-align: top; width: 200px;\">AIS06N<\/td>\n<td style=\"vertical-align: top; width: 200px;\">6\u00a0mm<\/td>\n<td style=\"vertical-align: top; width: 145px;\">Negro<\/td>\n<\/tr>\n<tr>\n<td style=\"vertical-align: top; width: 200px;\">AIS08B<\/td>\n<td style=\"vertical-align: top; width: 200px;\">8\u00a0mm<\/td>\n<td style=\"vertical-align: top; width: 145px;\">Blanco<\/td>\n<\/tr>\n<tr>\n<td style=\"vertical-align: top; width: 200px;\">AIS08N<\/td>\n<td style=\"vertical-align: top; width: 200px;\">8\u00a0mm<\/td>\n<td style=\"vertical-align: top; width: 145px;\">Negro<\/td>\n<\/tr>\n<tr>\n<td style=\"vertical-align: top; width: 200px;\">AIS10B<\/td>\n<td style=\"vertical-align: top; width: 200px;\">10\u00a0mm<\/td>\n<td style=\"vertical-align: top; width: 145px;\">Blanco<\/td>\n<\/tr>\n<tr>\n<td style=\"vertical-align: top; width: 200px;\">AIS10N<\/td>\n<td style=\"vertical-align: top; width: 200px;\">10\u00a0mm<\/td>\n<td style=\"vertical-align: top; width: 145px;\">Negro<\/td>\n<\/tr>\n<\/tbody>\n<\/table>\n","protected":false},"excerpt":{"rendered":"<p><strong>El cable el\u00e1stico de referencia, especialmente solicitado para el montaje de pantallas con ojales mediante lazada alrededor de un cable met\u00e1lico.<\/strong><\/p>\n<p><strong>Presentaci\u00f3n<\/strong>: bobina de 100 m<\/p>\n<p><strong>Colores<\/strong>: Negro o blanco<\/p>\n<p><strong>Di\u00e1metros<\/strong>: 4 a 10\u00a0mm<\/p>\n<p><strong>Breve descripci\u00f3n<\/strong>:<\/p>\n<ul>\n<li>Imputrescible, hidr\u00f3fobo<\/li>\n<li>Excelente resistencia a la abrasi\u00f3n y a los rayos UV<\/li>\n<\/ul>\n","protected":false},"featured_media":7994,"template":"","meta":{"_acf_changed":false},"product_brand":[],"product_cat":[1218,1217,944],"product_tag":[],"class_list":{"0":"post-17538","1":"product","2":"type-product","3":"status-publish","4":"has-post-thumbnail","6":"product_cat-accesorios-y-consumibles","7":"product_cat-accesorios-de-enganche","8":"product_cat-todos-los-productos","10":"first","11":"instock","12":"shipping-taxable","13":"purchasable","14":"product-type-simple"},"acf":[],"yoast_head":"<!-- This site is optimized with the Yoast SEO plugin v27.3 - https:\/\/yoast.com\/product\/yoast-seo-wordpress\/ -->\n<title>Sandows - Azur Scenic<\/title>\n<meta name=\"description\" content=\"El cable el\u00e1stico de referencia, especialmente solicitado para el montaje de pantallas con ojales mediante lazada alrededor de un cable met\u00e1lico. Presentaci\u00f3n: bobina de 100 m Colores: Negro o blanco Di\u00e1metros: 4 a 10\u00a0mm Breve descripci\u00f3n:  Imputrescible, hidr\u00f3fobo Excelente resistencia a la abrasi\u00f3n y a los rayos UV\" \/>\n<meta name=\"robots\" content=\"index, follow, max-snippet:-1, max-image-preview:large, max-video-preview:-1\" \/>\n<link rel=\"canonical\" href=\"https:\/\/www.azur-scenic.com\/es\/producto\/sandows\/\" \/>\n<meta property=\"og:locale\" content=\"es_ES\" \/>\n<meta property=\"og:type\" content=\"article\" \/>\n<meta property=\"og:title\" content=\"Sandows - Azur Scenic\" \/>\n<meta property=\"og:description\" content=\"El cable el\u00e1stico de referencia, especialmente solicitado para el montaje de pantallas con ojales mediante lazada alrededor de un cable met\u00e1lico. Presentaci\u00f3n: bobina de 100 m Colores: Negro o blanco Di\u00e1metros: 4 a 10\u00a0mm Breve descripci\u00f3n:  Imputrescible, hidr\u00f3fobo Excelente resistencia a la abrasi\u00f3n y a los rayos UV\" \/>\n<meta property=\"og:url\" content=\"https:\/\/www.azur-scenic.com\/es\/producto\/sandows\/\" \/>\n<meta property=\"og:site_name\" content=\"Azur Scenic\" \/>\n<meta property=\"article:modified_time\" content=\"2023-08-02T13:18:26+00:00\" \/>\n<meta property=\"og:image\" content=\"https:\/\/www.azur-scenic.com\/wp-content\/uploads\/37b2b1381da9018b348b039ab6898364.jpg\" \/>\n\t<meta property=\"og:image:width\" content=\"1134\" \/>\n\t<meta property=\"og:image:height\" content=\"1134\" \/>\n\t<meta property=\"og:image:type\" content=\"image\/jpeg\" \/>\n<meta name=\"twitter:card\" content=\"summary_large_image\" \/>\n<script type=\"application\/ld+json\" class=\"yoast-schema-graph\">{\"@context\":\"https:\\\/\\\/schema.org\",\"@graph\":[{\"@type\":\"WebPage\",\"@id\":\"https:\\\/\\\/www.azur-scenic.com\\\/es\\\/producto\\\/sandows\\\/\",\"url\":\"https:\\\/\\\/www.azur-scenic.com\\\/es\\\/producto\\\/sandows\\\/\",\"name\":\"Sandows - Azur Scenic\",\"isPartOf\":{\"@id\":\"https:\\\/\\\/www.azur-scenic.com\\\/es\\\/#website\"},\"primaryImageOfPage\":{\"@id\":\"https:\\\/\\\/www.azur-scenic.com\\\/es\\\/producto\\\/sandows\\\/#primaryimage\"},\"image\":{\"@id\":\"https:\\\/\\\/www.azur-scenic.com\\\/es\\\/producto\\\/sandows\\\/#primaryimage\"},\"thumbnailUrl\":\"https:\\\/\\\/www.azur-scenic.com\\\/wp-content\\\/uploads\\\/37b2b1381da9018b348b039ab6898364.jpg\",\"datePublished\":\"2022-10-04T07:28:00+00:00\",\"dateModified\":\"2023-08-02T13:18:26+00:00\",\"description\":\"El cable el\u00e1stico de referencia, especialmente solicitado para el montaje de pantallas con ojales mediante lazada alrededor de un cable met\u00e1lico. Presentaci\u00f3n: bobina de 100 m Colores: Negro o blanco Di\u00e1metros: 4 a 10\u00a0mm Breve descripci\u00f3n: Imputrescible, hidr\u00f3fobo Excelente resistencia a la abrasi\u00f3n y a los rayos UV\",\"breadcrumb\":{\"@id\":\"https:\\\/\\\/www.azur-scenic.com\\\/es\\\/producto\\\/sandows\\\/#breadcrumb\"},\"inLanguage\":\"es\",\"potentialAction\":[{\"@type\":\"ReadAction\",\"target\":[\"https:\\\/\\\/www.azur-scenic.com\\\/es\\\/producto\\\/sandows\\\/\"]}]},{\"@type\":\"ImageObject\",\"inLanguage\":\"es\",\"@id\":\"https:\\\/\\\/www.azur-scenic.com\\\/es\\\/producto\\\/sandows\\\/#primaryimage\",\"url\":\"https:\\\/\\\/www.azur-scenic.com\\\/wp-content\\\/uploads\\\/37b2b1381da9018b348b039ab6898364.jpg\",\"contentUrl\":\"https:\\\/\\\/www.azur-scenic.com\\\/wp-content\\\/uploads\\\/37b2b1381da9018b348b039ab6898364.jpg\",\"width\":1134,\"height\":1134},{\"@type\":\"BreadcrumbList\",\"@id\":\"https:\\\/\\\/www.azur-scenic.com\\\/es\\\/producto\\\/sandows\\\/#breadcrumb\",\"itemListElement\":[{\"@type\":\"ListItem\",\"position\":1,\"name\":\"Accueil\",\"item\":\"https:\\\/\\\/www.azur-scenic.com\\\/es\\\/\"},{\"@type\":\"ListItem\",\"position\":2,\"name\":\"Productos\",\"item\":\"https:\\\/\\\/www.azur-scenic.com\\\/es\\\/?page_id=21440\"},{\"@type\":\"ListItem\",\"position\":3,\"name\":\"Sandows\"}]},{\"@type\":\"WebSite\",\"@id\":\"https:\\\/\\\/www.azur-scenic.com\\\/es\\\/#website\",\"url\":\"https:\\\/\\\/www.azur-scenic.com\\\/es\\\/\",\"name\":\"Azur Scenic\",\"description\":\"Sp\u00e9cialiste de l\u2019\u00e9quipement sc\u00e9nique et de la d\u00e9coration int\u00e9rieure et \u00e9v\u00e9nementielle !\",\"publisher\":{\"@id\":\"https:\\\/\\\/www.azur-scenic.com\\\/es\\\/#organization\"},\"potentialAction\":[{\"@type\":\"SearchAction\",\"target\":{\"@type\":\"EntryPoint\",\"urlTemplate\":\"https:\\\/\\\/www.azur-scenic.com\\\/es\\\/?s={search_term_string}\"},\"query-input\":{\"@type\":\"PropertyValueSpecification\",\"valueRequired\":true,\"valueName\":\"search_term_string\"}}],\"inLanguage\":\"es\"},{\"@type\":\"Organization\",\"@id\":\"https:\\\/\\\/www.azur-scenic.com\\\/es\\\/#organization\",\"name\":\"AZUR SCENIC\",\"url\":\"https:\\\/\\\/www.azur-scenic.com\\\/es\\\/\",\"logo\":{\"@type\":\"ImageObject\",\"inLanguage\":\"es\",\"@id\":\"https:\\\/\\\/www.azur-scenic.com\\\/es\\\/#\\\/schema\\\/logo\\\/image\\\/\",\"url\":\"https:\\\/\\\/www.azur-scenic.com\\\/wp-content\\\/uploads\\\/2022\\\/09\\\/LOGO-AZUR-SCENIC-Fusion-web-236x64-1.jpg\",\"contentUrl\":\"https:\\\/\\\/www.azur-scenic.com\\\/wp-content\\\/uploads\\\/2022\\\/09\\\/LOGO-AZUR-SCENIC-Fusion-web-236x64-1.jpg\",\"width\":236,\"height\":64,\"caption\":\"AZUR SCENIC\"},\"image\":{\"@id\":\"https:\\\/\\\/www.azur-scenic.com\\\/es\\\/#\\\/schema\\\/logo\\\/image\\\/\"},\"sameAs\":[\"https:\\\/\\\/www.youtube.com\\\/channel\\\/UCPWM2mGPVUt4nYhNlm71WOA\",\"https:\\\/\\\/www.linkedin.com\\\/company\\\/33237605\\\/admin\\\/feed\\\/posts\\\/\"]}]}<\/script>\n<!-- \/ Yoast SEO plugin. -->","yoast_head_json":{"title":"Sandows - Azur Scenic","description":"El cable el\u00e1stico de referencia, especialmente solicitado para el montaje de pantallas con ojales mediante lazada alrededor de un cable met\u00e1lico. Presentaci\u00f3n: bobina de 100 m Colores: Negro o blanco Di\u00e1metros: 4 a 10\u00a0mm Breve descripci\u00f3n:  Imputrescible, hidr\u00f3fobo Excelente resistencia a la abrasi\u00f3n y a los rayos UV","robots":{"index":"index","follow":"follow","max-snippet":"max-snippet:-1","max-image-preview":"max-image-preview:large","max-video-preview":"max-video-preview:-1"},"canonical":"https:\/\/www.azur-scenic.com\/es\/producto\/sandows\/","og_locale":"es_ES","og_type":"article","og_title":"Sandows - Azur Scenic","og_description":"El cable el\u00e1stico de referencia, especialmente solicitado para el montaje de pantallas con ojales mediante lazada alrededor de un cable met\u00e1lico. Presentaci\u00f3n: bobina de 100 m Colores: Negro o blanco Di\u00e1metros: 4 a 10\u00a0mm Breve descripci\u00f3n:  Imputrescible, hidr\u00f3fobo Excelente resistencia a la abrasi\u00f3n y a los rayos UV","og_url":"https:\/\/www.azur-scenic.com\/es\/producto\/sandows\/","og_site_name":"Azur Scenic","article_modified_time":"2023-08-02T13:18:26+00:00","og_image":[{"width":1134,"height":1134,"url":"https:\/\/www.azur-scenic.com\/wp-content\/uploads\/37b2b1381da9018b348b039ab6898364.jpg","type":"image\/jpeg"}],"twitter_card":"summary_large_image","schema":{"@context":"https:\/\/schema.org","@graph":[{"@type":"WebPage","@id":"https:\/\/www.azur-scenic.com\/es\/producto\/sandows\/","url":"https:\/\/www.azur-scenic.com\/es\/producto\/sandows\/","name":"Sandows - Azur Scenic","isPartOf":{"@id":"https:\/\/www.azur-scenic.com\/es\/#website"},"primaryImageOfPage":{"@id":"https:\/\/www.azur-scenic.com\/es\/producto\/sandows\/#primaryimage"},"image":{"@id":"https:\/\/www.azur-scenic.com\/es\/producto\/sandows\/#primaryimage"},"thumbnailUrl":"https:\/\/www.azur-scenic.com\/wp-content\/uploads\/37b2b1381da9018b348b039ab6898364.jpg","datePublished":"2022-10-04T07:28:00+00:00","dateModified":"2023-08-02T13:18:26+00:00","description":"El cable el\u00e1stico de referencia, especialmente solicitado para el montaje de pantallas con ojales mediante lazada alrededor de un cable met\u00e1lico. Presentaci\u00f3n: bobina de 100 m Colores: Negro o blanco Di\u00e1metros: 4 a 10\u00a0mm Breve descripci\u00f3n: Imputrescible, hidr\u00f3fobo Excelente resistencia a la abrasi\u00f3n y a los rayos UV","breadcrumb":{"@id":"https:\/\/www.azur-scenic.com\/es\/producto\/sandows\/#breadcrumb"},"inLanguage":"es","potentialAction":[{"@type":"ReadAction","target":["https:\/\/www.azur-scenic.com\/es\/producto\/sandows\/"]}]},{"@type":"ImageObject","inLanguage":"es","@id":"https:\/\/www.azur-scenic.com\/es\/producto\/sandows\/#primaryimage","url":"https:\/\/www.azur-scenic.com\/wp-content\/uploads\/37b2b1381da9018b348b039ab6898364.jpg","contentUrl":"https:\/\/www.azur-scenic.com\/wp-content\/uploads\/37b2b1381da9018b348b039ab6898364.jpg","width":1134,"height":1134},{"@type":"BreadcrumbList","@id":"https:\/\/www.azur-scenic.com\/es\/producto\/sandows\/#breadcrumb","itemListElement":[{"@type":"ListItem","position":1,"name":"Accueil","item":"https:\/\/www.azur-scenic.com\/es\/"},{"@type":"ListItem","position":2,"name":"Productos","item":"https:\/\/www.azur-scenic.com\/es\/?page_id=21440"},{"@type":"ListItem","position":3,"name":"Sandows"}]},{"@type":"WebSite","@id":"https:\/\/www.azur-scenic.com\/es\/#website","url":"https:\/\/www.azur-scenic.com\/es\/","name":"Azur Scenic","description":"Sp\u00e9cialiste de l\u2019\u00e9quipement sc\u00e9nique et de la d\u00e9coration int\u00e9rieure et \u00e9v\u00e9nementielle !","publisher":{"@id":"https:\/\/www.azur-scenic.com\/es\/#organization"},"potentialAction":[{"@type":"SearchAction","target":{"@type":"EntryPoint","urlTemplate":"https:\/\/www.azur-scenic.com\/es\/?s={search_term_string}"},"query-input":{"@type":"PropertyValueSpecification","valueRequired":true,"valueName":"search_term_string"}}],"inLanguage":"es"},{"@type":"Organization","@id":"https:\/\/www.azur-scenic.com\/es\/#organization","name":"AZUR SCENIC","url":"https:\/\/www.azur-scenic.com\/es\/","logo":{"@type":"ImageObject","inLanguage":"es","@id":"https:\/\/www.azur-scenic.com\/es\/#\/schema\/logo\/image\/","url":"https:\/\/www.azur-scenic.com\/wp-content\/uploads\/2022\/09\/LOGO-AZUR-SCENIC-Fusion-web-236x64-1.jpg","contentUrl":"https:\/\/www.azur-scenic.com\/wp-content\/uploads\/2022\/09\/LOGO-AZUR-SCENIC-Fusion-web-236x64-1.jpg","width":236,"height":64,"caption":"AZUR SCENIC"},"image":{"@id":"https:\/\/www.azur-scenic.com\/es\/#\/schema\/logo\/image\/"},"sameAs":["https:\/\/www.youtube.com\/channel\/UCPWM2mGPVUt4nYhNlm71WOA","https:\/\/www.linkedin.com\/company\/33237605\/admin\/feed\/posts\/"]}]}},"_links":{"self":[{"href":"https:\/\/www.azur-scenic.com\/es\/wp-json\/wp\/v2\/product\/17538","targetHints":{"allow":["GET"]}}],"collection":[{"href":"https:\/\/www.azur-scenic.com\/es\/wp-json\/wp\/v2\/product"}],"about":[{"href":"https:\/\/www.azur-scenic.com\/es\/wp-json\/wp\/v2\/types\/product"}],"wp:featuredmedia":[{"embeddable":true,"href":"https:\/\/www.azur-scenic.com\/es\/wp-json\/wp\/v2\/media\/7994"}],"wp:attachment":[{"href":"https:\/\/www.azur-scenic.com\/es\/wp-json\/wp\/v2\/media?parent=17538"}],"wp:term":[{"taxonomy":"product_brand","embeddable":true,"href":"https:\/\/www.azur-scenic.com\/es\/wp-json\/wp\/v2\/product_brand?post=17538"},{"taxonomy":"product_cat","embeddable":true,"href":"https:\/\/www.azur-scenic.com\/es\/wp-json\/wp\/v2\/product_cat?post=17538"},{"taxonomy":"product_tag","embeddable":true,"href":"https:\/\/www.azur-scenic.com\/es\/wp-json\/wp\/v2\/product_tag?post=17538"}],"curies":[{"name":"wp","href":"https:\/\/api.w.org\/{rel}","templated":true}]}}