{"id":17542,"date":"2022-10-04T07:27:59","date_gmt":"2022-10-04T07:27:59","guid":{"rendered":"https:\/\/www.azur-scenic.com\/produit\/sangle-ignifugee\/"},"modified":"2023-08-02T13:18:15","modified_gmt":"2023-08-02T13:18:15","slug":"correa-ignifuga","status":"publish","type":"product","link":"https:\/\/www.azur-scenic.com\/es\/producto\/correa-ignifuga\/","title":{"rendered":"Correa ign\u00edfuga"},"content":{"rendered":"<table>\n<thead>\n<tr>\n<th style=\"width: 200px;\">N\u00famero de referencia\u00a0<\/th>\n<th style=\"width: 200px;\">Ancho<\/th>\n<th style=\"width: 145px;\">Color<\/th>\n<\/tr>\n<\/thead>\n<tbody>\n<tr>\n<td style=\"vertical-align: top; width: 200px;\">ACSI40E<\/td>\n<td style=\"vertical-align: top; width: 200px;\">40\u00a0mm<\/td>\n<td style=\"vertical-align: top; width: 145px;\">Crudo<\/td>\n<\/tr>\n<tr>\n<td style=\"vertical-align: top; width: 200px;\">ACSI40B<\/td>\n<td style=\"vertical-align: top; width: 200px;\">40\u00a0mm<\/td>\n<td style=\"vertical-align: top; width: 145px;\">Blanco<\/td>\n<\/tr>\n<tr>\n<td style=\"vertical-align: top; width: 200px;\">ACSI40N<\/td>\n<td style=\"vertical-align: top; width: 200px;\">40\u00a0mm<\/td>\n<td style=\"vertical-align: top; width: 145px;\">Negro<\/td>\n<\/tr>\n<tr>\n<td style=\"vertical-align: top; width: 200px;\">ACSI80E<\/td>\n<td style=\"vertical-align: top; width: 200px;\">80\u00a0mm<\/td>\n<td style=\"vertical-align: top; width: 145px;\">Crudo<\/td>\n<\/tr>\n<tr>\n<td style=\"vertical-align: top; width: 200px;\">ACSI80B<\/td>\n<td style=\"vertical-align: top; width: 200px;\">80\u00a0mm<\/td>\n<td style=\"vertical-align: top; width: 145px;\">Blanco<\/td>\n<\/tr>\n<tr>\n<td style=\"vertical-align: top; width: 200px;\">ACSI80N<\/td>\n<td style=\"vertical-align: top; width: 200px;\">80\u00a0mm<\/td>\n<td style=\"vertical-align: top; width: 145px;\">Negro<\/td>\n<\/tr>\n<\/tbody>\n<\/table>\n","protected":false},"excerpt":{"rendered":"<p><strong>Correa de refuerzo de algod\u00f3n ign\u00edfugo, ideal para la confecci\u00f3n de cabezales de cortinas para escenarios.<\/strong><\/p>\n<p><strong>Presentaci\u00f3n<\/strong>: rollo de 100 m<\/p>\n<p><strong>Colores<\/strong>: Crudo, blanco, negro<\/p>\n<p><strong>Ancho<\/strong>: 40 o 80\u00a0mm<\/p>\n<p><strong>Breve descripci\u00f3n<\/strong>:<\/p>\n<ul>\n<li>Correa plana ultrarresistente<\/li>\n<li>Ign\u00edfuga<\/li>\n<\/ul>\n","protected":false},"featured_media":7940,"template":"","meta":{"_acf_changed":false},"product_brand":[],"product_cat":[1218,1280,944],"product_tag":[],"class_list":{"0":"post-17542","1":"product","2":"type-product","3":"status-publish","4":"has-post-thumbnail","6":"product_cat-accesorios-y-consumibles","7":"product_cat-accesorios-para-confeccion","8":"product_cat-todos-los-productos","10":"first","11":"instock","12":"shipping-taxable","13":"purchasable","14":"product-type-simple"},"acf":[],"yoast_head":"<!-- This site is optimized with the Yoast SEO plugin v27.3 - https:\/\/yoast.com\/product\/yoast-seo-wordpress\/ -->\n<title>Correa ign\u00edfuga - Azur Scenic<\/title>\n<meta name=\"description\" content=\"Correa de refuerzo de algod\u00f3n ign\u00edfugo, ideal para la confecci\u00f3n de cabezales de cortinas para escenarios. Presentaci\u00f3n: rollo de 100 m Colores: Crudo, blanco, negro Ancho: 40 o 80\u00a0mm Breve descripci\u00f3n:  Correa plana ultrarresistente Ign\u00edfuga\" \/>\n<meta name=\"robots\" content=\"index, follow, max-snippet:-1, max-image-preview:large, max-video-preview:-1\" \/>\n<link rel=\"canonical\" href=\"https:\/\/www.azur-scenic.com\/es\/producto\/correa-ignifuga\/\" \/>\n<meta property=\"og:locale\" content=\"es_ES\" \/>\n<meta property=\"og:type\" content=\"article\" \/>\n<meta property=\"og:title\" content=\"Correa ign\u00edfuga - Azur Scenic\" \/>\n<meta property=\"og:description\" content=\"Correa de refuerzo de algod\u00f3n ign\u00edfugo, ideal para la confecci\u00f3n de cabezales de cortinas para escenarios. Presentaci\u00f3n: rollo de 100 m Colores: Crudo, blanco, negro Ancho: 40 o 80\u00a0mm Breve descripci\u00f3n:  Correa plana ultrarresistente Ign\u00edfuga\" \/>\n<meta property=\"og:url\" content=\"https:\/\/www.azur-scenic.com\/es\/producto\/correa-ignifuga\/\" \/>\n<meta property=\"og:site_name\" content=\"Azur Scenic\" \/>\n<meta property=\"article:modified_time\" content=\"2023-08-02T13:18:15+00:00\" \/>\n<meta property=\"og:image\" content=\"https:\/\/www.azur-scenic.com\/wp-content\/uploads\/b56ef2eb0fa4ea3e995f602e9b97ac42.jpg\" \/>\n\t<meta property=\"og:image:width\" content=\"2126\" \/>\n\t<meta property=\"og:image:height\" content=\"2126\" \/>\n\t<meta property=\"og:image:type\" content=\"image\/jpeg\" \/>\n<meta name=\"twitter:card\" content=\"summary_large_image\" \/>\n<script type=\"application\/ld+json\" class=\"yoast-schema-graph\">{\"@context\":\"https:\\\/\\\/schema.org\",\"@graph\":[{\"@type\":\"WebPage\",\"@id\":\"https:\\\/\\\/www.azur-scenic.com\\\/es\\\/producto\\\/correa-ignifuga\\\/\",\"url\":\"https:\\\/\\\/www.azur-scenic.com\\\/es\\\/producto\\\/correa-ignifuga\\\/\",\"name\":\"Correa ign\u00edfuga - Azur Scenic\",\"isPartOf\":{\"@id\":\"https:\\\/\\\/www.azur-scenic.com\\\/es\\\/#website\"},\"primaryImageOfPage\":{\"@id\":\"https:\\\/\\\/www.azur-scenic.com\\\/es\\\/producto\\\/correa-ignifuga\\\/#primaryimage\"},\"image\":{\"@id\":\"https:\\\/\\\/www.azur-scenic.com\\\/es\\\/producto\\\/correa-ignifuga\\\/#primaryimage\"},\"thumbnailUrl\":\"https:\\\/\\\/www.azur-scenic.com\\\/wp-content\\\/uploads\\\/b56ef2eb0fa4ea3e995f602e9b97ac42.jpg\",\"datePublished\":\"2022-10-04T07:27:59+00:00\",\"dateModified\":\"2023-08-02T13:18:15+00:00\",\"description\":\"Correa de refuerzo de algod\u00f3n ign\u00edfugo, ideal para la confecci\u00f3n de cabezales de cortinas para escenarios. Presentaci\u00f3n: rollo de 100 m Colores: Crudo, blanco, negro Ancho: 40 o 80\u00a0mm Breve descripci\u00f3n: Correa plana ultrarresistente Ign\u00edfuga\",\"breadcrumb\":{\"@id\":\"https:\\\/\\\/www.azur-scenic.com\\\/es\\\/producto\\\/correa-ignifuga\\\/#breadcrumb\"},\"inLanguage\":\"es\",\"potentialAction\":[{\"@type\":\"ReadAction\",\"target\":[\"https:\\\/\\\/www.azur-scenic.com\\\/es\\\/producto\\\/correa-ignifuga\\\/\"]}]},{\"@type\":\"ImageObject\",\"inLanguage\":\"es\",\"@id\":\"https:\\\/\\\/www.azur-scenic.com\\\/es\\\/producto\\\/correa-ignifuga\\\/#primaryimage\",\"url\":\"https:\\\/\\\/www.azur-scenic.com\\\/wp-content\\\/uploads\\\/b56ef2eb0fa4ea3e995f602e9b97ac42.jpg\",\"contentUrl\":\"https:\\\/\\\/www.azur-scenic.com\\\/wp-content\\\/uploads\\\/b56ef2eb0fa4ea3e995f602e9b97ac42.jpg\",\"width\":2126,\"height\":2126},{\"@type\":\"BreadcrumbList\",\"@id\":\"https:\\\/\\\/www.azur-scenic.com\\\/es\\\/producto\\\/correa-ignifuga\\\/#breadcrumb\",\"itemListElement\":[{\"@type\":\"ListItem\",\"position\":1,\"name\":\"Accueil\",\"item\":\"https:\\\/\\\/www.azur-scenic.com\\\/es\\\/\"},{\"@type\":\"ListItem\",\"position\":2,\"name\":\"Productos\",\"item\":\"https:\\\/\\\/www.azur-scenic.com\\\/es\\\/?page_id=21440\"},{\"@type\":\"ListItem\",\"position\":3,\"name\":\"Correa ign\u00edfuga\"}]},{\"@type\":\"WebSite\",\"@id\":\"https:\\\/\\\/www.azur-scenic.com\\\/es\\\/#website\",\"url\":\"https:\\\/\\\/www.azur-scenic.com\\\/es\\\/\",\"name\":\"Azur Scenic\",\"description\":\"Sp\u00e9cialiste de l\u2019\u00e9quipement sc\u00e9nique et de la d\u00e9coration int\u00e9rieure et \u00e9v\u00e9nementielle !\",\"publisher\":{\"@id\":\"https:\\\/\\\/www.azur-scenic.com\\\/es\\\/#organization\"},\"potentialAction\":[{\"@type\":\"SearchAction\",\"target\":{\"@type\":\"EntryPoint\",\"urlTemplate\":\"https:\\\/\\\/www.azur-scenic.com\\\/es\\\/?s={search_term_string}\"},\"query-input\":{\"@type\":\"PropertyValueSpecification\",\"valueRequired\":true,\"valueName\":\"search_term_string\"}}],\"inLanguage\":\"es\"},{\"@type\":\"Organization\",\"@id\":\"https:\\\/\\\/www.azur-scenic.com\\\/es\\\/#organization\",\"name\":\"AZUR SCENIC\",\"url\":\"https:\\\/\\\/www.azur-scenic.com\\\/es\\\/\",\"logo\":{\"@type\":\"ImageObject\",\"inLanguage\":\"es\",\"@id\":\"https:\\\/\\\/www.azur-scenic.com\\\/es\\\/#\\\/schema\\\/logo\\\/image\\\/\",\"url\":\"https:\\\/\\\/www.azur-scenic.com\\\/wp-content\\\/uploads\\\/2022\\\/09\\\/LOGO-AZUR-SCENIC-Fusion-web-236x64-1.jpg\",\"contentUrl\":\"https:\\\/\\\/www.azur-scenic.com\\\/wp-content\\\/uploads\\\/2022\\\/09\\\/LOGO-AZUR-SCENIC-Fusion-web-236x64-1.jpg\",\"width\":236,\"height\":64,\"caption\":\"AZUR SCENIC\"},\"image\":{\"@id\":\"https:\\\/\\\/www.azur-scenic.com\\\/es\\\/#\\\/schema\\\/logo\\\/image\\\/\"},\"sameAs\":[\"https:\\\/\\\/www.youtube.com\\\/channel\\\/UCPWM2mGPVUt4nYhNlm71WOA\",\"https:\\\/\\\/www.linkedin.com\\\/company\\\/33237605\\\/admin\\\/feed\\\/posts\\\/\"]}]}<\/script>\n<!-- \/ Yoast SEO plugin. -->","yoast_head_json":{"title":"Correa ign\u00edfuga - Azur Scenic","description":"Correa de refuerzo de algod\u00f3n ign\u00edfugo, ideal para la confecci\u00f3n de cabezales de cortinas para escenarios. Presentaci\u00f3n: rollo de 100 m Colores: Crudo, blanco, negro Ancho: 40 o 80\u00a0mm Breve descripci\u00f3n:  Correa plana ultrarresistente Ign\u00edfuga","robots":{"index":"index","follow":"follow","max-snippet":"max-snippet:-1","max-image-preview":"max-image-preview:large","max-video-preview":"max-video-preview:-1"},"canonical":"https:\/\/www.azur-scenic.com\/es\/producto\/correa-ignifuga\/","og_locale":"es_ES","og_type":"article","og_title":"Correa ign\u00edfuga - Azur Scenic","og_description":"Correa de refuerzo de algod\u00f3n ign\u00edfugo, ideal para la confecci\u00f3n de cabezales de cortinas para escenarios. Presentaci\u00f3n: rollo de 100 m Colores: Crudo, blanco, negro Ancho: 40 o 80\u00a0mm Breve descripci\u00f3n:  Correa plana ultrarresistente Ign\u00edfuga","og_url":"https:\/\/www.azur-scenic.com\/es\/producto\/correa-ignifuga\/","og_site_name":"Azur Scenic","article_modified_time":"2023-08-02T13:18:15+00:00","og_image":[{"width":2126,"height":2126,"url":"https:\/\/www.azur-scenic.com\/wp-content\/uploads\/b56ef2eb0fa4ea3e995f602e9b97ac42.jpg","type":"image\/jpeg"}],"twitter_card":"summary_large_image","schema":{"@context":"https:\/\/schema.org","@graph":[{"@type":"WebPage","@id":"https:\/\/www.azur-scenic.com\/es\/producto\/correa-ignifuga\/","url":"https:\/\/www.azur-scenic.com\/es\/producto\/correa-ignifuga\/","name":"Correa ign\u00edfuga - Azur Scenic","isPartOf":{"@id":"https:\/\/www.azur-scenic.com\/es\/#website"},"primaryImageOfPage":{"@id":"https:\/\/www.azur-scenic.com\/es\/producto\/correa-ignifuga\/#primaryimage"},"image":{"@id":"https:\/\/www.azur-scenic.com\/es\/producto\/correa-ignifuga\/#primaryimage"},"thumbnailUrl":"https:\/\/www.azur-scenic.com\/wp-content\/uploads\/b56ef2eb0fa4ea3e995f602e9b97ac42.jpg","datePublished":"2022-10-04T07:27:59+00:00","dateModified":"2023-08-02T13:18:15+00:00","description":"Correa de refuerzo de algod\u00f3n ign\u00edfugo, ideal para la confecci\u00f3n de cabezales de cortinas para escenarios. Presentaci\u00f3n: rollo de 100 m Colores: Crudo, blanco, negro Ancho: 40 o 80\u00a0mm Breve descripci\u00f3n: Correa plana ultrarresistente Ign\u00edfuga","breadcrumb":{"@id":"https:\/\/www.azur-scenic.com\/es\/producto\/correa-ignifuga\/#breadcrumb"},"inLanguage":"es","potentialAction":[{"@type":"ReadAction","target":["https:\/\/www.azur-scenic.com\/es\/producto\/correa-ignifuga\/"]}]},{"@type":"ImageObject","inLanguage":"es","@id":"https:\/\/www.azur-scenic.com\/es\/producto\/correa-ignifuga\/#primaryimage","url":"https:\/\/www.azur-scenic.com\/wp-content\/uploads\/b56ef2eb0fa4ea3e995f602e9b97ac42.jpg","contentUrl":"https:\/\/www.azur-scenic.com\/wp-content\/uploads\/b56ef2eb0fa4ea3e995f602e9b97ac42.jpg","width":2126,"height":2126},{"@type":"BreadcrumbList","@id":"https:\/\/www.azur-scenic.com\/es\/producto\/correa-ignifuga\/#breadcrumb","itemListElement":[{"@type":"ListItem","position":1,"name":"Accueil","item":"https:\/\/www.azur-scenic.com\/es\/"},{"@type":"ListItem","position":2,"name":"Productos","item":"https:\/\/www.azur-scenic.com\/es\/?page_id=21440"},{"@type":"ListItem","position":3,"name":"Correa ign\u00edfuga"}]},{"@type":"WebSite","@id":"https:\/\/www.azur-scenic.com\/es\/#website","url":"https:\/\/www.azur-scenic.com\/es\/","name":"Azur Scenic","description":"Sp\u00e9cialiste de l\u2019\u00e9quipement sc\u00e9nique et de la d\u00e9coration int\u00e9rieure et \u00e9v\u00e9nementielle !","publisher":{"@id":"https:\/\/www.azur-scenic.com\/es\/#organization"},"potentialAction":[{"@type":"SearchAction","target":{"@type":"EntryPoint","urlTemplate":"https:\/\/www.azur-scenic.com\/es\/?s={search_term_string}"},"query-input":{"@type":"PropertyValueSpecification","valueRequired":true,"valueName":"search_term_string"}}],"inLanguage":"es"},{"@type":"Organization","@id":"https:\/\/www.azur-scenic.com\/es\/#organization","name":"AZUR SCENIC","url":"https:\/\/www.azur-scenic.com\/es\/","logo":{"@type":"ImageObject","inLanguage":"es","@id":"https:\/\/www.azur-scenic.com\/es\/#\/schema\/logo\/image\/","url":"https:\/\/www.azur-scenic.com\/wp-content\/uploads\/2022\/09\/LOGO-AZUR-SCENIC-Fusion-web-236x64-1.jpg","contentUrl":"https:\/\/www.azur-scenic.com\/wp-content\/uploads\/2022\/09\/LOGO-AZUR-SCENIC-Fusion-web-236x64-1.jpg","width":236,"height":64,"caption":"AZUR SCENIC"},"image":{"@id":"https:\/\/www.azur-scenic.com\/es\/#\/schema\/logo\/image\/"},"sameAs":["https:\/\/www.youtube.com\/channel\/UCPWM2mGPVUt4nYhNlm71WOA","https:\/\/www.linkedin.com\/company\/33237605\/admin\/feed\/posts\/"]}]}},"_links":{"self":[{"href":"https:\/\/www.azur-scenic.com\/es\/wp-json\/wp\/v2\/product\/17542","targetHints":{"allow":["GET"]}}],"collection":[{"href":"https:\/\/www.azur-scenic.com\/es\/wp-json\/wp\/v2\/product"}],"about":[{"href":"https:\/\/www.azur-scenic.com\/es\/wp-json\/wp\/v2\/types\/product"}],"wp:featuredmedia":[{"embeddable":true,"href":"https:\/\/www.azur-scenic.com\/es\/wp-json\/wp\/v2\/media\/7940"}],"wp:attachment":[{"href":"https:\/\/www.azur-scenic.com\/es\/wp-json\/wp\/v2\/media?parent=17542"}],"wp:term":[{"taxonomy":"product_brand","embeddable":true,"href":"https:\/\/www.azur-scenic.com\/es\/wp-json\/wp\/v2\/product_brand?post=17542"},{"taxonomy":"product_cat","embeddable":true,"href":"https:\/\/www.azur-scenic.com\/es\/wp-json\/wp\/v2\/product_cat?post=17542"},{"taxonomy":"product_tag","embeddable":true,"href":"https:\/\/www.azur-scenic.com\/es\/wp-json\/wp\/v2\/product_tag?post=17542"}],"curies":[{"name":"wp","href":"https:\/\/api.w.org\/{rel}","templated":true}]}}