{"id":17545,"date":"2022-10-04T07:27:59","date_gmt":"2022-10-04T07:27:59","guid":{"rendered":"https:\/\/www.azur-scenic.com\/produit\/ruban-fronceur\/"},"modified":"2023-08-02T13:18:15","modified_gmt":"2023-08-02T13:18:15","slug":"cinta-de-fruncido","status":"publish","type":"product","link":"https:\/\/www.azur-scenic.com\/es\/producto\/cinta-de-fruncido\/","title":{"rendered":"Cinta de fruncido"},"content":{"rendered":"<table>\n<thead>\n<tr>\n<th style=\"width: 200px;\">N\u00famero de referencia\u00a0<\/th>\n<th style=\"width: 200px;\">Ancho<\/th>\n<th style=\"width: 145px;\">Color<\/th>\n<\/tr>\n<\/thead>\n<tbody>\n<tr>\n<td style=\"vertical-align: top; width: 200px;\">ACRF70B<\/td>\n<td style=\"vertical-align: top; width: 200px;\">70\u00a0mm<\/td>\n<td style=\"vertical-align: top; width: 145px;\">Blanco<\/td>\n<\/tr>\n<tr>\n<td style=\"vertical-align: top; width: 200px;\">ACRF70N<\/td>\n<td style=\"vertical-align: top; width: 200px;\">70\u00a0mm<\/td>\n<td style=\"vertical-align: top; width: 145px;\">Negro<\/td>\n<\/tr>\n<\/tbody>\n<\/table>\n","protected":false},"excerpt":{"rendered":"<p><strong>La cinta de fruncido con bolsillos permite fruncir de forma f\u00e1cil y r\u00e1pida. Es ideal para la confecci\u00f3n de cabezales de cortina ligeras.<\/strong><\/p>\n<p><strong>Presentaci\u00f3n<\/strong>: rollo de 100 m<\/p>\n<p><strong>Colores<\/strong>: Blanco o negro<\/p>\n<p><strong>Ancho<\/strong>: 70\u00a0mm<\/p>\n<p><strong>Breve descripci\u00f3n<\/strong>:<\/p>\n<ul>\n<li>Bolsillo doble que permite insertar ganchos tipo grapas caracol<\/li>\n<li>4 l\u00edneas de fruncido para lograr un plisado muy simple<\/li>\n<\/ul>\n","protected":false},"featured_media":7943,"template":"","meta":{"_acf_changed":false},"product_brand":[],"product_cat":[1218,1280,944],"product_tag":[],"class_list":{"0":"post-17545","1":"product","2":"type-product","3":"status-publish","4":"has-post-thumbnail","6":"product_cat-accesorios-y-consumibles","7":"product_cat-accesorios-para-confeccion","8":"product_cat-todos-los-productos","10":"first","11":"instock","12":"shipping-taxable","13":"purchasable","14":"product-type-simple"},"acf":[],"yoast_head":"<!-- This site is optimized with the Yoast SEO plugin v27.1.1 - https:\/\/yoast.com\/product\/yoast-seo-wordpress\/ -->\n<title>Cinta de fruncido - Azur Scenic<\/title>\n<meta name=\"description\" content=\"La cinta de fruncido con bolsillos permite fruncir de forma f\u00e1cil y r\u00e1pida. Es ideal para la confecci\u00f3n de cabezales de cortina ligeras. Presentaci\u00f3n: rollo de 100 m Colores: Blanco o negro Ancho: 70\u00a0mm Breve descripci\u00f3n:  Bolsillo doble que permite insertar ganchos tipo grapas caracol 4 l\u00edneas de fruncido para lograr un plisado muy simple\" \/>\n<meta name=\"robots\" content=\"index, follow, max-snippet:-1, max-image-preview:large, max-video-preview:-1\" \/>\n<link rel=\"canonical\" href=\"https:\/\/www.azur-scenic.com\/es\/producto\/cinta-de-fruncido\/\" \/>\n<meta property=\"og:locale\" content=\"es_ES\" \/>\n<meta property=\"og:type\" content=\"article\" \/>\n<meta property=\"og:title\" content=\"Cinta de fruncido - Azur Scenic\" \/>\n<meta property=\"og:description\" content=\"La cinta de fruncido con bolsillos permite fruncir de forma f\u00e1cil y r\u00e1pida. Es ideal para la confecci\u00f3n de cabezales de cortina ligeras. Presentaci\u00f3n: rollo de 100 m Colores: Blanco o negro Ancho: 70\u00a0mm Breve descripci\u00f3n:  Bolsillo doble que permite insertar ganchos tipo grapas caracol 4 l\u00edneas de fruncido para lograr un plisado muy simple\" \/>\n<meta property=\"og:url\" content=\"https:\/\/www.azur-scenic.com\/es\/producto\/cinta-de-fruncido\/\" \/>\n<meta property=\"og:site_name\" content=\"Azur Scenic\" \/>\n<meta property=\"article:modified_time\" content=\"2023-08-02T13:18:15+00:00\" \/>\n<meta property=\"og:image\" content=\"https:\/\/www.azur-scenic.com\/wp-content\/uploads\/02934de859631da01f34b1b9a65949fd.jpg\" \/>\n\t<meta property=\"og:image:width\" content=\"2126\" \/>\n\t<meta property=\"og:image:height\" content=\"2126\" \/>\n\t<meta property=\"og:image:type\" content=\"image\/jpeg\" \/>\n<meta name=\"twitter:card\" content=\"summary_large_image\" \/>\n<script type=\"application\/ld+json\" class=\"yoast-schema-graph\">{\"@context\":\"https:\/\/schema.org\",\"@graph\":[{\"@type\":\"WebPage\",\"@id\":\"https:\/\/www.azur-scenic.com\/es\/producto\/cinta-de-fruncido\/\",\"url\":\"https:\/\/www.azur-scenic.com\/es\/producto\/cinta-de-fruncido\/\",\"name\":\"Cinta de fruncido - Azur Scenic\",\"isPartOf\":{\"@id\":\"https:\/\/www.azur-scenic.com\/es\/#website\"},\"primaryImageOfPage\":{\"@id\":\"https:\/\/www.azur-scenic.com\/es\/producto\/cinta-de-fruncido\/#primaryimage\"},\"image\":{\"@id\":\"https:\/\/www.azur-scenic.com\/es\/producto\/cinta-de-fruncido\/#primaryimage\"},\"thumbnailUrl\":\"https:\/\/www.azur-scenic.com\/wp-content\/uploads\/02934de859631da01f34b1b9a65949fd.jpg\",\"datePublished\":\"2022-10-04T07:27:59+00:00\",\"dateModified\":\"2023-08-02T13:18:15+00:00\",\"description\":\"La cinta de fruncido con bolsillos permite fruncir de forma f\u00e1cil y r\u00e1pida. Es ideal para la confecci\u00f3n de cabezales de cortina ligeras. Presentaci\u00f3n: rollo de 100 m Colores: Blanco o negro Ancho: 70\u00a0mm Breve descripci\u00f3n: Bolsillo doble que permite insertar ganchos tipo grapas caracol 4 l\u00edneas de fruncido para lograr un plisado muy simple\",\"breadcrumb\":{\"@id\":\"https:\/\/www.azur-scenic.com\/es\/producto\/cinta-de-fruncido\/#breadcrumb\"},\"inLanguage\":\"es\",\"potentialAction\":[{\"@type\":\"ReadAction\",\"target\":[\"https:\/\/www.azur-scenic.com\/es\/producto\/cinta-de-fruncido\/\"]}]},{\"@type\":\"ImageObject\",\"inLanguage\":\"es\",\"@id\":\"https:\/\/www.azur-scenic.com\/es\/producto\/cinta-de-fruncido\/#primaryimage\",\"url\":\"https:\/\/www.azur-scenic.com\/wp-content\/uploads\/02934de859631da01f34b1b9a65949fd.jpg\",\"contentUrl\":\"https:\/\/www.azur-scenic.com\/wp-content\/uploads\/02934de859631da01f34b1b9a65949fd.jpg\",\"width\":2126,\"height\":2126},{\"@type\":\"BreadcrumbList\",\"@id\":\"https:\/\/www.azur-scenic.com\/es\/producto\/cinta-de-fruncido\/#breadcrumb\",\"itemListElement\":[{\"@type\":\"ListItem\",\"position\":1,\"name\":\"Accueil\",\"item\":\"https:\/\/www.azur-scenic.com\/es\/\"},{\"@type\":\"ListItem\",\"position\":2,\"name\":\"Productos\",\"item\":\"https:\/\/www.azur-scenic.com\/es\/?page_id=21440\"},{\"@type\":\"ListItem\",\"position\":3,\"name\":\"Cinta de fruncido\"}]},{\"@type\":\"WebSite\",\"@id\":\"https:\/\/www.azur-scenic.com\/es\/#website\",\"url\":\"https:\/\/www.azur-scenic.com\/es\/\",\"name\":\"Azur Scenic\",\"description\":\"Sp\u00e9cialiste de l\u2019\u00e9quipement sc\u00e9nique et de la d\u00e9coration int\u00e9rieure et \u00e9v\u00e9nementielle !\",\"publisher\":{\"@id\":\"https:\/\/www.azur-scenic.com\/es\/#organization\"},\"potentialAction\":[{\"@type\":\"SearchAction\",\"target\":{\"@type\":\"EntryPoint\",\"urlTemplate\":\"https:\/\/www.azur-scenic.com\/es\/?s={search_term_string}\"},\"query-input\":{\"@type\":\"PropertyValueSpecification\",\"valueRequired\":true,\"valueName\":\"search_term_string\"}}],\"inLanguage\":\"es\"},{\"@type\":\"Organization\",\"@id\":\"https:\/\/www.azur-scenic.com\/es\/#organization\",\"name\":\"AZUR SCENIC\",\"url\":\"https:\/\/www.azur-scenic.com\/es\/\",\"logo\":{\"@type\":\"ImageObject\",\"inLanguage\":\"es\",\"@id\":\"https:\/\/www.azur-scenic.com\/es\/#\/schema\/logo\/image\/\",\"url\":\"https:\/\/www.azur-scenic.com\/wp-content\/uploads\/2022\/09\/LOGO-AZUR-SCENIC-Fusion-web-236x64-1.jpg\",\"contentUrl\":\"https:\/\/www.azur-scenic.com\/wp-content\/uploads\/2022\/09\/LOGO-AZUR-SCENIC-Fusion-web-236x64-1.jpg\",\"width\":236,\"height\":64,\"caption\":\"AZUR SCENIC\"},\"image\":{\"@id\":\"https:\/\/www.azur-scenic.com\/es\/#\/schema\/logo\/image\/\"},\"sameAs\":[\"https:\/\/www.youtube.com\/channel\/UCPWM2mGPVUt4nYhNlm71WOA\",\"https:\/\/www.linkedin.com\/company\/33237605\/admin\/feed\/posts\/\"]}]}<\/script>\n<!-- \/ Yoast SEO plugin. -->","yoast_head_json":{"title":"Cinta de fruncido - Azur Scenic","description":"La cinta de fruncido con bolsillos permite fruncir de forma f\u00e1cil y r\u00e1pida. Es ideal para la confecci\u00f3n de cabezales de cortina ligeras. Presentaci\u00f3n: rollo de 100 m Colores: Blanco o negro Ancho: 70\u00a0mm Breve descripci\u00f3n:  Bolsillo doble que permite insertar ganchos tipo grapas caracol 4 l\u00edneas de fruncido para lograr un plisado muy simple","robots":{"index":"index","follow":"follow","max-snippet":"max-snippet:-1","max-image-preview":"max-image-preview:large","max-video-preview":"max-video-preview:-1"},"canonical":"https:\/\/www.azur-scenic.com\/es\/producto\/cinta-de-fruncido\/","og_locale":"es_ES","og_type":"article","og_title":"Cinta de fruncido - Azur Scenic","og_description":"La cinta de fruncido con bolsillos permite fruncir de forma f\u00e1cil y r\u00e1pida. Es ideal para la confecci\u00f3n de cabezales de cortina ligeras. Presentaci\u00f3n: rollo de 100 m Colores: Blanco o negro Ancho: 70\u00a0mm Breve descripci\u00f3n:  Bolsillo doble que permite insertar ganchos tipo grapas caracol 4 l\u00edneas de fruncido para lograr un plisado muy simple","og_url":"https:\/\/www.azur-scenic.com\/es\/producto\/cinta-de-fruncido\/","og_site_name":"Azur Scenic","article_modified_time":"2023-08-02T13:18:15+00:00","og_image":[{"width":2126,"height":2126,"url":"https:\/\/www.azur-scenic.com\/wp-content\/uploads\/02934de859631da01f34b1b9a65949fd.jpg","type":"image\/jpeg"}],"twitter_card":"summary_large_image","schema":{"@context":"https:\/\/schema.org","@graph":[{"@type":"WebPage","@id":"https:\/\/www.azur-scenic.com\/es\/producto\/cinta-de-fruncido\/","url":"https:\/\/www.azur-scenic.com\/es\/producto\/cinta-de-fruncido\/","name":"Cinta de fruncido - Azur Scenic","isPartOf":{"@id":"https:\/\/www.azur-scenic.com\/es\/#website"},"primaryImageOfPage":{"@id":"https:\/\/www.azur-scenic.com\/es\/producto\/cinta-de-fruncido\/#primaryimage"},"image":{"@id":"https:\/\/www.azur-scenic.com\/es\/producto\/cinta-de-fruncido\/#primaryimage"},"thumbnailUrl":"https:\/\/www.azur-scenic.com\/wp-content\/uploads\/02934de859631da01f34b1b9a65949fd.jpg","datePublished":"2022-10-04T07:27:59+00:00","dateModified":"2023-08-02T13:18:15+00:00","description":"La cinta de fruncido con bolsillos permite fruncir de forma f\u00e1cil y r\u00e1pida. Es ideal para la confecci\u00f3n de cabezales de cortina ligeras. Presentaci\u00f3n: rollo de 100 m Colores: Blanco o negro Ancho: 70\u00a0mm Breve descripci\u00f3n: Bolsillo doble que permite insertar ganchos tipo grapas caracol 4 l\u00edneas de fruncido para lograr un plisado muy simple","breadcrumb":{"@id":"https:\/\/www.azur-scenic.com\/es\/producto\/cinta-de-fruncido\/#breadcrumb"},"inLanguage":"es","potentialAction":[{"@type":"ReadAction","target":["https:\/\/www.azur-scenic.com\/es\/producto\/cinta-de-fruncido\/"]}]},{"@type":"ImageObject","inLanguage":"es","@id":"https:\/\/www.azur-scenic.com\/es\/producto\/cinta-de-fruncido\/#primaryimage","url":"https:\/\/www.azur-scenic.com\/wp-content\/uploads\/02934de859631da01f34b1b9a65949fd.jpg","contentUrl":"https:\/\/www.azur-scenic.com\/wp-content\/uploads\/02934de859631da01f34b1b9a65949fd.jpg","width":2126,"height":2126},{"@type":"BreadcrumbList","@id":"https:\/\/www.azur-scenic.com\/es\/producto\/cinta-de-fruncido\/#breadcrumb","itemListElement":[{"@type":"ListItem","position":1,"name":"Accueil","item":"https:\/\/www.azur-scenic.com\/es\/"},{"@type":"ListItem","position":2,"name":"Productos","item":"https:\/\/www.azur-scenic.com\/es\/?page_id=21440"},{"@type":"ListItem","position":3,"name":"Cinta de fruncido"}]},{"@type":"WebSite","@id":"https:\/\/www.azur-scenic.com\/es\/#website","url":"https:\/\/www.azur-scenic.com\/es\/","name":"Azur Scenic","description":"Sp\u00e9cialiste de l\u2019\u00e9quipement sc\u00e9nique et de la d\u00e9coration int\u00e9rieure et \u00e9v\u00e9nementielle !","publisher":{"@id":"https:\/\/www.azur-scenic.com\/es\/#organization"},"potentialAction":[{"@type":"SearchAction","target":{"@type":"EntryPoint","urlTemplate":"https:\/\/www.azur-scenic.com\/es\/?s={search_term_string}"},"query-input":{"@type":"PropertyValueSpecification","valueRequired":true,"valueName":"search_term_string"}}],"inLanguage":"es"},{"@type":"Organization","@id":"https:\/\/www.azur-scenic.com\/es\/#organization","name":"AZUR SCENIC","url":"https:\/\/www.azur-scenic.com\/es\/","logo":{"@type":"ImageObject","inLanguage":"es","@id":"https:\/\/www.azur-scenic.com\/es\/#\/schema\/logo\/image\/","url":"https:\/\/www.azur-scenic.com\/wp-content\/uploads\/2022\/09\/LOGO-AZUR-SCENIC-Fusion-web-236x64-1.jpg","contentUrl":"https:\/\/www.azur-scenic.com\/wp-content\/uploads\/2022\/09\/LOGO-AZUR-SCENIC-Fusion-web-236x64-1.jpg","width":236,"height":64,"caption":"AZUR SCENIC"},"image":{"@id":"https:\/\/www.azur-scenic.com\/es\/#\/schema\/logo\/image\/"},"sameAs":["https:\/\/www.youtube.com\/channel\/UCPWM2mGPVUt4nYhNlm71WOA","https:\/\/www.linkedin.com\/company\/33237605\/admin\/feed\/posts\/"]}]}},"_links":{"self":[{"href":"https:\/\/www.azur-scenic.com\/es\/wp-json\/wp\/v2\/product\/17545","targetHints":{"allow":["GET"]}}],"collection":[{"href":"https:\/\/www.azur-scenic.com\/es\/wp-json\/wp\/v2\/product"}],"about":[{"href":"https:\/\/www.azur-scenic.com\/es\/wp-json\/wp\/v2\/types\/product"}],"wp:featuredmedia":[{"embeddable":true,"href":"https:\/\/www.azur-scenic.com\/es\/wp-json\/wp\/v2\/media\/7943"}],"wp:attachment":[{"href":"https:\/\/www.azur-scenic.com\/es\/wp-json\/wp\/v2\/media?parent=17545"}],"wp:term":[{"taxonomy":"product_brand","embeddable":true,"href":"https:\/\/www.azur-scenic.com\/es\/wp-json\/wp\/v2\/product_brand?post=17545"},{"taxonomy":"product_cat","embeddable":true,"href":"https:\/\/www.azur-scenic.com\/es\/wp-json\/wp\/v2\/product_cat?post=17545"},{"taxonomy":"product_tag","embeddable":true,"href":"https:\/\/www.azur-scenic.com\/es\/wp-json\/wp\/v2\/product_tag?post=17545"}],"curies":[{"name":"wp","href":"https:\/\/api.w.org\/{rel}","templated":true}]}}