{"id":17551,"date":"2022-10-04T07:27:59","date_gmt":"2022-10-04T07:27:59","guid":{"rendered":"https:\/\/www.azur-scenic.com\/produit\/chaine-de-plomb\/"},"modified":"2023-08-02T13:18:12","modified_gmt":"2023-08-02T13:18:12","slug":"cadena-de-plomo","status":"publish","type":"product","link":"https:\/\/www.azur-scenic.com\/es\/producto\/cadena-de-plomo\/","title":{"rendered":"Cadena de plomo"},"content":{"rendered":"<table>\n<thead>\n<tr>\n<th style=\"width: 200px;\">N\u00famero de referencia\u00a0<\/th>\n<th style=\"width: 200px;\">Peso<\/th>\n<th style=\"width: 145px;\">Color<\/th>\n<\/tr>\n<\/thead>\n<tbody>\n<tr>\n<td style=\"vertical-align: top; width: 200px;\">ACCP070B<\/td>\n<td style=\"vertical-align: top; width: 200px;\">70 g\/m<\/td>\n<td style=\"vertical-align: top; width: 145px;\">Blanco<\/td>\n<\/tr>\n<tr>\n<td style=\"vertical-align: top; width: 200px;\">ACCP200B<\/td>\n<td style=\"vertical-align: top; width: 200px;\">200 g\/m<\/td>\n<td style=\"vertical-align: top; width: 145px;\">Blanco<\/td>\n<\/tr>\n<tr>\n<td style=\"vertical-align: top; width: 200px;\">ACCP200N<\/td>\n<td style=\"vertical-align: top; width: 200px;\">200 g\/m<\/td>\n<td style=\"vertical-align: top; width: 145px;\">Negro<\/td>\n<\/tr>\n<tr>\n<td style=\"vertical-align: top; width: 200px;\">ACCP400B<\/td>\n<td style=\"vertical-align: top; width: 200px;\">400 g\/m<\/td>\n<td style=\"vertical-align: top; width: 145px;\">Blanco<\/td>\n<\/tr>\n<tr>\n<td style=\"vertical-align: top; width: 200px;\">ACCP400N<\/td>\n<td style=\"vertical-align: top; width: 200px;\">400 g\/m<\/td>\n<td style=\"vertical-align: top; width: 145px;\">Negro<\/td>\n<\/tr>\n<\/tbody>\n<\/table>\n","protected":false},"excerpt":{"rendered":"<p><strong>La cadena de plomo enfundada se inserta en el dobladillo inferior para lastrar todas las cortinas.<\/strong><\/p>\n<p><strong>Presentaci\u00f3n<\/strong>:<\/p>\n<ul>\n<li>Bobina de 100 m (70\u00a0g), venta solo en bobina<\/li>\n<li>Caja de 100 m (200 g), se puede vender por metro<\/li>\n<li>Caja de 50 m (400 g), se puede vender por metro<\/li>\n<\/ul>\n<p><strong>Colores<\/strong>:<\/p>\n<ul>\n<li>Blanco (70 g)<\/li>\n<li>Blanco o negro (200 y 400 g)<\/li>\n<\/ul>\n<p><strong>Peso<\/strong>:<\/p>\n<ul>\n<li>70 g\/m (para tejidos ligeros)<\/li>\n<li>200 g\/m (para tejidos de peso medio)<\/li>\n<li>400 g\/m (para tejidos pesados)<\/li>\n<\/ul>\n<p><strong>Breve descripci\u00f3n<\/strong>:<br \/>\nPeque\u00f1os plomos que se montan en cadena dentro de una funda textil flexible.<\/p>\n","protected":false},"featured_media":7949,"template":"","meta":{"_acf_changed":false},"product_brand":[],"product_cat":[1218,1280,944],"product_tag":[],"class_list":{"0":"post-17551","1":"product","2":"type-product","3":"status-publish","4":"has-post-thumbnail","6":"product_cat-accesorios-y-consumibles","7":"product_cat-accesorios-para-confeccion","8":"product_cat-todos-los-productos","10":"first","11":"instock","12":"shipping-taxable","13":"purchasable","14":"product-type-simple"},"acf":[],"yoast_head":"<!-- This site is optimized with the Yoast SEO plugin v27.1.1 - https:\/\/yoast.com\/product\/yoast-seo-wordpress\/ -->\n<title>Cadena de plomo - Azur Scenic<\/title>\n<meta name=\"description\" content=\"La cadena de plomo enfundada se inserta en el dobladillo inferior para lastrar todas las cortinas. Presentaci\u00f3n:  Bobina de 100 m (70\u00a0g), venta solo en bobina Caja de 100 m (200 g), se puede vender por metro Caja de 50 m (400 g), se puede vender por metro Colores:  Blanco (70 g) Blanco o negro (200 y 400 g) Peso:  70 g\/m (para tejidos ligeros) 200 g\/m (para tejidos de peso medio) 400 g\/m (para tejidos pesados) Breve descripci\u00f3n: Peque\u00f1os plomos que se montan en cadena dentro de una funda textil flexible.\" \/>\n<meta name=\"robots\" content=\"index, follow, max-snippet:-1, max-image-preview:large, max-video-preview:-1\" \/>\n<link rel=\"canonical\" href=\"https:\/\/www.azur-scenic.com\/es\/producto\/cadena-de-plomo\/\" \/>\n<meta property=\"og:locale\" content=\"es_ES\" \/>\n<meta property=\"og:type\" content=\"article\" \/>\n<meta property=\"og:title\" content=\"Cadena de plomo - Azur Scenic\" \/>\n<meta property=\"og:description\" content=\"La cadena de plomo enfundada se inserta en el dobladillo inferior para lastrar todas las cortinas. Presentaci\u00f3n:  Bobina de 100 m (70\u00a0g), venta solo en bobina Caja de 100 m (200 g), se puede vender por metro Caja de 50 m (400 g), se puede vender por metro Colores:  Blanco (70 g) Blanco o negro (200 y 400 g) Peso:  70 g\/m (para tejidos ligeros) 200 g\/m (para tejidos de peso medio) 400 g\/m (para tejidos pesados) Breve descripci\u00f3n: Peque\u00f1os plomos que se montan en cadena dentro de una funda textil flexible.\" \/>\n<meta property=\"og:url\" content=\"https:\/\/www.azur-scenic.com\/es\/producto\/cadena-de-plomo\/\" \/>\n<meta property=\"og:site_name\" content=\"Azur Scenic\" \/>\n<meta property=\"article:modified_time\" content=\"2023-08-02T13:18:12+00:00\" \/>\n<meta property=\"og:image\" content=\"https:\/\/www.azur-scenic.com\/wp-content\/uploads\/9c97784654f5412734b774fea9d96158.jpg\" \/>\n\t<meta property=\"og:image:width\" content=\"1134\" \/>\n\t<meta property=\"og:image:height\" content=\"1134\" \/>\n\t<meta property=\"og:image:type\" content=\"image\/jpeg\" \/>\n<meta name=\"twitter:card\" content=\"summary_large_image\" \/>\n<script type=\"application\/ld+json\" class=\"yoast-schema-graph\">{\"@context\":\"https:\/\/schema.org\",\"@graph\":[{\"@type\":\"WebPage\",\"@id\":\"https:\/\/www.azur-scenic.com\/es\/producto\/cadena-de-plomo\/\",\"url\":\"https:\/\/www.azur-scenic.com\/es\/producto\/cadena-de-plomo\/\",\"name\":\"Cadena de plomo - Azur Scenic\",\"isPartOf\":{\"@id\":\"https:\/\/www.azur-scenic.com\/es\/#website\"},\"primaryImageOfPage\":{\"@id\":\"https:\/\/www.azur-scenic.com\/es\/producto\/cadena-de-plomo\/#primaryimage\"},\"image\":{\"@id\":\"https:\/\/www.azur-scenic.com\/es\/producto\/cadena-de-plomo\/#primaryimage\"},\"thumbnailUrl\":\"https:\/\/www.azur-scenic.com\/wp-content\/uploads\/9c97784654f5412734b774fea9d96158.jpg\",\"datePublished\":\"2022-10-04T07:27:59+00:00\",\"dateModified\":\"2023-08-02T13:18:12+00:00\",\"description\":\"La cadena de plomo enfundada se inserta en el dobladillo inferior para lastrar todas las cortinas. Presentaci\u00f3n: Bobina de 100 m (70\u00a0g), venta solo en bobina Caja de 100 m (200 g), se puede vender por metro Caja de 50 m (400 g), se puede vender por metro Colores: Blanco (70 g) Blanco o negro (200 y 400 g) Peso: 70 g\/m (para tejidos ligeros) 200 g\/m (para tejidos de peso medio) 400 g\/m (para tejidos pesados) Breve descripci\u00f3n: Peque\u00f1os plomos que se montan en cadena dentro de una funda textil flexible.\",\"breadcrumb\":{\"@id\":\"https:\/\/www.azur-scenic.com\/es\/producto\/cadena-de-plomo\/#breadcrumb\"},\"inLanguage\":\"es\",\"potentialAction\":[{\"@type\":\"ReadAction\",\"target\":[\"https:\/\/www.azur-scenic.com\/es\/producto\/cadena-de-plomo\/\"]}]},{\"@type\":\"ImageObject\",\"inLanguage\":\"es\",\"@id\":\"https:\/\/www.azur-scenic.com\/es\/producto\/cadena-de-plomo\/#primaryimage\",\"url\":\"https:\/\/www.azur-scenic.com\/wp-content\/uploads\/9c97784654f5412734b774fea9d96158.jpg\",\"contentUrl\":\"https:\/\/www.azur-scenic.com\/wp-content\/uploads\/9c97784654f5412734b774fea9d96158.jpg\",\"width\":1134,\"height\":1134},{\"@type\":\"BreadcrumbList\",\"@id\":\"https:\/\/www.azur-scenic.com\/es\/producto\/cadena-de-plomo\/#breadcrumb\",\"itemListElement\":[{\"@type\":\"ListItem\",\"position\":1,\"name\":\"Accueil\",\"item\":\"https:\/\/www.azur-scenic.com\/es\/\"},{\"@type\":\"ListItem\",\"position\":2,\"name\":\"Productos\",\"item\":\"https:\/\/www.azur-scenic.com\/es\/?page_id=21440\"},{\"@type\":\"ListItem\",\"position\":3,\"name\":\"Cadena de plomo\"}]},{\"@type\":\"WebSite\",\"@id\":\"https:\/\/www.azur-scenic.com\/es\/#website\",\"url\":\"https:\/\/www.azur-scenic.com\/es\/\",\"name\":\"Azur Scenic\",\"description\":\"Sp\u00e9cialiste de l\u2019\u00e9quipement sc\u00e9nique et de la d\u00e9coration int\u00e9rieure et \u00e9v\u00e9nementielle !\",\"publisher\":{\"@id\":\"https:\/\/www.azur-scenic.com\/es\/#organization\"},\"potentialAction\":[{\"@type\":\"SearchAction\",\"target\":{\"@type\":\"EntryPoint\",\"urlTemplate\":\"https:\/\/www.azur-scenic.com\/es\/?s={search_term_string}\"},\"query-input\":{\"@type\":\"PropertyValueSpecification\",\"valueRequired\":true,\"valueName\":\"search_term_string\"}}],\"inLanguage\":\"es\"},{\"@type\":\"Organization\",\"@id\":\"https:\/\/www.azur-scenic.com\/es\/#organization\",\"name\":\"AZUR SCENIC\",\"url\":\"https:\/\/www.azur-scenic.com\/es\/\",\"logo\":{\"@type\":\"ImageObject\",\"inLanguage\":\"es\",\"@id\":\"https:\/\/www.azur-scenic.com\/es\/#\/schema\/logo\/image\/\",\"url\":\"https:\/\/www.azur-scenic.com\/wp-content\/uploads\/2022\/09\/LOGO-AZUR-SCENIC-Fusion-web-236x64-1.jpg\",\"contentUrl\":\"https:\/\/www.azur-scenic.com\/wp-content\/uploads\/2022\/09\/LOGO-AZUR-SCENIC-Fusion-web-236x64-1.jpg\",\"width\":236,\"height\":64,\"caption\":\"AZUR SCENIC\"},\"image\":{\"@id\":\"https:\/\/www.azur-scenic.com\/es\/#\/schema\/logo\/image\/\"},\"sameAs\":[\"https:\/\/www.youtube.com\/channel\/UCPWM2mGPVUt4nYhNlm71WOA\",\"https:\/\/www.linkedin.com\/company\/33237605\/admin\/feed\/posts\/\"]}]}<\/script>\n<!-- \/ Yoast SEO plugin. -->","yoast_head_json":{"title":"Cadena de plomo - Azur Scenic","description":"La cadena de plomo enfundada se inserta en el dobladillo inferior para lastrar todas las cortinas. Presentaci\u00f3n:  Bobina de 100 m (70\u00a0g), venta solo en bobina Caja de 100 m (200 g), se puede vender por metro Caja de 50 m (400 g), se puede vender por metro Colores:  Blanco (70 g) Blanco o negro (200 y 400 g) Peso:  70 g\/m (para tejidos ligeros) 200 g\/m (para tejidos de peso medio) 400 g\/m (para tejidos pesados) Breve descripci\u00f3n: Peque\u00f1os plomos que se montan en cadena dentro de una funda textil flexible.","robots":{"index":"index","follow":"follow","max-snippet":"max-snippet:-1","max-image-preview":"max-image-preview:large","max-video-preview":"max-video-preview:-1"},"canonical":"https:\/\/www.azur-scenic.com\/es\/producto\/cadena-de-plomo\/","og_locale":"es_ES","og_type":"article","og_title":"Cadena de plomo - Azur Scenic","og_description":"La cadena de plomo enfundada se inserta en el dobladillo inferior para lastrar todas las cortinas. Presentaci\u00f3n:  Bobina de 100 m (70\u00a0g), venta solo en bobina Caja de 100 m (200 g), se puede vender por metro Caja de 50 m (400 g), se puede vender por metro Colores:  Blanco (70 g) Blanco o negro (200 y 400 g) Peso:  70 g\/m (para tejidos ligeros) 200 g\/m (para tejidos de peso medio) 400 g\/m (para tejidos pesados) Breve descripci\u00f3n: Peque\u00f1os plomos que se montan en cadena dentro de una funda textil flexible.","og_url":"https:\/\/www.azur-scenic.com\/es\/producto\/cadena-de-plomo\/","og_site_name":"Azur Scenic","article_modified_time":"2023-08-02T13:18:12+00:00","og_image":[{"width":1134,"height":1134,"url":"https:\/\/www.azur-scenic.com\/wp-content\/uploads\/9c97784654f5412734b774fea9d96158.jpg","type":"image\/jpeg"}],"twitter_card":"summary_large_image","schema":{"@context":"https:\/\/schema.org","@graph":[{"@type":"WebPage","@id":"https:\/\/www.azur-scenic.com\/es\/producto\/cadena-de-plomo\/","url":"https:\/\/www.azur-scenic.com\/es\/producto\/cadena-de-plomo\/","name":"Cadena de plomo - Azur Scenic","isPartOf":{"@id":"https:\/\/www.azur-scenic.com\/es\/#website"},"primaryImageOfPage":{"@id":"https:\/\/www.azur-scenic.com\/es\/producto\/cadena-de-plomo\/#primaryimage"},"image":{"@id":"https:\/\/www.azur-scenic.com\/es\/producto\/cadena-de-plomo\/#primaryimage"},"thumbnailUrl":"https:\/\/www.azur-scenic.com\/wp-content\/uploads\/9c97784654f5412734b774fea9d96158.jpg","datePublished":"2022-10-04T07:27:59+00:00","dateModified":"2023-08-02T13:18:12+00:00","description":"La cadena de plomo enfundada se inserta en el dobladillo inferior para lastrar todas las cortinas. Presentaci\u00f3n: Bobina de 100 m (70\u00a0g), venta solo en bobina Caja de 100 m (200 g), se puede vender por metro Caja de 50 m (400 g), se puede vender por metro Colores: Blanco (70 g) Blanco o negro (200 y 400 g) Peso: 70 g\/m (para tejidos ligeros) 200 g\/m (para tejidos de peso medio) 400 g\/m (para tejidos pesados) Breve descripci\u00f3n: Peque\u00f1os plomos que se montan en cadena dentro de una funda textil flexible.","breadcrumb":{"@id":"https:\/\/www.azur-scenic.com\/es\/producto\/cadena-de-plomo\/#breadcrumb"},"inLanguage":"es","potentialAction":[{"@type":"ReadAction","target":["https:\/\/www.azur-scenic.com\/es\/producto\/cadena-de-plomo\/"]}]},{"@type":"ImageObject","inLanguage":"es","@id":"https:\/\/www.azur-scenic.com\/es\/producto\/cadena-de-plomo\/#primaryimage","url":"https:\/\/www.azur-scenic.com\/wp-content\/uploads\/9c97784654f5412734b774fea9d96158.jpg","contentUrl":"https:\/\/www.azur-scenic.com\/wp-content\/uploads\/9c97784654f5412734b774fea9d96158.jpg","width":1134,"height":1134},{"@type":"BreadcrumbList","@id":"https:\/\/www.azur-scenic.com\/es\/producto\/cadena-de-plomo\/#breadcrumb","itemListElement":[{"@type":"ListItem","position":1,"name":"Accueil","item":"https:\/\/www.azur-scenic.com\/es\/"},{"@type":"ListItem","position":2,"name":"Productos","item":"https:\/\/www.azur-scenic.com\/es\/?page_id=21440"},{"@type":"ListItem","position":3,"name":"Cadena de plomo"}]},{"@type":"WebSite","@id":"https:\/\/www.azur-scenic.com\/es\/#website","url":"https:\/\/www.azur-scenic.com\/es\/","name":"Azur Scenic","description":"Sp\u00e9cialiste de l\u2019\u00e9quipement sc\u00e9nique et de la d\u00e9coration int\u00e9rieure et \u00e9v\u00e9nementielle !","publisher":{"@id":"https:\/\/www.azur-scenic.com\/es\/#organization"},"potentialAction":[{"@type":"SearchAction","target":{"@type":"EntryPoint","urlTemplate":"https:\/\/www.azur-scenic.com\/es\/?s={search_term_string}"},"query-input":{"@type":"PropertyValueSpecification","valueRequired":true,"valueName":"search_term_string"}}],"inLanguage":"es"},{"@type":"Organization","@id":"https:\/\/www.azur-scenic.com\/es\/#organization","name":"AZUR SCENIC","url":"https:\/\/www.azur-scenic.com\/es\/","logo":{"@type":"ImageObject","inLanguage":"es","@id":"https:\/\/www.azur-scenic.com\/es\/#\/schema\/logo\/image\/","url":"https:\/\/www.azur-scenic.com\/wp-content\/uploads\/2022\/09\/LOGO-AZUR-SCENIC-Fusion-web-236x64-1.jpg","contentUrl":"https:\/\/www.azur-scenic.com\/wp-content\/uploads\/2022\/09\/LOGO-AZUR-SCENIC-Fusion-web-236x64-1.jpg","width":236,"height":64,"caption":"AZUR SCENIC"},"image":{"@id":"https:\/\/www.azur-scenic.com\/es\/#\/schema\/logo\/image\/"},"sameAs":["https:\/\/www.youtube.com\/channel\/UCPWM2mGPVUt4nYhNlm71WOA","https:\/\/www.linkedin.com\/company\/33237605\/admin\/feed\/posts\/"]}]}},"_links":{"self":[{"href":"https:\/\/www.azur-scenic.com\/es\/wp-json\/wp\/v2\/product\/17551","targetHints":{"allow":["GET"]}}],"collection":[{"href":"https:\/\/www.azur-scenic.com\/es\/wp-json\/wp\/v2\/product"}],"about":[{"href":"https:\/\/www.azur-scenic.com\/es\/wp-json\/wp\/v2\/types\/product"}],"wp:featuredmedia":[{"embeddable":true,"href":"https:\/\/www.azur-scenic.com\/es\/wp-json\/wp\/v2\/media\/7949"}],"wp:attachment":[{"href":"https:\/\/www.azur-scenic.com\/es\/wp-json\/wp\/v2\/media?parent=17551"}],"wp:term":[{"taxonomy":"product_brand","embeddable":true,"href":"https:\/\/www.azur-scenic.com\/es\/wp-json\/wp\/v2\/product_brand?post=17551"},{"taxonomy":"product_cat","embeddable":true,"href":"https:\/\/www.azur-scenic.com\/es\/wp-json\/wp\/v2\/product_cat?post=17551"},{"taxonomy":"product_tag","embeddable":true,"href":"https:\/\/www.azur-scenic.com\/es\/wp-json\/wp\/v2\/product_tag?post=17551"}],"curies":[{"name":"wp","href":"https:\/\/api.w.org\/{rel}","templated":true}]}}