{"id":17555,"date":"2022-10-04T07:27:58","date_gmt":"2022-10-04T07:27:58","guid":{"rendered":"https:\/\/www.azur-scenic.com\/produit\/adhesif-advance-pour-tapis-de-danse\/"},"modified":"2023-08-02T13:18:11","modified_gmt":"2023-08-02T13:18:11","slug":"adhesivo-advance-para-alfombra-de-baile","status":"publish","type":"product","link":"https:\/\/www.azur-scenic.com\/es\/producto\/adhesivo-advance-para-alfombra-de-baile\/","title":{"rendered":"Adhesivo Advance\u00ae para alfombra de baile"},"content":{"rendered":"<\/p>\n","protected":false},"excerpt":{"rendered":"<p><strong>Un referente indiscutible AT7 de la marca Advance\u00ae o 7641 de la marca 3M, ideal para ensamblar entre ellas las tiras de las alfombras de baile.<\/strong><\/p>\n<p><strong>Marca<\/strong>:<\/p>\n<ul>\n<li>Advance AT7 (negro, blanco, gris)<\/li>\n<li>3M 7641 (transl\u00facido)<\/li>\n<\/ul>\n<p><strong>Ancho del rollo<\/strong>: 5\u00a0cm<\/p>\n<p><strong>Longitud del rollo<\/strong>: 33 m<\/p>\n<p><strong>Presentaci\u00f3n<\/strong>:<\/p>\n<ul>\n<li>Caja de 18 rollos (negro, blanco, gris)<\/li>\n<li>Caja de 24 rollos (transl\u00facido)<\/li>\n<li>Puede venderse por unidad<\/li>\n<\/ul>\n<p><strong>Colores<\/strong>: Blanco, negro, gris, transl\u00facido<\/p>\n<p><strong>Breve descripci\u00f3n<\/strong>:<\/p>\n<ul>\n<li>Se coloca sobre el lado superior de la alfombra<\/li>\n<li>Adhesivo no corrosivo que no corre el riesgo de da\u00f1ar la alfombra y limita los rastros de pegamento en montajes y desmontajes habituales<\/li>\n<li>Retardador de llama<\/li>\n<li>F\u00e1cil de desenrollar y cortar<\/li>\n<li>Impermeable, con buena resistencia a la abrasi\u00f3n y a los rayos UV<\/li>\n<\/ul>\n<p><strong>Referencias<\/strong>:<\/p>\n<ul>\n<li>AATDB \u2013 Blanco<\/li>\n<li>AATDN \u2013 Negro<\/li>\n<li>AATDG \u2013 Gris<\/li>\n<li>AATDT \u2013 Transl\u00facido<\/li>\n<\/ul>\n","protected":false},"featured_media":7928,"template":"","meta":{"_acf_changed":false},"product_brand":[],"product_cat":[1218,1283,944],"product_tag":[],"class_list":{"0":"post-17555","1":"product","2":"type-product","3":"status-publish","4":"has-post-thumbnail","6":"product_cat-accesorios-y-consumibles","7":"product_cat-adhesivos","8":"product_cat-todos-los-productos","10":"first","11":"instock","12":"shipping-taxable","13":"purchasable","14":"product-type-simple"},"acf":[],"yoast_head":"<!-- This site is optimized with the Yoast SEO plugin v27.1.1 - https:\/\/yoast.com\/product\/yoast-seo-wordpress\/ -->\n<title>Adhesivo Advance\u00ae para alfombra de baile - Azur Scenic<\/title>\n<meta name=\"description\" content=\"Un referente indiscutible AT7 de la marca Advance\u00ae o 7641 de la marca 3M, ideal para ensamblar entre ellas las tiras de las alfombras de baile. Marca:  Advance AT7 (negro, blanco, gris) 3M 7641 (transl\u00facido) Ancho del rollo: 5\u00a0cm Longitud del rollo: 33 m Presentaci\u00f3n:  Caja de 18 rollos (negro, blanco, gris) Caja de 24 rollos (transl\u00facido) Puede venderse por unidad Colores: Blanco, negro, gris, transl\u00facido Breve descripci\u00f3n:  Se coloca sobre el lado superior de la alfombra Adhesivo no corrosivo que no corre el riesgo de da\u00f1ar la alfombra y limita los rastros de pegamento en montajes y desmontajes habituales Retardador de llama F\u00e1cil de desenrollar y cortar Impermeable, con buena resistencia a la abrasi\u00f3n y a los rayos UV Referencias:  AATDB \u2013 Blanco AATDN \u2013 Negro AATDG \u2013 Gris AATDT \u2013 Transl\u00facido\" \/>\n<meta name=\"robots\" content=\"index, follow, max-snippet:-1, max-image-preview:large, max-video-preview:-1\" \/>\n<link rel=\"canonical\" href=\"https:\/\/www.azur-scenic.com\/es\/producto\/adhesivo-advance-para-alfombra-de-baile\/\" \/>\n<meta property=\"og:locale\" content=\"es_ES\" \/>\n<meta property=\"og:type\" content=\"article\" \/>\n<meta property=\"og:title\" content=\"Adhesivo Advance\u00ae para alfombra de baile - Azur Scenic\" \/>\n<meta property=\"og:description\" content=\"Un referente indiscutible AT7 de la marca Advance\u00ae o 7641 de la marca 3M, ideal para ensamblar entre ellas las tiras de las alfombras de baile. Marca:  Advance AT7 (negro, blanco, gris) 3M 7641 (transl\u00facido) Ancho del rollo: 5\u00a0cm Longitud del rollo: 33 m Presentaci\u00f3n:  Caja de 18 rollos (negro, blanco, gris) Caja de 24 rollos (transl\u00facido) Puede venderse por unidad Colores: Blanco, negro, gris, transl\u00facido Breve descripci\u00f3n:  Se coloca sobre el lado superior de la alfombra Adhesivo no corrosivo que no corre el riesgo de da\u00f1ar la alfombra y limita los rastros de pegamento en montajes y desmontajes habituales Retardador de llama F\u00e1cil de desenrollar y cortar Impermeable, con buena resistencia a la abrasi\u00f3n y a los rayos UV Referencias:  AATDB \u2013 Blanco AATDN \u2013 Negro AATDG \u2013 Gris AATDT \u2013 Transl\u00facido\" \/>\n<meta property=\"og:url\" content=\"https:\/\/www.azur-scenic.com\/es\/producto\/adhesivo-advance-para-alfombra-de-baile\/\" \/>\n<meta property=\"og:site_name\" content=\"Azur Scenic\" \/>\n<meta property=\"article:modified_time\" content=\"2023-08-02T13:18:11+00:00\" \/>\n<meta property=\"og:image\" content=\"https:\/\/www.azur-scenic.com\/wp-content\/uploads\/67b7f5e3f9ccc7737bf6997b132cfbfe.jpg\" \/>\n\t<meta property=\"og:image:width\" content=\"591\" \/>\n\t<meta property=\"og:image:height\" content=\"591\" \/>\n\t<meta property=\"og:image:type\" content=\"image\/jpeg\" \/>\n<meta name=\"twitter:card\" content=\"summary_large_image\" \/>\n<script type=\"application\/ld+json\" class=\"yoast-schema-graph\">{\"@context\":\"https:\/\/schema.org\",\"@graph\":[{\"@type\":\"WebPage\",\"@id\":\"https:\/\/www.azur-scenic.com\/es\/producto\/adhesivo-advance-para-alfombra-de-baile\/\",\"url\":\"https:\/\/www.azur-scenic.com\/es\/producto\/adhesivo-advance-para-alfombra-de-baile\/\",\"name\":\"Adhesivo Advance\u00ae para alfombra de baile - Azur Scenic\",\"isPartOf\":{\"@id\":\"https:\/\/www.azur-scenic.com\/es\/#website\"},\"primaryImageOfPage\":{\"@id\":\"https:\/\/www.azur-scenic.com\/es\/producto\/adhesivo-advance-para-alfombra-de-baile\/#primaryimage\"},\"image\":{\"@id\":\"https:\/\/www.azur-scenic.com\/es\/producto\/adhesivo-advance-para-alfombra-de-baile\/#primaryimage\"},\"thumbnailUrl\":\"https:\/\/www.azur-scenic.com\/wp-content\/uploads\/67b7f5e3f9ccc7737bf6997b132cfbfe.jpg\",\"datePublished\":\"2022-10-04T07:27:58+00:00\",\"dateModified\":\"2023-08-02T13:18:11+00:00\",\"description\":\"Un referente indiscutible AT7 de la marca Advance\u00ae o 7641 de la marca 3M, ideal para ensamblar entre ellas las tiras de las alfombras de baile. Marca: Advance AT7 (negro, blanco, gris) 3M 7641 (transl\u00facido) Ancho del rollo: 5\u00a0cm Longitud del rollo: 33 m Presentaci\u00f3n: Caja de 18 rollos (negro, blanco, gris) Caja de 24 rollos (transl\u00facido) Puede venderse por unidad Colores: Blanco, negro, gris, transl\u00facido Breve descripci\u00f3n: Se coloca sobre el lado superior de la alfombra Adhesivo no corrosivo que no corre el riesgo de da\u00f1ar la alfombra y limita los rastros de pegamento en montajes y desmontajes habituales Retardador de llama F\u00e1cil de desenrollar y cortar Impermeable, con buena resistencia a la abrasi\u00f3n y a los rayos UV Referencias: AATDB \u2013 Blanco AATDN \u2013 Negro AATDG \u2013 Gris AATDT \u2013 Transl\u00facido\",\"breadcrumb\":{\"@id\":\"https:\/\/www.azur-scenic.com\/es\/producto\/adhesivo-advance-para-alfombra-de-baile\/#breadcrumb\"},\"inLanguage\":\"es\",\"potentialAction\":[{\"@type\":\"ReadAction\",\"target\":[\"https:\/\/www.azur-scenic.com\/es\/producto\/adhesivo-advance-para-alfombra-de-baile\/\"]}]},{\"@type\":\"ImageObject\",\"inLanguage\":\"es\",\"@id\":\"https:\/\/www.azur-scenic.com\/es\/producto\/adhesivo-advance-para-alfombra-de-baile\/#primaryimage\",\"url\":\"https:\/\/www.azur-scenic.com\/wp-content\/uploads\/67b7f5e3f9ccc7737bf6997b132cfbfe.jpg\",\"contentUrl\":\"https:\/\/www.azur-scenic.com\/wp-content\/uploads\/67b7f5e3f9ccc7737bf6997b132cfbfe.jpg\",\"width\":591,\"height\":591},{\"@type\":\"BreadcrumbList\",\"@id\":\"https:\/\/www.azur-scenic.com\/es\/producto\/adhesivo-advance-para-alfombra-de-baile\/#breadcrumb\",\"itemListElement\":[{\"@type\":\"ListItem\",\"position\":1,\"name\":\"Accueil\",\"item\":\"https:\/\/www.azur-scenic.com\/es\/\"},{\"@type\":\"ListItem\",\"position\":2,\"name\":\"Productos\",\"item\":\"https:\/\/www.azur-scenic.com\/es\/?page_id=21440\"},{\"@type\":\"ListItem\",\"position\":3,\"name\":\"Adhesivo Advance\u00ae para alfombra de baile\"}]},{\"@type\":\"WebSite\",\"@id\":\"https:\/\/www.azur-scenic.com\/es\/#website\",\"url\":\"https:\/\/www.azur-scenic.com\/es\/\",\"name\":\"Azur Scenic\",\"description\":\"Sp\u00e9cialiste de l\u2019\u00e9quipement sc\u00e9nique et de la d\u00e9coration int\u00e9rieure et \u00e9v\u00e9nementielle !\",\"publisher\":{\"@id\":\"https:\/\/www.azur-scenic.com\/es\/#organization\"},\"potentialAction\":[{\"@type\":\"SearchAction\",\"target\":{\"@type\":\"EntryPoint\",\"urlTemplate\":\"https:\/\/www.azur-scenic.com\/es\/?s={search_term_string}\"},\"query-input\":{\"@type\":\"PropertyValueSpecification\",\"valueRequired\":true,\"valueName\":\"search_term_string\"}}],\"inLanguage\":\"es\"},{\"@type\":\"Organization\",\"@id\":\"https:\/\/www.azur-scenic.com\/es\/#organization\",\"name\":\"AZUR SCENIC\",\"url\":\"https:\/\/www.azur-scenic.com\/es\/\",\"logo\":{\"@type\":\"ImageObject\",\"inLanguage\":\"es\",\"@id\":\"https:\/\/www.azur-scenic.com\/es\/#\/schema\/logo\/image\/\",\"url\":\"https:\/\/www.azur-scenic.com\/wp-content\/uploads\/2022\/09\/LOGO-AZUR-SCENIC-Fusion-web-236x64-1.jpg\",\"contentUrl\":\"https:\/\/www.azur-scenic.com\/wp-content\/uploads\/2022\/09\/LOGO-AZUR-SCENIC-Fusion-web-236x64-1.jpg\",\"width\":236,\"height\":64,\"caption\":\"AZUR SCENIC\"},\"image\":{\"@id\":\"https:\/\/www.azur-scenic.com\/es\/#\/schema\/logo\/image\/\"},\"sameAs\":[\"https:\/\/www.youtube.com\/channel\/UCPWM2mGPVUt4nYhNlm71WOA\",\"https:\/\/www.linkedin.com\/company\/33237605\/admin\/feed\/posts\/\"]}]}<\/script>\n<!-- \/ Yoast SEO plugin. -->","yoast_head_json":{"title":"Adhesivo Advance\u00ae para alfombra de baile - Azur Scenic","description":"Un referente indiscutible AT7 de la marca Advance\u00ae o 7641 de la marca 3M, ideal para ensamblar entre ellas las tiras de las alfombras de baile. Marca:  Advance AT7 (negro, blanco, gris) 3M 7641 (transl\u00facido) Ancho del rollo: 5\u00a0cm Longitud del rollo: 33 m Presentaci\u00f3n:  Caja de 18 rollos (negro, blanco, gris) Caja de 24 rollos (transl\u00facido) Puede venderse por unidad Colores: Blanco, negro, gris, transl\u00facido Breve descripci\u00f3n:  Se coloca sobre el lado superior de la alfombra Adhesivo no corrosivo que no corre el riesgo de da\u00f1ar la alfombra y limita los rastros de pegamento en montajes y desmontajes habituales Retardador de llama F\u00e1cil de desenrollar y cortar Impermeable, con buena resistencia a la abrasi\u00f3n y a los rayos UV Referencias:  AATDB \u2013 Blanco AATDN \u2013 Negro AATDG \u2013 Gris AATDT \u2013 Transl\u00facido","robots":{"index":"index","follow":"follow","max-snippet":"max-snippet:-1","max-image-preview":"max-image-preview:large","max-video-preview":"max-video-preview:-1"},"canonical":"https:\/\/www.azur-scenic.com\/es\/producto\/adhesivo-advance-para-alfombra-de-baile\/","og_locale":"es_ES","og_type":"article","og_title":"Adhesivo Advance\u00ae para alfombra de baile - Azur Scenic","og_description":"Un referente indiscutible AT7 de la marca Advance\u00ae o 7641 de la marca 3M, ideal para ensamblar entre ellas las tiras de las alfombras de baile. Marca:  Advance AT7 (negro, blanco, gris) 3M 7641 (transl\u00facido) Ancho del rollo: 5\u00a0cm Longitud del rollo: 33 m Presentaci\u00f3n:  Caja de 18 rollos (negro, blanco, gris) Caja de 24 rollos (transl\u00facido) Puede venderse por unidad Colores: Blanco, negro, gris, transl\u00facido Breve descripci\u00f3n:  Se coloca sobre el lado superior de la alfombra Adhesivo no corrosivo que no corre el riesgo de da\u00f1ar la alfombra y limita los rastros de pegamento en montajes y desmontajes habituales Retardador de llama F\u00e1cil de desenrollar y cortar Impermeable, con buena resistencia a la abrasi\u00f3n y a los rayos UV Referencias:  AATDB \u2013 Blanco AATDN \u2013 Negro AATDG \u2013 Gris AATDT \u2013 Transl\u00facido","og_url":"https:\/\/www.azur-scenic.com\/es\/producto\/adhesivo-advance-para-alfombra-de-baile\/","og_site_name":"Azur Scenic","article_modified_time":"2023-08-02T13:18:11+00:00","og_image":[{"width":591,"height":591,"url":"https:\/\/www.azur-scenic.com\/wp-content\/uploads\/67b7f5e3f9ccc7737bf6997b132cfbfe.jpg","type":"image\/jpeg"}],"twitter_card":"summary_large_image","schema":{"@context":"https:\/\/schema.org","@graph":[{"@type":"WebPage","@id":"https:\/\/www.azur-scenic.com\/es\/producto\/adhesivo-advance-para-alfombra-de-baile\/","url":"https:\/\/www.azur-scenic.com\/es\/producto\/adhesivo-advance-para-alfombra-de-baile\/","name":"Adhesivo Advance\u00ae para alfombra de baile - Azur Scenic","isPartOf":{"@id":"https:\/\/www.azur-scenic.com\/es\/#website"},"primaryImageOfPage":{"@id":"https:\/\/www.azur-scenic.com\/es\/producto\/adhesivo-advance-para-alfombra-de-baile\/#primaryimage"},"image":{"@id":"https:\/\/www.azur-scenic.com\/es\/producto\/adhesivo-advance-para-alfombra-de-baile\/#primaryimage"},"thumbnailUrl":"https:\/\/www.azur-scenic.com\/wp-content\/uploads\/67b7f5e3f9ccc7737bf6997b132cfbfe.jpg","datePublished":"2022-10-04T07:27:58+00:00","dateModified":"2023-08-02T13:18:11+00:00","description":"Un referente indiscutible AT7 de la marca Advance\u00ae o 7641 de la marca 3M, ideal para ensamblar entre ellas las tiras de las alfombras de baile. Marca: Advance AT7 (negro, blanco, gris) 3M 7641 (transl\u00facido) Ancho del rollo: 5\u00a0cm Longitud del rollo: 33 m Presentaci\u00f3n: Caja de 18 rollos (negro, blanco, gris) Caja de 24 rollos (transl\u00facido) Puede venderse por unidad Colores: Blanco, negro, gris, transl\u00facido Breve descripci\u00f3n: Se coloca sobre el lado superior de la alfombra Adhesivo no corrosivo que no corre el riesgo de da\u00f1ar la alfombra y limita los rastros de pegamento en montajes y desmontajes habituales Retardador de llama F\u00e1cil de desenrollar y cortar Impermeable, con buena resistencia a la abrasi\u00f3n y a los rayos UV Referencias: AATDB \u2013 Blanco AATDN \u2013 Negro AATDG \u2013 Gris AATDT \u2013 Transl\u00facido","breadcrumb":{"@id":"https:\/\/www.azur-scenic.com\/es\/producto\/adhesivo-advance-para-alfombra-de-baile\/#breadcrumb"},"inLanguage":"es","potentialAction":[{"@type":"ReadAction","target":["https:\/\/www.azur-scenic.com\/es\/producto\/adhesivo-advance-para-alfombra-de-baile\/"]}]},{"@type":"ImageObject","inLanguage":"es","@id":"https:\/\/www.azur-scenic.com\/es\/producto\/adhesivo-advance-para-alfombra-de-baile\/#primaryimage","url":"https:\/\/www.azur-scenic.com\/wp-content\/uploads\/67b7f5e3f9ccc7737bf6997b132cfbfe.jpg","contentUrl":"https:\/\/www.azur-scenic.com\/wp-content\/uploads\/67b7f5e3f9ccc7737bf6997b132cfbfe.jpg","width":591,"height":591},{"@type":"BreadcrumbList","@id":"https:\/\/www.azur-scenic.com\/es\/producto\/adhesivo-advance-para-alfombra-de-baile\/#breadcrumb","itemListElement":[{"@type":"ListItem","position":1,"name":"Accueil","item":"https:\/\/www.azur-scenic.com\/es\/"},{"@type":"ListItem","position":2,"name":"Productos","item":"https:\/\/www.azur-scenic.com\/es\/?page_id=21440"},{"@type":"ListItem","position":3,"name":"Adhesivo Advance\u00ae para alfombra de baile"}]},{"@type":"WebSite","@id":"https:\/\/www.azur-scenic.com\/es\/#website","url":"https:\/\/www.azur-scenic.com\/es\/","name":"Azur Scenic","description":"Sp\u00e9cialiste de l\u2019\u00e9quipement sc\u00e9nique et de la d\u00e9coration int\u00e9rieure et \u00e9v\u00e9nementielle !","publisher":{"@id":"https:\/\/www.azur-scenic.com\/es\/#organization"},"potentialAction":[{"@type":"SearchAction","target":{"@type":"EntryPoint","urlTemplate":"https:\/\/www.azur-scenic.com\/es\/?s={search_term_string}"},"query-input":{"@type":"PropertyValueSpecification","valueRequired":true,"valueName":"search_term_string"}}],"inLanguage":"es"},{"@type":"Organization","@id":"https:\/\/www.azur-scenic.com\/es\/#organization","name":"AZUR SCENIC","url":"https:\/\/www.azur-scenic.com\/es\/","logo":{"@type":"ImageObject","inLanguage":"es","@id":"https:\/\/www.azur-scenic.com\/es\/#\/schema\/logo\/image\/","url":"https:\/\/www.azur-scenic.com\/wp-content\/uploads\/2022\/09\/LOGO-AZUR-SCENIC-Fusion-web-236x64-1.jpg","contentUrl":"https:\/\/www.azur-scenic.com\/wp-content\/uploads\/2022\/09\/LOGO-AZUR-SCENIC-Fusion-web-236x64-1.jpg","width":236,"height":64,"caption":"AZUR SCENIC"},"image":{"@id":"https:\/\/www.azur-scenic.com\/es\/#\/schema\/logo\/image\/"},"sameAs":["https:\/\/www.youtube.com\/channel\/UCPWM2mGPVUt4nYhNlm71WOA","https:\/\/www.linkedin.com\/company\/33237605\/admin\/feed\/posts\/"]}]}},"_links":{"self":[{"href":"https:\/\/www.azur-scenic.com\/es\/wp-json\/wp\/v2\/product\/17555","targetHints":{"allow":["GET"]}}],"collection":[{"href":"https:\/\/www.azur-scenic.com\/es\/wp-json\/wp\/v2\/product"}],"about":[{"href":"https:\/\/www.azur-scenic.com\/es\/wp-json\/wp\/v2\/types\/product"}],"wp:featuredmedia":[{"embeddable":true,"href":"https:\/\/www.azur-scenic.com\/es\/wp-json\/wp\/v2\/media\/7928"}],"wp:attachment":[{"href":"https:\/\/www.azur-scenic.com\/es\/wp-json\/wp\/v2\/media?parent=17555"}],"wp:term":[{"taxonomy":"product_brand","embeddable":true,"href":"https:\/\/www.azur-scenic.com\/es\/wp-json\/wp\/v2\/product_brand?post=17555"},{"taxonomy":"product_cat","embeddable":true,"href":"https:\/\/www.azur-scenic.com\/es\/wp-json\/wp\/v2\/product_cat?post=17555"},{"taxonomy":"product_tag","embeddable":true,"href":"https:\/\/www.azur-scenic.com\/es\/wp-json\/wp\/v2\/product_tag?post=17555"}],"curies":[{"name":"wp","href":"https:\/\/api.w.org\/{rel}","templated":true}]}}