{"id":17566,"date":"2022-10-04T07:27:54","date_gmt":"2022-10-04T07:27:54","guid":{"rendered":"https:\/\/www.azur-scenic.com\/produit\/gaffeur-advance-noir-mat\/"},"modified":"2023-08-02T13:18:07","modified_gmt":"2023-08-02T13:18:07","slug":"cinta-advance-negro-mate","status":"publish","type":"product","link":"https:\/\/www.azur-scenic.com\/es\/producto\/cinta-advance-negro-mate\/","title":{"rendered":"Cinta Advance\u00ae Negro Mate"},"content":{"rendered":"<\/p>\n","protected":false},"excerpt":{"rendered":"<p><strong>La referencia de la cinta extramate AT159 de la marca Advance\u00ae, ideal para todos los usos esc\u00e9nicos.<\/strong><\/p>\n<p><strong>Marca<\/strong>: Advance AT159<\/p>\n<p><strong>Ancho del rollo<\/strong>: 5\u00a0cm<\/p>\n<p><strong>Longitud del rollo<\/strong>: 50 m<\/p>\n<p><strong>Presentaci\u00f3n<\/strong>: Caja de 24 rollos<br \/>\nPuede venderse por unidad<\/p>\n<p><strong>Colores<\/strong>: Negro<\/p>\n<p><strong>Breve descripci\u00f3n<\/strong>:<\/p>\n<ul>\n<li>Acabado ultramate<\/li>\n<li>Muy f\u00e1cil de desenrollar y cortar<\/li>\n<li>Se puede escribir en su lado superior<\/li>\n<li>Adhesivo potente no corrosivo<\/li>\n<li>Impermeable, con buena resistencia a la abrasi\u00f3n y a los rayos UV<\/li>\n<\/ul>\n","protected":false},"featured_media":7904,"template":"","meta":{"_acf_changed":false},"product_brand":[],"product_cat":[1218,1283],"product_tag":[],"class_list":{"0":"post-17566","1":"product","2":"type-product","3":"status-publish","4":"has-post-thumbnail","6":"product_cat-accesorios-y-consumibles","7":"product_cat-adhesivos","9":"first","10":"instock","11":"shipping-taxable","12":"purchasable","13":"product-type-simple"},"acf":[],"yoast_head":"<!-- This site is optimized with the Yoast SEO plugin v27.3 - https:\/\/yoast.com\/product\/yoast-seo-wordpress\/ -->\n<title>Cinta Advance\u00ae Negro Mate - Azur Scenic<\/title>\n<meta name=\"description\" content=\"La referencia de la cinta extramate AT159 de la marca Advance\u00ae, ideal para todos los usos esc\u00e9nicos. Marca: Advance AT159 Ancho del rollo: 5\u00a0cm Longitud del rollo: 50 m Presentaci\u00f3n: Caja de 24 rollos Puede venderse por unidad Colores: Negro Breve descripci\u00f3n:  Acabado ultramate Muy f\u00e1cil de desenrollar y cortar Se puede escribir en su lado superior Adhesivo potente no corrosivo Impermeable, con buena resistencia a la abrasi\u00f3n y a los rayos UV\" \/>\n<meta name=\"robots\" content=\"index, follow, max-snippet:-1, max-image-preview:large, max-video-preview:-1\" \/>\n<link rel=\"canonical\" href=\"https:\/\/www.azur-scenic.com\/es\/producto\/cinta-advance-negro-mate\/\" \/>\n<meta property=\"og:locale\" content=\"es_ES\" \/>\n<meta property=\"og:type\" content=\"article\" \/>\n<meta property=\"og:title\" content=\"Cinta Advance\u00ae Negro Mate - Azur Scenic\" \/>\n<meta property=\"og:description\" content=\"La referencia de la cinta extramate AT159 de la marca Advance\u00ae, ideal para todos los usos esc\u00e9nicos. Marca: Advance AT159 Ancho del rollo: 5\u00a0cm Longitud del rollo: 50 m Presentaci\u00f3n: Caja de 24 rollos Puede venderse por unidad Colores: Negro Breve descripci\u00f3n:  Acabado ultramate Muy f\u00e1cil de desenrollar y cortar Se puede escribir en su lado superior Adhesivo potente no corrosivo Impermeable, con buena resistencia a la abrasi\u00f3n y a los rayos UV\" \/>\n<meta property=\"og:url\" content=\"https:\/\/www.azur-scenic.com\/es\/producto\/cinta-advance-negro-mate\/\" \/>\n<meta property=\"og:site_name\" content=\"Azur Scenic\" \/>\n<meta property=\"article:modified_time\" content=\"2023-08-02T13:18:07+00:00\" \/>\n<meta property=\"og:image\" content=\"https:\/\/www.azur-scenic.com\/wp-content\/uploads\/86863401a77be0f274b3a10ade6264d8.jpg\" \/>\n\t<meta property=\"og:image:width\" content=\"1984\" \/>\n\t<meta property=\"og:image:height\" content=\"1984\" \/>\n\t<meta property=\"og:image:type\" content=\"image\/jpeg\" \/>\n<meta name=\"twitter:card\" content=\"summary_large_image\" \/>\n<script type=\"application\/ld+json\" class=\"yoast-schema-graph\">{\"@context\":\"https:\\\/\\\/schema.org\",\"@graph\":[{\"@type\":\"WebPage\",\"@id\":\"https:\\\/\\\/www.azur-scenic.com\\\/es\\\/producto\\\/cinta-advance-negro-mate\\\/\",\"url\":\"https:\\\/\\\/www.azur-scenic.com\\\/es\\\/producto\\\/cinta-advance-negro-mate\\\/\",\"name\":\"Cinta Advance\u00ae Negro Mate - Azur Scenic\",\"isPartOf\":{\"@id\":\"https:\\\/\\\/www.azur-scenic.com\\\/es\\\/#website\"},\"primaryImageOfPage\":{\"@id\":\"https:\\\/\\\/www.azur-scenic.com\\\/es\\\/producto\\\/cinta-advance-negro-mate\\\/#primaryimage\"},\"image\":{\"@id\":\"https:\\\/\\\/www.azur-scenic.com\\\/es\\\/producto\\\/cinta-advance-negro-mate\\\/#primaryimage\"},\"thumbnailUrl\":\"https:\\\/\\\/www.azur-scenic.com\\\/wp-content\\\/uploads\\\/86863401a77be0f274b3a10ade6264d8.jpg\",\"datePublished\":\"2022-10-04T07:27:54+00:00\",\"dateModified\":\"2023-08-02T13:18:07+00:00\",\"description\":\"La referencia de la cinta extramate AT159 de la marca Advance\u00ae, ideal para todos los usos esc\u00e9nicos. Marca: Advance AT159 Ancho del rollo: 5\u00a0cm Longitud del rollo: 50 m Presentaci\u00f3n: Caja de 24 rollos Puede venderse por unidad Colores: Negro Breve descripci\u00f3n: Acabado ultramate Muy f\u00e1cil de desenrollar y cortar Se puede escribir en su lado superior Adhesivo potente no corrosivo Impermeable, con buena resistencia a la abrasi\u00f3n y a los rayos UV\",\"breadcrumb\":{\"@id\":\"https:\\\/\\\/www.azur-scenic.com\\\/es\\\/producto\\\/cinta-advance-negro-mate\\\/#breadcrumb\"},\"inLanguage\":\"es\",\"potentialAction\":[{\"@type\":\"ReadAction\",\"target\":[\"https:\\\/\\\/www.azur-scenic.com\\\/es\\\/producto\\\/cinta-advance-negro-mate\\\/\"]}]},{\"@type\":\"ImageObject\",\"inLanguage\":\"es\",\"@id\":\"https:\\\/\\\/www.azur-scenic.com\\\/es\\\/producto\\\/cinta-advance-negro-mate\\\/#primaryimage\",\"url\":\"https:\\\/\\\/www.azur-scenic.com\\\/wp-content\\\/uploads\\\/86863401a77be0f274b3a10ade6264d8.jpg\",\"contentUrl\":\"https:\\\/\\\/www.azur-scenic.com\\\/wp-content\\\/uploads\\\/86863401a77be0f274b3a10ade6264d8.jpg\",\"width\":1984,\"height\":1984},{\"@type\":\"BreadcrumbList\",\"@id\":\"https:\\\/\\\/www.azur-scenic.com\\\/es\\\/producto\\\/cinta-advance-negro-mate\\\/#breadcrumb\",\"itemListElement\":[{\"@type\":\"ListItem\",\"position\":1,\"name\":\"Accueil\",\"item\":\"https:\\\/\\\/www.azur-scenic.com\\\/es\\\/\"},{\"@type\":\"ListItem\",\"position\":2,\"name\":\"Productos\",\"item\":\"https:\\\/\\\/www.azur-scenic.com\\\/es\\\/?page_id=21440\"},{\"@type\":\"ListItem\",\"position\":3,\"name\":\"Cinta Advance\u00ae Negro Mate\"}]},{\"@type\":\"WebSite\",\"@id\":\"https:\\\/\\\/www.azur-scenic.com\\\/es\\\/#website\",\"url\":\"https:\\\/\\\/www.azur-scenic.com\\\/es\\\/\",\"name\":\"Azur Scenic\",\"description\":\"Sp\u00e9cialiste de l\u2019\u00e9quipement sc\u00e9nique et de la d\u00e9coration int\u00e9rieure et \u00e9v\u00e9nementielle !\",\"publisher\":{\"@id\":\"https:\\\/\\\/www.azur-scenic.com\\\/es\\\/#organization\"},\"potentialAction\":[{\"@type\":\"SearchAction\",\"target\":{\"@type\":\"EntryPoint\",\"urlTemplate\":\"https:\\\/\\\/www.azur-scenic.com\\\/es\\\/?s={search_term_string}\"},\"query-input\":{\"@type\":\"PropertyValueSpecification\",\"valueRequired\":true,\"valueName\":\"search_term_string\"}}],\"inLanguage\":\"es\"},{\"@type\":\"Organization\",\"@id\":\"https:\\\/\\\/www.azur-scenic.com\\\/es\\\/#organization\",\"name\":\"AZUR SCENIC\",\"url\":\"https:\\\/\\\/www.azur-scenic.com\\\/es\\\/\",\"logo\":{\"@type\":\"ImageObject\",\"inLanguage\":\"es\",\"@id\":\"https:\\\/\\\/www.azur-scenic.com\\\/es\\\/#\\\/schema\\\/logo\\\/image\\\/\",\"url\":\"https:\\\/\\\/www.azur-scenic.com\\\/wp-content\\\/uploads\\\/2022\\\/09\\\/LOGO-AZUR-SCENIC-Fusion-web-236x64-1.jpg\",\"contentUrl\":\"https:\\\/\\\/www.azur-scenic.com\\\/wp-content\\\/uploads\\\/2022\\\/09\\\/LOGO-AZUR-SCENIC-Fusion-web-236x64-1.jpg\",\"width\":236,\"height\":64,\"caption\":\"AZUR SCENIC\"},\"image\":{\"@id\":\"https:\\\/\\\/www.azur-scenic.com\\\/es\\\/#\\\/schema\\\/logo\\\/image\\\/\"},\"sameAs\":[\"https:\\\/\\\/www.youtube.com\\\/channel\\\/UCPWM2mGPVUt4nYhNlm71WOA\",\"https:\\\/\\\/www.linkedin.com\\\/company\\\/33237605\\\/admin\\\/feed\\\/posts\\\/\"]}]}<\/script>\n<!-- \/ Yoast SEO plugin. -->","yoast_head_json":{"title":"Cinta Advance\u00ae Negro Mate - Azur Scenic","description":"La referencia de la cinta extramate AT159 de la marca Advance\u00ae, ideal para todos los usos esc\u00e9nicos. Marca: Advance AT159 Ancho del rollo: 5\u00a0cm Longitud del rollo: 50 m Presentaci\u00f3n: Caja de 24 rollos Puede venderse por unidad Colores: Negro Breve descripci\u00f3n:  Acabado ultramate Muy f\u00e1cil de desenrollar y cortar Se puede escribir en su lado superior Adhesivo potente no corrosivo Impermeable, con buena resistencia a la abrasi\u00f3n y a los rayos UV","robots":{"index":"index","follow":"follow","max-snippet":"max-snippet:-1","max-image-preview":"max-image-preview:large","max-video-preview":"max-video-preview:-1"},"canonical":"https:\/\/www.azur-scenic.com\/es\/producto\/cinta-advance-negro-mate\/","og_locale":"es_ES","og_type":"article","og_title":"Cinta Advance\u00ae Negro Mate - Azur Scenic","og_description":"La referencia de la cinta extramate AT159 de la marca Advance\u00ae, ideal para todos los usos esc\u00e9nicos. Marca: Advance AT159 Ancho del rollo: 5\u00a0cm Longitud del rollo: 50 m Presentaci\u00f3n: Caja de 24 rollos Puede venderse por unidad Colores: Negro Breve descripci\u00f3n:  Acabado ultramate Muy f\u00e1cil de desenrollar y cortar Se puede escribir en su lado superior Adhesivo potente no corrosivo Impermeable, con buena resistencia a la abrasi\u00f3n y a los rayos UV","og_url":"https:\/\/www.azur-scenic.com\/es\/producto\/cinta-advance-negro-mate\/","og_site_name":"Azur Scenic","article_modified_time":"2023-08-02T13:18:07+00:00","og_image":[{"width":1984,"height":1984,"url":"https:\/\/www.azur-scenic.com\/wp-content\/uploads\/86863401a77be0f274b3a10ade6264d8.jpg","type":"image\/jpeg"}],"twitter_card":"summary_large_image","schema":{"@context":"https:\/\/schema.org","@graph":[{"@type":"WebPage","@id":"https:\/\/www.azur-scenic.com\/es\/producto\/cinta-advance-negro-mate\/","url":"https:\/\/www.azur-scenic.com\/es\/producto\/cinta-advance-negro-mate\/","name":"Cinta Advance\u00ae Negro Mate - Azur Scenic","isPartOf":{"@id":"https:\/\/www.azur-scenic.com\/es\/#website"},"primaryImageOfPage":{"@id":"https:\/\/www.azur-scenic.com\/es\/producto\/cinta-advance-negro-mate\/#primaryimage"},"image":{"@id":"https:\/\/www.azur-scenic.com\/es\/producto\/cinta-advance-negro-mate\/#primaryimage"},"thumbnailUrl":"https:\/\/www.azur-scenic.com\/wp-content\/uploads\/86863401a77be0f274b3a10ade6264d8.jpg","datePublished":"2022-10-04T07:27:54+00:00","dateModified":"2023-08-02T13:18:07+00:00","description":"La referencia de la cinta extramate AT159 de la marca Advance\u00ae, ideal para todos los usos esc\u00e9nicos. Marca: Advance AT159 Ancho del rollo: 5\u00a0cm Longitud del rollo: 50 m Presentaci\u00f3n: Caja de 24 rollos Puede venderse por unidad Colores: Negro Breve descripci\u00f3n: Acabado ultramate Muy f\u00e1cil de desenrollar y cortar Se puede escribir en su lado superior Adhesivo potente no corrosivo Impermeable, con buena resistencia a la abrasi\u00f3n y a los rayos UV","breadcrumb":{"@id":"https:\/\/www.azur-scenic.com\/es\/producto\/cinta-advance-negro-mate\/#breadcrumb"},"inLanguage":"es","potentialAction":[{"@type":"ReadAction","target":["https:\/\/www.azur-scenic.com\/es\/producto\/cinta-advance-negro-mate\/"]}]},{"@type":"ImageObject","inLanguage":"es","@id":"https:\/\/www.azur-scenic.com\/es\/producto\/cinta-advance-negro-mate\/#primaryimage","url":"https:\/\/www.azur-scenic.com\/wp-content\/uploads\/86863401a77be0f274b3a10ade6264d8.jpg","contentUrl":"https:\/\/www.azur-scenic.com\/wp-content\/uploads\/86863401a77be0f274b3a10ade6264d8.jpg","width":1984,"height":1984},{"@type":"BreadcrumbList","@id":"https:\/\/www.azur-scenic.com\/es\/producto\/cinta-advance-negro-mate\/#breadcrumb","itemListElement":[{"@type":"ListItem","position":1,"name":"Accueil","item":"https:\/\/www.azur-scenic.com\/es\/"},{"@type":"ListItem","position":2,"name":"Productos","item":"https:\/\/www.azur-scenic.com\/es\/?page_id=21440"},{"@type":"ListItem","position":3,"name":"Cinta Advance\u00ae Negro Mate"}]},{"@type":"WebSite","@id":"https:\/\/www.azur-scenic.com\/es\/#website","url":"https:\/\/www.azur-scenic.com\/es\/","name":"Azur Scenic","description":"Sp\u00e9cialiste de l\u2019\u00e9quipement sc\u00e9nique et de la d\u00e9coration int\u00e9rieure et \u00e9v\u00e9nementielle !","publisher":{"@id":"https:\/\/www.azur-scenic.com\/es\/#organization"},"potentialAction":[{"@type":"SearchAction","target":{"@type":"EntryPoint","urlTemplate":"https:\/\/www.azur-scenic.com\/es\/?s={search_term_string}"},"query-input":{"@type":"PropertyValueSpecification","valueRequired":true,"valueName":"search_term_string"}}],"inLanguage":"es"},{"@type":"Organization","@id":"https:\/\/www.azur-scenic.com\/es\/#organization","name":"AZUR SCENIC","url":"https:\/\/www.azur-scenic.com\/es\/","logo":{"@type":"ImageObject","inLanguage":"es","@id":"https:\/\/www.azur-scenic.com\/es\/#\/schema\/logo\/image\/","url":"https:\/\/www.azur-scenic.com\/wp-content\/uploads\/2022\/09\/LOGO-AZUR-SCENIC-Fusion-web-236x64-1.jpg","contentUrl":"https:\/\/www.azur-scenic.com\/wp-content\/uploads\/2022\/09\/LOGO-AZUR-SCENIC-Fusion-web-236x64-1.jpg","width":236,"height":64,"caption":"AZUR SCENIC"},"image":{"@id":"https:\/\/www.azur-scenic.com\/es\/#\/schema\/logo\/image\/"},"sameAs":["https:\/\/www.youtube.com\/channel\/UCPWM2mGPVUt4nYhNlm71WOA","https:\/\/www.linkedin.com\/company\/33237605\/admin\/feed\/posts\/"]}]}},"_links":{"self":[{"href":"https:\/\/www.azur-scenic.com\/es\/wp-json\/wp\/v2\/product\/17566","targetHints":{"allow":["GET"]}}],"collection":[{"href":"https:\/\/www.azur-scenic.com\/es\/wp-json\/wp\/v2\/product"}],"about":[{"href":"https:\/\/www.azur-scenic.com\/es\/wp-json\/wp\/v2\/types\/product"}],"wp:featuredmedia":[{"embeddable":true,"href":"https:\/\/www.azur-scenic.com\/es\/wp-json\/wp\/v2\/media\/7904"}],"wp:attachment":[{"href":"https:\/\/www.azur-scenic.com\/es\/wp-json\/wp\/v2\/media?parent=17566"}],"wp:term":[{"taxonomy":"product_brand","embeddable":true,"href":"https:\/\/www.azur-scenic.com\/es\/wp-json\/wp\/v2\/product_brand?post=17566"},{"taxonomy":"product_cat","embeddable":true,"href":"https:\/\/www.azur-scenic.com\/es\/wp-json\/wp\/v2\/product_cat?post=17566"},{"taxonomy":"product_tag","embeddable":true,"href":"https:\/\/www.azur-scenic.com\/es\/wp-json\/wp\/v2\/product_tag?post=17566"}],"curies":[{"name":"wp","href":"https:\/\/api.w.org\/{rel}","templated":true}]}}