{"id":17567,"date":"2022-10-04T07:27:54","date_gmt":"2022-10-04T07:27:54","guid":{"rendered":"https:\/\/www.azur-scenic.com\/produit\/gaffeur-advance\/"},"modified":"2023-08-02T13:18:07","modified_gmt":"2023-08-02T13:18:07","slug":"cinta-advance","status":"publish","type":"product","link":"https:\/\/www.azur-scenic.com\/es\/producto\/cinta-advance\/","title":{"rendered":"Cinta Advance\u00ae"},"content":{"rendered":"<\/p>\n","protected":false},"excerpt":{"rendered":"<p><strong>La referencia indiscutible de la cinta AT171 de la marca Advance\u00ae, ideal para todos los usos esc\u00e9nicos.<\/strong><\/p>\n<p><strong>Marca<\/strong>: Advance AT171<\/p>\n<p><strong>Ancho del rollo<\/strong>: 5\u00a0cm<\/p>\n<p><strong>Longitud del rollo<\/strong>: 50 m<\/p>\n<p><strong>Presentaci\u00f3n<\/strong>: Caja de 24 rollos<br \/>\nPuede venderse por unidad<\/p>\n<p><strong>Colores<\/strong>: Blanco o negro<\/p>\n<p><strong>Breve descripci\u00f3n<\/strong>:<\/p>\n<ul>\n<li>Muy f\u00e1cil de desenrollar y cortar<\/li>\n<li>Muy alto poder adhesivo inmediato<\/li>\n<li>Adhesivo no corrosivo<\/li>\n<li>Impermeable, con buena resistencia a la abrasi\u00f3n y a los rayos UV<\/li>\n<\/ul>\n<p>\n<strong>Referencias<\/strong>:<\/p>\n<ul>\n<li>AAGAB \u2013 Blanco<\/li>\n<li>AAGAN \u2013 Negro<\/li>\n<\/ul>\n","protected":false},"featured_media":7895,"template":"","meta":{"_acf_changed":false},"product_brand":[],"product_cat":[1218,1283,944],"product_tag":[],"class_list":{"0":"post-17567","1":"product","2":"type-product","3":"status-publish","4":"has-post-thumbnail","6":"product_cat-accesorios-y-consumibles","7":"product_cat-adhesivos","8":"product_cat-todos-los-productos","10":"first","11":"instock","12":"shipping-taxable","13":"purchasable","14":"product-type-simple"},"acf":[],"yoast_head":"<!-- This site is optimized with the Yoast SEO plugin v27.3 - https:\/\/yoast.com\/product\/yoast-seo-wordpress\/ -->\n<title>Cinta Advance\u00ae - Azur Scenic<\/title>\n<meta name=\"description\" content=\"La referencia indiscutible de la cinta AT171 de la marca Advance\u00ae, ideal para todos los usos esc\u00e9nicos. Marca: Advance AT171 Ancho del rollo: 5\u00a0cm Longitud del rollo: 50 m Presentaci\u00f3n: Caja de 24 rollos Puede venderse por unidad Colores: Blanco o negro Breve descripci\u00f3n:  Muy f\u00e1cil de desenrollar y cortar Muy alto poder adhesivo inmediato Adhesivo no corrosivo Impermeable, con buena resistencia a la abrasi\u00f3n y a los rayos UV  Referencias:  AAGAB \u2013 Blanco AAGAN \u2013 Negro\" \/>\n<meta name=\"robots\" content=\"index, follow, max-snippet:-1, max-image-preview:large, max-video-preview:-1\" \/>\n<link rel=\"canonical\" href=\"https:\/\/www.azur-scenic.com\/es\/producto\/cinta-advance\/\" \/>\n<meta property=\"og:locale\" content=\"es_ES\" \/>\n<meta property=\"og:type\" content=\"article\" \/>\n<meta property=\"og:title\" content=\"Cinta Advance\u00ae - Azur Scenic\" \/>\n<meta property=\"og:description\" content=\"La referencia indiscutible de la cinta AT171 de la marca Advance\u00ae, ideal para todos los usos esc\u00e9nicos. Marca: Advance AT171 Ancho del rollo: 5\u00a0cm Longitud del rollo: 50 m Presentaci\u00f3n: Caja de 24 rollos Puede venderse por unidad Colores: Blanco o negro Breve descripci\u00f3n:  Muy f\u00e1cil de desenrollar y cortar Muy alto poder adhesivo inmediato Adhesivo no corrosivo Impermeable, con buena resistencia a la abrasi\u00f3n y a los rayos UV  Referencias:  AAGAB \u2013 Blanco AAGAN \u2013 Negro\" \/>\n<meta property=\"og:url\" content=\"https:\/\/www.azur-scenic.com\/es\/producto\/cinta-advance\/\" \/>\n<meta property=\"og:site_name\" content=\"Azur Scenic\" \/>\n<meta property=\"article:modified_time\" content=\"2023-08-02T13:18:07+00:00\" \/>\n<meta property=\"og:image\" content=\"https:\/\/www.azur-scenic.com\/wp-content\/uploads\/21fc61a7d8b81f69f1bc9b1c7eeb43bf-scaled.jpg\" \/>\n\t<meta property=\"og:image:width\" content=\"2560\" \/>\n\t<meta property=\"og:image:height\" content=\"2560\" \/>\n\t<meta property=\"og:image:type\" content=\"image\/jpeg\" \/>\n<meta name=\"twitter:card\" content=\"summary_large_image\" \/>\n<script type=\"application\/ld+json\" class=\"yoast-schema-graph\">{\"@context\":\"https:\\\/\\\/schema.org\",\"@graph\":[{\"@type\":\"WebPage\",\"@id\":\"https:\\\/\\\/www.azur-scenic.com\\\/es\\\/producto\\\/cinta-advance\\\/\",\"url\":\"https:\\\/\\\/www.azur-scenic.com\\\/es\\\/producto\\\/cinta-advance\\\/\",\"name\":\"Cinta Advance\u00ae - Azur Scenic\",\"isPartOf\":{\"@id\":\"https:\\\/\\\/www.azur-scenic.com\\\/es\\\/#website\"},\"primaryImageOfPage\":{\"@id\":\"https:\\\/\\\/www.azur-scenic.com\\\/es\\\/producto\\\/cinta-advance\\\/#primaryimage\"},\"image\":{\"@id\":\"https:\\\/\\\/www.azur-scenic.com\\\/es\\\/producto\\\/cinta-advance\\\/#primaryimage\"},\"thumbnailUrl\":\"https:\\\/\\\/www.azur-scenic.com\\\/wp-content\\\/uploads\\\/21fc61a7d8b81f69f1bc9b1c7eeb43bf-scaled.jpg\",\"datePublished\":\"2022-10-04T07:27:54+00:00\",\"dateModified\":\"2023-08-02T13:18:07+00:00\",\"description\":\"La referencia indiscutible de la cinta AT171 de la marca Advance\u00ae, ideal para todos los usos esc\u00e9nicos. Marca: Advance AT171 Ancho del rollo: 5\u00a0cm Longitud del rollo: 50 m Presentaci\u00f3n: Caja de 24 rollos Puede venderse por unidad Colores: Blanco o negro Breve descripci\u00f3n: Muy f\u00e1cil de desenrollar y cortar Muy alto poder adhesivo inmediato Adhesivo no corrosivo Impermeable, con buena resistencia a la abrasi\u00f3n y a los rayos UV Referencias: AAGAB \u2013 Blanco AAGAN \u2013 Negro\",\"breadcrumb\":{\"@id\":\"https:\\\/\\\/www.azur-scenic.com\\\/es\\\/producto\\\/cinta-advance\\\/#breadcrumb\"},\"inLanguage\":\"es\",\"potentialAction\":[{\"@type\":\"ReadAction\",\"target\":[\"https:\\\/\\\/www.azur-scenic.com\\\/es\\\/producto\\\/cinta-advance\\\/\"]}]},{\"@type\":\"ImageObject\",\"inLanguage\":\"es\",\"@id\":\"https:\\\/\\\/www.azur-scenic.com\\\/es\\\/producto\\\/cinta-advance\\\/#primaryimage\",\"url\":\"https:\\\/\\\/www.azur-scenic.com\\\/wp-content\\\/uploads\\\/21fc61a7d8b81f69f1bc9b1c7eeb43bf-scaled.jpg\",\"contentUrl\":\"https:\\\/\\\/www.azur-scenic.com\\\/wp-content\\\/uploads\\\/21fc61a7d8b81f69f1bc9b1c7eeb43bf-scaled.jpg\",\"width\":2560,\"height\":2560},{\"@type\":\"BreadcrumbList\",\"@id\":\"https:\\\/\\\/www.azur-scenic.com\\\/es\\\/producto\\\/cinta-advance\\\/#breadcrumb\",\"itemListElement\":[{\"@type\":\"ListItem\",\"position\":1,\"name\":\"Accueil\",\"item\":\"https:\\\/\\\/www.azur-scenic.com\\\/es\\\/\"},{\"@type\":\"ListItem\",\"position\":2,\"name\":\"Productos\",\"item\":\"https:\\\/\\\/www.azur-scenic.com\\\/es\\\/?page_id=21440\"},{\"@type\":\"ListItem\",\"position\":3,\"name\":\"Cinta Advance\u00ae\"}]},{\"@type\":\"WebSite\",\"@id\":\"https:\\\/\\\/www.azur-scenic.com\\\/es\\\/#website\",\"url\":\"https:\\\/\\\/www.azur-scenic.com\\\/es\\\/\",\"name\":\"Azur Scenic\",\"description\":\"Sp\u00e9cialiste de l\u2019\u00e9quipement sc\u00e9nique et de la d\u00e9coration int\u00e9rieure et \u00e9v\u00e9nementielle !\",\"publisher\":{\"@id\":\"https:\\\/\\\/www.azur-scenic.com\\\/es\\\/#organization\"},\"potentialAction\":[{\"@type\":\"SearchAction\",\"target\":{\"@type\":\"EntryPoint\",\"urlTemplate\":\"https:\\\/\\\/www.azur-scenic.com\\\/es\\\/?s={search_term_string}\"},\"query-input\":{\"@type\":\"PropertyValueSpecification\",\"valueRequired\":true,\"valueName\":\"search_term_string\"}}],\"inLanguage\":\"es\"},{\"@type\":\"Organization\",\"@id\":\"https:\\\/\\\/www.azur-scenic.com\\\/es\\\/#organization\",\"name\":\"AZUR SCENIC\",\"url\":\"https:\\\/\\\/www.azur-scenic.com\\\/es\\\/\",\"logo\":{\"@type\":\"ImageObject\",\"inLanguage\":\"es\",\"@id\":\"https:\\\/\\\/www.azur-scenic.com\\\/es\\\/#\\\/schema\\\/logo\\\/image\\\/\",\"url\":\"https:\\\/\\\/www.azur-scenic.com\\\/wp-content\\\/uploads\\\/2022\\\/09\\\/LOGO-AZUR-SCENIC-Fusion-web-236x64-1.jpg\",\"contentUrl\":\"https:\\\/\\\/www.azur-scenic.com\\\/wp-content\\\/uploads\\\/2022\\\/09\\\/LOGO-AZUR-SCENIC-Fusion-web-236x64-1.jpg\",\"width\":236,\"height\":64,\"caption\":\"AZUR SCENIC\"},\"image\":{\"@id\":\"https:\\\/\\\/www.azur-scenic.com\\\/es\\\/#\\\/schema\\\/logo\\\/image\\\/\"},\"sameAs\":[\"https:\\\/\\\/www.youtube.com\\\/channel\\\/UCPWM2mGPVUt4nYhNlm71WOA\",\"https:\\\/\\\/www.linkedin.com\\\/company\\\/33237605\\\/admin\\\/feed\\\/posts\\\/\"]}]}<\/script>\n<!-- \/ Yoast SEO plugin. -->","yoast_head_json":{"title":"Cinta Advance\u00ae - Azur Scenic","description":"La referencia indiscutible de la cinta AT171 de la marca Advance\u00ae, ideal para todos los usos esc\u00e9nicos. Marca: Advance AT171 Ancho del rollo: 5\u00a0cm Longitud del rollo: 50 m Presentaci\u00f3n: Caja de 24 rollos Puede venderse por unidad Colores: Blanco o negro Breve descripci\u00f3n:  Muy f\u00e1cil de desenrollar y cortar Muy alto poder adhesivo inmediato Adhesivo no corrosivo Impermeable, con buena resistencia a la abrasi\u00f3n y a los rayos UV  Referencias:  AAGAB \u2013 Blanco AAGAN \u2013 Negro","robots":{"index":"index","follow":"follow","max-snippet":"max-snippet:-1","max-image-preview":"max-image-preview:large","max-video-preview":"max-video-preview:-1"},"canonical":"https:\/\/www.azur-scenic.com\/es\/producto\/cinta-advance\/","og_locale":"es_ES","og_type":"article","og_title":"Cinta Advance\u00ae - Azur Scenic","og_description":"La referencia indiscutible de la cinta AT171 de la marca Advance\u00ae, ideal para todos los usos esc\u00e9nicos. Marca: Advance AT171 Ancho del rollo: 5\u00a0cm Longitud del rollo: 50 m Presentaci\u00f3n: Caja de 24 rollos Puede venderse por unidad Colores: Blanco o negro Breve descripci\u00f3n:  Muy f\u00e1cil de desenrollar y cortar Muy alto poder adhesivo inmediato Adhesivo no corrosivo Impermeable, con buena resistencia a la abrasi\u00f3n y a los rayos UV  Referencias:  AAGAB \u2013 Blanco AAGAN \u2013 Negro","og_url":"https:\/\/www.azur-scenic.com\/es\/producto\/cinta-advance\/","og_site_name":"Azur Scenic","article_modified_time":"2023-08-02T13:18:07+00:00","og_image":[{"width":2560,"height":2560,"url":"https:\/\/www.azur-scenic.com\/wp-content\/uploads\/21fc61a7d8b81f69f1bc9b1c7eeb43bf-scaled.jpg","type":"image\/jpeg"}],"twitter_card":"summary_large_image","schema":{"@context":"https:\/\/schema.org","@graph":[{"@type":"WebPage","@id":"https:\/\/www.azur-scenic.com\/es\/producto\/cinta-advance\/","url":"https:\/\/www.azur-scenic.com\/es\/producto\/cinta-advance\/","name":"Cinta Advance\u00ae - Azur Scenic","isPartOf":{"@id":"https:\/\/www.azur-scenic.com\/es\/#website"},"primaryImageOfPage":{"@id":"https:\/\/www.azur-scenic.com\/es\/producto\/cinta-advance\/#primaryimage"},"image":{"@id":"https:\/\/www.azur-scenic.com\/es\/producto\/cinta-advance\/#primaryimage"},"thumbnailUrl":"https:\/\/www.azur-scenic.com\/wp-content\/uploads\/21fc61a7d8b81f69f1bc9b1c7eeb43bf-scaled.jpg","datePublished":"2022-10-04T07:27:54+00:00","dateModified":"2023-08-02T13:18:07+00:00","description":"La referencia indiscutible de la cinta AT171 de la marca Advance\u00ae, ideal para todos los usos esc\u00e9nicos. Marca: Advance AT171 Ancho del rollo: 5\u00a0cm Longitud del rollo: 50 m Presentaci\u00f3n: Caja de 24 rollos Puede venderse por unidad Colores: Blanco o negro Breve descripci\u00f3n: Muy f\u00e1cil de desenrollar y cortar Muy alto poder adhesivo inmediato Adhesivo no corrosivo Impermeable, con buena resistencia a la abrasi\u00f3n y a los rayos UV Referencias: AAGAB \u2013 Blanco AAGAN \u2013 Negro","breadcrumb":{"@id":"https:\/\/www.azur-scenic.com\/es\/producto\/cinta-advance\/#breadcrumb"},"inLanguage":"es","potentialAction":[{"@type":"ReadAction","target":["https:\/\/www.azur-scenic.com\/es\/producto\/cinta-advance\/"]}]},{"@type":"ImageObject","inLanguage":"es","@id":"https:\/\/www.azur-scenic.com\/es\/producto\/cinta-advance\/#primaryimage","url":"https:\/\/www.azur-scenic.com\/wp-content\/uploads\/21fc61a7d8b81f69f1bc9b1c7eeb43bf-scaled.jpg","contentUrl":"https:\/\/www.azur-scenic.com\/wp-content\/uploads\/21fc61a7d8b81f69f1bc9b1c7eeb43bf-scaled.jpg","width":2560,"height":2560},{"@type":"BreadcrumbList","@id":"https:\/\/www.azur-scenic.com\/es\/producto\/cinta-advance\/#breadcrumb","itemListElement":[{"@type":"ListItem","position":1,"name":"Accueil","item":"https:\/\/www.azur-scenic.com\/es\/"},{"@type":"ListItem","position":2,"name":"Productos","item":"https:\/\/www.azur-scenic.com\/es\/?page_id=21440"},{"@type":"ListItem","position":3,"name":"Cinta Advance\u00ae"}]},{"@type":"WebSite","@id":"https:\/\/www.azur-scenic.com\/es\/#website","url":"https:\/\/www.azur-scenic.com\/es\/","name":"Azur Scenic","description":"Sp\u00e9cialiste de l\u2019\u00e9quipement sc\u00e9nique et de la d\u00e9coration int\u00e9rieure et \u00e9v\u00e9nementielle !","publisher":{"@id":"https:\/\/www.azur-scenic.com\/es\/#organization"},"potentialAction":[{"@type":"SearchAction","target":{"@type":"EntryPoint","urlTemplate":"https:\/\/www.azur-scenic.com\/es\/?s={search_term_string}"},"query-input":{"@type":"PropertyValueSpecification","valueRequired":true,"valueName":"search_term_string"}}],"inLanguage":"es"},{"@type":"Organization","@id":"https:\/\/www.azur-scenic.com\/es\/#organization","name":"AZUR SCENIC","url":"https:\/\/www.azur-scenic.com\/es\/","logo":{"@type":"ImageObject","inLanguage":"es","@id":"https:\/\/www.azur-scenic.com\/es\/#\/schema\/logo\/image\/","url":"https:\/\/www.azur-scenic.com\/wp-content\/uploads\/2022\/09\/LOGO-AZUR-SCENIC-Fusion-web-236x64-1.jpg","contentUrl":"https:\/\/www.azur-scenic.com\/wp-content\/uploads\/2022\/09\/LOGO-AZUR-SCENIC-Fusion-web-236x64-1.jpg","width":236,"height":64,"caption":"AZUR SCENIC"},"image":{"@id":"https:\/\/www.azur-scenic.com\/es\/#\/schema\/logo\/image\/"},"sameAs":["https:\/\/www.youtube.com\/channel\/UCPWM2mGPVUt4nYhNlm71WOA","https:\/\/www.linkedin.com\/company\/33237605\/admin\/feed\/posts\/"]}]}},"_links":{"self":[{"href":"https:\/\/www.azur-scenic.com\/es\/wp-json\/wp\/v2\/product\/17567","targetHints":{"allow":["GET"]}}],"collection":[{"href":"https:\/\/www.azur-scenic.com\/es\/wp-json\/wp\/v2\/product"}],"about":[{"href":"https:\/\/www.azur-scenic.com\/es\/wp-json\/wp\/v2\/types\/product"}],"wp:featuredmedia":[{"embeddable":true,"href":"https:\/\/www.azur-scenic.com\/es\/wp-json\/wp\/v2\/media\/7895"}],"wp:attachment":[{"href":"https:\/\/www.azur-scenic.com\/es\/wp-json\/wp\/v2\/media?parent=17567"}],"wp:term":[{"taxonomy":"product_brand","embeddable":true,"href":"https:\/\/www.azur-scenic.com\/es\/wp-json\/wp\/v2\/product_brand?post=17567"},{"taxonomy":"product_cat","embeddable":true,"href":"https:\/\/www.azur-scenic.com\/es\/wp-json\/wp\/v2\/product_cat?post=17567"},{"taxonomy":"product_tag","embeddable":true,"href":"https:\/\/www.azur-scenic.com\/es\/wp-json\/wp\/v2\/product_tag?post=17567"}],"curies":[{"name":"wp","href":"https:\/\/api.w.org\/{rel}","templated":true}]}}