{"id":17570,"date":"2022-10-04T07:27:54","date_gmt":"2022-10-04T07:27:54","guid":{"rendered":"https:\/\/www.azur-scenic.com\/produit\/drisse-chanvre-pure-pre-etiree\/"},"modified":"2023-08-02T13:18:16","modified_gmt":"2023-08-02T13:18:16","slug":"driza-de-canamo-puro-preestirada","status":"publish","type":"product","link":"https:\/\/www.azur-scenic.com\/es\/producto\/driza-de-canamo-puro-preestirada\/","title":{"rendered":"Driza de c\u00e1\u00f1amo puro preestirada"},"content":{"rendered":"<table>\n<thead>\n<tr>\n<th style=\"width: 200px;\">N\u00famero de referencia<\/th>\n<th style=\"width: 200px;\">\u00d8<\/th>\n<th style=\"width: 145px;\">Color<\/th>\n<\/tr>\n<\/thead>\n<tbody>\n<tr>\n<td style=\"vertical-align: top; width: 200px;\">ADC04E<\/td>\n<td style=\"vertical-align: top; width: 200px;\">4\u00a0mm<\/td>\n<td style=\"vertical-align: top; width: 145px;\">Crudo<\/td>\n<\/tr>\n<tr>\n<td style=\"vertical-align: top; width: 200px;\">ADC06E<\/td>\n<td style=\"vertical-align: top; width: 200px;\">6\u00a0mm<\/td>\n<td style=\"vertical-align: top; width: 145px;\">Crudo<\/td>\n<\/tr>\n<tr>\n<td style=\"vertical-align: top; width: 200px;\">ADC08E<\/td>\n<td style=\"vertical-align: top; width: 200px;\">8\u00a0mm<\/td>\n<td style=\"vertical-align: top; width: 145px;\">Crudo<\/td>\n<\/tr>\n<tr>\n<td style=\"vertical-align: top; width: 200px;\">ADC10E<\/td>\n<td style=\"vertical-align: top; width: 200px;\">10\u00a0mm<\/td>\n<td style=\"vertical-align: top; width: 145px;\">Crudo<\/td>\n<\/tr>\n<tr>\n<td style=\"vertical-align: top; width: 200px;\">ADC12E<\/td>\n<td style=\"vertical-align: top; width: 200px;\">12\u00a0mm<\/td>\n<td style=\"vertical-align: top; width: 145px;\">Crudo<\/td>\n<\/tr>\n<\/tbody>\n<\/table>\n","protected":false},"excerpt":{"rendered":"<p><strong>Una driza original, 100 % de c\u00e1\u00f1amo natural.<\/strong><\/p>\n<p><strong>Presentaci\u00f3n<\/strong>: bobina de 100 m<\/p>\n<p><strong>Colores<\/strong>: Crudo<\/p>\n<p><strong>Di\u00e1metros<\/strong>: 4 a 12\u00a0mm<\/p>\n<p><strong>Breve descripci\u00f3n<\/strong>:<\/p>\n<ul>\n<li>Tejido de c\u00e1\u00f1amo natural<\/li>\n<li>Acabado pulido cuidado<\/li>\n<li>Bajo nivel de alargamiento<\/li>\n<\/ul>\n","protected":false},"featured_media":7892,"template":"","meta":{"_acf_changed":false},"product_brand":[],"product_cat":[1218,1286,944],"product_tag":[],"class_list":{"0":"post-17570","1":"product","2":"type-product","3":"status-publish","4":"has-post-thumbnail","6":"product_cat-accesorios-y-consumibles","7":"product_cat-drizas","8":"product_cat-todos-los-productos","10":"first","11":"instock","12":"shipping-taxable","13":"purchasable","14":"product-type-simple"},"acf":[],"yoast_head":"<!-- This site is optimized with the Yoast SEO plugin v27.1.1 - https:\/\/yoast.com\/product\/yoast-seo-wordpress\/ -->\n<title>Driza de c\u00e1\u00f1amo puro preestirada - Azur Scenic<\/title>\n<meta name=\"description\" content=\"Una driza original, 100 % de c\u00e1\u00f1amo natural. Presentaci\u00f3n: bobina de 100 m Colores: Crudo Di\u00e1metros: 4 a 12\u00a0mm Breve descripci\u00f3n:  Tejido de c\u00e1\u00f1amo natural Acabado pulido cuidado Bajo nivel de alargamiento\" \/>\n<meta name=\"robots\" content=\"index, follow, max-snippet:-1, max-image-preview:large, max-video-preview:-1\" \/>\n<link rel=\"canonical\" href=\"https:\/\/www.azur-scenic.com\/es\/producto\/driza-de-canamo-puro-preestirada\/\" \/>\n<meta property=\"og:locale\" content=\"es_ES\" \/>\n<meta property=\"og:type\" content=\"article\" \/>\n<meta property=\"og:title\" content=\"Driza de c\u00e1\u00f1amo puro preestirada - Azur Scenic\" \/>\n<meta property=\"og:description\" content=\"Una driza original, 100 % de c\u00e1\u00f1amo natural. Presentaci\u00f3n: bobina de 100 m Colores: Crudo Di\u00e1metros: 4 a 12\u00a0mm Breve descripci\u00f3n:  Tejido de c\u00e1\u00f1amo natural Acabado pulido cuidado Bajo nivel de alargamiento\" \/>\n<meta property=\"og:url\" content=\"https:\/\/www.azur-scenic.com\/es\/producto\/driza-de-canamo-puro-preestirada\/\" \/>\n<meta property=\"og:site_name\" content=\"Azur Scenic\" \/>\n<meta property=\"article:modified_time\" content=\"2023-08-02T13:18:16+00:00\" \/>\n<meta property=\"og:image\" content=\"https:\/\/www.azur-scenic.com\/wp-content\/uploads\/e7c9db49e34f2cd435277ca4fbb5a19c.jpg\" \/>\n\t<meta property=\"og:image:width\" content=\"510\" \/>\n\t<meta property=\"og:image:height\" content=\"510\" \/>\n\t<meta property=\"og:image:type\" content=\"image\/jpeg\" \/>\n<meta name=\"twitter:card\" content=\"summary_large_image\" \/>\n<script type=\"application\/ld+json\" class=\"yoast-schema-graph\">{\"@context\":\"https:\/\/schema.org\",\"@graph\":[{\"@type\":\"WebPage\",\"@id\":\"https:\/\/www.azur-scenic.com\/es\/producto\/driza-de-canamo-puro-preestirada\/\",\"url\":\"https:\/\/www.azur-scenic.com\/es\/producto\/driza-de-canamo-puro-preestirada\/\",\"name\":\"Driza de c\u00e1\u00f1amo puro preestirada - Azur Scenic\",\"isPartOf\":{\"@id\":\"https:\/\/www.azur-scenic.com\/es\/#website\"},\"primaryImageOfPage\":{\"@id\":\"https:\/\/www.azur-scenic.com\/es\/producto\/driza-de-canamo-puro-preestirada\/#primaryimage\"},\"image\":{\"@id\":\"https:\/\/www.azur-scenic.com\/es\/producto\/driza-de-canamo-puro-preestirada\/#primaryimage\"},\"thumbnailUrl\":\"https:\/\/www.azur-scenic.com\/wp-content\/uploads\/e7c9db49e34f2cd435277ca4fbb5a19c.jpg\",\"datePublished\":\"2022-10-04T07:27:54+00:00\",\"dateModified\":\"2023-08-02T13:18:16+00:00\",\"description\":\"Una driza original, 100 % de c\u00e1\u00f1amo natural. Presentaci\u00f3n: bobina de 100 m Colores: Crudo Di\u00e1metros: 4 a 12\u00a0mm Breve descripci\u00f3n: Tejido de c\u00e1\u00f1amo natural Acabado pulido cuidado Bajo nivel de alargamiento\",\"breadcrumb\":{\"@id\":\"https:\/\/www.azur-scenic.com\/es\/producto\/driza-de-canamo-puro-preestirada\/#breadcrumb\"},\"inLanguage\":\"es\",\"potentialAction\":[{\"@type\":\"ReadAction\",\"target\":[\"https:\/\/www.azur-scenic.com\/es\/producto\/driza-de-canamo-puro-preestirada\/\"]}]},{\"@type\":\"ImageObject\",\"inLanguage\":\"es\",\"@id\":\"https:\/\/www.azur-scenic.com\/es\/producto\/driza-de-canamo-puro-preestirada\/#primaryimage\",\"url\":\"https:\/\/www.azur-scenic.com\/wp-content\/uploads\/e7c9db49e34f2cd435277ca4fbb5a19c.jpg\",\"contentUrl\":\"https:\/\/www.azur-scenic.com\/wp-content\/uploads\/e7c9db49e34f2cd435277ca4fbb5a19c.jpg\",\"width\":510,\"height\":510},{\"@type\":\"BreadcrumbList\",\"@id\":\"https:\/\/www.azur-scenic.com\/es\/producto\/driza-de-canamo-puro-preestirada\/#breadcrumb\",\"itemListElement\":[{\"@type\":\"ListItem\",\"position\":1,\"name\":\"Accueil\",\"item\":\"https:\/\/www.azur-scenic.com\/es\/\"},{\"@type\":\"ListItem\",\"position\":2,\"name\":\"Productos\",\"item\":\"https:\/\/www.azur-scenic.com\/es\/?page_id=21440\"},{\"@type\":\"ListItem\",\"position\":3,\"name\":\"Driza de c\u00e1\u00f1amo puro preestirada\"}]},{\"@type\":\"WebSite\",\"@id\":\"https:\/\/www.azur-scenic.com\/es\/#website\",\"url\":\"https:\/\/www.azur-scenic.com\/es\/\",\"name\":\"Azur Scenic\",\"description\":\"Sp\u00e9cialiste de l\u2019\u00e9quipement sc\u00e9nique et de la d\u00e9coration int\u00e9rieure et \u00e9v\u00e9nementielle !\",\"publisher\":{\"@id\":\"https:\/\/www.azur-scenic.com\/es\/#organization\"},\"potentialAction\":[{\"@type\":\"SearchAction\",\"target\":{\"@type\":\"EntryPoint\",\"urlTemplate\":\"https:\/\/www.azur-scenic.com\/es\/?s={search_term_string}\"},\"query-input\":{\"@type\":\"PropertyValueSpecification\",\"valueRequired\":true,\"valueName\":\"search_term_string\"}}],\"inLanguage\":\"es\"},{\"@type\":\"Organization\",\"@id\":\"https:\/\/www.azur-scenic.com\/es\/#organization\",\"name\":\"AZUR SCENIC\",\"url\":\"https:\/\/www.azur-scenic.com\/es\/\",\"logo\":{\"@type\":\"ImageObject\",\"inLanguage\":\"es\",\"@id\":\"https:\/\/www.azur-scenic.com\/es\/#\/schema\/logo\/image\/\",\"url\":\"https:\/\/www.azur-scenic.com\/wp-content\/uploads\/2022\/09\/LOGO-AZUR-SCENIC-Fusion-web-236x64-1.jpg\",\"contentUrl\":\"https:\/\/www.azur-scenic.com\/wp-content\/uploads\/2022\/09\/LOGO-AZUR-SCENIC-Fusion-web-236x64-1.jpg\",\"width\":236,\"height\":64,\"caption\":\"AZUR SCENIC\"},\"image\":{\"@id\":\"https:\/\/www.azur-scenic.com\/es\/#\/schema\/logo\/image\/\"},\"sameAs\":[\"https:\/\/www.youtube.com\/channel\/UCPWM2mGPVUt4nYhNlm71WOA\",\"https:\/\/www.linkedin.com\/company\/33237605\/admin\/feed\/posts\/\"]}]}<\/script>\n<!-- \/ Yoast SEO plugin. -->","yoast_head_json":{"title":"Driza de c\u00e1\u00f1amo puro preestirada - Azur Scenic","description":"Una driza original, 100 % de c\u00e1\u00f1amo natural. Presentaci\u00f3n: bobina de 100 m Colores: Crudo Di\u00e1metros: 4 a 12\u00a0mm Breve descripci\u00f3n:  Tejido de c\u00e1\u00f1amo natural Acabado pulido cuidado Bajo nivel de alargamiento","robots":{"index":"index","follow":"follow","max-snippet":"max-snippet:-1","max-image-preview":"max-image-preview:large","max-video-preview":"max-video-preview:-1"},"canonical":"https:\/\/www.azur-scenic.com\/es\/producto\/driza-de-canamo-puro-preestirada\/","og_locale":"es_ES","og_type":"article","og_title":"Driza de c\u00e1\u00f1amo puro preestirada - Azur Scenic","og_description":"Una driza original, 100 % de c\u00e1\u00f1amo natural. Presentaci\u00f3n: bobina de 100 m Colores: Crudo Di\u00e1metros: 4 a 12\u00a0mm Breve descripci\u00f3n:  Tejido de c\u00e1\u00f1amo natural Acabado pulido cuidado Bajo nivel de alargamiento","og_url":"https:\/\/www.azur-scenic.com\/es\/producto\/driza-de-canamo-puro-preestirada\/","og_site_name":"Azur Scenic","article_modified_time":"2023-08-02T13:18:16+00:00","og_image":[{"width":510,"height":510,"url":"https:\/\/www.azur-scenic.com\/wp-content\/uploads\/e7c9db49e34f2cd435277ca4fbb5a19c.jpg","type":"image\/jpeg"}],"twitter_card":"summary_large_image","schema":{"@context":"https:\/\/schema.org","@graph":[{"@type":"WebPage","@id":"https:\/\/www.azur-scenic.com\/es\/producto\/driza-de-canamo-puro-preestirada\/","url":"https:\/\/www.azur-scenic.com\/es\/producto\/driza-de-canamo-puro-preestirada\/","name":"Driza de c\u00e1\u00f1amo puro preestirada - Azur Scenic","isPartOf":{"@id":"https:\/\/www.azur-scenic.com\/es\/#website"},"primaryImageOfPage":{"@id":"https:\/\/www.azur-scenic.com\/es\/producto\/driza-de-canamo-puro-preestirada\/#primaryimage"},"image":{"@id":"https:\/\/www.azur-scenic.com\/es\/producto\/driza-de-canamo-puro-preestirada\/#primaryimage"},"thumbnailUrl":"https:\/\/www.azur-scenic.com\/wp-content\/uploads\/e7c9db49e34f2cd435277ca4fbb5a19c.jpg","datePublished":"2022-10-04T07:27:54+00:00","dateModified":"2023-08-02T13:18:16+00:00","description":"Una driza original, 100 % de c\u00e1\u00f1amo natural. Presentaci\u00f3n: bobina de 100 m Colores: Crudo Di\u00e1metros: 4 a 12\u00a0mm Breve descripci\u00f3n: Tejido de c\u00e1\u00f1amo natural Acabado pulido cuidado Bajo nivel de alargamiento","breadcrumb":{"@id":"https:\/\/www.azur-scenic.com\/es\/producto\/driza-de-canamo-puro-preestirada\/#breadcrumb"},"inLanguage":"es","potentialAction":[{"@type":"ReadAction","target":["https:\/\/www.azur-scenic.com\/es\/producto\/driza-de-canamo-puro-preestirada\/"]}]},{"@type":"ImageObject","inLanguage":"es","@id":"https:\/\/www.azur-scenic.com\/es\/producto\/driza-de-canamo-puro-preestirada\/#primaryimage","url":"https:\/\/www.azur-scenic.com\/wp-content\/uploads\/e7c9db49e34f2cd435277ca4fbb5a19c.jpg","contentUrl":"https:\/\/www.azur-scenic.com\/wp-content\/uploads\/e7c9db49e34f2cd435277ca4fbb5a19c.jpg","width":510,"height":510},{"@type":"BreadcrumbList","@id":"https:\/\/www.azur-scenic.com\/es\/producto\/driza-de-canamo-puro-preestirada\/#breadcrumb","itemListElement":[{"@type":"ListItem","position":1,"name":"Accueil","item":"https:\/\/www.azur-scenic.com\/es\/"},{"@type":"ListItem","position":2,"name":"Productos","item":"https:\/\/www.azur-scenic.com\/es\/?page_id=21440"},{"@type":"ListItem","position":3,"name":"Driza de c\u00e1\u00f1amo puro preestirada"}]},{"@type":"WebSite","@id":"https:\/\/www.azur-scenic.com\/es\/#website","url":"https:\/\/www.azur-scenic.com\/es\/","name":"Azur Scenic","description":"Sp\u00e9cialiste de l\u2019\u00e9quipement sc\u00e9nique et de la d\u00e9coration int\u00e9rieure et \u00e9v\u00e9nementielle !","publisher":{"@id":"https:\/\/www.azur-scenic.com\/es\/#organization"},"potentialAction":[{"@type":"SearchAction","target":{"@type":"EntryPoint","urlTemplate":"https:\/\/www.azur-scenic.com\/es\/?s={search_term_string}"},"query-input":{"@type":"PropertyValueSpecification","valueRequired":true,"valueName":"search_term_string"}}],"inLanguage":"es"},{"@type":"Organization","@id":"https:\/\/www.azur-scenic.com\/es\/#organization","name":"AZUR SCENIC","url":"https:\/\/www.azur-scenic.com\/es\/","logo":{"@type":"ImageObject","inLanguage":"es","@id":"https:\/\/www.azur-scenic.com\/es\/#\/schema\/logo\/image\/","url":"https:\/\/www.azur-scenic.com\/wp-content\/uploads\/2022\/09\/LOGO-AZUR-SCENIC-Fusion-web-236x64-1.jpg","contentUrl":"https:\/\/www.azur-scenic.com\/wp-content\/uploads\/2022\/09\/LOGO-AZUR-SCENIC-Fusion-web-236x64-1.jpg","width":236,"height":64,"caption":"AZUR SCENIC"},"image":{"@id":"https:\/\/www.azur-scenic.com\/es\/#\/schema\/logo\/image\/"},"sameAs":["https:\/\/www.youtube.com\/channel\/UCPWM2mGPVUt4nYhNlm71WOA","https:\/\/www.linkedin.com\/company\/33237605\/admin\/feed\/posts\/"]}]}},"_links":{"self":[{"href":"https:\/\/www.azur-scenic.com\/es\/wp-json\/wp\/v2\/product\/17570","targetHints":{"allow":["GET"]}}],"collection":[{"href":"https:\/\/www.azur-scenic.com\/es\/wp-json\/wp\/v2\/product"}],"about":[{"href":"https:\/\/www.azur-scenic.com\/es\/wp-json\/wp\/v2\/types\/product"}],"wp:featuredmedia":[{"embeddable":true,"href":"https:\/\/www.azur-scenic.com\/es\/wp-json\/wp\/v2\/media\/7892"}],"wp:attachment":[{"href":"https:\/\/www.azur-scenic.com\/es\/wp-json\/wp\/v2\/media?parent=17570"}],"wp:term":[{"taxonomy":"product_brand","embeddable":true,"href":"https:\/\/www.azur-scenic.com\/es\/wp-json\/wp\/v2\/product_brand?post=17570"},{"taxonomy":"product_cat","embeddable":true,"href":"https:\/\/www.azur-scenic.com\/es\/wp-json\/wp\/v2\/product_cat?post=17570"},{"taxonomy":"product_tag","embeddable":true,"href":"https:\/\/www.azur-scenic.com\/es\/wp-json\/wp\/v2\/product_tag?post=17570"}],"curies":[{"name":"wp","href":"https:\/\/api.w.org\/{rel}","templated":true}]}}