{"id":17578,"date":"2022-10-04T07:27:54","date_gmt":"2022-10-04T07:27:54","guid":{"rendered":"https:\/\/www.azur-scenic.com\/produit\/drisse-pes-ultra-mate-pre-etiree\/"},"modified":"2023-08-02T13:18:17","modified_gmt":"2023-08-02T13:18:17","slug":"driza-pes-ultra-mate-preestirada","status":"publish","type":"product","link":"https:\/\/www.azur-scenic.com\/es\/producto\/driza-pes-ultra-mate-preestirada\/","title":{"rendered":"Driza PES ultra mate preestirada"},"content":{"rendered":"<table>\n<thead>\n<tr>\n<th style=\"width: 200px;\">N\u00famero de referencia\u00a0<\/th>\n<th style=\"width: 200px;\">\u00d8<\/th>\n<th style=\"width: 145px;\">Color<\/th>\n<\/tr>\n<\/thead>\n<tbody>\n<tr>\n<td style=\"vertical-align: top; width: 200px;\">ADM04N<\/td>\n<td style=\"vertical-align: top; width: 200px;\">4\u00a0mm<\/td>\n<td style=\"vertical-align: top; width: 145px;\">Negro<\/td>\n<\/tr>\n<tr>\n<td style=\"vertical-align: top; width: 200px;\">ADM06N<\/td>\n<td style=\"vertical-align: top; width: 200px;\">6\u00a0mm<\/td>\n<td style=\"vertical-align: top; width: 145px;\">Negro<\/td>\n<\/tr>\n<tr>\n<td style=\"vertical-align: top; width: 200px;\">ADM08N<\/td>\n<td style=\"vertical-align: top; width: 200px;\">8\u00a0mm<\/td>\n<td style=\"vertical-align: top; width: 145px;\">Negro<\/td>\n<\/tr>\n<tr>\n<td style=\"vertical-align: top; width: 200px;\">ADM10N<\/td>\n<td style=\"vertical-align: top; width: 200px;\">10\u00a0mm<\/td>\n<td style=\"vertical-align: top; width: 145px;\">Negro<\/td>\n<\/tr>\n<tr>\n<td style=\"vertical-align: top; width: 200px;\">ADM12N<\/td>\n<td style=\"vertical-align: top; width: 200px;\">12\u00a0mm<\/td>\n<td style=\"vertical-align: top; width: 145px;\">Negro<\/td>\n<\/tr>\n<\/tbody>\n<\/table>\n","protected":false},"excerpt":{"rendered":"<p><strong>Driza de teatro pretensada con una cubierta texturizada y aspecto de algod\u00f3n ultramate.<\/strong><\/p>\n<p><strong>Presentaci\u00f3n<\/strong>: bobina de 100 m<\/p>\n<p><strong>Colores<\/strong>: Negro, di\u00e1metros: 4 a 12\u00a0mm<\/p>\n<p><strong>Breve descripci\u00f3n<\/strong>:<\/p>\n<ul>\n<li>N\u00facleo de poli\u00e9ster de alta tenacidad, revestimiento de poli\u00e9ster texturizado<\/li>\n<li>Acabado cuidado extramate<\/li>\n<li>Bajo nivel de alargamiento y buena resistencia a la rotura<\/li>\n<\/ul>\n","protected":false},"featured_media":7886,"template":"","meta":{"_acf_changed":false},"product_brand":[],"product_cat":[1218,1286,944],"product_tag":[],"class_list":{"0":"post-17578","1":"product","2":"type-product","3":"status-publish","4":"has-post-thumbnail","6":"product_cat-accesorios-y-consumibles","7":"product_cat-drizas","8":"product_cat-todos-los-productos","10":"first","11":"instock","12":"shipping-taxable","13":"purchasable","14":"product-type-simple"},"acf":[],"yoast_head":"<!-- This site is optimized with the Yoast SEO plugin v27.3 - https:\/\/yoast.com\/product\/yoast-seo-wordpress\/ -->\n<title>Driza PES ultra mate preestirada - Azur Scenic<\/title>\n<meta name=\"description\" content=\"Driza de teatro pretensada con una cubierta texturizada y aspecto de algod\u00f3n ultramate. Presentaci\u00f3n: bobina de 100 m Colores: Negro, di\u00e1metros: 4 a 12\u00a0mm Breve descripci\u00f3n:  N\u00facleo de poli\u00e9ster de alta tenacidad, revestimiento de poli\u00e9ster texturizado Acabado cuidado extramate Bajo nivel de alargamiento y buena resistencia a la rotura\" \/>\n<meta name=\"robots\" content=\"index, follow, max-snippet:-1, max-image-preview:large, max-video-preview:-1\" \/>\n<link rel=\"canonical\" href=\"https:\/\/www.azur-scenic.com\/es\/producto\/driza-pes-ultra-mate-preestirada\/\" \/>\n<meta property=\"og:locale\" content=\"es_ES\" \/>\n<meta property=\"og:type\" content=\"article\" \/>\n<meta property=\"og:title\" content=\"Driza PES ultra mate preestirada - Azur Scenic\" \/>\n<meta property=\"og:description\" content=\"Driza de teatro pretensada con una cubierta texturizada y aspecto de algod\u00f3n ultramate. Presentaci\u00f3n: bobina de 100 m Colores: Negro, di\u00e1metros: 4 a 12\u00a0mm Breve descripci\u00f3n:  N\u00facleo de poli\u00e9ster de alta tenacidad, revestimiento de poli\u00e9ster texturizado Acabado cuidado extramate Bajo nivel de alargamiento y buena resistencia a la rotura\" \/>\n<meta property=\"og:url\" content=\"https:\/\/www.azur-scenic.com\/es\/producto\/driza-pes-ultra-mate-preestirada\/\" \/>\n<meta property=\"og:site_name\" content=\"Azur Scenic\" \/>\n<meta property=\"article:modified_time\" content=\"2023-08-02T13:18:17+00:00\" \/>\n<meta property=\"og:image\" content=\"https:\/\/www.azur-scenic.com\/wp-content\/uploads\/fe83c55aeaa57018850d1d5b932d44f6.jpg\" \/>\n\t<meta property=\"og:image:width\" content=\"652\" \/>\n\t<meta property=\"og:image:height\" content=\"652\" \/>\n\t<meta property=\"og:image:type\" content=\"image\/jpeg\" \/>\n<meta name=\"twitter:card\" content=\"summary_large_image\" \/>\n<script type=\"application\/ld+json\" class=\"yoast-schema-graph\">{\"@context\":\"https:\\\/\\\/schema.org\",\"@graph\":[{\"@type\":\"WebPage\",\"@id\":\"https:\\\/\\\/www.azur-scenic.com\\\/es\\\/producto\\\/driza-pes-ultra-mate-preestirada\\\/\",\"url\":\"https:\\\/\\\/www.azur-scenic.com\\\/es\\\/producto\\\/driza-pes-ultra-mate-preestirada\\\/\",\"name\":\"Driza PES ultra mate preestirada - Azur Scenic\",\"isPartOf\":{\"@id\":\"https:\\\/\\\/www.azur-scenic.com\\\/es\\\/#website\"},\"primaryImageOfPage\":{\"@id\":\"https:\\\/\\\/www.azur-scenic.com\\\/es\\\/producto\\\/driza-pes-ultra-mate-preestirada\\\/#primaryimage\"},\"image\":{\"@id\":\"https:\\\/\\\/www.azur-scenic.com\\\/es\\\/producto\\\/driza-pes-ultra-mate-preestirada\\\/#primaryimage\"},\"thumbnailUrl\":\"https:\\\/\\\/www.azur-scenic.com\\\/wp-content\\\/uploads\\\/fe83c55aeaa57018850d1d5b932d44f6.jpg\",\"datePublished\":\"2022-10-04T07:27:54+00:00\",\"dateModified\":\"2023-08-02T13:18:17+00:00\",\"description\":\"Driza de teatro pretensada con una cubierta texturizada y aspecto de algod\u00f3n ultramate. Presentaci\u00f3n: bobina de 100 m Colores: Negro, di\u00e1metros: 4 a 12\u00a0mm Breve descripci\u00f3n: N\u00facleo de poli\u00e9ster de alta tenacidad, revestimiento de poli\u00e9ster texturizado Acabado cuidado extramate Bajo nivel de alargamiento y buena resistencia a la rotura\",\"breadcrumb\":{\"@id\":\"https:\\\/\\\/www.azur-scenic.com\\\/es\\\/producto\\\/driza-pes-ultra-mate-preestirada\\\/#breadcrumb\"},\"inLanguage\":\"es\",\"potentialAction\":[{\"@type\":\"ReadAction\",\"target\":[\"https:\\\/\\\/www.azur-scenic.com\\\/es\\\/producto\\\/driza-pes-ultra-mate-preestirada\\\/\"]}]},{\"@type\":\"ImageObject\",\"inLanguage\":\"es\",\"@id\":\"https:\\\/\\\/www.azur-scenic.com\\\/es\\\/producto\\\/driza-pes-ultra-mate-preestirada\\\/#primaryimage\",\"url\":\"https:\\\/\\\/www.azur-scenic.com\\\/wp-content\\\/uploads\\\/fe83c55aeaa57018850d1d5b932d44f6.jpg\",\"contentUrl\":\"https:\\\/\\\/www.azur-scenic.com\\\/wp-content\\\/uploads\\\/fe83c55aeaa57018850d1d5b932d44f6.jpg\",\"width\":652,\"height\":652},{\"@type\":\"BreadcrumbList\",\"@id\":\"https:\\\/\\\/www.azur-scenic.com\\\/es\\\/producto\\\/driza-pes-ultra-mate-preestirada\\\/#breadcrumb\",\"itemListElement\":[{\"@type\":\"ListItem\",\"position\":1,\"name\":\"Accueil\",\"item\":\"https:\\\/\\\/www.azur-scenic.com\\\/es\\\/\"},{\"@type\":\"ListItem\",\"position\":2,\"name\":\"Productos\",\"item\":\"https:\\\/\\\/www.azur-scenic.com\\\/es\\\/?page_id=21440\"},{\"@type\":\"ListItem\",\"position\":3,\"name\":\"Driza PES ultra mate preestirada\"}]},{\"@type\":\"WebSite\",\"@id\":\"https:\\\/\\\/www.azur-scenic.com\\\/es\\\/#website\",\"url\":\"https:\\\/\\\/www.azur-scenic.com\\\/es\\\/\",\"name\":\"Azur Scenic\",\"description\":\"Sp\u00e9cialiste de l\u2019\u00e9quipement sc\u00e9nique et de la d\u00e9coration int\u00e9rieure et \u00e9v\u00e9nementielle !\",\"publisher\":{\"@id\":\"https:\\\/\\\/www.azur-scenic.com\\\/es\\\/#organization\"},\"potentialAction\":[{\"@type\":\"SearchAction\",\"target\":{\"@type\":\"EntryPoint\",\"urlTemplate\":\"https:\\\/\\\/www.azur-scenic.com\\\/es\\\/?s={search_term_string}\"},\"query-input\":{\"@type\":\"PropertyValueSpecification\",\"valueRequired\":true,\"valueName\":\"search_term_string\"}}],\"inLanguage\":\"es\"},{\"@type\":\"Organization\",\"@id\":\"https:\\\/\\\/www.azur-scenic.com\\\/es\\\/#organization\",\"name\":\"AZUR SCENIC\",\"url\":\"https:\\\/\\\/www.azur-scenic.com\\\/es\\\/\",\"logo\":{\"@type\":\"ImageObject\",\"inLanguage\":\"es\",\"@id\":\"https:\\\/\\\/www.azur-scenic.com\\\/es\\\/#\\\/schema\\\/logo\\\/image\\\/\",\"url\":\"https:\\\/\\\/www.azur-scenic.com\\\/wp-content\\\/uploads\\\/2022\\\/09\\\/LOGO-AZUR-SCENIC-Fusion-web-236x64-1.jpg\",\"contentUrl\":\"https:\\\/\\\/www.azur-scenic.com\\\/wp-content\\\/uploads\\\/2022\\\/09\\\/LOGO-AZUR-SCENIC-Fusion-web-236x64-1.jpg\",\"width\":236,\"height\":64,\"caption\":\"AZUR SCENIC\"},\"image\":{\"@id\":\"https:\\\/\\\/www.azur-scenic.com\\\/es\\\/#\\\/schema\\\/logo\\\/image\\\/\"},\"sameAs\":[\"https:\\\/\\\/www.youtube.com\\\/channel\\\/UCPWM2mGPVUt4nYhNlm71WOA\",\"https:\\\/\\\/www.linkedin.com\\\/company\\\/33237605\\\/admin\\\/feed\\\/posts\\\/\"]}]}<\/script>\n<!-- \/ Yoast SEO plugin. -->","yoast_head_json":{"title":"Driza PES ultra mate preestirada - Azur Scenic","description":"Driza de teatro pretensada con una cubierta texturizada y aspecto de algod\u00f3n ultramate. Presentaci\u00f3n: bobina de 100 m Colores: Negro, di\u00e1metros: 4 a 12\u00a0mm Breve descripci\u00f3n:  N\u00facleo de poli\u00e9ster de alta tenacidad, revestimiento de poli\u00e9ster texturizado Acabado cuidado extramate Bajo nivel de alargamiento y buena resistencia a la rotura","robots":{"index":"index","follow":"follow","max-snippet":"max-snippet:-1","max-image-preview":"max-image-preview:large","max-video-preview":"max-video-preview:-1"},"canonical":"https:\/\/www.azur-scenic.com\/es\/producto\/driza-pes-ultra-mate-preestirada\/","og_locale":"es_ES","og_type":"article","og_title":"Driza PES ultra mate preestirada - Azur Scenic","og_description":"Driza de teatro pretensada con una cubierta texturizada y aspecto de algod\u00f3n ultramate. Presentaci\u00f3n: bobina de 100 m Colores: Negro, di\u00e1metros: 4 a 12\u00a0mm Breve descripci\u00f3n:  N\u00facleo de poli\u00e9ster de alta tenacidad, revestimiento de poli\u00e9ster texturizado Acabado cuidado extramate Bajo nivel de alargamiento y buena resistencia a la rotura","og_url":"https:\/\/www.azur-scenic.com\/es\/producto\/driza-pes-ultra-mate-preestirada\/","og_site_name":"Azur Scenic","article_modified_time":"2023-08-02T13:18:17+00:00","og_image":[{"width":652,"height":652,"url":"https:\/\/www.azur-scenic.com\/wp-content\/uploads\/fe83c55aeaa57018850d1d5b932d44f6.jpg","type":"image\/jpeg"}],"twitter_card":"summary_large_image","schema":{"@context":"https:\/\/schema.org","@graph":[{"@type":"WebPage","@id":"https:\/\/www.azur-scenic.com\/es\/producto\/driza-pes-ultra-mate-preestirada\/","url":"https:\/\/www.azur-scenic.com\/es\/producto\/driza-pes-ultra-mate-preestirada\/","name":"Driza PES ultra mate preestirada - Azur Scenic","isPartOf":{"@id":"https:\/\/www.azur-scenic.com\/es\/#website"},"primaryImageOfPage":{"@id":"https:\/\/www.azur-scenic.com\/es\/producto\/driza-pes-ultra-mate-preestirada\/#primaryimage"},"image":{"@id":"https:\/\/www.azur-scenic.com\/es\/producto\/driza-pes-ultra-mate-preestirada\/#primaryimage"},"thumbnailUrl":"https:\/\/www.azur-scenic.com\/wp-content\/uploads\/fe83c55aeaa57018850d1d5b932d44f6.jpg","datePublished":"2022-10-04T07:27:54+00:00","dateModified":"2023-08-02T13:18:17+00:00","description":"Driza de teatro pretensada con una cubierta texturizada y aspecto de algod\u00f3n ultramate. Presentaci\u00f3n: bobina de 100 m Colores: Negro, di\u00e1metros: 4 a 12\u00a0mm Breve descripci\u00f3n: N\u00facleo de poli\u00e9ster de alta tenacidad, revestimiento de poli\u00e9ster texturizado Acabado cuidado extramate Bajo nivel de alargamiento y buena resistencia a la rotura","breadcrumb":{"@id":"https:\/\/www.azur-scenic.com\/es\/producto\/driza-pes-ultra-mate-preestirada\/#breadcrumb"},"inLanguage":"es","potentialAction":[{"@type":"ReadAction","target":["https:\/\/www.azur-scenic.com\/es\/producto\/driza-pes-ultra-mate-preestirada\/"]}]},{"@type":"ImageObject","inLanguage":"es","@id":"https:\/\/www.azur-scenic.com\/es\/producto\/driza-pes-ultra-mate-preestirada\/#primaryimage","url":"https:\/\/www.azur-scenic.com\/wp-content\/uploads\/fe83c55aeaa57018850d1d5b932d44f6.jpg","contentUrl":"https:\/\/www.azur-scenic.com\/wp-content\/uploads\/fe83c55aeaa57018850d1d5b932d44f6.jpg","width":652,"height":652},{"@type":"BreadcrumbList","@id":"https:\/\/www.azur-scenic.com\/es\/producto\/driza-pes-ultra-mate-preestirada\/#breadcrumb","itemListElement":[{"@type":"ListItem","position":1,"name":"Accueil","item":"https:\/\/www.azur-scenic.com\/es\/"},{"@type":"ListItem","position":2,"name":"Productos","item":"https:\/\/www.azur-scenic.com\/es\/?page_id=21440"},{"@type":"ListItem","position":3,"name":"Driza PES ultra mate preestirada"}]},{"@type":"WebSite","@id":"https:\/\/www.azur-scenic.com\/es\/#website","url":"https:\/\/www.azur-scenic.com\/es\/","name":"Azur Scenic","description":"Sp\u00e9cialiste de l\u2019\u00e9quipement sc\u00e9nique et de la d\u00e9coration int\u00e9rieure et \u00e9v\u00e9nementielle !","publisher":{"@id":"https:\/\/www.azur-scenic.com\/es\/#organization"},"potentialAction":[{"@type":"SearchAction","target":{"@type":"EntryPoint","urlTemplate":"https:\/\/www.azur-scenic.com\/es\/?s={search_term_string}"},"query-input":{"@type":"PropertyValueSpecification","valueRequired":true,"valueName":"search_term_string"}}],"inLanguage":"es"},{"@type":"Organization","@id":"https:\/\/www.azur-scenic.com\/es\/#organization","name":"AZUR SCENIC","url":"https:\/\/www.azur-scenic.com\/es\/","logo":{"@type":"ImageObject","inLanguage":"es","@id":"https:\/\/www.azur-scenic.com\/es\/#\/schema\/logo\/image\/","url":"https:\/\/www.azur-scenic.com\/wp-content\/uploads\/2022\/09\/LOGO-AZUR-SCENIC-Fusion-web-236x64-1.jpg","contentUrl":"https:\/\/www.azur-scenic.com\/wp-content\/uploads\/2022\/09\/LOGO-AZUR-SCENIC-Fusion-web-236x64-1.jpg","width":236,"height":64,"caption":"AZUR SCENIC"},"image":{"@id":"https:\/\/www.azur-scenic.com\/es\/#\/schema\/logo\/image\/"},"sameAs":["https:\/\/www.youtube.com\/channel\/UCPWM2mGPVUt4nYhNlm71WOA","https:\/\/www.linkedin.com\/company\/33237605\/admin\/feed\/posts\/"]}]}},"_links":{"self":[{"href":"https:\/\/www.azur-scenic.com\/es\/wp-json\/wp\/v2\/product\/17578","targetHints":{"allow":["GET"]}}],"collection":[{"href":"https:\/\/www.azur-scenic.com\/es\/wp-json\/wp\/v2\/product"}],"about":[{"href":"https:\/\/www.azur-scenic.com\/es\/wp-json\/wp\/v2\/types\/product"}],"wp:featuredmedia":[{"embeddable":true,"href":"https:\/\/www.azur-scenic.com\/es\/wp-json\/wp\/v2\/media\/7886"}],"wp:attachment":[{"href":"https:\/\/www.azur-scenic.com\/es\/wp-json\/wp\/v2\/media?parent=17578"}],"wp:term":[{"taxonomy":"product_brand","embeddable":true,"href":"https:\/\/www.azur-scenic.com\/es\/wp-json\/wp\/v2\/product_brand?post=17578"},{"taxonomy":"product_cat","embeddable":true,"href":"https:\/\/www.azur-scenic.com\/es\/wp-json\/wp\/v2\/product_cat?post=17578"},{"taxonomy":"product_tag","embeddable":true,"href":"https:\/\/www.azur-scenic.com\/es\/wp-json\/wp\/v2\/product_tag?post=17578"}],"curies":[{"name":"wp","href":"https:\/\/api.w.org\/{rel}","templated":true}]}}