{"id":17581,"date":"2022-10-04T07:27:53","date_gmt":"2022-10-04T07:27:53","guid":{"rendered":"https:\/\/www.azur-scenic.com\/produit\/devidoir-pour-tapis-de-danse\/"},"modified":"2023-08-02T13:18:27","modified_gmt":"2023-08-02T13:18:27","slug":"divisor-para-alfombra-de-baile","status":"publish","type":"product","link":"https:\/\/www.azur-scenic.com\/es\/producto\/divisor-para-alfombra-de-baile\/","title":{"rendered":"Divisor para alfombra de baile"},"content":{"rendered":"<p><p><strong>Carro con ruedas y barras divisorias ideal para desplazar y almacenar tus rollos de alfombras de baile.<\/strong><\/p>\n<p><strong>Capacidad<\/strong>: 6, 8 o 10 rollos (seg\u00fan el modelo).<\/p>\n<p><strong>Ancho m\u00e1ximo de la alfombra<\/strong>: 160\u00a0cm.<br \/>\nSe puede fabricar a medida para una alfombra de 200\u00a0cm de ancho.<\/p>\n<p><strong>Colores<\/strong>: Negro.<\/p>\n<p><strong>Breve descripci\u00f3n<\/strong>:<\/p>\n<ul>\n<li>Fabricado en acero con acabado en pintura epoxi negra antioxidante.<\/li>\n<li>Varillas desmontables para colgar los rollos.<\/li>\n<li>4 ruedas giratorias, 2 de las cuales tienen freno.<\/li>\n<\/ul>\n<p><strong>Referencias<\/strong>:<\/p>\n<ul>\n<li>ASDTD06 \u2013 Capacidad para 6 rollos<\/li>\n<li>ASDTD08 \u2013 Capacidad para 8 rollos<\/li>\n<li>ASDTD10 \u2013 Capacidad para 10 rollos<\/li>\n<\/ul>\n<p>Otros tama\u00f1os disponibles por encargo.<\/p><\/p>\n","protected":false},"excerpt":{"rendered":"<p>El accesorio indispensable para la <strong><span style=\"color: #f88523;\">presentaci\u00f3n de rollos de alfombras de baile<\/span><\/strong> (u otros materiales presentados en rollo) para un uso puntual.<\/p>\n<p>Gracias a sus <strong><span style=\"color: #f88523;\">ruedas<\/span><\/strong> y <strong><span style=\"color: #f88523;\">varillas extra\u00edbles<\/span><\/strong> incorporadas, nuestro divisor para alfombras de baile te <strong><span style=\"color: #f88523;\">facilitar\u00e1 <\/span><\/strong>el <strong><span style=\"color: #f88523;\">desplazamiento<\/span><\/strong>, la <strong><span style=\"color: #f88523;\">instalaci\u00f3n <\/span><\/strong>y el <strong><span style=\"color: #f88523;\">almacenamiento<\/span><\/strong> de tus alfombras de baile.<\/p>\n","protected":false},"featured_media":7871,"template":"","meta":{"_acf_changed":false},"product_brand":[],"product_cat":[1218,1291,944],"product_tag":[],"class_list":{"0":"post-17581","1":"product","2":"type-product","3":"status-publish","4":"has-post-thumbnail","6":"product_cat-accesorios-y-consumibles","7":"product_cat-accesorios-de-almacenamiento","8":"product_cat-todos-los-productos","9":"pa_groupes-de-couleurs-varios","11":"first","12":"instock","13":"shipping-taxable","14":"purchasable","15":"product-type-simple"},"acf":[],"yoast_head":"<!-- This site is optimized with the Yoast SEO plugin v27.3 - https:\/\/yoast.com\/product\/yoast-seo-wordpress\/ -->\n<title>Divisor para alfombra de baile - Azur Scenic<\/title>\n<meta name=\"description\" content=\"El accesorio indispensable para la presentaci\u00f3n de rollos de alfombras de baile (u otros materiales presentados en rollo) para un uso puntual. Gracias a sus ruedas y varillas extra\u00edbles incorporadas, nuestro divisor para alfombras de baile te facilitar\u00e1 el desplazamiento, la instalaci\u00f3n y el almacenamiento de tus alfombras de baile.\" \/>\n<meta name=\"robots\" content=\"index, follow, max-snippet:-1, max-image-preview:large, max-video-preview:-1\" \/>\n<link rel=\"canonical\" href=\"https:\/\/www.azur-scenic.com\/es\/producto\/divisor-para-alfombra-de-baile\/\" \/>\n<meta property=\"og:locale\" content=\"es_ES\" \/>\n<meta property=\"og:type\" content=\"article\" \/>\n<meta property=\"og:title\" content=\"Divisor para alfombra de baile - Azur Scenic\" \/>\n<meta property=\"og:description\" content=\"El accesorio indispensable para la presentaci\u00f3n de rollos de alfombras de baile (u otros materiales presentados en rollo) para un uso puntual. Gracias a sus ruedas y varillas extra\u00edbles incorporadas, nuestro divisor para alfombras de baile te facilitar\u00e1 el desplazamiento, la instalaci\u00f3n y el almacenamiento de tus alfombras de baile.\" \/>\n<meta property=\"og:url\" content=\"https:\/\/www.azur-scenic.com\/es\/producto\/divisor-para-alfombra-de-baile\/\" \/>\n<meta property=\"og:site_name\" content=\"Azur Scenic\" \/>\n<meta property=\"article:modified_time\" content=\"2023-08-02T13:18:27+00:00\" \/>\n<meta property=\"og:image\" content=\"https:\/\/www.azur-scenic.com\/wp-content\/uploads\/ed28b32706766585d9d9657f38396684.jpg\" \/>\n\t<meta property=\"og:image:width\" content=\"2126\" \/>\n\t<meta property=\"og:image:height\" content=\"2126\" \/>\n\t<meta property=\"og:image:type\" content=\"image\/jpeg\" \/>\n<meta name=\"twitter:card\" content=\"summary_large_image\" \/>\n<script type=\"application\/ld+json\" class=\"yoast-schema-graph\">{\"@context\":\"https:\\\/\\\/schema.org\",\"@graph\":[{\"@type\":\"WebPage\",\"@id\":\"https:\\\/\\\/www.azur-scenic.com\\\/es\\\/producto\\\/divisor-para-alfombra-de-baile\\\/\",\"url\":\"https:\\\/\\\/www.azur-scenic.com\\\/es\\\/producto\\\/divisor-para-alfombra-de-baile\\\/\",\"name\":\"Divisor para alfombra de baile - Azur Scenic\",\"isPartOf\":{\"@id\":\"https:\\\/\\\/www.azur-scenic.com\\\/es\\\/#website\"},\"primaryImageOfPage\":{\"@id\":\"https:\\\/\\\/www.azur-scenic.com\\\/es\\\/producto\\\/divisor-para-alfombra-de-baile\\\/#primaryimage\"},\"image\":{\"@id\":\"https:\\\/\\\/www.azur-scenic.com\\\/es\\\/producto\\\/divisor-para-alfombra-de-baile\\\/#primaryimage\"},\"thumbnailUrl\":\"https:\\\/\\\/www.azur-scenic.com\\\/wp-content\\\/uploads\\\/ed28b32706766585d9d9657f38396684.jpg\",\"datePublished\":\"2022-10-04T07:27:53+00:00\",\"dateModified\":\"2023-08-02T13:18:27+00:00\",\"description\":\"El accesorio indispensable para la presentaci\u00f3n de rollos de alfombras de baile (u otros materiales presentados en rollo) para un uso puntual. Gracias a sus ruedas y varillas extra\u00edbles incorporadas, nuestro divisor para alfombras de baile te facilitar\u00e1 el desplazamiento, la instalaci\u00f3n y el almacenamiento de tus alfombras de baile.\",\"breadcrumb\":{\"@id\":\"https:\\\/\\\/www.azur-scenic.com\\\/es\\\/producto\\\/divisor-para-alfombra-de-baile\\\/#breadcrumb\"},\"inLanguage\":\"es\",\"potentialAction\":[{\"@type\":\"ReadAction\",\"target\":[\"https:\\\/\\\/www.azur-scenic.com\\\/es\\\/producto\\\/divisor-para-alfombra-de-baile\\\/\"]}]},{\"@type\":\"ImageObject\",\"inLanguage\":\"es\",\"@id\":\"https:\\\/\\\/www.azur-scenic.com\\\/es\\\/producto\\\/divisor-para-alfombra-de-baile\\\/#primaryimage\",\"url\":\"https:\\\/\\\/www.azur-scenic.com\\\/wp-content\\\/uploads\\\/ed28b32706766585d9d9657f38396684.jpg\",\"contentUrl\":\"https:\\\/\\\/www.azur-scenic.com\\\/wp-content\\\/uploads\\\/ed28b32706766585d9d9657f38396684.jpg\",\"width\":2126,\"height\":2126},{\"@type\":\"BreadcrumbList\",\"@id\":\"https:\\\/\\\/www.azur-scenic.com\\\/es\\\/producto\\\/divisor-para-alfombra-de-baile\\\/#breadcrumb\",\"itemListElement\":[{\"@type\":\"ListItem\",\"position\":1,\"name\":\"Accueil\",\"item\":\"https:\\\/\\\/www.azur-scenic.com\\\/es\\\/\"},{\"@type\":\"ListItem\",\"position\":2,\"name\":\"Productos\",\"item\":\"https:\\\/\\\/www.azur-scenic.com\\\/es\\\/?page_id=21440\"},{\"@type\":\"ListItem\",\"position\":3,\"name\":\"Divisor para alfombra de baile\"}]},{\"@type\":\"WebSite\",\"@id\":\"https:\\\/\\\/www.azur-scenic.com\\\/es\\\/#website\",\"url\":\"https:\\\/\\\/www.azur-scenic.com\\\/es\\\/\",\"name\":\"Azur Scenic\",\"description\":\"Sp\u00e9cialiste de l\u2019\u00e9quipement sc\u00e9nique et de la d\u00e9coration int\u00e9rieure et \u00e9v\u00e9nementielle !\",\"publisher\":{\"@id\":\"https:\\\/\\\/www.azur-scenic.com\\\/es\\\/#organization\"},\"potentialAction\":[{\"@type\":\"SearchAction\",\"target\":{\"@type\":\"EntryPoint\",\"urlTemplate\":\"https:\\\/\\\/www.azur-scenic.com\\\/es\\\/?s={search_term_string}\"},\"query-input\":{\"@type\":\"PropertyValueSpecification\",\"valueRequired\":true,\"valueName\":\"search_term_string\"}}],\"inLanguage\":\"es\"},{\"@type\":\"Organization\",\"@id\":\"https:\\\/\\\/www.azur-scenic.com\\\/es\\\/#organization\",\"name\":\"AZUR SCENIC\",\"url\":\"https:\\\/\\\/www.azur-scenic.com\\\/es\\\/\",\"logo\":{\"@type\":\"ImageObject\",\"inLanguage\":\"es\",\"@id\":\"https:\\\/\\\/www.azur-scenic.com\\\/es\\\/#\\\/schema\\\/logo\\\/image\\\/\",\"url\":\"https:\\\/\\\/www.azur-scenic.com\\\/wp-content\\\/uploads\\\/2022\\\/09\\\/LOGO-AZUR-SCENIC-Fusion-web-236x64-1.jpg\",\"contentUrl\":\"https:\\\/\\\/www.azur-scenic.com\\\/wp-content\\\/uploads\\\/2022\\\/09\\\/LOGO-AZUR-SCENIC-Fusion-web-236x64-1.jpg\",\"width\":236,\"height\":64,\"caption\":\"AZUR SCENIC\"},\"image\":{\"@id\":\"https:\\\/\\\/www.azur-scenic.com\\\/es\\\/#\\\/schema\\\/logo\\\/image\\\/\"},\"sameAs\":[\"https:\\\/\\\/www.youtube.com\\\/channel\\\/UCPWM2mGPVUt4nYhNlm71WOA\",\"https:\\\/\\\/www.linkedin.com\\\/company\\\/33237605\\\/admin\\\/feed\\\/posts\\\/\"]}]}<\/script>\n<!-- \/ Yoast SEO plugin. -->","yoast_head_json":{"title":"Divisor para alfombra de baile - Azur Scenic","description":"El accesorio indispensable para la presentaci\u00f3n de rollos de alfombras de baile (u otros materiales presentados en rollo) para un uso puntual. Gracias a sus ruedas y varillas extra\u00edbles incorporadas, nuestro divisor para alfombras de baile te facilitar\u00e1 el desplazamiento, la instalaci\u00f3n y el almacenamiento de tus alfombras de baile.","robots":{"index":"index","follow":"follow","max-snippet":"max-snippet:-1","max-image-preview":"max-image-preview:large","max-video-preview":"max-video-preview:-1"},"canonical":"https:\/\/www.azur-scenic.com\/es\/producto\/divisor-para-alfombra-de-baile\/","og_locale":"es_ES","og_type":"article","og_title":"Divisor para alfombra de baile - Azur Scenic","og_description":"El accesorio indispensable para la presentaci\u00f3n de rollos de alfombras de baile (u otros materiales presentados en rollo) para un uso puntual. Gracias a sus ruedas y varillas extra\u00edbles incorporadas, nuestro divisor para alfombras de baile te facilitar\u00e1 el desplazamiento, la instalaci\u00f3n y el almacenamiento de tus alfombras de baile.","og_url":"https:\/\/www.azur-scenic.com\/es\/producto\/divisor-para-alfombra-de-baile\/","og_site_name":"Azur Scenic","article_modified_time":"2023-08-02T13:18:27+00:00","og_image":[{"width":2126,"height":2126,"url":"https:\/\/www.azur-scenic.com\/wp-content\/uploads\/ed28b32706766585d9d9657f38396684.jpg","type":"image\/jpeg"}],"twitter_card":"summary_large_image","schema":{"@context":"https:\/\/schema.org","@graph":[{"@type":"WebPage","@id":"https:\/\/www.azur-scenic.com\/es\/producto\/divisor-para-alfombra-de-baile\/","url":"https:\/\/www.azur-scenic.com\/es\/producto\/divisor-para-alfombra-de-baile\/","name":"Divisor para alfombra de baile - Azur Scenic","isPartOf":{"@id":"https:\/\/www.azur-scenic.com\/es\/#website"},"primaryImageOfPage":{"@id":"https:\/\/www.azur-scenic.com\/es\/producto\/divisor-para-alfombra-de-baile\/#primaryimage"},"image":{"@id":"https:\/\/www.azur-scenic.com\/es\/producto\/divisor-para-alfombra-de-baile\/#primaryimage"},"thumbnailUrl":"https:\/\/www.azur-scenic.com\/wp-content\/uploads\/ed28b32706766585d9d9657f38396684.jpg","datePublished":"2022-10-04T07:27:53+00:00","dateModified":"2023-08-02T13:18:27+00:00","description":"El accesorio indispensable para la presentaci\u00f3n de rollos de alfombras de baile (u otros materiales presentados en rollo) para un uso puntual. Gracias a sus ruedas y varillas extra\u00edbles incorporadas, nuestro divisor para alfombras de baile te facilitar\u00e1 el desplazamiento, la instalaci\u00f3n y el almacenamiento de tus alfombras de baile.","breadcrumb":{"@id":"https:\/\/www.azur-scenic.com\/es\/producto\/divisor-para-alfombra-de-baile\/#breadcrumb"},"inLanguage":"es","potentialAction":[{"@type":"ReadAction","target":["https:\/\/www.azur-scenic.com\/es\/producto\/divisor-para-alfombra-de-baile\/"]}]},{"@type":"ImageObject","inLanguage":"es","@id":"https:\/\/www.azur-scenic.com\/es\/producto\/divisor-para-alfombra-de-baile\/#primaryimage","url":"https:\/\/www.azur-scenic.com\/wp-content\/uploads\/ed28b32706766585d9d9657f38396684.jpg","contentUrl":"https:\/\/www.azur-scenic.com\/wp-content\/uploads\/ed28b32706766585d9d9657f38396684.jpg","width":2126,"height":2126},{"@type":"BreadcrumbList","@id":"https:\/\/www.azur-scenic.com\/es\/producto\/divisor-para-alfombra-de-baile\/#breadcrumb","itemListElement":[{"@type":"ListItem","position":1,"name":"Accueil","item":"https:\/\/www.azur-scenic.com\/es\/"},{"@type":"ListItem","position":2,"name":"Productos","item":"https:\/\/www.azur-scenic.com\/es\/?page_id=21440"},{"@type":"ListItem","position":3,"name":"Divisor para alfombra de baile"}]},{"@type":"WebSite","@id":"https:\/\/www.azur-scenic.com\/es\/#website","url":"https:\/\/www.azur-scenic.com\/es\/","name":"Azur Scenic","description":"Sp\u00e9cialiste de l\u2019\u00e9quipement sc\u00e9nique et de la d\u00e9coration int\u00e9rieure et \u00e9v\u00e9nementielle !","publisher":{"@id":"https:\/\/www.azur-scenic.com\/es\/#organization"},"potentialAction":[{"@type":"SearchAction","target":{"@type":"EntryPoint","urlTemplate":"https:\/\/www.azur-scenic.com\/es\/?s={search_term_string}"},"query-input":{"@type":"PropertyValueSpecification","valueRequired":true,"valueName":"search_term_string"}}],"inLanguage":"es"},{"@type":"Organization","@id":"https:\/\/www.azur-scenic.com\/es\/#organization","name":"AZUR SCENIC","url":"https:\/\/www.azur-scenic.com\/es\/","logo":{"@type":"ImageObject","inLanguage":"es","@id":"https:\/\/www.azur-scenic.com\/es\/#\/schema\/logo\/image\/","url":"https:\/\/www.azur-scenic.com\/wp-content\/uploads\/2022\/09\/LOGO-AZUR-SCENIC-Fusion-web-236x64-1.jpg","contentUrl":"https:\/\/www.azur-scenic.com\/wp-content\/uploads\/2022\/09\/LOGO-AZUR-SCENIC-Fusion-web-236x64-1.jpg","width":236,"height":64,"caption":"AZUR SCENIC"},"image":{"@id":"https:\/\/www.azur-scenic.com\/es\/#\/schema\/logo\/image\/"},"sameAs":["https:\/\/www.youtube.com\/channel\/UCPWM2mGPVUt4nYhNlm71WOA","https:\/\/www.linkedin.com\/company\/33237605\/admin\/feed\/posts\/"]}]}},"_links":{"self":[{"href":"https:\/\/www.azur-scenic.com\/es\/wp-json\/wp\/v2\/product\/17581","targetHints":{"allow":["GET"]}}],"collection":[{"href":"https:\/\/www.azur-scenic.com\/es\/wp-json\/wp\/v2\/product"}],"about":[{"href":"https:\/\/www.azur-scenic.com\/es\/wp-json\/wp\/v2\/types\/product"}],"wp:featuredmedia":[{"embeddable":true,"href":"https:\/\/www.azur-scenic.com\/es\/wp-json\/wp\/v2\/media\/7871"}],"wp:attachment":[{"href":"https:\/\/www.azur-scenic.com\/es\/wp-json\/wp\/v2\/media?parent=17581"}],"wp:term":[{"taxonomy":"product_brand","embeddable":true,"href":"https:\/\/www.azur-scenic.com\/es\/wp-json\/wp\/v2\/product_brand?post=17581"},{"taxonomy":"product_cat","embeddable":true,"href":"https:\/\/www.azur-scenic.com\/es\/wp-json\/wp\/v2\/product_cat?post=17581"},{"taxonomy":"product_tag","embeddable":true,"href":"https:\/\/www.azur-scenic.com\/es\/wp-json\/wp\/v2\/product_tag?post=17581"}],"curies":[{"name":"wp","href":"https:\/\/api.w.org\/{rel}","templated":true}]}}