{"id":17596,"date":"2022-10-04T07:27:49","date_gmt":"2022-10-04T07:27:49","guid":{"rendered":"https:\/\/www.azur-scenic.com\/produit\/track-motor-750\/"},"modified":"2023-08-02T13:19:00","modified_gmt":"2023-08-02T13:19:00","slug":"track-motor-750","status":"publish","type":"product","link":"https:\/\/www.azur-scenic.com\/es\/producto\/track-motor-750\/","title":{"rendered":"Track Motor 750"},"content":{"rendered":"<p><p><strong>Potencia<\/strong>: 750 W<\/p>\n<p><strong>Peso m\u00e1ximo de cortinas correderas motorizadas<\/strong>: 500\u00a0kg<\/p>\n<p><strong>Velocidad m\u00e1xima<\/strong>: 1 m\/s<\/p>\n<p>Velocidad fija o variable<\/p>\n<p>Desbloqueo el\u00e9ctrico<\/p>\n<p><strong><span style=\"color: #f88523;\">Detalles t\u00e9cnicos, opciones y accesorios<\/span><\/strong><br \/>\nDescarga la ficha t\u00e9cnica.<\/p><\/p>\n","protected":false},"excerpt":{"rendered":"<p><span style=\"color: #f88523; font-weight: 600;\">TM750<\/span>: un motor <span style=\"color: #f88523; font-weight: 600;\">potente<\/span>, <span style=\"color: #f88523; font-weight: 600;\">silencioso<\/span>, <span style=\"color: #f88523; font-weight: 600;\">preciso, <\/span>perfectamente adaptado a nuestro riel <span style=\"color: #f88523; font-weight: 600;\">Heavy Track<\/span>, disponible con m\u00faltiples <span style=\"color: #f88523; font-weight: 600;\">opciones<\/span> para <span style=\"color: #f88523; font-weight: 600;\">ajustarnos<\/span>sin compromiso a tu proyecto y presupuesto.<\/p>\n<p>Su polea de accionamiento triple garantiza una precisi\u00f3n sin precedentes gracias a una fricci\u00f3n m\u00e1xima de la driza y a un deslizamiento casi nulo que te permiten <span style=\"color: #f88523; font-weight: 600;\">desplazar telones y decorados<\/span> de hasta\u00a0<span style=\"color: #f88523; font-weight: 600;\">500\u00a0kg<\/span>.<\/p>\n<p><span style=\"color: #f88523; font-weight: 600;\">Velocidad <\/span><span style=\"color: #f88523; font-weight: 600;\">variable<\/span> de 10 a 100\u00a0cm\/s, <span style=\"color: #f88523; font-weight: 600;\">programaci\u00f3n de rampas\u00a0de aceleraci\u00f3n y desaceleraci\u00f3n<\/span>, <span style=\"color: #f88523; font-weight: 600;\">doble desbloqueo<\/span> (el\u00e9ctrico y manual), <span style=\"color: #f88523; font-weight: 600;\">control en el estudio<\/span>,\u00a0<span style=\"color: #f88523; font-weight: 600;\">remisi\u00f3n a la producci\u00f3n<\/span> con shunt, <span style=\"color: #f88523; font-weight: 600;\">radiocontrol<\/span> industrial, \u00a1todo es posible!<\/p>\n","protected":false},"featured_media":7790,"template":"","meta":{"_acf_changed":false},"product_brand":[],"product_cat":[1093,1094,943,944],"product_tag":[],"class_list":{"0":"post-17596","1":"product","2":"type-product","3":"status-publish","4":"has-post-thumbnail","6":"product_cat-productos-tecnicos","7":"product_cat-rieles-para-escenarios","8":"product_cat-teatro","9":"product_cat-todos-los-productos","10":"pa_techniques-fabricacion-a-medida","11":"pa_techniques-accionamiento-por-motor","13":"first","14":"instock","15":"shipping-taxable","16":"purchasable","17":"product-type-simple"},"acf":[],"yoast_head":"<!-- This site is optimized with the Yoast SEO plugin v27.3 - https:\/\/yoast.com\/product\/yoast-seo-wordpress\/ -->\n<title>Track Motor 750 - Azur Scenic<\/title>\n<meta name=\"description\" content=\"TM750: un motor potente, silencioso, preciso, perfectamente adaptado a nuestro riel Heavy Track, disponible con m\u00faltiples opciones para ajustarnossin compromiso a tu proyecto y presupuesto. Su polea de accionamiento triple garantiza una precisi\u00f3n sin precedentes gracias a una fricci\u00f3n m\u00e1xima de la driza y a un deslizamiento casi nulo que te permiten desplazar telones y decorados de hasta\u00a0500\u00a0kg. Velocidad variable de 10 a 100\u00a0cm\/s, programaci\u00f3n de rampas\u00a0de aceleraci\u00f3n y desaceleraci\u00f3n, doble desbloqueo (el\u00e9ctrico y manual), control en el estudio,\u00a0remisi\u00f3n a la producci\u00f3n con shunt, radiocontrol industrial, \u00a1todo es posible!\" \/>\n<meta name=\"robots\" content=\"index, follow, max-snippet:-1, max-image-preview:large, max-video-preview:-1\" \/>\n<link rel=\"canonical\" href=\"https:\/\/www.azur-scenic.com\/es\/producto\/track-motor-750\/\" \/>\n<meta property=\"og:locale\" content=\"es_ES\" \/>\n<meta property=\"og:type\" content=\"article\" \/>\n<meta property=\"og:title\" content=\"Track Motor 750 - Azur Scenic\" \/>\n<meta property=\"og:description\" content=\"TM750: un motor potente, silencioso, preciso, perfectamente adaptado a nuestro riel Heavy Track, disponible con m\u00faltiples opciones para ajustarnossin compromiso a tu proyecto y presupuesto. Su polea de accionamiento triple garantiza una precisi\u00f3n sin precedentes gracias a una fricci\u00f3n m\u00e1xima de la driza y a un deslizamiento casi nulo que te permiten desplazar telones y decorados de hasta\u00a0500\u00a0kg. Velocidad variable de 10 a 100\u00a0cm\/s, programaci\u00f3n de rampas\u00a0de aceleraci\u00f3n y desaceleraci\u00f3n, doble desbloqueo (el\u00e9ctrico y manual), control en el estudio,\u00a0remisi\u00f3n a la producci\u00f3n con shunt, radiocontrol industrial, \u00a1todo es posible!\" \/>\n<meta property=\"og:url\" content=\"https:\/\/www.azur-scenic.com\/es\/producto\/track-motor-750\/\" \/>\n<meta property=\"og:site_name\" content=\"Azur Scenic\" \/>\n<meta property=\"article:modified_time\" content=\"2023-08-02T13:19:00+00:00\" \/>\n<meta property=\"og:image\" content=\"https:\/\/www.azur-scenic.com\/wp-content\/uploads\/1d6223694904c227f6eebcb4033314f9-scaled.jpg\" \/>\n\t<meta property=\"og:image:width\" content=\"2560\" \/>\n\t<meta property=\"og:image:height\" content=\"2560\" \/>\n\t<meta property=\"og:image:type\" content=\"image\/jpeg\" \/>\n<meta name=\"twitter:card\" content=\"summary_large_image\" \/>\n<script type=\"application\/ld+json\" class=\"yoast-schema-graph\">{\"@context\":\"https:\\\/\\\/schema.org\",\"@graph\":[{\"@type\":\"WebPage\",\"@id\":\"https:\\\/\\\/www.azur-scenic.com\\\/es\\\/producto\\\/track-motor-750\\\/\",\"url\":\"https:\\\/\\\/www.azur-scenic.com\\\/es\\\/producto\\\/track-motor-750\\\/\",\"name\":\"Track Motor 750 - Azur Scenic\",\"isPartOf\":{\"@id\":\"https:\\\/\\\/www.azur-scenic.com\\\/es\\\/#website\"},\"primaryImageOfPage\":{\"@id\":\"https:\\\/\\\/www.azur-scenic.com\\\/es\\\/producto\\\/track-motor-750\\\/#primaryimage\"},\"image\":{\"@id\":\"https:\\\/\\\/www.azur-scenic.com\\\/es\\\/producto\\\/track-motor-750\\\/#primaryimage\"},\"thumbnailUrl\":\"https:\\\/\\\/www.azur-scenic.com\\\/wp-content\\\/uploads\\\/1d6223694904c227f6eebcb4033314f9-scaled.jpg\",\"datePublished\":\"2022-10-04T07:27:49+00:00\",\"dateModified\":\"2023-08-02T13:19:00+00:00\",\"description\":\"TM750: un motor potente, silencioso, preciso, perfectamente adaptado a nuestro riel Heavy Track, disponible con m\u00faltiples opciones para ajustarnossin compromiso a tu proyecto y presupuesto. Su polea de accionamiento triple garantiza una precisi\u00f3n sin precedentes gracias a una fricci\u00f3n m\u00e1xima de la driza y a un deslizamiento casi nulo que te permiten desplazar telones y decorados de hasta\u00a0500\u00a0kg. Velocidad variable de 10 a 100\u00a0cm\\\/s, programaci\u00f3n de rampas\u00a0de aceleraci\u00f3n y desaceleraci\u00f3n, doble desbloqueo (el\u00e9ctrico y manual), control en el estudio,\u00a0remisi\u00f3n a la producci\u00f3n con shunt, radiocontrol industrial, \u00a1todo es posible!\",\"breadcrumb\":{\"@id\":\"https:\\\/\\\/www.azur-scenic.com\\\/es\\\/producto\\\/track-motor-750\\\/#breadcrumb\"},\"inLanguage\":\"es\",\"potentialAction\":[{\"@type\":\"ReadAction\",\"target\":[\"https:\\\/\\\/www.azur-scenic.com\\\/es\\\/producto\\\/track-motor-750\\\/\"]}]},{\"@type\":\"ImageObject\",\"inLanguage\":\"es\",\"@id\":\"https:\\\/\\\/www.azur-scenic.com\\\/es\\\/producto\\\/track-motor-750\\\/#primaryimage\",\"url\":\"https:\\\/\\\/www.azur-scenic.com\\\/wp-content\\\/uploads\\\/1d6223694904c227f6eebcb4033314f9-scaled.jpg\",\"contentUrl\":\"https:\\\/\\\/www.azur-scenic.com\\\/wp-content\\\/uploads\\\/1d6223694904c227f6eebcb4033314f9-scaled.jpg\",\"width\":2560,\"height\":2560},{\"@type\":\"BreadcrumbList\",\"@id\":\"https:\\\/\\\/www.azur-scenic.com\\\/es\\\/producto\\\/track-motor-750\\\/#breadcrumb\",\"itemListElement\":[{\"@type\":\"ListItem\",\"position\":1,\"name\":\"Accueil\",\"item\":\"https:\\\/\\\/www.azur-scenic.com\\\/es\\\/\"},{\"@type\":\"ListItem\",\"position\":2,\"name\":\"Productos\",\"item\":\"https:\\\/\\\/www.azur-scenic.com\\\/es\\\/?page_id=21440\"},{\"@type\":\"ListItem\",\"position\":3,\"name\":\"Track Motor 750\"}]},{\"@type\":\"WebSite\",\"@id\":\"https:\\\/\\\/www.azur-scenic.com\\\/es\\\/#website\",\"url\":\"https:\\\/\\\/www.azur-scenic.com\\\/es\\\/\",\"name\":\"Azur Scenic\",\"description\":\"Sp\u00e9cialiste de l\u2019\u00e9quipement sc\u00e9nique et de la d\u00e9coration int\u00e9rieure et \u00e9v\u00e9nementielle !\",\"publisher\":{\"@id\":\"https:\\\/\\\/www.azur-scenic.com\\\/es\\\/#organization\"},\"potentialAction\":[{\"@type\":\"SearchAction\",\"target\":{\"@type\":\"EntryPoint\",\"urlTemplate\":\"https:\\\/\\\/www.azur-scenic.com\\\/es\\\/?s={search_term_string}\"},\"query-input\":{\"@type\":\"PropertyValueSpecification\",\"valueRequired\":true,\"valueName\":\"search_term_string\"}}],\"inLanguage\":\"es\"},{\"@type\":\"Organization\",\"@id\":\"https:\\\/\\\/www.azur-scenic.com\\\/es\\\/#organization\",\"name\":\"AZUR SCENIC\",\"url\":\"https:\\\/\\\/www.azur-scenic.com\\\/es\\\/\",\"logo\":{\"@type\":\"ImageObject\",\"inLanguage\":\"es\",\"@id\":\"https:\\\/\\\/www.azur-scenic.com\\\/es\\\/#\\\/schema\\\/logo\\\/image\\\/\",\"url\":\"https:\\\/\\\/www.azur-scenic.com\\\/wp-content\\\/uploads\\\/2022\\\/09\\\/LOGO-AZUR-SCENIC-Fusion-web-236x64-1.jpg\",\"contentUrl\":\"https:\\\/\\\/www.azur-scenic.com\\\/wp-content\\\/uploads\\\/2022\\\/09\\\/LOGO-AZUR-SCENIC-Fusion-web-236x64-1.jpg\",\"width\":236,\"height\":64,\"caption\":\"AZUR SCENIC\"},\"image\":{\"@id\":\"https:\\\/\\\/www.azur-scenic.com\\\/es\\\/#\\\/schema\\\/logo\\\/image\\\/\"},\"sameAs\":[\"https:\\\/\\\/www.youtube.com\\\/channel\\\/UCPWM2mGPVUt4nYhNlm71WOA\",\"https:\\\/\\\/www.linkedin.com\\\/company\\\/33237605\\\/admin\\\/feed\\\/posts\\\/\"]}]}<\/script>\n<!-- \/ Yoast SEO plugin. -->","yoast_head_json":{"title":"Track Motor 750 - Azur Scenic","description":"TM750: un motor potente, silencioso, preciso, perfectamente adaptado a nuestro riel Heavy Track, disponible con m\u00faltiples opciones para ajustarnossin compromiso a tu proyecto y presupuesto. Su polea de accionamiento triple garantiza una precisi\u00f3n sin precedentes gracias a una fricci\u00f3n m\u00e1xima de la driza y a un deslizamiento casi nulo que te permiten desplazar telones y decorados de hasta\u00a0500\u00a0kg. Velocidad variable de 10 a 100\u00a0cm\/s, programaci\u00f3n de rampas\u00a0de aceleraci\u00f3n y desaceleraci\u00f3n, doble desbloqueo (el\u00e9ctrico y manual), control en el estudio,\u00a0remisi\u00f3n a la producci\u00f3n con shunt, radiocontrol industrial, \u00a1todo es posible!","robots":{"index":"index","follow":"follow","max-snippet":"max-snippet:-1","max-image-preview":"max-image-preview:large","max-video-preview":"max-video-preview:-1"},"canonical":"https:\/\/www.azur-scenic.com\/es\/producto\/track-motor-750\/","og_locale":"es_ES","og_type":"article","og_title":"Track Motor 750 - Azur Scenic","og_description":"TM750: un motor potente, silencioso, preciso, perfectamente adaptado a nuestro riel Heavy Track, disponible con m\u00faltiples opciones para ajustarnossin compromiso a tu proyecto y presupuesto. Su polea de accionamiento triple garantiza una precisi\u00f3n sin precedentes gracias a una fricci\u00f3n m\u00e1xima de la driza y a un deslizamiento casi nulo que te permiten desplazar telones y decorados de hasta\u00a0500\u00a0kg. Velocidad variable de 10 a 100\u00a0cm\/s, programaci\u00f3n de rampas\u00a0de aceleraci\u00f3n y desaceleraci\u00f3n, doble desbloqueo (el\u00e9ctrico y manual), control en el estudio,\u00a0remisi\u00f3n a la producci\u00f3n con shunt, radiocontrol industrial, \u00a1todo es posible!","og_url":"https:\/\/www.azur-scenic.com\/es\/producto\/track-motor-750\/","og_site_name":"Azur Scenic","article_modified_time":"2023-08-02T13:19:00+00:00","og_image":[{"width":2560,"height":2560,"url":"https:\/\/www.azur-scenic.com\/wp-content\/uploads\/1d6223694904c227f6eebcb4033314f9-scaled.jpg","type":"image\/jpeg"}],"twitter_card":"summary_large_image","schema":{"@context":"https:\/\/schema.org","@graph":[{"@type":"WebPage","@id":"https:\/\/www.azur-scenic.com\/es\/producto\/track-motor-750\/","url":"https:\/\/www.azur-scenic.com\/es\/producto\/track-motor-750\/","name":"Track Motor 750 - Azur Scenic","isPartOf":{"@id":"https:\/\/www.azur-scenic.com\/es\/#website"},"primaryImageOfPage":{"@id":"https:\/\/www.azur-scenic.com\/es\/producto\/track-motor-750\/#primaryimage"},"image":{"@id":"https:\/\/www.azur-scenic.com\/es\/producto\/track-motor-750\/#primaryimage"},"thumbnailUrl":"https:\/\/www.azur-scenic.com\/wp-content\/uploads\/1d6223694904c227f6eebcb4033314f9-scaled.jpg","datePublished":"2022-10-04T07:27:49+00:00","dateModified":"2023-08-02T13:19:00+00:00","description":"TM750: un motor potente, silencioso, preciso, perfectamente adaptado a nuestro riel Heavy Track, disponible con m\u00faltiples opciones para ajustarnossin compromiso a tu proyecto y presupuesto. Su polea de accionamiento triple garantiza una precisi\u00f3n sin precedentes gracias a una fricci\u00f3n m\u00e1xima de la driza y a un deslizamiento casi nulo que te permiten desplazar telones y decorados de hasta\u00a0500\u00a0kg. Velocidad variable de 10 a 100\u00a0cm\/s, programaci\u00f3n de rampas\u00a0de aceleraci\u00f3n y desaceleraci\u00f3n, doble desbloqueo (el\u00e9ctrico y manual), control en el estudio,\u00a0remisi\u00f3n a la producci\u00f3n con shunt, radiocontrol industrial, \u00a1todo es posible!","breadcrumb":{"@id":"https:\/\/www.azur-scenic.com\/es\/producto\/track-motor-750\/#breadcrumb"},"inLanguage":"es","potentialAction":[{"@type":"ReadAction","target":["https:\/\/www.azur-scenic.com\/es\/producto\/track-motor-750\/"]}]},{"@type":"ImageObject","inLanguage":"es","@id":"https:\/\/www.azur-scenic.com\/es\/producto\/track-motor-750\/#primaryimage","url":"https:\/\/www.azur-scenic.com\/wp-content\/uploads\/1d6223694904c227f6eebcb4033314f9-scaled.jpg","contentUrl":"https:\/\/www.azur-scenic.com\/wp-content\/uploads\/1d6223694904c227f6eebcb4033314f9-scaled.jpg","width":2560,"height":2560},{"@type":"BreadcrumbList","@id":"https:\/\/www.azur-scenic.com\/es\/producto\/track-motor-750\/#breadcrumb","itemListElement":[{"@type":"ListItem","position":1,"name":"Accueil","item":"https:\/\/www.azur-scenic.com\/es\/"},{"@type":"ListItem","position":2,"name":"Productos","item":"https:\/\/www.azur-scenic.com\/es\/?page_id=21440"},{"@type":"ListItem","position":3,"name":"Track Motor 750"}]},{"@type":"WebSite","@id":"https:\/\/www.azur-scenic.com\/es\/#website","url":"https:\/\/www.azur-scenic.com\/es\/","name":"Azur Scenic","description":"Sp\u00e9cialiste de l\u2019\u00e9quipement sc\u00e9nique et de la d\u00e9coration int\u00e9rieure et \u00e9v\u00e9nementielle !","publisher":{"@id":"https:\/\/www.azur-scenic.com\/es\/#organization"},"potentialAction":[{"@type":"SearchAction","target":{"@type":"EntryPoint","urlTemplate":"https:\/\/www.azur-scenic.com\/es\/?s={search_term_string}"},"query-input":{"@type":"PropertyValueSpecification","valueRequired":true,"valueName":"search_term_string"}}],"inLanguage":"es"},{"@type":"Organization","@id":"https:\/\/www.azur-scenic.com\/es\/#organization","name":"AZUR SCENIC","url":"https:\/\/www.azur-scenic.com\/es\/","logo":{"@type":"ImageObject","inLanguage":"es","@id":"https:\/\/www.azur-scenic.com\/es\/#\/schema\/logo\/image\/","url":"https:\/\/www.azur-scenic.com\/wp-content\/uploads\/2022\/09\/LOGO-AZUR-SCENIC-Fusion-web-236x64-1.jpg","contentUrl":"https:\/\/www.azur-scenic.com\/wp-content\/uploads\/2022\/09\/LOGO-AZUR-SCENIC-Fusion-web-236x64-1.jpg","width":236,"height":64,"caption":"AZUR SCENIC"},"image":{"@id":"https:\/\/www.azur-scenic.com\/es\/#\/schema\/logo\/image\/"},"sameAs":["https:\/\/www.youtube.com\/channel\/UCPWM2mGPVUt4nYhNlm71WOA","https:\/\/www.linkedin.com\/company\/33237605\/admin\/feed\/posts\/"]}]}},"_links":{"self":[{"href":"https:\/\/www.azur-scenic.com\/es\/wp-json\/wp\/v2\/product\/17596","targetHints":{"allow":["GET"]}}],"collection":[{"href":"https:\/\/www.azur-scenic.com\/es\/wp-json\/wp\/v2\/product"}],"about":[{"href":"https:\/\/www.azur-scenic.com\/es\/wp-json\/wp\/v2\/types\/product"}],"wp:featuredmedia":[{"embeddable":true,"href":"https:\/\/www.azur-scenic.com\/es\/wp-json\/wp\/v2\/media\/7790"}],"wp:attachment":[{"href":"https:\/\/www.azur-scenic.com\/es\/wp-json\/wp\/v2\/media?parent=17596"}],"wp:term":[{"taxonomy":"product_brand","embeddable":true,"href":"https:\/\/www.azur-scenic.com\/es\/wp-json\/wp\/v2\/product_brand?post=17596"},{"taxonomy":"product_cat","embeddable":true,"href":"https:\/\/www.azur-scenic.com\/es\/wp-json\/wp\/v2\/product_cat?post=17596"},{"taxonomy":"product_tag","embeddable":true,"href":"https:\/\/www.azur-scenic.com\/es\/wp-json\/wp\/v2\/product_tag?post=17596"}],"curies":[{"name":"wp","href":"https:\/\/api.w.org\/{rel}","templated":true}]}}