{"id":17597,"date":"2022-10-04T07:27:49","date_gmt":"2022-10-04T07:27:49","guid":{"rendered":"https:\/\/www.azur-scenic.com\/produit\/heavy-track\/"},"modified":"2023-08-02T13:18:58","modified_gmt":"2023-08-02T13:18:58","slug":"heavy-track","status":"publish","type":"product","link":"https:\/\/www.azur-scenic.com\/es\/producto\/heavy-track\/","title":{"rendered":"Heavy Track"},"content":{"rendered":"<p><p>Perfil de aluminio en color <strong><span style=\"color: #f88523;\">negro<\/span><\/strong> (otros colores disponibles por encargo).<\/p>\n<p>Posibilidad de abrir y cerrar las cortinas <strong><span style=\"color: #f88523;\">tirando de ellas manualmente<\/span><\/strong>, <strong><span style=\"color: #f88523;\">tirando de una<\/span><\/strong> (driza de poli\u00e9ster de 8\u00a0mm de di\u00e1metro) o <strong><span style=\"color: #f88523;\">de forma motorizada<\/span><\/strong> (driza Kevlar de 8\u00a0mm de di\u00e1metro).<\/p>\n<p>Posibilidad de <strong><span style=\"color: #f88523;\">cimbreo<\/span><\/strong> (todas las maniobras ).<\/p>\n<p>Montaje en <strong><span style=\"color: #f88523;\">riel simple para 1 o 2 cortinas<\/span><\/strong> (cruce central de 35\u00a0cm aproximadamente) o en <strong><span style=\"color: #f88523;\">riel doble<\/span><\/strong> con cruce (solapamiento central de 1 m de forma predeterminada, otros cruces por encargo).<\/p>\n<p>Posibilidad de montarlo con un <strong><span style=\"color: #f88523;\">gancho de techo<\/span><\/strong>, un gancho de <strong><span style=\"color: #f88523;\">pared<\/span><\/strong> en consolas o un gancho desde un <strong><span style=\"color: #f88523;\">poste<\/span><\/strong> con abrazaderas (tubo de 50\u00a0mm de di\u00e1metro).<\/p>\n<p><strong><span style=\"color: #f88523;\">Detalles t\u00e9cnicos, opciones y accesorios<\/span><\/strong><br \/>\nDescarga la ficha t\u00e9cnica.<\/p>\n<p>\u00a0<\/p><\/p>\n","protected":false},"excerpt":{"rendered":"<p><strong><span style=\"color: #f88523;\">Riel esc\u00e9nico completamente modulable<\/span><\/strong> ideal para equipar todo tipo de escenarios (teatros, salas de espect\u00e1culos, salas de usos m\u00faltiples, etc.) con <strong><span style=\"color: #f88523;\">cargas extrapesadas<\/span><\/strong> (telones de terciopelo, telones extragrandes, telones ac\u00fasticos, etc.).<\/p>\n<p>Su <strong><span style=\"color: #f88523;\">instalaci\u00f3n f\u00e1cil y r\u00e1pida,<\/span><\/strong> gracias a un <strong><span style=\"color: #f88523;\">perfil muy robusto y de gran rigidez<\/span><\/strong>, requiere una peque\u00f1a cantidad de puntos de fijaci\u00f3n (distancia m\u00e1xima entre soportes: 3 m, que se pueden ajustar seg\u00fan el peso de la cortina), por lo que es un <strong><span style=\"color: #f88523;\">material perfectamente apto para las giras,<\/span><\/strong> en las que se necesita montar y desmontar con frecuencia.<\/p>\n","protected":false},"featured_media":7784,"template":"","meta":{"_acf_changed":false},"product_brand":[],"product_cat":[1093,1094,943,944],"product_tag":[],"class_list":{"0":"post-17597","1":"product","2":"type-product","3":"status-publish","4":"has-post-thumbnail","6":"product_cat-productos-tecnicos","7":"product_cat-rieles-para-escenarios","8":"product_cat-teatro","9":"product_cat-todos-los-productos","10":"pa_techniques-permite-la-manipulacion-manual-sin-tirar-de-una-driza","11":"pa_techniques-se-puede-curvar","12":"pa_techniques-fabricacion-a-medida","13":"pa_techniques-fijacion-mural","14":"pa_techniques-fijacion-al-techo","15":"pa_techniques-fijacion-mediante-tubo","16":"pa_techniques-montaje-sobre-riel-doble","17":"pa_techniques-montaje-sobre-riel-simple","18":"pa_techniques-se-puede-manipular-tirando-de-una-driza","19":"pa_techniques-accionamiento-por-motor","21":"first","22":"instock","23":"shipping-taxable","24":"purchasable","25":"product-type-simple"},"acf":[],"yoast_head":"<!-- This site is optimized with the Yoast SEO plugin v27.1.1 - https:\/\/yoast.com\/product\/yoast-seo-wordpress\/ -->\n<title>Heavy Track - Azur Scenic<\/title>\n<meta name=\"description\" content=\"Riel esc\u00e9nico completamente modulable ideal para equipar todo tipo de escenarios (teatros, salas de espect\u00e1culos, salas de usos m\u00faltiples, etc.) con cargas extrapesadas (telones de terciopelo, telones extragrandes, telones ac\u00fasticos, etc.). Su instalaci\u00f3n f\u00e1cil y r\u00e1pida, gracias a un perfil muy robusto y de gran rigidez, requiere una peque\u00f1a cantidad de puntos de fijaci\u00f3n (distancia m\u00e1xima entre soportes: 3 m, que se pueden ajustar seg\u00fan el peso de la cortina), por lo que es un material perfectamente apto para las giras, en las que se necesita montar y desmontar con frecuencia.\" \/>\n<meta name=\"robots\" content=\"index, follow, max-snippet:-1, max-image-preview:large, max-video-preview:-1\" \/>\n<link rel=\"canonical\" href=\"https:\/\/www.azur-scenic.com\/es\/producto\/heavy-track\/\" \/>\n<meta property=\"og:locale\" content=\"es_ES\" \/>\n<meta property=\"og:type\" content=\"article\" \/>\n<meta property=\"og:title\" content=\"Heavy Track - Azur Scenic\" \/>\n<meta property=\"og:description\" content=\"Riel esc\u00e9nico completamente modulable ideal para equipar todo tipo de escenarios (teatros, salas de espect\u00e1culos, salas de usos m\u00faltiples, etc.) con cargas extrapesadas (telones de terciopelo, telones extragrandes, telones ac\u00fasticos, etc.). Su instalaci\u00f3n f\u00e1cil y r\u00e1pida, gracias a un perfil muy robusto y de gran rigidez, requiere una peque\u00f1a cantidad de puntos de fijaci\u00f3n (distancia m\u00e1xima entre soportes: 3 m, que se pueden ajustar seg\u00fan el peso de la cortina), por lo que es un material perfectamente apto para las giras, en las que se necesita montar y desmontar con frecuencia.\" \/>\n<meta property=\"og:url\" content=\"https:\/\/www.azur-scenic.com\/es\/producto\/heavy-track\/\" \/>\n<meta property=\"og:site_name\" content=\"Azur Scenic\" \/>\n<meta property=\"article:modified_time\" content=\"2023-08-02T13:18:58+00:00\" \/>\n<meta property=\"og:image\" content=\"https:\/\/www.azur-scenic.com\/wp-content\/uploads\/311bf19956fe6c0c64a7472fe1417dcd-4-scaled.jpg\" \/>\n\t<meta property=\"og:image:width\" content=\"2560\" \/>\n\t<meta property=\"og:image:height\" content=\"2560\" \/>\n\t<meta property=\"og:image:type\" content=\"image\/jpeg\" \/>\n<meta name=\"twitter:card\" content=\"summary_large_image\" \/>\n<meta name=\"twitter:label1\" content=\"Tiempo de lectura\" \/>\n\t<meta name=\"twitter:data1\" content=\"1 minuto\" \/>\n<script type=\"application\/ld+json\" class=\"yoast-schema-graph\">{\"@context\":\"https:\/\/schema.org\",\"@graph\":[{\"@type\":\"WebPage\",\"@id\":\"https:\/\/www.azur-scenic.com\/es\/producto\/heavy-track\/\",\"url\":\"https:\/\/www.azur-scenic.com\/es\/producto\/heavy-track\/\",\"name\":\"Heavy Track - Azur Scenic\",\"isPartOf\":{\"@id\":\"https:\/\/www.azur-scenic.com\/es\/#website\"},\"primaryImageOfPage\":{\"@id\":\"https:\/\/www.azur-scenic.com\/es\/producto\/heavy-track\/#primaryimage\"},\"image\":{\"@id\":\"https:\/\/www.azur-scenic.com\/es\/producto\/heavy-track\/#primaryimage\"},\"thumbnailUrl\":\"https:\/\/www.azur-scenic.com\/wp-content\/uploads\/311bf19956fe6c0c64a7472fe1417dcd-4-scaled.jpg\",\"datePublished\":\"2022-10-04T07:27:49+00:00\",\"dateModified\":\"2023-08-02T13:18:58+00:00\",\"description\":\"Riel esc\u00e9nico completamente modulable ideal para equipar todo tipo de escenarios (teatros, salas de espect\u00e1culos, salas de usos m\u00faltiples, etc.) con cargas extrapesadas (telones de terciopelo, telones extragrandes, telones ac\u00fasticos, etc.). Su instalaci\u00f3n f\u00e1cil y r\u00e1pida, gracias a un perfil muy robusto y de gran rigidez, requiere una peque\u00f1a cantidad de puntos de fijaci\u00f3n (distancia m\u00e1xima entre soportes: 3 m, que se pueden ajustar seg\u00fan el peso de la cortina), por lo que es un material perfectamente apto para las giras, en las que se necesita montar y desmontar con frecuencia.\",\"breadcrumb\":{\"@id\":\"https:\/\/www.azur-scenic.com\/es\/producto\/heavy-track\/#breadcrumb\"},\"inLanguage\":\"es\",\"potentialAction\":[{\"@type\":\"ReadAction\",\"target\":[\"https:\/\/www.azur-scenic.com\/es\/producto\/heavy-track\/\"]}]},{\"@type\":\"ImageObject\",\"inLanguage\":\"es\",\"@id\":\"https:\/\/www.azur-scenic.com\/es\/producto\/heavy-track\/#primaryimage\",\"url\":\"https:\/\/www.azur-scenic.com\/wp-content\/uploads\/311bf19956fe6c0c64a7472fe1417dcd-4-scaled.jpg\",\"contentUrl\":\"https:\/\/www.azur-scenic.com\/wp-content\/uploads\/311bf19956fe6c0c64a7472fe1417dcd-4-scaled.jpg\",\"width\":2560,\"height\":2560},{\"@type\":\"BreadcrumbList\",\"@id\":\"https:\/\/www.azur-scenic.com\/es\/producto\/heavy-track\/#breadcrumb\",\"itemListElement\":[{\"@type\":\"ListItem\",\"position\":1,\"name\":\"Accueil\",\"item\":\"https:\/\/www.azur-scenic.com\/es\/\"},{\"@type\":\"ListItem\",\"position\":2,\"name\":\"Productos\",\"item\":\"https:\/\/www.azur-scenic.com\/es\/?page_id=21440\"},{\"@type\":\"ListItem\",\"position\":3,\"name\":\"Heavy Track\"}]},{\"@type\":\"WebSite\",\"@id\":\"https:\/\/www.azur-scenic.com\/es\/#website\",\"url\":\"https:\/\/www.azur-scenic.com\/es\/\",\"name\":\"Azur Scenic\",\"description\":\"Sp\u00e9cialiste de l\u2019\u00e9quipement sc\u00e9nique et de la d\u00e9coration int\u00e9rieure et \u00e9v\u00e9nementielle !\",\"publisher\":{\"@id\":\"https:\/\/www.azur-scenic.com\/es\/#organization\"},\"potentialAction\":[{\"@type\":\"SearchAction\",\"target\":{\"@type\":\"EntryPoint\",\"urlTemplate\":\"https:\/\/www.azur-scenic.com\/es\/?s={search_term_string}\"},\"query-input\":{\"@type\":\"PropertyValueSpecification\",\"valueRequired\":true,\"valueName\":\"search_term_string\"}}],\"inLanguage\":\"es\"},{\"@type\":\"Organization\",\"@id\":\"https:\/\/www.azur-scenic.com\/es\/#organization\",\"name\":\"AZUR SCENIC\",\"url\":\"https:\/\/www.azur-scenic.com\/es\/\",\"logo\":{\"@type\":\"ImageObject\",\"inLanguage\":\"es\",\"@id\":\"https:\/\/www.azur-scenic.com\/es\/#\/schema\/logo\/image\/\",\"url\":\"https:\/\/www.azur-scenic.com\/wp-content\/uploads\/2022\/09\/LOGO-AZUR-SCENIC-Fusion-web-236x64-1.jpg\",\"contentUrl\":\"https:\/\/www.azur-scenic.com\/wp-content\/uploads\/2022\/09\/LOGO-AZUR-SCENIC-Fusion-web-236x64-1.jpg\",\"width\":236,\"height\":64,\"caption\":\"AZUR SCENIC\"},\"image\":{\"@id\":\"https:\/\/www.azur-scenic.com\/es\/#\/schema\/logo\/image\/\"},\"sameAs\":[\"https:\/\/www.youtube.com\/channel\/UCPWM2mGPVUt4nYhNlm71WOA\",\"https:\/\/www.linkedin.com\/company\/33237605\/admin\/feed\/posts\/\"]}]}<\/script>\n<!-- \/ Yoast SEO plugin. -->","yoast_head_json":{"title":"Heavy Track - Azur Scenic","description":"Riel esc\u00e9nico completamente modulable ideal para equipar todo tipo de escenarios (teatros, salas de espect\u00e1culos, salas de usos m\u00faltiples, etc.) con cargas extrapesadas (telones de terciopelo, telones extragrandes, telones ac\u00fasticos, etc.). Su instalaci\u00f3n f\u00e1cil y r\u00e1pida, gracias a un perfil muy robusto y de gran rigidez, requiere una peque\u00f1a cantidad de puntos de fijaci\u00f3n (distancia m\u00e1xima entre soportes: 3 m, que se pueden ajustar seg\u00fan el peso de la cortina), por lo que es un material perfectamente apto para las giras, en las que se necesita montar y desmontar con frecuencia.","robots":{"index":"index","follow":"follow","max-snippet":"max-snippet:-1","max-image-preview":"max-image-preview:large","max-video-preview":"max-video-preview:-1"},"canonical":"https:\/\/www.azur-scenic.com\/es\/producto\/heavy-track\/","og_locale":"es_ES","og_type":"article","og_title":"Heavy Track - Azur Scenic","og_description":"Riel esc\u00e9nico completamente modulable ideal para equipar todo tipo de escenarios (teatros, salas de espect\u00e1culos, salas de usos m\u00faltiples, etc.) con cargas extrapesadas (telones de terciopelo, telones extragrandes, telones ac\u00fasticos, etc.). Su instalaci\u00f3n f\u00e1cil y r\u00e1pida, gracias a un perfil muy robusto y de gran rigidez, requiere una peque\u00f1a cantidad de puntos de fijaci\u00f3n (distancia m\u00e1xima entre soportes: 3 m, que se pueden ajustar seg\u00fan el peso de la cortina), por lo que es un material perfectamente apto para las giras, en las que se necesita montar y desmontar con frecuencia.","og_url":"https:\/\/www.azur-scenic.com\/es\/producto\/heavy-track\/","og_site_name":"Azur Scenic","article_modified_time":"2023-08-02T13:18:58+00:00","og_image":[{"width":2560,"height":2560,"url":"https:\/\/www.azur-scenic.com\/wp-content\/uploads\/311bf19956fe6c0c64a7472fe1417dcd-4-scaled.jpg","type":"image\/jpeg"}],"twitter_card":"summary_large_image","twitter_misc":{"Tiempo de lectura":"1 minuto"},"schema":{"@context":"https:\/\/schema.org","@graph":[{"@type":"WebPage","@id":"https:\/\/www.azur-scenic.com\/es\/producto\/heavy-track\/","url":"https:\/\/www.azur-scenic.com\/es\/producto\/heavy-track\/","name":"Heavy Track - Azur Scenic","isPartOf":{"@id":"https:\/\/www.azur-scenic.com\/es\/#website"},"primaryImageOfPage":{"@id":"https:\/\/www.azur-scenic.com\/es\/producto\/heavy-track\/#primaryimage"},"image":{"@id":"https:\/\/www.azur-scenic.com\/es\/producto\/heavy-track\/#primaryimage"},"thumbnailUrl":"https:\/\/www.azur-scenic.com\/wp-content\/uploads\/311bf19956fe6c0c64a7472fe1417dcd-4-scaled.jpg","datePublished":"2022-10-04T07:27:49+00:00","dateModified":"2023-08-02T13:18:58+00:00","description":"Riel esc\u00e9nico completamente modulable ideal para equipar todo tipo de escenarios (teatros, salas de espect\u00e1culos, salas de usos m\u00faltiples, etc.) con cargas extrapesadas (telones de terciopelo, telones extragrandes, telones ac\u00fasticos, etc.). Su instalaci\u00f3n f\u00e1cil y r\u00e1pida, gracias a un perfil muy robusto y de gran rigidez, requiere una peque\u00f1a cantidad de puntos de fijaci\u00f3n (distancia m\u00e1xima entre soportes: 3 m, que se pueden ajustar seg\u00fan el peso de la cortina), por lo que es un material perfectamente apto para las giras, en las que se necesita montar y desmontar con frecuencia.","breadcrumb":{"@id":"https:\/\/www.azur-scenic.com\/es\/producto\/heavy-track\/#breadcrumb"},"inLanguage":"es","potentialAction":[{"@type":"ReadAction","target":["https:\/\/www.azur-scenic.com\/es\/producto\/heavy-track\/"]}]},{"@type":"ImageObject","inLanguage":"es","@id":"https:\/\/www.azur-scenic.com\/es\/producto\/heavy-track\/#primaryimage","url":"https:\/\/www.azur-scenic.com\/wp-content\/uploads\/311bf19956fe6c0c64a7472fe1417dcd-4-scaled.jpg","contentUrl":"https:\/\/www.azur-scenic.com\/wp-content\/uploads\/311bf19956fe6c0c64a7472fe1417dcd-4-scaled.jpg","width":2560,"height":2560},{"@type":"BreadcrumbList","@id":"https:\/\/www.azur-scenic.com\/es\/producto\/heavy-track\/#breadcrumb","itemListElement":[{"@type":"ListItem","position":1,"name":"Accueil","item":"https:\/\/www.azur-scenic.com\/es\/"},{"@type":"ListItem","position":2,"name":"Productos","item":"https:\/\/www.azur-scenic.com\/es\/?page_id=21440"},{"@type":"ListItem","position":3,"name":"Heavy Track"}]},{"@type":"WebSite","@id":"https:\/\/www.azur-scenic.com\/es\/#website","url":"https:\/\/www.azur-scenic.com\/es\/","name":"Azur Scenic","description":"Sp\u00e9cialiste de l\u2019\u00e9quipement sc\u00e9nique et de la d\u00e9coration int\u00e9rieure et \u00e9v\u00e9nementielle !","publisher":{"@id":"https:\/\/www.azur-scenic.com\/es\/#organization"},"potentialAction":[{"@type":"SearchAction","target":{"@type":"EntryPoint","urlTemplate":"https:\/\/www.azur-scenic.com\/es\/?s={search_term_string}"},"query-input":{"@type":"PropertyValueSpecification","valueRequired":true,"valueName":"search_term_string"}}],"inLanguage":"es"},{"@type":"Organization","@id":"https:\/\/www.azur-scenic.com\/es\/#organization","name":"AZUR SCENIC","url":"https:\/\/www.azur-scenic.com\/es\/","logo":{"@type":"ImageObject","inLanguage":"es","@id":"https:\/\/www.azur-scenic.com\/es\/#\/schema\/logo\/image\/","url":"https:\/\/www.azur-scenic.com\/wp-content\/uploads\/2022\/09\/LOGO-AZUR-SCENIC-Fusion-web-236x64-1.jpg","contentUrl":"https:\/\/www.azur-scenic.com\/wp-content\/uploads\/2022\/09\/LOGO-AZUR-SCENIC-Fusion-web-236x64-1.jpg","width":236,"height":64,"caption":"AZUR SCENIC"},"image":{"@id":"https:\/\/www.azur-scenic.com\/es\/#\/schema\/logo\/image\/"},"sameAs":["https:\/\/www.youtube.com\/channel\/UCPWM2mGPVUt4nYhNlm71WOA","https:\/\/www.linkedin.com\/company\/33237605\/admin\/feed\/posts\/"]}]}},"_links":{"self":[{"href":"https:\/\/www.azur-scenic.com\/es\/wp-json\/wp\/v2\/product\/17597","targetHints":{"allow":["GET"]}}],"collection":[{"href":"https:\/\/www.azur-scenic.com\/es\/wp-json\/wp\/v2\/product"}],"about":[{"href":"https:\/\/www.azur-scenic.com\/es\/wp-json\/wp\/v2\/types\/product"}],"wp:featuredmedia":[{"embeddable":true,"href":"https:\/\/www.azur-scenic.com\/es\/wp-json\/wp\/v2\/media\/7784"}],"wp:attachment":[{"href":"https:\/\/www.azur-scenic.com\/es\/wp-json\/wp\/v2\/media?parent=17597"}],"wp:term":[{"taxonomy":"product_brand","embeddable":true,"href":"https:\/\/www.azur-scenic.com\/es\/wp-json\/wp\/v2\/product_brand?post=17597"},{"taxonomy":"product_cat","embeddable":true,"href":"https:\/\/www.azur-scenic.com\/es\/wp-json\/wp\/v2\/product_cat?post=17597"},{"taxonomy":"product_tag","embeddable":true,"href":"https:\/\/www.azur-scenic.com\/es\/wp-json\/wp\/v2\/product_tag?post=17597"}],"curies":[{"name":"wp","href":"https:\/\/api.w.org\/{rel}","templated":true}]}}