{"id":17600,"date":"2022-10-04T07:27:48","date_gmt":"2022-10-04T07:27:48","guid":{"rendered":"https:\/\/www.azur-scenic.com\/produit\/studioscreen-4570\/"},"modified":"2023-08-02T13:18:46","modified_gmt":"2023-08-02T13:18:46","slug":"studioscreen-4570","status":"publish","type":"product","link":"https:\/\/www.azur-scenic.com\/es\/producto\/studioscreen-4570\/","title":{"rendered":"StudioScreen 4570"},"content":{"rendered":"<p><p><strong><span style=\"color: #f88523;\">Carcasa<\/span><\/strong><br \/>\nLona perfectamente protegida por una carcasa robusta de aluminio extruido, cerrada en ambos extremos por placas de acero.<br \/>\nColores est\u00e1ndar Epoxi negro (RAL 9005) o blanco (RAL 9010), otros colores opcionales.<\/p>\n<p><strong><span style=\"color: #f88523;\">Motorizaci\u00f3n<\/span><\/strong><br \/>\nMotorizaci\u00f3n tubular fluida y silenciosa.<br \/>\nControl est\u00e1ndar: interruptor de pared de 3 posiciones (controles por radio o DMX opcionales).<br \/>\nPotencia: 40 Nm.<br \/>\nVelocidad de rotaci\u00f3n: 17 rev.\/min.<br \/>\nAlimentaci\u00f3n: 230 V \/ 50 Hz.<br \/>\nConsumo: 322 W.<\/p>\n<p><strong><span style=\"color: #f88523;\">Alimentaci\u00f3n<\/span><\/strong><br \/>\nCable de alimentaci\u00f3n ubicado a la derecha de la pantalla (visto de frente).<\/p>\n<p><strong><span style=\"color: #f88523;\">Lastre<\/span><\/strong><br \/>\nVarilla de lastre incluida, en color negro, de 20\u00a0mm x 35\u00a0mm de altura.<\/p>\n<p><strong><span style=\"color: #f88523;\">Fijaci\u00f3n<\/span><\/strong><br \/>\nSoportes de techo corredizos incluidos<em> (soportes de pared o de truss opcionales).<\/em><br \/>\n3 soportes por pantalla de hasta 6 m de base.<br \/>\n4 soportes por pantalla para las pantallas de 6 a 7 m de base.<\/p>\n<p><strong><span style=\"color: #f88523;\">Certificaciones<\/span><\/strong><br \/>\nLa StudioScreen 4570 tiene certificaci\u00f3n IMQ<br \/>\nLas telas cuentan con una clasificaci\u00f3n ante el fuego (M1 \/ B1).<\/p>\n<p><strong><span style=\"color: #f88523;\">Acabados de la tela<\/span><\/strong><br \/>\nAcabado alto: tela sin bordes (borde negro de 5\u00a0cm opcional).<br \/>\nAcabado lateral: tela sin bordes (borde negro de 5\u00a0cm opcional).<br \/>\nAcabado b\u00e1sico: borde negro de 10\u00a0cm.<\/p>\n<p><strong><span style=\"color: #f88523;\">Detalles t\u00e9cnicos<\/span><\/strong><br \/>\nConsultar la pesta\u00f1a \u00abDescargas\u00bb del siguiente archivo PDF.<\/p><\/p>\n","protected":false},"excerpt":{"rendered":"<p><strong><span style=\"color: #0bace4;\">Pantalla motorizada est\u00e9tica, silenciosa y pr\u00e1ctica para instalar<br \/>\nPara proyecciones de 4,50 m a 7 m de ancho.<\/span><\/strong><\/p>\n<p>Una <strong><span style=\"color: #f88523;\">pantalla enrollable motorizada<\/span><\/strong>, disponible en <strong><span style=\"color: #f88523;\">varios tama\u00f1os<\/span><\/strong> (de 4,50 a 7 m de base) y <strong><span style=\"color: #f88523;\">proporciones<\/span><\/strong> (4:3, 16:9 y 16:10), dise\u00f1ada para superficies de proyecci\u00f3n de grandes dimensiones.<\/p>\n<p>El sistema enrollable es compatible con muchas telas de proyecci\u00f3n (<strong><span style=\"color: #f88523;\">frontal y trasera<\/span><\/strong>).<\/p>\n<p>StudioScreen 4570 propone un <strong><span style=\"color: #f88523;\">dise\u00f1o est\u00e9tico<\/span><\/strong> y adaptable (carcasa disponible en negro o en blanco de forma est\u00e1ndar), junto con una <strong><span style=\"color: #f88523;\">motorizaci\u00f3n silenciosa<\/span><\/strong>. Gracias a sus soportes deslizantes es muy <strong><span style=\"color: #f88523;\">pr\u00e1ctico para instalar<\/span><\/strong>, adecuado para equipar salas de reuniones, anfiteatros universitarios, teatros y salas de espect\u00e1culos, etc.<\/p>\n","protected":false},"featured_media":7736,"template":"","meta":{"_acf_changed":false},"product_brand":[],"product_cat":[1008,1093,1292,944],"product_tag":[],"class_list":{"0":"post-17600","1":"product","2":"type-product","3":"status-publish","4":"has-post-thumbnail","6":"product_cat-decoracion","7":"product_cat-productos-tecnicos","8":"product_cat-enrolladores","9":"product_cat-todos-los-productos","10":"pa_techniques-fabricacion-a-medida","11":"pa_textiles-ignifugo","12":"pa_textiles-proyeccion-frontal","13":"pa_textiles-retroproyeccion","15":"first","16":"instock","17":"shipping-taxable","18":"purchasable","19":"product-type-simple"},"acf":[],"yoast_head":"<!-- This site is optimized with the Yoast SEO plugin v27.3 - https:\/\/yoast.com\/product\/yoast-seo-wordpress\/ -->\n<title>StudioScreen 4570 - Azur Scenic<\/title>\n<meta name=\"description\" content=\"Pantalla motorizada est\u00e9tica, silenciosa y pr\u00e1ctica para instalar Para proyecciones de 4,50 m a 7 m de ancho. Una pantalla enrollable motorizada, disponible en varios tama\u00f1os (de 4,50 a 7 m de base) y proporciones (4:3, 16:9 y 16:10), dise\u00f1ada para superficies de proyecci\u00f3n de grandes dimensiones. El sistema enrollable es compatible con muchas telas de proyecci\u00f3n (frontal y trasera). StudioScreen 4570 propone un dise\u00f1o est\u00e9tico y adaptable (carcasa disponible en negro o en blanco de forma est\u00e1ndar), junto con una motorizaci\u00f3n silenciosa. Gracias a sus soportes deslizantes es muy pr\u00e1ctico para instalar, adecuado para equipar salas de reuniones, anfiteatros universitarios, teatros y salas de espect\u00e1culos, etc.\" \/>\n<meta name=\"robots\" content=\"index, follow, max-snippet:-1, max-image-preview:large, max-video-preview:-1\" \/>\n<link rel=\"canonical\" href=\"https:\/\/www.azur-scenic.com\/es\/producto\/studioscreen-4570\/\" \/>\n<meta property=\"og:locale\" content=\"es_ES\" \/>\n<meta property=\"og:type\" content=\"article\" \/>\n<meta property=\"og:title\" content=\"StudioScreen 4570 - Azur Scenic\" \/>\n<meta property=\"og:description\" content=\"Pantalla motorizada est\u00e9tica, silenciosa y pr\u00e1ctica para instalar Para proyecciones de 4,50 m a 7 m de ancho. Una pantalla enrollable motorizada, disponible en varios tama\u00f1os (de 4,50 a 7 m de base) y proporciones (4:3, 16:9 y 16:10), dise\u00f1ada para superficies de proyecci\u00f3n de grandes dimensiones. El sistema enrollable es compatible con muchas telas de proyecci\u00f3n (frontal y trasera). StudioScreen 4570 propone un dise\u00f1o est\u00e9tico y adaptable (carcasa disponible en negro o en blanco de forma est\u00e1ndar), junto con una motorizaci\u00f3n silenciosa. Gracias a sus soportes deslizantes es muy pr\u00e1ctico para instalar, adecuado para equipar salas de reuniones, anfiteatros universitarios, teatros y salas de espect\u00e1culos, etc.\" \/>\n<meta property=\"og:url\" content=\"https:\/\/www.azur-scenic.com\/es\/producto\/studioscreen-4570\/\" \/>\n<meta property=\"og:site_name\" content=\"Azur Scenic\" \/>\n<meta property=\"article:modified_time\" content=\"2023-08-02T13:18:46+00:00\" \/>\n<meta property=\"og:image\" content=\"https:\/\/www.azur-scenic.com\/wp-content\/uploads\/27c61aa6cc9ed4e76c7875ef472671c5.jpg\" \/>\n\t<meta property=\"og:image:width\" content=\"945\" \/>\n\t<meta property=\"og:image:height\" content=\"945\" \/>\n\t<meta property=\"og:image:type\" content=\"image\/jpeg\" \/>\n<meta name=\"twitter:card\" content=\"summary_large_image\" \/>\n<meta name=\"twitter:label1\" content=\"Tiempo de lectura\" \/>\n\t<meta name=\"twitter:data1\" content=\"1 minuto\" \/>\n<script type=\"application\/ld+json\" class=\"yoast-schema-graph\">{\"@context\":\"https:\\\/\\\/schema.org\",\"@graph\":[{\"@type\":\"WebPage\",\"@id\":\"https:\\\/\\\/www.azur-scenic.com\\\/es\\\/producto\\\/studioscreen-4570\\\/\",\"url\":\"https:\\\/\\\/www.azur-scenic.com\\\/es\\\/producto\\\/studioscreen-4570\\\/\",\"name\":\"StudioScreen 4570 - Azur Scenic\",\"isPartOf\":{\"@id\":\"https:\\\/\\\/www.azur-scenic.com\\\/es\\\/#website\"},\"primaryImageOfPage\":{\"@id\":\"https:\\\/\\\/www.azur-scenic.com\\\/es\\\/producto\\\/studioscreen-4570\\\/#primaryimage\"},\"image\":{\"@id\":\"https:\\\/\\\/www.azur-scenic.com\\\/es\\\/producto\\\/studioscreen-4570\\\/#primaryimage\"},\"thumbnailUrl\":\"https:\\\/\\\/www.azur-scenic.com\\\/wp-content\\\/uploads\\\/27c61aa6cc9ed4e76c7875ef472671c5.jpg\",\"datePublished\":\"2022-10-04T07:27:48+00:00\",\"dateModified\":\"2023-08-02T13:18:46+00:00\",\"description\":\"Pantalla motorizada est\u00e9tica, silenciosa y pr\u00e1ctica para instalar Para proyecciones de 4,50 m a 7 m de ancho. Una pantalla enrollable motorizada, disponible en varios tama\u00f1os (de 4,50 a 7 m de base) y proporciones (4:3, 16:9 y 16:10), dise\u00f1ada para superficies de proyecci\u00f3n de grandes dimensiones. El sistema enrollable es compatible con muchas telas de proyecci\u00f3n (frontal y trasera). StudioScreen 4570 propone un dise\u00f1o est\u00e9tico y adaptable (carcasa disponible en negro o en blanco de forma est\u00e1ndar), junto con una motorizaci\u00f3n silenciosa. Gracias a sus soportes deslizantes es muy pr\u00e1ctico para instalar, adecuado para equipar salas de reuniones, anfiteatros universitarios, teatros y salas de espect\u00e1culos, etc.\",\"breadcrumb\":{\"@id\":\"https:\\\/\\\/www.azur-scenic.com\\\/es\\\/producto\\\/studioscreen-4570\\\/#breadcrumb\"},\"inLanguage\":\"es\",\"potentialAction\":[{\"@type\":\"ReadAction\",\"target\":[\"https:\\\/\\\/www.azur-scenic.com\\\/es\\\/producto\\\/studioscreen-4570\\\/\"]}]},{\"@type\":\"ImageObject\",\"inLanguage\":\"es\",\"@id\":\"https:\\\/\\\/www.azur-scenic.com\\\/es\\\/producto\\\/studioscreen-4570\\\/#primaryimage\",\"url\":\"https:\\\/\\\/www.azur-scenic.com\\\/wp-content\\\/uploads\\\/27c61aa6cc9ed4e76c7875ef472671c5.jpg\",\"contentUrl\":\"https:\\\/\\\/www.azur-scenic.com\\\/wp-content\\\/uploads\\\/27c61aa6cc9ed4e76c7875ef472671c5.jpg\",\"width\":945,\"height\":945},{\"@type\":\"BreadcrumbList\",\"@id\":\"https:\\\/\\\/www.azur-scenic.com\\\/es\\\/producto\\\/studioscreen-4570\\\/#breadcrumb\",\"itemListElement\":[{\"@type\":\"ListItem\",\"position\":1,\"name\":\"Accueil\",\"item\":\"https:\\\/\\\/www.azur-scenic.com\\\/es\\\/\"},{\"@type\":\"ListItem\",\"position\":2,\"name\":\"Productos\",\"item\":\"https:\\\/\\\/www.azur-scenic.com\\\/es\\\/?page_id=21440\"},{\"@type\":\"ListItem\",\"position\":3,\"name\":\"StudioScreen 4570\"}]},{\"@type\":\"WebSite\",\"@id\":\"https:\\\/\\\/www.azur-scenic.com\\\/es\\\/#website\",\"url\":\"https:\\\/\\\/www.azur-scenic.com\\\/es\\\/\",\"name\":\"Azur Scenic\",\"description\":\"Sp\u00e9cialiste de l\u2019\u00e9quipement sc\u00e9nique et de la d\u00e9coration int\u00e9rieure et \u00e9v\u00e9nementielle !\",\"publisher\":{\"@id\":\"https:\\\/\\\/www.azur-scenic.com\\\/es\\\/#organization\"},\"potentialAction\":[{\"@type\":\"SearchAction\",\"target\":{\"@type\":\"EntryPoint\",\"urlTemplate\":\"https:\\\/\\\/www.azur-scenic.com\\\/es\\\/?s={search_term_string}\"},\"query-input\":{\"@type\":\"PropertyValueSpecification\",\"valueRequired\":true,\"valueName\":\"search_term_string\"}}],\"inLanguage\":\"es\"},{\"@type\":\"Organization\",\"@id\":\"https:\\\/\\\/www.azur-scenic.com\\\/es\\\/#organization\",\"name\":\"AZUR SCENIC\",\"url\":\"https:\\\/\\\/www.azur-scenic.com\\\/es\\\/\",\"logo\":{\"@type\":\"ImageObject\",\"inLanguage\":\"es\",\"@id\":\"https:\\\/\\\/www.azur-scenic.com\\\/es\\\/#\\\/schema\\\/logo\\\/image\\\/\",\"url\":\"https:\\\/\\\/www.azur-scenic.com\\\/wp-content\\\/uploads\\\/2022\\\/09\\\/LOGO-AZUR-SCENIC-Fusion-web-236x64-1.jpg\",\"contentUrl\":\"https:\\\/\\\/www.azur-scenic.com\\\/wp-content\\\/uploads\\\/2022\\\/09\\\/LOGO-AZUR-SCENIC-Fusion-web-236x64-1.jpg\",\"width\":236,\"height\":64,\"caption\":\"AZUR SCENIC\"},\"image\":{\"@id\":\"https:\\\/\\\/www.azur-scenic.com\\\/es\\\/#\\\/schema\\\/logo\\\/image\\\/\"},\"sameAs\":[\"https:\\\/\\\/www.youtube.com\\\/channel\\\/UCPWM2mGPVUt4nYhNlm71WOA\",\"https:\\\/\\\/www.linkedin.com\\\/company\\\/33237605\\\/admin\\\/feed\\\/posts\\\/\"]}]}<\/script>\n<!-- \/ Yoast SEO plugin. -->","yoast_head_json":{"title":"StudioScreen 4570 - Azur Scenic","description":"Pantalla motorizada est\u00e9tica, silenciosa y pr\u00e1ctica para instalar Para proyecciones de 4,50 m a 7 m de ancho. Una pantalla enrollable motorizada, disponible en varios tama\u00f1os (de 4,50 a 7 m de base) y proporciones (4:3, 16:9 y 16:10), dise\u00f1ada para superficies de proyecci\u00f3n de grandes dimensiones. El sistema enrollable es compatible con muchas telas de proyecci\u00f3n (frontal y trasera). StudioScreen 4570 propone un dise\u00f1o est\u00e9tico y adaptable (carcasa disponible en negro o en blanco de forma est\u00e1ndar), junto con una motorizaci\u00f3n silenciosa. Gracias a sus soportes deslizantes es muy pr\u00e1ctico para instalar, adecuado para equipar salas de reuniones, anfiteatros universitarios, teatros y salas de espect\u00e1culos, etc.","robots":{"index":"index","follow":"follow","max-snippet":"max-snippet:-1","max-image-preview":"max-image-preview:large","max-video-preview":"max-video-preview:-1"},"canonical":"https:\/\/www.azur-scenic.com\/es\/producto\/studioscreen-4570\/","og_locale":"es_ES","og_type":"article","og_title":"StudioScreen 4570 - Azur Scenic","og_description":"Pantalla motorizada est\u00e9tica, silenciosa y pr\u00e1ctica para instalar Para proyecciones de 4,50 m a 7 m de ancho. Una pantalla enrollable motorizada, disponible en varios tama\u00f1os (de 4,50 a 7 m de base) y proporciones (4:3, 16:9 y 16:10), dise\u00f1ada para superficies de proyecci\u00f3n de grandes dimensiones. El sistema enrollable es compatible con muchas telas de proyecci\u00f3n (frontal y trasera). StudioScreen 4570 propone un dise\u00f1o est\u00e9tico y adaptable (carcasa disponible en negro o en blanco de forma est\u00e1ndar), junto con una motorizaci\u00f3n silenciosa. Gracias a sus soportes deslizantes es muy pr\u00e1ctico para instalar, adecuado para equipar salas de reuniones, anfiteatros universitarios, teatros y salas de espect\u00e1culos, etc.","og_url":"https:\/\/www.azur-scenic.com\/es\/producto\/studioscreen-4570\/","og_site_name":"Azur Scenic","article_modified_time":"2023-08-02T13:18:46+00:00","og_image":[{"width":945,"height":945,"url":"https:\/\/www.azur-scenic.com\/wp-content\/uploads\/27c61aa6cc9ed4e76c7875ef472671c5.jpg","type":"image\/jpeg"}],"twitter_card":"summary_large_image","twitter_misc":{"Tiempo de lectura":"1 minuto"},"schema":{"@context":"https:\/\/schema.org","@graph":[{"@type":"WebPage","@id":"https:\/\/www.azur-scenic.com\/es\/producto\/studioscreen-4570\/","url":"https:\/\/www.azur-scenic.com\/es\/producto\/studioscreen-4570\/","name":"StudioScreen 4570 - Azur Scenic","isPartOf":{"@id":"https:\/\/www.azur-scenic.com\/es\/#website"},"primaryImageOfPage":{"@id":"https:\/\/www.azur-scenic.com\/es\/producto\/studioscreen-4570\/#primaryimage"},"image":{"@id":"https:\/\/www.azur-scenic.com\/es\/producto\/studioscreen-4570\/#primaryimage"},"thumbnailUrl":"https:\/\/www.azur-scenic.com\/wp-content\/uploads\/27c61aa6cc9ed4e76c7875ef472671c5.jpg","datePublished":"2022-10-04T07:27:48+00:00","dateModified":"2023-08-02T13:18:46+00:00","description":"Pantalla motorizada est\u00e9tica, silenciosa y pr\u00e1ctica para instalar Para proyecciones de 4,50 m a 7 m de ancho. Una pantalla enrollable motorizada, disponible en varios tama\u00f1os (de 4,50 a 7 m de base) y proporciones (4:3, 16:9 y 16:10), dise\u00f1ada para superficies de proyecci\u00f3n de grandes dimensiones. El sistema enrollable es compatible con muchas telas de proyecci\u00f3n (frontal y trasera). StudioScreen 4570 propone un dise\u00f1o est\u00e9tico y adaptable (carcasa disponible en negro o en blanco de forma est\u00e1ndar), junto con una motorizaci\u00f3n silenciosa. Gracias a sus soportes deslizantes es muy pr\u00e1ctico para instalar, adecuado para equipar salas de reuniones, anfiteatros universitarios, teatros y salas de espect\u00e1culos, etc.","breadcrumb":{"@id":"https:\/\/www.azur-scenic.com\/es\/producto\/studioscreen-4570\/#breadcrumb"},"inLanguage":"es","potentialAction":[{"@type":"ReadAction","target":["https:\/\/www.azur-scenic.com\/es\/producto\/studioscreen-4570\/"]}]},{"@type":"ImageObject","inLanguage":"es","@id":"https:\/\/www.azur-scenic.com\/es\/producto\/studioscreen-4570\/#primaryimage","url":"https:\/\/www.azur-scenic.com\/wp-content\/uploads\/27c61aa6cc9ed4e76c7875ef472671c5.jpg","contentUrl":"https:\/\/www.azur-scenic.com\/wp-content\/uploads\/27c61aa6cc9ed4e76c7875ef472671c5.jpg","width":945,"height":945},{"@type":"BreadcrumbList","@id":"https:\/\/www.azur-scenic.com\/es\/producto\/studioscreen-4570\/#breadcrumb","itemListElement":[{"@type":"ListItem","position":1,"name":"Accueil","item":"https:\/\/www.azur-scenic.com\/es\/"},{"@type":"ListItem","position":2,"name":"Productos","item":"https:\/\/www.azur-scenic.com\/es\/?page_id=21440"},{"@type":"ListItem","position":3,"name":"StudioScreen 4570"}]},{"@type":"WebSite","@id":"https:\/\/www.azur-scenic.com\/es\/#website","url":"https:\/\/www.azur-scenic.com\/es\/","name":"Azur Scenic","description":"Sp\u00e9cialiste de l\u2019\u00e9quipement sc\u00e9nique et de la d\u00e9coration int\u00e9rieure et \u00e9v\u00e9nementielle !","publisher":{"@id":"https:\/\/www.azur-scenic.com\/es\/#organization"},"potentialAction":[{"@type":"SearchAction","target":{"@type":"EntryPoint","urlTemplate":"https:\/\/www.azur-scenic.com\/es\/?s={search_term_string}"},"query-input":{"@type":"PropertyValueSpecification","valueRequired":true,"valueName":"search_term_string"}}],"inLanguage":"es"},{"@type":"Organization","@id":"https:\/\/www.azur-scenic.com\/es\/#organization","name":"AZUR SCENIC","url":"https:\/\/www.azur-scenic.com\/es\/","logo":{"@type":"ImageObject","inLanguage":"es","@id":"https:\/\/www.azur-scenic.com\/es\/#\/schema\/logo\/image\/","url":"https:\/\/www.azur-scenic.com\/wp-content\/uploads\/2022\/09\/LOGO-AZUR-SCENIC-Fusion-web-236x64-1.jpg","contentUrl":"https:\/\/www.azur-scenic.com\/wp-content\/uploads\/2022\/09\/LOGO-AZUR-SCENIC-Fusion-web-236x64-1.jpg","width":236,"height":64,"caption":"AZUR SCENIC"},"image":{"@id":"https:\/\/www.azur-scenic.com\/es\/#\/schema\/logo\/image\/"},"sameAs":["https:\/\/www.youtube.com\/channel\/UCPWM2mGPVUt4nYhNlm71WOA","https:\/\/www.linkedin.com\/company\/33237605\/admin\/feed\/posts\/"]}]}},"_links":{"self":[{"href":"https:\/\/www.azur-scenic.com\/es\/wp-json\/wp\/v2\/product\/17600","targetHints":{"allow":["GET"]}}],"collection":[{"href":"https:\/\/www.azur-scenic.com\/es\/wp-json\/wp\/v2\/product"}],"about":[{"href":"https:\/\/www.azur-scenic.com\/es\/wp-json\/wp\/v2\/types\/product"}],"wp:featuredmedia":[{"embeddable":true,"href":"https:\/\/www.azur-scenic.com\/es\/wp-json\/wp\/v2\/media\/7736"}],"wp:attachment":[{"href":"https:\/\/www.azur-scenic.com\/es\/wp-json\/wp\/v2\/media?parent=17600"}],"wp:term":[{"taxonomy":"product_brand","embeddable":true,"href":"https:\/\/www.azur-scenic.com\/es\/wp-json\/wp\/v2\/product_brand?post=17600"},{"taxonomy":"product_cat","embeddable":true,"href":"https:\/\/www.azur-scenic.com\/es\/wp-json\/wp\/v2\/product_cat?post=17600"},{"taxonomy":"product_tag","embeddable":true,"href":"https:\/\/www.azur-scenic.com\/es\/wp-json\/wp\/v2\/product_tag?post=17600"}],"curies":[{"name":"wp","href":"https:\/\/api.w.org\/{rel}","templated":true}]}}