{"id":17604,"date":"2022-10-04T07:27:47","date_gmt":"2022-10-04T07:27:47","guid":{"rendered":"https:\/\/www.azur-scenic.com\/produit\/movie-screen\/"},"modified":"2023-08-02T13:18:44","modified_gmt":"2023-08-02T13:18:44","slug":"movie-screen","status":"publish","type":"product","link":"https:\/\/www.azur-scenic.com\/es\/producto\/movie-screen\/","title":{"rendered":"Movie Screen"},"content":{"rendered":"<p><p><span style=\"color: #f88523;\"><strong>Estructura<\/strong> <\/span>de pantalla modular completamente a medida para un <span style=\"color: #f88523;\"><strong>montaje simple<\/strong><\/span>.<br \/>\nPerfil de aluminio extruido negro.<\/p>\n<p>Sistema de tensi\u00f3n de tela tipo postal: <strong><span style=\"color: #f88523;\">el marco queda totalmente tapado por la tela<\/span>. <\/strong><\/p>\n<p><strong><span style=\"color: #f88523;\">R\u00e1pida puesta en tensi\u00f3n de la tela<\/span><\/strong> gracias al sistema de tensores.<\/p>\n<p><span style=\"color: #f88523;\"><strong>Detalles t\u00e9cnicos, opciones y accesorios<\/strong><\/span><br \/>\nVer el siguiente archivo PDF en la pesta\u00f1a \u00abDescargas\u00bb.<\/p><\/p>\n","protected":false},"excerpt":{"rendered":"<p>Una <strong><span style=\"color: #f88523;\">estructura de pantalla modular<\/span><\/strong> totalmente <strong><span style=\"color: #f88523;\">a medida<\/span><\/strong>, de aluminio extruido negro, pensada para grandes superficies de proyecci\u00f3n.<\/p>\n<p>Sistema de tensi\u00f3n de tela <strong><span style=\"color: #f88523;\">tipo postal<\/span><\/strong>: el marco queda totalmente tapado por la tela.<\/p>\n<p>Compatible con todas las telas de proyecci\u00f3n (<strong><span style=\"color: #f88523;\">frontal y trasera<\/span><\/strong>).<\/p>\n<p>Fijaci\u00f3n mural, en el techo o por suspensi\u00f3n.<\/p>\n<p>La estructura se puede <strong><span style=\"color: #f88523;\">curvar<\/span><\/strong> f\u00e1cilmente en el lugar.<\/p>\n<p>Posibilidad de agregar un marco de ocultaci\u00f3n (opcional).<\/p>\n","protected":false},"featured_media":7703,"template":"","meta":{"_acf_changed":false},"product_brand":[],"product_cat":[1093,1296,943,944],"product_tag":[],"class_list":{"0":"post-17604","1":"product","2":"type-product","3":"status-publish","4":"has-post-thumbnail","6":"product_cat-productos-tecnicos","7":"product_cat-marcos-y-pantallas-portatiles","8":"product_cat-teatro","9":"product_cat-todos-los-productos","10":"pa_techniques-fabricacion-a-medida","11":"pa_textiles-ignifugo","12":"pa_textiles-proyeccion-frontal","13":"pa_textiles-retroproyeccion","15":"first","16":"instock","17":"shipping-taxable","18":"purchasable","19":"product-type-simple"},"acf":[],"yoast_head":"<!-- This site is optimized with the Yoast SEO plugin v27.3 - https:\/\/yoast.com\/product\/yoast-seo-wordpress\/ -->\n<title>Movie Screen - Azur Scenic<\/title>\n<meta name=\"description\" content=\"Una estructura de pantalla modular totalmente a medida, de aluminio extruido negro, pensada para grandes superficies de proyecci\u00f3n. Sistema de tensi\u00f3n de tela tipo postal: el marco queda totalmente tapado por la tela. Compatible con todas las telas de proyecci\u00f3n (frontal y trasera). Fijaci\u00f3n mural, en el techo o por suspensi\u00f3n. La estructura se puede curvar f\u00e1cilmente en el lugar. Posibilidad de agregar un marco de ocultaci\u00f3n (opcional).\" \/>\n<meta name=\"robots\" content=\"index, follow, max-snippet:-1, max-image-preview:large, max-video-preview:-1\" \/>\n<link rel=\"canonical\" href=\"https:\/\/www.azur-scenic.com\/es\/producto\/movie-screen\/\" \/>\n<meta property=\"og:locale\" content=\"es_ES\" \/>\n<meta property=\"og:type\" content=\"article\" \/>\n<meta property=\"og:title\" content=\"Movie Screen - Azur Scenic\" \/>\n<meta property=\"og:description\" content=\"Una estructura de pantalla modular totalmente a medida, de aluminio extruido negro, pensada para grandes superficies de proyecci\u00f3n. Sistema de tensi\u00f3n de tela tipo postal: el marco queda totalmente tapado por la tela. Compatible con todas las telas de proyecci\u00f3n (frontal y trasera). Fijaci\u00f3n mural, en el techo o por suspensi\u00f3n. La estructura se puede curvar f\u00e1cilmente en el lugar. Posibilidad de agregar un marco de ocultaci\u00f3n (opcional).\" \/>\n<meta property=\"og:url\" content=\"https:\/\/www.azur-scenic.com\/es\/producto\/movie-screen\/\" \/>\n<meta property=\"og:site_name\" content=\"Azur Scenic\" \/>\n<meta property=\"article:modified_time\" content=\"2023-08-02T13:18:44+00:00\" \/>\n<meta property=\"og:image\" content=\"https:\/\/www.azur-scenic.com\/wp-content\/uploads\/2cb276210bf14a0e0b0ac85e23a789e1.jpg\" \/>\n\t<meta property=\"og:image:width\" content=\"2173\" \/>\n\t<meta property=\"og:image:height\" content=\"2173\" \/>\n\t<meta property=\"og:image:type\" content=\"image\/jpeg\" \/>\n<meta name=\"twitter:card\" content=\"summary_large_image\" \/>\n<script type=\"application\/ld+json\" class=\"yoast-schema-graph\">{\"@context\":\"https:\\\/\\\/schema.org\",\"@graph\":[{\"@type\":\"WebPage\",\"@id\":\"https:\\\/\\\/www.azur-scenic.com\\\/es\\\/producto\\\/movie-screen\\\/\",\"url\":\"https:\\\/\\\/www.azur-scenic.com\\\/es\\\/producto\\\/movie-screen\\\/\",\"name\":\"Movie Screen - Azur Scenic\",\"isPartOf\":{\"@id\":\"https:\\\/\\\/www.azur-scenic.com\\\/es\\\/#website\"},\"primaryImageOfPage\":{\"@id\":\"https:\\\/\\\/www.azur-scenic.com\\\/es\\\/producto\\\/movie-screen\\\/#primaryimage\"},\"image\":{\"@id\":\"https:\\\/\\\/www.azur-scenic.com\\\/es\\\/producto\\\/movie-screen\\\/#primaryimage\"},\"thumbnailUrl\":\"https:\\\/\\\/www.azur-scenic.com\\\/wp-content\\\/uploads\\\/2cb276210bf14a0e0b0ac85e23a789e1.jpg\",\"datePublished\":\"2022-10-04T07:27:47+00:00\",\"dateModified\":\"2023-08-02T13:18:44+00:00\",\"description\":\"Una estructura de pantalla modular totalmente a medida, de aluminio extruido negro, pensada para grandes superficies de proyecci\u00f3n. Sistema de tensi\u00f3n de tela tipo postal: el marco queda totalmente tapado por la tela. Compatible con todas las telas de proyecci\u00f3n (frontal y trasera). Fijaci\u00f3n mural, en el techo o por suspensi\u00f3n. La estructura se puede curvar f\u00e1cilmente en el lugar. Posibilidad de agregar un marco de ocultaci\u00f3n (opcional).\",\"breadcrumb\":{\"@id\":\"https:\\\/\\\/www.azur-scenic.com\\\/es\\\/producto\\\/movie-screen\\\/#breadcrumb\"},\"inLanguage\":\"es\",\"potentialAction\":[{\"@type\":\"ReadAction\",\"target\":[\"https:\\\/\\\/www.azur-scenic.com\\\/es\\\/producto\\\/movie-screen\\\/\"]}]},{\"@type\":\"ImageObject\",\"inLanguage\":\"es\",\"@id\":\"https:\\\/\\\/www.azur-scenic.com\\\/es\\\/producto\\\/movie-screen\\\/#primaryimage\",\"url\":\"https:\\\/\\\/www.azur-scenic.com\\\/wp-content\\\/uploads\\\/2cb276210bf14a0e0b0ac85e23a789e1.jpg\",\"contentUrl\":\"https:\\\/\\\/www.azur-scenic.com\\\/wp-content\\\/uploads\\\/2cb276210bf14a0e0b0ac85e23a789e1.jpg\",\"width\":2173,\"height\":2173},{\"@type\":\"BreadcrumbList\",\"@id\":\"https:\\\/\\\/www.azur-scenic.com\\\/es\\\/producto\\\/movie-screen\\\/#breadcrumb\",\"itemListElement\":[{\"@type\":\"ListItem\",\"position\":1,\"name\":\"Accueil\",\"item\":\"https:\\\/\\\/www.azur-scenic.com\\\/es\\\/\"},{\"@type\":\"ListItem\",\"position\":2,\"name\":\"Productos\",\"item\":\"https:\\\/\\\/www.azur-scenic.com\\\/es\\\/?page_id=21440\"},{\"@type\":\"ListItem\",\"position\":3,\"name\":\"Movie Screen\"}]},{\"@type\":\"WebSite\",\"@id\":\"https:\\\/\\\/www.azur-scenic.com\\\/es\\\/#website\",\"url\":\"https:\\\/\\\/www.azur-scenic.com\\\/es\\\/\",\"name\":\"Azur Scenic\",\"description\":\"Sp\u00e9cialiste de l\u2019\u00e9quipement sc\u00e9nique et de la d\u00e9coration int\u00e9rieure et \u00e9v\u00e9nementielle !\",\"publisher\":{\"@id\":\"https:\\\/\\\/www.azur-scenic.com\\\/es\\\/#organization\"},\"potentialAction\":[{\"@type\":\"SearchAction\",\"target\":{\"@type\":\"EntryPoint\",\"urlTemplate\":\"https:\\\/\\\/www.azur-scenic.com\\\/es\\\/?s={search_term_string}\"},\"query-input\":{\"@type\":\"PropertyValueSpecification\",\"valueRequired\":true,\"valueName\":\"search_term_string\"}}],\"inLanguage\":\"es\"},{\"@type\":\"Organization\",\"@id\":\"https:\\\/\\\/www.azur-scenic.com\\\/es\\\/#organization\",\"name\":\"AZUR SCENIC\",\"url\":\"https:\\\/\\\/www.azur-scenic.com\\\/es\\\/\",\"logo\":{\"@type\":\"ImageObject\",\"inLanguage\":\"es\",\"@id\":\"https:\\\/\\\/www.azur-scenic.com\\\/es\\\/#\\\/schema\\\/logo\\\/image\\\/\",\"url\":\"https:\\\/\\\/www.azur-scenic.com\\\/wp-content\\\/uploads\\\/2022\\\/09\\\/LOGO-AZUR-SCENIC-Fusion-web-236x64-1.jpg\",\"contentUrl\":\"https:\\\/\\\/www.azur-scenic.com\\\/wp-content\\\/uploads\\\/2022\\\/09\\\/LOGO-AZUR-SCENIC-Fusion-web-236x64-1.jpg\",\"width\":236,\"height\":64,\"caption\":\"AZUR SCENIC\"},\"image\":{\"@id\":\"https:\\\/\\\/www.azur-scenic.com\\\/es\\\/#\\\/schema\\\/logo\\\/image\\\/\"},\"sameAs\":[\"https:\\\/\\\/www.youtube.com\\\/channel\\\/UCPWM2mGPVUt4nYhNlm71WOA\",\"https:\\\/\\\/www.linkedin.com\\\/company\\\/33237605\\\/admin\\\/feed\\\/posts\\\/\"]}]}<\/script>\n<!-- \/ Yoast SEO plugin. -->","yoast_head_json":{"title":"Movie Screen - Azur Scenic","description":"Una estructura de pantalla modular totalmente a medida, de aluminio extruido negro, pensada para grandes superficies de proyecci\u00f3n. Sistema de tensi\u00f3n de tela tipo postal: el marco queda totalmente tapado por la tela. Compatible con todas las telas de proyecci\u00f3n (frontal y trasera). Fijaci\u00f3n mural, en el techo o por suspensi\u00f3n. La estructura se puede curvar f\u00e1cilmente en el lugar. Posibilidad de agregar un marco de ocultaci\u00f3n (opcional).","robots":{"index":"index","follow":"follow","max-snippet":"max-snippet:-1","max-image-preview":"max-image-preview:large","max-video-preview":"max-video-preview:-1"},"canonical":"https:\/\/www.azur-scenic.com\/es\/producto\/movie-screen\/","og_locale":"es_ES","og_type":"article","og_title":"Movie Screen - Azur Scenic","og_description":"Una estructura de pantalla modular totalmente a medida, de aluminio extruido negro, pensada para grandes superficies de proyecci\u00f3n. Sistema de tensi\u00f3n de tela tipo postal: el marco queda totalmente tapado por la tela. Compatible con todas las telas de proyecci\u00f3n (frontal y trasera). Fijaci\u00f3n mural, en el techo o por suspensi\u00f3n. La estructura se puede curvar f\u00e1cilmente en el lugar. Posibilidad de agregar un marco de ocultaci\u00f3n (opcional).","og_url":"https:\/\/www.azur-scenic.com\/es\/producto\/movie-screen\/","og_site_name":"Azur Scenic","article_modified_time":"2023-08-02T13:18:44+00:00","og_image":[{"width":2173,"height":2173,"url":"https:\/\/www.azur-scenic.com\/wp-content\/uploads\/2cb276210bf14a0e0b0ac85e23a789e1.jpg","type":"image\/jpeg"}],"twitter_card":"summary_large_image","schema":{"@context":"https:\/\/schema.org","@graph":[{"@type":"WebPage","@id":"https:\/\/www.azur-scenic.com\/es\/producto\/movie-screen\/","url":"https:\/\/www.azur-scenic.com\/es\/producto\/movie-screen\/","name":"Movie Screen - Azur Scenic","isPartOf":{"@id":"https:\/\/www.azur-scenic.com\/es\/#website"},"primaryImageOfPage":{"@id":"https:\/\/www.azur-scenic.com\/es\/producto\/movie-screen\/#primaryimage"},"image":{"@id":"https:\/\/www.azur-scenic.com\/es\/producto\/movie-screen\/#primaryimage"},"thumbnailUrl":"https:\/\/www.azur-scenic.com\/wp-content\/uploads\/2cb276210bf14a0e0b0ac85e23a789e1.jpg","datePublished":"2022-10-04T07:27:47+00:00","dateModified":"2023-08-02T13:18:44+00:00","description":"Una estructura de pantalla modular totalmente a medida, de aluminio extruido negro, pensada para grandes superficies de proyecci\u00f3n. Sistema de tensi\u00f3n de tela tipo postal: el marco queda totalmente tapado por la tela. Compatible con todas las telas de proyecci\u00f3n (frontal y trasera). Fijaci\u00f3n mural, en el techo o por suspensi\u00f3n. La estructura se puede curvar f\u00e1cilmente en el lugar. Posibilidad de agregar un marco de ocultaci\u00f3n (opcional).","breadcrumb":{"@id":"https:\/\/www.azur-scenic.com\/es\/producto\/movie-screen\/#breadcrumb"},"inLanguage":"es","potentialAction":[{"@type":"ReadAction","target":["https:\/\/www.azur-scenic.com\/es\/producto\/movie-screen\/"]}]},{"@type":"ImageObject","inLanguage":"es","@id":"https:\/\/www.azur-scenic.com\/es\/producto\/movie-screen\/#primaryimage","url":"https:\/\/www.azur-scenic.com\/wp-content\/uploads\/2cb276210bf14a0e0b0ac85e23a789e1.jpg","contentUrl":"https:\/\/www.azur-scenic.com\/wp-content\/uploads\/2cb276210bf14a0e0b0ac85e23a789e1.jpg","width":2173,"height":2173},{"@type":"BreadcrumbList","@id":"https:\/\/www.azur-scenic.com\/es\/producto\/movie-screen\/#breadcrumb","itemListElement":[{"@type":"ListItem","position":1,"name":"Accueil","item":"https:\/\/www.azur-scenic.com\/es\/"},{"@type":"ListItem","position":2,"name":"Productos","item":"https:\/\/www.azur-scenic.com\/es\/?page_id=21440"},{"@type":"ListItem","position":3,"name":"Movie Screen"}]},{"@type":"WebSite","@id":"https:\/\/www.azur-scenic.com\/es\/#website","url":"https:\/\/www.azur-scenic.com\/es\/","name":"Azur Scenic","description":"Sp\u00e9cialiste de l\u2019\u00e9quipement sc\u00e9nique et de la d\u00e9coration int\u00e9rieure et \u00e9v\u00e9nementielle !","publisher":{"@id":"https:\/\/www.azur-scenic.com\/es\/#organization"},"potentialAction":[{"@type":"SearchAction","target":{"@type":"EntryPoint","urlTemplate":"https:\/\/www.azur-scenic.com\/es\/?s={search_term_string}"},"query-input":{"@type":"PropertyValueSpecification","valueRequired":true,"valueName":"search_term_string"}}],"inLanguage":"es"},{"@type":"Organization","@id":"https:\/\/www.azur-scenic.com\/es\/#organization","name":"AZUR SCENIC","url":"https:\/\/www.azur-scenic.com\/es\/","logo":{"@type":"ImageObject","inLanguage":"es","@id":"https:\/\/www.azur-scenic.com\/es\/#\/schema\/logo\/image\/","url":"https:\/\/www.azur-scenic.com\/wp-content\/uploads\/2022\/09\/LOGO-AZUR-SCENIC-Fusion-web-236x64-1.jpg","contentUrl":"https:\/\/www.azur-scenic.com\/wp-content\/uploads\/2022\/09\/LOGO-AZUR-SCENIC-Fusion-web-236x64-1.jpg","width":236,"height":64,"caption":"AZUR SCENIC"},"image":{"@id":"https:\/\/www.azur-scenic.com\/es\/#\/schema\/logo\/image\/"},"sameAs":["https:\/\/www.youtube.com\/channel\/UCPWM2mGPVUt4nYhNlm71WOA","https:\/\/www.linkedin.com\/company\/33237605\/admin\/feed\/posts\/"]}]}},"_links":{"self":[{"href":"https:\/\/www.azur-scenic.com\/es\/wp-json\/wp\/v2\/product\/17604","targetHints":{"allow":["GET"]}}],"collection":[{"href":"https:\/\/www.azur-scenic.com\/es\/wp-json\/wp\/v2\/product"}],"about":[{"href":"https:\/\/www.azur-scenic.com\/es\/wp-json\/wp\/v2\/types\/product"}],"wp:featuredmedia":[{"embeddable":true,"href":"https:\/\/www.azur-scenic.com\/es\/wp-json\/wp\/v2\/media\/7703"}],"wp:attachment":[{"href":"https:\/\/www.azur-scenic.com\/es\/wp-json\/wp\/v2\/media?parent=17604"}],"wp:term":[{"taxonomy":"product_brand","embeddable":true,"href":"https:\/\/www.azur-scenic.com\/es\/wp-json\/wp\/v2\/product_brand?post=17604"},{"taxonomy":"product_cat","embeddable":true,"href":"https:\/\/www.azur-scenic.com\/es\/wp-json\/wp\/v2\/product_cat?post=17604"},{"taxonomy":"product_tag","embeddable":true,"href":"https:\/\/www.azur-scenic.com\/es\/wp-json\/wp\/v2\/product_tag?post=17604"}],"curies":[{"name":"wp","href":"https:\/\/api.w.org\/{rel}","templated":true}]}}