{"id":17608,"date":"2022-10-04T07:27:47","date_gmt":"2022-10-04T07:27:47","guid":{"rendered":"https:\/\/www.azur-scenic.com\/produit\/no-limit-2\/"},"modified":"2023-08-02T13:18:45","modified_gmt":"2023-08-02T13:18:45","slug":"no-limit-2","status":"publish","type":"product","link":"https:\/\/www.azur-scenic.com\/es\/producto\/no-limit-2\/","title":{"rendered":"No Limit 2"},"content":{"rendered":"<p><p><strong><span style=\"color: #f88523;\">Carcasa<\/span><\/strong><br \/>\nTela perfectamente protegida por una carcasa de aluminio anodizado negro cerrado, con peso y volumen limitados.<\/p>\n<p><strong><span style=\"color: #f88523;\">Sistema enrollable<\/span><\/strong><br \/>\nEnrollamiento tubular en suspensi\u00f3n con sistema antideformaci\u00f3n en toda la longitud de la pantalla.<\/p>\n<p><strong><span style=\"color: #f88523;\">Motorizaci\u00f3n<\/span><\/strong><br \/>\nDoble motorizaci\u00f3n tubular SOMFY (con 5 a\u00f1os de garant\u00eda) con m\u00f3dulo de acoplamiento de motor que asegura una sincronizaci\u00f3n perfecta. Control est\u00e1ndar opcional: control remoto por radio o mural (otros controles disponibles).<br \/>\nAjuste preciso de las posiciones finales (posiciones alta y baja de la pantalla)<br \/>\nPotencia: 110 Nm<br \/>\nVelocidad de rotaci\u00f3n: 17 rev.\/m<br \/>\nVelocidad de subida: \u00b1 10\u00a0cm\/s.<\/p>\n<p><strong><span style=\"color: #f88523;\">Lastre<\/span><\/strong><br \/>\nVarilla de lastre integrada (2,3\u00a0kg\/m).<\/p>\n<p><strong><span style=\"color: #f88523;\">Fijaci\u00f3n<\/span><\/strong><br \/>\nAbrazaderas de fijaci\u00f3n para varillas de 48,3 a 50\u00a0mm de di\u00e1metro incluidas<br \/>\nFijaci\u00f3n cada 2 a 3 metros con posibilidades de regular el nivel.<\/p>\n<p><strong><span style=\"color: #f88523;\">Tama\u00f1o<\/span><\/strong><br \/>\nEl formato m\u00e1ximo es de 60 m de ancho x 10 m de alto.<\/p>\n<p><strong><span style=\"color: #f88523;\">Presentaci\u00f3n<\/span><\/strong><br \/>\nHasta 12 m de largo, posibilidad de env\u00edo premontado en una caja de madera. En caso de m\u00e1s de 12 m, embalaje en varias partes que un equipo de t\u00e9cnicos especializados debe montar en el lugar.<\/p>\n<p><strong><span style=\"color: #f88523;\">Detalles t\u00e9cnicos<\/span><\/strong><br \/>\nConsultar la pesta\u00f1a \u00abDescargas\u00bb del siguiente archivo PDF.<\/p><\/p>\n","protected":false},"excerpt":{"rendered":"<p><strong><span style=\"color: #0bace4;\">Pantalla motorizada de muy grandes dimensiones con un volumen ultrarreducido.<\/span><\/strong><\/p>\n<p>Una <strong><span style=\"color: #f88523;\">pantalla enrollable motorizada<\/span><\/strong> completamente <strong><span style=\"color: #f88523;\">a medida<\/span><\/strong>, pensada para superficies de proyecci\u00f3n muy grandes (<strong><span style=\"color: #f88523;\">de 8 a 60 m de ancho<\/span><\/strong>).<\/p>\n<p>El sistema enrollable es compatible con todas las telas de proyecci\u00f3n (<strong><span style=\"color: #f88523;\">frontal y trasera<\/span><\/strong>).<\/p>\n<p>Su carcasa negra de aluminio extruido con dos refuerzos longitudinales de acero le confiere una <strong><span style=\"color: #f88523;\">rigidez muy alta<\/span><\/strong>. Su cilindro de enrollamiento reposa sobre una cuna compuesta por tubos de Ertalon montados sobre rodamientos de bolas. Est\u00e1 sostenido por un sistema antideformaci\u00f3n que permite, gracias a las suspensiones especialmente calibradas, atenuar las diferencias de niveles en toda la longitud de la pantalla.<\/p>\n","protected":false},"featured_media":7715,"template":"","meta":{"_acf_changed":false},"product_brand":[],"product_cat":[1093,1292,943,944],"product_tag":[],"class_list":{"0":"post-17608","1":"product","2":"type-product","3":"status-publish","4":"has-post-thumbnail","6":"product_cat-productos-tecnicos","7":"product_cat-enrolladores","8":"product_cat-teatro","9":"product_cat-todos-los-productos","10":"pa_techniques-fabricacion-a-medida","11":"pa_textiles-ignifugo","12":"pa_textiles-proyeccion-frontal","13":"pa_textiles-retroproyeccion","15":"first","16":"instock","17":"shipping-taxable","18":"purchasable","19":"product-type-simple"},"acf":[],"yoast_head":"<!-- This site is optimized with the Yoast SEO plugin v27.3 - https:\/\/yoast.com\/product\/yoast-seo-wordpress\/ -->\n<title>No Limit 2 - Azur Scenic<\/title>\n<meta name=\"description\" content=\"Pantalla motorizada de muy grandes dimensiones con un volumen ultrarreducido. Una pantalla enrollable motorizada completamente a medida, pensada para superficies de proyecci\u00f3n muy grandes (de 8 a 60 m de ancho). El sistema enrollable es compatible con todas las telas de proyecci\u00f3n (frontal y trasera). Su carcasa negra de aluminio extruido con dos refuerzos longitudinales de acero le confiere una rigidez muy alta. Su cilindro de enrollamiento reposa sobre una cuna compuesta por tubos de Ertalon montados sobre rodamientos de bolas. Est\u00e1 sostenido por un sistema antideformaci\u00f3n que permite, gracias a las suspensiones especialmente calibradas, atenuar las diferencias de niveles en toda la longitud de la pantalla.\" \/>\n<meta name=\"robots\" content=\"index, follow, max-snippet:-1, max-image-preview:large, max-video-preview:-1\" \/>\n<link rel=\"canonical\" href=\"https:\/\/www.azur-scenic.com\/es\/producto\/no-limit-2\/\" \/>\n<meta property=\"og:locale\" content=\"es_ES\" \/>\n<meta property=\"og:type\" content=\"article\" \/>\n<meta property=\"og:title\" content=\"No Limit 2 - Azur Scenic\" \/>\n<meta property=\"og:description\" content=\"Pantalla motorizada de muy grandes dimensiones con un volumen ultrarreducido. Una pantalla enrollable motorizada completamente a medida, pensada para superficies de proyecci\u00f3n muy grandes (de 8 a 60 m de ancho). El sistema enrollable es compatible con todas las telas de proyecci\u00f3n (frontal y trasera). Su carcasa negra de aluminio extruido con dos refuerzos longitudinales de acero le confiere una rigidez muy alta. Su cilindro de enrollamiento reposa sobre una cuna compuesta por tubos de Ertalon montados sobre rodamientos de bolas. Est\u00e1 sostenido por un sistema antideformaci\u00f3n que permite, gracias a las suspensiones especialmente calibradas, atenuar las diferencias de niveles en toda la longitud de la pantalla.\" \/>\n<meta property=\"og:url\" content=\"https:\/\/www.azur-scenic.com\/es\/producto\/no-limit-2\/\" \/>\n<meta property=\"og:site_name\" content=\"Azur Scenic\" \/>\n<meta property=\"article:modified_time\" content=\"2023-08-02T13:18:45+00:00\" \/>\n<meta property=\"og:image\" content=\"https:\/\/www.azur-scenic.com\/wp-content\/uploads\/339a53336667a91bc4448399da22a815.jpg\" \/>\n\t<meta property=\"og:image:width\" content=\"945\" \/>\n\t<meta property=\"og:image:height\" content=\"945\" \/>\n\t<meta property=\"og:image:type\" content=\"image\/jpeg\" \/>\n<meta name=\"twitter:card\" content=\"summary_large_image\" \/>\n<meta name=\"twitter:label1\" content=\"Tiempo de lectura\" \/>\n\t<meta name=\"twitter:data1\" content=\"1 minuto\" \/>\n<script type=\"application\/ld+json\" class=\"yoast-schema-graph\">{\"@context\":\"https:\\\/\\\/schema.org\",\"@graph\":[{\"@type\":\"WebPage\",\"@id\":\"https:\\\/\\\/www.azur-scenic.com\\\/es\\\/producto\\\/no-limit-2\\\/\",\"url\":\"https:\\\/\\\/www.azur-scenic.com\\\/es\\\/producto\\\/no-limit-2\\\/\",\"name\":\"No Limit 2 - Azur Scenic\",\"isPartOf\":{\"@id\":\"https:\\\/\\\/www.azur-scenic.com\\\/es\\\/#website\"},\"primaryImageOfPage\":{\"@id\":\"https:\\\/\\\/www.azur-scenic.com\\\/es\\\/producto\\\/no-limit-2\\\/#primaryimage\"},\"image\":{\"@id\":\"https:\\\/\\\/www.azur-scenic.com\\\/es\\\/producto\\\/no-limit-2\\\/#primaryimage\"},\"thumbnailUrl\":\"https:\\\/\\\/www.azur-scenic.com\\\/wp-content\\\/uploads\\\/339a53336667a91bc4448399da22a815.jpg\",\"datePublished\":\"2022-10-04T07:27:47+00:00\",\"dateModified\":\"2023-08-02T13:18:45+00:00\",\"description\":\"Pantalla motorizada de muy grandes dimensiones con un volumen ultrarreducido. Una pantalla enrollable motorizada completamente a medida, pensada para superficies de proyecci\u00f3n muy grandes (de 8 a 60 m de ancho). El sistema enrollable es compatible con todas las telas de proyecci\u00f3n (frontal y trasera). Su carcasa negra de aluminio extruido con dos refuerzos longitudinales de acero le confiere una rigidez muy alta. Su cilindro de enrollamiento reposa sobre una cuna compuesta por tubos de Ertalon montados sobre rodamientos de bolas. Est\u00e1 sostenido por un sistema antideformaci\u00f3n que permite, gracias a las suspensiones especialmente calibradas, atenuar las diferencias de niveles en toda la longitud de la pantalla.\",\"breadcrumb\":{\"@id\":\"https:\\\/\\\/www.azur-scenic.com\\\/es\\\/producto\\\/no-limit-2\\\/#breadcrumb\"},\"inLanguage\":\"es\",\"potentialAction\":[{\"@type\":\"ReadAction\",\"target\":[\"https:\\\/\\\/www.azur-scenic.com\\\/es\\\/producto\\\/no-limit-2\\\/\"]}]},{\"@type\":\"ImageObject\",\"inLanguage\":\"es\",\"@id\":\"https:\\\/\\\/www.azur-scenic.com\\\/es\\\/producto\\\/no-limit-2\\\/#primaryimage\",\"url\":\"https:\\\/\\\/www.azur-scenic.com\\\/wp-content\\\/uploads\\\/339a53336667a91bc4448399da22a815.jpg\",\"contentUrl\":\"https:\\\/\\\/www.azur-scenic.com\\\/wp-content\\\/uploads\\\/339a53336667a91bc4448399da22a815.jpg\",\"width\":945,\"height\":945},{\"@type\":\"BreadcrumbList\",\"@id\":\"https:\\\/\\\/www.azur-scenic.com\\\/es\\\/producto\\\/no-limit-2\\\/#breadcrumb\",\"itemListElement\":[{\"@type\":\"ListItem\",\"position\":1,\"name\":\"Accueil\",\"item\":\"https:\\\/\\\/www.azur-scenic.com\\\/es\\\/\"},{\"@type\":\"ListItem\",\"position\":2,\"name\":\"Productos\",\"item\":\"https:\\\/\\\/www.azur-scenic.com\\\/es\\\/?page_id=21440\"},{\"@type\":\"ListItem\",\"position\":3,\"name\":\"No Limit 2\"}]},{\"@type\":\"WebSite\",\"@id\":\"https:\\\/\\\/www.azur-scenic.com\\\/es\\\/#website\",\"url\":\"https:\\\/\\\/www.azur-scenic.com\\\/es\\\/\",\"name\":\"Azur Scenic\",\"description\":\"Sp\u00e9cialiste de l\u2019\u00e9quipement sc\u00e9nique et de la d\u00e9coration int\u00e9rieure et \u00e9v\u00e9nementielle !\",\"publisher\":{\"@id\":\"https:\\\/\\\/www.azur-scenic.com\\\/es\\\/#organization\"},\"potentialAction\":[{\"@type\":\"SearchAction\",\"target\":{\"@type\":\"EntryPoint\",\"urlTemplate\":\"https:\\\/\\\/www.azur-scenic.com\\\/es\\\/?s={search_term_string}\"},\"query-input\":{\"@type\":\"PropertyValueSpecification\",\"valueRequired\":true,\"valueName\":\"search_term_string\"}}],\"inLanguage\":\"es\"},{\"@type\":\"Organization\",\"@id\":\"https:\\\/\\\/www.azur-scenic.com\\\/es\\\/#organization\",\"name\":\"AZUR SCENIC\",\"url\":\"https:\\\/\\\/www.azur-scenic.com\\\/es\\\/\",\"logo\":{\"@type\":\"ImageObject\",\"inLanguage\":\"es\",\"@id\":\"https:\\\/\\\/www.azur-scenic.com\\\/es\\\/#\\\/schema\\\/logo\\\/image\\\/\",\"url\":\"https:\\\/\\\/www.azur-scenic.com\\\/wp-content\\\/uploads\\\/2022\\\/09\\\/LOGO-AZUR-SCENIC-Fusion-web-236x64-1.jpg\",\"contentUrl\":\"https:\\\/\\\/www.azur-scenic.com\\\/wp-content\\\/uploads\\\/2022\\\/09\\\/LOGO-AZUR-SCENIC-Fusion-web-236x64-1.jpg\",\"width\":236,\"height\":64,\"caption\":\"AZUR SCENIC\"},\"image\":{\"@id\":\"https:\\\/\\\/www.azur-scenic.com\\\/es\\\/#\\\/schema\\\/logo\\\/image\\\/\"},\"sameAs\":[\"https:\\\/\\\/www.youtube.com\\\/channel\\\/UCPWM2mGPVUt4nYhNlm71WOA\",\"https:\\\/\\\/www.linkedin.com\\\/company\\\/33237605\\\/admin\\\/feed\\\/posts\\\/\"]}]}<\/script>\n<!-- \/ Yoast SEO plugin. -->","yoast_head_json":{"title":"No Limit 2 - Azur Scenic","description":"Pantalla motorizada de muy grandes dimensiones con un volumen ultrarreducido. Una pantalla enrollable motorizada completamente a medida, pensada para superficies de proyecci\u00f3n muy grandes (de 8 a 60 m de ancho). El sistema enrollable es compatible con todas las telas de proyecci\u00f3n (frontal y trasera). Su carcasa negra de aluminio extruido con dos refuerzos longitudinales de acero le confiere una rigidez muy alta. Su cilindro de enrollamiento reposa sobre una cuna compuesta por tubos de Ertalon montados sobre rodamientos de bolas. Est\u00e1 sostenido por un sistema antideformaci\u00f3n que permite, gracias a las suspensiones especialmente calibradas, atenuar las diferencias de niveles en toda la longitud de la pantalla.","robots":{"index":"index","follow":"follow","max-snippet":"max-snippet:-1","max-image-preview":"max-image-preview:large","max-video-preview":"max-video-preview:-1"},"canonical":"https:\/\/www.azur-scenic.com\/es\/producto\/no-limit-2\/","og_locale":"es_ES","og_type":"article","og_title":"No Limit 2 - Azur Scenic","og_description":"Pantalla motorizada de muy grandes dimensiones con un volumen ultrarreducido. Una pantalla enrollable motorizada completamente a medida, pensada para superficies de proyecci\u00f3n muy grandes (de 8 a 60 m de ancho). El sistema enrollable es compatible con todas las telas de proyecci\u00f3n (frontal y trasera). Su carcasa negra de aluminio extruido con dos refuerzos longitudinales de acero le confiere una rigidez muy alta. Su cilindro de enrollamiento reposa sobre una cuna compuesta por tubos de Ertalon montados sobre rodamientos de bolas. Est\u00e1 sostenido por un sistema antideformaci\u00f3n que permite, gracias a las suspensiones especialmente calibradas, atenuar las diferencias de niveles en toda la longitud de la pantalla.","og_url":"https:\/\/www.azur-scenic.com\/es\/producto\/no-limit-2\/","og_site_name":"Azur Scenic","article_modified_time":"2023-08-02T13:18:45+00:00","og_image":[{"width":945,"height":945,"url":"https:\/\/www.azur-scenic.com\/wp-content\/uploads\/339a53336667a91bc4448399da22a815.jpg","type":"image\/jpeg"}],"twitter_card":"summary_large_image","twitter_misc":{"Tiempo de lectura":"1 minuto"},"schema":{"@context":"https:\/\/schema.org","@graph":[{"@type":"WebPage","@id":"https:\/\/www.azur-scenic.com\/es\/producto\/no-limit-2\/","url":"https:\/\/www.azur-scenic.com\/es\/producto\/no-limit-2\/","name":"No Limit 2 - Azur Scenic","isPartOf":{"@id":"https:\/\/www.azur-scenic.com\/es\/#website"},"primaryImageOfPage":{"@id":"https:\/\/www.azur-scenic.com\/es\/producto\/no-limit-2\/#primaryimage"},"image":{"@id":"https:\/\/www.azur-scenic.com\/es\/producto\/no-limit-2\/#primaryimage"},"thumbnailUrl":"https:\/\/www.azur-scenic.com\/wp-content\/uploads\/339a53336667a91bc4448399da22a815.jpg","datePublished":"2022-10-04T07:27:47+00:00","dateModified":"2023-08-02T13:18:45+00:00","description":"Pantalla motorizada de muy grandes dimensiones con un volumen ultrarreducido. Una pantalla enrollable motorizada completamente a medida, pensada para superficies de proyecci\u00f3n muy grandes (de 8 a 60 m de ancho). El sistema enrollable es compatible con todas las telas de proyecci\u00f3n (frontal y trasera). Su carcasa negra de aluminio extruido con dos refuerzos longitudinales de acero le confiere una rigidez muy alta. Su cilindro de enrollamiento reposa sobre una cuna compuesta por tubos de Ertalon montados sobre rodamientos de bolas. Est\u00e1 sostenido por un sistema antideformaci\u00f3n que permite, gracias a las suspensiones especialmente calibradas, atenuar las diferencias de niveles en toda la longitud de la pantalla.","breadcrumb":{"@id":"https:\/\/www.azur-scenic.com\/es\/producto\/no-limit-2\/#breadcrumb"},"inLanguage":"es","potentialAction":[{"@type":"ReadAction","target":["https:\/\/www.azur-scenic.com\/es\/producto\/no-limit-2\/"]}]},{"@type":"ImageObject","inLanguage":"es","@id":"https:\/\/www.azur-scenic.com\/es\/producto\/no-limit-2\/#primaryimage","url":"https:\/\/www.azur-scenic.com\/wp-content\/uploads\/339a53336667a91bc4448399da22a815.jpg","contentUrl":"https:\/\/www.azur-scenic.com\/wp-content\/uploads\/339a53336667a91bc4448399da22a815.jpg","width":945,"height":945},{"@type":"BreadcrumbList","@id":"https:\/\/www.azur-scenic.com\/es\/producto\/no-limit-2\/#breadcrumb","itemListElement":[{"@type":"ListItem","position":1,"name":"Accueil","item":"https:\/\/www.azur-scenic.com\/es\/"},{"@type":"ListItem","position":2,"name":"Productos","item":"https:\/\/www.azur-scenic.com\/es\/?page_id=21440"},{"@type":"ListItem","position":3,"name":"No Limit 2"}]},{"@type":"WebSite","@id":"https:\/\/www.azur-scenic.com\/es\/#website","url":"https:\/\/www.azur-scenic.com\/es\/","name":"Azur Scenic","description":"Sp\u00e9cialiste de l\u2019\u00e9quipement sc\u00e9nique et de la d\u00e9coration int\u00e9rieure et \u00e9v\u00e9nementielle !","publisher":{"@id":"https:\/\/www.azur-scenic.com\/es\/#organization"},"potentialAction":[{"@type":"SearchAction","target":{"@type":"EntryPoint","urlTemplate":"https:\/\/www.azur-scenic.com\/es\/?s={search_term_string}"},"query-input":{"@type":"PropertyValueSpecification","valueRequired":true,"valueName":"search_term_string"}}],"inLanguage":"es"},{"@type":"Organization","@id":"https:\/\/www.azur-scenic.com\/es\/#organization","name":"AZUR SCENIC","url":"https:\/\/www.azur-scenic.com\/es\/","logo":{"@type":"ImageObject","inLanguage":"es","@id":"https:\/\/www.azur-scenic.com\/es\/#\/schema\/logo\/image\/","url":"https:\/\/www.azur-scenic.com\/wp-content\/uploads\/2022\/09\/LOGO-AZUR-SCENIC-Fusion-web-236x64-1.jpg","contentUrl":"https:\/\/www.azur-scenic.com\/wp-content\/uploads\/2022\/09\/LOGO-AZUR-SCENIC-Fusion-web-236x64-1.jpg","width":236,"height":64,"caption":"AZUR SCENIC"},"image":{"@id":"https:\/\/www.azur-scenic.com\/es\/#\/schema\/logo\/image\/"},"sameAs":["https:\/\/www.youtube.com\/channel\/UCPWM2mGPVUt4nYhNlm71WOA","https:\/\/www.linkedin.com\/company\/33237605\/admin\/feed\/posts\/"]}]}},"_links":{"self":[{"href":"https:\/\/www.azur-scenic.com\/es\/wp-json\/wp\/v2\/product\/17608","targetHints":{"allow":["GET"]}}],"collection":[{"href":"https:\/\/www.azur-scenic.com\/es\/wp-json\/wp\/v2\/product"}],"about":[{"href":"https:\/\/www.azur-scenic.com\/es\/wp-json\/wp\/v2\/types\/product"}],"wp:featuredmedia":[{"embeddable":true,"href":"https:\/\/www.azur-scenic.com\/es\/wp-json\/wp\/v2\/media\/7715"}],"wp:attachment":[{"href":"https:\/\/www.azur-scenic.com\/es\/wp-json\/wp\/v2\/media?parent=17608"}],"wp:term":[{"taxonomy":"product_brand","embeddable":true,"href":"https:\/\/www.azur-scenic.com\/es\/wp-json\/wp\/v2\/product_brand?post=17608"},{"taxonomy":"product_cat","embeddable":true,"href":"https:\/\/www.azur-scenic.com\/es\/wp-json\/wp\/v2\/product_cat?post=17608"},{"taxonomy":"product_tag","embeddable":true,"href":"https:\/\/www.azur-scenic.com\/es\/wp-json\/wp\/v2\/product_tag?post=17608"}],"curies":[{"name":"wp","href":"https:\/\/api.w.org\/{rel}","templated":true}]}}