{"id":17611,"date":"2022-10-04T07:27:47","date_gmt":"2022-10-04T07:27:47","guid":{"rendered":"https:\/\/www.azur-scenic.com\/produit\/studioscreen-3045\/"},"modified":"2023-08-02T13:18:45","modified_gmt":"2023-08-02T13:18:45","slug":"studioscreen-3045","status":"publish","type":"product","link":"https:\/\/www.azur-scenic.com\/es\/producto\/studioscreen-3045\/","title":{"rendered":"StudioScreen 3045"},"content":{"rendered":"<p><p><strong><span style=\"color: #f88523;\">Carcasa<\/span><\/strong><br \/>\nTela perfectamente protegida por una carcasa robusta de aluminio, cerrada en ambos extremos por placas de acero.<br \/>\nColor negro en la versi\u00f3n est\u00e1ndar (RAL 9005, pintura Epoxi), otros colores opcionales.<\/p>\n<p><strong><span style=\"color: #f88523;\">Motorizaci\u00f3n<\/span><\/strong><br \/>\nMotorizaci\u00f3n tubular fluida y silenciosa.<br \/>\nControl est\u00e1ndar: interruptor de pared de 3 posiciones (controles a distancia por radio opcionales).<br \/>\nPotencia: 10 Nm.<br \/>\nVelocidad de rotaci\u00f3n: 17 rev.\/m<br \/>\nAlimentaci\u00f3n: 230 V \/ 50 Hz.<br \/>\nConsumo: 156 W.<\/p>\n<p><strong><span style=\"color: #f88523;\">Alimentaci\u00f3n<\/span><\/strong><br \/>\nCable de alimentaci\u00f3n ubicado a la derecha de la pantalla (visto de frente).<\/p>\n<p><strong><span style=\"color: #f88523;\">Lastre<\/span><\/strong><br \/>\nVarilla de lastre incluida: blanca para las pantallas sin borde, negra para las pantallas con marco negro.<\/p>\n<p><strong><span style=\"color: #f88523;\">Fijaci\u00f3n<\/span><\/strong><br \/>\nSoportes polivalentes (fijaci\u00f3n mural o de techo) incluidos.<\/p>\n<p><strong><span style=\"color: #f88523;\">Certificaciones<\/span><\/strong><br \/>\nStudioScreen 3045 cuenta con certificaci\u00f3n IMQ<br \/>\nLas telas cuentan con una clasificaci\u00f3n ante el fuego (M1 \/ B1).<\/p>\n<p><strong><span style=\"color: #f88523;\">Acabados de la tela<\/span><\/strong><br \/>\nPara elegir:<br \/>\nTela sin bordes<br \/>\nTela con marco negro (bordes de 5\u00a0cm en los costados y en la parte inferior, borde de 30\u00a0cm en la parte superior).<\/p>\n<p><strong><span style=\"color: #f88523;\">Detalles t\u00e9cnicos<\/span><\/strong><br \/>\nConsultar la pesta\u00f1a \u00abDescargas\u00bb del siguiente archivo PDF.<\/p><\/p>\n","protected":false},"excerpt":{"rendered":"<p><strong><span style=\"color: #0bace4;\">Pantalla motorizada de dise\u00f1o, silenciosa y f\u00e1cil de instalar<br \/>\nPara proyecciones de 3 m a 4,50 m de ancho<\/span><\/strong><\/p>\n<p>Una <strong><span style=\"color: #f88523;\">pantalla enrollable motorizada<\/span><\/strong>, disponible en <strong><span style=\"color: #f88523;\">varios tama\u00f1os<\/span><\/strong> (de 3 a 4,50 m de base) y proporciones (1:1, 4:3, 16:9 y 16:10), dise\u00f1ada para superficies de proyecci\u00f3n de grandes dimensiones.<\/p>\n<p>El sistema enrollable es compatible con muchas telas de proyecci\u00f3n (<strong><span style=\"color: #f88523;\">frontal y trasera<\/span><\/strong>).<\/p>\n<p>StudioScreen 3045 propone un <strong><span style=\"color: #f88523;\">dise\u00f1o elegante<\/span><\/strong> y refinado (fijaciones y cables de alimentaci\u00f3n y control invisibles), combinado con una <strong><span style=\"color: #f88523;\">motorizaci\u00f3n silenciosa<\/span><\/strong>. Gracias a los soportes polivalentes incluidos (fijaci\u00f3n mural \/ de techo), es muy <strong><span style=\"color: #f88523;\">f\u00e1cil de instalar<\/span><\/strong> y sirve para el equipamiento de salas de proyecci\u00f3n privadas, as\u00ed como de salas p\u00fablicas peque\u00f1as y medianas.<\/p>\n","protected":false},"featured_media":7727,"template":"","meta":{"_acf_changed":false},"product_brand":[],"product_cat":[1008,1093,1292,944],"product_tag":[],"class_list":{"0":"post-17611","1":"product","2":"type-product","3":"status-publish","4":"has-post-thumbnail","6":"product_cat-decoracion","7":"product_cat-productos-tecnicos","8":"product_cat-enrolladores","9":"product_cat-todos-los-productos","10":"pa_techniques-fabricacion-a-medida","11":"pa_textiles-ignifugo","12":"pa_textiles-proyeccion-frontal","13":"pa_textiles-retroproyeccion","15":"first","16":"instock","17":"shipping-taxable","18":"purchasable","19":"product-type-simple"},"acf":[],"yoast_head":"<!-- This site is optimized with the Yoast SEO plugin v27.1.1 - https:\/\/yoast.com\/product\/yoast-seo-wordpress\/ -->\n<title>StudioScreen 3045 - Azur Scenic<\/title>\n<meta name=\"description\" content=\"Pantalla motorizada de dise\u00f1o, silenciosa y f\u00e1cil de instalar Para proyecciones de 3 m a 4,50 m de ancho Una pantalla enrollable motorizada, disponible en varios tama\u00f1os (de 3 a 4,50 m de base) y proporciones (1:1, 4:3, 16:9 y 16:10), dise\u00f1ada para superficies de proyecci\u00f3n de grandes dimensiones. El sistema enrollable es compatible con muchas telas de proyecci\u00f3n (frontal y trasera). StudioScreen 3045 propone un dise\u00f1o elegante y refinado (fijaciones y cables de alimentaci\u00f3n y control invisibles), combinado con una motorizaci\u00f3n silenciosa. Gracias a los soportes polivalentes incluidos (fijaci\u00f3n mural \/ de techo), es muy f\u00e1cil de instalar y sirve para el equipamiento de salas de proyecci\u00f3n privadas, as\u00ed como de salas p\u00fablicas peque\u00f1as y medianas.\" \/>\n<meta name=\"robots\" content=\"index, follow, max-snippet:-1, max-image-preview:large, max-video-preview:-1\" \/>\n<link rel=\"canonical\" href=\"https:\/\/www.azur-scenic.com\/es\/producto\/studioscreen-3045\/\" \/>\n<meta property=\"og:locale\" content=\"es_ES\" \/>\n<meta property=\"og:type\" content=\"article\" \/>\n<meta property=\"og:title\" content=\"StudioScreen 3045 - Azur Scenic\" \/>\n<meta property=\"og:description\" content=\"Pantalla motorizada de dise\u00f1o, silenciosa y f\u00e1cil de instalar Para proyecciones de 3 m a 4,50 m de ancho Una pantalla enrollable motorizada, disponible en varios tama\u00f1os (de 3 a 4,50 m de base) y proporciones (1:1, 4:3, 16:9 y 16:10), dise\u00f1ada para superficies de proyecci\u00f3n de grandes dimensiones. El sistema enrollable es compatible con muchas telas de proyecci\u00f3n (frontal y trasera). StudioScreen 3045 propone un dise\u00f1o elegante y refinado (fijaciones y cables de alimentaci\u00f3n y control invisibles), combinado con una motorizaci\u00f3n silenciosa. Gracias a los soportes polivalentes incluidos (fijaci\u00f3n mural \/ de techo), es muy f\u00e1cil de instalar y sirve para el equipamiento de salas de proyecci\u00f3n privadas, as\u00ed como de salas p\u00fablicas peque\u00f1as y medianas.\" \/>\n<meta property=\"og:url\" content=\"https:\/\/www.azur-scenic.com\/es\/producto\/studioscreen-3045\/\" \/>\n<meta property=\"og:site_name\" content=\"Azur Scenic\" \/>\n<meta property=\"article:modified_time\" content=\"2023-08-02T13:18:45+00:00\" \/>\n<meta property=\"og:image\" content=\"https:\/\/www.azur-scenic.com\/wp-content\/uploads\/89376ab71fd6059c79dad664fc0f5b73.jpg\" \/>\n\t<meta property=\"og:image:width\" content=\"2244\" \/>\n\t<meta property=\"og:image:height\" content=\"2244\" \/>\n\t<meta property=\"og:image:type\" content=\"image\/jpeg\" \/>\n<meta name=\"twitter:card\" content=\"summary_large_image\" \/>\n<meta name=\"twitter:label1\" content=\"Tiempo de lectura\" \/>\n\t<meta name=\"twitter:data1\" content=\"1 minuto\" \/>\n<script type=\"application\/ld+json\" class=\"yoast-schema-graph\">{\"@context\":\"https:\/\/schema.org\",\"@graph\":[{\"@type\":\"WebPage\",\"@id\":\"https:\/\/www.azur-scenic.com\/es\/producto\/studioscreen-3045\/\",\"url\":\"https:\/\/www.azur-scenic.com\/es\/producto\/studioscreen-3045\/\",\"name\":\"StudioScreen 3045 - Azur Scenic\",\"isPartOf\":{\"@id\":\"https:\/\/www.azur-scenic.com\/es\/#website\"},\"primaryImageOfPage\":{\"@id\":\"https:\/\/www.azur-scenic.com\/es\/producto\/studioscreen-3045\/#primaryimage\"},\"image\":{\"@id\":\"https:\/\/www.azur-scenic.com\/es\/producto\/studioscreen-3045\/#primaryimage\"},\"thumbnailUrl\":\"https:\/\/www.azur-scenic.com\/wp-content\/uploads\/89376ab71fd6059c79dad664fc0f5b73.jpg\",\"datePublished\":\"2022-10-04T07:27:47+00:00\",\"dateModified\":\"2023-08-02T13:18:45+00:00\",\"description\":\"Pantalla motorizada de dise\u00f1o, silenciosa y f\u00e1cil de instalar Para proyecciones de 3 m a 4,50 m de ancho Una pantalla enrollable motorizada, disponible en varios tama\u00f1os (de 3 a 4,50 m de base) y proporciones (1:1, 4:3, 16:9 y 16:10), dise\u00f1ada para superficies de proyecci\u00f3n de grandes dimensiones. El sistema enrollable es compatible con muchas telas de proyecci\u00f3n (frontal y trasera). StudioScreen 3045 propone un dise\u00f1o elegante y refinado (fijaciones y cables de alimentaci\u00f3n y control invisibles), combinado con una motorizaci\u00f3n silenciosa. Gracias a los soportes polivalentes incluidos (fijaci\u00f3n mural \/ de techo), es muy f\u00e1cil de instalar y sirve para el equipamiento de salas de proyecci\u00f3n privadas, as\u00ed como de salas p\u00fablicas peque\u00f1as y medianas.\",\"breadcrumb\":{\"@id\":\"https:\/\/www.azur-scenic.com\/es\/producto\/studioscreen-3045\/#breadcrumb\"},\"inLanguage\":\"es\",\"potentialAction\":[{\"@type\":\"ReadAction\",\"target\":[\"https:\/\/www.azur-scenic.com\/es\/producto\/studioscreen-3045\/\"]}]},{\"@type\":\"ImageObject\",\"inLanguage\":\"es\",\"@id\":\"https:\/\/www.azur-scenic.com\/es\/producto\/studioscreen-3045\/#primaryimage\",\"url\":\"https:\/\/www.azur-scenic.com\/wp-content\/uploads\/89376ab71fd6059c79dad664fc0f5b73.jpg\",\"contentUrl\":\"https:\/\/www.azur-scenic.com\/wp-content\/uploads\/89376ab71fd6059c79dad664fc0f5b73.jpg\",\"width\":2244,\"height\":2244},{\"@type\":\"BreadcrumbList\",\"@id\":\"https:\/\/www.azur-scenic.com\/es\/producto\/studioscreen-3045\/#breadcrumb\",\"itemListElement\":[{\"@type\":\"ListItem\",\"position\":1,\"name\":\"Accueil\",\"item\":\"https:\/\/www.azur-scenic.com\/es\/\"},{\"@type\":\"ListItem\",\"position\":2,\"name\":\"Productos\",\"item\":\"https:\/\/www.azur-scenic.com\/es\/?page_id=21440\"},{\"@type\":\"ListItem\",\"position\":3,\"name\":\"StudioScreen 3045\"}]},{\"@type\":\"WebSite\",\"@id\":\"https:\/\/www.azur-scenic.com\/es\/#website\",\"url\":\"https:\/\/www.azur-scenic.com\/es\/\",\"name\":\"Azur Scenic\",\"description\":\"Sp\u00e9cialiste de l\u2019\u00e9quipement sc\u00e9nique et de la d\u00e9coration int\u00e9rieure et \u00e9v\u00e9nementielle !\",\"publisher\":{\"@id\":\"https:\/\/www.azur-scenic.com\/es\/#organization\"},\"potentialAction\":[{\"@type\":\"SearchAction\",\"target\":{\"@type\":\"EntryPoint\",\"urlTemplate\":\"https:\/\/www.azur-scenic.com\/es\/?s={search_term_string}\"},\"query-input\":{\"@type\":\"PropertyValueSpecification\",\"valueRequired\":true,\"valueName\":\"search_term_string\"}}],\"inLanguage\":\"es\"},{\"@type\":\"Organization\",\"@id\":\"https:\/\/www.azur-scenic.com\/es\/#organization\",\"name\":\"AZUR SCENIC\",\"url\":\"https:\/\/www.azur-scenic.com\/es\/\",\"logo\":{\"@type\":\"ImageObject\",\"inLanguage\":\"es\",\"@id\":\"https:\/\/www.azur-scenic.com\/es\/#\/schema\/logo\/image\/\",\"url\":\"https:\/\/www.azur-scenic.com\/wp-content\/uploads\/2022\/09\/LOGO-AZUR-SCENIC-Fusion-web-236x64-1.jpg\",\"contentUrl\":\"https:\/\/www.azur-scenic.com\/wp-content\/uploads\/2022\/09\/LOGO-AZUR-SCENIC-Fusion-web-236x64-1.jpg\",\"width\":236,\"height\":64,\"caption\":\"AZUR SCENIC\"},\"image\":{\"@id\":\"https:\/\/www.azur-scenic.com\/es\/#\/schema\/logo\/image\/\"},\"sameAs\":[\"https:\/\/www.youtube.com\/channel\/UCPWM2mGPVUt4nYhNlm71WOA\",\"https:\/\/www.linkedin.com\/company\/33237605\/admin\/feed\/posts\/\"]}]}<\/script>\n<!-- \/ Yoast SEO plugin. -->","yoast_head_json":{"title":"StudioScreen 3045 - Azur Scenic","description":"Pantalla motorizada de dise\u00f1o, silenciosa y f\u00e1cil de instalar Para proyecciones de 3 m a 4,50 m de ancho Una pantalla enrollable motorizada, disponible en varios tama\u00f1os (de 3 a 4,50 m de base) y proporciones (1:1, 4:3, 16:9 y 16:10), dise\u00f1ada para superficies de proyecci\u00f3n de grandes dimensiones. El sistema enrollable es compatible con muchas telas de proyecci\u00f3n (frontal y trasera). StudioScreen 3045 propone un dise\u00f1o elegante y refinado (fijaciones y cables de alimentaci\u00f3n y control invisibles), combinado con una motorizaci\u00f3n silenciosa. Gracias a los soportes polivalentes incluidos (fijaci\u00f3n mural \/ de techo), es muy f\u00e1cil de instalar y sirve para el equipamiento de salas de proyecci\u00f3n privadas, as\u00ed como de salas p\u00fablicas peque\u00f1as y medianas.","robots":{"index":"index","follow":"follow","max-snippet":"max-snippet:-1","max-image-preview":"max-image-preview:large","max-video-preview":"max-video-preview:-1"},"canonical":"https:\/\/www.azur-scenic.com\/es\/producto\/studioscreen-3045\/","og_locale":"es_ES","og_type":"article","og_title":"StudioScreen 3045 - Azur Scenic","og_description":"Pantalla motorizada de dise\u00f1o, silenciosa y f\u00e1cil de instalar Para proyecciones de 3 m a 4,50 m de ancho Una pantalla enrollable motorizada, disponible en varios tama\u00f1os (de 3 a 4,50 m de base) y proporciones (1:1, 4:3, 16:9 y 16:10), dise\u00f1ada para superficies de proyecci\u00f3n de grandes dimensiones. El sistema enrollable es compatible con muchas telas de proyecci\u00f3n (frontal y trasera). StudioScreen 3045 propone un dise\u00f1o elegante y refinado (fijaciones y cables de alimentaci\u00f3n y control invisibles), combinado con una motorizaci\u00f3n silenciosa. Gracias a los soportes polivalentes incluidos (fijaci\u00f3n mural \/ de techo), es muy f\u00e1cil de instalar y sirve para el equipamiento de salas de proyecci\u00f3n privadas, as\u00ed como de salas p\u00fablicas peque\u00f1as y medianas.","og_url":"https:\/\/www.azur-scenic.com\/es\/producto\/studioscreen-3045\/","og_site_name":"Azur Scenic","article_modified_time":"2023-08-02T13:18:45+00:00","og_image":[{"width":2244,"height":2244,"url":"https:\/\/www.azur-scenic.com\/wp-content\/uploads\/89376ab71fd6059c79dad664fc0f5b73.jpg","type":"image\/jpeg"}],"twitter_card":"summary_large_image","twitter_misc":{"Tiempo de lectura":"1 minuto"},"schema":{"@context":"https:\/\/schema.org","@graph":[{"@type":"WebPage","@id":"https:\/\/www.azur-scenic.com\/es\/producto\/studioscreen-3045\/","url":"https:\/\/www.azur-scenic.com\/es\/producto\/studioscreen-3045\/","name":"StudioScreen 3045 - Azur Scenic","isPartOf":{"@id":"https:\/\/www.azur-scenic.com\/es\/#website"},"primaryImageOfPage":{"@id":"https:\/\/www.azur-scenic.com\/es\/producto\/studioscreen-3045\/#primaryimage"},"image":{"@id":"https:\/\/www.azur-scenic.com\/es\/producto\/studioscreen-3045\/#primaryimage"},"thumbnailUrl":"https:\/\/www.azur-scenic.com\/wp-content\/uploads\/89376ab71fd6059c79dad664fc0f5b73.jpg","datePublished":"2022-10-04T07:27:47+00:00","dateModified":"2023-08-02T13:18:45+00:00","description":"Pantalla motorizada de dise\u00f1o, silenciosa y f\u00e1cil de instalar Para proyecciones de 3 m a 4,50 m de ancho Una pantalla enrollable motorizada, disponible en varios tama\u00f1os (de 3 a 4,50 m de base) y proporciones (1:1, 4:3, 16:9 y 16:10), dise\u00f1ada para superficies de proyecci\u00f3n de grandes dimensiones. El sistema enrollable es compatible con muchas telas de proyecci\u00f3n (frontal y trasera). StudioScreen 3045 propone un dise\u00f1o elegante y refinado (fijaciones y cables de alimentaci\u00f3n y control invisibles), combinado con una motorizaci\u00f3n silenciosa. Gracias a los soportes polivalentes incluidos (fijaci\u00f3n mural \/ de techo), es muy f\u00e1cil de instalar y sirve para el equipamiento de salas de proyecci\u00f3n privadas, as\u00ed como de salas p\u00fablicas peque\u00f1as y medianas.","breadcrumb":{"@id":"https:\/\/www.azur-scenic.com\/es\/producto\/studioscreen-3045\/#breadcrumb"},"inLanguage":"es","potentialAction":[{"@type":"ReadAction","target":["https:\/\/www.azur-scenic.com\/es\/producto\/studioscreen-3045\/"]}]},{"@type":"ImageObject","inLanguage":"es","@id":"https:\/\/www.azur-scenic.com\/es\/producto\/studioscreen-3045\/#primaryimage","url":"https:\/\/www.azur-scenic.com\/wp-content\/uploads\/89376ab71fd6059c79dad664fc0f5b73.jpg","contentUrl":"https:\/\/www.azur-scenic.com\/wp-content\/uploads\/89376ab71fd6059c79dad664fc0f5b73.jpg","width":2244,"height":2244},{"@type":"BreadcrumbList","@id":"https:\/\/www.azur-scenic.com\/es\/producto\/studioscreen-3045\/#breadcrumb","itemListElement":[{"@type":"ListItem","position":1,"name":"Accueil","item":"https:\/\/www.azur-scenic.com\/es\/"},{"@type":"ListItem","position":2,"name":"Productos","item":"https:\/\/www.azur-scenic.com\/es\/?page_id=21440"},{"@type":"ListItem","position":3,"name":"StudioScreen 3045"}]},{"@type":"WebSite","@id":"https:\/\/www.azur-scenic.com\/es\/#website","url":"https:\/\/www.azur-scenic.com\/es\/","name":"Azur Scenic","description":"Sp\u00e9cialiste de l\u2019\u00e9quipement sc\u00e9nique et de la d\u00e9coration int\u00e9rieure et \u00e9v\u00e9nementielle !","publisher":{"@id":"https:\/\/www.azur-scenic.com\/es\/#organization"},"potentialAction":[{"@type":"SearchAction","target":{"@type":"EntryPoint","urlTemplate":"https:\/\/www.azur-scenic.com\/es\/?s={search_term_string}"},"query-input":{"@type":"PropertyValueSpecification","valueRequired":true,"valueName":"search_term_string"}}],"inLanguage":"es"},{"@type":"Organization","@id":"https:\/\/www.azur-scenic.com\/es\/#organization","name":"AZUR SCENIC","url":"https:\/\/www.azur-scenic.com\/es\/","logo":{"@type":"ImageObject","inLanguage":"es","@id":"https:\/\/www.azur-scenic.com\/es\/#\/schema\/logo\/image\/","url":"https:\/\/www.azur-scenic.com\/wp-content\/uploads\/2022\/09\/LOGO-AZUR-SCENIC-Fusion-web-236x64-1.jpg","contentUrl":"https:\/\/www.azur-scenic.com\/wp-content\/uploads\/2022\/09\/LOGO-AZUR-SCENIC-Fusion-web-236x64-1.jpg","width":236,"height":64,"caption":"AZUR SCENIC"},"image":{"@id":"https:\/\/www.azur-scenic.com\/es\/#\/schema\/logo\/image\/"},"sameAs":["https:\/\/www.youtube.com\/channel\/UCPWM2mGPVUt4nYhNlm71WOA","https:\/\/www.linkedin.com\/company\/33237605\/admin\/feed\/posts\/"]}]}},"_links":{"self":[{"href":"https:\/\/www.azur-scenic.com\/es\/wp-json\/wp\/v2\/product\/17611","targetHints":{"allow":["GET"]}}],"collection":[{"href":"https:\/\/www.azur-scenic.com\/es\/wp-json\/wp\/v2\/product"}],"about":[{"href":"https:\/\/www.azur-scenic.com\/es\/wp-json\/wp\/v2\/types\/product"}],"wp:featuredmedia":[{"embeddable":true,"href":"https:\/\/www.azur-scenic.com\/es\/wp-json\/wp\/v2\/media\/7727"}],"wp:attachment":[{"href":"https:\/\/www.azur-scenic.com\/es\/wp-json\/wp\/v2\/media?parent=17611"}],"wp:term":[{"taxonomy":"product_brand","embeddable":true,"href":"https:\/\/www.azur-scenic.com\/es\/wp-json\/wp\/v2\/product_brand?post=17611"},{"taxonomy":"product_cat","embeddable":true,"href":"https:\/\/www.azur-scenic.com\/es\/wp-json\/wp\/v2\/product_cat?post=17611"},{"taxonomy":"product_tag","embeddable":true,"href":"https:\/\/www.azur-scenic.com\/es\/wp-json\/wp\/v2\/product_tag?post=17611"}],"curies":[{"name":"wp","href":"https:\/\/api.w.org\/{rel}","templated":true}]}}