{"id":17612,"date":"2022-10-04T07:27:46","date_gmt":"2022-10-04T07:27:46","guid":{"rendered":"https:\/\/www.azur-scenic.com\/produit\/flightscreen\/"},"modified":"2023-08-02T13:18:44","modified_gmt":"2023-08-02T13:18:44","slug":"flightscreen","status":"publish","type":"product","link":"https:\/\/www.azur-scenic.com\/es\/producto\/flightscreen\/","title":{"rendered":"FlightScreen"},"content":{"rendered":"<p><p><strong><span style=\"color: #f88523;\">Montaje y desmontaje r\u00e1pidos <\/span><\/strong><br \/>\nMarco \u00abeasy\u00bb con sistema de bisagras con clip.<br \/>\nF\u00e1cil fijaci\u00f3n y puesta en tensi\u00f3n de la tela gracias al sistema de botones a presi\u00f3n.<\/p>\n<p><strong><span style=\"color: #f88523;\">Transporte f\u00e1cil<\/span><\/strong><br \/>\nLa pantalla se entrega empaquetada en su malet\u00edn de transporte de ABS (ligero y resistente).<br \/>\nValija equipada con ruedas para un desplazamiento a\u00fan m\u00e1s pr\u00e1ctico.<\/p>\n<p><strong><span style=\"color: #f88523;\">Telas compatibles<\/span><\/strong><br \/>\nTela delantera: PVC Blanco Mate con reverso negro opaco <em>(Clasificaci\u00f3n ante el fuego: M2). <\/em><br \/>\nTela trasera: PVC gris <em>(Clasificaci\u00f3n ante el fuego: M2). <\/em><\/p>\n<p><strong><span style=\"color: #f88523;\">Acabados de las telas<\/span><\/strong><br \/>\nBorde negro con botones a presi\u00f3n alrededor.<\/p>\n<p><strong><span style=\"color: #f88523;\">2 modelos para elegir<\/span><\/strong><br \/>\nFACE: se entrega con una tela de proyecci\u00f3n frontal.<br \/>\nMIXTE: se entrega con 2 telas (1 tela de proyecci\u00f3n frontal y 1 tela de retroproyecci\u00f3n).<\/p>\n<p><strong><span style=\"color: #f88523;\">Tama\u00f1os y pesos<\/span><\/strong><br \/>\nConsultar la pesta\u00f1a \u00abDescargas\u00bb del siguiente archivo PDF.<\/p><\/p>\n","protected":false},"excerpt":{"rendered":"<p><strong><span style=\"color: #0bace4;\">Pantalla con maleta autoportante de f\u00e1cil y r\u00e1pido montaje.<br \/>\nPara proyecciones de 1,46 m a 8,80 m de ancho.<\/span><\/strong><\/p>\n<p>Una <strong><span style=\"color: #f88523;\">pantalla con pies desmontables<\/span><\/strong> y f\u00e1cilmente <strong><span style=\"color: #f88523;\">transportable<\/span><\/strong>, disponible en <strong><span style=\"color: #f88523;\">varios tama\u00f1os<\/span><\/strong> (de 1,46 a 8,80 m de base) y en <strong><span style=\"color: #f88523;\">2 proporciones<\/span><\/strong> (4:3 y 16:9).<\/p>\n<p>FlightScreen se ofrece en 2 versiones:<\/p>\n<ul>\n<li>Versi\u00f3n FACE: se entrega con una tela de proyecci\u00f3n frontal<\/li>\n<li>Versi\u00f3n MIXTE: se entrega con 2 telas (1 tela de proyecci\u00f3n frontal y 1 tela de retroproyecci\u00f3n)<\/li>\n<\/ul>\n<p>FlightScreen se entrega en su <strong><span style=\"color: #f88523;\">malet\u00edn de transporte<\/span><\/strong>ligero, resistente y con ruedas, por lo que es la pantalla ideal para todas tus <strong><span style=\"color: #f88523;\">instalaciones temporales<\/span><\/strong> (espect\u00e1culos en giras, conferencias, etc.)<\/p>\n","protected":false},"featured_media":7697,"template":"","meta":{"_acf_changed":false},"product_brand":[],"product_cat":[1099,1093,1296,1298,944],"product_tag":[],"class_list":{"0":"post-17612","1":"product","2":"type-product","3":"status-publish","4":"has-post-thumbnail","6":"product_cat-eventos","7":"product_cat-productos-tecnicos","8":"product_cat-marcos-y-pantallas-portatiles","9":"product_cat-flight-screen","10":"product_cat-todos-los-productos","11":"pa_techniques-fabricacion-a-medida","12":"pa_textiles-ignifugo","13":"pa_textiles-proyeccion-frontal","14":"pa_textiles-retroproyeccion","16":"first","17":"instock","18":"shipping-taxable","19":"purchasable","20":"product-type-simple"},"acf":[],"yoast_head":"<!-- This site is optimized with the Yoast SEO plugin v27.3 - https:\/\/yoast.com\/product\/yoast-seo-wordpress\/ -->\n<title>FlightScreen - Azur Scenic<\/title>\n<meta name=\"description\" content=\"Pantalla con maleta autoportante de f\u00e1cil y r\u00e1pido montaje. Para proyecciones de 1,46 m a 8,80 m de ancho. Una pantalla con pies desmontables y f\u00e1cilmente transportable, disponible en varios tama\u00f1os (de 1,46 a 8,80 m de base) y en 2 proporciones (4:3 y 16:9). FlightScreen se ofrece en 2 versiones:  Versi\u00f3n FACE: se entrega con una tela de proyecci\u00f3n frontal Versi\u00f3n MIXTE: se entrega con 2 telas (1 tela de proyecci\u00f3n frontal y 1 tela de retroproyecci\u00f3n) FlightScreen se entrega en su malet\u00edn de transporteligero, resistente y con ruedas, por lo que es la pantalla ideal para todas tus instalaciones temporales (espect\u00e1culos en giras, conferencias, etc.)\" \/>\n<meta name=\"robots\" content=\"index, follow, max-snippet:-1, max-image-preview:large, max-video-preview:-1\" \/>\n<link rel=\"canonical\" href=\"https:\/\/www.azur-scenic.com\/es\/producto\/flightscreen\/\" \/>\n<meta property=\"og:locale\" content=\"es_ES\" \/>\n<meta property=\"og:type\" content=\"article\" \/>\n<meta property=\"og:title\" content=\"FlightScreen - Azur Scenic\" \/>\n<meta property=\"og:description\" content=\"Pantalla con maleta autoportante de f\u00e1cil y r\u00e1pido montaje. Para proyecciones de 1,46 m a 8,80 m de ancho. Una pantalla con pies desmontables y f\u00e1cilmente transportable, disponible en varios tama\u00f1os (de 1,46 a 8,80 m de base) y en 2 proporciones (4:3 y 16:9). FlightScreen se ofrece en 2 versiones:  Versi\u00f3n FACE: se entrega con una tela de proyecci\u00f3n frontal Versi\u00f3n MIXTE: se entrega con 2 telas (1 tela de proyecci\u00f3n frontal y 1 tela de retroproyecci\u00f3n) FlightScreen se entrega en su malet\u00edn de transporteligero, resistente y con ruedas, por lo que es la pantalla ideal para todas tus instalaciones temporales (espect\u00e1culos en giras, conferencias, etc.)\" \/>\n<meta property=\"og:url\" content=\"https:\/\/www.azur-scenic.com\/es\/producto\/flightscreen\/\" \/>\n<meta property=\"og:site_name\" content=\"Azur Scenic\" \/>\n<meta property=\"article:modified_time\" content=\"2023-08-02T13:18:44+00:00\" \/>\n<meta property=\"og:image\" content=\"https:\/\/www.azur-scenic.com\/wp-content\/uploads\/c969060b87ac98fb2bcef7a6f31d7ae5.jpg\" \/>\n\t<meta property=\"og:image:width\" content=\"354\" \/>\n\t<meta property=\"og:image:height\" content=\"354\" \/>\n\t<meta property=\"og:image:type\" content=\"image\/jpeg\" \/>\n<meta name=\"twitter:card\" content=\"summary_large_image\" \/>\n<meta name=\"twitter:label1\" content=\"Tiempo de lectura\" \/>\n\t<meta name=\"twitter:data1\" content=\"1 minuto\" \/>\n<script type=\"application\/ld+json\" class=\"yoast-schema-graph\">{\"@context\":\"https:\\\/\\\/schema.org\",\"@graph\":[{\"@type\":\"WebPage\",\"@id\":\"https:\\\/\\\/www.azur-scenic.com\\\/es\\\/producto\\\/flightscreen\\\/\",\"url\":\"https:\\\/\\\/www.azur-scenic.com\\\/es\\\/producto\\\/flightscreen\\\/\",\"name\":\"FlightScreen - Azur Scenic\",\"isPartOf\":{\"@id\":\"https:\\\/\\\/www.azur-scenic.com\\\/es\\\/#website\"},\"primaryImageOfPage\":{\"@id\":\"https:\\\/\\\/www.azur-scenic.com\\\/es\\\/producto\\\/flightscreen\\\/#primaryimage\"},\"image\":{\"@id\":\"https:\\\/\\\/www.azur-scenic.com\\\/es\\\/producto\\\/flightscreen\\\/#primaryimage\"},\"thumbnailUrl\":\"https:\\\/\\\/www.azur-scenic.com\\\/wp-content\\\/uploads\\\/c969060b87ac98fb2bcef7a6f31d7ae5.jpg\",\"datePublished\":\"2022-10-04T07:27:46+00:00\",\"dateModified\":\"2023-08-02T13:18:44+00:00\",\"description\":\"Pantalla con maleta autoportante de f\u00e1cil y r\u00e1pido montaje. Para proyecciones de 1,46 m a 8,80 m de ancho. Una pantalla con pies desmontables y f\u00e1cilmente transportable, disponible en varios tama\u00f1os (de 1,46 a 8,80 m de base) y en 2 proporciones (4:3 y 16:9). FlightScreen se ofrece en 2 versiones: Versi\u00f3n FACE: se entrega con una tela de proyecci\u00f3n frontal Versi\u00f3n MIXTE: se entrega con 2 telas (1 tela de proyecci\u00f3n frontal y 1 tela de retroproyecci\u00f3n) FlightScreen se entrega en su malet\u00edn de transporteligero, resistente y con ruedas, por lo que es la pantalla ideal para todas tus instalaciones temporales (espect\u00e1culos en giras, conferencias, etc.)\",\"breadcrumb\":{\"@id\":\"https:\\\/\\\/www.azur-scenic.com\\\/es\\\/producto\\\/flightscreen\\\/#breadcrumb\"},\"inLanguage\":\"es\",\"potentialAction\":[{\"@type\":\"ReadAction\",\"target\":[\"https:\\\/\\\/www.azur-scenic.com\\\/es\\\/producto\\\/flightscreen\\\/\"]}]},{\"@type\":\"ImageObject\",\"inLanguage\":\"es\",\"@id\":\"https:\\\/\\\/www.azur-scenic.com\\\/es\\\/producto\\\/flightscreen\\\/#primaryimage\",\"url\":\"https:\\\/\\\/www.azur-scenic.com\\\/wp-content\\\/uploads\\\/c969060b87ac98fb2bcef7a6f31d7ae5.jpg\",\"contentUrl\":\"https:\\\/\\\/www.azur-scenic.com\\\/wp-content\\\/uploads\\\/c969060b87ac98fb2bcef7a6f31d7ae5.jpg\",\"width\":354,\"height\":354},{\"@type\":\"BreadcrumbList\",\"@id\":\"https:\\\/\\\/www.azur-scenic.com\\\/es\\\/producto\\\/flightscreen\\\/#breadcrumb\",\"itemListElement\":[{\"@type\":\"ListItem\",\"position\":1,\"name\":\"Accueil\",\"item\":\"https:\\\/\\\/www.azur-scenic.com\\\/es\\\/\"},{\"@type\":\"ListItem\",\"position\":2,\"name\":\"Productos\",\"item\":\"https:\\\/\\\/www.azur-scenic.com\\\/es\\\/?page_id=21440\"},{\"@type\":\"ListItem\",\"position\":3,\"name\":\"FlightScreen\"}]},{\"@type\":\"WebSite\",\"@id\":\"https:\\\/\\\/www.azur-scenic.com\\\/es\\\/#website\",\"url\":\"https:\\\/\\\/www.azur-scenic.com\\\/es\\\/\",\"name\":\"Azur Scenic\",\"description\":\"Sp\u00e9cialiste de l\u2019\u00e9quipement sc\u00e9nique et de la d\u00e9coration int\u00e9rieure et \u00e9v\u00e9nementielle !\",\"publisher\":{\"@id\":\"https:\\\/\\\/www.azur-scenic.com\\\/es\\\/#organization\"},\"potentialAction\":[{\"@type\":\"SearchAction\",\"target\":{\"@type\":\"EntryPoint\",\"urlTemplate\":\"https:\\\/\\\/www.azur-scenic.com\\\/es\\\/?s={search_term_string}\"},\"query-input\":{\"@type\":\"PropertyValueSpecification\",\"valueRequired\":true,\"valueName\":\"search_term_string\"}}],\"inLanguage\":\"es\"},{\"@type\":\"Organization\",\"@id\":\"https:\\\/\\\/www.azur-scenic.com\\\/es\\\/#organization\",\"name\":\"AZUR SCENIC\",\"url\":\"https:\\\/\\\/www.azur-scenic.com\\\/es\\\/\",\"logo\":{\"@type\":\"ImageObject\",\"inLanguage\":\"es\",\"@id\":\"https:\\\/\\\/www.azur-scenic.com\\\/es\\\/#\\\/schema\\\/logo\\\/image\\\/\",\"url\":\"https:\\\/\\\/www.azur-scenic.com\\\/wp-content\\\/uploads\\\/2022\\\/09\\\/LOGO-AZUR-SCENIC-Fusion-web-236x64-1.jpg\",\"contentUrl\":\"https:\\\/\\\/www.azur-scenic.com\\\/wp-content\\\/uploads\\\/2022\\\/09\\\/LOGO-AZUR-SCENIC-Fusion-web-236x64-1.jpg\",\"width\":236,\"height\":64,\"caption\":\"AZUR SCENIC\"},\"image\":{\"@id\":\"https:\\\/\\\/www.azur-scenic.com\\\/es\\\/#\\\/schema\\\/logo\\\/image\\\/\"},\"sameAs\":[\"https:\\\/\\\/www.youtube.com\\\/channel\\\/UCPWM2mGPVUt4nYhNlm71WOA\",\"https:\\\/\\\/www.linkedin.com\\\/company\\\/33237605\\\/admin\\\/feed\\\/posts\\\/\"]}]}<\/script>\n<!-- \/ Yoast SEO plugin. -->","yoast_head_json":{"title":"FlightScreen - Azur Scenic","description":"Pantalla con maleta autoportante de f\u00e1cil y r\u00e1pido montaje. Para proyecciones de 1,46 m a 8,80 m de ancho. Una pantalla con pies desmontables y f\u00e1cilmente transportable, disponible en varios tama\u00f1os (de 1,46 a 8,80 m de base) y en 2 proporciones (4:3 y 16:9). FlightScreen se ofrece en 2 versiones:  Versi\u00f3n FACE: se entrega con una tela de proyecci\u00f3n frontal Versi\u00f3n MIXTE: se entrega con 2 telas (1 tela de proyecci\u00f3n frontal y 1 tela de retroproyecci\u00f3n) FlightScreen se entrega en su malet\u00edn de transporteligero, resistente y con ruedas, por lo que es la pantalla ideal para todas tus instalaciones temporales (espect\u00e1culos en giras, conferencias, etc.)","robots":{"index":"index","follow":"follow","max-snippet":"max-snippet:-1","max-image-preview":"max-image-preview:large","max-video-preview":"max-video-preview:-1"},"canonical":"https:\/\/www.azur-scenic.com\/es\/producto\/flightscreen\/","og_locale":"es_ES","og_type":"article","og_title":"FlightScreen - Azur Scenic","og_description":"Pantalla con maleta autoportante de f\u00e1cil y r\u00e1pido montaje. Para proyecciones de 1,46 m a 8,80 m de ancho. Una pantalla con pies desmontables y f\u00e1cilmente transportable, disponible en varios tama\u00f1os (de 1,46 a 8,80 m de base) y en 2 proporciones (4:3 y 16:9). FlightScreen se ofrece en 2 versiones:  Versi\u00f3n FACE: se entrega con una tela de proyecci\u00f3n frontal Versi\u00f3n MIXTE: se entrega con 2 telas (1 tela de proyecci\u00f3n frontal y 1 tela de retroproyecci\u00f3n) FlightScreen se entrega en su malet\u00edn de transporteligero, resistente y con ruedas, por lo que es la pantalla ideal para todas tus instalaciones temporales (espect\u00e1culos en giras, conferencias, etc.)","og_url":"https:\/\/www.azur-scenic.com\/es\/producto\/flightscreen\/","og_site_name":"Azur Scenic","article_modified_time":"2023-08-02T13:18:44+00:00","og_image":[{"width":354,"height":354,"url":"https:\/\/www.azur-scenic.com\/wp-content\/uploads\/c969060b87ac98fb2bcef7a6f31d7ae5.jpg","type":"image\/jpeg"}],"twitter_card":"summary_large_image","twitter_misc":{"Tiempo de lectura":"1 minuto"},"schema":{"@context":"https:\/\/schema.org","@graph":[{"@type":"WebPage","@id":"https:\/\/www.azur-scenic.com\/es\/producto\/flightscreen\/","url":"https:\/\/www.azur-scenic.com\/es\/producto\/flightscreen\/","name":"FlightScreen - Azur Scenic","isPartOf":{"@id":"https:\/\/www.azur-scenic.com\/es\/#website"},"primaryImageOfPage":{"@id":"https:\/\/www.azur-scenic.com\/es\/producto\/flightscreen\/#primaryimage"},"image":{"@id":"https:\/\/www.azur-scenic.com\/es\/producto\/flightscreen\/#primaryimage"},"thumbnailUrl":"https:\/\/www.azur-scenic.com\/wp-content\/uploads\/c969060b87ac98fb2bcef7a6f31d7ae5.jpg","datePublished":"2022-10-04T07:27:46+00:00","dateModified":"2023-08-02T13:18:44+00:00","description":"Pantalla con maleta autoportante de f\u00e1cil y r\u00e1pido montaje. Para proyecciones de 1,46 m a 8,80 m de ancho. Una pantalla con pies desmontables y f\u00e1cilmente transportable, disponible en varios tama\u00f1os (de 1,46 a 8,80 m de base) y en 2 proporciones (4:3 y 16:9). FlightScreen se ofrece en 2 versiones: Versi\u00f3n FACE: se entrega con una tela de proyecci\u00f3n frontal Versi\u00f3n MIXTE: se entrega con 2 telas (1 tela de proyecci\u00f3n frontal y 1 tela de retroproyecci\u00f3n) FlightScreen se entrega en su malet\u00edn de transporteligero, resistente y con ruedas, por lo que es la pantalla ideal para todas tus instalaciones temporales (espect\u00e1culos en giras, conferencias, etc.)","breadcrumb":{"@id":"https:\/\/www.azur-scenic.com\/es\/producto\/flightscreen\/#breadcrumb"},"inLanguage":"es","potentialAction":[{"@type":"ReadAction","target":["https:\/\/www.azur-scenic.com\/es\/producto\/flightscreen\/"]}]},{"@type":"ImageObject","inLanguage":"es","@id":"https:\/\/www.azur-scenic.com\/es\/producto\/flightscreen\/#primaryimage","url":"https:\/\/www.azur-scenic.com\/wp-content\/uploads\/c969060b87ac98fb2bcef7a6f31d7ae5.jpg","contentUrl":"https:\/\/www.azur-scenic.com\/wp-content\/uploads\/c969060b87ac98fb2bcef7a6f31d7ae5.jpg","width":354,"height":354},{"@type":"BreadcrumbList","@id":"https:\/\/www.azur-scenic.com\/es\/producto\/flightscreen\/#breadcrumb","itemListElement":[{"@type":"ListItem","position":1,"name":"Accueil","item":"https:\/\/www.azur-scenic.com\/es\/"},{"@type":"ListItem","position":2,"name":"Productos","item":"https:\/\/www.azur-scenic.com\/es\/?page_id=21440"},{"@type":"ListItem","position":3,"name":"FlightScreen"}]},{"@type":"WebSite","@id":"https:\/\/www.azur-scenic.com\/es\/#website","url":"https:\/\/www.azur-scenic.com\/es\/","name":"Azur Scenic","description":"Sp\u00e9cialiste de l\u2019\u00e9quipement sc\u00e9nique et de la d\u00e9coration int\u00e9rieure et \u00e9v\u00e9nementielle !","publisher":{"@id":"https:\/\/www.azur-scenic.com\/es\/#organization"},"potentialAction":[{"@type":"SearchAction","target":{"@type":"EntryPoint","urlTemplate":"https:\/\/www.azur-scenic.com\/es\/?s={search_term_string}"},"query-input":{"@type":"PropertyValueSpecification","valueRequired":true,"valueName":"search_term_string"}}],"inLanguage":"es"},{"@type":"Organization","@id":"https:\/\/www.azur-scenic.com\/es\/#organization","name":"AZUR SCENIC","url":"https:\/\/www.azur-scenic.com\/es\/","logo":{"@type":"ImageObject","inLanguage":"es","@id":"https:\/\/www.azur-scenic.com\/es\/#\/schema\/logo\/image\/","url":"https:\/\/www.azur-scenic.com\/wp-content\/uploads\/2022\/09\/LOGO-AZUR-SCENIC-Fusion-web-236x64-1.jpg","contentUrl":"https:\/\/www.azur-scenic.com\/wp-content\/uploads\/2022\/09\/LOGO-AZUR-SCENIC-Fusion-web-236x64-1.jpg","width":236,"height":64,"caption":"AZUR SCENIC"},"image":{"@id":"https:\/\/www.azur-scenic.com\/es\/#\/schema\/logo\/image\/"},"sameAs":["https:\/\/www.youtube.com\/channel\/UCPWM2mGPVUt4nYhNlm71WOA","https:\/\/www.linkedin.com\/company\/33237605\/admin\/feed\/posts\/"]}]}},"_links":{"self":[{"href":"https:\/\/www.azur-scenic.com\/es\/wp-json\/wp\/v2\/product\/17612","targetHints":{"allow":["GET"]}}],"collection":[{"href":"https:\/\/www.azur-scenic.com\/es\/wp-json\/wp\/v2\/product"}],"about":[{"href":"https:\/\/www.azur-scenic.com\/es\/wp-json\/wp\/v2\/types\/product"}],"wp:featuredmedia":[{"embeddable":true,"href":"https:\/\/www.azur-scenic.com\/es\/wp-json\/wp\/v2\/media\/7697"}],"wp:attachment":[{"href":"https:\/\/www.azur-scenic.com\/es\/wp-json\/wp\/v2\/media?parent=17612"}],"wp:term":[{"taxonomy":"product_brand","embeddable":true,"href":"https:\/\/www.azur-scenic.com\/es\/wp-json\/wp\/v2\/product_brand?post=17612"},{"taxonomy":"product_cat","embeddable":true,"href":"https:\/\/www.azur-scenic.com\/es\/wp-json\/wp\/v2\/product_cat?post=17612"},{"taxonomy":"product_tag","embeddable":true,"href":"https:\/\/www.azur-scenic.com\/es\/wp-json\/wp\/v2\/product_tag?post=17612"}],"curies":[{"name":"wp","href":"https:\/\/api.w.org\/{rel}","templated":true}]}}