{"id":17615,"date":"2022-10-04T07:27:44","date_gmt":"2022-10-04T07:27:44","guid":{"rendered":"https:\/\/www.azur-scenic.com\/produit\/soundproof-cloth\/"},"modified":"2024-11-14T12:56:27","modified_gmt":"2024-11-14T12:56:27","slug":"soundproof-cloth","status":"publish","type":"product","link":"https:\/\/www.azur-scenic.com\/es\/producto\/soundproof-cloth\/","title":{"rendered":"Soundproof Cloth"},"content":{"rendered":"<table>\n<thead>\n<tr>\n<th style=\"width: 170px;\">\u00a0<\/th>\n<th>Soundproof Cloth 5<\/th>\n<th>Soundproof Cloth 7<\/th>\n<\/tr>\n<\/thead>\n<tbody>\n<tr>\n<td><strong>Tama\u00f1o<\/strong><\/td>\n<td>A medida<\/td>\n<td>A medida<\/td>\n<\/tr>\n<tr>\n<td><strong>Peso<\/strong><\/td>\n<td>2500 g\/m<sup>2<\/sup><\/td>\n<td>3500 g\/m<sup>2<\/sup><\/td>\n<\/tr>\n<tr>\n<td><strong>Clasificaci\u00f3n ante el fuego<\/strong><\/td>\n<td><img decoding=\"async\" style=\"height: 20px; width: 20px;\" src=\"https:\/\/www.azur-scenic.com\/wp-content\/uploads\/csm_icon-flag-france_3304e5e3f9.png\" \/> M1<\/td>\n<td><img decoding=\"async\" style=\"height: 20px; width: 20px;\" src=\"https:\/\/www.azur-scenic.com\/wp-content\/uploads\/csm_icon-flag-france_3304e5e3f9.png\" \/> M1<\/td>\n<\/tr>\n<tr>\n<td><strong>Composici\u00f3n<\/strong><\/td>\n<td>&nbsp;<\/td>\n<td>&nbsp;<\/td>\n<\/tr>\n<tr>\n<td>Lado delantero:<\/td>\n<td>Terciopelo Monte Cristo<br \/>\n(plano)<\/td>\n<td>Terciopelo Monte Cristo<br \/>\n(plano)<\/td>\n<\/tr>\n<tr>\n<td>Forro:<\/td>\n<td>Opaque 3000<br \/>\n(plano)<\/td>\n<td>Opaque 3000<br \/>\n(plano)<\/td>\n<\/tr>\n<tr>\n<td>Capas intermedias:<\/td>\n<td>Kalmuk (2 capas)<br \/>\nPVC (1 capa)<\/td>\n<td>Kalmuk (3 capas)<br \/>\nPVC (2 capas)<\/td>\n<\/tr>\n<tr>\n<td colspan=\"2\" rowspan=\"1\"><strong>Propiedades ac\u00fasticas<\/strong><\/td>\n<td>&nbsp;<\/td>\n<\/tr>\n<tr>\n<td>Aislamiento ponderado estimado:<\/td>\n<td>\u00b1 16 dB<\/td>\n<td>\u00b1 18 dB<\/td>\n<\/tr>\n<tr>\n<td>Aislamiento de alta frecuencia:<\/td>\n<td>\u00b1 45 dB<\/td>\n<td>\u00b1 60 dB<\/td>\n<\/tr>\n<tr>\n<td>Aislamiento de baja frecuencia:<\/td>\n<td>\u00b1 10 dB<\/td>\n<td>\u00b1 12 dB<\/td>\n<\/tr>\n<\/tbody>\n<\/table>\n<p>*Gr\u00e1ficos y resultados basados en pruebas internas<\/p>\n","protected":false},"excerpt":{"rendered":"<p><strong>\u00bfLos ruidos de los alrededores interfieren en tu vida?<br \/>\n\u00bfBuscas limitar la propagaci\u00f3n del sonido que est\u00e1s generando?<br \/>\n\u00bfDeseas compartimentar una sala para convertirla en dos espacios diferentes?<\/strong><\/p>\n<p>Para crear muy f\u00e1cilmente <strong><span style=\"color: #f88523;\">espacios delimitados<\/span><\/strong> tanto <strong><span style=\"color: #f88523;\">a nivel sonoro<\/span><\/strong> como <strong><span style=\"color: #f88523;\">visual<\/span><\/strong>, puedes optar por nuestras soluciones de cortinas ac\u00fasticas de varias capas, llave en mano. Dado que alternan y combinan de una manera \u00f3ptima materiales absorbentes y aislantes, te garantizan \u00a1<strong><span style=\"color: #f88523;\">el mejor confort ac\u00fastico posible<\/span><\/strong>!<\/p>\n<p>Disponible en dos versiones (<strong><span style=\"color: #f88523;\">de 5 o 7 capas<\/span><\/strong>), de aspecto muy cuidado y con un acabado <strong><span style=\"color: #f88523;\">plano<\/span><\/strong>, clasificaci\u00f3n <strong><span style=\"color: #f88523;\">ante el fuego M1<\/span><\/strong> y <strong><span style=\"color: #f88523;\">f\u00e1cil de aplicar<\/span><\/strong>, Soundproof Cloth ser\u00e1 tu aliado ideal para resolver todos tus problemas de<strong><span style=\"color: #f88523;\">aislamiento ac\u00fastico<\/span><\/strong>.<\/p>\n<table class=\"table\">\n<tbody>\n<tr>\n<th style=\"width: 119px;\">\u00a0<\/th>\n<th style=\"text-align: left; width: 109px;\">Soundproof Cloth 5<\/th>\n<th style=\"text-align: left; width: 108px;\">Soundproof Cloth 7<\/th>\n<\/tr>\n<tr>\n<td style=\"width: 119px;\"><strong>Tama\u00f1o<\/strong><\/td>\n<td style=\"width: 109px;\">A medida<\/td>\n<td style=\"width: 108px;\">A medida<\/td>\n<\/tr>\n<tr>\n<td style=\"width: 119px;\"><strong>Clasificaci\u00f3n ante el fuego<\/strong><\/td>\n<td style=\"width: 109px;\"><img decoding=\"async\" style=\"height: 20px; width: 20px;\" src=\"https:\/\/www.azur-scenic.com\/wp-content\/uploads\/csm_icon-flag-france_3304e5e3f9.png\" \/> M1<\/td>\n<td style=\"width: 108px;\"><img decoding=\"async\" style=\"height: 20px; width: 20px;\" src=\"https:\/\/www.azur-scenic.com\/wp-content\/uploads\/csm_icon-flag-france_3304e5e3f9.png\" \/> M1<\/td>\n<\/tr>\n<tr>\n<td style=\"width: 119px;\"><strong>Peso<\/strong><\/td>\n<td style=\"width: 109px;\">2500 g\/m<sup>2<\/sup><\/td>\n<td style=\"width: 108px;\">3500 g\/m<sup>2<\/sup><\/td>\n<\/tr>\n<\/tbody>\n<\/table>\n","protected":false},"featured_media":7685,"template":"","meta":{"_acf_changed":false},"product_brand":[],"product_cat":[974,1301,944],"product_tag":[],"class_list":{"0":"post-17615","1":"product","2":"type-product","3":"status-publish","4":"has-post-thumbnail","6":"product_cat-soluciones-acusticas","7":"product_cat-aislamiento-acustico","8":"product_cat-todos-los-productos","9":"pa_couleurs-003-es","10":"pa_couleurs-100-es","11":"pa_couleurs-250-es","12":"pa_couleurs-292-es","13":"pa_couleurs-790-es","14":"pa_groupes-de-couleurs-azules","15":"pa_groupes-de-couleurs-varios","16":"pa_groupes-de-couleurs-gris","17":"pa_groupes-de-couleurs-rojos","18":"pa_textiles-ignifugo","19":"pa_textiles-aislante-acustico","20":"pa_textiles-de-ocultacion-y-o-oscurecimiento","22":"first","23":"instock","24":"shipping-taxable","25":"purchasable","26":"product-type-variable"},"acf":[],"yoast_head":"<!-- This site is optimized with the Yoast SEO plugin v27.3 - https:\/\/yoast.com\/product\/yoast-seo-wordpress\/ -->\n<title>Soundproof Cloth - Azur Scenic<\/title>\n<meta name=\"description\" content=\"\u00bfLos ruidos de los alrededores interfieren en tu vida?\u00bfBuscas limitar la propagaci\u00f3n del sonido que est\u00e1s generando?\u00bfDeseas compartimentar una sala para convertirla en dos espacios diferentes?Para crear muy f\u00e1cilmente espacios delimitados tanto a nivel sonoro como visual, puedes optar por nuestras soluciones de cortinas ac\u00fasticas de varias capas, llave en mano. Dado que alternan y combinan de una manera \u00f3ptima materiales absorbentes y aislantes, te garantizan \u00a1el mejor confort ac\u00fastico posible!Disponible en dos versiones (de 5 o 7 capas), de aspecto muy cuidado y con un acabado plano, clasificaci\u00f3n ante el fuego M1 y f\u00e1cil de aplicar, Soundproof Cloth ser\u00e1 tu aliado ideal para resolver todos tus problemas deaislamiento ac\u00fastico.\u00a0Soundproof Cloth 5Soundproof Cloth 7Tama\u00f1oA medidaA medidaClasificaci\u00f3n ante el fuego M1 M1Peso2500 g\/m23500 g\/m2\" \/>\n<meta name=\"robots\" content=\"index, follow, max-snippet:-1, max-image-preview:large, max-video-preview:-1\" \/>\n<link rel=\"canonical\" href=\"https:\/\/www.azur-scenic.com\/es\/producto\/soundproof-cloth\/\" \/>\n<meta property=\"og:locale\" content=\"es_ES\" \/>\n<meta property=\"og:type\" content=\"article\" \/>\n<meta property=\"og:title\" content=\"Soundproof Cloth - Azur Scenic\" \/>\n<meta property=\"og:description\" content=\"\u00bfLos ruidos de los alrededores interfieren en tu vida?\u00bfBuscas limitar la propagaci\u00f3n del sonido que est\u00e1s generando?\u00bfDeseas compartimentar una sala para convertirla en dos espacios diferentes?Para crear muy f\u00e1cilmente espacios delimitados tanto a nivel sonoro como visual, puedes optar por nuestras soluciones de cortinas ac\u00fasticas de varias capas, llave en mano. Dado que alternan y combinan de una manera \u00f3ptima materiales absorbentes y aislantes, te garantizan \u00a1el mejor confort ac\u00fastico posible!Disponible en dos versiones (de 5 o 7 capas), de aspecto muy cuidado y con un acabado plano, clasificaci\u00f3n ante el fuego M1 y f\u00e1cil de aplicar, Soundproof Cloth ser\u00e1 tu aliado ideal para resolver todos tus problemas deaislamiento ac\u00fastico.\u00a0Soundproof Cloth 5Soundproof Cloth 7Tama\u00f1oA medidaA medidaClasificaci\u00f3n ante el fuego M1 M1Peso2500 g\/m23500 g\/m2\" \/>\n<meta property=\"og:url\" content=\"https:\/\/www.azur-scenic.com\/es\/producto\/soundproof-cloth\/\" \/>\n<meta property=\"og:site_name\" content=\"Azur Scenic\" \/>\n<meta property=\"article:modified_time\" content=\"2024-11-14T12:56:27+00:00\" \/>\n<meta property=\"og:image\" content=\"https:\/\/www.azur-scenic.com\/wp-content\/uploads\/6e8ceb455f65832473e30025d03f0c3b.png\" \/>\n\t<meta property=\"og:image:width\" content=\"800\" \/>\n\t<meta property=\"og:image:height\" content=\"534\" \/>\n\t<meta property=\"og:image:type\" content=\"image\/png\" \/>\n<meta name=\"twitter:card\" content=\"summary_large_image\" \/>\n<meta name=\"twitter:label1\" content=\"Tiempo de lectura\" \/>\n\t<meta name=\"twitter:data1\" content=\"2 minutos\" \/>\n<script type=\"application\/ld+json\" class=\"yoast-schema-graph\">{\"@context\":\"https:\\\/\\\/schema.org\",\"@graph\":[{\"@type\":\"WebPage\",\"@id\":\"https:\\\/\\\/www.azur-scenic.com\\\/es\\\/producto\\\/soundproof-cloth\\\/\",\"url\":\"https:\\\/\\\/www.azur-scenic.com\\\/es\\\/producto\\\/soundproof-cloth\\\/\",\"name\":\"Soundproof Cloth - Azur Scenic\",\"isPartOf\":{\"@id\":\"https:\\\/\\\/www.azur-scenic.com\\\/es\\\/#website\"},\"primaryImageOfPage\":{\"@id\":\"https:\\\/\\\/www.azur-scenic.com\\\/es\\\/producto\\\/soundproof-cloth\\\/#primaryimage\"},\"image\":{\"@id\":\"https:\\\/\\\/www.azur-scenic.com\\\/es\\\/producto\\\/soundproof-cloth\\\/#primaryimage\"},\"thumbnailUrl\":\"https:\\\/\\\/www.azur-scenic.com\\\/wp-content\\\/uploads\\\/6e8ceb455f65832473e30025d03f0c3b.png\",\"datePublished\":\"2022-10-04T07:27:44+00:00\",\"dateModified\":\"2024-11-14T12:56:27+00:00\",\"description\":\"\u00bfLos ruidos de los alrededores interfieren en tu vida?\u00bfBuscas limitar la propagaci\u00f3n del sonido que est\u00e1s generando?\u00bfDeseas compartimentar una sala para convertirla en dos espacios diferentes?Para crear muy f\u00e1cilmente espacios delimitados tanto a nivel sonoro como visual, puedes optar por nuestras soluciones de cortinas ac\u00fasticas de varias capas, llave en mano. Dado que alternan y combinan de una manera \u00f3ptima materiales absorbentes y aislantes, te garantizan \u00a1el mejor confort ac\u00fastico posible!Disponible en dos versiones (de 5 o 7 capas), de aspecto muy cuidado y con un acabado plano, clasificaci\u00f3n ante el fuego M1 y f\u00e1cil de aplicar, Soundproof Cloth ser\u00e1 tu aliado ideal para resolver todos tus problemas deaislamiento ac\u00fastico.\u00a0Soundproof Cloth 5Soundproof Cloth 7Tama\u00f1oA medidaA medidaClasificaci\u00f3n ante el fuego M1 M1Peso2500 g\\\/m23500 g\\\/m2\",\"breadcrumb\":{\"@id\":\"https:\\\/\\\/www.azur-scenic.com\\\/es\\\/producto\\\/soundproof-cloth\\\/#breadcrumb\"},\"inLanguage\":\"es\",\"potentialAction\":[{\"@type\":\"ReadAction\",\"target\":[\"https:\\\/\\\/www.azur-scenic.com\\\/es\\\/producto\\\/soundproof-cloth\\\/\"]}]},{\"@type\":\"ImageObject\",\"inLanguage\":\"es\",\"@id\":\"https:\\\/\\\/www.azur-scenic.com\\\/es\\\/producto\\\/soundproof-cloth\\\/#primaryimage\",\"url\":\"https:\\\/\\\/www.azur-scenic.com\\\/wp-content\\\/uploads\\\/6e8ceb455f65832473e30025d03f0c3b.png\",\"contentUrl\":\"https:\\\/\\\/www.azur-scenic.com\\\/wp-content\\\/uploads\\\/6e8ceb455f65832473e30025d03f0c3b.png\",\"width\":800,\"height\":534},{\"@type\":\"BreadcrumbList\",\"@id\":\"https:\\\/\\\/www.azur-scenic.com\\\/es\\\/producto\\\/soundproof-cloth\\\/#breadcrumb\",\"itemListElement\":[{\"@type\":\"ListItem\",\"position\":1,\"name\":\"Accueil\",\"item\":\"https:\\\/\\\/www.azur-scenic.com\\\/es\\\/\"},{\"@type\":\"ListItem\",\"position\":2,\"name\":\"Productos\",\"item\":\"https:\\\/\\\/www.azur-scenic.com\\\/es\\\/?page_id=21440\"},{\"@type\":\"ListItem\",\"position\":3,\"name\":\"Soundproof Cloth\"}]},{\"@type\":\"WebSite\",\"@id\":\"https:\\\/\\\/www.azur-scenic.com\\\/es\\\/#website\",\"url\":\"https:\\\/\\\/www.azur-scenic.com\\\/es\\\/\",\"name\":\"Azur Scenic\",\"description\":\"Sp\u00e9cialiste de l\u2019\u00e9quipement sc\u00e9nique et de la d\u00e9coration int\u00e9rieure et \u00e9v\u00e9nementielle !\",\"publisher\":{\"@id\":\"https:\\\/\\\/www.azur-scenic.com\\\/es\\\/#organization\"},\"potentialAction\":[{\"@type\":\"SearchAction\",\"target\":{\"@type\":\"EntryPoint\",\"urlTemplate\":\"https:\\\/\\\/www.azur-scenic.com\\\/es\\\/?s={search_term_string}\"},\"query-input\":{\"@type\":\"PropertyValueSpecification\",\"valueRequired\":true,\"valueName\":\"search_term_string\"}}],\"inLanguage\":\"es\"},{\"@type\":\"Organization\",\"@id\":\"https:\\\/\\\/www.azur-scenic.com\\\/es\\\/#organization\",\"name\":\"AZUR SCENIC\",\"url\":\"https:\\\/\\\/www.azur-scenic.com\\\/es\\\/\",\"logo\":{\"@type\":\"ImageObject\",\"inLanguage\":\"es\",\"@id\":\"https:\\\/\\\/www.azur-scenic.com\\\/es\\\/#\\\/schema\\\/logo\\\/image\\\/\",\"url\":\"https:\\\/\\\/www.azur-scenic.com\\\/wp-content\\\/uploads\\\/2022\\\/09\\\/LOGO-AZUR-SCENIC-Fusion-web-236x64-1.jpg\",\"contentUrl\":\"https:\\\/\\\/www.azur-scenic.com\\\/wp-content\\\/uploads\\\/2022\\\/09\\\/LOGO-AZUR-SCENIC-Fusion-web-236x64-1.jpg\",\"width\":236,\"height\":64,\"caption\":\"AZUR SCENIC\"},\"image\":{\"@id\":\"https:\\\/\\\/www.azur-scenic.com\\\/es\\\/#\\\/schema\\\/logo\\\/image\\\/\"},\"sameAs\":[\"https:\\\/\\\/www.youtube.com\\\/channel\\\/UCPWM2mGPVUt4nYhNlm71WOA\",\"https:\\\/\\\/www.linkedin.com\\\/company\\\/33237605\\\/admin\\\/feed\\\/posts\\\/\"]}]}<\/script>\n<!-- \/ Yoast SEO plugin. -->","yoast_head_json":{"title":"Soundproof Cloth - Azur Scenic","description":"\u00bfLos ruidos de los alrededores interfieren en tu vida?\u00bfBuscas limitar la propagaci\u00f3n del sonido que est\u00e1s generando?\u00bfDeseas compartimentar una sala para convertirla en dos espacios diferentes?Para crear muy f\u00e1cilmente espacios delimitados tanto a nivel sonoro como visual, puedes optar por nuestras soluciones de cortinas ac\u00fasticas de varias capas, llave en mano. Dado que alternan y combinan de una manera \u00f3ptima materiales absorbentes y aislantes, te garantizan \u00a1el mejor confort ac\u00fastico posible!Disponible en dos versiones (de 5 o 7 capas), de aspecto muy cuidado y con un acabado plano, clasificaci\u00f3n ante el fuego M1 y f\u00e1cil de aplicar, Soundproof Cloth ser\u00e1 tu aliado ideal para resolver todos tus problemas deaislamiento ac\u00fastico.\u00a0Soundproof Cloth 5Soundproof Cloth 7Tama\u00f1oA medidaA medidaClasificaci\u00f3n ante el fuego M1 M1Peso2500 g\/m23500 g\/m2","robots":{"index":"index","follow":"follow","max-snippet":"max-snippet:-1","max-image-preview":"max-image-preview:large","max-video-preview":"max-video-preview:-1"},"canonical":"https:\/\/www.azur-scenic.com\/es\/producto\/soundproof-cloth\/","og_locale":"es_ES","og_type":"article","og_title":"Soundproof Cloth - Azur Scenic","og_description":"\u00bfLos ruidos de los alrededores interfieren en tu vida?\u00bfBuscas limitar la propagaci\u00f3n del sonido que est\u00e1s generando?\u00bfDeseas compartimentar una sala para convertirla en dos espacios diferentes?Para crear muy f\u00e1cilmente espacios delimitados tanto a nivel sonoro como visual, puedes optar por nuestras soluciones de cortinas ac\u00fasticas de varias capas, llave en mano. Dado que alternan y combinan de una manera \u00f3ptima materiales absorbentes y aislantes, te garantizan \u00a1el mejor confort ac\u00fastico posible!Disponible en dos versiones (de 5 o 7 capas), de aspecto muy cuidado y con un acabado plano, clasificaci\u00f3n ante el fuego M1 y f\u00e1cil de aplicar, Soundproof Cloth ser\u00e1 tu aliado ideal para resolver todos tus problemas deaislamiento ac\u00fastico.\u00a0Soundproof Cloth 5Soundproof Cloth 7Tama\u00f1oA medidaA medidaClasificaci\u00f3n ante el fuego M1 M1Peso2500 g\/m23500 g\/m2","og_url":"https:\/\/www.azur-scenic.com\/es\/producto\/soundproof-cloth\/","og_site_name":"Azur Scenic","article_modified_time":"2024-11-14T12:56:27+00:00","og_image":[{"width":800,"height":534,"url":"https:\/\/www.azur-scenic.com\/wp-content\/uploads\/6e8ceb455f65832473e30025d03f0c3b.png","type":"image\/png"}],"twitter_card":"summary_large_image","twitter_misc":{"Tiempo de lectura":"2 minutos"},"schema":{"@context":"https:\/\/schema.org","@graph":[{"@type":"WebPage","@id":"https:\/\/www.azur-scenic.com\/es\/producto\/soundproof-cloth\/","url":"https:\/\/www.azur-scenic.com\/es\/producto\/soundproof-cloth\/","name":"Soundproof Cloth - Azur Scenic","isPartOf":{"@id":"https:\/\/www.azur-scenic.com\/es\/#website"},"primaryImageOfPage":{"@id":"https:\/\/www.azur-scenic.com\/es\/producto\/soundproof-cloth\/#primaryimage"},"image":{"@id":"https:\/\/www.azur-scenic.com\/es\/producto\/soundproof-cloth\/#primaryimage"},"thumbnailUrl":"https:\/\/www.azur-scenic.com\/wp-content\/uploads\/6e8ceb455f65832473e30025d03f0c3b.png","datePublished":"2022-10-04T07:27:44+00:00","dateModified":"2024-11-14T12:56:27+00:00","description":"\u00bfLos ruidos de los alrededores interfieren en tu vida?\u00bfBuscas limitar la propagaci\u00f3n del sonido que est\u00e1s generando?\u00bfDeseas compartimentar una sala para convertirla en dos espacios diferentes?Para crear muy f\u00e1cilmente espacios delimitados tanto a nivel sonoro como visual, puedes optar por nuestras soluciones de cortinas ac\u00fasticas de varias capas, llave en mano. Dado que alternan y combinan de una manera \u00f3ptima materiales absorbentes y aislantes, te garantizan \u00a1el mejor confort ac\u00fastico posible!Disponible en dos versiones (de 5 o 7 capas), de aspecto muy cuidado y con un acabado plano, clasificaci\u00f3n ante el fuego M1 y f\u00e1cil de aplicar, Soundproof Cloth ser\u00e1 tu aliado ideal para resolver todos tus problemas deaislamiento ac\u00fastico.\u00a0Soundproof Cloth 5Soundproof Cloth 7Tama\u00f1oA medidaA medidaClasificaci\u00f3n ante el fuego M1 M1Peso2500 g\/m23500 g\/m2","breadcrumb":{"@id":"https:\/\/www.azur-scenic.com\/es\/producto\/soundproof-cloth\/#breadcrumb"},"inLanguage":"es","potentialAction":[{"@type":"ReadAction","target":["https:\/\/www.azur-scenic.com\/es\/producto\/soundproof-cloth\/"]}]},{"@type":"ImageObject","inLanguage":"es","@id":"https:\/\/www.azur-scenic.com\/es\/producto\/soundproof-cloth\/#primaryimage","url":"https:\/\/www.azur-scenic.com\/wp-content\/uploads\/6e8ceb455f65832473e30025d03f0c3b.png","contentUrl":"https:\/\/www.azur-scenic.com\/wp-content\/uploads\/6e8ceb455f65832473e30025d03f0c3b.png","width":800,"height":534},{"@type":"BreadcrumbList","@id":"https:\/\/www.azur-scenic.com\/es\/producto\/soundproof-cloth\/#breadcrumb","itemListElement":[{"@type":"ListItem","position":1,"name":"Accueil","item":"https:\/\/www.azur-scenic.com\/es\/"},{"@type":"ListItem","position":2,"name":"Productos","item":"https:\/\/www.azur-scenic.com\/es\/?page_id=21440"},{"@type":"ListItem","position":3,"name":"Soundproof Cloth"}]},{"@type":"WebSite","@id":"https:\/\/www.azur-scenic.com\/es\/#website","url":"https:\/\/www.azur-scenic.com\/es\/","name":"Azur Scenic","description":"Sp\u00e9cialiste de l\u2019\u00e9quipement sc\u00e9nique et de la d\u00e9coration int\u00e9rieure et \u00e9v\u00e9nementielle !","publisher":{"@id":"https:\/\/www.azur-scenic.com\/es\/#organization"},"potentialAction":[{"@type":"SearchAction","target":{"@type":"EntryPoint","urlTemplate":"https:\/\/www.azur-scenic.com\/es\/?s={search_term_string}"},"query-input":{"@type":"PropertyValueSpecification","valueRequired":true,"valueName":"search_term_string"}}],"inLanguage":"es"},{"@type":"Organization","@id":"https:\/\/www.azur-scenic.com\/es\/#organization","name":"AZUR SCENIC","url":"https:\/\/www.azur-scenic.com\/es\/","logo":{"@type":"ImageObject","inLanguage":"es","@id":"https:\/\/www.azur-scenic.com\/es\/#\/schema\/logo\/image\/","url":"https:\/\/www.azur-scenic.com\/wp-content\/uploads\/2022\/09\/LOGO-AZUR-SCENIC-Fusion-web-236x64-1.jpg","contentUrl":"https:\/\/www.azur-scenic.com\/wp-content\/uploads\/2022\/09\/LOGO-AZUR-SCENIC-Fusion-web-236x64-1.jpg","width":236,"height":64,"caption":"AZUR SCENIC"},"image":{"@id":"https:\/\/www.azur-scenic.com\/es\/#\/schema\/logo\/image\/"},"sameAs":["https:\/\/www.youtube.com\/channel\/UCPWM2mGPVUt4nYhNlm71WOA","https:\/\/www.linkedin.com\/company\/33237605\/admin\/feed\/posts\/"]}]}},"_links":{"self":[{"href":"https:\/\/www.azur-scenic.com\/es\/wp-json\/wp\/v2\/product\/17615","targetHints":{"allow":["GET"]}}],"collection":[{"href":"https:\/\/www.azur-scenic.com\/es\/wp-json\/wp\/v2\/product"}],"about":[{"href":"https:\/\/www.azur-scenic.com\/es\/wp-json\/wp\/v2\/types\/product"}],"wp:featuredmedia":[{"embeddable":true,"href":"https:\/\/www.azur-scenic.com\/es\/wp-json\/wp\/v2\/media\/7685"}],"wp:attachment":[{"href":"https:\/\/www.azur-scenic.com\/es\/wp-json\/wp\/v2\/media?parent=17615"}],"wp:term":[{"taxonomy":"product_brand","embeddable":true,"href":"https:\/\/www.azur-scenic.com\/es\/wp-json\/wp\/v2\/product_brand?post=17615"},{"taxonomy":"product_cat","embeddable":true,"href":"https:\/\/www.azur-scenic.com\/es\/wp-json\/wp\/v2\/product_cat?post=17615"},{"taxonomy":"product_tag","embeddable":true,"href":"https:\/\/www.azur-scenic.com\/es\/wp-json\/wp\/v2\/product_tag?post=17615"}],"curies":[{"name":"wp","href":"https:\/\/api.w.org\/{rel}","templated":true}]}}