{"id":17637,"date":"2022-10-04T07:27:36","date_gmt":"2022-10-04T07:27:36","guid":{"rendered":"https:\/\/www.azur-scenic.com\/produit\/tulle-shakespeare\/"},"modified":"2023-08-02T13:13:54","modified_gmt":"2023-08-02T13:13:54","slug":"tul-shakespeare","status":"publish","type":"product","link":"https:\/\/www.azur-scenic.com\/es\/producto\/tul-shakespeare\/","title":{"rendered":"Tul Shakespeare"},"content":{"rendered":"<table>\n<thead>\n<tr>\n<th style=\"width: 170px;\">Datos t\u00e9cnicos<\/th>\n<th>Valor<\/th>\n<th>Comentarios<\/th>\n<\/tr>\n<\/thead>\n<tbody>\n<tr>\n<td style=\"vertical-align: top;\">Tama\u00f1o de la malla<\/td>\n<td style=\"vertical-align: top;\">3 x 3\u00a0mm<\/td>\n<td>Malla cuadrada<\/td>\n<\/tr>\n<tr>\n<td style=\"vertical-align: top;\">Ancho<\/td>\n<td style=\"vertical-align: top;\">1100\u00a0cm<\/td>\n<td>\u00a0<\/td>\n<\/tr>\n<tr>\n<td style=\"vertical-align: top;\">Peso<\/td>\n<td style=\"vertical-align: top;\">75 g\/m\u00b2<\/td>\n<td>\u00a0<\/td>\n<\/tr>\n<tr>\n<td style=\"vertical-align: top;\">Grosor<\/td>\n<td style=\"vertical-align: top;\">1\u00a0mm<\/td>\n<td>\u00a0<\/td>\n<\/tr>\n<tr>\n<td style=\"vertical-align: top;\">Clasificaci\u00f3n ante el fuego<\/td>\n<td style=\"vertical-align: top;\"><img decoding=\"async\" style=\"height: 20px; width: 20px;\" src=\"https:\/\/www.azur-scenic.com\/wp-content\/uploads\/csm_icon-flag-france_3304e5e3f9.png\" \/> M1<br \/>\n<img decoding=\"async\" style=\"height: 20px; width: 20px;\" src=\"https:\/\/www.azur-scenic.com\/wp-content\/uploads\/icon-flag-uk.png\" \/> Tipo B<\/td>\n<td>Norma: NF P 92-503-507<br \/>\nNorma: BS 5867-2<\/td>\n<\/tr>\n<tr>\n<td style=\"vertical-align: top;\">Composici\u00f3n<\/td>\n<td style=\"vertical-align: top;\">95 % algod\u00f3n, 5 % poli\u00e9ster<\/td>\n<td>Ign\u00edfugo<\/td>\n<\/tr>\n<tr>\n<td style=\"vertical-align: top;\">Longitud del rollo<\/td>\n<td style=\"vertical-align: top;\">\u00b1 50 a 60 m<br \/>\nPlegado longitudinalmente, en pacas<\/td>\n<td style=\"vertical-align: top;\">Posibilidad de venta al corte<\/td>\n<\/tr>\n<\/tbody>\n<\/table>\n","protected":false},"excerpt":{"rendered":"<p>El <strong><span style=\"color: #f88523;\">tul esc\u00e9nico<\/span><\/strong> cl\u00e1sico de malla cuadrada, que se adapta a los <span style=\"color: #f88523;\"><strong>efectos de transparencia \/ opacidad<\/strong><\/span> que se utilizan en el teatro.<br \/>\nMediante juegos de luces, puedes hacer aparecer o desaparecer elementos ubicados detr\u00e1s del tul, (iluminaci\u00f3n trasera para un tul transparente, iluminaci\u00f3n frontal o lateral para un tul opaco).<br \/>\nTambi\u00e9n se puede utilizar como soporte improvisado de <span style=\"color: #f88523;\"><strong>proyecci\u00f3n<\/strong><\/span> y <strong><span style=\"color: #f88523;\">retroproyecci\u00f3n<\/span><\/strong>.<br \/>\nEste tul se puede <span style=\"color: #f88523;\"><strong>pintar<\/strong><\/span> para realizar decorados esc\u00e9nicos.<br \/>\nComo sucede con la mayor\u00eda de los tules, deja pasar el sonido para ofrecer una <span style=\"color: #f88523;\"><strong>transparencia ac\u00fastica<\/strong><\/span> perfecta, por lo cual se puede instalar delante de altavoces.<br \/>\nEste tul, con clasificaci\u00f3n ante el fuego <span style=\"color: #f88523;\"><strong>M1<\/strong><\/span> y tejido de <span style=\"color: #f88523;\"><strong>gran anchura<\/strong><\/span>, permite cubrir grandes superficies sin necesidad de costuras.<br \/>\nFabricado en algod\u00f3n ign\u00edfugo, este tul est\u00e1 recomendado para su uso en un entorno resistente a la intemperie.<\/p>\n<p>\u00a0<\/p>\n<table class=\"table\">\n<tbody>\n<tr>\n<td><strong>Ancho<\/strong>: 1100\u00a0cm<\/td>\n<td><strong>Peso<\/strong>: 75 g\/m\u00b2<\/td>\n<\/tr>\n<tr>\n<td><strong>Clasificaci\u00f3n ante el fuego<\/strong>: <img decoding=\"async\" style=\"height: 20px; width: 20px;\" src=\"https:\/\/www.azur-scenic.com\/wp-content\/uploads\/csm_icon-flag-france_3304e5e3f9.png\" \/> M1 <img decoding=\"async\" style=\"height: 20px; width: 20px;\" src=\"https:\/\/www.azur-scenic.com\/wp-content\/uploads\/icon-flag-uk.png\" \/> Tipo B<\/td>\n<td><strong>Composici\u00f3n<\/strong>: 95 % algod\u00f3n,<br \/>\n5 % poli\u00e9ster<\/td>\n<\/tr>\n<\/tbody>\n<\/table>\n","protected":false},"featured_media":13934,"template":"","meta":{"_acf_changed":false},"product_brand":[],"product_cat":[974,1119,939,1118,944],"product_tag":[],"class_list":{"0":"post-17637","1":"product","2":"type-product","3":"status-publish","4":"has-post-thumbnail","6":"product_cat-soluciones-acusticas","7":"product_cat-transparencia-acustica","8":"product_cat-tejidos-escenicos-y-para-eventos","9":"product_cat-tules","10":"product_cat-todos-los-productos","11":"pa_couleurs-002-es","12":"pa_couleurs-003-es","13":"pa_couleurs-100-es","14":"pa_groupes-de-couleurs-blanco","15":"pa_groupes-de-couleurs-gris","16":"pa_groupes-de-couleurs-negro","17":"pa_textiles-ignifugo","18":"pa_textiles-efectos-especiales","19":"pa_textiles-proyeccion-frontal","20":"pa_textiles-retroproyeccion","21":"pa_textiles-transparencia-acustica","22":"pa_textiles-transparentes-y-translucidos","23":"pa_textiles-extra-ancho","25":"first","26":"instock","27":"shipping-taxable","28":"purchasable","29":"product-type-variable"},"acf":[],"yoast_head":"<!-- This site is optimized with the Yoast SEO plugin v27.3 - https:\/\/yoast.com\/product\/yoast-seo-wordpress\/ -->\n<title>Tul Shakespeare - Azur Scenic<\/title>\n<meta name=\"description\" content=\"El tul esc\u00e9nico cl\u00e1sico de malla cuadrada, que se adapta a los efectos de transparencia \/ opacidad que se utilizan en el teatro. Mediante juegos de luces, puedes hacer aparecer o desaparecer elementos ubicados detr\u00e1s del tul, (iluminaci\u00f3n trasera para un tul transparente, iluminaci\u00f3n frontal o lateral para un tul opaco). Tambi\u00e9n se puede utilizar como soporte improvisado de proyecci\u00f3n y retroproyecci\u00f3n. Este tul se puede pintar para realizar decorados esc\u00e9nicos. Como sucede con la mayor\u00eda de los tules, deja pasar el sonido para ofrecer una transparencia ac\u00fastica perfecta, por lo cual se puede instalar delante de altavoces. Este tul, con clasificaci\u00f3n ante el fuego M1 y tejido de gran anchura, permite cubrir grandes superficies sin necesidad de costuras. Fabricado en algod\u00f3n ign\u00edfugo, este tul est\u00e1 recomendado para su uso en un entorno resistente a la intemperie. \u00a0  Ancho: 1100\u00a0cm Peso: 75 g\/m\u00b2  Clasificaci\u00f3n ante el fuego: M1 Tipo B Composici\u00f3n: 95 % algod\u00f3n, 5 % poli\u00e9ster\" \/>\n<meta name=\"robots\" content=\"index, follow, max-snippet:-1, max-image-preview:large, max-video-preview:-1\" \/>\n<link rel=\"canonical\" href=\"https:\/\/www.azur-scenic.com\/es\/producto\/tul-shakespeare\/\" \/>\n<meta property=\"og:locale\" content=\"es_ES\" \/>\n<meta property=\"og:type\" content=\"article\" \/>\n<meta property=\"og:title\" content=\"Tul Shakespeare - Azur Scenic\" \/>\n<meta property=\"og:description\" content=\"El tul esc\u00e9nico cl\u00e1sico de malla cuadrada, que se adapta a los efectos de transparencia \/ opacidad que se utilizan en el teatro. Mediante juegos de luces, puedes hacer aparecer o desaparecer elementos ubicados detr\u00e1s del tul, (iluminaci\u00f3n trasera para un tul transparente, iluminaci\u00f3n frontal o lateral para un tul opaco). Tambi\u00e9n se puede utilizar como soporte improvisado de proyecci\u00f3n y retroproyecci\u00f3n. Este tul se puede pintar para realizar decorados esc\u00e9nicos. Como sucede con la mayor\u00eda de los tules, deja pasar el sonido para ofrecer una transparencia ac\u00fastica perfecta, por lo cual se puede instalar delante de altavoces. Este tul, con clasificaci\u00f3n ante el fuego M1 y tejido de gran anchura, permite cubrir grandes superficies sin necesidad de costuras. Fabricado en algod\u00f3n ign\u00edfugo, este tul est\u00e1 recomendado para su uso en un entorno resistente a la intemperie. \u00a0  Ancho: 1100\u00a0cm Peso: 75 g\/m\u00b2  Clasificaci\u00f3n ante el fuego: M1 Tipo B Composici\u00f3n: 95 % algod\u00f3n, 5 % poli\u00e9ster\" \/>\n<meta property=\"og:url\" content=\"https:\/\/www.azur-scenic.com\/es\/producto\/tul-shakespeare\/\" \/>\n<meta property=\"og:site_name\" content=\"Azur Scenic\" \/>\n<meta property=\"article:modified_time\" content=\"2023-08-02T13:13:54+00:00\" \/>\n<meta property=\"og:image\" content=\"https:\/\/www.azur-scenic.com\/wp-content\/uploads\/TULLE-SHAKESPEARE-NOIR-scaled.jpg\" \/>\n\t<meta property=\"og:image:width\" content=\"2560\" \/>\n\t<meta property=\"og:image:height\" content=\"2560\" \/>\n\t<meta property=\"og:image:type\" content=\"image\/jpeg\" \/>\n<meta name=\"twitter:card\" content=\"summary_large_image\" \/>\n<script type=\"application\/ld+json\" class=\"yoast-schema-graph\">{\"@context\":\"https:\\\/\\\/schema.org\",\"@graph\":[{\"@type\":\"WebPage\",\"@id\":\"https:\\\/\\\/www.azur-scenic.com\\\/es\\\/producto\\\/tul-shakespeare\\\/\",\"url\":\"https:\\\/\\\/www.azur-scenic.com\\\/es\\\/producto\\\/tul-shakespeare\\\/\",\"name\":\"Tul Shakespeare - Azur Scenic\",\"isPartOf\":{\"@id\":\"https:\\\/\\\/www.azur-scenic.com\\\/es\\\/#website\"},\"primaryImageOfPage\":{\"@id\":\"https:\\\/\\\/www.azur-scenic.com\\\/es\\\/producto\\\/tul-shakespeare\\\/#primaryimage\"},\"image\":{\"@id\":\"https:\\\/\\\/www.azur-scenic.com\\\/es\\\/producto\\\/tul-shakespeare\\\/#primaryimage\"},\"thumbnailUrl\":\"https:\\\/\\\/www.azur-scenic.com\\\/wp-content\\\/uploads\\\/TULLE-SHAKESPEARE-NOIR-scaled.jpg\",\"datePublished\":\"2022-10-04T07:27:36+00:00\",\"dateModified\":\"2023-08-02T13:13:54+00:00\",\"description\":\"El tul esc\u00e9nico cl\u00e1sico de malla cuadrada, que se adapta a los efectos de transparencia \\\/ opacidad que se utilizan en el teatro. Mediante juegos de luces, puedes hacer aparecer o desaparecer elementos ubicados detr\u00e1s del tul, (iluminaci\u00f3n trasera para un tul transparente, iluminaci\u00f3n frontal o lateral para un tul opaco). Tambi\u00e9n se puede utilizar como soporte improvisado de proyecci\u00f3n y retroproyecci\u00f3n. Este tul se puede pintar para realizar decorados esc\u00e9nicos. Como sucede con la mayor\u00eda de los tules, deja pasar el sonido para ofrecer una transparencia ac\u00fastica perfecta, por lo cual se puede instalar delante de altavoces. Este tul, con clasificaci\u00f3n ante el fuego M1 y tejido de gran anchura, permite cubrir grandes superficies sin necesidad de costuras. Fabricado en algod\u00f3n ign\u00edfugo, este tul est\u00e1 recomendado para su uso en un entorno resistente a la intemperie. \u00a0 Ancho: 1100\u00a0cm Peso: 75 g\\\/m\u00b2 Clasificaci\u00f3n ante el fuego: M1 Tipo B Composici\u00f3n: 95 % algod\u00f3n, 5 % poli\u00e9ster\",\"breadcrumb\":{\"@id\":\"https:\\\/\\\/www.azur-scenic.com\\\/es\\\/producto\\\/tul-shakespeare\\\/#breadcrumb\"},\"inLanguage\":\"es\",\"potentialAction\":[{\"@type\":\"ReadAction\",\"target\":[\"https:\\\/\\\/www.azur-scenic.com\\\/es\\\/producto\\\/tul-shakespeare\\\/\"]}]},{\"@type\":\"ImageObject\",\"inLanguage\":\"es\",\"@id\":\"https:\\\/\\\/www.azur-scenic.com\\\/es\\\/producto\\\/tul-shakespeare\\\/#primaryimage\",\"url\":\"https:\\\/\\\/www.azur-scenic.com\\\/wp-content\\\/uploads\\\/TULLE-SHAKESPEARE-NOIR-scaled.jpg\",\"contentUrl\":\"https:\\\/\\\/www.azur-scenic.com\\\/wp-content\\\/uploads\\\/TULLE-SHAKESPEARE-NOIR-scaled.jpg\",\"width\":2560,\"height\":2560,\"caption\":\"TULLE SHAKESPEARE NOIR\"},{\"@type\":\"BreadcrumbList\",\"@id\":\"https:\\\/\\\/www.azur-scenic.com\\\/es\\\/producto\\\/tul-shakespeare\\\/#breadcrumb\",\"itemListElement\":[{\"@type\":\"ListItem\",\"position\":1,\"name\":\"Accueil\",\"item\":\"https:\\\/\\\/www.azur-scenic.com\\\/es\\\/\"},{\"@type\":\"ListItem\",\"position\":2,\"name\":\"Productos\",\"item\":\"https:\\\/\\\/www.azur-scenic.com\\\/es\\\/?page_id=21440\"},{\"@type\":\"ListItem\",\"position\":3,\"name\":\"Tul Shakespeare\"}]},{\"@type\":\"WebSite\",\"@id\":\"https:\\\/\\\/www.azur-scenic.com\\\/es\\\/#website\",\"url\":\"https:\\\/\\\/www.azur-scenic.com\\\/es\\\/\",\"name\":\"Azur Scenic\",\"description\":\"Sp\u00e9cialiste de l\u2019\u00e9quipement sc\u00e9nique et de la d\u00e9coration int\u00e9rieure et \u00e9v\u00e9nementielle !\",\"publisher\":{\"@id\":\"https:\\\/\\\/www.azur-scenic.com\\\/es\\\/#organization\"},\"potentialAction\":[{\"@type\":\"SearchAction\",\"target\":{\"@type\":\"EntryPoint\",\"urlTemplate\":\"https:\\\/\\\/www.azur-scenic.com\\\/es\\\/?s={search_term_string}\"},\"query-input\":{\"@type\":\"PropertyValueSpecification\",\"valueRequired\":true,\"valueName\":\"search_term_string\"}}],\"inLanguage\":\"es\"},{\"@type\":\"Organization\",\"@id\":\"https:\\\/\\\/www.azur-scenic.com\\\/es\\\/#organization\",\"name\":\"AZUR SCENIC\",\"url\":\"https:\\\/\\\/www.azur-scenic.com\\\/es\\\/\",\"logo\":{\"@type\":\"ImageObject\",\"inLanguage\":\"es\",\"@id\":\"https:\\\/\\\/www.azur-scenic.com\\\/es\\\/#\\\/schema\\\/logo\\\/image\\\/\",\"url\":\"https:\\\/\\\/www.azur-scenic.com\\\/wp-content\\\/uploads\\\/2022\\\/09\\\/LOGO-AZUR-SCENIC-Fusion-web-236x64-1.jpg\",\"contentUrl\":\"https:\\\/\\\/www.azur-scenic.com\\\/wp-content\\\/uploads\\\/2022\\\/09\\\/LOGO-AZUR-SCENIC-Fusion-web-236x64-1.jpg\",\"width\":236,\"height\":64,\"caption\":\"AZUR SCENIC\"},\"image\":{\"@id\":\"https:\\\/\\\/www.azur-scenic.com\\\/es\\\/#\\\/schema\\\/logo\\\/image\\\/\"},\"sameAs\":[\"https:\\\/\\\/www.youtube.com\\\/channel\\\/UCPWM2mGPVUt4nYhNlm71WOA\",\"https:\\\/\\\/www.linkedin.com\\\/company\\\/33237605\\\/admin\\\/feed\\\/posts\\\/\"]}]}<\/script>\n<!-- \/ Yoast SEO plugin. -->","yoast_head_json":{"title":"Tul Shakespeare - Azur Scenic","description":"El tul esc\u00e9nico cl\u00e1sico de malla cuadrada, que se adapta a los efectos de transparencia \/ opacidad que se utilizan en el teatro. Mediante juegos de luces, puedes hacer aparecer o desaparecer elementos ubicados detr\u00e1s del tul, (iluminaci\u00f3n trasera para un tul transparente, iluminaci\u00f3n frontal o lateral para un tul opaco). Tambi\u00e9n se puede utilizar como soporte improvisado de proyecci\u00f3n y retroproyecci\u00f3n. Este tul se puede pintar para realizar decorados esc\u00e9nicos. Como sucede con la mayor\u00eda de los tules, deja pasar el sonido para ofrecer una transparencia ac\u00fastica perfecta, por lo cual se puede instalar delante de altavoces. Este tul, con clasificaci\u00f3n ante el fuego M1 y tejido de gran anchura, permite cubrir grandes superficies sin necesidad de costuras. Fabricado en algod\u00f3n ign\u00edfugo, este tul est\u00e1 recomendado para su uso en un entorno resistente a la intemperie. \u00a0  Ancho: 1100\u00a0cm Peso: 75 g\/m\u00b2  Clasificaci\u00f3n ante el fuego: M1 Tipo B Composici\u00f3n: 95 % algod\u00f3n, 5 % poli\u00e9ster","robots":{"index":"index","follow":"follow","max-snippet":"max-snippet:-1","max-image-preview":"max-image-preview:large","max-video-preview":"max-video-preview:-1"},"canonical":"https:\/\/www.azur-scenic.com\/es\/producto\/tul-shakespeare\/","og_locale":"es_ES","og_type":"article","og_title":"Tul Shakespeare - Azur Scenic","og_description":"El tul esc\u00e9nico cl\u00e1sico de malla cuadrada, que se adapta a los efectos de transparencia \/ opacidad que se utilizan en el teatro. Mediante juegos de luces, puedes hacer aparecer o desaparecer elementos ubicados detr\u00e1s del tul, (iluminaci\u00f3n trasera para un tul transparente, iluminaci\u00f3n frontal o lateral para un tul opaco). Tambi\u00e9n se puede utilizar como soporte improvisado de proyecci\u00f3n y retroproyecci\u00f3n. Este tul se puede pintar para realizar decorados esc\u00e9nicos. Como sucede con la mayor\u00eda de los tules, deja pasar el sonido para ofrecer una transparencia ac\u00fastica perfecta, por lo cual se puede instalar delante de altavoces. Este tul, con clasificaci\u00f3n ante el fuego M1 y tejido de gran anchura, permite cubrir grandes superficies sin necesidad de costuras. Fabricado en algod\u00f3n ign\u00edfugo, este tul est\u00e1 recomendado para su uso en un entorno resistente a la intemperie. \u00a0  Ancho: 1100\u00a0cm Peso: 75 g\/m\u00b2  Clasificaci\u00f3n ante el fuego: M1 Tipo B Composici\u00f3n: 95 % algod\u00f3n, 5 % poli\u00e9ster","og_url":"https:\/\/www.azur-scenic.com\/es\/producto\/tul-shakespeare\/","og_site_name":"Azur Scenic","article_modified_time":"2023-08-02T13:13:54+00:00","og_image":[{"width":2560,"height":2560,"url":"https:\/\/www.azur-scenic.com\/wp-content\/uploads\/TULLE-SHAKESPEARE-NOIR-scaled.jpg","type":"image\/jpeg"}],"twitter_card":"summary_large_image","schema":{"@context":"https:\/\/schema.org","@graph":[{"@type":"WebPage","@id":"https:\/\/www.azur-scenic.com\/es\/producto\/tul-shakespeare\/","url":"https:\/\/www.azur-scenic.com\/es\/producto\/tul-shakespeare\/","name":"Tul Shakespeare - Azur Scenic","isPartOf":{"@id":"https:\/\/www.azur-scenic.com\/es\/#website"},"primaryImageOfPage":{"@id":"https:\/\/www.azur-scenic.com\/es\/producto\/tul-shakespeare\/#primaryimage"},"image":{"@id":"https:\/\/www.azur-scenic.com\/es\/producto\/tul-shakespeare\/#primaryimage"},"thumbnailUrl":"https:\/\/www.azur-scenic.com\/wp-content\/uploads\/TULLE-SHAKESPEARE-NOIR-scaled.jpg","datePublished":"2022-10-04T07:27:36+00:00","dateModified":"2023-08-02T13:13:54+00:00","description":"El tul esc\u00e9nico cl\u00e1sico de malla cuadrada, que se adapta a los efectos de transparencia \/ opacidad que se utilizan en el teatro. Mediante juegos de luces, puedes hacer aparecer o desaparecer elementos ubicados detr\u00e1s del tul, (iluminaci\u00f3n trasera para un tul transparente, iluminaci\u00f3n frontal o lateral para un tul opaco). Tambi\u00e9n se puede utilizar como soporte improvisado de proyecci\u00f3n y retroproyecci\u00f3n. Este tul se puede pintar para realizar decorados esc\u00e9nicos. Como sucede con la mayor\u00eda de los tules, deja pasar el sonido para ofrecer una transparencia ac\u00fastica perfecta, por lo cual se puede instalar delante de altavoces. Este tul, con clasificaci\u00f3n ante el fuego M1 y tejido de gran anchura, permite cubrir grandes superficies sin necesidad de costuras. Fabricado en algod\u00f3n ign\u00edfugo, este tul est\u00e1 recomendado para su uso en un entorno resistente a la intemperie. \u00a0 Ancho: 1100\u00a0cm Peso: 75 g\/m\u00b2 Clasificaci\u00f3n ante el fuego: M1 Tipo B Composici\u00f3n: 95 % algod\u00f3n, 5 % poli\u00e9ster","breadcrumb":{"@id":"https:\/\/www.azur-scenic.com\/es\/producto\/tul-shakespeare\/#breadcrumb"},"inLanguage":"es","potentialAction":[{"@type":"ReadAction","target":["https:\/\/www.azur-scenic.com\/es\/producto\/tul-shakespeare\/"]}]},{"@type":"ImageObject","inLanguage":"es","@id":"https:\/\/www.azur-scenic.com\/es\/producto\/tul-shakespeare\/#primaryimage","url":"https:\/\/www.azur-scenic.com\/wp-content\/uploads\/TULLE-SHAKESPEARE-NOIR-scaled.jpg","contentUrl":"https:\/\/www.azur-scenic.com\/wp-content\/uploads\/TULLE-SHAKESPEARE-NOIR-scaled.jpg","width":2560,"height":2560,"caption":"TULLE SHAKESPEARE NOIR"},{"@type":"BreadcrumbList","@id":"https:\/\/www.azur-scenic.com\/es\/producto\/tul-shakespeare\/#breadcrumb","itemListElement":[{"@type":"ListItem","position":1,"name":"Accueil","item":"https:\/\/www.azur-scenic.com\/es\/"},{"@type":"ListItem","position":2,"name":"Productos","item":"https:\/\/www.azur-scenic.com\/es\/?page_id=21440"},{"@type":"ListItem","position":3,"name":"Tul Shakespeare"}]},{"@type":"WebSite","@id":"https:\/\/www.azur-scenic.com\/es\/#website","url":"https:\/\/www.azur-scenic.com\/es\/","name":"Azur Scenic","description":"Sp\u00e9cialiste de l\u2019\u00e9quipement sc\u00e9nique et de la d\u00e9coration int\u00e9rieure et \u00e9v\u00e9nementielle !","publisher":{"@id":"https:\/\/www.azur-scenic.com\/es\/#organization"},"potentialAction":[{"@type":"SearchAction","target":{"@type":"EntryPoint","urlTemplate":"https:\/\/www.azur-scenic.com\/es\/?s={search_term_string}"},"query-input":{"@type":"PropertyValueSpecification","valueRequired":true,"valueName":"search_term_string"}}],"inLanguage":"es"},{"@type":"Organization","@id":"https:\/\/www.azur-scenic.com\/es\/#organization","name":"AZUR SCENIC","url":"https:\/\/www.azur-scenic.com\/es\/","logo":{"@type":"ImageObject","inLanguage":"es","@id":"https:\/\/www.azur-scenic.com\/es\/#\/schema\/logo\/image\/","url":"https:\/\/www.azur-scenic.com\/wp-content\/uploads\/2022\/09\/LOGO-AZUR-SCENIC-Fusion-web-236x64-1.jpg","contentUrl":"https:\/\/www.azur-scenic.com\/wp-content\/uploads\/2022\/09\/LOGO-AZUR-SCENIC-Fusion-web-236x64-1.jpg","width":236,"height":64,"caption":"AZUR SCENIC"},"image":{"@id":"https:\/\/www.azur-scenic.com\/es\/#\/schema\/logo\/image\/"},"sameAs":["https:\/\/www.youtube.com\/channel\/UCPWM2mGPVUt4nYhNlm71WOA","https:\/\/www.linkedin.com\/company\/33237605\/admin\/feed\/posts\/"]}]}},"_links":{"self":[{"href":"https:\/\/www.azur-scenic.com\/es\/wp-json\/wp\/v2\/product\/17637","targetHints":{"allow":["GET"]}}],"collection":[{"href":"https:\/\/www.azur-scenic.com\/es\/wp-json\/wp\/v2\/product"}],"about":[{"href":"https:\/\/www.azur-scenic.com\/es\/wp-json\/wp\/v2\/types\/product"}],"wp:featuredmedia":[{"embeddable":true,"href":"https:\/\/www.azur-scenic.com\/es\/wp-json\/wp\/v2\/media\/13934"}],"wp:attachment":[{"href":"https:\/\/www.azur-scenic.com\/es\/wp-json\/wp\/v2\/media?parent=17637"}],"wp:term":[{"taxonomy":"product_brand","embeddable":true,"href":"https:\/\/www.azur-scenic.com\/es\/wp-json\/wp\/v2\/product_brand?post=17637"},{"taxonomy":"product_cat","embeddable":true,"href":"https:\/\/www.azur-scenic.com\/es\/wp-json\/wp\/v2\/product_cat?post=17637"},{"taxonomy":"product_tag","embeddable":true,"href":"https:\/\/www.azur-scenic.com\/es\/wp-json\/wp\/v2\/product_tag?post=17637"}],"curies":[{"name":"wp","href":"https:\/\/api.w.org\/{rel}","templated":true}]}}