{"id":17653,"date":"2022-10-04T07:27:36","date_gmt":"2022-10-04T07:27:36","guid":{"rendered":"https:\/\/www.azur-scenic.com\/produit\/tulle-gobelin\/"},"modified":"2023-08-02T13:13:53","modified_gmt":"2023-08-02T13:13:53","slug":"tul-gobelin","status":"publish","type":"product","link":"https:\/\/www.azur-scenic.com\/es\/producto\/tul-gobelin\/","title":{"rendered":"Tul Gobelin"},"content":{"rendered":"<table>\n<thead>\n<tr>\n<th style=\"width: 170px;\">Datos t\u00e9cnicos<\/th>\n<th>Valor<\/th>\n<th>Comentarios<\/th>\n<\/tr>\n<\/thead>\n<tbody>\n<tr>\n<td style=\"vertical-align: top;\">Tama\u00f1o de la malla<\/td>\n<td style=\"vertical-align: top;\">4 x 2\u00a0mm<\/td>\n<td>Malla tipo \u00abdiente de tibur\u00f3n\u00bb tejida en 2 hilos<\/td>\n<\/tr>\n<tr>\n<td style=\"vertical-align: top;\">Ancho<\/td>\n<td style=\"vertical-align: top;\">475\u00a0cm<br \/>\n640\u00a0cm<br \/>\n1100\u00a0cm<\/td>\n<td>N\u00famero de referencia 1415 (hasta agotar existencias)<br \/>\nN\u00fameros de referencia 1404 a 1405<br \/>\nN\u00fameros de referencia 1401 a 1403<\/td>\n<\/tr>\n<tr>\n<td style=\"vertical-align: top;\">Peso<\/td>\n<td style=\"vertical-align: top;\">90 g\/m\u00b2<\/td>\n<td>\u00a0<\/td>\n<\/tr>\n<tr>\n<td style=\"vertical-align: top;\">Grosor<\/td>\n<td style=\"vertical-align: top;\">1\u00a0mm<\/td>\n<td>\u00a0<\/td>\n<\/tr>\n<tr>\n<td style=\"vertical-align: top;\">Clasificaci\u00f3n ante el fuego<\/td>\n<td style=\"vertical-align: top;\"><img decoding=\"async\" style=\"height: 20px; width: 20px;\" src=\"https:\/\/www.azur-scenic.com\/wp-content\/uploads\/icon-flag-france.png?1542281963\" \/> M1<br \/>\n<img decoding=\"async\" style=\"height: 20px; width: 20px;\" src=\"https:\/\/www.azur-scenic.com\/wp-content\/uploads\/icon-flag-uk.png\" \/> Tipo B<\/td>\n<td>Norma: NF P 92-503-507<br \/>\nNorma: BS 5867-2<\/td>\n<\/tr>\n<tr>\n<td style=\"vertical-align: top;\">Composici\u00f3n<\/td>\n<td style=\"vertical-align: top;\">95 % algod\u00f3n,<br \/>\n5 % poli\u00e9ster<\/td>\n<td>Ign\u00edfugo<\/td>\n<\/tr>\n<tr>\n<td style=\"vertical-align: top;\">Longitud del rollo<\/td>\n<td style=\"vertical-align: top;\">\u00b1 50 a 60 m<br \/>\nPlegado longitudinalmente, en pacas<\/td>\n<td style=\"vertical-align: top;\">Posibilidad de venta al corte<\/td>\n<\/tr>\n<\/tbody>\n<\/table>\n","protected":false},"excerpt":{"rendered":"<p>Sin duda el <strong><span style=\"color: #f88523;\">tul esc\u00e9nico<\/span><\/strong> m\u00e1s vendido, de malla rectangular, tipo \u00abdiente de tibur\u00f3n\u00bb, es ideal para los <strong><span style=\"color: #f88523;\">efectos de aparici\u00f3n \/ desaparici\u00f3n<\/span><\/strong> que se realizan en el teatro.<br \/>\nJugando con la iluminaci\u00f3n, puedes hacer aparecer elementos ubicados detr\u00e1s del tul (la iluminaci\u00f3n desde atr\u00e1s hace que el tul se vuelva transparente) o hacerlos desaparecer completamente de la vista del p\u00fablico (la iluminaci\u00f3n frontal o lateral hacen que el tul se vuelva opaco).<br \/>\nTambi\u00e9n se puede utilizar como soporte alternativo de <strong><span style=\"color: #f88523;\">proyecci\u00f3n<\/span><\/strong> y <span style=\"color: #f88523;\"><strong>retroproyecci\u00f3n<\/strong><\/span> y se puede utilizar en duplicado para crear <strong><span style=\"color: #f88523;\">efectos muar\u00e9<\/span><\/strong>.<br \/>\nEste tul permanece muy estable cuando se tensa. Por lo tanto se presta perfectamente para <span style=\"color: #f88523;\"><strong>pintarlo<\/strong><\/span> y realizar decorados imaginativos.<br \/>\nAl igual que la mayor parte de los tules, deja pasar el sonido ofreciendo una <span style=\"color: #f88523;\"><strong>transparencia ac\u00fastica<\/strong><\/span> perfecta. Se puede instalar sin problema delante de equipos de difusi\u00f3n sonora.<br \/>\nIgn\u00edfugo <span style=\"color: #f88523;\"><strong>M1<\/strong><\/span> y tejido en diversos anchos, algunos <span style=\"color: #f88523;\"><strong>extra anchos<\/strong><\/span>, este tul permite cubrir grandes superficies sin costuras de montaje y por lo tanto se puede utilizar como techo tensado en grandes salas de exposici\u00f3n.<br \/>\nFabricado en algod\u00f3n ign\u00edfugo, este tul est\u00e1 recomendado para su uso en un entorno resistente a la intemperie.<\/p>\n<p>\u00a0<\/p>\n<table class=\"table\">\n<tbody>\n<tr>\n<td><strong>Ancho<\/strong>: 475\u00a0cm, 640\u00a0cm, 1100\u00a0cm<\/td>\n<td><strong>Peso<\/strong>: 90 g\/m\u00b2<\/td>\n<\/tr>\n<tr>\n<td><strong>Clasificaci\u00f3n ante el fuego<\/strong>: <img decoding=\"async\" style=\"height: 20px; width: 20px;\" src=\"https:\/\/www.azur-scenic.com\/wp-content\/uploads\/icon-flag-france.png?1542281963\" \/> M1 <img decoding=\"async\" style=\"height: 20px; width: 20px;\" src=\"https:\/\/www.azur-scenic.com\/wp-content\/uploads\/icon-flag-uk.png\" \/> Tipo B<\/td>\n<td><strong>Composici\u00f3n<\/strong>: 95 % algod\u00f3n,<br \/>\n5 % poli\u00e9ster<\/td>\n<\/tr>\n<\/tbody>\n<\/table>\n","protected":false},"featured_media":13881,"template":"","meta":{"_acf_changed":false},"product_brand":[],"product_cat":[974,1119,939,1118,943,944],"product_tag":[],"class_list":{"0":"post-17653","1":"product","2":"type-product","3":"status-publish","4":"has-post-thumbnail","6":"product_cat-soluciones-acusticas","7":"product_cat-transparencia-acustica","8":"product_cat-tejidos-escenicos-y-para-eventos","9":"product_cat-tules","10":"product_cat-teatro","11":"product_cat-todos-los-productos","12":"pa_couleurs-002-es","13":"pa_couleurs-003-es","14":"pa_couleurs-100-es","15":"pa_groupes-de-couleurs-blanco","16":"pa_groupes-de-couleurs-gris","17":"pa_groupes-de-couleurs-negro","18":"pa_textiles-ignifugo","19":"pa_textiles-efectos-especiales","20":"pa_textiles-proyeccion-frontal","21":"pa_textiles-retroproyeccion","22":"pa_textiles-transparencia-acustica","23":"pa_textiles-transparentes-y-translucidos","24":"pa_textiles-extra-ancho","26":"first","27":"instock","28":"shipping-taxable","29":"purchasable","30":"product-type-variable"},"acf":[],"yoast_head":"<!-- This site is optimized with the Yoast SEO plugin v27.3 - https:\/\/yoast.com\/product\/yoast-seo-wordpress\/ -->\n<title>Tul Gobelin - Azur Scenic<\/title>\n<meta name=\"description\" content=\"Sin duda el tul esc\u00e9nico m\u00e1s vendido, de malla rectangular, tipo \u00abdiente de tibur\u00f3n\u00bb, es ideal para los efectos de aparici\u00f3n \/ desaparici\u00f3n que se realizan en el teatro. Jugando con la iluminaci\u00f3n, puedes hacer aparecer elementos ubicados detr\u00e1s del tul (la iluminaci\u00f3n desde atr\u00e1s hace que el tul se vuelva transparente) o hacerlos desaparecer completamente de la vista del p\u00fablico (la iluminaci\u00f3n frontal o lateral hacen que el tul se vuelva opaco). Tambi\u00e9n se puede utilizar como soporte alternativo de proyecci\u00f3n y retroproyecci\u00f3n y se puede utilizar en duplicado para crear efectos muar\u00e9. Este tul permanece muy estable cuando se tensa. Por lo tanto se presta perfectamente para pintarlo y realizar decorados imaginativos. Al igual que la mayor parte de los tules, deja pasar el sonido ofreciendo una transparencia ac\u00fastica perfecta. Se puede instalar sin problema delante de equipos de difusi\u00f3n sonora. Ign\u00edfugo M1 y tejido en diversos anchos, algunos extra anchos, este tul permite cubrir grandes superficies sin costuras de montaje y por lo tanto se puede utilizar como techo tensado en grandes salas de exposici\u00f3n. Fabricado en algod\u00f3n ign\u00edfugo, este tul est\u00e1 recomendado para su uso en un entorno resistente a la intemperie. \u00a0  Ancho: 475\u00a0cm, 640\u00a0cm, 1100\u00a0cm Peso: 90 g\/m\u00b2  Clasificaci\u00f3n ante el fuego: M1 Tipo B Composici\u00f3n: 95 % algod\u00f3n, 5 % poli\u00e9ster\" \/>\n<meta name=\"robots\" content=\"index, follow, max-snippet:-1, max-image-preview:large, max-video-preview:-1\" \/>\n<link rel=\"canonical\" href=\"https:\/\/www.azur-scenic.com\/es\/producto\/tul-gobelin\/\" \/>\n<meta property=\"og:locale\" content=\"es_ES\" \/>\n<meta property=\"og:type\" content=\"article\" \/>\n<meta property=\"og:title\" content=\"Tul Gobelin - Azur Scenic\" \/>\n<meta property=\"og:description\" content=\"Sin duda el tul esc\u00e9nico m\u00e1s vendido, de malla rectangular, tipo \u00abdiente de tibur\u00f3n\u00bb, es ideal para los efectos de aparici\u00f3n \/ desaparici\u00f3n que se realizan en el teatro. Jugando con la iluminaci\u00f3n, puedes hacer aparecer elementos ubicados detr\u00e1s del tul (la iluminaci\u00f3n desde atr\u00e1s hace que el tul se vuelva transparente) o hacerlos desaparecer completamente de la vista del p\u00fablico (la iluminaci\u00f3n frontal o lateral hacen que el tul se vuelva opaco). Tambi\u00e9n se puede utilizar como soporte alternativo de proyecci\u00f3n y retroproyecci\u00f3n y se puede utilizar en duplicado para crear efectos muar\u00e9. Este tul permanece muy estable cuando se tensa. Por lo tanto se presta perfectamente para pintarlo y realizar decorados imaginativos. Al igual que la mayor parte de los tules, deja pasar el sonido ofreciendo una transparencia ac\u00fastica perfecta. Se puede instalar sin problema delante de equipos de difusi\u00f3n sonora. Ign\u00edfugo M1 y tejido en diversos anchos, algunos extra anchos, este tul permite cubrir grandes superficies sin costuras de montaje y por lo tanto se puede utilizar como techo tensado en grandes salas de exposici\u00f3n. Fabricado en algod\u00f3n ign\u00edfugo, este tul est\u00e1 recomendado para su uso en un entorno resistente a la intemperie. \u00a0  Ancho: 475\u00a0cm, 640\u00a0cm, 1100\u00a0cm Peso: 90 g\/m\u00b2  Clasificaci\u00f3n ante el fuego: M1 Tipo B Composici\u00f3n: 95 % algod\u00f3n, 5 % poli\u00e9ster\" \/>\n<meta property=\"og:url\" content=\"https:\/\/www.azur-scenic.com\/es\/producto\/tul-gobelin\/\" \/>\n<meta property=\"og:site_name\" content=\"Azur Scenic\" \/>\n<meta property=\"article:modified_time\" content=\"2023-08-02T13:13:53+00:00\" \/>\n<meta property=\"og:image\" content=\"https:\/\/www.azur-scenic.com\/wp-content\/uploads\/GOBELIN-NOIR-scaled.jpg\" \/>\n\t<meta property=\"og:image:width\" content=\"2560\" \/>\n\t<meta property=\"og:image:height\" content=\"2560\" \/>\n\t<meta property=\"og:image:type\" content=\"image\/jpeg\" \/>\n<meta name=\"twitter:card\" content=\"summary_large_image\" \/>\n<script type=\"application\/ld+json\" class=\"yoast-schema-graph\">{\"@context\":\"https:\\\/\\\/schema.org\",\"@graph\":[{\"@type\":\"WebPage\",\"@id\":\"https:\\\/\\\/www.azur-scenic.com\\\/es\\\/producto\\\/tul-gobelin\\\/\",\"url\":\"https:\\\/\\\/www.azur-scenic.com\\\/es\\\/producto\\\/tul-gobelin\\\/\",\"name\":\"Tul Gobelin - Azur Scenic\",\"isPartOf\":{\"@id\":\"https:\\\/\\\/www.azur-scenic.com\\\/es\\\/#website\"},\"primaryImageOfPage\":{\"@id\":\"https:\\\/\\\/www.azur-scenic.com\\\/es\\\/producto\\\/tul-gobelin\\\/#primaryimage\"},\"image\":{\"@id\":\"https:\\\/\\\/www.azur-scenic.com\\\/es\\\/producto\\\/tul-gobelin\\\/#primaryimage\"},\"thumbnailUrl\":\"https:\\\/\\\/www.azur-scenic.com\\\/wp-content\\\/uploads\\\/GOBELIN-NOIR-scaled.jpg\",\"datePublished\":\"2022-10-04T07:27:36+00:00\",\"dateModified\":\"2023-08-02T13:13:53+00:00\",\"description\":\"Sin duda el tul esc\u00e9nico m\u00e1s vendido, de malla rectangular, tipo \u00abdiente de tibur\u00f3n\u00bb, es ideal para los efectos de aparici\u00f3n \\\/ desaparici\u00f3n que se realizan en el teatro. Jugando con la iluminaci\u00f3n, puedes hacer aparecer elementos ubicados detr\u00e1s del tul (la iluminaci\u00f3n desde atr\u00e1s hace que el tul se vuelva transparente) o hacerlos desaparecer completamente de la vista del p\u00fablico (la iluminaci\u00f3n frontal o lateral hacen que el tul se vuelva opaco). Tambi\u00e9n se puede utilizar como soporte alternativo de proyecci\u00f3n y retroproyecci\u00f3n y se puede utilizar en duplicado para crear efectos muar\u00e9. Este tul permanece muy estable cuando se tensa. Por lo tanto se presta perfectamente para pintarlo y realizar decorados imaginativos. Al igual que la mayor parte de los tules, deja pasar el sonido ofreciendo una transparencia ac\u00fastica perfecta. Se puede instalar sin problema delante de equipos de difusi\u00f3n sonora. Ign\u00edfugo M1 y tejido en diversos anchos, algunos extra anchos, este tul permite cubrir grandes superficies sin costuras de montaje y por lo tanto se puede utilizar como techo tensado en grandes salas de exposici\u00f3n. Fabricado en algod\u00f3n ign\u00edfugo, este tul est\u00e1 recomendado para su uso en un entorno resistente a la intemperie. \u00a0 Ancho: 475\u00a0cm, 640\u00a0cm, 1100\u00a0cm Peso: 90 g\\\/m\u00b2 Clasificaci\u00f3n ante el fuego: M1 Tipo B Composici\u00f3n: 95 % algod\u00f3n, 5 % poli\u00e9ster\",\"breadcrumb\":{\"@id\":\"https:\\\/\\\/www.azur-scenic.com\\\/es\\\/producto\\\/tul-gobelin\\\/#breadcrumb\"},\"inLanguage\":\"es\",\"potentialAction\":[{\"@type\":\"ReadAction\",\"target\":[\"https:\\\/\\\/www.azur-scenic.com\\\/es\\\/producto\\\/tul-gobelin\\\/\"]}]},{\"@type\":\"ImageObject\",\"inLanguage\":\"es\",\"@id\":\"https:\\\/\\\/www.azur-scenic.com\\\/es\\\/producto\\\/tul-gobelin\\\/#primaryimage\",\"url\":\"https:\\\/\\\/www.azur-scenic.com\\\/wp-content\\\/uploads\\\/GOBELIN-NOIR-scaled.jpg\",\"contentUrl\":\"https:\\\/\\\/www.azur-scenic.com\\\/wp-content\\\/uploads\\\/GOBELIN-NOIR-scaled.jpg\",\"width\":2560,\"height\":2560,\"caption\":\"TULLE GOBELIN NOIR\"},{\"@type\":\"BreadcrumbList\",\"@id\":\"https:\\\/\\\/www.azur-scenic.com\\\/es\\\/producto\\\/tul-gobelin\\\/#breadcrumb\",\"itemListElement\":[{\"@type\":\"ListItem\",\"position\":1,\"name\":\"Accueil\",\"item\":\"https:\\\/\\\/www.azur-scenic.com\\\/es\\\/\"},{\"@type\":\"ListItem\",\"position\":2,\"name\":\"Productos\",\"item\":\"https:\\\/\\\/www.azur-scenic.com\\\/es\\\/?page_id=21440\"},{\"@type\":\"ListItem\",\"position\":3,\"name\":\"Tul Gobelin\"}]},{\"@type\":\"WebSite\",\"@id\":\"https:\\\/\\\/www.azur-scenic.com\\\/es\\\/#website\",\"url\":\"https:\\\/\\\/www.azur-scenic.com\\\/es\\\/\",\"name\":\"Azur Scenic\",\"description\":\"Sp\u00e9cialiste de l\u2019\u00e9quipement sc\u00e9nique et de la d\u00e9coration int\u00e9rieure et \u00e9v\u00e9nementielle !\",\"publisher\":{\"@id\":\"https:\\\/\\\/www.azur-scenic.com\\\/es\\\/#organization\"},\"potentialAction\":[{\"@type\":\"SearchAction\",\"target\":{\"@type\":\"EntryPoint\",\"urlTemplate\":\"https:\\\/\\\/www.azur-scenic.com\\\/es\\\/?s={search_term_string}\"},\"query-input\":{\"@type\":\"PropertyValueSpecification\",\"valueRequired\":true,\"valueName\":\"search_term_string\"}}],\"inLanguage\":\"es\"},{\"@type\":\"Organization\",\"@id\":\"https:\\\/\\\/www.azur-scenic.com\\\/es\\\/#organization\",\"name\":\"AZUR SCENIC\",\"url\":\"https:\\\/\\\/www.azur-scenic.com\\\/es\\\/\",\"logo\":{\"@type\":\"ImageObject\",\"inLanguage\":\"es\",\"@id\":\"https:\\\/\\\/www.azur-scenic.com\\\/es\\\/#\\\/schema\\\/logo\\\/image\\\/\",\"url\":\"https:\\\/\\\/www.azur-scenic.com\\\/wp-content\\\/uploads\\\/2022\\\/09\\\/LOGO-AZUR-SCENIC-Fusion-web-236x64-1.jpg\",\"contentUrl\":\"https:\\\/\\\/www.azur-scenic.com\\\/wp-content\\\/uploads\\\/2022\\\/09\\\/LOGO-AZUR-SCENIC-Fusion-web-236x64-1.jpg\",\"width\":236,\"height\":64,\"caption\":\"AZUR SCENIC\"},\"image\":{\"@id\":\"https:\\\/\\\/www.azur-scenic.com\\\/es\\\/#\\\/schema\\\/logo\\\/image\\\/\"},\"sameAs\":[\"https:\\\/\\\/www.youtube.com\\\/channel\\\/UCPWM2mGPVUt4nYhNlm71WOA\",\"https:\\\/\\\/www.linkedin.com\\\/company\\\/33237605\\\/admin\\\/feed\\\/posts\\\/\"]}]}<\/script>\n<!-- \/ Yoast SEO plugin. -->","yoast_head_json":{"title":"Tul Gobelin - Azur Scenic","description":"Sin duda el tul esc\u00e9nico m\u00e1s vendido, de malla rectangular, tipo \u00abdiente de tibur\u00f3n\u00bb, es ideal para los efectos de aparici\u00f3n \/ desaparici\u00f3n que se realizan en el teatro. Jugando con la iluminaci\u00f3n, puedes hacer aparecer elementos ubicados detr\u00e1s del tul (la iluminaci\u00f3n desde atr\u00e1s hace que el tul se vuelva transparente) o hacerlos desaparecer completamente de la vista del p\u00fablico (la iluminaci\u00f3n frontal o lateral hacen que el tul se vuelva opaco). Tambi\u00e9n se puede utilizar como soporte alternativo de proyecci\u00f3n y retroproyecci\u00f3n y se puede utilizar en duplicado para crear efectos muar\u00e9. Este tul permanece muy estable cuando se tensa. Por lo tanto se presta perfectamente para pintarlo y realizar decorados imaginativos. Al igual que la mayor parte de los tules, deja pasar el sonido ofreciendo una transparencia ac\u00fastica perfecta. Se puede instalar sin problema delante de equipos de difusi\u00f3n sonora. Ign\u00edfugo M1 y tejido en diversos anchos, algunos extra anchos, este tul permite cubrir grandes superficies sin costuras de montaje y por lo tanto se puede utilizar como techo tensado en grandes salas de exposici\u00f3n. Fabricado en algod\u00f3n ign\u00edfugo, este tul est\u00e1 recomendado para su uso en un entorno resistente a la intemperie. \u00a0  Ancho: 475\u00a0cm, 640\u00a0cm, 1100\u00a0cm Peso: 90 g\/m\u00b2  Clasificaci\u00f3n ante el fuego: M1 Tipo B Composici\u00f3n: 95 % algod\u00f3n, 5 % poli\u00e9ster","robots":{"index":"index","follow":"follow","max-snippet":"max-snippet:-1","max-image-preview":"max-image-preview:large","max-video-preview":"max-video-preview:-1"},"canonical":"https:\/\/www.azur-scenic.com\/es\/producto\/tul-gobelin\/","og_locale":"es_ES","og_type":"article","og_title":"Tul Gobelin - Azur Scenic","og_description":"Sin duda el tul esc\u00e9nico m\u00e1s vendido, de malla rectangular, tipo \u00abdiente de tibur\u00f3n\u00bb, es ideal para los efectos de aparici\u00f3n \/ desaparici\u00f3n que se realizan en el teatro. Jugando con la iluminaci\u00f3n, puedes hacer aparecer elementos ubicados detr\u00e1s del tul (la iluminaci\u00f3n desde atr\u00e1s hace que el tul se vuelva transparente) o hacerlos desaparecer completamente de la vista del p\u00fablico (la iluminaci\u00f3n frontal o lateral hacen que el tul se vuelva opaco). Tambi\u00e9n se puede utilizar como soporte alternativo de proyecci\u00f3n y retroproyecci\u00f3n y se puede utilizar en duplicado para crear efectos muar\u00e9. Este tul permanece muy estable cuando se tensa. Por lo tanto se presta perfectamente para pintarlo y realizar decorados imaginativos. Al igual que la mayor parte de los tules, deja pasar el sonido ofreciendo una transparencia ac\u00fastica perfecta. Se puede instalar sin problema delante de equipos de difusi\u00f3n sonora. Ign\u00edfugo M1 y tejido en diversos anchos, algunos extra anchos, este tul permite cubrir grandes superficies sin costuras de montaje y por lo tanto se puede utilizar como techo tensado en grandes salas de exposici\u00f3n. Fabricado en algod\u00f3n ign\u00edfugo, este tul est\u00e1 recomendado para su uso en un entorno resistente a la intemperie. \u00a0  Ancho: 475\u00a0cm, 640\u00a0cm, 1100\u00a0cm Peso: 90 g\/m\u00b2  Clasificaci\u00f3n ante el fuego: M1 Tipo B Composici\u00f3n: 95 % algod\u00f3n, 5 % poli\u00e9ster","og_url":"https:\/\/www.azur-scenic.com\/es\/producto\/tul-gobelin\/","og_site_name":"Azur Scenic","article_modified_time":"2023-08-02T13:13:53+00:00","og_image":[{"width":2560,"height":2560,"url":"https:\/\/www.azur-scenic.com\/wp-content\/uploads\/GOBELIN-NOIR-scaled.jpg","type":"image\/jpeg"}],"twitter_card":"summary_large_image","schema":{"@context":"https:\/\/schema.org","@graph":[{"@type":"WebPage","@id":"https:\/\/www.azur-scenic.com\/es\/producto\/tul-gobelin\/","url":"https:\/\/www.azur-scenic.com\/es\/producto\/tul-gobelin\/","name":"Tul Gobelin - Azur Scenic","isPartOf":{"@id":"https:\/\/www.azur-scenic.com\/es\/#website"},"primaryImageOfPage":{"@id":"https:\/\/www.azur-scenic.com\/es\/producto\/tul-gobelin\/#primaryimage"},"image":{"@id":"https:\/\/www.azur-scenic.com\/es\/producto\/tul-gobelin\/#primaryimage"},"thumbnailUrl":"https:\/\/www.azur-scenic.com\/wp-content\/uploads\/GOBELIN-NOIR-scaled.jpg","datePublished":"2022-10-04T07:27:36+00:00","dateModified":"2023-08-02T13:13:53+00:00","description":"Sin duda el tul esc\u00e9nico m\u00e1s vendido, de malla rectangular, tipo \u00abdiente de tibur\u00f3n\u00bb, es ideal para los efectos de aparici\u00f3n \/ desaparici\u00f3n que se realizan en el teatro. Jugando con la iluminaci\u00f3n, puedes hacer aparecer elementos ubicados detr\u00e1s del tul (la iluminaci\u00f3n desde atr\u00e1s hace que el tul se vuelva transparente) o hacerlos desaparecer completamente de la vista del p\u00fablico (la iluminaci\u00f3n frontal o lateral hacen que el tul se vuelva opaco). Tambi\u00e9n se puede utilizar como soporte alternativo de proyecci\u00f3n y retroproyecci\u00f3n y se puede utilizar en duplicado para crear efectos muar\u00e9. Este tul permanece muy estable cuando se tensa. Por lo tanto se presta perfectamente para pintarlo y realizar decorados imaginativos. Al igual que la mayor parte de los tules, deja pasar el sonido ofreciendo una transparencia ac\u00fastica perfecta. Se puede instalar sin problema delante de equipos de difusi\u00f3n sonora. Ign\u00edfugo M1 y tejido en diversos anchos, algunos extra anchos, este tul permite cubrir grandes superficies sin costuras de montaje y por lo tanto se puede utilizar como techo tensado en grandes salas de exposici\u00f3n. Fabricado en algod\u00f3n ign\u00edfugo, este tul est\u00e1 recomendado para su uso en un entorno resistente a la intemperie. \u00a0 Ancho: 475\u00a0cm, 640\u00a0cm, 1100\u00a0cm Peso: 90 g\/m\u00b2 Clasificaci\u00f3n ante el fuego: M1 Tipo B Composici\u00f3n: 95 % algod\u00f3n, 5 % poli\u00e9ster","breadcrumb":{"@id":"https:\/\/www.azur-scenic.com\/es\/producto\/tul-gobelin\/#breadcrumb"},"inLanguage":"es","potentialAction":[{"@type":"ReadAction","target":["https:\/\/www.azur-scenic.com\/es\/producto\/tul-gobelin\/"]}]},{"@type":"ImageObject","inLanguage":"es","@id":"https:\/\/www.azur-scenic.com\/es\/producto\/tul-gobelin\/#primaryimage","url":"https:\/\/www.azur-scenic.com\/wp-content\/uploads\/GOBELIN-NOIR-scaled.jpg","contentUrl":"https:\/\/www.azur-scenic.com\/wp-content\/uploads\/GOBELIN-NOIR-scaled.jpg","width":2560,"height":2560,"caption":"TULLE GOBELIN NOIR"},{"@type":"BreadcrumbList","@id":"https:\/\/www.azur-scenic.com\/es\/producto\/tul-gobelin\/#breadcrumb","itemListElement":[{"@type":"ListItem","position":1,"name":"Accueil","item":"https:\/\/www.azur-scenic.com\/es\/"},{"@type":"ListItem","position":2,"name":"Productos","item":"https:\/\/www.azur-scenic.com\/es\/?page_id=21440"},{"@type":"ListItem","position":3,"name":"Tul Gobelin"}]},{"@type":"WebSite","@id":"https:\/\/www.azur-scenic.com\/es\/#website","url":"https:\/\/www.azur-scenic.com\/es\/","name":"Azur Scenic","description":"Sp\u00e9cialiste de l\u2019\u00e9quipement sc\u00e9nique et de la d\u00e9coration int\u00e9rieure et \u00e9v\u00e9nementielle !","publisher":{"@id":"https:\/\/www.azur-scenic.com\/es\/#organization"},"potentialAction":[{"@type":"SearchAction","target":{"@type":"EntryPoint","urlTemplate":"https:\/\/www.azur-scenic.com\/es\/?s={search_term_string}"},"query-input":{"@type":"PropertyValueSpecification","valueRequired":true,"valueName":"search_term_string"}}],"inLanguage":"es"},{"@type":"Organization","@id":"https:\/\/www.azur-scenic.com\/es\/#organization","name":"AZUR SCENIC","url":"https:\/\/www.azur-scenic.com\/es\/","logo":{"@type":"ImageObject","inLanguage":"es","@id":"https:\/\/www.azur-scenic.com\/es\/#\/schema\/logo\/image\/","url":"https:\/\/www.azur-scenic.com\/wp-content\/uploads\/2022\/09\/LOGO-AZUR-SCENIC-Fusion-web-236x64-1.jpg","contentUrl":"https:\/\/www.azur-scenic.com\/wp-content\/uploads\/2022\/09\/LOGO-AZUR-SCENIC-Fusion-web-236x64-1.jpg","width":236,"height":64,"caption":"AZUR SCENIC"},"image":{"@id":"https:\/\/www.azur-scenic.com\/es\/#\/schema\/logo\/image\/"},"sameAs":["https:\/\/www.youtube.com\/channel\/UCPWM2mGPVUt4nYhNlm71WOA","https:\/\/www.linkedin.com\/company\/33237605\/admin\/feed\/posts\/"]}]}},"_links":{"self":[{"href":"https:\/\/www.azur-scenic.com\/es\/wp-json\/wp\/v2\/product\/17653","targetHints":{"allow":["GET"]}}],"collection":[{"href":"https:\/\/www.azur-scenic.com\/es\/wp-json\/wp\/v2\/product"}],"about":[{"href":"https:\/\/www.azur-scenic.com\/es\/wp-json\/wp\/v2\/types\/product"}],"wp:featuredmedia":[{"embeddable":true,"href":"https:\/\/www.azur-scenic.com\/es\/wp-json\/wp\/v2\/media\/13881"}],"wp:attachment":[{"href":"https:\/\/www.azur-scenic.com\/es\/wp-json\/wp\/v2\/media?parent=17653"}],"wp:term":[{"taxonomy":"product_brand","embeddable":true,"href":"https:\/\/www.azur-scenic.com\/es\/wp-json\/wp\/v2\/product_brand?post=17653"},{"taxonomy":"product_cat","embeddable":true,"href":"https:\/\/www.azur-scenic.com\/es\/wp-json\/wp\/v2\/product_cat?post=17653"},{"taxonomy":"product_tag","embeddable":true,"href":"https:\/\/www.azur-scenic.com\/es\/wp-json\/wp\/v2\/product_tag?post=17653"}],"curies":[{"name":"wp","href":"https:\/\/api.w.org\/{rel}","templated":true}]}}