{"id":17666,"date":"2022-10-04T07:27:36","date_gmt":"2022-10-04T07:27:36","guid":{"rendered":"https:\/\/www.azur-scenic.com\/produit\/tulle-holographique-moliere\/"},"modified":"2023-08-02T13:13:50","modified_gmt":"2023-08-02T13:13:50","slug":"tul-holographique-moliere","status":"publish","type":"product","link":"https:\/\/www.azur-scenic.com\/es\/producto\/tul-holographique-moliere\/","title":{"rendered":"Tul Holographique Molie\u0300re"},"content":{"rendered":"<table>\n<thead>\n<tr>\n<th style=\"width: 170px;\">Datos t\u00e9cnicos<\/th>\n<th>Valor<\/th>\n<th>Comentarios<\/th>\n<\/tr>\n<\/thead>\n<tbody>\n<tr>\n<td style=\"vertical-align: top;\">Tama\u00f1o de la malla<\/td>\n<td style=\"vertical-align: top;\">2 x 2\u00a0mm<\/td>\n<td>\u00a0<\/td>\n<\/tr>\n<tr>\n<td style=\"vertical-align: top;\">Ancho<\/td>\n<td style=\"vertical-align: top;\">890\u00a0cm<\/td>\n<td>\u00a0<\/td>\n<\/tr>\n<tr>\n<td style=\"vertical-align: top;\">Peso<\/td>\n<td style=\"vertical-align: top;\">45 g\/m\u00b2<\/td>\n<td>\u00a0<\/td>\n<\/tr>\n<tr>\n<td style=\"vertical-align: top;\">Grosor<\/td>\n<td style=\"vertical-align: top;\">0,3\u00a0mm<\/td>\n<td>\u00a0<\/td>\n<\/tr>\n<tr>\n<td style=\"vertical-align: top;\">Clasificaci\u00f3n ante el fuego<\/td>\n<td style=\"vertical-align: top;\"><img decoding=\"async\" style=\"height: 20px; width: 20px;\" src=\"https:\/\/www.azur-scenic.com\/wp-content\/uploads\/csm_icon-flag-france_3304e5e3f9.png\" \/> M1<\/td>\n<td>\u00a0<\/td>\n<\/tr>\n<tr>\n<td style=\"vertical-align: top;\">Composici\u00f3n<\/td>\n<td style=\"vertical-align: top;\">100 % algod\u00f3n ign\u00edfugo<\/td>\n<td>\u00a0<\/td>\n<\/tr>\n<tr>\n<td style=\"vertical-align: top;\">Longitud del rollo<\/td>\n<td style=\"vertical-align: top;\">\u00b1 50 a 60 m<br \/>\nPlegado longitudinalmente, en pacas<\/td>\n<td style=\"vertical-align: top;\">Posibilidad de venta al corte<\/td>\n<\/tr>\n<\/tbody>\n<\/table>\n","protected":false},"excerpt":{"rendered":"<p>Este tul de malla \u00abnido de abeja\u00bb extrafina, recomendado como soporte creativo de <strong><span style=\"color: #f88523;\">proyecci\u00f3n<\/span><\/strong> y <strong><span style=\"color: #f88523;\">retroproyecci\u00f3n<\/span><\/strong>, es apto para lograr los efectos de opacidad y transparencia que se buscan en el teatro.<br \/>\nEste tul es ideal para la proyecci\u00f3n de <strong><span style=\"color: #f88523;\">hologramas<\/span><\/strong>.<br \/>\nEste tul, con clasificaci\u00f3n ante el fuego <strong><span style=\"color: #f88523;\">M1<\/span><\/strong> y tejido de <strong><span style=\"color: #f88523;\">gran anchura<\/span><\/strong>, permite cubrir grandes superficies sin costuras.<br \/>\nAl igual que la mayor parte de los tules, deja pasar el sonido para ofrecer una transparencia ac\u00fastica perfecta.<\/p>\n<table class=\"table\">\n<tbody>\n<tr>\n<td><strong>Ancho<\/strong>: 890\u00a0cm<\/td>\n<td><strong>Peso<\/strong>: 45 g\/m\u00b2<\/td>\n<\/tr>\n<tr>\n<td><strong>Clasificaci\u00f3n ante el fuego<\/strong>: <img decoding=\"async\" style=\"height: 20px; width: 20px;\" src=\"https:\/\/www.azur-scenic.com\/wp-content\/uploads\/csm_icon-flag-france_3304e5e3f9.png\" \/> M1<\/td>\n<td><strong>Composici\u00f3n<\/strong>: 100 % algod\u00f3n ign\u00edfugo<\/td>\n<\/tr>\n<\/tbody>\n<\/table>\n","protected":false},"featured_media":13905,"template":"","meta":{"_acf_changed":false},"product_brand":[],"product_cat":[1099,974,1119,939,1118,944],"product_tag":[],"class_list":{"0":"post-17666","1":"product","2":"type-product","3":"status-publish","4":"has-post-thumbnail","6":"product_cat-eventos","7":"product_cat-soluciones-acusticas","8":"product_cat-transparencia-acustica","9":"product_cat-tejidos-escenicos-y-para-eventos","10":"product_cat-tules","11":"product_cat-todos-los-productos","12":"pa_couleurs-002-es","13":"pa_couleurs-003-es","14":"pa_couleurs-100-es","15":"pa_groupes-de-couleurs-blanco","16":"pa_groupes-de-couleurs-gris","17":"pa_groupes-de-couleurs-negro","18":"pa_textiles-ignifugo","19":"pa_textiles-efectos-especiales","20":"pa_textiles-proyeccion-frontal","21":"pa_textiles-retroproyeccion","22":"pa_textiles-transparencia-acustica","23":"pa_textiles-transparentes-y-translucidos","24":"pa_textiles-extra-ancho","26":"first","27":"instock","28":"shipping-taxable","29":"purchasable","30":"product-type-variable"},"acf":[],"yoast_head":"<!-- This site is optimized with the Yoast SEO plugin v27.3 - https:\/\/yoast.com\/product\/yoast-seo-wordpress\/ -->\n<title>Tul Holographique Molie\u0300re - Azur Scenic<\/title>\n<meta name=\"description\" content=\"Este tul de malla \u00abnido de abeja\u00bb extrafina, recomendado como soporte creativo de proyecci\u00f3n y retroproyecci\u00f3n, es apto para lograr los efectos de opacidad y transparencia que se buscan en el teatro. Este tul es ideal para la proyecci\u00f3n de hologramas. Este tul, con clasificaci\u00f3n ante el fuego M1 y tejido de gran anchura, permite cubrir grandes superficies sin costuras. Al igual que la mayor parte de los tules, deja pasar el sonido para ofrecer una transparencia ac\u00fastica perfecta.  Ancho: 890\u00a0cm Peso: 45 g\/m\u00b2  Clasificaci\u00f3n ante el fuego: M1 Composici\u00f3n: 100 % algod\u00f3n ign\u00edfugo\" \/>\n<meta name=\"robots\" content=\"index, follow, max-snippet:-1, max-image-preview:large, max-video-preview:-1\" \/>\n<link rel=\"canonical\" href=\"https:\/\/www.azur-scenic.com\/es\/producto\/tul-holographique-moliere\/\" \/>\n<meta property=\"og:locale\" content=\"es_ES\" \/>\n<meta property=\"og:type\" content=\"article\" \/>\n<meta property=\"og:title\" content=\"Tul Holographique Molie\u0300re - Azur Scenic\" \/>\n<meta property=\"og:description\" content=\"Este tul de malla \u00abnido de abeja\u00bb extrafina, recomendado como soporte creativo de proyecci\u00f3n y retroproyecci\u00f3n, es apto para lograr los efectos de opacidad y transparencia que se buscan en el teatro. Este tul es ideal para la proyecci\u00f3n de hologramas. Este tul, con clasificaci\u00f3n ante el fuego M1 y tejido de gran anchura, permite cubrir grandes superficies sin costuras. Al igual que la mayor parte de los tules, deja pasar el sonido para ofrecer una transparencia ac\u00fastica perfecta.  Ancho: 890\u00a0cm Peso: 45 g\/m\u00b2  Clasificaci\u00f3n ante el fuego: M1 Composici\u00f3n: 100 % algod\u00f3n ign\u00edfugo\" \/>\n<meta property=\"og:url\" content=\"https:\/\/www.azur-scenic.com\/es\/producto\/tul-holographique-moliere\/\" \/>\n<meta property=\"og:site_name\" content=\"Azur Scenic\" \/>\n<meta property=\"article:modified_time\" content=\"2023-08-02T13:13:50+00:00\" \/>\n<meta property=\"og:image\" content=\"https:\/\/www.azur-scenic.com\/wp-content\/uploads\/HOLOGRAPHIQUE-MOLIERE-NOIR-1024x1024.jpg\" \/>\n\t<meta property=\"og:image:width\" content=\"1024\" \/>\n\t<meta property=\"og:image:height\" content=\"1024\" \/>\n\t<meta property=\"og:image:type\" content=\"image\/jpeg\" \/>\n<meta name=\"twitter:card\" content=\"summary_large_image\" \/>\n<script type=\"application\/ld+json\" class=\"yoast-schema-graph\">{\"@context\":\"https:\\\/\\\/schema.org\",\"@graph\":[{\"@type\":\"WebPage\",\"@id\":\"https:\\\/\\\/www.azur-scenic.com\\\/es\\\/producto\\\/tul-holographique-moliere\\\/\",\"url\":\"https:\\\/\\\/www.azur-scenic.com\\\/es\\\/producto\\\/tul-holographique-moliere\\\/\",\"name\":\"Tul Holographique Molie\u0300re - Azur Scenic\",\"isPartOf\":{\"@id\":\"https:\\\/\\\/www.azur-scenic.com\\\/es\\\/#website\"},\"primaryImageOfPage\":{\"@id\":\"https:\\\/\\\/www.azur-scenic.com\\\/es\\\/producto\\\/tul-holographique-moliere\\\/#primaryimage\"},\"image\":{\"@id\":\"https:\\\/\\\/www.azur-scenic.com\\\/es\\\/producto\\\/tul-holographique-moliere\\\/#primaryimage\"},\"thumbnailUrl\":\"https:\\\/\\\/www.azur-scenic.com\\\/wp-content\\\/uploads\\\/HOLOGRAPHIQUE-MOLIERE-NOIR-scaled.jpg\",\"datePublished\":\"2022-10-04T07:27:36+00:00\",\"dateModified\":\"2023-08-02T13:13:50+00:00\",\"description\":\"Este tul de malla \u00abnido de abeja\u00bb extrafina, recomendado como soporte creativo de proyecci\u00f3n y retroproyecci\u00f3n, es apto para lograr los efectos de opacidad y transparencia que se buscan en el teatro. Este tul es ideal para la proyecci\u00f3n de hologramas. Este tul, con clasificaci\u00f3n ante el fuego M1 y tejido de gran anchura, permite cubrir grandes superficies sin costuras. Al igual que la mayor parte de los tules, deja pasar el sonido para ofrecer una transparencia ac\u00fastica perfecta. Ancho: 890\u00a0cm Peso: 45 g\\\/m\u00b2 Clasificaci\u00f3n ante el fuego: M1 Composici\u00f3n: 100 % algod\u00f3n ign\u00edfugo\",\"breadcrumb\":{\"@id\":\"https:\\\/\\\/www.azur-scenic.com\\\/es\\\/producto\\\/tul-holographique-moliere\\\/#breadcrumb\"},\"inLanguage\":\"es\",\"potentialAction\":[{\"@type\":\"ReadAction\",\"target\":[\"https:\\\/\\\/www.azur-scenic.com\\\/es\\\/producto\\\/tul-holographique-moliere\\\/\"]}]},{\"@type\":\"ImageObject\",\"inLanguage\":\"es\",\"@id\":\"https:\\\/\\\/www.azur-scenic.com\\\/es\\\/producto\\\/tul-holographique-moliere\\\/#primaryimage\",\"url\":\"https:\\\/\\\/www.azur-scenic.com\\\/wp-content\\\/uploads\\\/HOLOGRAPHIQUE-MOLIERE-NOIR-scaled.jpg\",\"contentUrl\":\"https:\\\/\\\/www.azur-scenic.com\\\/wp-content\\\/uploads\\\/HOLOGRAPHIQUE-MOLIERE-NOIR-scaled.jpg\",\"width\":2560,\"height\":2560,\"caption\":\"TULLE HOLOGRAPHIQUE MOLIERE NOIR\"},{\"@type\":\"BreadcrumbList\",\"@id\":\"https:\\\/\\\/www.azur-scenic.com\\\/es\\\/producto\\\/tul-holographique-moliere\\\/#breadcrumb\",\"itemListElement\":[{\"@type\":\"ListItem\",\"position\":1,\"name\":\"Accueil\",\"item\":\"https:\\\/\\\/www.azur-scenic.com\\\/es\\\/\"},{\"@type\":\"ListItem\",\"position\":2,\"name\":\"Productos\",\"item\":\"https:\\\/\\\/www.azur-scenic.com\\\/es\\\/?page_id=21440\"},{\"@type\":\"ListItem\",\"position\":3,\"name\":\"Tul Holographique Molie\u0300re\"}]},{\"@type\":\"WebSite\",\"@id\":\"https:\\\/\\\/www.azur-scenic.com\\\/es\\\/#website\",\"url\":\"https:\\\/\\\/www.azur-scenic.com\\\/es\\\/\",\"name\":\"Azur Scenic\",\"description\":\"Sp\u00e9cialiste de l\u2019\u00e9quipement sc\u00e9nique et de la d\u00e9coration int\u00e9rieure et \u00e9v\u00e9nementielle !\",\"publisher\":{\"@id\":\"https:\\\/\\\/www.azur-scenic.com\\\/es\\\/#organization\"},\"potentialAction\":[{\"@type\":\"SearchAction\",\"target\":{\"@type\":\"EntryPoint\",\"urlTemplate\":\"https:\\\/\\\/www.azur-scenic.com\\\/es\\\/?s={search_term_string}\"},\"query-input\":{\"@type\":\"PropertyValueSpecification\",\"valueRequired\":true,\"valueName\":\"search_term_string\"}}],\"inLanguage\":\"es\"},{\"@type\":\"Organization\",\"@id\":\"https:\\\/\\\/www.azur-scenic.com\\\/es\\\/#organization\",\"name\":\"AZUR SCENIC\",\"url\":\"https:\\\/\\\/www.azur-scenic.com\\\/es\\\/\",\"logo\":{\"@type\":\"ImageObject\",\"inLanguage\":\"es\",\"@id\":\"https:\\\/\\\/www.azur-scenic.com\\\/es\\\/#\\\/schema\\\/logo\\\/image\\\/\",\"url\":\"https:\\\/\\\/www.azur-scenic.com\\\/wp-content\\\/uploads\\\/2022\\\/09\\\/LOGO-AZUR-SCENIC-Fusion-web-236x64-1.jpg\",\"contentUrl\":\"https:\\\/\\\/www.azur-scenic.com\\\/wp-content\\\/uploads\\\/2022\\\/09\\\/LOGO-AZUR-SCENIC-Fusion-web-236x64-1.jpg\",\"width\":236,\"height\":64,\"caption\":\"AZUR SCENIC\"},\"image\":{\"@id\":\"https:\\\/\\\/www.azur-scenic.com\\\/es\\\/#\\\/schema\\\/logo\\\/image\\\/\"},\"sameAs\":[\"https:\\\/\\\/www.youtube.com\\\/channel\\\/UCPWM2mGPVUt4nYhNlm71WOA\",\"https:\\\/\\\/www.linkedin.com\\\/company\\\/33237605\\\/admin\\\/feed\\\/posts\\\/\"]}]}<\/script>\n<!-- \/ Yoast SEO plugin. -->","yoast_head_json":{"title":"Tul Holographique Molie\u0300re - Azur Scenic","description":"Este tul de malla \u00abnido de abeja\u00bb extrafina, recomendado como soporte creativo de proyecci\u00f3n y retroproyecci\u00f3n, es apto para lograr los efectos de opacidad y transparencia que se buscan en el teatro. Este tul es ideal para la proyecci\u00f3n de hologramas. Este tul, con clasificaci\u00f3n ante el fuego M1 y tejido de gran anchura, permite cubrir grandes superficies sin costuras. Al igual que la mayor parte de los tules, deja pasar el sonido para ofrecer una transparencia ac\u00fastica perfecta.  Ancho: 890\u00a0cm Peso: 45 g\/m\u00b2  Clasificaci\u00f3n ante el fuego: M1 Composici\u00f3n: 100 % algod\u00f3n ign\u00edfugo","robots":{"index":"index","follow":"follow","max-snippet":"max-snippet:-1","max-image-preview":"max-image-preview:large","max-video-preview":"max-video-preview:-1"},"canonical":"https:\/\/www.azur-scenic.com\/es\/producto\/tul-holographique-moliere\/","og_locale":"es_ES","og_type":"article","og_title":"Tul Holographique Molie\u0300re - Azur Scenic","og_description":"Este tul de malla \u00abnido de abeja\u00bb extrafina, recomendado como soporte creativo de proyecci\u00f3n y retroproyecci\u00f3n, es apto para lograr los efectos de opacidad y transparencia que se buscan en el teatro. Este tul es ideal para la proyecci\u00f3n de hologramas. Este tul, con clasificaci\u00f3n ante el fuego M1 y tejido de gran anchura, permite cubrir grandes superficies sin costuras. Al igual que la mayor parte de los tules, deja pasar el sonido para ofrecer una transparencia ac\u00fastica perfecta.  Ancho: 890\u00a0cm Peso: 45 g\/m\u00b2  Clasificaci\u00f3n ante el fuego: M1 Composici\u00f3n: 100 % algod\u00f3n ign\u00edfugo","og_url":"https:\/\/www.azur-scenic.com\/es\/producto\/tul-holographique-moliere\/","og_site_name":"Azur Scenic","article_modified_time":"2023-08-02T13:13:50+00:00","og_image":[{"width":1024,"height":1024,"url":"https:\/\/www.azur-scenic.com\/wp-content\/uploads\/HOLOGRAPHIQUE-MOLIERE-NOIR-1024x1024.jpg","type":"image\/jpeg"}],"twitter_card":"summary_large_image","schema":{"@context":"https:\/\/schema.org","@graph":[{"@type":"WebPage","@id":"https:\/\/www.azur-scenic.com\/es\/producto\/tul-holographique-moliere\/","url":"https:\/\/www.azur-scenic.com\/es\/producto\/tul-holographique-moliere\/","name":"Tul Holographique Molie\u0300re - Azur Scenic","isPartOf":{"@id":"https:\/\/www.azur-scenic.com\/es\/#website"},"primaryImageOfPage":{"@id":"https:\/\/www.azur-scenic.com\/es\/producto\/tul-holographique-moliere\/#primaryimage"},"image":{"@id":"https:\/\/www.azur-scenic.com\/es\/producto\/tul-holographique-moliere\/#primaryimage"},"thumbnailUrl":"https:\/\/www.azur-scenic.com\/wp-content\/uploads\/HOLOGRAPHIQUE-MOLIERE-NOIR-scaled.jpg","datePublished":"2022-10-04T07:27:36+00:00","dateModified":"2023-08-02T13:13:50+00:00","description":"Este tul de malla \u00abnido de abeja\u00bb extrafina, recomendado como soporte creativo de proyecci\u00f3n y retroproyecci\u00f3n, es apto para lograr los efectos de opacidad y transparencia que se buscan en el teatro. Este tul es ideal para la proyecci\u00f3n de hologramas. Este tul, con clasificaci\u00f3n ante el fuego M1 y tejido de gran anchura, permite cubrir grandes superficies sin costuras. Al igual que la mayor parte de los tules, deja pasar el sonido para ofrecer una transparencia ac\u00fastica perfecta. Ancho: 890\u00a0cm Peso: 45 g\/m\u00b2 Clasificaci\u00f3n ante el fuego: M1 Composici\u00f3n: 100 % algod\u00f3n ign\u00edfugo","breadcrumb":{"@id":"https:\/\/www.azur-scenic.com\/es\/producto\/tul-holographique-moliere\/#breadcrumb"},"inLanguage":"es","potentialAction":[{"@type":"ReadAction","target":["https:\/\/www.azur-scenic.com\/es\/producto\/tul-holographique-moliere\/"]}]},{"@type":"ImageObject","inLanguage":"es","@id":"https:\/\/www.azur-scenic.com\/es\/producto\/tul-holographique-moliere\/#primaryimage","url":"https:\/\/www.azur-scenic.com\/wp-content\/uploads\/HOLOGRAPHIQUE-MOLIERE-NOIR-scaled.jpg","contentUrl":"https:\/\/www.azur-scenic.com\/wp-content\/uploads\/HOLOGRAPHIQUE-MOLIERE-NOIR-scaled.jpg","width":2560,"height":2560,"caption":"TULLE HOLOGRAPHIQUE MOLIERE NOIR"},{"@type":"BreadcrumbList","@id":"https:\/\/www.azur-scenic.com\/es\/producto\/tul-holographique-moliere\/#breadcrumb","itemListElement":[{"@type":"ListItem","position":1,"name":"Accueil","item":"https:\/\/www.azur-scenic.com\/es\/"},{"@type":"ListItem","position":2,"name":"Productos","item":"https:\/\/www.azur-scenic.com\/es\/?page_id=21440"},{"@type":"ListItem","position":3,"name":"Tul Holographique Molie\u0300re"}]},{"@type":"WebSite","@id":"https:\/\/www.azur-scenic.com\/es\/#website","url":"https:\/\/www.azur-scenic.com\/es\/","name":"Azur Scenic","description":"Sp\u00e9cialiste de l\u2019\u00e9quipement sc\u00e9nique et de la d\u00e9coration int\u00e9rieure et \u00e9v\u00e9nementielle !","publisher":{"@id":"https:\/\/www.azur-scenic.com\/es\/#organization"},"potentialAction":[{"@type":"SearchAction","target":{"@type":"EntryPoint","urlTemplate":"https:\/\/www.azur-scenic.com\/es\/?s={search_term_string}"},"query-input":{"@type":"PropertyValueSpecification","valueRequired":true,"valueName":"search_term_string"}}],"inLanguage":"es"},{"@type":"Organization","@id":"https:\/\/www.azur-scenic.com\/es\/#organization","name":"AZUR SCENIC","url":"https:\/\/www.azur-scenic.com\/es\/","logo":{"@type":"ImageObject","inLanguage":"es","@id":"https:\/\/www.azur-scenic.com\/es\/#\/schema\/logo\/image\/","url":"https:\/\/www.azur-scenic.com\/wp-content\/uploads\/2022\/09\/LOGO-AZUR-SCENIC-Fusion-web-236x64-1.jpg","contentUrl":"https:\/\/www.azur-scenic.com\/wp-content\/uploads\/2022\/09\/LOGO-AZUR-SCENIC-Fusion-web-236x64-1.jpg","width":236,"height":64,"caption":"AZUR SCENIC"},"image":{"@id":"https:\/\/www.azur-scenic.com\/es\/#\/schema\/logo\/image\/"},"sameAs":["https:\/\/www.youtube.com\/channel\/UCPWM2mGPVUt4nYhNlm71WOA","https:\/\/www.linkedin.com\/company\/33237605\/admin\/feed\/posts\/"]}]}},"_links":{"self":[{"href":"https:\/\/www.azur-scenic.com\/es\/wp-json\/wp\/v2\/product\/17666","targetHints":{"allow":["GET"]}}],"collection":[{"href":"https:\/\/www.azur-scenic.com\/es\/wp-json\/wp\/v2\/product"}],"about":[{"href":"https:\/\/www.azur-scenic.com\/es\/wp-json\/wp\/v2\/types\/product"}],"wp:featuredmedia":[{"embeddable":true,"href":"https:\/\/www.azur-scenic.com\/es\/wp-json\/wp\/v2\/media\/13905"}],"wp:attachment":[{"href":"https:\/\/www.azur-scenic.com\/es\/wp-json\/wp\/v2\/media?parent=17666"}],"wp:term":[{"taxonomy":"product_brand","embeddable":true,"href":"https:\/\/www.azur-scenic.com\/es\/wp-json\/wp\/v2\/product_brand?post=17666"},{"taxonomy":"product_cat","embeddable":true,"href":"https:\/\/www.azur-scenic.com\/es\/wp-json\/wp\/v2\/product_cat?post=17666"},{"taxonomy":"product_tag","embeddable":true,"href":"https:\/\/www.azur-scenic.com\/es\/wp-json\/wp\/v2\/product_tag?post=17666"}],"curies":[{"name":"wp","href":"https:\/\/api.w.org\/{rel}","templated":true}]}}