{"id":17678,"date":"2022-10-04T07:27:36","date_gmt":"2022-10-04T07:27:36","guid":{"rendered":"https:\/\/www.azur-scenic.com\/produit\/tulle-laser-medium\/"},"modified":"2023-08-02T13:13:48","modified_gmt":"2023-08-02T13:13:48","slug":"tul-laser-medium","status":"publish","type":"product","link":"https:\/\/www.azur-scenic.com\/es\/producto\/tul-laser-medium\/","title":{"rendered":"Tul laser me\u0301dium"},"content":{"rendered":"<table>\n<thead>\n<tr>\n<th style=\"width: 170px;\">Datos t\u00e9cnicos<\/th>\n<th>Valor<\/th>\n<th>Comentarios<\/th>\n<\/tr>\n<\/thead>\n<tbody>\n<tr>\n<td style=\"vertical-align: top;\">Tama\u00f1o de la malla<\/td>\n<td style=\"vertical-align: top;\">2 x 2\u00a0mm<\/td>\n<td style=\"vertical-align: top;\">Malla cuadrada<\/td>\n<\/tr>\n<tr>\n<td style=\"vertical-align: top;\">Ancho<\/td>\n<td style=\"vertical-align: top;\">300\u00a0cm<\/td>\n<td>\u00a0<\/td>\n<\/tr>\n<tr>\n<td style=\"vertical-align: top;\">Peso<\/td>\n<td style=\"vertical-align: top;\">70 g\/m\u00b2<\/td>\n<td>\u00a0<\/td>\n<\/tr>\n<tr>\n<td style=\"vertical-align: top;\">Grosor<\/td>\n<td style=\"vertical-align: top;\">0,3\u00a0mm<\/td>\n<td>\u00a0<\/td>\n<\/tr>\n<tr>\n<td style=\"vertical-align: top;\">Clasificaci\u00f3n ante el fuego<\/td>\n<td style=\"vertical-align: top;\"><img decoding=\"async\" style=\"height: 20px; width: 20px;\" src=\"https:\/\/www.azur-scenic.com\/wp-content\/uploads\/csm_icon-flag-france_3304e5e3f9.png\" \/> M1<\/td>\n<td style=\"vertical-align: top;\">Norma: NF P 92-503-507<\/td>\n<\/tr>\n<tr>\n<td style=\"vertical-align: top;\">Composici\u00f3n<\/td>\n<td style=\"vertical-align: top;\">100 % poli\u00e9ster ign\u00edfugo<\/td>\n<td>\u00a0<\/td>\n<\/tr>\n<tr>\n<td style=\"vertical-align: top;\">Longitud del rollo<\/td>\n<td style=\"vertical-align: top;\">30 m<br \/>\nProducto plegado longitudinalmente<\/td>\n<td style=\"vertical-align: top;\">Posibilidad de venta al corte<\/td>\n<\/tr>\n<\/tbody>\n<\/table>\n","protected":false},"excerpt":{"rendered":"<p>Un tul <strong><span style=\"color: #f88523;\">ultraligero<\/span><\/strong> con <strong><span style=\"color: #f88523;\">malla extrafina<\/span><\/strong> que retiene muy bien las <strong><span style=\"color: #f88523;\">luces l\u00e1ser<\/span><\/strong> para la realizaci\u00f3n de <strong><span style=\"color: #f88523;\">escenograf\u00edas de luz extraordinarias<\/span><\/strong>. Este tul, con clasificaci\u00f3n <strong><span style=\"color: #f88523;\">ante el fuego M1<\/span><\/strong> est\u00e1 disponible en 2 colores adaptados a los <strong><span style=\"color: #f88523;\">efectos l\u00e1ser<\/span><\/strong>: blanco y negro.<br \/>\n\u00a1Recomendamos utilizarlo en m\u00faltiples capas para lograr <strong><span style=\"color: #f88523;\">efectos de profundidad incre\u00edbles<\/span><\/strong>! \u00a1Tambi\u00e9n puedes alternarla y <strong><span style=\"color: #f88523;\">combinarla con la tela transparente Laser<\/span><\/strong> para lograr efectos a\u00fan m\u00e1s impresionantes!<br \/>\nComo sucede con la mayor\u00eda de los tules, deja pasar el sonido para ofrecer una <strong><span style=\"color: #f88523;\">transparencia ac\u00fastica<\/span><\/strong> perfecta, por lo cual se puede instalar delante de fuentes sonoras, como altavoces, bafles, etc.<br \/>\nPolivalente y <strong><span style=\"color: #f88523;\">econ\u00f3mico<\/span><\/strong>, este tul con aspecto de \u00abvelo de novia\u00bb se puede utilizar como soporte alternativo de <strong><span style=\"color: #f88523;\">proyecci\u00f3n<\/span><\/strong> y <strong><span style=\"color: #f88523;\">retroproyecci\u00f3n<\/span><\/strong>, y tambi\u00e9n en la <strong><span style=\"color: #f88523;\">decoraci\u00f3n<\/span><\/strong> de todos tus eventos (recepciones, bodas, aniversarios, etc.)<br \/>\nFabricado en poli\u00e9ster ign\u00edfugo, este tul est\u00e1 recomendado para su uso en un entorno resistente a la intemperie.<\/p>\n<table class=\"table\">\n<tbody>\n<tr>\n<td><strong>Ancho<\/strong>: 300\u00a0cm<\/td>\n<td><strong>Peso<\/strong>: 70 g\/m\u00b2<\/td>\n<\/tr>\n<tr>\n<td><strong>Clasificaci\u00f3n ante el fuego<\/strong>: <img decoding=\"async\" style=\"height: 20px; width: 20px;\" src=\"https:\/\/www.azur-scenic.com\/wp-content\/uploads\/csm_icon-flag-france_3304e5e3f9.png\" \/> M1<\/td>\n<td><strong>Composici\u00f3n<\/strong>: 100 % poli\u00e9ster ign\u00edfugo<\/td>\n<\/tr>\n<\/tbody>\n<\/table>\n","protected":false},"featured_media":13914,"template":"","meta":{"_acf_changed":false},"product_brand":[],"product_cat":[1099,974,1119,939,1118,944],"product_tag":[],"class_list":{"0":"post-17678","1":"product","2":"type-product","3":"status-publish","4":"has-post-thumbnail","6":"product_cat-eventos","7":"product_cat-soluciones-acusticas","8":"product_cat-transparencia-acustica","9":"product_cat-tejidos-escenicos-y-para-eventos","10":"product_cat-tules","11":"product_cat-todos-los-productos","12":"pa_couleurs-002-es","13":"pa_couleurs-003-es","14":"pa_groupes-de-couleurs-blanco","15":"pa_groupes-de-couleurs-negro","16":"pa_textiles-ignifugo","17":"pa_textiles-efectos-especiales","18":"pa_textiles-proyeccion-frontal","19":"pa_textiles-retroproyeccion","20":"pa_textiles-transparencia-acustica","21":"pa_textiles-transparentes-y-translucidos","22":"pa_textiles-economico","24":"first","25":"instock","26":"shipping-taxable","27":"purchasable","28":"product-type-variable"},"acf":[],"yoast_head":"<!-- This site is optimized with the Yoast SEO plugin v27.3 - https:\/\/yoast.com\/product\/yoast-seo-wordpress\/ -->\n<title>Tul laser me\u0301dium - Azur Scenic<\/title>\n<meta name=\"description\" content=\"Un tul ultraligero con malla extrafina que retiene muy bien las luces l\u00e1ser para la realizaci\u00f3n de escenograf\u00edas de luz extraordinarias. Este tul, con clasificaci\u00f3n ante el fuego M1 est\u00e1 disponible en 2 colores adaptados a los efectos l\u00e1ser: blanco y negro. \u00a1Recomendamos utilizarlo en m\u00faltiples capas para lograr efectos de profundidad incre\u00edbles! \u00a1Tambi\u00e9n puedes alternarla y combinarla con la tela transparente Laser para lograr efectos a\u00fan m\u00e1s impresionantes! Como sucede con la mayor\u00eda de los tules, deja pasar el sonido para ofrecer una transparencia ac\u00fastica perfecta, por lo cual se puede instalar delante de fuentes sonoras, como altavoces, bafles, etc. Polivalente y econ\u00f3mico, este tul con aspecto de \u00abvelo de novia\u00bb se puede utilizar como soporte alternativo de proyecci\u00f3n y retroproyecci\u00f3n, y tambi\u00e9n en la decoraci\u00f3n de todos tus eventos (recepciones, bodas, aniversarios, etc.) Fabricado en poli\u00e9ster ign\u00edfugo, este tul est\u00e1 recomendado para su uso en un entorno resistente a la intemperie.  Ancho: 300\u00a0cm Peso: 70 g\/m\u00b2  Clasificaci\u00f3n ante el fuego: M1 Composici\u00f3n: 100 % poli\u00e9ster ign\u00edfugo\" \/>\n<meta name=\"robots\" content=\"index, follow, max-snippet:-1, max-image-preview:large, max-video-preview:-1\" \/>\n<link rel=\"canonical\" href=\"https:\/\/www.azur-scenic.com\/es\/producto\/tul-laser-medium\/\" \/>\n<meta property=\"og:locale\" content=\"es_ES\" \/>\n<meta property=\"og:type\" content=\"article\" \/>\n<meta property=\"og:title\" content=\"Tul laser me\u0301dium - Azur Scenic\" \/>\n<meta property=\"og:description\" content=\"Un tul ultraligero con malla extrafina que retiene muy bien las luces l\u00e1ser para la realizaci\u00f3n de escenograf\u00edas de luz extraordinarias. Este tul, con clasificaci\u00f3n ante el fuego M1 est\u00e1 disponible en 2 colores adaptados a los efectos l\u00e1ser: blanco y negro. \u00a1Recomendamos utilizarlo en m\u00faltiples capas para lograr efectos de profundidad incre\u00edbles! \u00a1Tambi\u00e9n puedes alternarla y combinarla con la tela transparente Laser para lograr efectos a\u00fan m\u00e1s impresionantes! Como sucede con la mayor\u00eda de los tules, deja pasar el sonido para ofrecer una transparencia ac\u00fastica perfecta, por lo cual se puede instalar delante de fuentes sonoras, como altavoces, bafles, etc. Polivalente y econ\u00f3mico, este tul con aspecto de \u00abvelo de novia\u00bb se puede utilizar como soporte alternativo de proyecci\u00f3n y retroproyecci\u00f3n, y tambi\u00e9n en la decoraci\u00f3n de todos tus eventos (recepciones, bodas, aniversarios, etc.) Fabricado en poli\u00e9ster ign\u00edfugo, este tul est\u00e1 recomendado para su uso en un entorno resistente a la intemperie.  Ancho: 300\u00a0cm Peso: 70 g\/m\u00b2  Clasificaci\u00f3n ante el fuego: M1 Composici\u00f3n: 100 % poli\u00e9ster ign\u00edfugo\" \/>\n<meta property=\"og:url\" content=\"https:\/\/www.azur-scenic.com\/es\/producto\/tul-laser-medium\/\" \/>\n<meta property=\"og:site_name\" content=\"Azur Scenic\" \/>\n<meta property=\"article:modified_time\" content=\"2023-08-02T13:13:48+00:00\" \/>\n<meta property=\"og:image\" content=\"https:\/\/www.azur-scenic.com\/wp-content\/uploads\/LASER-MEDIUM-NOIR-scaled.jpg\" \/>\n\t<meta property=\"og:image:width\" content=\"2560\" \/>\n\t<meta property=\"og:image:height\" content=\"2560\" \/>\n\t<meta property=\"og:image:type\" content=\"image\/jpeg\" \/>\n<meta name=\"twitter:card\" content=\"summary_large_image\" \/>\n<script type=\"application\/ld+json\" class=\"yoast-schema-graph\">{\"@context\":\"https:\\\/\\\/schema.org\",\"@graph\":[{\"@type\":\"WebPage\",\"@id\":\"https:\\\/\\\/www.azur-scenic.com\\\/es\\\/producto\\\/tul-laser-medium\\\/\",\"url\":\"https:\\\/\\\/www.azur-scenic.com\\\/es\\\/producto\\\/tul-laser-medium\\\/\",\"name\":\"Tul laser me\u0301dium - Azur Scenic\",\"isPartOf\":{\"@id\":\"https:\\\/\\\/www.azur-scenic.com\\\/es\\\/#website\"},\"primaryImageOfPage\":{\"@id\":\"https:\\\/\\\/www.azur-scenic.com\\\/es\\\/producto\\\/tul-laser-medium\\\/#primaryimage\"},\"image\":{\"@id\":\"https:\\\/\\\/www.azur-scenic.com\\\/es\\\/producto\\\/tul-laser-medium\\\/#primaryimage\"},\"thumbnailUrl\":\"https:\\\/\\\/www.azur-scenic.com\\\/wp-content\\\/uploads\\\/LASER-MEDIUM-NOIR-scaled.jpg\",\"datePublished\":\"2022-10-04T07:27:36+00:00\",\"dateModified\":\"2023-08-02T13:13:48+00:00\",\"description\":\"Un tul ultraligero con malla extrafina que retiene muy bien las luces l\u00e1ser para la realizaci\u00f3n de escenograf\u00edas de luz extraordinarias. Este tul, con clasificaci\u00f3n ante el fuego M1 est\u00e1 disponible en 2 colores adaptados a los efectos l\u00e1ser: blanco y negro. \u00a1Recomendamos utilizarlo en m\u00faltiples capas para lograr efectos de profundidad incre\u00edbles! \u00a1Tambi\u00e9n puedes alternarla y combinarla con la tela transparente Laser para lograr efectos a\u00fan m\u00e1s impresionantes! Como sucede con la mayor\u00eda de los tules, deja pasar el sonido para ofrecer una transparencia ac\u00fastica perfecta, por lo cual se puede instalar delante de fuentes sonoras, como altavoces, bafles, etc. Polivalente y econ\u00f3mico, este tul con aspecto de \u00abvelo de novia\u00bb se puede utilizar como soporte alternativo de proyecci\u00f3n y retroproyecci\u00f3n, y tambi\u00e9n en la decoraci\u00f3n de todos tus eventos (recepciones, bodas, aniversarios, etc.) Fabricado en poli\u00e9ster ign\u00edfugo, este tul est\u00e1 recomendado para su uso en un entorno resistente a la intemperie. Ancho: 300\u00a0cm Peso: 70 g\\\/m\u00b2 Clasificaci\u00f3n ante el fuego: M1 Composici\u00f3n: 100 % poli\u00e9ster ign\u00edfugo\",\"breadcrumb\":{\"@id\":\"https:\\\/\\\/www.azur-scenic.com\\\/es\\\/producto\\\/tul-laser-medium\\\/#breadcrumb\"},\"inLanguage\":\"es\",\"potentialAction\":[{\"@type\":\"ReadAction\",\"target\":[\"https:\\\/\\\/www.azur-scenic.com\\\/es\\\/producto\\\/tul-laser-medium\\\/\"]}]},{\"@type\":\"ImageObject\",\"inLanguage\":\"es\",\"@id\":\"https:\\\/\\\/www.azur-scenic.com\\\/es\\\/producto\\\/tul-laser-medium\\\/#primaryimage\",\"url\":\"https:\\\/\\\/www.azur-scenic.com\\\/wp-content\\\/uploads\\\/LASER-MEDIUM-NOIR-scaled.jpg\",\"contentUrl\":\"https:\\\/\\\/www.azur-scenic.com\\\/wp-content\\\/uploads\\\/LASER-MEDIUM-NOIR-scaled.jpg\",\"width\":2560,\"height\":2560,\"caption\":\"TULLE LASER MEDIUM NOIR\"},{\"@type\":\"BreadcrumbList\",\"@id\":\"https:\\\/\\\/www.azur-scenic.com\\\/es\\\/producto\\\/tul-laser-medium\\\/#breadcrumb\",\"itemListElement\":[{\"@type\":\"ListItem\",\"position\":1,\"name\":\"Accueil\",\"item\":\"https:\\\/\\\/www.azur-scenic.com\\\/es\\\/\"},{\"@type\":\"ListItem\",\"position\":2,\"name\":\"Productos\",\"item\":\"https:\\\/\\\/www.azur-scenic.com\\\/es\\\/?page_id=21440\"},{\"@type\":\"ListItem\",\"position\":3,\"name\":\"Tul laser me\u0301dium\"}]},{\"@type\":\"WebSite\",\"@id\":\"https:\\\/\\\/www.azur-scenic.com\\\/es\\\/#website\",\"url\":\"https:\\\/\\\/www.azur-scenic.com\\\/es\\\/\",\"name\":\"Azur Scenic\",\"description\":\"Sp\u00e9cialiste de l\u2019\u00e9quipement sc\u00e9nique et de la d\u00e9coration int\u00e9rieure et \u00e9v\u00e9nementielle !\",\"publisher\":{\"@id\":\"https:\\\/\\\/www.azur-scenic.com\\\/es\\\/#organization\"},\"potentialAction\":[{\"@type\":\"SearchAction\",\"target\":{\"@type\":\"EntryPoint\",\"urlTemplate\":\"https:\\\/\\\/www.azur-scenic.com\\\/es\\\/?s={search_term_string}\"},\"query-input\":{\"@type\":\"PropertyValueSpecification\",\"valueRequired\":true,\"valueName\":\"search_term_string\"}}],\"inLanguage\":\"es\"},{\"@type\":\"Organization\",\"@id\":\"https:\\\/\\\/www.azur-scenic.com\\\/es\\\/#organization\",\"name\":\"AZUR SCENIC\",\"url\":\"https:\\\/\\\/www.azur-scenic.com\\\/es\\\/\",\"logo\":{\"@type\":\"ImageObject\",\"inLanguage\":\"es\",\"@id\":\"https:\\\/\\\/www.azur-scenic.com\\\/es\\\/#\\\/schema\\\/logo\\\/image\\\/\",\"url\":\"https:\\\/\\\/www.azur-scenic.com\\\/wp-content\\\/uploads\\\/2022\\\/09\\\/LOGO-AZUR-SCENIC-Fusion-web-236x64-1.jpg\",\"contentUrl\":\"https:\\\/\\\/www.azur-scenic.com\\\/wp-content\\\/uploads\\\/2022\\\/09\\\/LOGO-AZUR-SCENIC-Fusion-web-236x64-1.jpg\",\"width\":236,\"height\":64,\"caption\":\"AZUR SCENIC\"},\"image\":{\"@id\":\"https:\\\/\\\/www.azur-scenic.com\\\/es\\\/#\\\/schema\\\/logo\\\/image\\\/\"},\"sameAs\":[\"https:\\\/\\\/www.youtube.com\\\/channel\\\/UCPWM2mGPVUt4nYhNlm71WOA\",\"https:\\\/\\\/www.linkedin.com\\\/company\\\/33237605\\\/admin\\\/feed\\\/posts\\\/\"]}]}<\/script>\n<!-- \/ Yoast SEO plugin. -->","yoast_head_json":{"title":"Tul laser me\u0301dium - Azur Scenic","description":"Un tul ultraligero con malla extrafina que retiene muy bien las luces l\u00e1ser para la realizaci\u00f3n de escenograf\u00edas de luz extraordinarias. Este tul, con clasificaci\u00f3n ante el fuego M1 est\u00e1 disponible en 2 colores adaptados a los efectos l\u00e1ser: blanco y negro. \u00a1Recomendamos utilizarlo en m\u00faltiples capas para lograr efectos de profundidad incre\u00edbles! \u00a1Tambi\u00e9n puedes alternarla y combinarla con la tela transparente Laser para lograr efectos a\u00fan m\u00e1s impresionantes! Como sucede con la mayor\u00eda de los tules, deja pasar el sonido para ofrecer una transparencia ac\u00fastica perfecta, por lo cual se puede instalar delante de fuentes sonoras, como altavoces, bafles, etc. Polivalente y econ\u00f3mico, este tul con aspecto de \u00abvelo de novia\u00bb se puede utilizar como soporte alternativo de proyecci\u00f3n y retroproyecci\u00f3n, y tambi\u00e9n en la decoraci\u00f3n de todos tus eventos (recepciones, bodas, aniversarios, etc.) Fabricado en poli\u00e9ster ign\u00edfugo, este tul est\u00e1 recomendado para su uso en un entorno resistente a la intemperie.  Ancho: 300\u00a0cm Peso: 70 g\/m\u00b2  Clasificaci\u00f3n ante el fuego: M1 Composici\u00f3n: 100 % poli\u00e9ster ign\u00edfugo","robots":{"index":"index","follow":"follow","max-snippet":"max-snippet:-1","max-image-preview":"max-image-preview:large","max-video-preview":"max-video-preview:-1"},"canonical":"https:\/\/www.azur-scenic.com\/es\/producto\/tul-laser-medium\/","og_locale":"es_ES","og_type":"article","og_title":"Tul laser me\u0301dium - Azur Scenic","og_description":"Un tul ultraligero con malla extrafina que retiene muy bien las luces l\u00e1ser para la realizaci\u00f3n de escenograf\u00edas de luz extraordinarias. Este tul, con clasificaci\u00f3n ante el fuego M1 est\u00e1 disponible en 2 colores adaptados a los efectos l\u00e1ser: blanco y negro. \u00a1Recomendamos utilizarlo en m\u00faltiples capas para lograr efectos de profundidad incre\u00edbles! \u00a1Tambi\u00e9n puedes alternarla y combinarla con la tela transparente Laser para lograr efectos a\u00fan m\u00e1s impresionantes! Como sucede con la mayor\u00eda de los tules, deja pasar el sonido para ofrecer una transparencia ac\u00fastica perfecta, por lo cual se puede instalar delante de fuentes sonoras, como altavoces, bafles, etc. Polivalente y econ\u00f3mico, este tul con aspecto de \u00abvelo de novia\u00bb se puede utilizar como soporte alternativo de proyecci\u00f3n y retroproyecci\u00f3n, y tambi\u00e9n en la decoraci\u00f3n de todos tus eventos (recepciones, bodas, aniversarios, etc.) Fabricado en poli\u00e9ster ign\u00edfugo, este tul est\u00e1 recomendado para su uso en un entorno resistente a la intemperie.  Ancho: 300\u00a0cm Peso: 70 g\/m\u00b2  Clasificaci\u00f3n ante el fuego: M1 Composici\u00f3n: 100 % poli\u00e9ster ign\u00edfugo","og_url":"https:\/\/www.azur-scenic.com\/es\/producto\/tul-laser-medium\/","og_site_name":"Azur Scenic","article_modified_time":"2023-08-02T13:13:48+00:00","og_image":[{"width":2560,"height":2560,"url":"https:\/\/www.azur-scenic.com\/wp-content\/uploads\/LASER-MEDIUM-NOIR-scaled.jpg","type":"image\/jpeg"}],"twitter_card":"summary_large_image","schema":{"@context":"https:\/\/schema.org","@graph":[{"@type":"WebPage","@id":"https:\/\/www.azur-scenic.com\/es\/producto\/tul-laser-medium\/","url":"https:\/\/www.azur-scenic.com\/es\/producto\/tul-laser-medium\/","name":"Tul laser me\u0301dium - Azur Scenic","isPartOf":{"@id":"https:\/\/www.azur-scenic.com\/es\/#website"},"primaryImageOfPage":{"@id":"https:\/\/www.azur-scenic.com\/es\/producto\/tul-laser-medium\/#primaryimage"},"image":{"@id":"https:\/\/www.azur-scenic.com\/es\/producto\/tul-laser-medium\/#primaryimage"},"thumbnailUrl":"https:\/\/www.azur-scenic.com\/wp-content\/uploads\/LASER-MEDIUM-NOIR-scaled.jpg","datePublished":"2022-10-04T07:27:36+00:00","dateModified":"2023-08-02T13:13:48+00:00","description":"Un tul ultraligero con malla extrafina que retiene muy bien las luces l\u00e1ser para la realizaci\u00f3n de escenograf\u00edas de luz extraordinarias. Este tul, con clasificaci\u00f3n ante el fuego M1 est\u00e1 disponible en 2 colores adaptados a los efectos l\u00e1ser: blanco y negro. \u00a1Recomendamos utilizarlo en m\u00faltiples capas para lograr efectos de profundidad incre\u00edbles! \u00a1Tambi\u00e9n puedes alternarla y combinarla con la tela transparente Laser para lograr efectos a\u00fan m\u00e1s impresionantes! Como sucede con la mayor\u00eda de los tules, deja pasar el sonido para ofrecer una transparencia ac\u00fastica perfecta, por lo cual se puede instalar delante de fuentes sonoras, como altavoces, bafles, etc. Polivalente y econ\u00f3mico, este tul con aspecto de \u00abvelo de novia\u00bb se puede utilizar como soporte alternativo de proyecci\u00f3n y retroproyecci\u00f3n, y tambi\u00e9n en la decoraci\u00f3n de todos tus eventos (recepciones, bodas, aniversarios, etc.) Fabricado en poli\u00e9ster ign\u00edfugo, este tul est\u00e1 recomendado para su uso en un entorno resistente a la intemperie. Ancho: 300\u00a0cm Peso: 70 g\/m\u00b2 Clasificaci\u00f3n ante el fuego: M1 Composici\u00f3n: 100 % poli\u00e9ster ign\u00edfugo","breadcrumb":{"@id":"https:\/\/www.azur-scenic.com\/es\/producto\/tul-laser-medium\/#breadcrumb"},"inLanguage":"es","potentialAction":[{"@type":"ReadAction","target":["https:\/\/www.azur-scenic.com\/es\/producto\/tul-laser-medium\/"]}]},{"@type":"ImageObject","inLanguage":"es","@id":"https:\/\/www.azur-scenic.com\/es\/producto\/tul-laser-medium\/#primaryimage","url":"https:\/\/www.azur-scenic.com\/wp-content\/uploads\/LASER-MEDIUM-NOIR-scaled.jpg","contentUrl":"https:\/\/www.azur-scenic.com\/wp-content\/uploads\/LASER-MEDIUM-NOIR-scaled.jpg","width":2560,"height":2560,"caption":"TULLE LASER MEDIUM NOIR"},{"@type":"BreadcrumbList","@id":"https:\/\/www.azur-scenic.com\/es\/producto\/tul-laser-medium\/#breadcrumb","itemListElement":[{"@type":"ListItem","position":1,"name":"Accueil","item":"https:\/\/www.azur-scenic.com\/es\/"},{"@type":"ListItem","position":2,"name":"Productos","item":"https:\/\/www.azur-scenic.com\/es\/?page_id=21440"},{"@type":"ListItem","position":3,"name":"Tul laser me\u0301dium"}]},{"@type":"WebSite","@id":"https:\/\/www.azur-scenic.com\/es\/#website","url":"https:\/\/www.azur-scenic.com\/es\/","name":"Azur Scenic","description":"Sp\u00e9cialiste de l\u2019\u00e9quipement sc\u00e9nique et de la d\u00e9coration int\u00e9rieure et \u00e9v\u00e9nementielle !","publisher":{"@id":"https:\/\/www.azur-scenic.com\/es\/#organization"},"potentialAction":[{"@type":"SearchAction","target":{"@type":"EntryPoint","urlTemplate":"https:\/\/www.azur-scenic.com\/es\/?s={search_term_string}"},"query-input":{"@type":"PropertyValueSpecification","valueRequired":true,"valueName":"search_term_string"}}],"inLanguage":"es"},{"@type":"Organization","@id":"https:\/\/www.azur-scenic.com\/es\/#organization","name":"AZUR SCENIC","url":"https:\/\/www.azur-scenic.com\/es\/","logo":{"@type":"ImageObject","inLanguage":"es","@id":"https:\/\/www.azur-scenic.com\/es\/#\/schema\/logo\/image\/","url":"https:\/\/www.azur-scenic.com\/wp-content\/uploads\/2022\/09\/LOGO-AZUR-SCENIC-Fusion-web-236x64-1.jpg","contentUrl":"https:\/\/www.azur-scenic.com\/wp-content\/uploads\/2022\/09\/LOGO-AZUR-SCENIC-Fusion-web-236x64-1.jpg","width":236,"height":64,"caption":"AZUR SCENIC"},"image":{"@id":"https:\/\/www.azur-scenic.com\/es\/#\/schema\/logo\/image\/"},"sameAs":["https:\/\/www.youtube.com\/channel\/UCPWM2mGPVUt4nYhNlm71WOA","https:\/\/www.linkedin.com\/company\/33237605\/admin\/feed\/posts\/"]}]}},"_links":{"self":[{"href":"https:\/\/www.azur-scenic.com\/es\/wp-json\/wp\/v2\/product\/17678","targetHints":{"allow":["GET"]}}],"collection":[{"href":"https:\/\/www.azur-scenic.com\/es\/wp-json\/wp\/v2\/product"}],"about":[{"href":"https:\/\/www.azur-scenic.com\/es\/wp-json\/wp\/v2\/types\/product"}],"wp:featuredmedia":[{"embeddable":true,"href":"https:\/\/www.azur-scenic.com\/es\/wp-json\/wp\/v2\/media\/13914"}],"wp:attachment":[{"href":"https:\/\/www.azur-scenic.com\/es\/wp-json\/wp\/v2\/media?parent=17678"}],"wp:term":[{"taxonomy":"product_brand","embeddable":true,"href":"https:\/\/www.azur-scenic.com\/es\/wp-json\/wp\/v2\/product_brand?post=17678"},{"taxonomy":"product_cat","embeddable":true,"href":"https:\/\/www.azur-scenic.com\/es\/wp-json\/wp\/v2\/product_cat?post=17678"},{"taxonomy":"product_tag","embeddable":true,"href":"https:\/\/www.azur-scenic.com\/es\/wp-json\/wp\/v2\/product_tag?post=17678"}],"curies":[{"name":"wp","href":"https:\/\/api.w.org\/{rel}","templated":true}]}}