{"id":17690,"date":"2022-10-04T07:27:36","date_gmt":"2022-10-04T07:27:36","guid":{"rendered":"https:\/\/www.azur-scenic.com\/produit\/film-plastique-non-classe\/"},"modified":"2023-08-02T13:18:41","modified_gmt":"2023-08-02T13:18:41","slug":"film-plastico-sin-clasificar","status":"publish","type":"product","link":"https:\/\/www.azur-scenic.com\/es\/producto\/film-plastico-sin-clasificar\/","title":{"rendered":"Film pl\u00e1stico sin clasificar"},"content":{"rendered":"<table>\n<thead>\n<tr>\n<th style=\"width: 170px;\">Datos t\u00e9cnicos<\/th>\n<th style=\"text-align: center;\" colspan=\"3\">Valor<\/th>\n<\/tr>\n<\/thead>\n<tbody>\n<tr>\n<td style=\"vertical-align: top;\">Referencia<\/td>\n<td style=\"text-align: center; vertical-align: top;\">808<\/td>\n<td style=\"text-align: center; vertical-align: top;\">809<\/td>\n<td style=\"text-align: center; vertical-align: top;\">810<br \/>\nNegro grueso<\/td>\n<\/tr>\n<tr>\n<td>Grosor<\/td>\n<td style=\"text-align: center; vertical-align: top;\">0,05\u00a0mm (50\u00a0\u03bc)<\/td>\n<td style=\"text-align: center; vertical-align: top;\">0,15\u00a0mm (150\u00a0\u03bc)<\/td>\n<td style=\"text-align: center; vertical-align: top;\">0,15\u00a0mm (150\u00a0\u03bc)<\/td>\n<\/tr>\n<tr>\n<td>Ancho<\/td>\n<td style=\"text-align: center; vertical-align: top;\">300\u00a0cm<\/td>\n<td style=\"text-align: center; vertical-align: top;\">300\u00a0cm<\/td>\n<td style=\"text-align: center; vertical-align: top;\">300\u00a0cm<\/td>\n<\/tr>\n<tr>\n<td>Presentaci\u00f3n<\/td>\n<td style=\"text-align: center; vertical-align: top;\">Pieza de \u00b1 80 m<br \/>\nProducto plegado longitudinalmente en 1,50 m<\/td>\n<td style=\"text-align: center; vertical-align: top;\">Pieza de \u00b1 65 m<br \/>\nProducto plegado longitudinalmente en 1,50 m<\/td>\n<td style=\"text-align: center; vertical-align: top;\">Pieza de \u00b1 65 m<br \/>\nProducto plegado longitudinalmente en 1,50 m<\/td>\n<\/tr>\n<\/tbody>\n<\/table>\n<p>\u00a0<\/p>\n<table>\n<thead>\n<tr>\n<th style=\"width: 170px;\">Datos t\u00e9cnicos<\/th>\n<th>Valor<\/th>\n<th>Comentarios<\/th>\n<\/tr>\n<\/thead>\n<tbody>\n<tr>\n<td style=\"vertical-align: top;\">Densidad<\/td>\n<td style=\"vertical-align: top;\">Aprox. 0,92 g\/cm3<\/td>\n<td style=\"vertical-align: top;\">Norma: DIN 53479<\/td>\n<\/tr>\n<tr>\n<td style=\"vertical-align: top;\">Resistencia a la tracci\u00f3n<\/td>\n<td style=\"vertical-align: top;\">Longitudinal: > 14 N\/m\u00b2<br \/>\nTransversal: > 12 N\/m\u00b2<\/td>\n<td style=\"vertical-align: top;\">Norma: DIN EN ISO 527-3<\/td>\n<\/tr>\n<tr>\n<td style=\"vertical-align: top;\">Alargamiento hasta la rotura<\/td>\n<td style=\"vertical-align: top;\">Longitudinal: > 200 %<br \/>\nTransversal: > 250 %<\/td>\n<td style=\"vertical-align: top;\">Norma: DIN EN ISO 527-3<\/td>\n<\/tr>\n<tr>\n<td style=\"vertical-align: top;\">Resistencia Dart Drop<\/td>\n<td style=\"vertical-align: top;\">> 1 g\/\u03bcm<\/td>\n<td style=\"vertical-align: top;\">Norma: ASTM D 1709-75<\/td>\n<\/tr>\n<tr>\n<td style=\"vertical-align: top;\">Coeficiente de fricci\u00f3n<\/td>\n<td style=\"vertical-align: top;\">0,20 &#8211; 0,60<\/td>\n<td style=\"vertical-align: top;\">Norma: DIN EN ISO 8295<\/td>\n<\/tr>\n<tr>\n<td style=\"vertical-align: top;\">Composici\u00f3n<\/td>\n<td style=\"vertical-align: top;\">100 % polietileno<\/td>\n<td>\u00a0<\/td>\n<\/tr>\n<\/tbody>\n<\/table>\n<p>\u00a0<\/p><\/p>\n","protected":false},"excerpt":{"rendered":"<p>Un <strong><span style=\"color: #f88523;\">film pl\u00e1stico para embalaje<\/span><\/strong> flexible y <strong><span style=\"color: #f88523;\">econ\u00f3mico<\/span><\/strong> disponible en <strong><span style=\"color: #f88523;\">3 m de ancho<\/span><\/strong>.<\/p>\n<p>Proponemos dos grosores y dos colores para este art\u00edculo:<br \/>\n\u2022 Transparente (grosores: 50\u00a0\u03bc y 150\u00a0\u03bc)<br \/>\n\u2022 Negro de ambos lados (solo en 150\u00a0\u03bc de grosor)<\/p>\n<table class=\"table\">\n<tbody>\n<tr>\n<td><strong>Ancho<\/strong>: 300\u00a0cm<\/td>\n<td><strong>Composici\u00f3n<\/strong>: 100 % polietileno<\/td>\n<\/tr>\n<\/tbody>\n<\/table>\n","protected":false},"featured_media":7667,"template":"","meta":{"_acf_changed":false},"product_brand":[],"product_cat":[1218,1312,944,1196,1230],"product_tag":[],"class_list":{"0":"post-17690","1":"product","2":"type-product","3":"status-publish","4":"has-post-thumbnail","6":"product_cat-accesorios-y-consumibles","7":"product_cat-laminas-de-proteccion","8":"product_cat-todos-los-productos","9":"product_cat-pantallas-de-proyeccion-y-telas-de-pvc","10":"product_cat-pvc-varios","11":"pa_couleurs-000-es","12":"pa_couleurs-003-es","13":"pa_groupes-de-couleurs-blanco","14":"pa_groupes-de-couleurs-negro","15":"pa_textiles-economico","17":"first","18":"instock","19":"shipping-taxable","20":"purchasable","21":"product-type-variable"},"acf":[],"yoast_head":"<!-- This site is optimized with the Yoast SEO plugin v27.3 - https:\/\/yoast.com\/product\/yoast-seo-wordpress\/ -->\n<title>Film pl\u00e1stico sin clasificar - Azur Scenic<\/title>\n<meta name=\"description\" content=\"Un film pl\u00e1stico para embalaje flexible y econ\u00f3mico disponible en 3 m de ancho. Proponemos dos grosores y dos colores para este art\u00edculo: \u2022 Transparente (grosores: 50\u00a0\u03bc y 150\u00a0\u03bc) \u2022 Negro de ambos lados (solo en 150\u00a0\u03bc de grosor)  Ancho: 300\u00a0cm Composici\u00f3n: 100 % polietileno\" \/>\n<meta name=\"robots\" content=\"index, follow, max-snippet:-1, max-image-preview:large, max-video-preview:-1\" \/>\n<link rel=\"canonical\" href=\"https:\/\/www.azur-scenic.com\/es\/producto\/film-plastico-sin-clasificar\/\" \/>\n<meta property=\"og:locale\" content=\"es_ES\" \/>\n<meta property=\"og:type\" content=\"article\" \/>\n<meta property=\"og:title\" content=\"Film pl\u00e1stico sin clasificar - Azur Scenic\" \/>\n<meta property=\"og:description\" content=\"Un film pl\u00e1stico para embalaje flexible y econ\u00f3mico disponible en 3 m de ancho. Proponemos dos grosores y dos colores para este art\u00edculo: \u2022 Transparente (grosores: 50\u00a0\u03bc y 150\u00a0\u03bc) \u2022 Negro de ambos lados (solo en 150\u00a0\u03bc de grosor)  Ancho: 300\u00a0cm Composici\u00f3n: 100 % polietileno\" \/>\n<meta property=\"og:url\" content=\"https:\/\/www.azur-scenic.com\/es\/producto\/film-plastico-sin-clasificar\/\" \/>\n<meta property=\"og:site_name\" content=\"Azur Scenic\" \/>\n<meta property=\"article:modified_time\" content=\"2023-08-02T13:18:41+00:00\" \/>\n<meta property=\"og:image\" content=\"https:\/\/www.azur-scenic.com\/wp-content\/uploads\/84cfb7420136b2a03703582539c54907.png\" \/>\n\t<meta property=\"og:image:width\" content=\"430\" \/>\n\t<meta property=\"og:image:height\" content=\"430\" \/>\n\t<meta property=\"og:image:type\" content=\"image\/png\" \/>\n<meta name=\"twitter:card\" content=\"summary_large_image\" \/>\n<meta name=\"twitter:label1\" content=\"Tiempo de lectura\" \/>\n\t<meta name=\"twitter:data1\" content=\"1 minuto\" \/>\n<script type=\"application\/ld+json\" class=\"yoast-schema-graph\">{\"@context\":\"https:\\\/\\\/schema.org\",\"@graph\":[{\"@type\":\"WebPage\",\"@id\":\"https:\\\/\\\/www.azur-scenic.com\\\/es\\\/producto\\\/film-plastico-sin-clasificar\\\/\",\"url\":\"https:\\\/\\\/www.azur-scenic.com\\\/es\\\/producto\\\/film-plastico-sin-clasificar\\\/\",\"name\":\"Film pl\u00e1stico sin clasificar - Azur Scenic\",\"isPartOf\":{\"@id\":\"https:\\\/\\\/www.azur-scenic.com\\\/es\\\/#website\"},\"primaryImageOfPage\":{\"@id\":\"https:\\\/\\\/www.azur-scenic.com\\\/es\\\/producto\\\/film-plastico-sin-clasificar\\\/#primaryimage\"},\"image\":{\"@id\":\"https:\\\/\\\/www.azur-scenic.com\\\/es\\\/producto\\\/film-plastico-sin-clasificar\\\/#primaryimage\"},\"thumbnailUrl\":\"https:\\\/\\\/www.azur-scenic.com\\\/wp-content\\\/uploads\\\/84cfb7420136b2a03703582539c54907.png\",\"datePublished\":\"2022-10-04T07:27:36+00:00\",\"dateModified\":\"2023-08-02T13:18:41+00:00\",\"description\":\"Un film pl\u00e1stico para embalaje flexible y econ\u00f3mico disponible en 3 m de ancho. Proponemos dos grosores y dos colores para este art\u00edculo: \u2022 Transparente (grosores: 50\u00a0\u03bc y 150\u00a0\u03bc) \u2022 Negro de ambos lados (solo en 150\u00a0\u03bc de grosor) Ancho: 300\u00a0cm Composici\u00f3n: 100 % polietileno\",\"breadcrumb\":{\"@id\":\"https:\\\/\\\/www.azur-scenic.com\\\/es\\\/producto\\\/film-plastico-sin-clasificar\\\/#breadcrumb\"},\"inLanguage\":\"es\",\"potentialAction\":[{\"@type\":\"ReadAction\",\"target\":[\"https:\\\/\\\/www.azur-scenic.com\\\/es\\\/producto\\\/film-plastico-sin-clasificar\\\/\"]}]},{\"@type\":\"ImageObject\",\"inLanguage\":\"es\",\"@id\":\"https:\\\/\\\/www.azur-scenic.com\\\/es\\\/producto\\\/film-plastico-sin-clasificar\\\/#primaryimage\",\"url\":\"https:\\\/\\\/www.azur-scenic.com\\\/wp-content\\\/uploads\\\/84cfb7420136b2a03703582539c54907.png\",\"contentUrl\":\"https:\\\/\\\/www.azur-scenic.com\\\/wp-content\\\/uploads\\\/84cfb7420136b2a03703582539c54907.png\",\"width\":430,\"height\":430},{\"@type\":\"BreadcrumbList\",\"@id\":\"https:\\\/\\\/www.azur-scenic.com\\\/es\\\/producto\\\/film-plastico-sin-clasificar\\\/#breadcrumb\",\"itemListElement\":[{\"@type\":\"ListItem\",\"position\":1,\"name\":\"Accueil\",\"item\":\"https:\\\/\\\/www.azur-scenic.com\\\/es\\\/\"},{\"@type\":\"ListItem\",\"position\":2,\"name\":\"Productos\",\"item\":\"https:\\\/\\\/www.azur-scenic.com\\\/es\\\/?page_id=21440\"},{\"@type\":\"ListItem\",\"position\":3,\"name\":\"Film pl\u00e1stico sin clasificar\"}]},{\"@type\":\"WebSite\",\"@id\":\"https:\\\/\\\/www.azur-scenic.com\\\/es\\\/#website\",\"url\":\"https:\\\/\\\/www.azur-scenic.com\\\/es\\\/\",\"name\":\"Azur Scenic\",\"description\":\"Sp\u00e9cialiste de l\u2019\u00e9quipement sc\u00e9nique et de la d\u00e9coration int\u00e9rieure et \u00e9v\u00e9nementielle !\",\"publisher\":{\"@id\":\"https:\\\/\\\/www.azur-scenic.com\\\/es\\\/#organization\"},\"potentialAction\":[{\"@type\":\"SearchAction\",\"target\":{\"@type\":\"EntryPoint\",\"urlTemplate\":\"https:\\\/\\\/www.azur-scenic.com\\\/es\\\/?s={search_term_string}\"},\"query-input\":{\"@type\":\"PropertyValueSpecification\",\"valueRequired\":true,\"valueName\":\"search_term_string\"}}],\"inLanguage\":\"es\"},{\"@type\":\"Organization\",\"@id\":\"https:\\\/\\\/www.azur-scenic.com\\\/es\\\/#organization\",\"name\":\"AZUR SCENIC\",\"url\":\"https:\\\/\\\/www.azur-scenic.com\\\/es\\\/\",\"logo\":{\"@type\":\"ImageObject\",\"inLanguage\":\"es\",\"@id\":\"https:\\\/\\\/www.azur-scenic.com\\\/es\\\/#\\\/schema\\\/logo\\\/image\\\/\",\"url\":\"https:\\\/\\\/www.azur-scenic.com\\\/wp-content\\\/uploads\\\/2022\\\/09\\\/LOGO-AZUR-SCENIC-Fusion-web-236x64-1.jpg\",\"contentUrl\":\"https:\\\/\\\/www.azur-scenic.com\\\/wp-content\\\/uploads\\\/2022\\\/09\\\/LOGO-AZUR-SCENIC-Fusion-web-236x64-1.jpg\",\"width\":236,\"height\":64,\"caption\":\"AZUR SCENIC\"},\"image\":{\"@id\":\"https:\\\/\\\/www.azur-scenic.com\\\/es\\\/#\\\/schema\\\/logo\\\/image\\\/\"},\"sameAs\":[\"https:\\\/\\\/www.youtube.com\\\/channel\\\/UCPWM2mGPVUt4nYhNlm71WOA\",\"https:\\\/\\\/www.linkedin.com\\\/company\\\/33237605\\\/admin\\\/feed\\\/posts\\\/\"]}]}<\/script>\n<!-- \/ Yoast SEO plugin. -->","yoast_head_json":{"title":"Film pl\u00e1stico sin clasificar - Azur Scenic","description":"Un film pl\u00e1stico para embalaje flexible y econ\u00f3mico disponible en 3 m de ancho. Proponemos dos grosores y dos colores para este art\u00edculo: \u2022 Transparente (grosores: 50\u00a0\u03bc y 150\u00a0\u03bc) \u2022 Negro de ambos lados (solo en 150\u00a0\u03bc de grosor)  Ancho: 300\u00a0cm Composici\u00f3n: 100 % polietileno","robots":{"index":"index","follow":"follow","max-snippet":"max-snippet:-1","max-image-preview":"max-image-preview:large","max-video-preview":"max-video-preview:-1"},"canonical":"https:\/\/www.azur-scenic.com\/es\/producto\/film-plastico-sin-clasificar\/","og_locale":"es_ES","og_type":"article","og_title":"Film pl\u00e1stico sin clasificar - Azur Scenic","og_description":"Un film pl\u00e1stico para embalaje flexible y econ\u00f3mico disponible en 3 m de ancho. Proponemos dos grosores y dos colores para este art\u00edculo: \u2022 Transparente (grosores: 50\u00a0\u03bc y 150\u00a0\u03bc) \u2022 Negro de ambos lados (solo en 150\u00a0\u03bc de grosor)  Ancho: 300\u00a0cm Composici\u00f3n: 100 % polietileno","og_url":"https:\/\/www.azur-scenic.com\/es\/producto\/film-plastico-sin-clasificar\/","og_site_name":"Azur Scenic","article_modified_time":"2023-08-02T13:18:41+00:00","og_image":[{"width":430,"height":430,"url":"https:\/\/www.azur-scenic.com\/wp-content\/uploads\/84cfb7420136b2a03703582539c54907.png","type":"image\/png"}],"twitter_card":"summary_large_image","twitter_misc":{"Tiempo de lectura":"1 minuto"},"schema":{"@context":"https:\/\/schema.org","@graph":[{"@type":"WebPage","@id":"https:\/\/www.azur-scenic.com\/es\/producto\/film-plastico-sin-clasificar\/","url":"https:\/\/www.azur-scenic.com\/es\/producto\/film-plastico-sin-clasificar\/","name":"Film pl\u00e1stico sin clasificar - Azur Scenic","isPartOf":{"@id":"https:\/\/www.azur-scenic.com\/es\/#website"},"primaryImageOfPage":{"@id":"https:\/\/www.azur-scenic.com\/es\/producto\/film-plastico-sin-clasificar\/#primaryimage"},"image":{"@id":"https:\/\/www.azur-scenic.com\/es\/producto\/film-plastico-sin-clasificar\/#primaryimage"},"thumbnailUrl":"https:\/\/www.azur-scenic.com\/wp-content\/uploads\/84cfb7420136b2a03703582539c54907.png","datePublished":"2022-10-04T07:27:36+00:00","dateModified":"2023-08-02T13:18:41+00:00","description":"Un film pl\u00e1stico para embalaje flexible y econ\u00f3mico disponible en 3 m de ancho. Proponemos dos grosores y dos colores para este art\u00edculo: \u2022 Transparente (grosores: 50\u00a0\u03bc y 150\u00a0\u03bc) \u2022 Negro de ambos lados (solo en 150\u00a0\u03bc de grosor) Ancho: 300\u00a0cm Composici\u00f3n: 100 % polietileno","breadcrumb":{"@id":"https:\/\/www.azur-scenic.com\/es\/producto\/film-plastico-sin-clasificar\/#breadcrumb"},"inLanguage":"es","potentialAction":[{"@type":"ReadAction","target":["https:\/\/www.azur-scenic.com\/es\/producto\/film-plastico-sin-clasificar\/"]}]},{"@type":"ImageObject","inLanguage":"es","@id":"https:\/\/www.azur-scenic.com\/es\/producto\/film-plastico-sin-clasificar\/#primaryimage","url":"https:\/\/www.azur-scenic.com\/wp-content\/uploads\/84cfb7420136b2a03703582539c54907.png","contentUrl":"https:\/\/www.azur-scenic.com\/wp-content\/uploads\/84cfb7420136b2a03703582539c54907.png","width":430,"height":430},{"@type":"BreadcrumbList","@id":"https:\/\/www.azur-scenic.com\/es\/producto\/film-plastico-sin-clasificar\/#breadcrumb","itemListElement":[{"@type":"ListItem","position":1,"name":"Accueil","item":"https:\/\/www.azur-scenic.com\/es\/"},{"@type":"ListItem","position":2,"name":"Productos","item":"https:\/\/www.azur-scenic.com\/es\/?page_id=21440"},{"@type":"ListItem","position":3,"name":"Film pl\u00e1stico sin clasificar"}]},{"@type":"WebSite","@id":"https:\/\/www.azur-scenic.com\/es\/#website","url":"https:\/\/www.azur-scenic.com\/es\/","name":"Azur Scenic","description":"Sp\u00e9cialiste de l\u2019\u00e9quipement sc\u00e9nique et de la d\u00e9coration int\u00e9rieure et \u00e9v\u00e9nementielle !","publisher":{"@id":"https:\/\/www.azur-scenic.com\/es\/#organization"},"potentialAction":[{"@type":"SearchAction","target":{"@type":"EntryPoint","urlTemplate":"https:\/\/www.azur-scenic.com\/es\/?s={search_term_string}"},"query-input":{"@type":"PropertyValueSpecification","valueRequired":true,"valueName":"search_term_string"}}],"inLanguage":"es"},{"@type":"Organization","@id":"https:\/\/www.azur-scenic.com\/es\/#organization","name":"AZUR SCENIC","url":"https:\/\/www.azur-scenic.com\/es\/","logo":{"@type":"ImageObject","inLanguage":"es","@id":"https:\/\/www.azur-scenic.com\/es\/#\/schema\/logo\/image\/","url":"https:\/\/www.azur-scenic.com\/wp-content\/uploads\/2022\/09\/LOGO-AZUR-SCENIC-Fusion-web-236x64-1.jpg","contentUrl":"https:\/\/www.azur-scenic.com\/wp-content\/uploads\/2022\/09\/LOGO-AZUR-SCENIC-Fusion-web-236x64-1.jpg","width":236,"height":64,"caption":"AZUR SCENIC"},"image":{"@id":"https:\/\/www.azur-scenic.com\/es\/#\/schema\/logo\/image\/"},"sameAs":["https:\/\/www.youtube.com\/channel\/UCPWM2mGPVUt4nYhNlm71WOA","https:\/\/www.linkedin.com\/company\/33237605\/admin\/feed\/posts\/"]}]}},"_links":{"self":[{"href":"https:\/\/www.azur-scenic.com\/es\/wp-json\/wp\/v2\/product\/17690","targetHints":{"allow":["GET"]}}],"collection":[{"href":"https:\/\/www.azur-scenic.com\/es\/wp-json\/wp\/v2\/product"}],"about":[{"href":"https:\/\/www.azur-scenic.com\/es\/wp-json\/wp\/v2\/types\/product"}],"wp:featuredmedia":[{"embeddable":true,"href":"https:\/\/www.azur-scenic.com\/es\/wp-json\/wp\/v2\/media\/7667"}],"wp:attachment":[{"href":"https:\/\/www.azur-scenic.com\/es\/wp-json\/wp\/v2\/media?parent=17690"}],"wp:term":[{"taxonomy":"product_brand","embeddable":true,"href":"https:\/\/www.azur-scenic.com\/es\/wp-json\/wp\/v2\/product_brand?post=17690"},{"taxonomy":"product_cat","embeddable":true,"href":"https:\/\/www.azur-scenic.com\/es\/wp-json\/wp\/v2\/product_cat?post=17690"},{"taxonomy":"product_tag","embeddable":true,"href":"https:\/\/www.azur-scenic.com\/es\/wp-json\/wp\/v2\/product_tag?post=17690"}],"curies":[{"name":"wp","href":"https:\/\/api.w.org\/{rel}","templated":true}]}}