{"id":17715,"date":"2022-10-04T07:27:36","date_gmt":"2022-10-04T07:27:36","guid":{"rendered":"https:\/\/www.azur-scenic.com\/produit\/outdoor-acoustic-divider\/"},"modified":"2023-08-02T13:18:42","modified_gmt":"2023-08-02T13:18:42","slug":"outdoor-acoustic-divider","status":"publish","type":"product","link":"https:\/\/www.azur-scenic.com\/es\/producto\/outdoor-acoustic-divider\/","title":{"rendered":"Outdoor Acoustic Divider"},"content":{"rendered":"<table>\n<thead>\n<tr>\n<th style=\"width: 184px;\">Datos t\u00e9cnicos<\/th>\n<th style=\"width: 124px;\">Valor<\/th>\n<th style=\"width: 186px;\" colspan=\"2\">Comentarios<\/th>\n<\/tr>\n<\/thead>\n<tbody>\n<tr>\n<td style=\"width: 184px;\"><strong>Tama\u00f1o est\u00e1ndar<\/strong><\/td>\n<td style=\"vertical-align: top; width: 124px;\">2 m x 1,20 m<br \/>\n2 m x 3,60 m<\/td>\n<td style=\"vertical-align: top; width: 186px;\" colspan=\"2\">(Otros tama\u00f1os disponibles por encargo)<\/td>\n<\/tr>\n<tr>\n<td style=\"width: 184px;\"><strong>Peso<\/strong><\/td>\n<td style=\"vertical-align: top; width: 124px;\">1660 g\/m<sup>2<\/sup><\/td>\n<td style=\"vertical-align: top; width: 186px;\" colspan=\"2\">(Es decir, 4\u00a0kg y 12\u00a0kg respectivamente para los modelos est\u00e1ndar)<\/td>\n<\/tr>\n<tr>\n<td style=\"width: 184px;\"><strong>Clasificaci\u00f3n ante el fuego<\/strong><\/td>\n<td style=\"vertical-align: top; width: 124px;\"><img decoding=\"async\" style=\"height: 20px; width: 20px;\" src=\"https:\/\/www.azur-scenic.com\/wp-content\/uploads\/csm_icon-flag-france_3304e5e3f9.png\" \/> M1<\/td>\n<td style=\"width: 186px;\" colspan=\"2\" rowspan=\"1\">Norma: NF P 92-501<\/td>\n<\/tr>\n<tr>\n<td style=\"width: 184px;\"><strong>Composici\u00f3n<\/strong><\/td>\n<td style=\"vertical-align: top; width: 124px;\">Envoltorio:<br \/>\nInterior:<\/td>\n<td style=\"vertical-align: top; width: 186px;\" colspan=\"2\">Lona de PVC (620 g\/m<sup>2<\/sup>)<br \/>\nAcolchado de fibra de poli\u00e9ster (830 g\/m<sup>2<\/sup>)<br \/>\nFibra de vidrio negra revestida (215 g\/m<sup>2<\/sup>)<\/td>\n<\/tr>\n<tr>\n<td style=\"width: 184px;\"><strong>Acabados est\u00e1ndar<\/strong><\/td>\n<td style=\"width: 311px;\" colspan=\"3\" rowspan=\"1\">Ojales (di\u00e1metro interior: 16\u00a0mm) cada 50\u00a0cm en el borde<br \/>\n(Otros acabados por encargo)<\/td>\n<\/tr>\n<tr>\n<td colspan=\"4\"><strong>Propiedades ac\u00fasticas<\/strong><\/td>\n<\/tr>\n<tr>\n<td style=\"width: 184px;\">Reducci\u00f3n del ruido<\/td>\n<td style=\"vertical-align: top; width: 124px;\">\u00a0<\/td>\n<td style=\"vertical-align: top; width: 186px;\" colspan=\"2\">Norma: ISO 717\/1<\/td>\n<\/tr>\n<tr>\n<td style=\"text-align: right; width: 313px;\" colspan=\"2\" rowspan=\"1\">Reducci\u00f3n sonora:<\/td>\n<td style=\"vertical-align: top; width: 186px;\" colspan=\"2\" rowspan=\"1\">20 dB a 1000 Hz<\/td>\n<\/tr>\n<tr>\n<td style=\"text-align: right; width: 313px;\" colspan=\"2\" rowspan=\"1\">Atenuaci\u00f3n aparente ponderada:<\/td>\n<td style=\"vertical-align: top; width: 186px;\" colspan=\"2\">R\u2019W (C, Ctr): 17 dB (-1, -3)<\/td>\n<\/tr>\n<tr>\n<td style=\"width: 313px;\" colspan=\"2\">Absorci\u00f3n ac\u00fastica<\/td>\n<td style=\"vertical-align: top; width: 186px;\" colspan=\"2\">Norma: ISO 11654<\/td>\n<\/tr>\n<tr>\n<td style=\"text-align: right; width: 313px;\" colspan=\"2\" rowspan=\"1\">Absorci\u00f3n ac\u00fastica ponderada:<\/td>\n<td style=\"vertical-align: top; width: 152px;\">\u03b1<sub>w<\/sub>: 0,50 MH<\/td>\n<td style=\"vertical-align: top;\">\u00a0<\/td>\n<\/tr>\n<\/tbody>\n<\/table>\n","protected":false},"excerpt":{"rendered":"<p>Outdoor Acoustic Divider: El <strong><span style=\"color: #f88523;\">separador ac\u00fastico M1<\/span><\/strong> IN y <strong><span style=\"color: #f88523;\">OUTDOOR<\/span><\/strong> por excelencia.<br \/>\nMuchos eventos urbanos se ven limitados o incluso imposibilitados por la normativa sobre ruido. \u00a1Tal vez hayas encontrado tu mejor aliado!<br \/>\n\u00a1Ideal para <strong><span style=\"color: #f88523;\">eventos intraurbanos<\/span><\/strong>, <strong><span style=\"color: #f88523;\">festivales<\/span><\/strong> y <strong><span style=\"color: #f88523;\">conciertos<\/span><\/strong> con <strong><span style=\"color: #f88523;\">varios escenarios<\/span><\/strong>, el Acoustic Divider es el \u00fanico <strong><span style=\"color: #f88523;\">complejo ac\u00fastico M1 resistente al agua<\/span><\/strong> que te permite aislar no menos de 17\u00a0dB!<br \/>\nDisponible en 3 colores y en versi\u00f3n imprimible, el Outdoor Acoustic Divider es la soluci\u00f3n de instalaci\u00f3n <strong><span style=\"color: #f88523;\">ingeniosa, ligera<\/span><\/strong> y <strong><span style=\"color: #f88523;\">extremadamente simple<\/span><\/strong> que te permite <strong><span style=\"color: #f88523;\">limitar<\/span><\/strong> dr\u00e1sticamente la <strong><span style=\"color: #f88523;\">propagaci\u00f3n del sonido<\/span><\/strong>.<\/p>\n<table class=\"table\">\n<tbody>\n<tr>\n<td><strong>Tama\u00f1o est\u00e1ndar<\/strong>:<br \/>\n2 m x 1,20 m<br \/>\n2 m x 3,60 m<br \/>\n(Otros tama\u00f1os disponibles por encargo)<\/td>\n<td><strong>Composici\u00f3n<\/strong>:<br \/>\nLona de PVC (620 g\/m<sup>2<\/sup>),<br \/>\nAcolchado de fibra de poli\u00e9ster (830 g\/m<sup>2<\/sup>),<br \/>\nFibra de vidrio negra revestida (215 g\/m<sup>2<\/sup>).<\/td>\n<\/tr>\n<tr>\n<td><strong>Clasificaci\u00f3n ante el fuego<\/strong>: <img decoding=\"async\" style=\"height: 20px; width: 20px;\" src=\"https:\/\/www.azur-scenic.com\/wp-content\/uploads\/csm_icon-flag-france_3304e5e3f9.png\" \/> M1<\/td>\n<td><strong>Peso<\/strong>: 1660 g\/m<sup>2<\/sup><\/td>\n<\/tr>\n<\/tbody>\n<\/table>\n","protected":false},"featured_media":7673,"template":"","meta":{"_acf_changed":false},"product_brand":[],"product_cat":[974,1301,944],"product_tag":[],"class_list":{"0":"post-17715","1":"product","2":"type-product","3":"status-publish","4":"has-post-thumbnail","6":"product_cat-soluciones-acusticas","7":"product_cat-aislamiento-acustico","8":"product_cat-todos-los-productos","9":"pa_couleurs-002-es","10":"pa_couleurs-003-es","11":"pa_couleurs-150-es","12":"pa_couleurs-760-es","13":"pa_groupes-de-couleurs-azules","14":"pa_groupes-de-couleurs-varios","15":"pa_groupes-de-couleurs-gris","16":"pa_textiles-absorbente-acustico","17":"pa_textiles-apto-para-uso-en-exteriores","18":"pa_textiles-ignifugo","19":"pa_textiles-imprimible","20":"pa_textiles-aislante-acustico","21":"pa_textiles-de-ocultacion-y-o-oscurecimiento","23":"first","24":"instock","25":"shipping-taxable","26":"purchasable","27":"product-type-variable"},"acf":[],"yoast_head":"<!-- This site is optimized with the Yoast SEO plugin v27.1.1 - https:\/\/yoast.com\/product\/yoast-seo-wordpress\/ -->\n<title>Outdoor Acoustic Divider - Azur Scenic<\/title>\n<meta name=\"description\" content=\"Outdoor Acoustic Divider: El separador ac\u00fastico M1 IN y OUTDOOR por excelencia. Muchos eventos urbanos se ven limitados o incluso imposibilitados por la normativa sobre ruido. \u00a1Tal vez hayas encontrado tu mejor aliado! \u00a1Ideal para eventos intraurbanos, festivales y conciertos con varios escenarios, el Acoustic Divider es el \u00fanico complejo ac\u00fastico M1 resistente al agua que te permite aislar no menos de 17\u00a0dB! Disponible en 3 colores y en versi\u00f3n imprimible, el Outdoor Acoustic Divider es la soluci\u00f3n de instalaci\u00f3n ingeniosa, ligera y extremadamente simple que te permite limitar dr\u00e1sticamente la propagaci\u00f3n del sonido.  Tama\u00f1o est\u00e1ndar: 2 m x 1,20 m 2 m x 3,60 m (Otros tama\u00f1os disponibles por encargo) Composici\u00f3n: Lona de PVC (620 g\/m2), Acolchado de fibra de poli\u00e9ster (830 g\/m2), Fibra de vidrio negra revestida (215 g\/m2).  Clasificaci\u00f3n ante el fuego: M1 Peso: 1660 g\/m2\" \/>\n<meta name=\"robots\" content=\"index, follow, max-snippet:-1, max-image-preview:large, max-video-preview:-1\" \/>\n<link rel=\"canonical\" href=\"https:\/\/www.azur-scenic.com\/es\/producto\/outdoor-acoustic-divider\/\" \/>\n<meta property=\"og:locale\" content=\"es_ES\" \/>\n<meta property=\"og:type\" content=\"article\" \/>\n<meta property=\"og:title\" content=\"Outdoor Acoustic Divider - Azur Scenic\" \/>\n<meta property=\"og:description\" content=\"Outdoor Acoustic Divider: El separador ac\u00fastico M1 IN y OUTDOOR por excelencia. Muchos eventos urbanos se ven limitados o incluso imposibilitados por la normativa sobre ruido. \u00a1Tal vez hayas encontrado tu mejor aliado! \u00a1Ideal para eventos intraurbanos, festivales y conciertos con varios escenarios, el Acoustic Divider es el \u00fanico complejo ac\u00fastico M1 resistente al agua que te permite aislar no menos de 17\u00a0dB! Disponible en 3 colores y en versi\u00f3n imprimible, el Outdoor Acoustic Divider es la soluci\u00f3n de instalaci\u00f3n ingeniosa, ligera y extremadamente simple que te permite limitar dr\u00e1sticamente la propagaci\u00f3n del sonido.  Tama\u00f1o est\u00e1ndar: 2 m x 1,20 m 2 m x 3,60 m (Otros tama\u00f1os disponibles por encargo) Composici\u00f3n: Lona de PVC (620 g\/m2), Acolchado de fibra de poli\u00e9ster (830 g\/m2), Fibra de vidrio negra revestida (215 g\/m2).  Clasificaci\u00f3n ante el fuego: M1 Peso: 1660 g\/m2\" \/>\n<meta property=\"og:url\" content=\"https:\/\/www.azur-scenic.com\/es\/producto\/outdoor-acoustic-divider\/\" \/>\n<meta property=\"og:site_name\" content=\"Azur Scenic\" \/>\n<meta property=\"article:modified_time\" content=\"2023-08-02T13:18:42+00:00\" \/>\n<meta property=\"og:image\" content=\"https:\/\/www.azur-scenic.com\/wp-content\/uploads\/281e29aa46be00bac1f8784fd1716803-scaled.jpg\" \/>\n\t<meta property=\"og:image:width\" content=\"2560\" \/>\n\t<meta property=\"og:image:height\" content=\"2560\" \/>\n\t<meta property=\"og:image:type\" content=\"image\/jpeg\" \/>\n<meta name=\"twitter:card\" content=\"summary_large_image\" \/>\n<meta name=\"twitter:label1\" content=\"Tiempo de lectura\" \/>\n\t<meta name=\"twitter:data1\" content=\"1 minuto\" \/>\n<script type=\"application\/ld+json\" class=\"yoast-schema-graph\">{\"@context\":\"https:\/\/schema.org\",\"@graph\":[{\"@type\":\"WebPage\",\"@id\":\"https:\/\/www.azur-scenic.com\/es\/producto\/outdoor-acoustic-divider\/\",\"url\":\"https:\/\/www.azur-scenic.com\/es\/producto\/outdoor-acoustic-divider\/\",\"name\":\"Outdoor Acoustic Divider - Azur Scenic\",\"isPartOf\":{\"@id\":\"https:\/\/www.azur-scenic.com\/es\/#website\"},\"primaryImageOfPage\":{\"@id\":\"https:\/\/www.azur-scenic.com\/es\/producto\/outdoor-acoustic-divider\/#primaryimage\"},\"image\":{\"@id\":\"https:\/\/www.azur-scenic.com\/es\/producto\/outdoor-acoustic-divider\/#primaryimage\"},\"thumbnailUrl\":\"https:\/\/www.azur-scenic.com\/wp-content\/uploads\/281e29aa46be00bac1f8784fd1716803-scaled.jpg\",\"datePublished\":\"2022-10-04T07:27:36+00:00\",\"dateModified\":\"2023-08-02T13:18:42+00:00\",\"description\":\"Outdoor Acoustic Divider: El separador ac\u00fastico M1 IN y OUTDOOR por excelencia. Muchos eventos urbanos se ven limitados o incluso imposibilitados por la normativa sobre ruido. \u00a1Tal vez hayas encontrado tu mejor aliado! \u00a1Ideal para eventos intraurbanos, festivales y conciertos con varios escenarios, el Acoustic Divider es el \u00fanico complejo ac\u00fastico M1 resistente al agua que te permite aislar no menos de 17\u00a0dB! Disponible en 3 colores y en versi\u00f3n imprimible, el Outdoor Acoustic Divider es la soluci\u00f3n de instalaci\u00f3n ingeniosa, ligera y extremadamente simple que te permite limitar dr\u00e1sticamente la propagaci\u00f3n del sonido. Tama\u00f1o est\u00e1ndar: 2 m x 1,20 m 2 m x 3,60 m (Otros tama\u00f1os disponibles por encargo) Composici\u00f3n: Lona de PVC (620 g\/m2), Acolchado de fibra de poli\u00e9ster (830 g\/m2), Fibra de vidrio negra revestida (215 g\/m2). Clasificaci\u00f3n ante el fuego: M1 Peso: 1660 g\/m2\",\"breadcrumb\":{\"@id\":\"https:\/\/www.azur-scenic.com\/es\/producto\/outdoor-acoustic-divider\/#breadcrumb\"},\"inLanguage\":\"es\",\"potentialAction\":[{\"@type\":\"ReadAction\",\"target\":[\"https:\/\/www.azur-scenic.com\/es\/producto\/outdoor-acoustic-divider\/\"]}]},{\"@type\":\"ImageObject\",\"inLanguage\":\"es\",\"@id\":\"https:\/\/www.azur-scenic.com\/es\/producto\/outdoor-acoustic-divider\/#primaryimage\",\"url\":\"https:\/\/www.azur-scenic.com\/wp-content\/uploads\/281e29aa46be00bac1f8784fd1716803-scaled.jpg\",\"contentUrl\":\"https:\/\/www.azur-scenic.com\/wp-content\/uploads\/281e29aa46be00bac1f8784fd1716803-scaled.jpg\",\"width\":2560,\"height\":2560},{\"@type\":\"BreadcrumbList\",\"@id\":\"https:\/\/www.azur-scenic.com\/es\/producto\/outdoor-acoustic-divider\/#breadcrumb\",\"itemListElement\":[{\"@type\":\"ListItem\",\"position\":1,\"name\":\"Accueil\",\"item\":\"https:\/\/www.azur-scenic.com\/es\/\"},{\"@type\":\"ListItem\",\"position\":2,\"name\":\"Productos\",\"item\":\"https:\/\/www.azur-scenic.com\/es\/?page_id=21440\"},{\"@type\":\"ListItem\",\"position\":3,\"name\":\"Outdoor Acoustic Divider\"}]},{\"@type\":\"WebSite\",\"@id\":\"https:\/\/www.azur-scenic.com\/es\/#website\",\"url\":\"https:\/\/www.azur-scenic.com\/es\/\",\"name\":\"Azur Scenic\",\"description\":\"Sp\u00e9cialiste de l\u2019\u00e9quipement sc\u00e9nique et de la d\u00e9coration int\u00e9rieure et \u00e9v\u00e9nementielle !\",\"publisher\":{\"@id\":\"https:\/\/www.azur-scenic.com\/es\/#organization\"},\"potentialAction\":[{\"@type\":\"SearchAction\",\"target\":{\"@type\":\"EntryPoint\",\"urlTemplate\":\"https:\/\/www.azur-scenic.com\/es\/?s={search_term_string}\"},\"query-input\":{\"@type\":\"PropertyValueSpecification\",\"valueRequired\":true,\"valueName\":\"search_term_string\"}}],\"inLanguage\":\"es\"},{\"@type\":\"Organization\",\"@id\":\"https:\/\/www.azur-scenic.com\/es\/#organization\",\"name\":\"AZUR SCENIC\",\"url\":\"https:\/\/www.azur-scenic.com\/es\/\",\"logo\":{\"@type\":\"ImageObject\",\"inLanguage\":\"es\",\"@id\":\"https:\/\/www.azur-scenic.com\/es\/#\/schema\/logo\/image\/\",\"url\":\"https:\/\/www.azur-scenic.com\/wp-content\/uploads\/2022\/09\/LOGO-AZUR-SCENIC-Fusion-web-236x64-1.jpg\",\"contentUrl\":\"https:\/\/www.azur-scenic.com\/wp-content\/uploads\/2022\/09\/LOGO-AZUR-SCENIC-Fusion-web-236x64-1.jpg\",\"width\":236,\"height\":64,\"caption\":\"AZUR SCENIC\"},\"image\":{\"@id\":\"https:\/\/www.azur-scenic.com\/es\/#\/schema\/logo\/image\/\"},\"sameAs\":[\"https:\/\/www.youtube.com\/channel\/UCPWM2mGPVUt4nYhNlm71WOA\",\"https:\/\/www.linkedin.com\/company\/33237605\/admin\/feed\/posts\/\"]}]}<\/script>\n<!-- \/ Yoast SEO plugin. -->","yoast_head_json":{"title":"Outdoor Acoustic Divider - Azur Scenic","description":"Outdoor Acoustic Divider: El separador ac\u00fastico M1 IN y OUTDOOR por excelencia. Muchos eventos urbanos se ven limitados o incluso imposibilitados por la normativa sobre ruido. \u00a1Tal vez hayas encontrado tu mejor aliado! \u00a1Ideal para eventos intraurbanos, festivales y conciertos con varios escenarios, el Acoustic Divider es el \u00fanico complejo ac\u00fastico M1 resistente al agua que te permite aislar no menos de 17\u00a0dB! Disponible en 3 colores y en versi\u00f3n imprimible, el Outdoor Acoustic Divider es la soluci\u00f3n de instalaci\u00f3n ingeniosa, ligera y extremadamente simple que te permite limitar dr\u00e1sticamente la propagaci\u00f3n del sonido.  Tama\u00f1o est\u00e1ndar: 2 m x 1,20 m 2 m x 3,60 m (Otros tama\u00f1os disponibles por encargo) Composici\u00f3n: Lona de PVC (620 g\/m2), Acolchado de fibra de poli\u00e9ster (830 g\/m2), Fibra de vidrio negra revestida (215 g\/m2).  Clasificaci\u00f3n ante el fuego: M1 Peso: 1660 g\/m2","robots":{"index":"index","follow":"follow","max-snippet":"max-snippet:-1","max-image-preview":"max-image-preview:large","max-video-preview":"max-video-preview:-1"},"canonical":"https:\/\/www.azur-scenic.com\/es\/producto\/outdoor-acoustic-divider\/","og_locale":"es_ES","og_type":"article","og_title":"Outdoor Acoustic Divider - Azur Scenic","og_description":"Outdoor Acoustic Divider: El separador ac\u00fastico M1 IN y OUTDOOR por excelencia. Muchos eventos urbanos se ven limitados o incluso imposibilitados por la normativa sobre ruido. \u00a1Tal vez hayas encontrado tu mejor aliado! \u00a1Ideal para eventos intraurbanos, festivales y conciertos con varios escenarios, el Acoustic Divider es el \u00fanico complejo ac\u00fastico M1 resistente al agua que te permite aislar no menos de 17\u00a0dB! Disponible en 3 colores y en versi\u00f3n imprimible, el Outdoor Acoustic Divider es la soluci\u00f3n de instalaci\u00f3n ingeniosa, ligera y extremadamente simple que te permite limitar dr\u00e1sticamente la propagaci\u00f3n del sonido.  Tama\u00f1o est\u00e1ndar: 2 m x 1,20 m 2 m x 3,60 m (Otros tama\u00f1os disponibles por encargo) Composici\u00f3n: Lona de PVC (620 g\/m2), Acolchado de fibra de poli\u00e9ster (830 g\/m2), Fibra de vidrio negra revestida (215 g\/m2).  Clasificaci\u00f3n ante el fuego: M1 Peso: 1660 g\/m2","og_url":"https:\/\/www.azur-scenic.com\/es\/producto\/outdoor-acoustic-divider\/","og_site_name":"Azur Scenic","article_modified_time":"2023-08-02T13:18:42+00:00","og_image":[{"width":2560,"height":2560,"url":"https:\/\/www.azur-scenic.com\/wp-content\/uploads\/281e29aa46be00bac1f8784fd1716803-scaled.jpg","type":"image\/jpeg"}],"twitter_card":"summary_large_image","twitter_misc":{"Tiempo de lectura":"1 minuto"},"schema":{"@context":"https:\/\/schema.org","@graph":[{"@type":"WebPage","@id":"https:\/\/www.azur-scenic.com\/es\/producto\/outdoor-acoustic-divider\/","url":"https:\/\/www.azur-scenic.com\/es\/producto\/outdoor-acoustic-divider\/","name":"Outdoor Acoustic Divider - Azur Scenic","isPartOf":{"@id":"https:\/\/www.azur-scenic.com\/es\/#website"},"primaryImageOfPage":{"@id":"https:\/\/www.azur-scenic.com\/es\/producto\/outdoor-acoustic-divider\/#primaryimage"},"image":{"@id":"https:\/\/www.azur-scenic.com\/es\/producto\/outdoor-acoustic-divider\/#primaryimage"},"thumbnailUrl":"https:\/\/www.azur-scenic.com\/wp-content\/uploads\/281e29aa46be00bac1f8784fd1716803-scaled.jpg","datePublished":"2022-10-04T07:27:36+00:00","dateModified":"2023-08-02T13:18:42+00:00","description":"Outdoor Acoustic Divider: El separador ac\u00fastico M1 IN y OUTDOOR por excelencia. Muchos eventos urbanos se ven limitados o incluso imposibilitados por la normativa sobre ruido. \u00a1Tal vez hayas encontrado tu mejor aliado! \u00a1Ideal para eventos intraurbanos, festivales y conciertos con varios escenarios, el Acoustic Divider es el \u00fanico complejo ac\u00fastico M1 resistente al agua que te permite aislar no menos de 17\u00a0dB! Disponible en 3 colores y en versi\u00f3n imprimible, el Outdoor Acoustic Divider es la soluci\u00f3n de instalaci\u00f3n ingeniosa, ligera y extremadamente simple que te permite limitar dr\u00e1sticamente la propagaci\u00f3n del sonido. Tama\u00f1o est\u00e1ndar: 2 m x 1,20 m 2 m x 3,60 m (Otros tama\u00f1os disponibles por encargo) Composici\u00f3n: Lona de PVC (620 g\/m2), Acolchado de fibra de poli\u00e9ster (830 g\/m2), Fibra de vidrio negra revestida (215 g\/m2). Clasificaci\u00f3n ante el fuego: M1 Peso: 1660 g\/m2","breadcrumb":{"@id":"https:\/\/www.azur-scenic.com\/es\/producto\/outdoor-acoustic-divider\/#breadcrumb"},"inLanguage":"es","potentialAction":[{"@type":"ReadAction","target":["https:\/\/www.azur-scenic.com\/es\/producto\/outdoor-acoustic-divider\/"]}]},{"@type":"ImageObject","inLanguage":"es","@id":"https:\/\/www.azur-scenic.com\/es\/producto\/outdoor-acoustic-divider\/#primaryimage","url":"https:\/\/www.azur-scenic.com\/wp-content\/uploads\/281e29aa46be00bac1f8784fd1716803-scaled.jpg","contentUrl":"https:\/\/www.azur-scenic.com\/wp-content\/uploads\/281e29aa46be00bac1f8784fd1716803-scaled.jpg","width":2560,"height":2560},{"@type":"BreadcrumbList","@id":"https:\/\/www.azur-scenic.com\/es\/producto\/outdoor-acoustic-divider\/#breadcrumb","itemListElement":[{"@type":"ListItem","position":1,"name":"Accueil","item":"https:\/\/www.azur-scenic.com\/es\/"},{"@type":"ListItem","position":2,"name":"Productos","item":"https:\/\/www.azur-scenic.com\/es\/?page_id=21440"},{"@type":"ListItem","position":3,"name":"Outdoor Acoustic Divider"}]},{"@type":"WebSite","@id":"https:\/\/www.azur-scenic.com\/es\/#website","url":"https:\/\/www.azur-scenic.com\/es\/","name":"Azur Scenic","description":"Sp\u00e9cialiste de l\u2019\u00e9quipement sc\u00e9nique et de la d\u00e9coration int\u00e9rieure et \u00e9v\u00e9nementielle !","publisher":{"@id":"https:\/\/www.azur-scenic.com\/es\/#organization"},"potentialAction":[{"@type":"SearchAction","target":{"@type":"EntryPoint","urlTemplate":"https:\/\/www.azur-scenic.com\/es\/?s={search_term_string}"},"query-input":{"@type":"PropertyValueSpecification","valueRequired":true,"valueName":"search_term_string"}}],"inLanguage":"es"},{"@type":"Organization","@id":"https:\/\/www.azur-scenic.com\/es\/#organization","name":"AZUR SCENIC","url":"https:\/\/www.azur-scenic.com\/es\/","logo":{"@type":"ImageObject","inLanguage":"es","@id":"https:\/\/www.azur-scenic.com\/es\/#\/schema\/logo\/image\/","url":"https:\/\/www.azur-scenic.com\/wp-content\/uploads\/2022\/09\/LOGO-AZUR-SCENIC-Fusion-web-236x64-1.jpg","contentUrl":"https:\/\/www.azur-scenic.com\/wp-content\/uploads\/2022\/09\/LOGO-AZUR-SCENIC-Fusion-web-236x64-1.jpg","width":236,"height":64,"caption":"AZUR SCENIC"},"image":{"@id":"https:\/\/www.azur-scenic.com\/es\/#\/schema\/logo\/image\/"},"sameAs":["https:\/\/www.youtube.com\/channel\/UCPWM2mGPVUt4nYhNlm71WOA","https:\/\/www.linkedin.com\/company\/33237605\/admin\/feed\/posts\/"]}]}},"_links":{"self":[{"href":"https:\/\/www.azur-scenic.com\/es\/wp-json\/wp\/v2\/product\/17715","targetHints":{"allow":["GET"]}}],"collection":[{"href":"https:\/\/www.azur-scenic.com\/es\/wp-json\/wp\/v2\/product"}],"about":[{"href":"https:\/\/www.azur-scenic.com\/es\/wp-json\/wp\/v2\/types\/product"}],"wp:featuredmedia":[{"embeddable":true,"href":"https:\/\/www.azur-scenic.com\/es\/wp-json\/wp\/v2\/media\/7673"}],"wp:attachment":[{"href":"https:\/\/www.azur-scenic.com\/es\/wp-json\/wp\/v2\/media?parent=17715"}],"wp:term":[{"taxonomy":"product_brand","embeddable":true,"href":"https:\/\/www.azur-scenic.com\/es\/wp-json\/wp\/v2\/product_brand?post=17715"},{"taxonomy":"product_cat","embeddable":true,"href":"https:\/\/www.azur-scenic.com\/es\/wp-json\/wp\/v2\/product_cat?post=17715"},{"taxonomy":"product_tag","embeddable":true,"href":"https:\/\/www.azur-scenic.com\/es\/wp-json\/wp\/v2\/product_tag?post=17715"}],"curies":[{"name":"wp","href":"https:\/\/api.w.org\/{rel}","templated":true}]}}