{"id":17732,"date":"2022-10-04T07:27:27","date_gmt":"2022-10-04T07:27:27","guid":{"rendered":"https:\/\/www.azur-scenic.com\/produit\/tarlatane\/"},"modified":"2023-08-02T13:13:59","modified_gmt":"2023-08-02T13:13:59","slug":"tarlatan","status":"publish","type":"product","link":"https:\/\/www.azur-scenic.com\/es\/producto\/tarlatan\/","title":{"rendered":"Tarlat\u00e1n"},"content":{"rendered":"<table>\n<thead>\n<tr>\n<th style=\"width: 170px;\">Datos t\u00e9cnicos<\/th>\n<th style=\"width: 92px;\">Valor<\/th>\n<th style=\"width: 267px;\">Comentarios<\/th>\n<\/tr>\n<\/thead>\n<tbody>\n<tr>\n<td style=\"vertical-align: top;\">Ancho<\/td>\n<td style=\"vertical-align: top; width: 92px;\">160\u00a0cm<\/td>\n<td style=\"width: 267px;\">\u00a0<\/td>\n<\/tr>\n<tr>\n<td style=\"vertical-align: top;\">Peso<\/td>\n<td style=\"vertical-align: top; width: 92px;\">35 g\/m\u00b2<\/td>\n<td style=\"width: 267px;\">\u00a0<\/td>\n<\/tr>\n<tr>\n<td style=\"vertical-align: top;\">Grosor<\/td>\n<td style=\"vertical-align: top; width: 92px;\">0,2\u00a0mm<\/td>\n<td style=\"width: 267px;\">\u00a0<\/td>\n<\/tr>\n<tr>\n<td style=\"vertical-align: top;\">Clasificaci\u00f3n ante el fuego<\/td>\n<td style=\"vertical-align: top; width: 92px;\">Sin clasificaci\u00f3n<\/td>\n<td style=\"width: 267px;\">Ignifugaci\u00f3n por encargo, solo por piezas enteras (puedes consultarnos para conocer plazos y tarifas)<br \/>\n<span style=\"font-size: 10pt;\"><em>Durante la ignifugaci\u00f3n, el tarlat\u00e1n puede sufrir una retracci\u00f3n. Asimismo, el <\/em><\/span><span style=\"font-size: 13px;\"><em>pedido de una pieza de 50 m con prestaci\u00f3n de ignifugaci\u00f3n <\/em><\/span><span style=\"font-size: 13px;\"><em>incluir\u00e1 la entrega de una pieza de un metraje final comprendido <\/em><\/span><span style=\"font-size: 13px;\"><em>entre 45 y 50 m. <\/em><\/span><\/td>\n<\/tr>\n<tr>\n<td style=\"vertical-align: top;\">Composici\u00f3n<\/td>\n<td style=\"vertical-align: top; width: 92px;\">100 % algod\u00f3n<\/td>\n<td style=\"width: 267px;\">\u00a0<\/td>\n<\/tr>\n<tr>\n<td style=\"vertical-align: top;\">Longitud del rollo<\/td>\n<td style=\"vertical-align: top; width: 92px;\">50 m<br \/>\nAncho completo enrollado<\/td>\n<td style=\"vertical-align: top; width: 267px;\">Se vende solo por pieza<br \/>\n(sin cortar)<\/td>\n<\/tr>\n<\/tbody>\n<\/table>\n","protected":false},"excerpt":{"rendered":"<p>Tejido <strong><span style=\"color: #f88523;\">ligero<\/span><\/strong> de malla abierta y aspecto irregular, el tarlat\u00e1n tiene la particularidad de estar muy <span style=\"color: #f88523;\"><strong>acabado<\/strong><\/span>, lo que le confiere <span style=\"color: #f88523;\"><strong>rigidez<\/strong><\/span> y <span style=\"color: #f88523;\"><strong>maleabilidad<\/strong><\/span>. Esta tela no presenta <span style=\"color: #f88523;\"><strong>ninguna elasticidad<\/strong><\/span>, por lo cual conserva la forma que le quieras dar.<br \/>\nEste tejido muy <span style=\"color: #f88523;\"><strong>econ\u00f3mico<\/strong><\/span> es ideal para la <span style=\"color: #f88523;\"><strong>decoraci\u00f3n de eventos<\/strong><\/span> y para <span style=\"color: #f88523;\"><strong>decorados esc\u00e9nicos<\/strong><\/span>. Revestido sobre soporte, te permitir\u00e1 darle relieve a tus creaciones. Tambi\u00e9n puede servir para la realizaci\u00f3n de <span style=\"color: #f88523;\"><strong>tapices<\/strong><\/span>, <span style=\"color: #f88523;\"><strong>decoraci\u00f3n de estructuras<\/strong><\/span> y stands, o incluso usarse para confeccionar <span style=\"color: #f88523;\"><strong>cortinas<\/strong><\/span>.<br \/>\nTejido \u00edntegramente en fibras naturales de algod\u00f3n, el tarlat\u00e1n es un tejido <span style=\"color: #f88523;\"><strong>ecol\u00f3gico<\/strong><\/span> que respeta el medioambiente.<br \/>\nComo la mayor\u00eda de los tejidos de malla abierta, el tarlat\u00e1n ofrece una <span style=\"color: #f88523;\"><strong>transparencia ac\u00fastica<\/strong><\/span> perfecta.<\/p>\n<table class=\"table\">\n<tbody>\n<tr>\n<td><strong>Ancho<\/strong>: 160\u00a0cm<\/td>\n<td><strong>Peso<\/strong>: 35 g\/m\u00b2<\/td>\n<\/tr>\n<tr>\n<td><strong>Clasificaci\u00f3n ante el fuego<\/strong>: Sin clasificaci\u00f3n<\/td>\n<td><strong>Composici\u00f3n<\/strong>: 100 % algod\u00f3n<\/td>\n<\/tr>\n<\/tbody>\n<\/table>\n","protected":false},"featured_media":14139,"template":"","meta":{"_acf_changed":false},"product_brand":[],"product_cat":[939,1323,1324,1325,1322,944],"product_tag":[],"class_list":{"0":"post-17732","1":"product","2":"type-product","3":"status-publish","4":"has-post-thumbnail","6":"product_cat-tejidos-escenicos-y-para-eventos","7":"product_cat-telas-para-pintar-y-telas-de-incrustacion","8":"product_cat-telas-para-pintar","9":"product_cat-telas-transparentes-y-tejidos-ligeros","10":"product_cat-telas-extraligeras","11":"product_cat-todos-los-productos","12":"pa_couleurs-002-es","13":"pa_couleurs-003-es","14":"pa_groupes-de-couleurs-blanco","15":"pa_groupes-de-couleurs-negro","16":"pa_textiles-transparencia-acustica","17":"pa_textiles-ecologico","18":"pa_textiles-economico","20":"first","21":"instock","22":"shipping-taxable","23":"purchasable","24":"product-type-variable"},"acf":[],"yoast_head":"<!-- This site is optimized with the Yoast SEO plugin v27.5 - https:\/\/yoast.com\/product\/yoast-seo-wordpress\/ -->\n<title>Tarlat\u00e1n - Azur Scenic<\/title>\n<meta name=\"description\" content=\"Tejido ligero de malla abierta y aspecto irregular, el tarlat\u00e1n tiene la particularidad de estar muy acabado, lo que le confiere rigidez y maleabilidad. Esta tela no presenta ninguna elasticidad, por lo cual conserva la forma que le quieras dar. Este tejido muy econ\u00f3mico es ideal para la decoraci\u00f3n de eventos y para decorados esc\u00e9nicos. Revestido sobre soporte, te permitir\u00e1 darle relieve a tus creaciones. Tambi\u00e9n puede servir para la realizaci\u00f3n de tapices, decoraci\u00f3n de estructuras y stands, o incluso usarse para confeccionar cortinas. Tejido \u00edntegramente en fibras naturales de algod\u00f3n, el tarlat\u00e1n es un tejido ecol\u00f3gico que respeta el medioambiente. Como la mayor\u00eda de los tejidos de malla abierta, el tarlat\u00e1n ofrece una transparencia ac\u00fastica perfecta.  Ancho: 160\u00a0cm Peso: 35 g\/m\u00b2  Clasificaci\u00f3n ante el fuego: Sin clasificaci\u00f3n Composici\u00f3n: 100 % algod\u00f3n\" \/>\n<meta name=\"robots\" content=\"index, follow, max-snippet:-1, max-image-preview:large, max-video-preview:-1\" \/>\n<link rel=\"canonical\" href=\"https:\/\/www.azur-scenic.com\/es\/producto\/tarlatan\/\" \/>\n<meta property=\"og:locale\" content=\"es_ES\" \/>\n<meta property=\"og:type\" content=\"article\" \/>\n<meta property=\"og:title\" content=\"Tarlat\u00e1n - Azur Scenic\" \/>\n<meta property=\"og:description\" content=\"Tejido ligero de malla abierta y aspecto irregular, el tarlat\u00e1n tiene la particularidad de estar muy acabado, lo que le confiere rigidez y maleabilidad. Esta tela no presenta ninguna elasticidad, por lo cual conserva la forma que le quieras dar. Este tejido muy econ\u00f3mico es ideal para la decoraci\u00f3n de eventos y para decorados esc\u00e9nicos. Revestido sobre soporte, te permitir\u00e1 darle relieve a tus creaciones. Tambi\u00e9n puede servir para la realizaci\u00f3n de tapices, decoraci\u00f3n de estructuras y stands, o incluso usarse para confeccionar cortinas. Tejido \u00edntegramente en fibras naturales de algod\u00f3n, el tarlat\u00e1n es un tejido ecol\u00f3gico que respeta el medioambiente. Como la mayor\u00eda de los tejidos de malla abierta, el tarlat\u00e1n ofrece una transparencia ac\u00fastica perfecta.  Ancho: 160\u00a0cm Peso: 35 g\/m\u00b2  Clasificaci\u00f3n ante el fuego: Sin clasificaci\u00f3n Composici\u00f3n: 100 % algod\u00f3n\" \/>\n<meta property=\"og:url\" content=\"https:\/\/www.azur-scenic.com\/es\/producto\/tarlatan\/\" \/>\n<meta property=\"og:site_name\" content=\"Azur Scenic\" \/>\n<meta property=\"article:modified_time\" content=\"2023-08-02T13:13:59+00:00\" \/>\n<meta property=\"og:image\" content=\"https:\/\/www.azur-scenic.com\/wp-content\/uploads\/Tarlatane-Brun-scaled.jpg\" \/>\n\t<meta property=\"og:image:width\" content=\"2560\" \/>\n\t<meta property=\"og:image:height\" content=\"2560\" \/>\n\t<meta property=\"og:image:type\" content=\"image\/jpeg\" \/>\n<meta name=\"twitter:card\" content=\"summary_large_image\" \/>\n<script type=\"application\/ld+json\" class=\"yoast-schema-graph\">{\"@context\":\"https:\\\/\\\/schema.org\",\"@graph\":[{\"@type\":\"WebPage\",\"@id\":\"https:\\\/\\\/www.azur-scenic.com\\\/es\\\/producto\\\/tarlatan\\\/\",\"url\":\"https:\\\/\\\/www.azur-scenic.com\\\/es\\\/producto\\\/tarlatan\\\/\",\"name\":\"Tarlat\u00e1n - Azur Scenic\",\"isPartOf\":{\"@id\":\"https:\\\/\\\/www.azur-scenic.com\\\/es\\\/#website\"},\"primaryImageOfPage\":{\"@id\":\"https:\\\/\\\/www.azur-scenic.com\\\/es\\\/producto\\\/tarlatan\\\/#primaryimage\"},\"image\":{\"@id\":\"https:\\\/\\\/www.azur-scenic.com\\\/es\\\/producto\\\/tarlatan\\\/#primaryimage\"},\"thumbnailUrl\":\"https:\\\/\\\/www.azur-scenic.com\\\/wp-content\\\/uploads\\\/Tarlatane-Brun-scaled.jpg\",\"datePublished\":\"2022-10-04T07:27:27+00:00\",\"dateModified\":\"2023-08-02T13:13:59+00:00\",\"description\":\"Tejido ligero de malla abierta y aspecto irregular, el tarlat\u00e1n tiene la particularidad de estar muy acabado, lo que le confiere rigidez y maleabilidad. Esta tela no presenta ninguna elasticidad, por lo cual conserva la forma que le quieras dar. Este tejido muy econ\u00f3mico es ideal para la decoraci\u00f3n de eventos y para decorados esc\u00e9nicos. Revestido sobre soporte, te permitir\u00e1 darle relieve a tus creaciones. Tambi\u00e9n puede servir para la realizaci\u00f3n de tapices, decoraci\u00f3n de estructuras y stands, o incluso usarse para confeccionar cortinas. Tejido \u00edntegramente en fibras naturales de algod\u00f3n, el tarlat\u00e1n es un tejido ecol\u00f3gico que respeta el medioambiente. Como la mayor\u00eda de los tejidos de malla abierta, el tarlat\u00e1n ofrece una transparencia ac\u00fastica perfecta. Ancho: 160\u00a0cm Peso: 35 g\\\/m\u00b2 Clasificaci\u00f3n ante el fuego: Sin clasificaci\u00f3n Composici\u00f3n: 100 % algod\u00f3n\",\"breadcrumb\":{\"@id\":\"https:\\\/\\\/www.azur-scenic.com\\\/es\\\/producto\\\/tarlatan\\\/#breadcrumb\"},\"inLanguage\":\"es\",\"potentialAction\":[{\"@type\":\"ReadAction\",\"target\":[\"https:\\\/\\\/www.azur-scenic.com\\\/es\\\/producto\\\/tarlatan\\\/\"]}]},{\"@type\":\"ImageObject\",\"inLanguage\":\"es\",\"@id\":\"https:\\\/\\\/www.azur-scenic.com\\\/es\\\/producto\\\/tarlatan\\\/#primaryimage\",\"url\":\"https:\\\/\\\/www.azur-scenic.com\\\/wp-content\\\/uploads\\\/Tarlatane-Brun-scaled.jpg\",\"contentUrl\":\"https:\\\/\\\/www.azur-scenic.com\\\/wp-content\\\/uploads\\\/Tarlatane-Brun-scaled.jpg\",\"width\":2560,\"height\":2560,\"caption\":\"Tarlatane Brun\"},{\"@type\":\"BreadcrumbList\",\"@id\":\"https:\\\/\\\/www.azur-scenic.com\\\/es\\\/producto\\\/tarlatan\\\/#breadcrumb\",\"itemListElement\":[{\"@type\":\"ListItem\",\"position\":1,\"name\":\"Accueil\",\"item\":\"https:\\\/\\\/www.azur-scenic.com\\\/es\\\/\"},{\"@type\":\"ListItem\",\"position\":2,\"name\":\"Productos\",\"item\":\"https:\\\/\\\/www.azur-scenic.com\\\/es\\\/?page_id=21440\"},{\"@type\":\"ListItem\",\"position\":3,\"name\":\"Tarlat\u00e1n\"}]},{\"@type\":\"WebSite\",\"@id\":\"https:\\\/\\\/www.azur-scenic.com\\\/es\\\/#website\",\"url\":\"https:\\\/\\\/www.azur-scenic.com\\\/es\\\/\",\"name\":\"Azur Scenic\",\"description\":\"Sp\u00e9cialiste de l\u2019\u00e9quipement sc\u00e9nique et de la d\u00e9coration int\u00e9rieure et \u00e9v\u00e9nementielle !\",\"publisher\":{\"@id\":\"https:\\\/\\\/www.azur-scenic.com\\\/es\\\/#organization\"},\"potentialAction\":[{\"@type\":\"SearchAction\",\"target\":{\"@type\":\"EntryPoint\",\"urlTemplate\":\"https:\\\/\\\/www.azur-scenic.com\\\/es\\\/?s={search_term_string}\"},\"query-input\":{\"@type\":\"PropertyValueSpecification\",\"valueRequired\":true,\"valueName\":\"search_term_string\"}}],\"inLanguage\":\"es\"},{\"@type\":\"Organization\",\"@id\":\"https:\\\/\\\/www.azur-scenic.com\\\/es\\\/#organization\",\"name\":\"AZUR SCENIC\",\"url\":\"https:\\\/\\\/www.azur-scenic.com\\\/es\\\/\",\"logo\":{\"@type\":\"ImageObject\",\"inLanguage\":\"es\",\"@id\":\"https:\\\/\\\/www.azur-scenic.com\\\/es\\\/#\\\/schema\\\/logo\\\/image\\\/\",\"url\":\"https:\\\/\\\/www.azur-scenic.com\\\/wp-content\\\/uploads\\\/2022\\\/09\\\/LOGO-AZUR-SCENIC-Fusion-web-236x64-1.jpg\",\"contentUrl\":\"https:\\\/\\\/www.azur-scenic.com\\\/wp-content\\\/uploads\\\/2022\\\/09\\\/LOGO-AZUR-SCENIC-Fusion-web-236x64-1.jpg\",\"width\":236,\"height\":64,\"caption\":\"AZUR SCENIC\"},\"image\":{\"@id\":\"https:\\\/\\\/www.azur-scenic.com\\\/es\\\/#\\\/schema\\\/logo\\\/image\\\/\"},\"sameAs\":[\"https:\\\/\\\/www.youtube.com\\\/channel\\\/UCPWM2mGPVUt4nYhNlm71WOA\",\"https:\\\/\\\/www.linkedin.com\\\/company\\\/33237605\\\/admin\\\/feed\\\/posts\\\/\"]}]}<\/script>\n<!-- \/ Yoast SEO plugin. -->","yoast_head_json":{"title":"Tarlat\u00e1n - Azur Scenic","description":"Tejido ligero de malla abierta y aspecto irregular, el tarlat\u00e1n tiene la particularidad de estar muy acabado, lo que le confiere rigidez y maleabilidad. Esta tela no presenta ninguna elasticidad, por lo cual conserva la forma que le quieras dar. Este tejido muy econ\u00f3mico es ideal para la decoraci\u00f3n de eventos y para decorados esc\u00e9nicos. Revestido sobre soporte, te permitir\u00e1 darle relieve a tus creaciones. Tambi\u00e9n puede servir para la realizaci\u00f3n de tapices, decoraci\u00f3n de estructuras y stands, o incluso usarse para confeccionar cortinas. Tejido \u00edntegramente en fibras naturales de algod\u00f3n, el tarlat\u00e1n es un tejido ecol\u00f3gico que respeta el medioambiente. Como la mayor\u00eda de los tejidos de malla abierta, el tarlat\u00e1n ofrece una transparencia ac\u00fastica perfecta.  Ancho: 160\u00a0cm Peso: 35 g\/m\u00b2  Clasificaci\u00f3n ante el fuego: Sin clasificaci\u00f3n Composici\u00f3n: 100 % algod\u00f3n","robots":{"index":"index","follow":"follow","max-snippet":"max-snippet:-1","max-image-preview":"max-image-preview:large","max-video-preview":"max-video-preview:-1"},"canonical":"https:\/\/www.azur-scenic.com\/es\/producto\/tarlatan\/","og_locale":"es_ES","og_type":"article","og_title":"Tarlat\u00e1n - Azur Scenic","og_description":"Tejido ligero de malla abierta y aspecto irregular, el tarlat\u00e1n tiene la particularidad de estar muy acabado, lo que le confiere rigidez y maleabilidad. Esta tela no presenta ninguna elasticidad, por lo cual conserva la forma que le quieras dar. Este tejido muy econ\u00f3mico es ideal para la decoraci\u00f3n de eventos y para decorados esc\u00e9nicos. Revestido sobre soporte, te permitir\u00e1 darle relieve a tus creaciones. Tambi\u00e9n puede servir para la realizaci\u00f3n de tapices, decoraci\u00f3n de estructuras y stands, o incluso usarse para confeccionar cortinas. Tejido \u00edntegramente en fibras naturales de algod\u00f3n, el tarlat\u00e1n es un tejido ecol\u00f3gico que respeta el medioambiente. Como la mayor\u00eda de los tejidos de malla abierta, el tarlat\u00e1n ofrece una transparencia ac\u00fastica perfecta.  Ancho: 160\u00a0cm Peso: 35 g\/m\u00b2  Clasificaci\u00f3n ante el fuego: Sin clasificaci\u00f3n Composici\u00f3n: 100 % algod\u00f3n","og_url":"https:\/\/www.azur-scenic.com\/es\/producto\/tarlatan\/","og_site_name":"Azur Scenic","article_modified_time":"2023-08-02T13:13:59+00:00","og_image":[{"width":2560,"height":2560,"url":"https:\/\/www.azur-scenic.com\/wp-content\/uploads\/Tarlatane-Brun-scaled.jpg","type":"image\/jpeg"}],"twitter_card":"summary_large_image","schema":{"@context":"https:\/\/schema.org","@graph":[{"@type":"WebPage","@id":"https:\/\/www.azur-scenic.com\/es\/producto\/tarlatan\/","url":"https:\/\/www.azur-scenic.com\/es\/producto\/tarlatan\/","name":"Tarlat\u00e1n - Azur Scenic","isPartOf":{"@id":"https:\/\/www.azur-scenic.com\/es\/#website"},"primaryImageOfPage":{"@id":"https:\/\/www.azur-scenic.com\/es\/producto\/tarlatan\/#primaryimage"},"image":{"@id":"https:\/\/www.azur-scenic.com\/es\/producto\/tarlatan\/#primaryimage"},"thumbnailUrl":"https:\/\/www.azur-scenic.com\/wp-content\/uploads\/Tarlatane-Brun-scaled.jpg","datePublished":"2022-10-04T07:27:27+00:00","dateModified":"2023-08-02T13:13:59+00:00","description":"Tejido ligero de malla abierta y aspecto irregular, el tarlat\u00e1n tiene la particularidad de estar muy acabado, lo que le confiere rigidez y maleabilidad. Esta tela no presenta ninguna elasticidad, por lo cual conserva la forma que le quieras dar. Este tejido muy econ\u00f3mico es ideal para la decoraci\u00f3n de eventos y para decorados esc\u00e9nicos. Revestido sobre soporte, te permitir\u00e1 darle relieve a tus creaciones. Tambi\u00e9n puede servir para la realizaci\u00f3n de tapices, decoraci\u00f3n de estructuras y stands, o incluso usarse para confeccionar cortinas. Tejido \u00edntegramente en fibras naturales de algod\u00f3n, el tarlat\u00e1n es un tejido ecol\u00f3gico que respeta el medioambiente. Como la mayor\u00eda de los tejidos de malla abierta, el tarlat\u00e1n ofrece una transparencia ac\u00fastica perfecta. Ancho: 160\u00a0cm Peso: 35 g\/m\u00b2 Clasificaci\u00f3n ante el fuego: Sin clasificaci\u00f3n Composici\u00f3n: 100 % algod\u00f3n","breadcrumb":{"@id":"https:\/\/www.azur-scenic.com\/es\/producto\/tarlatan\/#breadcrumb"},"inLanguage":"es","potentialAction":[{"@type":"ReadAction","target":["https:\/\/www.azur-scenic.com\/es\/producto\/tarlatan\/"]}]},{"@type":"ImageObject","inLanguage":"es","@id":"https:\/\/www.azur-scenic.com\/es\/producto\/tarlatan\/#primaryimage","url":"https:\/\/www.azur-scenic.com\/wp-content\/uploads\/Tarlatane-Brun-scaled.jpg","contentUrl":"https:\/\/www.azur-scenic.com\/wp-content\/uploads\/Tarlatane-Brun-scaled.jpg","width":2560,"height":2560,"caption":"Tarlatane Brun"},{"@type":"BreadcrumbList","@id":"https:\/\/www.azur-scenic.com\/es\/producto\/tarlatan\/#breadcrumb","itemListElement":[{"@type":"ListItem","position":1,"name":"Accueil","item":"https:\/\/www.azur-scenic.com\/es\/"},{"@type":"ListItem","position":2,"name":"Productos","item":"https:\/\/www.azur-scenic.com\/es\/?page_id=21440"},{"@type":"ListItem","position":3,"name":"Tarlat\u00e1n"}]},{"@type":"WebSite","@id":"https:\/\/www.azur-scenic.com\/es\/#website","url":"https:\/\/www.azur-scenic.com\/es\/","name":"Azur Scenic","description":"Sp\u00e9cialiste de l\u2019\u00e9quipement sc\u00e9nique et de la d\u00e9coration int\u00e9rieure et \u00e9v\u00e9nementielle !","publisher":{"@id":"https:\/\/www.azur-scenic.com\/es\/#organization"},"potentialAction":[{"@type":"SearchAction","target":{"@type":"EntryPoint","urlTemplate":"https:\/\/www.azur-scenic.com\/es\/?s={search_term_string}"},"query-input":{"@type":"PropertyValueSpecification","valueRequired":true,"valueName":"search_term_string"}}],"inLanguage":"es"},{"@type":"Organization","@id":"https:\/\/www.azur-scenic.com\/es\/#organization","name":"AZUR SCENIC","url":"https:\/\/www.azur-scenic.com\/es\/","logo":{"@type":"ImageObject","inLanguage":"es","@id":"https:\/\/www.azur-scenic.com\/es\/#\/schema\/logo\/image\/","url":"https:\/\/www.azur-scenic.com\/wp-content\/uploads\/2022\/09\/LOGO-AZUR-SCENIC-Fusion-web-236x64-1.jpg","contentUrl":"https:\/\/www.azur-scenic.com\/wp-content\/uploads\/2022\/09\/LOGO-AZUR-SCENIC-Fusion-web-236x64-1.jpg","width":236,"height":64,"caption":"AZUR SCENIC"},"image":{"@id":"https:\/\/www.azur-scenic.com\/es\/#\/schema\/logo\/image\/"},"sameAs":["https:\/\/www.youtube.com\/channel\/UCPWM2mGPVUt4nYhNlm71WOA","https:\/\/www.linkedin.com\/company\/33237605\/admin\/feed\/posts\/"]}]}},"_links":{"self":[{"href":"https:\/\/www.azur-scenic.com\/es\/wp-json\/wp\/v2\/product\/17732","targetHints":{"allow":["GET"]}}],"collection":[{"href":"https:\/\/www.azur-scenic.com\/es\/wp-json\/wp\/v2\/product"}],"about":[{"href":"https:\/\/www.azur-scenic.com\/es\/wp-json\/wp\/v2\/types\/product"}],"wp:featuredmedia":[{"embeddable":true,"href":"https:\/\/www.azur-scenic.com\/es\/wp-json\/wp\/v2\/media\/14139"}],"wp:attachment":[{"href":"https:\/\/www.azur-scenic.com\/es\/wp-json\/wp\/v2\/media?parent=17732"}],"wp:term":[{"taxonomy":"product_brand","embeddable":true,"href":"https:\/\/www.azur-scenic.com\/es\/wp-json\/wp\/v2\/product_brand?post=17732"},{"taxonomy":"product_cat","embeddable":true,"href":"https:\/\/www.azur-scenic.com\/es\/wp-json\/wp\/v2\/product_cat?post=17732"},{"taxonomy":"product_tag","embeddable":true,"href":"https:\/\/www.azur-scenic.com\/es\/wp-json\/wp\/v2\/product_tag?post=17732"}],"curies":[{"name":"wp","href":"https:\/\/api.w.org\/{rel}","templated":true}]}}