{"id":17759,"date":"2022-10-04T07:27:27","date_gmt":"2022-10-04T07:27:27","guid":{"rendered":"https:\/\/www.azur-scenic.com\/produit\/tulle-gobelin-cs\/"},"modified":"2023-08-02T13:14:03","modified_gmt":"2023-08-02T13:14:03","slug":"tul-gobelin-cs","status":"publish","type":"product","link":"https:\/\/www.azur-scenic.com\/es\/producto\/tul-gobelin-cs\/","title":{"rendered":"Tul Gobelin CS"},"content":{"rendered":"<table>\n<thead>\n<tr>\n<th style=\"width: 170px;\">Datos t\u00e9cnicos<\/th>\n<th>Valor<\/th>\n<th>Comentarios<\/th>\n<\/tr>\n<\/thead>\n<tbody>\n<tr>\n<td style=\"vertical-align: top;\">Tama\u00f1o de la malla<\/td>\n<td style=\"vertical-align: top;\">4 x 2\u00a0mm<\/td>\n<td style=\"vertical-align: top;\">Malla tipo \u00abdiente de tibur\u00f3n\u00bb tejida en 2 hilos<\/td>\n<\/tr>\n<tr>\n<td style=\"vertical-align: top;\">Ancho<\/td>\n<td style=\"vertical-align: top;\">1060\u00a0cm<\/td>\n<td>\u00a0<\/td>\n<\/tr>\n<tr>\n<td style=\"vertical-align: top;\">Peso<\/td>\n<td style=\"vertical-align: top;\">90 g\/m\u00b2<\/td>\n<td>\u00a0<\/td>\n<\/tr>\n<tr>\n<td style=\"vertical-align: top;\">Grosor<\/td>\n<td style=\"vertical-align: top;\">0,6\u00a0mm<\/td>\n<td>\u00a0<\/td>\n<\/tr>\n<tr>\n<td style=\"vertical-align: top;\">Clasificaci\u00f3n ante el fuego<\/td>\n<td style=\"vertical-align: top;\"><img decoding=\"async\" style=\"height: 20px; width: 20px;\" src=\"https:\/\/www.azur-scenic.com\/wp-content\/uploads\/csm_icon-flag-france_3304e5e3f9.png\" \/> M1<\/td>\n<td>Norma: NF P 92-503-507<\/td>\n<\/tr>\n<tr>\n<td style=\"vertical-align: top;\">Composici\u00f3n<\/td>\n<td style=\"vertical-align: top;\" colspan=\"2\" rowspan=\"1\">100 % poli\u00e9ster FR<\/td>\n<\/tr>\n<tr>\n<td style=\"vertical-align: top;\">Longitud del rollo<\/td>\n<td style=\"vertical-align: top;\">\u00b1 50 a 60 m<br \/>\nPlegado longitudinalmente, en pacas<\/td>\n<td style=\"vertical-align: top;\">Posibilidad de venta al corte con un m\u00ednimo de 5 m lineales.<\/td>\n<\/tr>\n<\/tbody>\n<\/table>\n","protected":false},"excerpt":{"rendered":"<p>\u00a1El equivalente del imprescindible tul Gobelin en su versi\u00f3n <span style=\"color: #f88523;\"><strong>impermeable<\/strong><\/span>!<br \/>\nEste tul de poli\u00e9ster FR con clasificaci\u00f3n ante el fuego <span style=\"color: #f88523;\"><strong>M1<\/strong><\/span> es <span style=\"color: #f88523;\"><strong>lavable<\/strong><\/span> (manteniendo sus propiedades ign\u00edfugas) y sirve para usar en <span style=\"color: #f88523;\"><strong>exteriores<\/strong><\/span> e interiores.<\/p>\n<p><span style=\"color: #f88523;\"><strong>Tul esc\u00e9nico<\/strong><\/span> de malla rectangular tipo \u00abdiente de tibur\u00f3n\u00bb, ideal para <span style=\"color: #f88523;\"><strong>efectos de aparici\u00f3n \/ desaparici\u00f3n<\/strong><\/span> que se realizan en el teatro.<br \/>\nJugando con la iluminaci\u00f3n, puedes hacer aparecer elementos ubicados detr\u00e1s del tul (la iluminaci\u00f3n desde atr\u00e1s hace que el tul se vuelva transparente) o hacerlos desaparecer completamente de la vista del p\u00fablico (la iluminaci\u00f3n frontal o lateral hacen que el tul se vuelva opaco).<br \/>\nTambi\u00e9n se puede utilizar como soporte creativo de <span style=\"color: #f88523;\"><strong>proyecci\u00f3n<\/strong><\/span> y <span style=\"color: #f88523;\"><strong>retroproyecci\u00f3n<\/strong><\/span> y se puede utilizar en duplicado para crear <span style=\"color: #f88523;\"><strong>efectos muar\u00e9<\/strong><\/span>.<br \/>\nTambi\u00e9n se puede <span style=\"color: #f88523;\"><strong>pintar<\/strong><\/span> para realizar decorados grandiosos.<br \/>\nAl igual que la mayor parte de los tules, deja pasar el sonido ofreciendo una <span style=\"color: #f88523;\"><strong>transparencia ac\u00fastica<\/strong><\/span> perfecta. Se puede instalar sin problema delante de altavoces.<br \/>\nEste tul <span style=\"color: #f88523;\"><strong>de anchura muy grande<\/strong><\/span> permite cubrir grandes superficies sin necesidad de costuras.<\/p>\n<table class=\"table\">\n<tbody>\n<tr>\n<td><strong>Ancho<\/strong>: 1060\u00a0cm<\/td>\n<td><strong>Peso<\/strong>: 90 g\/m\u00b2<\/td>\n<\/tr>\n<tr>\n<td><strong>Clasificaci\u00f3n ante el fuego<\/strong>: <img decoding=\"async\" style=\"height: 20px; width: 20px;\" src=\"https:\/\/www.azur-scenic.com\/wp-content\/uploads\/csm_icon-flag-france_3304e5e3f9.png\" \/> M1<\/td>\n<td><strong>Composici\u00f3n<\/strong>: 100 % poli\u00e9ster FR<\/td>\n<\/tr>\n<\/tbody>\n<\/table>\n","protected":false},"featured_media":13885,"template":"","meta":{"_acf_changed":false},"product_brand":[],"product_cat":[974,1119,939,1118,944],"product_tag":[],"class_list":{"0":"post-17759","1":"product","2":"type-product","3":"status-publish","4":"has-post-thumbnail","6":"product_cat-soluciones-acusticas","7":"product_cat-transparencia-acustica","8":"product_cat-tejidos-escenicos-y-para-eventos","9":"product_cat-tules","10":"product_cat-todos-los-productos","11":"pa_couleurs-002-es","12":"pa_couleurs-003-es","13":"pa_groupes-de-couleurs-blanco","14":"pa_groupes-de-couleurs-negro","15":"pa_textiles-apto-para-uso-en-exteriores","16":"pa_textiles-ignifugo","17":"pa_textiles-efectos-especiales","18":"pa_textiles-lavable","19":"pa_textiles-proyeccion-frontal","20":"pa_textiles-retroproyeccion","21":"pa_textiles-transparencia-acustica","22":"pa_textiles-transparentes-y-translucidos","23":"pa_textiles-extra-ancho","25":"first","26":"instock","27":"shipping-taxable","28":"purchasable","29":"product-type-variable"},"acf":[],"yoast_head":"<!-- This site is optimized with the Yoast SEO plugin v27.3 - https:\/\/yoast.com\/product\/yoast-seo-wordpress\/ -->\n<title>Tul Gobelin CS - Azur Scenic<\/title>\n<meta name=\"description\" content=\"\u00a1El equivalente del imprescindible tul Gobelin en su versi\u00f3n impermeable! Este tul de poli\u00e9ster FR con clasificaci\u00f3n ante el fuego M1 es lavable (manteniendo sus propiedades ign\u00edfugas) y sirve para usar en exteriores e interiores. Tul esc\u00e9nico de malla rectangular tipo \u00abdiente de tibur\u00f3n\u00bb, ideal para efectos de aparici\u00f3n \/ desaparici\u00f3n que se realizan en el teatro. Jugando con la iluminaci\u00f3n, puedes hacer aparecer elementos ubicados detr\u00e1s del tul (la iluminaci\u00f3n desde atr\u00e1s hace que el tul se vuelva transparente) o hacerlos desaparecer completamente de la vista del p\u00fablico (la iluminaci\u00f3n frontal o lateral hacen que el tul se vuelva opaco). Tambi\u00e9n se puede utilizar como soporte creativo de proyecci\u00f3n y retroproyecci\u00f3n y se puede utilizar en duplicado para crear efectos muar\u00e9. Tambi\u00e9n se puede pintar para realizar decorados grandiosos. Al igual que la mayor parte de los tules, deja pasar el sonido ofreciendo una transparencia ac\u00fastica perfecta. Se puede instalar sin problema delante de altavoces. Este tul de anchura muy grande permite cubrir grandes superficies sin necesidad de costuras.  Ancho: 1060\u00a0cm Peso: 90 g\/m\u00b2  Clasificaci\u00f3n ante el fuego: M1 Composici\u00f3n: 100 % poli\u00e9ster FR\" \/>\n<meta name=\"robots\" content=\"index, follow, max-snippet:-1, max-image-preview:large, max-video-preview:-1\" \/>\n<link rel=\"canonical\" href=\"https:\/\/www.azur-scenic.com\/es\/producto\/tul-gobelin-cs\/\" \/>\n<meta property=\"og:locale\" content=\"es_ES\" \/>\n<meta property=\"og:type\" content=\"article\" \/>\n<meta property=\"og:title\" content=\"Tul Gobelin CS - Azur Scenic\" \/>\n<meta property=\"og:description\" content=\"\u00a1El equivalente del imprescindible tul Gobelin en su versi\u00f3n impermeable! Este tul de poli\u00e9ster FR con clasificaci\u00f3n ante el fuego M1 es lavable (manteniendo sus propiedades ign\u00edfugas) y sirve para usar en exteriores e interiores. Tul esc\u00e9nico de malla rectangular tipo \u00abdiente de tibur\u00f3n\u00bb, ideal para efectos de aparici\u00f3n \/ desaparici\u00f3n que se realizan en el teatro. Jugando con la iluminaci\u00f3n, puedes hacer aparecer elementos ubicados detr\u00e1s del tul (la iluminaci\u00f3n desde atr\u00e1s hace que el tul se vuelva transparente) o hacerlos desaparecer completamente de la vista del p\u00fablico (la iluminaci\u00f3n frontal o lateral hacen que el tul se vuelva opaco). Tambi\u00e9n se puede utilizar como soporte creativo de proyecci\u00f3n y retroproyecci\u00f3n y se puede utilizar en duplicado para crear efectos muar\u00e9. Tambi\u00e9n se puede pintar para realizar decorados grandiosos. Al igual que la mayor parte de los tules, deja pasar el sonido ofreciendo una transparencia ac\u00fastica perfecta. Se puede instalar sin problema delante de altavoces. Este tul de anchura muy grande permite cubrir grandes superficies sin necesidad de costuras.  Ancho: 1060\u00a0cm Peso: 90 g\/m\u00b2  Clasificaci\u00f3n ante el fuego: M1 Composici\u00f3n: 100 % poli\u00e9ster FR\" \/>\n<meta property=\"og:url\" content=\"https:\/\/www.azur-scenic.com\/es\/producto\/tul-gobelin-cs\/\" \/>\n<meta property=\"og:site_name\" content=\"Azur Scenic\" \/>\n<meta property=\"article:modified_time\" content=\"2023-08-02T13:14:03+00:00\" \/>\n<meta property=\"og:image\" content=\"https:\/\/www.azur-scenic.com\/wp-content\/uploads\/GOBELIN-CS-BLANC-scaled.jpg\" \/>\n\t<meta property=\"og:image:width\" content=\"2560\" \/>\n\t<meta property=\"og:image:height\" content=\"2560\" \/>\n\t<meta property=\"og:image:type\" content=\"image\/jpeg\" \/>\n<meta name=\"twitter:card\" content=\"summary_large_image\" \/>\n<script type=\"application\/ld+json\" class=\"yoast-schema-graph\">{\"@context\":\"https:\\\/\\\/schema.org\",\"@graph\":[{\"@type\":\"WebPage\",\"@id\":\"https:\\\/\\\/www.azur-scenic.com\\\/es\\\/producto\\\/tul-gobelin-cs\\\/\",\"url\":\"https:\\\/\\\/www.azur-scenic.com\\\/es\\\/producto\\\/tul-gobelin-cs\\\/\",\"name\":\"Tul Gobelin CS - Azur Scenic\",\"isPartOf\":{\"@id\":\"https:\\\/\\\/www.azur-scenic.com\\\/es\\\/#website\"},\"primaryImageOfPage\":{\"@id\":\"https:\\\/\\\/www.azur-scenic.com\\\/es\\\/producto\\\/tul-gobelin-cs\\\/#primaryimage\"},\"image\":{\"@id\":\"https:\\\/\\\/www.azur-scenic.com\\\/es\\\/producto\\\/tul-gobelin-cs\\\/#primaryimage\"},\"thumbnailUrl\":\"https:\\\/\\\/www.azur-scenic.com\\\/wp-content\\\/uploads\\\/GOBELIN-CS-BLANC-scaled.jpg\",\"datePublished\":\"2022-10-04T07:27:27+00:00\",\"dateModified\":\"2023-08-02T13:14:03+00:00\",\"description\":\"\u00a1El equivalente del imprescindible tul Gobelin en su versi\u00f3n impermeable! Este tul de poli\u00e9ster FR con clasificaci\u00f3n ante el fuego M1 es lavable (manteniendo sus propiedades ign\u00edfugas) y sirve para usar en exteriores e interiores. Tul esc\u00e9nico de malla rectangular tipo \u00abdiente de tibur\u00f3n\u00bb, ideal para efectos de aparici\u00f3n \\\/ desaparici\u00f3n que se realizan en el teatro. Jugando con la iluminaci\u00f3n, puedes hacer aparecer elementos ubicados detr\u00e1s del tul (la iluminaci\u00f3n desde atr\u00e1s hace que el tul se vuelva transparente) o hacerlos desaparecer completamente de la vista del p\u00fablico (la iluminaci\u00f3n frontal o lateral hacen que el tul se vuelva opaco). Tambi\u00e9n se puede utilizar como soporte creativo de proyecci\u00f3n y retroproyecci\u00f3n y se puede utilizar en duplicado para crear efectos muar\u00e9. Tambi\u00e9n se puede pintar para realizar decorados grandiosos. Al igual que la mayor parte de los tules, deja pasar el sonido ofreciendo una transparencia ac\u00fastica perfecta. Se puede instalar sin problema delante de altavoces. Este tul de anchura muy grande permite cubrir grandes superficies sin necesidad de costuras. Ancho: 1060\u00a0cm Peso: 90 g\\\/m\u00b2 Clasificaci\u00f3n ante el fuego: M1 Composici\u00f3n: 100 % poli\u00e9ster FR\",\"breadcrumb\":{\"@id\":\"https:\\\/\\\/www.azur-scenic.com\\\/es\\\/producto\\\/tul-gobelin-cs\\\/#breadcrumb\"},\"inLanguage\":\"es\",\"potentialAction\":[{\"@type\":\"ReadAction\",\"target\":[\"https:\\\/\\\/www.azur-scenic.com\\\/es\\\/producto\\\/tul-gobelin-cs\\\/\"]}]},{\"@type\":\"ImageObject\",\"inLanguage\":\"es\",\"@id\":\"https:\\\/\\\/www.azur-scenic.com\\\/es\\\/producto\\\/tul-gobelin-cs\\\/#primaryimage\",\"url\":\"https:\\\/\\\/www.azur-scenic.com\\\/wp-content\\\/uploads\\\/GOBELIN-CS-BLANC-scaled.jpg\",\"contentUrl\":\"https:\\\/\\\/www.azur-scenic.com\\\/wp-content\\\/uploads\\\/GOBELIN-CS-BLANC-scaled.jpg\",\"width\":2560,\"height\":2560,\"caption\":\"TULLE GOBELIN CS BLANC\"},{\"@type\":\"BreadcrumbList\",\"@id\":\"https:\\\/\\\/www.azur-scenic.com\\\/es\\\/producto\\\/tul-gobelin-cs\\\/#breadcrumb\",\"itemListElement\":[{\"@type\":\"ListItem\",\"position\":1,\"name\":\"Accueil\",\"item\":\"https:\\\/\\\/www.azur-scenic.com\\\/es\\\/\"},{\"@type\":\"ListItem\",\"position\":2,\"name\":\"Productos\",\"item\":\"https:\\\/\\\/www.azur-scenic.com\\\/es\\\/?page_id=21440\"},{\"@type\":\"ListItem\",\"position\":3,\"name\":\"Tul Gobelin CS\"}]},{\"@type\":\"WebSite\",\"@id\":\"https:\\\/\\\/www.azur-scenic.com\\\/es\\\/#website\",\"url\":\"https:\\\/\\\/www.azur-scenic.com\\\/es\\\/\",\"name\":\"Azur Scenic\",\"description\":\"Sp\u00e9cialiste de l\u2019\u00e9quipement sc\u00e9nique et de la d\u00e9coration int\u00e9rieure et \u00e9v\u00e9nementielle !\",\"publisher\":{\"@id\":\"https:\\\/\\\/www.azur-scenic.com\\\/es\\\/#organization\"},\"potentialAction\":[{\"@type\":\"SearchAction\",\"target\":{\"@type\":\"EntryPoint\",\"urlTemplate\":\"https:\\\/\\\/www.azur-scenic.com\\\/es\\\/?s={search_term_string}\"},\"query-input\":{\"@type\":\"PropertyValueSpecification\",\"valueRequired\":true,\"valueName\":\"search_term_string\"}}],\"inLanguage\":\"es\"},{\"@type\":\"Organization\",\"@id\":\"https:\\\/\\\/www.azur-scenic.com\\\/es\\\/#organization\",\"name\":\"AZUR SCENIC\",\"url\":\"https:\\\/\\\/www.azur-scenic.com\\\/es\\\/\",\"logo\":{\"@type\":\"ImageObject\",\"inLanguage\":\"es\",\"@id\":\"https:\\\/\\\/www.azur-scenic.com\\\/es\\\/#\\\/schema\\\/logo\\\/image\\\/\",\"url\":\"https:\\\/\\\/www.azur-scenic.com\\\/wp-content\\\/uploads\\\/2022\\\/09\\\/LOGO-AZUR-SCENIC-Fusion-web-236x64-1.jpg\",\"contentUrl\":\"https:\\\/\\\/www.azur-scenic.com\\\/wp-content\\\/uploads\\\/2022\\\/09\\\/LOGO-AZUR-SCENIC-Fusion-web-236x64-1.jpg\",\"width\":236,\"height\":64,\"caption\":\"AZUR SCENIC\"},\"image\":{\"@id\":\"https:\\\/\\\/www.azur-scenic.com\\\/es\\\/#\\\/schema\\\/logo\\\/image\\\/\"},\"sameAs\":[\"https:\\\/\\\/www.youtube.com\\\/channel\\\/UCPWM2mGPVUt4nYhNlm71WOA\",\"https:\\\/\\\/www.linkedin.com\\\/company\\\/33237605\\\/admin\\\/feed\\\/posts\\\/\"]}]}<\/script>\n<!-- \/ Yoast SEO plugin. -->","yoast_head_json":{"title":"Tul Gobelin CS - Azur Scenic","description":"\u00a1El equivalente del imprescindible tul Gobelin en su versi\u00f3n impermeable! Este tul de poli\u00e9ster FR con clasificaci\u00f3n ante el fuego M1 es lavable (manteniendo sus propiedades ign\u00edfugas) y sirve para usar en exteriores e interiores. Tul esc\u00e9nico de malla rectangular tipo \u00abdiente de tibur\u00f3n\u00bb, ideal para efectos de aparici\u00f3n \/ desaparici\u00f3n que se realizan en el teatro. Jugando con la iluminaci\u00f3n, puedes hacer aparecer elementos ubicados detr\u00e1s del tul (la iluminaci\u00f3n desde atr\u00e1s hace que el tul se vuelva transparente) o hacerlos desaparecer completamente de la vista del p\u00fablico (la iluminaci\u00f3n frontal o lateral hacen que el tul se vuelva opaco). Tambi\u00e9n se puede utilizar como soporte creativo de proyecci\u00f3n y retroproyecci\u00f3n y se puede utilizar en duplicado para crear efectos muar\u00e9. Tambi\u00e9n se puede pintar para realizar decorados grandiosos. Al igual que la mayor parte de los tules, deja pasar el sonido ofreciendo una transparencia ac\u00fastica perfecta. Se puede instalar sin problema delante de altavoces. Este tul de anchura muy grande permite cubrir grandes superficies sin necesidad de costuras.  Ancho: 1060\u00a0cm Peso: 90 g\/m\u00b2  Clasificaci\u00f3n ante el fuego: M1 Composici\u00f3n: 100 % poli\u00e9ster FR","robots":{"index":"index","follow":"follow","max-snippet":"max-snippet:-1","max-image-preview":"max-image-preview:large","max-video-preview":"max-video-preview:-1"},"canonical":"https:\/\/www.azur-scenic.com\/es\/producto\/tul-gobelin-cs\/","og_locale":"es_ES","og_type":"article","og_title":"Tul Gobelin CS - Azur Scenic","og_description":"\u00a1El equivalente del imprescindible tul Gobelin en su versi\u00f3n impermeable! Este tul de poli\u00e9ster FR con clasificaci\u00f3n ante el fuego M1 es lavable (manteniendo sus propiedades ign\u00edfugas) y sirve para usar en exteriores e interiores. Tul esc\u00e9nico de malla rectangular tipo \u00abdiente de tibur\u00f3n\u00bb, ideal para efectos de aparici\u00f3n \/ desaparici\u00f3n que se realizan en el teatro. Jugando con la iluminaci\u00f3n, puedes hacer aparecer elementos ubicados detr\u00e1s del tul (la iluminaci\u00f3n desde atr\u00e1s hace que el tul se vuelva transparente) o hacerlos desaparecer completamente de la vista del p\u00fablico (la iluminaci\u00f3n frontal o lateral hacen que el tul se vuelva opaco). Tambi\u00e9n se puede utilizar como soporte creativo de proyecci\u00f3n y retroproyecci\u00f3n y se puede utilizar en duplicado para crear efectos muar\u00e9. Tambi\u00e9n se puede pintar para realizar decorados grandiosos. Al igual que la mayor parte de los tules, deja pasar el sonido ofreciendo una transparencia ac\u00fastica perfecta. Se puede instalar sin problema delante de altavoces. Este tul de anchura muy grande permite cubrir grandes superficies sin necesidad de costuras.  Ancho: 1060\u00a0cm Peso: 90 g\/m\u00b2  Clasificaci\u00f3n ante el fuego: M1 Composici\u00f3n: 100 % poli\u00e9ster FR","og_url":"https:\/\/www.azur-scenic.com\/es\/producto\/tul-gobelin-cs\/","og_site_name":"Azur Scenic","article_modified_time":"2023-08-02T13:14:03+00:00","og_image":[{"width":2560,"height":2560,"url":"https:\/\/www.azur-scenic.com\/wp-content\/uploads\/GOBELIN-CS-BLANC-scaled.jpg","type":"image\/jpeg"}],"twitter_card":"summary_large_image","schema":{"@context":"https:\/\/schema.org","@graph":[{"@type":"WebPage","@id":"https:\/\/www.azur-scenic.com\/es\/producto\/tul-gobelin-cs\/","url":"https:\/\/www.azur-scenic.com\/es\/producto\/tul-gobelin-cs\/","name":"Tul Gobelin CS - Azur Scenic","isPartOf":{"@id":"https:\/\/www.azur-scenic.com\/es\/#website"},"primaryImageOfPage":{"@id":"https:\/\/www.azur-scenic.com\/es\/producto\/tul-gobelin-cs\/#primaryimage"},"image":{"@id":"https:\/\/www.azur-scenic.com\/es\/producto\/tul-gobelin-cs\/#primaryimage"},"thumbnailUrl":"https:\/\/www.azur-scenic.com\/wp-content\/uploads\/GOBELIN-CS-BLANC-scaled.jpg","datePublished":"2022-10-04T07:27:27+00:00","dateModified":"2023-08-02T13:14:03+00:00","description":"\u00a1El equivalente del imprescindible tul Gobelin en su versi\u00f3n impermeable! Este tul de poli\u00e9ster FR con clasificaci\u00f3n ante el fuego M1 es lavable (manteniendo sus propiedades ign\u00edfugas) y sirve para usar en exteriores e interiores. Tul esc\u00e9nico de malla rectangular tipo \u00abdiente de tibur\u00f3n\u00bb, ideal para efectos de aparici\u00f3n \/ desaparici\u00f3n que se realizan en el teatro. Jugando con la iluminaci\u00f3n, puedes hacer aparecer elementos ubicados detr\u00e1s del tul (la iluminaci\u00f3n desde atr\u00e1s hace que el tul se vuelva transparente) o hacerlos desaparecer completamente de la vista del p\u00fablico (la iluminaci\u00f3n frontal o lateral hacen que el tul se vuelva opaco). Tambi\u00e9n se puede utilizar como soporte creativo de proyecci\u00f3n y retroproyecci\u00f3n y se puede utilizar en duplicado para crear efectos muar\u00e9. Tambi\u00e9n se puede pintar para realizar decorados grandiosos. Al igual que la mayor parte de los tules, deja pasar el sonido ofreciendo una transparencia ac\u00fastica perfecta. Se puede instalar sin problema delante de altavoces. Este tul de anchura muy grande permite cubrir grandes superficies sin necesidad de costuras. Ancho: 1060\u00a0cm Peso: 90 g\/m\u00b2 Clasificaci\u00f3n ante el fuego: M1 Composici\u00f3n: 100 % poli\u00e9ster FR","breadcrumb":{"@id":"https:\/\/www.azur-scenic.com\/es\/producto\/tul-gobelin-cs\/#breadcrumb"},"inLanguage":"es","potentialAction":[{"@type":"ReadAction","target":["https:\/\/www.azur-scenic.com\/es\/producto\/tul-gobelin-cs\/"]}]},{"@type":"ImageObject","inLanguage":"es","@id":"https:\/\/www.azur-scenic.com\/es\/producto\/tul-gobelin-cs\/#primaryimage","url":"https:\/\/www.azur-scenic.com\/wp-content\/uploads\/GOBELIN-CS-BLANC-scaled.jpg","contentUrl":"https:\/\/www.azur-scenic.com\/wp-content\/uploads\/GOBELIN-CS-BLANC-scaled.jpg","width":2560,"height":2560,"caption":"TULLE GOBELIN CS BLANC"},{"@type":"BreadcrumbList","@id":"https:\/\/www.azur-scenic.com\/es\/producto\/tul-gobelin-cs\/#breadcrumb","itemListElement":[{"@type":"ListItem","position":1,"name":"Accueil","item":"https:\/\/www.azur-scenic.com\/es\/"},{"@type":"ListItem","position":2,"name":"Productos","item":"https:\/\/www.azur-scenic.com\/es\/?page_id=21440"},{"@type":"ListItem","position":3,"name":"Tul Gobelin CS"}]},{"@type":"WebSite","@id":"https:\/\/www.azur-scenic.com\/es\/#website","url":"https:\/\/www.azur-scenic.com\/es\/","name":"Azur Scenic","description":"Sp\u00e9cialiste de l\u2019\u00e9quipement sc\u00e9nique et de la d\u00e9coration int\u00e9rieure et \u00e9v\u00e9nementielle !","publisher":{"@id":"https:\/\/www.azur-scenic.com\/es\/#organization"},"potentialAction":[{"@type":"SearchAction","target":{"@type":"EntryPoint","urlTemplate":"https:\/\/www.azur-scenic.com\/es\/?s={search_term_string}"},"query-input":{"@type":"PropertyValueSpecification","valueRequired":true,"valueName":"search_term_string"}}],"inLanguage":"es"},{"@type":"Organization","@id":"https:\/\/www.azur-scenic.com\/es\/#organization","name":"AZUR SCENIC","url":"https:\/\/www.azur-scenic.com\/es\/","logo":{"@type":"ImageObject","inLanguage":"es","@id":"https:\/\/www.azur-scenic.com\/es\/#\/schema\/logo\/image\/","url":"https:\/\/www.azur-scenic.com\/wp-content\/uploads\/2022\/09\/LOGO-AZUR-SCENIC-Fusion-web-236x64-1.jpg","contentUrl":"https:\/\/www.azur-scenic.com\/wp-content\/uploads\/2022\/09\/LOGO-AZUR-SCENIC-Fusion-web-236x64-1.jpg","width":236,"height":64,"caption":"AZUR SCENIC"},"image":{"@id":"https:\/\/www.azur-scenic.com\/es\/#\/schema\/logo\/image\/"},"sameAs":["https:\/\/www.youtube.com\/channel\/UCPWM2mGPVUt4nYhNlm71WOA","https:\/\/www.linkedin.com\/company\/33237605\/admin\/feed\/posts\/"]}]}},"_links":{"self":[{"href":"https:\/\/www.azur-scenic.com\/es\/wp-json\/wp\/v2\/product\/17759","targetHints":{"allow":["GET"]}}],"collection":[{"href":"https:\/\/www.azur-scenic.com\/es\/wp-json\/wp\/v2\/product"}],"about":[{"href":"https:\/\/www.azur-scenic.com\/es\/wp-json\/wp\/v2\/types\/product"}],"wp:featuredmedia":[{"embeddable":true,"href":"https:\/\/www.azur-scenic.com\/es\/wp-json\/wp\/v2\/media\/13885"}],"wp:attachment":[{"href":"https:\/\/www.azur-scenic.com\/es\/wp-json\/wp\/v2\/media?parent=17759"}],"wp:term":[{"taxonomy":"product_brand","embeddable":true,"href":"https:\/\/www.azur-scenic.com\/es\/wp-json\/wp\/v2\/product_brand?post=17759"},{"taxonomy":"product_cat","embeddable":true,"href":"https:\/\/www.azur-scenic.com\/es\/wp-json\/wp\/v2\/product_cat?post=17759"},{"taxonomy":"product_tag","embeddable":true,"href":"https:\/\/www.azur-scenic.com\/es\/wp-json\/wp\/v2\/product_tag?post=17759"}],"curies":[{"name":"wp","href":"https:\/\/api.w.org\/{rel}","templated":true}]}}