{"id":17767,"date":"2022-10-04T07:27:25","date_gmt":"2022-10-04T07:27:25","guid":{"rendered":"https:\/\/www.azur-scenic.com\/produit\/tulle-sprinkler\/"},"modified":"2023-08-02T13:14:02","modified_gmt":"2023-08-02T13:14:02","slug":"tul-sprinkler","status":"publish","type":"product","link":"https:\/\/www.azur-scenic.com\/es\/producto\/tul-sprinkler\/","title":{"rendered":"Tul Sprinkler"},"content":{"rendered":"<table>\n<thead>\n<tr>\n<th style=\"width: 170px;\">Datos t\u00e9cnicos<\/th>\n<th>Valor<\/th>\n<th>Comentarios<\/th>\n<\/tr>\n<\/thead>\n<tbody>\n<tr>\n<td style=\"vertical-align: top;\">Tama\u00f1o de la malla<\/td>\n<td style=\"vertical-align: top;\">5 x 3\u00a0mm<\/td>\n<td style=\"vertical-align: top;\">(malla sin estirar)<\/td>\n<\/tr>\n<tr>\n<td style=\"vertical-align: top;\">Ancho<\/td>\n<td style=\"vertical-align: top;\">500\u00a0cm<\/td>\n<td>\u00a0<\/td>\n<\/tr>\n<tr>\n<td style=\"vertical-align: top;\">Peso<\/td>\n<td style=\"vertical-align: top;\">90 g\/m\u00b2<\/td>\n<td>\u00a0<\/td>\n<\/tr>\n<tr>\n<td style=\"vertical-align: top;\">Grosor<\/td>\n<td style=\"vertical-align: top;\">0,72\u00a0mm<\/td>\n<td>\u00a0<\/td>\n<\/tr>\n<tr>\n<td style=\"vertical-align: top;\">Clasificaci\u00f3n ante el fuego<\/td>\n<td style=\"vertical-align: top;\"><img decoding=\"async\" style=\"height: 20px; width: 20px;\" src=\"https:\/\/www.azur-scenic.com\/wp-content\/uploads\/icon-flag-allemagne.png\" \/> B1<\/td>\n<td>Norma: DIN 4102-1<\/td>\n<\/tr>\n<tr>\n<td style=\"vertical-align: top;\">Sprinkler<\/td>\n<td style=\"vertical-align: top;\">Aprobaci\u00f3n VdS<\/td>\n<td>\u00a0<\/td>\n<\/tr>\n<tr>\n<td style=\"vertical-align: top;\">Composici\u00f3n<\/td>\n<td style=\"vertical-align: top;\">100 % Trevira CS<\/td>\n<td>\u00a0<\/td>\n<\/tr>\n<tr>\n<td style=\"vertical-align: top;\">Longitud del rollo<\/td>\n<td style=\"vertical-align: top;\">\u00b1 50 m<br \/>\n(plegado longitudinalmente, en pacas)<\/td>\n<td style=\"vertical-align: top;\">Posibilidad de venta al corte<\/td>\n<\/tr>\n<\/tbody>\n<\/table>\n","protected":false},"excerpt":{"rendered":"<p>Un tul <span style=\"color: #f88523;\"><strong>extra ancho<\/strong><\/span> de malla hexagonal abierta, con homologaci\u00f3n<span style=\"color: #f88523;\"><strong>Sprinkler<\/strong><\/span> (VdS), que combina <span style=\"color: #f88523;\"><strong>transparencia ac\u00fastica<\/strong><\/span>, clasificaci\u00f3n <span style=\"color: #f88523;\"><strong>ante el fuego B1<\/strong><\/span> y una ligera <span style=\"color: #f88523;\"><strong>elasticidad<\/strong><\/span>.<br \/>\nSu ancho de 5 m (que se puede extender hasta 5,15 m) te permitir\u00e1 cubrir superficies considerables sin costuras de montaje.<br \/>\nEste tul es muy solicitado para la realizaci\u00f3n de <span style=\"color: #f88523;\"><strong>techos de stands<\/strong><\/span> en ferias y salones.<br \/>\nTambi\u00e9n lo puedes usar para <span style=\"color: #f88523;\"><strong>revestir estructuras<\/strong><\/span> (gracias a su malla abierta se puede colocar delante de altavoces), o incluso como una extraordinaria superficie de <span style=\"color: #f88523;\"><strong>proyecci\u00f3n<\/strong><\/span>.<br \/>\nEste tul <span style=\"color: #f88523;\"><strong>lavable<\/strong><\/span> se puede utilizar perfectamente tanto en interiores como en <span style=\"color: #f88523;\"><strong>exteriores<\/strong><\/span>.<\/p>\n<table class=\"table\">\n<tbody>\n<tr>\n<td><strong>Ancho<\/strong>: 500\u00a0cm<\/td>\n<td><strong>Peso<\/strong>: 90 g\/m\u00b2<\/td>\n<\/tr>\n<tr>\n<td><strong>Clasificaci\u00f3n ante el fuego<\/strong>: <img decoding=\"async\" style=\"height: 20px; width: 20px;\" src=\"https:\/\/www.azur-scenic.com\/wp-content\/uploads\/icon-flag-allemagne.png\" \/> B1<\/td>\n<td><strong>Composici\u00f3n<\/strong>: 100 % Trevira CS<\/td>\n<\/tr>\n<\/tbody>\n<\/table>\n","protected":false},"featured_media":13943,"template":"","meta":{"_acf_changed":false},"product_brand":[],"product_cat":[1099,974,1119,939,1118,944],"product_tag":[],"class_list":{"0":"post-17767","1":"product","2":"type-product","3":"status-publish","4":"has-post-thumbnail","6":"product_cat-eventos","7":"product_cat-soluciones-acusticas","8":"product_cat-transparencia-acustica","9":"product_cat-tejidos-escenicos-y-para-eventos","10":"product_cat-tules","11":"product_cat-todos-los-productos","12":"pa_couleurs-002-es","13":"pa_groupes-de-couleurs-blanco","14":"pa_textiles-apto-para-uso-en-exteriores","15":"pa_textiles-ignifugo","16":"pa_textiles-lavable","17":"pa_textiles-proyeccion-frontal","18":"pa_textiles-transparencia-acustica","19":"pa_textiles-trevira-cs","20":"pa_textiles-extra-ancho","22":"first","23":"instock","24":"shipping-taxable","25":"purchasable","26":"product-type-simple"},"acf":[],"yoast_head":"<!-- This site is optimized with the Yoast SEO plugin v27.3 - https:\/\/yoast.com\/product\/yoast-seo-wordpress\/ -->\n<title>Tul Sprinkler - Azur Scenic<\/title>\n<meta name=\"description\" content=\"Un tul extra ancho de malla hexagonal abierta, con homologaci\u00f3nSprinkler (VdS), que combina transparencia ac\u00fastica, clasificaci\u00f3n ante el fuego B1 y una ligera elasticidad. Su ancho de 5 m (que se puede extender hasta 5,15 m) te permitir\u00e1 cubrir superficies considerables sin costuras de montaje. Este tul es muy solicitado para la realizaci\u00f3n de techos de stands en ferias y salones. Tambi\u00e9n lo puedes usar para revestir estructuras (gracias a su malla abierta se puede colocar delante de altavoces), o incluso como una extraordinaria superficie de proyecci\u00f3n. Este tul lavable se puede utilizar perfectamente tanto en interiores como en exteriores.  Ancho: 500\u00a0cm Peso: 90 g\/m\u00b2  Clasificaci\u00f3n ante el fuego: B1 Composici\u00f3n: 100 % Trevira CS\" \/>\n<meta name=\"robots\" content=\"index, follow, max-snippet:-1, max-image-preview:large, max-video-preview:-1\" \/>\n<link rel=\"canonical\" href=\"https:\/\/www.azur-scenic.com\/es\/producto\/tul-sprinkler\/\" \/>\n<meta property=\"og:locale\" content=\"es_ES\" \/>\n<meta property=\"og:type\" content=\"article\" \/>\n<meta property=\"og:title\" content=\"Tul Sprinkler - Azur Scenic\" \/>\n<meta property=\"og:description\" content=\"Un tul extra ancho de malla hexagonal abierta, con homologaci\u00f3nSprinkler (VdS), que combina transparencia ac\u00fastica, clasificaci\u00f3n ante el fuego B1 y una ligera elasticidad. Su ancho de 5 m (que se puede extender hasta 5,15 m) te permitir\u00e1 cubrir superficies considerables sin costuras de montaje. Este tul es muy solicitado para la realizaci\u00f3n de techos de stands en ferias y salones. Tambi\u00e9n lo puedes usar para revestir estructuras (gracias a su malla abierta se puede colocar delante de altavoces), o incluso como una extraordinaria superficie de proyecci\u00f3n. Este tul lavable se puede utilizar perfectamente tanto en interiores como en exteriores.  Ancho: 500\u00a0cm Peso: 90 g\/m\u00b2  Clasificaci\u00f3n ante el fuego: B1 Composici\u00f3n: 100 % Trevira CS\" \/>\n<meta property=\"og:url\" content=\"https:\/\/www.azur-scenic.com\/es\/producto\/tul-sprinkler\/\" \/>\n<meta property=\"og:site_name\" content=\"Azur Scenic\" \/>\n<meta property=\"article:modified_time\" content=\"2023-08-02T13:14:02+00:00\" \/>\n<meta property=\"og:image\" content=\"https:\/\/www.azur-scenic.com\/wp-content\/uploads\/TULLE-SPRINKLER-BLANC-scaled.jpg\" \/>\n\t<meta property=\"og:image:width\" content=\"2560\" \/>\n\t<meta property=\"og:image:height\" content=\"2560\" \/>\n\t<meta property=\"og:image:type\" content=\"image\/jpeg\" \/>\n<meta name=\"twitter:card\" content=\"summary_large_image\" \/>\n<script type=\"application\/ld+json\" class=\"yoast-schema-graph\">{\"@context\":\"https:\\\/\\\/schema.org\",\"@graph\":[{\"@type\":\"WebPage\",\"@id\":\"https:\\\/\\\/www.azur-scenic.com\\\/es\\\/producto\\\/tul-sprinkler\\\/\",\"url\":\"https:\\\/\\\/www.azur-scenic.com\\\/es\\\/producto\\\/tul-sprinkler\\\/\",\"name\":\"Tul Sprinkler - Azur Scenic\",\"isPartOf\":{\"@id\":\"https:\\\/\\\/www.azur-scenic.com\\\/es\\\/#website\"},\"primaryImageOfPage\":{\"@id\":\"https:\\\/\\\/www.azur-scenic.com\\\/es\\\/producto\\\/tul-sprinkler\\\/#primaryimage\"},\"image\":{\"@id\":\"https:\\\/\\\/www.azur-scenic.com\\\/es\\\/producto\\\/tul-sprinkler\\\/#primaryimage\"},\"thumbnailUrl\":\"https:\\\/\\\/www.azur-scenic.com\\\/wp-content\\\/uploads\\\/TULLE-SPRINKLER-BLANC-scaled.jpg\",\"datePublished\":\"2022-10-04T07:27:25+00:00\",\"dateModified\":\"2023-08-02T13:14:02+00:00\",\"description\":\"Un tul extra ancho de malla hexagonal abierta, con homologaci\u00f3nSprinkler (VdS), que combina transparencia ac\u00fastica, clasificaci\u00f3n ante el fuego B1 y una ligera elasticidad. Su ancho de 5 m (que se puede extender hasta 5,15 m) te permitir\u00e1 cubrir superficies considerables sin costuras de montaje. Este tul es muy solicitado para la realizaci\u00f3n de techos de stands en ferias y salones. Tambi\u00e9n lo puedes usar para revestir estructuras (gracias a su malla abierta se puede colocar delante de altavoces), o incluso como una extraordinaria superficie de proyecci\u00f3n. Este tul lavable se puede utilizar perfectamente tanto en interiores como en exteriores. Ancho: 500\u00a0cm Peso: 90 g\\\/m\u00b2 Clasificaci\u00f3n ante el fuego: B1 Composici\u00f3n: 100 % Trevira CS\",\"breadcrumb\":{\"@id\":\"https:\\\/\\\/www.azur-scenic.com\\\/es\\\/producto\\\/tul-sprinkler\\\/#breadcrumb\"},\"inLanguage\":\"es\",\"potentialAction\":[{\"@type\":\"ReadAction\",\"target\":[\"https:\\\/\\\/www.azur-scenic.com\\\/es\\\/producto\\\/tul-sprinkler\\\/\"]}]},{\"@type\":\"ImageObject\",\"inLanguage\":\"es\",\"@id\":\"https:\\\/\\\/www.azur-scenic.com\\\/es\\\/producto\\\/tul-sprinkler\\\/#primaryimage\",\"url\":\"https:\\\/\\\/www.azur-scenic.com\\\/wp-content\\\/uploads\\\/TULLE-SPRINKLER-BLANC-scaled.jpg\",\"contentUrl\":\"https:\\\/\\\/www.azur-scenic.com\\\/wp-content\\\/uploads\\\/TULLE-SPRINKLER-BLANC-scaled.jpg\",\"width\":2560,\"height\":2560,\"caption\":\"TULLE SPRINKLER BLANC\"},{\"@type\":\"BreadcrumbList\",\"@id\":\"https:\\\/\\\/www.azur-scenic.com\\\/es\\\/producto\\\/tul-sprinkler\\\/#breadcrumb\",\"itemListElement\":[{\"@type\":\"ListItem\",\"position\":1,\"name\":\"Accueil\",\"item\":\"https:\\\/\\\/www.azur-scenic.com\\\/es\\\/\"},{\"@type\":\"ListItem\",\"position\":2,\"name\":\"Productos\",\"item\":\"https:\\\/\\\/www.azur-scenic.com\\\/es\\\/?page_id=21440\"},{\"@type\":\"ListItem\",\"position\":3,\"name\":\"Tul Sprinkler\"}]},{\"@type\":\"WebSite\",\"@id\":\"https:\\\/\\\/www.azur-scenic.com\\\/es\\\/#website\",\"url\":\"https:\\\/\\\/www.azur-scenic.com\\\/es\\\/\",\"name\":\"Azur Scenic\",\"description\":\"Sp\u00e9cialiste de l\u2019\u00e9quipement sc\u00e9nique et de la d\u00e9coration int\u00e9rieure et \u00e9v\u00e9nementielle !\",\"publisher\":{\"@id\":\"https:\\\/\\\/www.azur-scenic.com\\\/es\\\/#organization\"},\"potentialAction\":[{\"@type\":\"SearchAction\",\"target\":{\"@type\":\"EntryPoint\",\"urlTemplate\":\"https:\\\/\\\/www.azur-scenic.com\\\/es\\\/?s={search_term_string}\"},\"query-input\":{\"@type\":\"PropertyValueSpecification\",\"valueRequired\":true,\"valueName\":\"search_term_string\"}}],\"inLanguage\":\"es\"},{\"@type\":\"Organization\",\"@id\":\"https:\\\/\\\/www.azur-scenic.com\\\/es\\\/#organization\",\"name\":\"AZUR SCENIC\",\"url\":\"https:\\\/\\\/www.azur-scenic.com\\\/es\\\/\",\"logo\":{\"@type\":\"ImageObject\",\"inLanguage\":\"es\",\"@id\":\"https:\\\/\\\/www.azur-scenic.com\\\/es\\\/#\\\/schema\\\/logo\\\/image\\\/\",\"url\":\"https:\\\/\\\/www.azur-scenic.com\\\/wp-content\\\/uploads\\\/2022\\\/09\\\/LOGO-AZUR-SCENIC-Fusion-web-236x64-1.jpg\",\"contentUrl\":\"https:\\\/\\\/www.azur-scenic.com\\\/wp-content\\\/uploads\\\/2022\\\/09\\\/LOGO-AZUR-SCENIC-Fusion-web-236x64-1.jpg\",\"width\":236,\"height\":64,\"caption\":\"AZUR SCENIC\"},\"image\":{\"@id\":\"https:\\\/\\\/www.azur-scenic.com\\\/es\\\/#\\\/schema\\\/logo\\\/image\\\/\"},\"sameAs\":[\"https:\\\/\\\/www.youtube.com\\\/channel\\\/UCPWM2mGPVUt4nYhNlm71WOA\",\"https:\\\/\\\/www.linkedin.com\\\/company\\\/33237605\\\/admin\\\/feed\\\/posts\\\/\"]}]}<\/script>\n<!-- \/ Yoast SEO plugin. -->","yoast_head_json":{"title":"Tul Sprinkler - Azur Scenic","description":"Un tul extra ancho de malla hexagonal abierta, con homologaci\u00f3nSprinkler (VdS), que combina transparencia ac\u00fastica, clasificaci\u00f3n ante el fuego B1 y una ligera elasticidad. Su ancho de 5 m (que se puede extender hasta 5,15 m) te permitir\u00e1 cubrir superficies considerables sin costuras de montaje. Este tul es muy solicitado para la realizaci\u00f3n de techos de stands en ferias y salones. Tambi\u00e9n lo puedes usar para revestir estructuras (gracias a su malla abierta se puede colocar delante de altavoces), o incluso como una extraordinaria superficie de proyecci\u00f3n. Este tul lavable se puede utilizar perfectamente tanto en interiores como en exteriores.  Ancho: 500\u00a0cm Peso: 90 g\/m\u00b2  Clasificaci\u00f3n ante el fuego: B1 Composici\u00f3n: 100 % Trevira CS","robots":{"index":"index","follow":"follow","max-snippet":"max-snippet:-1","max-image-preview":"max-image-preview:large","max-video-preview":"max-video-preview:-1"},"canonical":"https:\/\/www.azur-scenic.com\/es\/producto\/tul-sprinkler\/","og_locale":"es_ES","og_type":"article","og_title":"Tul Sprinkler - Azur Scenic","og_description":"Un tul extra ancho de malla hexagonal abierta, con homologaci\u00f3nSprinkler (VdS), que combina transparencia ac\u00fastica, clasificaci\u00f3n ante el fuego B1 y una ligera elasticidad. Su ancho de 5 m (que se puede extender hasta 5,15 m) te permitir\u00e1 cubrir superficies considerables sin costuras de montaje. Este tul es muy solicitado para la realizaci\u00f3n de techos de stands en ferias y salones. Tambi\u00e9n lo puedes usar para revestir estructuras (gracias a su malla abierta se puede colocar delante de altavoces), o incluso como una extraordinaria superficie de proyecci\u00f3n. Este tul lavable se puede utilizar perfectamente tanto en interiores como en exteriores.  Ancho: 500\u00a0cm Peso: 90 g\/m\u00b2  Clasificaci\u00f3n ante el fuego: B1 Composici\u00f3n: 100 % Trevira CS","og_url":"https:\/\/www.azur-scenic.com\/es\/producto\/tul-sprinkler\/","og_site_name":"Azur Scenic","article_modified_time":"2023-08-02T13:14:02+00:00","og_image":[{"width":2560,"height":2560,"url":"https:\/\/www.azur-scenic.com\/wp-content\/uploads\/TULLE-SPRINKLER-BLANC-scaled.jpg","type":"image\/jpeg"}],"twitter_card":"summary_large_image","schema":{"@context":"https:\/\/schema.org","@graph":[{"@type":"WebPage","@id":"https:\/\/www.azur-scenic.com\/es\/producto\/tul-sprinkler\/","url":"https:\/\/www.azur-scenic.com\/es\/producto\/tul-sprinkler\/","name":"Tul Sprinkler - Azur Scenic","isPartOf":{"@id":"https:\/\/www.azur-scenic.com\/es\/#website"},"primaryImageOfPage":{"@id":"https:\/\/www.azur-scenic.com\/es\/producto\/tul-sprinkler\/#primaryimage"},"image":{"@id":"https:\/\/www.azur-scenic.com\/es\/producto\/tul-sprinkler\/#primaryimage"},"thumbnailUrl":"https:\/\/www.azur-scenic.com\/wp-content\/uploads\/TULLE-SPRINKLER-BLANC-scaled.jpg","datePublished":"2022-10-04T07:27:25+00:00","dateModified":"2023-08-02T13:14:02+00:00","description":"Un tul extra ancho de malla hexagonal abierta, con homologaci\u00f3nSprinkler (VdS), que combina transparencia ac\u00fastica, clasificaci\u00f3n ante el fuego B1 y una ligera elasticidad. Su ancho de 5 m (que se puede extender hasta 5,15 m) te permitir\u00e1 cubrir superficies considerables sin costuras de montaje. Este tul es muy solicitado para la realizaci\u00f3n de techos de stands en ferias y salones. Tambi\u00e9n lo puedes usar para revestir estructuras (gracias a su malla abierta se puede colocar delante de altavoces), o incluso como una extraordinaria superficie de proyecci\u00f3n. Este tul lavable se puede utilizar perfectamente tanto en interiores como en exteriores. Ancho: 500\u00a0cm Peso: 90 g\/m\u00b2 Clasificaci\u00f3n ante el fuego: B1 Composici\u00f3n: 100 % Trevira CS","breadcrumb":{"@id":"https:\/\/www.azur-scenic.com\/es\/producto\/tul-sprinkler\/#breadcrumb"},"inLanguage":"es","potentialAction":[{"@type":"ReadAction","target":["https:\/\/www.azur-scenic.com\/es\/producto\/tul-sprinkler\/"]}]},{"@type":"ImageObject","inLanguage":"es","@id":"https:\/\/www.azur-scenic.com\/es\/producto\/tul-sprinkler\/#primaryimage","url":"https:\/\/www.azur-scenic.com\/wp-content\/uploads\/TULLE-SPRINKLER-BLANC-scaled.jpg","contentUrl":"https:\/\/www.azur-scenic.com\/wp-content\/uploads\/TULLE-SPRINKLER-BLANC-scaled.jpg","width":2560,"height":2560,"caption":"TULLE SPRINKLER BLANC"},{"@type":"BreadcrumbList","@id":"https:\/\/www.azur-scenic.com\/es\/producto\/tul-sprinkler\/#breadcrumb","itemListElement":[{"@type":"ListItem","position":1,"name":"Accueil","item":"https:\/\/www.azur-scenic.com\/es\/"},{"@type":"ListItem","position":2,"name":"Productos","item":"https:\/\/www.azur-scenic.com\/es\/?page_id=21440"},{"@type":"ListItem","position":3,"name":"Tul Sprinkler"}]},{"@type":"WebSite","@id":"https:\/\/www.azur-scenic.com\/es\/#website","url":"https:\/\/www.azur-scenic.com\/es\/","name":"Azur Scenic","description":"Sp\u00e9cialiste de l\u2019\u00e9quipement sc\u00e9nique et de la d\u00e9coration int\u00e9rieure et \u00e9v\u00e9nementielle !","publisher":{"@id":"https:\/\/www.azur-scenic.com\/es\/#organization"},"potentialAction":[{"@type":"SearchAction","target":{"@type":"EntryPoint","urlTemplate":"https:\/\/www.azur-scenic.com\/es\/?s={search_term_string}"},"query-input":{"@type":"PropertyValueSpecification","valueRequired":true,"valueName":"search_term_string"}}],"inLanguage":"es"},{"@type":"Organization","@id":"https:\/\/www.azur-scenic.com\/es\/#organization","name":"AZUR SCENIC","url":"https:\/\/www.azur-scenic.com\/es\/","logo":{"@type":"ImageObject","inLanguage":"es","@id":"https:\/\/www.azur-scenic.com\/es\/#\/schema\/logo\/image\/","url":"https:\/\/www.azur-scenic.com\/wp-content\/uploads\/2022\/09\/LOGO-AZUR-SCENIC-Fusion-web-236x64-1.jpg","contentUrl":"https:\/\/www.azur-scenic.com\/wp-content\/uploads\/2022\/09\/LOGO-AZUR-SCENIC-Fusion-web-236x64-1.jpg","width":236,"height":64,"caption":"AZUR SCENIC"},"image":{"@id":"https:\/\/www.azur-scenic.com\/es\/#\/schema\/logo\/image\/"},"sameAs":["https:\/\/www.youtube.com\/channel\/UCPWM2mGPVUt4nYhNlm71WOA","https:\/\/www.linkedin.com\/company\/33237605\/admin\/feed\/posts\/"]}]}},"_links":{"self":[{"href":"https:\/\/www.azur-scenic.com\/es\/wp-json\/wp\/v2\/product\/17767","targetHints":{"allow":["GET"]}}],"collection":[{"href":"https:\/\/www.azur-scenic.com\/es\/wp-json\/wp\/v2\/product"}],"about":[{"href":"https:\/\/www.azur-scenic.com\/es\/wp-json\/wp\/v2\/types\/product"}],"wp:featuredmedia":[{"embeddable":true,"href":"https:\/\/www.azur-scenic.com\/es\/wp-json\/wp\/v2\/media\/13943"}],"wp:attachment":[{"href":"https:\/\/www.azur-scenic.com\/es\/wp-json\/wp\/v2\/media?parent=17767"}],"wp:term":[{"taxonomy":"product_brand","embeddable":true,"href":"https:\/\/www.azur-scenic.com\/es\/wp-json\/wp\/v2\/product_brand?post=17767"},{"taxonomy":"product_cat","embeddable":true,"href":"https:\/\/www.azur-scenic.com\/es\/wp-json\/wp\/v2\/product_cat?post=17767"},{"taxonomy":"product_tag","embeddable":true,"href":"https:\/\/www.azur-scenic.com\/es\/wp-json\/wp\/v2\/product_tag?post=17767"}],"curies":[{"name":"wp","href":"https:\/\/api.w.org\/{rel}","templated":true}]}}