{"id":17770,"date":"2022-10-04T07:27:24","date_gmt":"2022-10-04T07:27:24","guid":{"rendered":"https:\/\/www.azur-scenic.com\/produit\/tulle-metallic\/"},"modified":"2023-08-02T13:14:03","modified_gmt":"2023-08-02T13:14:03","slug":"tul-metallic","status":"publish","type":"product","link":"https:\/\/www.azur-scenic.com\/es\/producto\/tul-metallic\/","title":{"rendered":"Tul Metallic"},"content":{"rendered":"<table style=\"width: 517px;\">\n<thead>\n<tr>\n<th style=\"width: 170px;\">Datos t\u00e9cnicos<\/th>\n<th style=\"width: 107px;\">Valor<\/th>\n<th style=\"width: 217px;\">Comentarios<\/th>\n<\/tr>\n<\/thead>\n<tbody>\n<tr>\n<td style=\"vertical-align: top;\">Ancho<\/td>\n<td style=\"vertical-align: top; width: 107px;\">410\u00a0cm<\/td>\n<td style=\"vertical-align: top; width: 217px;\">\u00a0<\/td>\n<\/tr>\n<tr>\n<td style=\"vertical-align: top;\">Peso<\/td>\n<td style=\"vertical-align: top; width: 107px;\">60 g\/m\u00b2<\/td>\n<td style=\"vertical-align: top; width: 217px;\">\u00a0<\/td>\n<\/tr>\n<tr>\n<td style=\"vertical-align: top;\">Grosor<\/td>\n<td style=\"vertical-align: top; width: 107px;\">0,50\u00a0mm<\/td>\n<td style=\"vertical-align: top; width: 217px;\">\u00a0<\/td>\n<\/tr>\n<tr>\n<td style=\"vertical-align: top;\">Clasificaci\u00f3n ante el fuego<\/td>\n<td style=\"vertical-align: top; width: 107px;\"><img decoding=\"async\" style=\"height: 20px; width: 20px;\" src=\"https:\/\/www.azur-scenic.com\/wp-content\/uploads\/icon-flag-europe.png\" \/> B-s1,d0<\/td>\n<td style=\"vertical-align: top; width: 217px;\">Norma: UNI EN 13501-1<\/td>\n<\/tr>\n<tr>\n<td style=\"vertical-align: top;\">Composici\u00f3n<\/td>\n<td style=\"vertical-align: top; width: 328px;\" colspan=\"2\" rowspan=\"1\">100 % Trevira CS<\/td>\n<\/tr>\n<tr>\n<td style=\"vertical-align: top;\">Longitud del rollo<\/td>\n<td style=\"vertical-align: top; width: 107px;\">50 m<\/td>\n<td style=\"vertical-align: top; width: 217px;\">Ancho completo enrollado<br \/>\nPosibilidad de venta al corte: S\u00ed, (5 metros lineales como m\u00ednimo)<\/td>\n<\/tr>\n<\/tbody>\n<\/table>\n","protected":false},"excerpt":{"rendered":"<p>Un tejido <span style=\"color: #f88523;\"><strong>ligero<\/strong><\/span> con apariencia de <strong><span style=\"color: #f88523;\">metal plateado<\/span><\/strong> y clasificaci\u00f3n <span style=\"color: #f88523;\"><strong>ante el fuego B-s1,d0<\/strong><\/span>, que ofrece una interesante <span style=\"color: #f88523;\"><strong>elasticidad<\/strong><\/span> en sentido longitudinal.<\/p>\n<p>Su aspecto tipo \u00abcota de malla\u00bb lo convierte en un tejido <span style=\"color: #f88523;\"><strong>decorativo<\/strong><\/span> ideal para decorar con <span style=\"color: #f88523;\"><strong>cortinas<\/strong><\/span> espacios contempor\u00e1neos de dise\u00f1o industrial.<br \/>\nAtr\u00e9vete tambi\u00e9n a utilizar configuraciones de luces n\u00edtidas para sacar el mejor partido a la capacidad t\u00e9cnica de este material: puedes aprovechar su <span style=\"color: #f88523;\"><strong>transparencia<\/strong><\/span> o crear paredes <span style=\"color: #f88523;\"><strong>opacas<\/strong><\/span> con aspecto metalizado. Tambi\u00e9n te servir\u00e1 para realizar las escenograf\u00edas m\u00e1s creativas como soporte de <span style=\"color: #f88523;\"><strong>proyecci\u00f3n<\/strong><\/span> o de <span style=\"color: #f88523;\"><strong>retroproyecci\u00f3n<\/strong><\/span> fuera de lo com\u00fan.<\/p>\n<p>Este tejido 100 % de <span style=\"color: #f88523;\"><strong>Trevira CS<\/strong><\/span> es <strong><span style=\"color: #f88523;\">lavable<\/span><\/strong> y se adapta para utilizar en interiores y <span style=\"color: #f88523;\"><strong>exteriores<\/strong><\/span>.<\/p>\n<table class=\"table\">\n<tbody>\n<tr>\n<td><strong>Ancho<\/strong>: 410\u00a0cm<\/td>\n<td><strong>Peso<\/strong>: 60 g\/m\u00b2<\/td>\n<\/tr>\n<tr>\n<td><strong>Clasificaci\u00f3n ante el fuego<\/strong>: \u00a0<img decoding=\"async\" style=\"height: 20px; width: 20px;\" src=\"https:\/\/www.azur-scenic.com\/wp-content\/uploads\/icon-flag-europe.png\" \/> B-s1,d0<\/td>\n<td><strong>Composici\u00f3n<\/strong>: 100 % Trevira CS<\/td>\n<\/tr>\n<\/tbody>\n<\/table>\n","protected":false},"featured_media":13918,"template":"","meta":{"_acf_changed":false},"product_brand":[],"product_cat":[1008,939,1364,1363,1118,1325,1322,1362,944],"product_tag":[],"class_list":{"0":"post-17770","1":"product","2":"type-product","3":"status-publish","4":"has-post-thumbnail","6":"product_cat-decoracion","7":"product_cat-tejidos-escenicos-y-para-eventos","8":"product_cat-extensibles","9":"product_cat-tejidos-metalizados","10":"product_cat-tules","11":"product_cat-telas-transparentes-y-tejidos-ligeros","12":"product_cat-telas-extraligeras","13":"product_cat-telas-transparentes","14":"product_cat-todos-los-productos","15":"pa_couleurs-089-es","16":"pa_groupes-de-couleurs-varios","17":"pa_textiles-apto-para-uso-en-exteriores","18":"pa_textiles-brillantes-laqueados-y-metalicos","19":"pa_textiles-ignifugo","20":"pa_textiles-efectos-especiales","21":"pa_textiles-extensible","22":"pa_textiles-lavable","23":"pa_textiles-proyeccion-frontal","24":"pa_textiles-retroproyeccion","25":"pa_textiles-transparentes-y-translucidos","26":"pa_textiles-trevira-cs","28":"first","29":"instock","30":"shipping-taxable","31":"purchasable","32":"product-type-simple"},"acf":[],"yoast_head":"<!-- This site is optimized with the Yoast SEO plugin v27.3 - https:\/\/yoast.com\/product\/yoast-seo-wordpress\/ -->\n<title>Tul Metallic - Azur Scenic<\/title>\n<meta name=\"description\" content=\"Un tejido ligero con apariencia de metal plateado y clasificaci\u00f3n ante el fuego B-s1,d0, que ofrece una interesante elasticidad en sentido longitudinal. Su aspecto tipo \u00abcota de malla\u00bb lo convierte en un tejido decorativo ideal para decorar con cortinas espacios contempor\u00e1neos de dise\u00f1o industrial. Atr\u00e9vete tambi\u00e9n a utilizar configuraciones de luces n\u00edtidas para sacar el mejor partido a la capacidad t\u00e9cnica de este material: puedes aprovechar su transparencia o crear paredes opacas con aspecto metalizado. Tambi\u00e9n te servir\u00e1 para realizar las escenograf\u00edas m\u00e1s creativas como soporte de proyecci\u00f3n o de retroproyecci\u00f3n fuera de lo com\u00fan. Este tejido 100 % de Trevira CS es lavable y se adapta para utilizar en interiores y exteriores.  Ancho: 410\u00a0cm Peso: 60 g\/m\u00b2  Clasificaci\u00f3n ante el fuego: \u00a0 B-s1,d0 Composici\u00f3n: 100 % Trevira CS\" \/>\n<meta name=\"robots\" content=\"index, follow, max-snippet:-1, max-image-preview:large, max-video-preview:-1\" \/>\n<link rel=\"canonical\" href=\"https:\/\/www.azur-scenic.com\/es\/producto\/tul-metallic\/\" \/>\n<meta property=\"og:locale\" content=\"es_ES\" \/>\n<meta property=\"og:type\" content=\"article\" \/>\n<meta property=\"og:title\" content=\"Tul Metallic - Azur Scenic\" \/>\n<meta property=\"og:description\" content=\"Un tejido ligero con apariencia de metal plateado y clasificaci\u00f3n ante el fuego B-s1,d0, que ofrece una interesante elasticidad en sentido longitudinal. Su aspecto tipo \u00abcota de malla\u00bb lo convierte en un tejido decorativo ideal para decorar con cortinas espacios contempor\u00e1neos de dise\u00f1o industrial. Atr\u00e9vete tambi\u00e9n a utilizar configuraciones de luces n\u00edtidas para sacar el mejor partido a la capacidad t\u00e9cnica de este material: puedes aprovechar su transparencia o crear paredes opacas con aspecto metalizado. Tambi\u00e9n te servir\u00e1 para realizar las escenograf\u00edas m\u00e1s creativas como soporte de proyecci\u00f3n o de retroproyecci\u00f3n fuera de lo com\u00fan. Este tejido 100 % de Trevira CS es lavable y se adapta para utilizar en interiores y exteriores.  Ancho: 410\u00a0cm Peso: 60 g\/m\u00b2  Clasificaci\u00f3n ante el fuego: \u00a0 B-s1,d0 Composici\u00f3n: 100 % Trevira CS\" \/>\n<meta property=\"og:url\" content=\"https:\/\/www.azur-scenic.com\/es\/producto\/tul-metallic\/\" \/>\n<meta property=\"og:site_name\" content=\"Azur Scenic\" \/>\n<meta property=\"article:modified_time\" content=\"2023-08-02T13:14:03+00:00\" \/>\n<meta property=\"og:image\" content=\"https:\/\/www.azur-scenic.com\/wp-content\/uploads\/METALLIC-scaled.jpg\" \/>\n\t<meta property=\"og:image:width\" content=\"2560\" \/>\n\t<meta property=\"og:image:height\" content=\"2560\" \/>\n\t<meta property=\"og:image:type\" content=\"image\/jpeg\" \/>\n<meta name=\"twitter:card\" content=\"summary_large_image\" \/>\n<script type=\"application\/ld+json\" class=\"yoast-schema-graph\">{\"@context\":\"https:\\\/\\\/schema.org\",\"@graph\":[{\"@type\":\"WebPage\",\"@id\":\"https:\\\/\\\/www.azur-scenic.com\\\/es\\\/producto\\\/tul-metallic\\\/\",\"url\":\"https:\\\/\\\/www.azur-scenic.com\\\/es\\\/producto\\\/tul-metallic\\\/\",\"name\":\"Tul Metallic - Azur Scenic\",\"isPartOf\":{\"@id\":\"https:\\\/\\\/www.azur-scenic.com\\\/es\\\/#website\"},\"primaryImageOfPage\":{\"@id\":\"https:\\\/\\\/www.azur-scenic.com\\\/es\\\/producto\\\/tul-metallic\\\/#primaryimage\"},\"image\":{\"@id\":\"https:\\\/\\\/www.azur-scenic.com\\\/es\\\/producto\\\/tul-metallic\\\/#primaryimage\"},\"thumbnailUrl\":\"https:\\\/\\\/www.azur-scenic.com\\\/wp-content\\\/uploads\\\/METALLIC-scaled.jpg\",\"datePublished\":\"2022-10-04T07:27:24+00:00\",\"dateModified\":\"2023-08-02T13:14:03+00:00\",\"description\":\"Un tejido ligero con apariencia de metal plateado y clasificaci\u00f3n ante el fuego B-s1,d0, que ofrece una interesante elasticidad en sentido longitudinal. Su aspecto tipo \u00abcota de malla\u00bb lo convierte en un tejido decorativo ideal para decorar con cortinas espacios contempor\u00e1neos de dise\u00f1o industrial. Atr\u00e9vete tambi\u00e9n a utilizar configuraciones de luces n\u00edtidas para sacar el mejor partido a la capacidad t\u00e9cnica de este material: puedes aprovechar su transparencia o crear paredes opacas con aspecto metalizado. Tambi\u00e9n te servir\u00e1 para realizar las escenograf\u00edas m\u00e1s creativas como soporte de proyecci\u00f3n o de retroproyecci\u00f3n fuera de lo com\u00fan. Este tejido 100 % de Trevira CS es lavable y se adapta para utilizar en interiores y exteriores. Ancho: 410\u00a0cm Peso: 60 g\\\/m\u00b2 Clasificaci\u00f3n ante el fuego: \u00a0 B-s1,d0 Composici\u00f3n: 100 % Trevira CS\",\"breadcrumb\":{\"@id\":\"https:\\\/\\\/www.azur-scenic.com\\\/es\\\/producto\\\/tul-metallic\\\/#breadcrumb\"},\"inLanguage\":\"es\",\"potentialAction\":[{\"@type\":\"ReadAction\",\"target\":[\"https:\\\/\\\/www.azur-scenic.com\\\/es\\\/producto\\\/tul-metallic\\\/\"]}]},{\"@type\":\"ImageObject\",\"inLanguage\":\"es\",\"@id\":\"https:\\\/\\\/www.azur-scenic.com\\\/es\\\/producto\\\/tul-metallic\\\/#primaryimage\",\"url\":\"https:\\\/\\\/www.azur-scenic.com\\\/wp-content\\\/uploads\\\/METALLIC-scaled.jpg\",\"contentUrl\":\"https:\\\/\\\/www.azur-scenic.com\\\/wp-content\\\/uploads\\\/METALLIC-scaled.jpg\",\"width\":2560,\"height\":2560,\"caption\":\"TULLE METALLIC\"},{\"@type\":\"BreadcrumbList\",\"@id\":\"https:\\\/\\\/www.azur-scenic.com\\\/es\\\/producto\\\/tul-metallic\\\/#breadcrumb\",\"itemListElement\":[{\"@type\":\"ListItem\",\"position\":1,\"name\":\"Accueil\",\"item\":\"https:\\\/\\\/www.azur-scenic.com\\\/es\\\/\"},{\"@type\":\"ListItem\",\"position\":2,\"name\":\"Productos\",\"item\":\"https:\\\/\\\/www.azur-scenic.com\\\/es\\\/?page_id=21440\"},{\"@type\":\"ListItem\",\"position\":3,\"name\":\"Tul Metallic\"}]},{\"@type\":\"WebSite\",\"@id\":\"https:\\\/\\\/www.azur-scenic.com\\\/es\\\/#website\",\"url\":\"https:\\\/\\\/www.azur-scenic.com\\\/es\\\/\",\"name\":\"Azur Scenic\",\"description\":\"Sp\u00e9cialiste de l\u2019\u00e9quipement sc\u00e9nique et de la d\u00e9coration int\u00e9rieure et \u00e9v\u00e9nementielle !\",\"publisher\":{\"@id\":\"https:\\\/\\\/www.azur-scenic.com\\\/es\\\/#organization\"},\"potentialAction\":[{\"@type\":\"SearchAction\",\"target\":{\"@type\":\"EntryPoint\",\"urlTemplate\":\"https:\\\/\\\/www.azur-scenic.com\\\/es\\\/?s={search_term_string}\"},\"query-input\":{\"@type\":\"PropertyValueSpecification\",\"valueRequired\":true,\"valueName\":\"search_term_string\"}}],\"inLanguage\":\"es\"},{\"@type\":\"Organization\",\"@id\":\"https:\\\/\\\/www.azur-scenic.com\\\/es\\\/#organization\",\"name\":\"AZUR SCENIC\",\"url\":\"https:\\\/\\\/www.azur-scenic.com\\\/es\\\/\",\"logo\":{\"@type\":\"ImageObject\",\"inLanguage\":\"es\",\"@id\":\"https:\\\/\\\/www.azur-scenic.com\\\/es\\\/#\\\/schema\\\/logo\\\/image\\\/\",\"url\":\"https:\\\/\\\/www.azur-scenic.com\\\/wp-content\\\/uploads\\\/2022\\\/09\\\/LOGO-AZUR-SCENIC-Fusion-web-236x64-1.jpg\",\"contentUrl\":\"https:\\\/\\\/www.azur-scenic.com\\\/wp-content\\\/uploads\\\/2022\\\/09\\\/LOGO-AZUR-SCENIC-Fusion-web-236x64-1.jpg\",\"width\":236,\"height\":64,\"caption\":\"AZUR SCENIC\"},\"image\":{\"@id\":\"https:\\\/\\\/www.azur-scenic.com\\\/es\\\/#\\\/schema\\\/logo\\\/image\\\/\"},\"sameAs\":[\"https:\\\/\\\/www.youtube.com\\\/channel\\\/UCPWM2mGPVUt4nYhNlm71WOA\",\"https:\\\/\\\/www.linkedin.com\\\/company\\\/33237605\\\/admin\\\/feed\\\/posts\\\/\"]}]}<\/script>\n<!-- \/ Yoast SEO plugin. -->","yoast_head_json":{"title":"Tul Metallic - Azur Scenic","description":"Un tejido ligero con apariencia de metal plateado y clasificaci\u00f3n ante el fuego B-s1,d0, que ofrece una interesante elasticidad en sentido longitudinal. Su aspecto tipo \u00abcota de malla\u00bb lo convierte en un tejido decorativo ideal para decorar con cortinas espacios contempor\u00e1neos de dise\u00f1o industrial. Atr\u00e9vete tambi\u00e9n a utilizar configuraciones de luces n\u00edtidas para sacar el mejor partido a la capacidad t\u00e9cnica de este material: puedes aprovechar su transparencia o crear paredes opacas con aspecto metalizado. Tambi\u00e9n te servir\u00e1 para realizar las escenograf\u00edas m\u00e1s creativas como soporte de proyecci\u00f3n o de retroproyecci\u00f3n fuera de lo com\u00fan. Este tejido 100 % de Trevira CS es lavable y se adapta para utilizar en interiores y exteriores.  Ancho: 410\u00a0cm Peso: 60 g\/m\u00b2  Clasificaci\u00f3n ante el fuego: \u00a0 B-s1,d0 Composici\u00f3n: 100 % Trevira CS","robots":{"index":"index","follow":"follow","max-snippet":"max-snippet:-1","max-image-preview":"max-image-preview:large","max-video-preview":"max-video-preview:-1"},"canonical":"https:\/\/www.azur-scenic.com\/es\/producto\/tul-metallic\/","og_locale":"es_ES","og_type":"article","og_title":"Tul Metallic - Azur Scenic","og_description":"Un tejido ligero con apariencia de metal plateado y clasificaci\u00f3n ante el fuego B-s1,d0, que ofrece una interesante elasticidad en sentido longitudinal. Su aspecto tipo \u00abcota de malla\u00bb lo convierte en un tejido decorativo ideal para decorar con cortinas espacios contempor\u00e1neos de dise\u00f1o industrial. Atr\u00e9vete tambi\u00e9n a utilizar configuraciones de luces n\u00edtidas para sacar el mejor partido a la capacidad t\u00e9cnica de este material: puedes aprovechar su transparencia o crear paredes opacas con aspecto metalizado. Tambi\u00e9n te servir\u00e1 para realizar las escenograf\u00edas m\u00e1s creativas como soporte de proyecci\u00f3n o de retroproyecci\u00f3n fuera de lo com\u00fan. Este tejido 100 % de Trevira CS es lavable y se adapta para utilizar en interiores y exteriores.  Ancho: 410\u00a0cm Peso: 60 g\/m\u00b2  Clasificaci\u00f3n ante el fuego: \u00a0 B-s1,d0 Composici\u00f3n: 100 % Trevira CS","og_url":"https:\/\/www.azur-scenic.com\/es\/producto\/tul-metallic\/","og_site_name":"Azur Scenic","article_modified_time":"2023-08-02T13:14:03+00:00","og_image":[{"width":2560,"height":2560,"url":"https:\/\/www.azur-scenic.com\/wp-content\/uploads\/METALLIC-scaled.jpg","type":"image\/jpeg"}],"twitter_card":"summary_large_image","schema":{"@context":"https:\/\/schema.org","@graph":[{"@type":"WebPage","@id":"https:\/\/www.azur-scenic.com\/es\/producto\/tul-metallic\/","url":"https:\/\/www.azur-scenic.com\/es\/producto\/tul-metallic\/","name":"Tul Metallic - Azur Scenic","isPartOf":{"@id":"https:\/\/www.azur-scenic.com\/es\/#website"},"primaryImageOfPage":{"@id":"https:\/\/www.azur-scenic.com\/es\/producto\/tul-metallic\/#primaryimage"},"image":{"@id":"https:\/\/www.azur-scenic.com\/es\/producto\/tul-metallic\/#primaryimage"},"thumbnailUrl":"https:\/\/www.azur-scenic.com\/wp-content\/uploads\/METALLIC-scaled.jpg","datePublished":"2022-10-04T07:27:24+00:00","dateModified":"2023-08-02T13:14:03+00:00","description":"Un tejido ligero con apariencia de metal plateado y clasificaci\u00f3n ante el fuego B-s1,d0, que ofrece una interesante elasticidad en sentido longitudinal. Su aspecto tipo \u00abcota de malla\u00bb lo convierte en un tejido decorativo ideal para decorar con cortinas espacios contempor\u00e1neos de dise\u00f1o industrial. Atr\u00e9vete tambi\u00e9n a utilizar configuraciones de luces n\u00edtidas para sacar el mejor partido a la capacidad t\u00e9cnica de este material: puedes aprovechar su transparencia o crear paredes opacas con aspecto metalizado. Tambi\u00e9n te servir\u00e1 para realizar las escenograf\u00edas m\u00e1s creativas como soporte de proyecci\u00f3n o de retroproyecci\u00f3n fuera de lo com\u00fan. Este tejido 100 % de Trevira CS es lavable y se adapta para utilizar en interiores y exteriores. Ancho: 410\u00a0cm Peso: 60 g\/m\u00b2 Clasificaci\u00f3n ante el fuego: \u00a0 B-s1,d0 Composici\u00f3n: 100 % Trevira CS","breadcrumb":{"@id":"https:\/\/www.azur-scenic.com\/es\/producto\/tul-metallic\/#breadcrumb"},"inLanguage":"es","potentialAction":[{"@type":"ReadAction","target":["https:\/\/www.azur-scenic.com\/es\/producto\/tul-metallic\/"]}]},{"@type":"ImageObject","inLanguage":"es","@id":"https:\/\/www.azur-scenic.com\/es\/producto\/tul-metallic\/#primaryimage","url":"https:\/\/www.azur-scenic.com\/wp-content\/uploads\/METALLIC-scaled.jpg","contentUrl":"https:\/\/www.azur-scenic.com\/wp-content\/uploads\/METALLIC-scaled.jpg","width":2560,"height":2560,"caption":"TULLE METALLIC"},{"@type":"BreadcrumbList","@id":"https:\/\/www.azur-scenic.com\/es\/producto\/tul-metallic\/#breadcrumb","itemListElement":[{"@type":"ListItem","position":1,"name":"Accueil","item":"https:\/\/www.azur-scenic.com\/es\/"},{"@type":"ListItem","position":2,"name":"Productos","item":"https:\/\/www.azur-scenic.com\/es\/?page_id=21440"},{"@type":"ListItem","position":3,"name":"Tul Metallic"}]},{"@type":"WebSite","@id":"https:\/\/www.azur-scenic.com\/es\/#website","url":"https:\/\/www.azur-scenic.com\/es\/","name":"Azur Scenic","description":"Sp\u00e9cialiste de l\u2019\u00e9quipement sc\u00e9nique et de la d\u00e9coration int\u00e9rieure et \u00e9v\u00e9nementielle !","publisher":{"@id":"https:\/\/www.azur-scenic.com\/es\/#organization"},"potentialAction":[{"@type":"SearchAction","target":{"@type":"EntryPoint","urlTemplate":"https:\/\/www.azur-scenic.com\/es\/?s={search_term_string}"},"query-input":{"@type":"PropertyValueSpecification","valueRequired":true,"valueName":"search_term_string"}}],"inLanguage":"es"},{"@type":"Organization","@id":"https:\/\/www.azur-scenic.com\/es\/#organization","name":"AZUR SCENIC","url":"https:\/\/www.azur-scenic.com\/es\/","logo":{"@type":"ImageObject","inLanguage":"es","@id":"https:\/\/www.azur-scenic.com\/es\/#\/schema\/logo\/image\/","url":"https:\/\/www.azur-scenic.com\/wp-content\/uploads\/2022\/09\/LOGO-AZUR-SCENIC-Fusion-web-236x64-1.jpg","contentUrl":"https:\/\/www.azur-scenic.com\/wp-content\/uploads\/2022\/09\/LOGO-AZUR-SCENIC-Fusion-web-236x64-1.jpg","width":236,"height":64,"caption":"AZUR SCENIC"},"image":{"@id":"https:\/\/www.azur-scenic.com\/es\/#\/schema\/logo\/image\/"},"sameAs":["https:\/\/www.youtube.com\/channel\/UCPWM2mGPVUt4nYhNlm71WOA","https:\/\/www.linkedin.com\/company\/33237605\/admin\/feed\/posts\/"]}]}},"_links":{"self":[{"href":"https:\/\/www.azur-scenic.com\/es\/wp-json\/wp\/v2\/product\/17770","targetHints":{"allow":["GET"]}}],"collection":[{"href":"https:\/\/www.azur-scenic.com\/es\/wp-json\/wp\/v2\/product"}],"about":[{"href":"https:\/\/www.azur-scenic.com\/es\/wp-json\/wp\/v2\/types\/product"}],"wp:featuredmedia":[{"embeddable":true,"href":"https:\/\/www.azur-scenic.com\/es\/wp-json\/wp\/v2\/media\/13918"}],"wp:attachment":[{"href":"https:\/\/www.azur-scenic.com\/es\/wp-json\/wp\/v2\/media?parent=17770"}],"wp:term":[{"taxonomy":"product_brand","embeddable":true,"href":"https:\/\/www.azur-scenic.com\/es\/wp-json\/wp\/v2\/product_brand?post=17770"},{"taxonomy":"product_cat","embeddable":true,"href":"https:\/\/www.azur-scenic.com\/es\/wp-json\/wp\/v2\/product_cat?post=17770"},{"taxonomy":"product_tag","embeddable":true,"href":"https:\/\/www.azur-scenic.com\/es\/wp-json\/wp\/v2\/product_tag?post=17770"}],"curies":[{"name":"wp","href":"https:\/\/api.w.org\/{rel}","templated":true}]}}