{"id":17771,"date":"2022-10-04T07:27:24","date_gmt":"2022-10-04T07:27:24","guid":{"rendered":"https:\/\/www.azur-scenic.com\/produit\/retro-blanc\/"},"modified":"2023-08-02T13:14:04","modified_gmt":"2023-08-02T13:14:04","slug":"retro-blanco","status":"publish","type":"product","link":"https:\/\/www.azur-scenic.com\/es\/producto\/retro-blanco\/","title":{"rendered":"Retro blanco"},"content":{"rendered":"<table>\n<thead>\n<tr>\n<th style=\"width: 150px;\">Datos t\u00e9cnicos<\/th>\n<th style=\"width: 182px;\">Valor<\/th>\n<th style=\"width: 179px;\">Comentarios<\/th>\n<\/tr>\n<\/thead>\n<tbody>\n<tr>\n<td style=\"vertical-align: top; width: 150px;\">Ancho<\/td>\n<td style=\"vertical-align: top; width: 182px;\">230\u00a0cm<\/td>\n<td style=\"vertical-align: top; width: 179px;\">\u00a0<\/td>\n<\/tr>\n<tr>\n<td style=\"vertical-align: top; width: 150px;\">Peso<\/td>\n<td style=\"vertical-align: top; width: 182px;\">450 g\/m\u00b2<\/td>\n<td style=\"vertical-align: top; width: 179px;\">Norma: NF T 54-101<\/td>\n<\/tr>\n<tr>\n<td style=\"vertical-align: top; width: 150px;\">Grosor<\/td>\n<td style=\"vertical-align: top; width: 182px;\">0,3\u00a0mm<\/td>\n<td style=\"vertical-align: top; width: 179px;\">Norma: NF T 54-101<\/td>\n<\/tr>\n<tr>\n<td style=\"vertical-align: top; width: 150px;\">Clasificaci\u00f3n ante el fuego<\/td>\n<td style=\"vertical-align: top; width: 182px;\"><img decoding=\"async\" style=\"height: 20px; width: 20px;\" src=\"https:\/\/www.azur-scenic.com\/wp-content\/uploads\/icon-flag-france.png?1542281963\" \/> M1<br \/>\n<img decoding=\"async\" style=\"height: 20px; width: 20px;\" src=\"https:\/\/www.azur-scenic.com\/wp-content\/uploads\/icon-flag-usa.png\" \/> Pass<\/td>\n<td style=\"vertical-align: top; width: 179px;\">Norma: NF P 92-503-507<br \/>\nNorma: NFPA 701<\/td>\n<\/tr>\n<tr>\n<td style=\"vertical-align: top; width: 150px;\">Composici\u00f3n<\/td>\n<td style=\"vertical-align: top; width: 182px;\">100 % PVC<\/td>\n<td style=\"vertical-align: top; width: 179px;\">\u00a0<\/td>\n<\/tr>\n<tr>\n<td style=\"vertical-align: top; width: 150px;\">Longitud del rollo<\/td>\n<td style=\"vertical-align: top; width: 182px;\">100 m<\/td>\n<td style=\"vertical-align: top; width: 179px;\">Posibilidad de venta al corte<\/td>\n<\/tr>\n<tr>\n<td style=\"vertical-align: top; width: 150px;\">Alargamiento hasta la rotura<\/td>\n<td style=\"vertical-align: top; width: 182px;\">En el sentido de la m\u00e1quina: > 200 %<br \/>\nEn sentido transversal: > 200 %<\/td>\n<td style=\"vertical-align: top; width: 179px;\">NF EN ISO 527-3<\/td>\n<\/tr>\n<tr>\n<td style=\"vertical-align: top; width: 150px;\">Resistencia a la tracci\u00f3n<\/td>\n<td style=\"vertical-align: top; width: 182px;\">En el sentido de la m\u00e1quina: > 12 MPa<br \/>\nEn sentido transversal: > 12 MPa<\/td>\n<td style=\"vertical-align: top; width: 179px;\">NF EN ISO 527-3<\/td>\n<\/tr>\n<\/tbody>\n<\/table>\n","protected":false},"excerpt":{"rendered":"<p>La<span style=\"color: #f88523;\"><strong> tela mixta<\/strong><\/span> de PVC de referencia que se puede utilizar en <strong><span style=\"color: #f88523;\">retroproyecci\u00f3n<\/span><\/strong> y en <strong><span style=\"color: #f88523;\">proyecci\u00f3n frontal<\/span><\/strong>. La imagen que se proyecta en esta pantalla se puede ver de los dos lados (en espejo).<br \/>\nDe color blanco-crema, esta tela con clasificaci\u00f3n ante el fuego <span style=\"color: #f88523;\"><strong>M1<\/strong><\/span> tiene una <span style=\"color: #f88523;\"><strong>curva de luminosidad<\/strong><\/span> (ganancia) <span style=\"color: #f88523;\"><strong>ultra estable<\/strong><\/span>.<br \/>\nDurante la fabricaci\u00f3n, buscamos lograr un aspecto y una transparencia homog\u00e9neos, para obtener <span style=\"color: #f88523;\"><strong>propiedades \u00f3pticas \u00f3ptimas<\/strong><\/span>. Este material transl\u00facido funciona muy bien para la realizaci\u00f3n de <span style=\"color: #f88523;\"><strong>sombras chinas<\/strong><\/span>.<br \/>\nTambi\u00e9n aseguramos la mejor <span style=\"color: #f88523;\"><strong>planicidad<\/strong><\/span> posible. Realizamos en nuestros talleres <span style=\"color: #f88523;\"><strong>soldaduras de montaje casi invisibles<\/strong><\/span> (ultrafinas y ultraplanas) para que nuestras pantallas se puedan <span style=\"color: #f88523;\"><strong>colgar<\/strong><\/span>, tensar <span style=\"color: #f88523;\"><strong>sobre bastidores<\/strong><\/span> o incluso montar bajo <span style=\"color: #f88523;\"><strong>rodillos motorizados<\/strong><\/span>.<br \/>\nEsta tela de PVC <span style=\"color: #f88523;\"><strong>lavable<\/strong><\/span> se adapta tanto a usos interiores como <span style=\"color: #f88523;\"><strong>exteriores<\/strong><\/span> y cuenta con propiedades de <strong><span style=\"color: #f88523;\">aislamiento ac\u00fastico<\/span><\/strong>.<br \/>\nEsta pantalla tambi\u00e9n se puede <span style=\"color: #f88523;\"><strong>imprimir<\/strong><\/span> para que puedas crear las escenograf\u00edas m\u00e1s originales.<\/p>\n<p>\u00a0<\/p>\n<table class=\"table\">\n<tbody>\n<tr>\n<td><strong>Ancho<\/strong>: 230\u00a0cm<\/td>\n<td><strong>Peso<\/strong>: 450 g\/m\u00b2<\/td>\n<\/tr>\n<tr>\n<td><strong>Clasificaci\u00f3n ante el fuego<\/strong>: <img decoding=\"async\" style=\"height: 20px; width: 20px;\" src=\"https:\/\/www.azur-scenic.com\/wp-content\/uploads\/icon-flag-france.png?1542281963\" \/> M1 <img decoding=\"async\" style=\"height: 20px; width: 20px;\" src=\"https:\/\/www.azur-scenic.com\/wp-content\/uploads\/icon-flag-usa.png\" \/> Pass<\/td>\n<td><strong>Composici\u00f3n<\/strong>: 100 % PVC<\/td>\n<\/tr>\n<\/tbody>\n<\/table>\n","protected":false},"featured_media":16484,"template":"","meta":{"_acf_changed":false},"product_brand":[],"product_cat":[943,944,1196,1367],"product_tag":[],"class_list":{"0":"post-17771","1":"product","2":"type-product","3":"status-publish","4":"has-post-thumbnail","6":"product_cat-teatro","7":"product_cat-todos-los-productos","8":"product_cat-pantallas-de-proyeccion-y-telas-de-pvc","9":"product_cat-telas-de-retroproyeccion","10":"pa_couleurs-030-es","11":"pa_groupes-de-couleurs-blanco","12":"pa_textiles-apto-para-uso-en-exteriores","13":"pa_textiles-ignifugo","14":"pa_textiles-imprimible","15":"pa_textiles-aislante-acustico","16":"pa_textiles-lavable","17":"pa_textiles-proyeccion-frontal","18":"pa_textiles-retroproyeccion","19":"pa_textiles-transparentes-y-translucidos","21":"first","22":"instock","23":"shipping-taxable","24":"purchasable","25":"product-type-simple"},"acf":[],"yoast_head":"<!-- This site is optimized with the Yoast SEO plugin v27.3 - https:\/\/yoast.com\/product\/yoast-seo-wordpress\/ -->\n<title>Retro blanco - Azur Scenic<\/title>\n<meta name=\"description\" content=\"La tela mixta de PVC de referencia que se puede utilizar en retroproyecci\u00f3n y en proyecci\u00f3n frontal. La imagen que se proyecta en esta pantalla se puede ver de los dos lados (en espejo). De color blanco-crema, esta tela con clasificaci\u00f3n ante el fuego M1 tiene una curva de luminosidad (ganancia) ultra estable. Durante la fabricaci\u00f3n, buscamos lograr un aspecto y una transparencia homog\u00e9neos, para obtener propiedades \u00f3pticas \u00f3ptimas. Este material transl\u00facido funciona muy bien para la realizaci\u00f3n de sombras chinas. Tambi\u00e9n aseguramos la mejor planicidad posible. Realizamos en nuestros talleres soldaduras de montaje casi invisibles (ultrafinas y ultraplanas) para que nuestras pantallas se puedan colgar, tensar sobre bastidores o incluso montar bajo rodillos motorizados. Esta tela de PVC lavable se adapta tanto a usos interiores como exteriores y cuenta con propiedades de aislamiento ac\u00fastico. Esta pantalla tambi\u00e9n se puede imprimir para que puedas crear las escenograf\u00edas m\u00e1s originales. \u00a0  Ancho: 230\u00a0cm Peso: 450 g\/m\u00b2  Clasificaci\u00f3n ante el fuego: M1 Pass Composici\u00f3n: 100 % PVC\" \/>\n<meta name=\"robots\" content=\"index, follow, max-snippet:-1, max-image-preview:large, max-video-preview:-1\" \/>\n<link rel=\"canonical\" href=\"https:\/\/www.azur-scenic.com\/es\/producto\/retro-blanco\/\" \/>\n<meta property=\"og:locale\" content=\"es_ES\" \/>\n<meta property=\"og:type\" content=\"article\" \/>\n<meta property=\"og:title\" content=\"Retro blanco - Azur Scenic\" \/>\n<meta property=\"og:description\" content=\"La tela mixta de PVC de referencia que se puede utilizar en retroproyecci\u00f3n y en proyecci\u00f3n frontal. La imagen que se proyecta en esta pantalla se puede ver de los dos lados (en espejo). De color blanco-crema, esta tela con clasificaci\u00f3n ante el fuego M1 tiene una curva de luminosidad (ganancia) ultra estable. Durante la fabricaci\u00f3n, buscamos lograr un aspecto y una transparencia homog\u00e9neos, para obtener propiedades \u00f3pticas \u00f3ptimas. Este material transl\u00facido funciona muy bien para la realizaci\u00f3n de sombras chinas. Tambi\u00e9n aseguramos la mejor planicidad posible. Realizamos en nuestros talleres soldaduras de montaje casi invisibles (ultrafinas y ultraplanas) para que nuestras pantallas se puedan colgar, tensar sobre bastidores o incluso montar bajo rodillos motorizados. Esta tela de PVC lavable se adapta tanto a usos interiores como exteriores y cuenta con propiedades de aislamiento ac\u00fastico. Esta pantalla tambi\u00e9n se puede imprimir para que puedas crear las escenograf\u00edas m\u00e1s originales. \u00a0  Ancho: 230\u00a0cm Peso: 450 g\/m\u00b2  Clasificaci\u00f3n ante el fuego: M1 Pass Composici\u00f3n: 100 % PVC\" \/>\n<meta property=\"og:url\" content=\"https:\/\/www.azur-scenic.com\/es\/producto\/retro-blanco\/\" \/>\n<meta property=\"og:site_name\" content=\"Azur Scenic\" \/>\n<meta property=\"article:modified_time\" content=\"2023-08-02T13:14:04+00:00\" \/>\n<meta property=\"og:image\" content=\"https:\/\/www.azur-scenic.com\/wp-content\/uploads\/RETRO-BLANC.jpg\" \/>\n\t<meta property=\"og:image:width\" content=\"1715\" \/>\n\t<meta property=\"og:image:height\" content=\"1715\" \/>\n\t<meta property=\"og:image:type\" content=\"image\/jpeg\" \/>\n<meta name=\"twitter:card\" content=\"summary_large_image\" \/>\n<script type=\"application\/ld+json\" class=\"yoast-schema-graph\">{\"@context\":\"https:\\\/\\\/schema.org\",\"@graph\":[{\"@type\":\"WebPage\",\"@id\":\"https:\\\/\\\/www.azur-scenic.com\\\/es\\\/producto\\\/retro-blanco\\\/\",\"url\":\"https:\\\/\\\/www.azur-scenic.com\\\/es\\\/producto\\\/retro-blanco\\\/\",\"name\":\"Retro blanco - Azur Scenic\",\"isPartOf\":{\"@id\":\"https:\\\/\\\/www.azur-scenic.com\\\/es\\\/#website\"},\"primaryImageOfPage\":{\"@id\":\"https:\\\/\\\/www.azur-scenic.com\\\/es\\\/producto\\\/retro-blanco\\\/#primaryimage\"},\"image\":{\"@id\":\"https:\\\/\\\/www.azur-scenic.com\\\/es\\\/producto\\\/retro-blanco\\\/#primaryimage\"},\"thumbnailUrl\":\"https:\\\/\\\/www.azur-scenic.com\\\/wp-content\\\/uploads\\\/RETRO-BLANC.jpg\",\"datePublished\":\"2022-10-04T07:27:24+00:00\",\"dateModified\":\"2023-08-02T13:14:04+00:00\",\"description\":\"La tela mixta de PVC de referencia que se puede utilizar en retroproyecci\u00f3n y en proyecci\u00f3n frontal. La imagen que se proyecta en esta pantalla se puede ver de los dos lados (en espejo). De color blanco-crema, esta tela con clasificaci\u00f3n ante el fuego M1 tiene una curva de luminosidad (ganancia) ultra estable. Durante la fabricaci\u00f3n, buscamos lograr un aspecto y una transparencia homog\u00e9neos, para obtener propiedades \u00f3pticas \u00f3ptimas. Este material transl\u00facido funciona muy bien para la realizaci\u00f3n de sombras chinas. Tambi\u00e9n aseguramos la mejor planicidad posible. Realizamos en nuestros talleres soldaduras de montaje casi invisibles (ultrafinas y ultraplanas) para que nuestras pantallas se puedan colgar, tensar sobre bastidores o incluso montar bajo rodillos motorizados. Esta tela de PVC lavable se adapta tanto a usos interiores como exteriores y cuenta con propiedades de aislamiento ac\u00fastico. Esta pantalla tambi\u00e9n se puede imprimir para que puedas crear las escenograf\u00edas m\u00e1s originales. \u00a0 Ancho: 230\u00a0cm Peso: 450 g\\\/m\u00b2 Clasificaci\u00f3n ante el fuego: M1 Pass Composici\u00f3n: 100 % PVC\",\"breadcrumb\":{\"@id\":\"https:\\\/\\\/www.azur-scenic.com\\\/es\\\/producto\\\/retro-blanco\\\/#breadcrumb\"},\"inLanguage\":\"es\",\"potentialAction\":[{\"@type\":\"ReadAction\",\"target\":[\"https:\\\/\\\/www.azur-scenic.com\\\/es\\\/producto\\\/retro-blanco\\\/\"]}]},{\"@type\":\"ImageObject\",\"inLanguage\":\"es\",\"@id\":\"https:\\\/\\\/www.azur-scenic.com\\\/es\\\/producto\\\/retro-blanco\\\/#primaryimage\",\"url\":\"https:\\\/\\\/www.azur-scenic.com\\\/wp-content\\\/uploads\\\/RETRO-BLANC.jpg\",\"contentUrl\":\"https:\\\/\\\/www.azur-scenic.com\\\/wp-content\\\/uploads\\\/RETRO-BLANC.jpg\",\"width\":1715,\"height\":1715,\"caption\":\"RETRO BLANC\"},{\"@type\":\"BreadcrumbList\",\"@id\":\"https:\\\/\\\/www.azur-scenic.com\\\/es\\\/producto\\\/retro-blanco\\\/#breadcrumb\",\"itemListElement\":[{\"@type\":\"ListItem\",\"position\":1,\"name\":\"Accueil\",\"item\":\"https:\\\/\\\/www.azur-scenic.com\\\/es\\\/\"},{\"@type\":\"ListItem\",\"position\":2,\"name\":\"Productos\",\"item\":\"https:\\\/\\\/www.azur-scenic.com\\\/es\\\/?page_id=21440\"},{\"@type\":\"ListItem\",\"position\":3,\"name\":\"Retro blanco\"}]},{\"@type\":\"WebSite\",\"@id\":\"https:\\\/\\\/www.azur-scenic.com\\\/es\\\/#website\",\"url\":\"https:\\\/\\\/www.azur-scenic.com\\\/es\\\/\",\"name\":\"Azur Scenic\",\"description\":\"Sp\u00e9cialiste de l\u2019\u00e9quipement sc\u00e9nique et de la d\u00e9coration int\u00e9rieure et \u00e9v\u00e9nementielle !\",\"publisher\":{\"@id\":\"https:\\\/\\\/www.azur-scenic.com\\\/es\\\/#organization\"},\"potentialAction\":[{\"@type\":\"SearchAction\",\"target\":{\"@type\":\"EntryPoint\",\"urlTemplate\":\"https:\\\/\\\/www.azur-scenic.com\\\/es\\\/?s={search_term_string}\"},\"query-input\":{\"@type\":\"PropertyValueSpecification\",\"valueRequired\":true,\"valueName\":\"search_term_string\"}}],\"inLanguage\":\"es\"},{\"@type\":\"Organization\",\"@id\":\"https:\\\/\\\/www.azur-scenic.com\\\/es\\\/#organization\",\"name\":\"AZUR SCENIC\",\"url\":\"https:\\\/\\\/www.azur-scenic.com\\\/es\\\/\",\"logo\":{\"@type\":\"ImageObject\",\"inLanguage\":\"es\",\"@id\":\"https:\\\/\\\/www.azur-scenic.com\\\/es\\\/#\\\/schema\\\/logo\\\/image\\\/\",\"url\":\"https:\\\/\\\/www.azur-scenic.com\\\/wp-content\\\/uploads\\\/2022\\\/09\\\/LOGO-AZUR-SCENIC-Fusion-web-236x64-1.jpg\",\"contentUrl\":\"https:\\\/\\\/www.azur-scenic.com\\\/wp-content\\\/uploads\\\/2022\\\/09\\\/LOGO-AZUR-SCENIC-Fusion-web-236x64-1.jpg\",\"width\":236,\"height\":64,\"caption\":\"AZUR SCENIC\"},\"image\":{\"@id\":\"https:\\\/\\\/www.azur-scenic.com\\\/es\\\/#\\\/schema\\\/logo\\\/image\\\/\"},\"sameAs\":[\"https:\\\/\\\/www.youtube.com\\\/channel\\\/UCPWM2mGPVUt4nYhNlm71WOA\",\"https:\\\/\\\/www.linkedin.com\\\/company\\\/33237605\\\/admin\\\/feed\\\/posts\\\/\"]}]}<\/script>\n<!-- \/ Yoast SEO plugin. -->","yoast_head_json":{"title":"Retro blanco - Azur Scenic","description":"La tela mixta de PVC de referencia que se puede utilizar en retroproyecci\u00f3n y en proyecci\u00f3n frontal. La imagen que se proyecta en esta pantalla se puede ver de los dos lados (en espejo). De color blanco-crema, esta tela con clasificaci\u00f3n ante el fuego M1 tiene una curva de luminosidad (ganancia) ultra estable. Durante la fabricaci\u00f3n, buscamos lograr un aspecto y una transparencia homog\u00e9neos, para obtener propiedades \u00f3pticas \u00f3ptimas. Este material transl\u00facido funciona muy bien para la realizaci\u00f3n de sombras chinas. Tambi\u00e9n aseguramos la mejor planicidad posible. Realizamos en nuestros talleres soldaduras de montaje casi invisibles (ultrafinas y ultraplanas) para que nuestras pantallas se puedan colgar, tensar sobre bastidores o incluso montar bajo rodillos motorizados. Esta tela de PVC lavable se adapta tanto a usos interiores como exteriores y cuenta con propiedades de aislamiento ac\u00fastico. Esta pantalla tambi\u00e9n se puede imprimir para que puedas crear las escenograf\u00edas m\u00e1s originales. \u00a0  Ancho: 230\u00a0cm Peso: 450 g\/m\u00b2  Clasificaci\u00f3n ante el fuego: M1 Pass Composici\u00f3n: 100 % PVC","robots":{"index":"index","follow":"follow","max-snippet":"max-snippet:-1","max-image-preview":"max-image-preview:large","max-video-preview":"max-video-preview:-1"},"canonical":"https:\/\/www.azur-scenic.com\/es\/producto\/retro-blanco\/","og_locale":"es_ES","og_type":"article","og_title":"Retro blanco - Azur Scenic","og_description":"La tela mixta de PVC de referencia que se puede utilizar en retroproyecci\u00f3n y en proyecci\u00f3n frontal. La imagen que se proyecta en esta pantalla se puede ver de los dos lados (en espejo). De color blanco-crema, esta tela con clasificaci\u00f3n ante el fuego M1 tiene una curva de luminosidad (ganancia) ultra estable. Durante la fabricaci\u00f3n, buscamos lograr un aspecto y una transparencia homog\u00e9neos, para obtener propiedades \u00f3pticas \u00f3ptimas. Este material transl\u00facido funciona muy bien para la realizaci\u00f3n de sombras chinas. Tambi\u00e9n aseguramos la mejor planicidad posible. Realizamos en nuestros talleres soldaduras de montaje casi invisibles (ultrafinas y ultraplanas) para que nuestras pantallas se puedan colgar, tensar sobre bastidores o incluso montar bajo rodillos motorizados. Esta tela de PVC lavable se adapta tanto a usos interiores como exteriores y cuenta con propiedades de aislamiento ac\u00fastico. Esta pantalla tambi\u00e9n se puede imprimir para que puedas crear las escenograf\u00edas m\u00e1s originales. \u00a0  Ancho: 230\u00a0cm Peso: 450 g\/m\u00b2  Clasificaci\u00f3n ante el fuego: M1 Pass Composici\u00f3n: 100 % PVC","og_url":"https:\/\/www.azur-scenic.com\/es\/producto\/retro-blanco\/","og_site_name":"Azur Scenic","article_modified_time":"2023-08-02T13:14:04+00:00","og_image":[{"width":1715,"height":1715,"url":"https:\/\/www.azur-scenic.com\/wp-content\/uploads\/RETRO-BLANC.jpg","type":"image\/jpeg"}],"twitter_card":"summary_large_image","schema":{"@context":"https:\/\/schema.org","@graph":[{"@type":"WebPage","@id":"https:\/\/www.azur-scenic.com\/es\/producto\/retro-blanco\/","url":"https:\/\/www.azur-scenic.com\/es\/producto\/retro-blanco\/","name":"Retro blanco - Azur Scenic","isPartOf":{"@id":"https:\/\/www.azur-scenic.com\/es\/#website"},"primaryImageOfPage":{"@id":"https:\/\/www.azur-scenic.com\/es\/producto\/retro-blanco\/#primaryimage"},"image":{"@id":"https:\/\/www.azur-scenic.com\/es\/producto\/retro-blanco\/#primaryimage"},"thumbnailUrl":"https:\/\/www.azur-scenic.com\/wp-content\/uploads\/RETRO-BLANC.jpg","datePublished":"2022-10-04T07:27:24+00:00","dateModified":"2023-08-02T13:14:04+00:00","description":"La tela mixta de PVC de referencia que se puede utilizar en retroproyecci\u00f3n y en proyecci\u00f3n frontal. La imagen que se proyecta en esta pantalla se puede ver de los dos lados (en espejo). De color blanco-crema, esta tela con clasificaci\u00f3n ante el fuego M1 tiene una curva de luminosidad (ganancia) ultra estable. Durante la fabricaci\u00f3n, buscamos lograr un aspecto y una transparencia homog\u00e9neos, para obtener propiedades \u00f3pticas \u00f3ptimas. Este material transl\u00facido funciona muy bien para la realizaci\u00f3n de sombras chinas. Tambi\u00e9n aseguramos la mejor planicidad posible. Realizamos en nuestros talleres soldaduras de montaje casi invisibles (ultrafinas y ultraplanas) para que nuestras pantallas se puedan colgar, tensar sobre bastidores o incluso montar bajo rodillos motorizados. Esta tela de PVC lavable se adapta tanto a usos interiores como exteriores y cuenta con propiedades de aislamiento ac\u00fastico. Esta pantalla tambi\u00e9n se puede imprimir para que puedas crear las escenograf\u00edas m\u00e1s originales. \u00a0 Ancho: 230\u00a0cm Peso: 450 g\/m\u00b2 Clasificaci\u00f3n ante el fuego: M1 Pass Composici\u00f3n: 100 % PVC","breadcrumb":{"@id":"https:\/\/www.azur-scenic.com\/es\/producto\/retro-blanco\/#breadcrumb"},"inLanguage":"es","potentialAction":[{"@type":"ReadAction","target":["https:\/\/www.azur-scenic.com\/es\/producto\/retro-blanco\/"]}]},{"@type":"ImageObject","inLanguage":"es","@id":"https:\/\/www.azur-scenic.com\/es\/producto\/retro-blanco\/#primaryimage","url":"https:\/\/www.azur-scenic.com\/wp-content\/uploads\/RETRO-BLANC.jpg","contentUrl":"https:\/\/www.azur-scenic.com\/wp-content\/uploads\/RETRO-BLANC.jpg","width":1715,"height":1715,"caption":"RETRO BLANC"},{"@type":"BreadcrumbList","@id":"https:\/\/www.azur-scenic.com\/es\/producto\/retro-blanco\/#breadcrumb","itemListElement":[{"@type":"ListItem","position":1,"name":"Accueil","item":"https:\/\/www.azur-scenic.com\/es\/"},{"@type":"ListItem","position":2,"name":"Productos","item":"https:\/\/www.azur-scenic.com\/es\/?page_id=21440"},{"@type":"ListItem","position":3,"name":"Retro blanco"}]},{"@type":"WebSite","@id":"https:\/\/www.azur-scenic.com\/es\/#website","url":"https:\/\/www.azur-scenic.com\/es\/","name":"Azur Scenic","description":"Sp\u00e9cialiste de l\u2019\u00e9quipement sc\u00e9nique et de la d\u00e9coration int\u00e9rieure et \u00e9v\u00e9nementielle !","publisher":{"@id":"https:\/\/www.azur-scenic.com\/es\/#organization"},"potentialAction":[{"@type":"SearchAction","target":{"@type":"EntryPoint","urlTemplate":"https:\/\/www.azur-scenic.com\/es\/?s={search_term_string}"},"query-input":{"@type":"PropertyValueSpecification","valueRequired":true,"valueName":"search_term_string"}}],"inLanguage":"es"},{"@type":"Organization","@id":"https:\/\/www.azur-scenic.com\/es\/#organization","name":"AZUR SCENIC","url":"https:\/\/www.azur-scenic.com\/es\/","logo":{"@type":"ImageObject","inLanguage":"es","@id":"https:\/\/www.azur-scenic.com\/es\/#\/schema\/logo\/image\/","url":"https:\/\/www.azur-scenic.com\/wp-content\/uploads\/2022\/09\/LOGO-AZUR-SCENIC-Fusion-web-236x64-1.jpg","contentUrl":"https:\/\/www.azur-scenic.com\/wp-content\/uploads\/2022\/09\/LOGO-AZUR-SCENIC-Fusion-web-236x64-1.jpg","width":236,"height":64,"caption":"AZUR SCENIC"},"image":{"@id":"https:\/\/www.azur-scenic.com\/es\/#\/schema\/logo\/image\/"},"sameAs":["https:\/\/www.youtube.com\/channel\/UCPWM2mGPVUt4nYhNlm71WOA","https:\/\/www.linkedin.com\/company\/33237605\/admin\/feed\/posts\/"]}]}},"_links":{"self":[{"href":"https:\/\/www.azur-scenic.com\/es\/wp-json\/wp\/v2\/product\/17771","targetHints":{"allow":["GET"]}}],"collection":[{"href":"https:\/\/www.azur-scenic.com\/es\/wp-json\/wp\/v2\/product"}],"about":[{"href":"https:\/\/www.azur-scenic.com\/es\/wp-json\/wp\/v2\/types\/product"}],"wp:featuredmedia":[{"embeddable":true,"href":"https:\/\/www.azur-scenic.com\/es\/wp-json\/wp\/v2\/media\/16484"}],"wp:attachment":[{"href":"https:\/\/www.azur-scenic.com\/es\/wp-json\/wp\/v2\/media?parent=17771"}],"wp:term":[{"taxonomy":"product_brand","embeddable":true,"href":"https:\/\/www.azur-scenic.com\/es\/wp-json\/wp\/v2\/product_brand?post=17771"},{"taxonomy":"product_cat","embeddable":true,"href":"https:\/\/www.azur-scenic.com\/es\/wp-json\/wp\/v2\/product_cat?post=17771"},{"taxonomy":"product_tag","embeddable":true,"href":"https:\/\/www.azur-scenic.com\/es\/wp-json\/wp\/v2\/product_tag?post=17771"}],"curies":[{"name":"wp","href":"https:\/\/api.w.org\/{rel}","templated":true}]}}