{"id":17778,"date":"2022-10-04T07:27:23","date_gmt":"2022-10-04T07:27:23","guid":{"rendered":"https:\/\/www.azur-scenic.com\/produit\/ecran-frontal-blanc\/"},"modified":"2023-08-02T13:14:06","modified_gmt":"2023-08-02T13:14:06","slug":"pantalla-frontal-blanca","status":"publish","type":"product","link":"https:\/\/www.azur-scenic.com\/es\/producto\/pantalla-frontal-blanca\/","title":{"rendered":"Pantalla frontal blanca"},"content":{"rendered":"<table>\n<thead>\n<tr>\n<th style=\"width: 149px;\">Datos t\u00e9cnicos<\/th>\n<th style=\"width: 186px;\">Valor<\/th>\n<th style=\"width: 180px;\">Comentarios<\/th>\n<\/tr>\n<\/thead>\n<tbody>\n<tr>\n<td style=\"vertical-align: top; width: 149px;\">Ancho<\/td>\n<td style=\"vertical-align: top; width: 186px;\">230\u00a0cm<\/td>\n<td style=\"vertical-align: top; width: 180px;\">\u00a0<\/td>\n<\/tr>\n<tr>\n<td style=\"vertical-align: top; width: 149px;\">Peso<\/td>\n<td style=\"vertical-align: top; width: 186px;\">450 g\/m\u00b2<\/td>\n<td style=\"vertical-align: top; width: 180px;\">Norma: NF T 54-101<\/td>\n<\/tr>\n<tr>\n<td style=\"vertical-align: top; width: 149px;\">Grosor<\/td>\n<td style=\"vertical-align: top; width: 186px;\">0,3\u00a0mm<\/td>\n<td style=\"vertical-align: top; width: 180px;\">Norma: NF T 54-101<\/td>\n<\/tr>\n<tr>\n<td style=\"vertical-align: top; width: 149px;\">Clasificaci\u00f3n ante el fuego<\/td>\n<td style=\"vertical-align: top; width: 186px;\"><img decoding=\"async\" style=\"height: 20px; width: 20px;\" src=\"https:\/\/www.azur-scenic.com\/wp-content\/uploads\/icon-flag-france.png?1542281963\" \/> M1<br \/>\n<img decoding=\"async\" style=\"height: 20px; width: 20px;\" src=\"https:\/\/www.azur-scenic.com\/wp-content\/uploads\/icon-flag-usa.png\" \/> Pass<\/td>\n<td style=\"vertical-align: top; width: 180px;\">Norma: NF P 92-503-507<br \/>\nNorma: NFPA 701<\/td>\n<\/tr>\n<tr>\n<td style=\"vertical-align: top; width: 149px;\">Composici\u00f3n<\/td>\n<td style=\"vertical-align: top; width: 186px;\">100 % PVC<\/td>\n<td style=\"vertical-align: top; width: 180px;\">\u00a0<\/td>\n<\/tr>\n<tr>\n<td style=\"vertical-align: top; width: 149px;\">Longitud del rollo<\/td>\n<td style=\"vertical-align: top; width: 186px;\">120 m<\/td>\n<td style=\"vertical-align: top; width: 180px;\">Posibilidad de venta al corte<\/td>\n<\/tr>\n<tr>\n<td style=\"vertical-align: top; width: 149px;\">Alargamiento hasta la rotura<\/td>\n<td style=\"vertical-align: top; width: 186px;\">En el sentido de la m\u00e1quina: > 160 %<br \/>\nEn sentido transversal: > 160 %<\/td>\n<td style=\"vertical-align: top; width: 180px;\">NF EN ISO 527-3<\/td>\n<\/tr>\n<tr>\n<td style=\"vertical-align: top; width: 149px;\">Resistencia a la tracci\u00f3n<\/td>\n<td style=\"vertical-align: top; width: 186px;\">En el sentido de la m\u00e1quina: > 12 MPa<br \/>\nEn sentido transversal: > 12 MPa<\/td>\n<td style=\"vertical-align: top; width: 180px;\">NF EN ISO 527-3<\/td>\n<\/tr>\n<\/tbody>\n<\/table>\n","protected":false},"excerpt":{"rendered":"<p>La imprescindible pantalla de <span style=\"color: #f88523;\"><strong>proyecci\u00f3n frontal<\/strong><\/span>, de color <strong><span style=\"color: #f88523;\">blanco \u00f3ptico<\/span><\/strong>, con clasificaci\u00f3n ante el fuego <span style=\"color: #f88523;\"><strong>M1<\/strong><\/span>, destinada a la realizaci\u00f3n de todo tipo de pantallas de <span style=\"color: #f88523;\"><strong>proyecci\u00f3n frontal<\/strong><\/span>, por ejemplo, las <span style=\"color: #f88523;\"><strong>pantallas de cine<\/strong><\/span>.<br \/>\nDurante la fabricaci\u00f3n, buscamos una apariencia perfectamente homog\u00e9nea de la superficie, para ofrecerte <span style=\"color: #f88523;\"><strong>propiedades \u00f3pticas \u00f3ptimas<\/strong><\/span>.<br \/>\nTambi\u00e9n nos aseguramos de que tenga la mejor <span style=\"color: #f88523;\"><strong>planicidad<\/strong><\/span> posible. Realizamos en nuestros talleres <span style=\"color: #f88523;\"><strong>soldaduras de montaje casi invisibles<\/strong><\/span> (ultrafinas y ultraplanas) para que nuestras pantallas se puedan <span style=\"color: #f88523;\"><strong>colgar<\/strong><\/span>, colocar en tensi\u00f3n sobre marcos o incluso montar bajo <span style=\"color: #f88523;\"><strong>rodillos motorizados<\/strong><\/span>.<br \/>\nEste tejido 100\u00a0% de PVC es\u00a0<span style=\"color: #f88523;\"><strong>lavable<\/strong><\/span> y se adapta tanto para el uso en interiores como en <span style=\"color: #f88523;\"><strong>exteriores<\/strong><\/span>.<br \/>\nTambi\u00e9n cuenta con propiedades de<span style=\"color: #f88523;\"><strong>aislamiento ac\u00fastico<\/strong><\/span>.<br \/>\nEste material tambi\u00e9n se puede <span style=\"color: #f88523;\"><strong>imprimir<\/strong><\/span>, total o parcialmente, para que puedas usarlo de forma imaginativa.<\/p>\n<p>\u00a0<\/p>\n<table class=\"table\">\n<tbody>\n<tr>\n<td><strong>Ancho<\/strong>: 230\u00a0cm<\/td>\n<td><strong>Peso<\/strong>: 450 g\/m\u00b2<\/td>\n<\/tr>\n<tr>\n<td><strong>Clasificaci\u00f3n ante el fuego<\/strong>: <img decoding=\"async\" style=\"height: 20px; width: 20px;\" src=\"https:\/\/www.azur-scenic.com\/wp-content\/uploads\/icon-flag-france.png?1542281963\" \/> M1 <img decoding=\"async\" style=\"height: 20px; width: 20px;\" src=\"https:\/\/www.azur-scenic.com\/wp-content\/uploads\/icon-flag-usa.png\" \/> Pass<\/td>\n<td><strong>Composici\u00f3n<\/strong>: 100 % PVC<\/td>\n<\/tr>\n<\/tbody>\n<\/table>\n","protected":false},"featured_media":16480,"template":"","meta":{"_acf_changed":false},"product_brand":[],"product_cat":[944,1196,1197],"product_tag":[],"class_list":{"0":"post-17778","1":"product","2":"type-product","3":"status-publish","4":"has-post-thumbnail","6":"product_cat-todos-los-productos","7":"product_cat-pantallas-de-proyeccion-y-telas-de-pvc","8":"product_cat-telas-para-proyeccion-frontal","9":"pa_couleurs-002-es","10":"pa_groupes-de-couleurs-blanco","11":"pa_textiles-apto-para-uso-en-exteriores","12":"pa_textiles-ignifugo","13":"pa_textiles-imprimible","14":"pa_textiles-aislante-acustico","15":"pa_textiles-lavable","16":"pa_textiles-proyeccion-frontal","18":"first","19":"instock","20":"shipping-taxable","21":"purchasable","22":"product-type-simple"},"acf":[],"yoast_head":"<!-- This site is optimized with the Yoast SEO plugin v27.3 - https:\/\/yoast.com\/product\/yoast-seo-wordpress\/ -->\n<title>Pantalla frontal blanca - Azur Scenic<\/title>\n<meta name=\"description\" content=\"La imprescindible pantalla de proyecci\u00f3n frontal, de color blanco \u00f3ptico, con clasificaci\u00f3n ante el fuego M1, destinada a la realizaci\u00f3n de todo tipo de pantallas de proyecci\u00f3n frontal, por ejemplo, las pantallas de cine. Durante la fabricaci\u00f3n, buscamos una apariencia perfectamente homog\u00e9nea de la superficie, para ofrecerte propiedades \u00f3pticas \u00f3ptimas. Tambi\u00e9n nos aseguramos de que tenga la mejor planicidad posible. Realizamos en nuestros talleres soldaduras de montaje casi invisibles (ultrafinas y ultraplanas) para que nuestras pantallas se puedan colgar, colocar en tensi\u00f3n sobre marcos o incluso montar bajo rodillos motorizados. Este tejido 100\u00a0% de PVC es\u00a0lavable y se adapta tanto para el uso en interiores como en exteriores. Tambi\u00e9n cuenta con propiedades deaislamiento ac\u00fastico. Este material tambi\u00e9n se puede imprimir, total o parcialmente, para que puedas usarlo de forma imaginativa. \u00a0  Ancho: 230\u00a0cm Peso: 450 g\/m\u00b2  Clasificaci\u00f3n ante el fuego: M1 Pass Composici\u00f3n: 100 % PVC\" \/>\n<meta name=\"robots\" content=\"index, follow, max-snippet:-1, max-image-preview:large, max-video-preview:-1\" \/>\n<link rel=\"canonical\" href=\"https:\/\/www.azur-scenic.com\/es\/producto\/pantalla-frontal-blanca\/\" \/>\n<meta property=\"og:locale\" content=\"es_ES\" \/>\n<meta property=\"og:type\" content=\"article\" \/>\n<meta property=\"og:title\" content=\"Pantalla frontal blanca - Azur Scenic\" \/>\n<meta property=\"og:description\" content=\"La imprescindible pantalla de proyecci\u00f3n frontal, de color blanco \u00f3ptico, con clasificaci\u00f3n ante el fuego M1, destinada a la realizaci\u00f3n de todo tipo de pantallas de proyecci\u00f3n frontal, por ejemplo, las pantallas de cine. Durante la fabricaci\u00f3n, buscamos una apariencia perfectamente homog\u00e9nea de la superficie, para ofrecerte propiedades \u00f3pticas \u00f3ptimas. Tambi\u00e9n nos aseguramos de que tenga la mejor planicidad posible. Realizamos en nuestros talleres soldaduras de montaje casi invisibles (ultrafinas y ultraplanas) para que nuestras pantallas se puedan colgar, colocar en tensi\u00f3n sobre marcos o incluso montar bajo rodillos motorizados. Este tejido 100\u00a0% de PVC es\u00a0lavable y se adapta tanto para el uso en interiores como en exteriores. Tambi\u00e9n cuenta con propiedades deaislamiento ac\u00fastico. Este material tambi\u00e9n se puede imprimir, total o parcialmente, para que puedas usarlo de forma imaginativa. \u00a0  Ancho: 230\u00a0cm Peso: 450 g\/m\u00b2  Clasificaci\u00f3n ante el fuego: M1 Pass Composici\u00f3n: 100 % PVC\" \/>\n<meta property=\"og:url\" content=\"https:\/\/www.azur-scenic.com\/es\/producto\/pantalla-frontal-blanca\/\" \/>\n<meta property=\"og:site_name\" content=\"Azur Scenic\" \/>\n<meta property=\"article:modified_time\" content=\"2023-08-02T13:14:06+00:00\" \/>\n<meta property=\"og:image\" content=\"https:\/\/www.azur-scenic.com\/wp-content\/uploads\/ECRAN-FRONTAL-BLANC.jpg\" \/>\n\t<meta property=\"og:image:width\" content=\"2026\" \/>\n\t<meta property=\"og:image:height\" content=\"2026\" \/>\n\t<meta property=\"og:image:type\" content=\"image\/jpeg\" \/>\n<meta name=\"twitter:card\" content=\"summary_large_image\" \/>\n<script type=\"application\/ld+json\" class=\"yoast-schema-graph\">{\"@context\":\"https:\\\/\\\/schema.org\",\"@graph\":[{\"@type\":\"WebPage\",\"@id\":\"https:\\\/\\\/www.azur-scenic.com\\\/es\\\/producto\\\/pantalla-frontal-blanca\\\/\",\"url\":\"https:\\\/\\\/www.azur-scenic.com\\\/es\\\/producto\\\/pantalla-frontal-blanca\\\/\",\"name\":\"Pantalla frontal blanca - Azur Scenic\",\"isPartOf\":{\"@id\":\"https:\\\/\\\/www.azur-scenic.com\\\/es\\\/#website\"},\"primaryImageOfPage\":{\"@id\":\"https:\\\/\\\/www.azur-scenic.com\\\/es\\\/producto\\\/pantalla-frontal-blanca\\\/#primaryimage\"},\"image\":{\"@id\":\"https:\\\/\\\/www.azur-scenic.com\\\/es\\\/producto\\\/pantalla-frontal-blanca\\\/#primaryimage\"},\"thumbnailUrl\":\"https:\\\/\\\/www.azur-scenic.com\\\/wp-content\\\/uploads\\\/ECRAN-FRONTAL-BLANC.jpg\",\"datePublished\":\"2022-10-04T07:27:23+00:00\",\"dateModified\":\"2023-08-02T13:14:06+00:00\",\"description\":\"La imprescindible pantalla de proyecci\u00f3n frontal, de color blanco \u00f3ptico, con clasificaci\u00f3n ante el fuego M1, destinada a la realizaci\u00f3n de todo tipo de pantallas de proyecci\u00f3n frontal, por ejemplo, las pantallas de cine. Durante la fabricaci\u00f3n, buscamos una apariencia perfectamente homog\u00e9nea de la superficie, para ofrecerte propiedades \u00f3pticas \u00f3ptimas. Tambi\u00e9n nos aseguramos de que tenga la mejor planicidad posible. Realizamos en nuestros talleres soldaduras de montaje casi invisibles (ultrafinas y ultraplanas) para que nuestras pantallas se puedan colgar, colocar en tensi\u00f3n sobre marcos o incluso montar bajo rodillos motorizados. Este tejido 100\u00a0% de PVC es\u00a0lavable y se adapta tanto para el uso en interiores como en exteriores. Tambi\u00e9n cuenta con propiedades deaislamiento ac\u00fastico. Este material tambi\u00e9n se puede imprimir, total o parcialmente, para que puedas usarlo de forma imaginativa. \u00a0 Ancho: 230\u00a0cm Peso: 450 g\\\/m\u00b2 Clasificaci\u00f3n ante el fuego: M1 Pass Composici\u00f3n: 100 % PVC\",\"breadcrumb\":{\"@id\":\"https:\\\/\\\/www.azur-scenic.com\\\/es\\\/producto\\\/pantalla-frontal-blanca\\\/#breadcrumb\"},\"inLanguage\":\"es\",\"potentialAction\":[{\"@type\":\"ReadAction\",\"target\":[\"https:\\\/\\\/www.azur-scenic.com\\\/es\\\/producto\\\/pantalla-frontal-blanca\\\/\"]}]},{\"@type\":\"ImageObject\",\"inLanguage\":\"es\",\"@id\":\"https:\\\/\\\/www.azur-scenic.com\\\/es\\\/producto\\\/pantalla-frontal-blanca\\\/#primaryimage\",\"url\":\"https:\\\/\\\/www.azur-scenic.com\\\/wp-content\\\/uploads\\\/ECRAN-FRONTAL-BLANC.jpg\",\"contentUrl\":\"https:\\\/\\\/www.azur-scenic.com\\\/wp-content\\\/uploads\\\/ECRAN-FRONTAL-BLANC.jpg\",\"width\":2026,\"height\":2026,\"caption\":\"ECRAN FRONTAL BLANC\"},{\"@type\":\"BreadcrumbList\",\"@id\":\"https:\\\/\\\/www.azur-scenic.com\\\/es\\\/producto\\\/pantalla-frontal-blanca\\\/#breadcrumb\",\"itemListElement\":[{\"@type\":\"ListItem\",\"position\":1,\"name\":\"Accueil\",\"item\":\"https:\\\/\\\/www.azur-scenic.com\\\/es\\\/\"},{\"@type\":\"ListItem\",\"position\":2,\"name\":\"Productos\",\"item\":\"https:\\\/\\\/www.azur-scenic.com\\\/es\\\/?page_id=21440\"},{\"@type\":\"ListItem\",\"position\":3,\"name\":\"Pantalla frontal blanca\"}]},{\"@type\":\"WebSite\",\"@id\":\"https:\\\/\\\/www.azur-scenic.com\\\/es\\\/#website\",\"url\":\"https:\\\/\\\/www.azur-scenic.com\\\/es\\\/\",\"name\":\"Azur Scenic\",\"description\":\"Sp\u00e9cialiste de l\u2019\u00e9quipement sc\u00e9nique et de la d\u00e9coration int\u00e9rieure et \u00e9v\u00e9nementielle !\",\"publisher\":{\"@id\":\"https:\\\/\\\/www.azur-scenic.com\\\/es\\\/#organization\"},\"potentialAction\":[{\"@type\":\"SearchAction\",\"target\":{\"@type\":\"EntryPoint\",\"urlTemplate\":\"https:\\\/\\\/www.azur-scenic.com\\\/es\\\/?s={search_term_string}\"},\"query-input\":{\"@type\":\"PropertyValueSpecification\",\"valueRequired\":true,\"valueName\":\"search_term_string\"}}],\"inLanguage\":\"es\"},{\"@type\":\"Organization\",\"@id\":\"https:\\\/\\\/www.azur-scenic.com\\\/es\\\/#organization\",\"name\":\"AZUR SCENIC\",\"url\":\"https:\\\/\\\/www.azur-scenic.com\\\/es\\\/\",\"logo\":{\"@type\":\"ImageObject\",\"inLanguage\":\"es\",\"@id\":\"https:\\\/\\\/www.azur-scenic.com\\\/es\\\/#\\\/schema\\\/logo\\\/image\\\/\",\"url\":\"https:\\\/\\\/www.azur-scenic.com\\\/wp-content\\\/uploads\\\/2022\\\/09\\\/LOGO-AZUR-SCENIC-Fusion-web-236x64-1.jpg\",\"contentUrl\":\"https:\\\/\\\/www.azur-scenic.com\\\/wp-content\\\/uploads\\\/2022\\\/09\\\/LOGO-AZUR-SCENIC-Fusion-web-236x64-1.jpg\",\"width\":236,\"height\":64,\"caption\":\"AZUR SCENIC\"},\"image\":{\"@id\":\"https:\\\/\\\/www.azur-scenic.com\\\/es\\\/#\\\/schema\\\/logo\\\/image\\\/\"},\"sameAs\":[\"https:\\\/\\\/www.youtube.com\\\/channel\\\/UCPWM2mGPVUt4nYhNlm71WOA\",\"https:\\\/\\\/www.linkedin.com\\\/company\\\/33237605\\\/admin\\\/feed\\\/posts\\\/\"]}]}<\/script>\n<!-- \/ Yoast SEO plugin. -->","yoast_head_json":{"title":"Pantalla frontal blanca - Azur Scenic","description":"La imprescindible pantalla de proyecci\u00f3n frontal, de color blanco \u00f3ptico, con clasificaci\u00f3n ante el fuego M1, destinada a la realizaci\u00f3n de todo tipo de pantallas de proyecci\u00f3n frontal, por ejemplo, las pantallas de cine. Durante la fabricaci\u00f3n, buscamos una apariencia perfectamente homog\u00e9nea de la superficie, para ofrecerte propiedades \u00f3pticas \u00f3ptimas. Tambi\u00e9n nos aseguramos de que tenga la mejor planicidad posible. Realizamos en nuestros talleres soldaduras de montaje casi invisibles (ultrafinas y ultraplanas) para que nuestras pantallas se puedan colgar, colocar en tensi\u00f3n sobre marcos o incluso montar bajo rodillos motorizados. Este tejido 100\u00a0% de PVC es\u00a0lavable y se adapta tanto para el uso en interiores como en exteriores. Tambi\u00e9n cuenta con propiedades deaislamiento ac\u00fastico. Este material tambi\u00e9n se puede imprimir, total o parcialmente, para que puedas usarlo de forma imaginativa. \u00a0  Ancho: 230\u00a0cm Peso: 450 g\/m\u00b2  Clasificaci\u00f3n ante el fuego: M1 Pass Composici\u00f3n: 100 % PVC","robots":{"index":"index","follow":"follow","max-snippet":"max-snippet:-1","max-image-preview":"max-image-preview:large","max-video-preview":"max-video-preview:-1"},"canonical":"https:\/\/www.azur-scenic.com\/es\/producto\/pantalla-frontal-blanca\/","og_locale":"es_ES","og_type":"article","og_title":"Pantalla frontal blanca - Azur Scenic","og_description":"La imprescindible pantalla de proyecci\u00f3n frontal, de color blanco \u00f3ptico, con clasificaci\u00f3n ante el fuego M1, destinada a la realizaci\u00f3n de todo tipo de pantallas de proyecci\u00f3n frontal, por ejemplo, las pantallas de cine. Durante la fabricaci\u00f3n, buscamos una apariencia perfectamente homog\u00e9nea de la superficie, para ofrecerte propiedades \u00f3pticas \u00f3ptimas. Tambi\u00e9n nos aseguramos de que tenga la mejor planicidad posible. Realizamos en nuestros talleres soldaduras de montaje casi invisibles (ultrafinas y ultraplanas) para que nuestras pantallas se puedan colgar, colocar en tensi\u00f3n sobre marcos o incluso montar bajo rodillos motorizados. Este tejido 100\u00a0% de PVC es\u00a0lavable y se adapta tanto para el uso en interiores como en exteriores. Tambi\u00e9n cuenta con propiedades deaislamiento ac\u00fastico. Este material tambi\u00e9n se puede imprimir, total o parcialmente, para que puedas usarlo de forma imaginativa. \u00a0  Ancho: 230\u00a0cm Peso: 450 g\/m\u00b2  Clasificaci\u00f3n ante el fuego: M1 Pass Composici\u00f3n: 100 % PVC","og_url":"https:\/\/www.azur-scenic.com\/es\/producto\/pantalla-frontal-blanca\/","og_site_name":"Azur Scenic","article_modified_time":"2023-08-02T13:14:06+00:00","og_image":[{"width":2026,"height":2026,"url":"https:\/\/www.azur-scenic.com\/wp-content\/uploads\/ECRAN-FRONTAL-BLANC.jpg","type":"image\/jpeg"}],"twitter_card":"summary_large_image","schema":{"@context":"https:\/\/schema.org","@graph":[{"@type":"WebPage","@id":"https:\/\/www.azur-scenic.com\/es\/producto\/pantalla-frontal-blanca\/","url":"https:\/\/www.azur-scenic.com\/es\/producto\/pantalla-frontal-blanca\/","name":"Pantalla frontal blanca - Azur Scenic","isPartOf":{"@id":"https:\/\/www.azur-scenic.com\/es\/#website"},"primaryImageOfPage":{"@id":"https:\/\/www.azur-scenic.com\/es\/producto\/pantalla-frontal-blanca\/#primaryimage"},"image":{"@id":"https:\/\/www.azur-scenic.com\/es\/producto\/pantalla-frontal-blanca\/#primaryimage"},"thumbnailUrl":"https:\/\/www.azur-scenic.com\/wp-content\/uploads\/ECRAN-FRONTAL-BLANC.jpg","datePublished":"2022-10-04T07:27:23+00:00","dateModified":"2023-08-02T13:14:06+00:00","description":"La imprescindible pantalla de proyecci\u00f3n frontal, de color blanco \u00f3ptico, con clasificaci\u00f3n ante el fuego M1, destinada a la realizaci\u00f3n de todo tipo de pantallas de proyecci\u00f3n frontal, por ejemplo, las pantallas de cine. Durante la fabricaci\u00f3n, buscamos una apariencia perfectamente homog\u00e9nea de la superficie, para ofrecerte propiedades \u00f3pticas \u00f3ptimas. Tambi\u00e9n nos aseguramos de que tenga la mejor planicidad posible. Realizamos en nuestros talleres soldaduras de montaje casi invisibles (ultrafinas y ultraplanas) para que nuestras pantallas se puedan colgar, colocar en tensi\u00f3n sobre marcos o incluso montar bajo rodillos motorizados. Este tejido 100\u00a0% de PVC es\u00a0lavable y se adapta tanto para el uso en interiores como en exteriores. Tambi\u00e9n cuenta con propiedades deaislamiento ac\u00fastico. Este material tambi\u00e9n se puede imprimir, total o parcialmente, para que puedas usarlo de forma imaginativa. \u00a0 Ancho: 230\u00a0cm Peso: 450 g\/m\u00b2 Clasificaci\u00f3n ante el fuego: M1 Pass Composici\u00f3n: 100 % PVC","breadcrumb":{"@id":"https:\/\/www.azur-scenic.com\/es\/producto\/pantalla-frontal-blanca\/#breadcrumb"},"inLanguage":"es","potentialAction":[{"@type":"ReadAction","target":["https:\/\/www.azur-scenic.com\/es\/producto\/pantalla-frontal-blanca\/"]}]},{"@type":"ImageObject","inLanguage":"es","@id":"https:\/\/www.azur-scenic.com\/es\/producto\/pantalla-frontal-blanca\/#primaryimage","url":"https:\/\/www.azur-scenic.com\/wp-content\/uploads\/ECRAN-FRONTAL-BLANC.jpg","contentUrl":"https:\/\/www.azur-scenic.com\/wp-content\/uploads\/ECRAN-FRONTAL-BLANC.jpg","width":2026,"height":2026,"caption":"ECRAN FRONTAL BLANC"},{"@type":"BreadcrumbList","@id":"https:\/\/www.azur-scenic.com\/es\/producto\/pantalla-frontal-blanca\/#breadcrumb","itemListElement":[{"@type":"ListItem","position":1,"name":"Accueil","item":"https:\/\/www.azur-scenic.com\/es\/"},{"@type":"ListItem","position":2,"name":"Productos","item":"https:\/\/www.azur-scenic.com\/es\/?page_id=21440"},{"@type":"ListItem","position":3,"name":"Pantalla frontal blanca"}]},{"@type":"WebSite","@id":"https:\/\/www.azur-scenic.com\/es\/#website","url":"https:\/\/www.azur-scenic.com\/es\/","name":"Azur Scenic","description":"Sp\u00e9cialiste de l\u2019\u00e9quipement sc\u00e9nique et de la d\u00e9coration int\u00e9rieure et \u00e9v\u00e9nementielle !","publisher":{"@id":"https:\/\/www.azur-scenic.com\/es\/#organization"},"potentialAction":[{"@type":"SearchAction","target":{"@type":"EntryPoint","urlTemplate":"https:\/\/www.azur-scenic.com\/es\/?s={search_term_string}"},"query-input":{"@type":"PropertyValueSpecification","valueRequired":true,"valueName":"search_term_string"}}],"inLanguage":"es"},{"@type":"Organization","@id":"https:\/\/www.azur-scenic.com\/es\/#organization","name":"AZUR SCENIC","url":"https:\/\/www.azur-scenic.com\/es\/","logo":{"@type":"ImageObject","inLanguage":"es","@id":"https:\/\/www.azur-scenic.com\/es\/#\/schema\/logo\/image\/","url":"https:\/\/www.azur-scenic.com\/wp-content\/uploads\/2022\/09\/LOGO-AZUR-SCENIC-Fusion-web-236x64-1.jpg","contentUrl":"https:\/\/www.azur-scenic.com\/wp-content\/uploads\/2022\/09\/LOGO-AZUR-SCENIC-Fusion-web-236x64-1.jpg","width":236,"height":64,"caption":"AZUR SCENIC"},"image":{"@id":"https:\/\/www.azur-scenic.com\/es\/#\/schema\/logo\/image\/"},"sameAs":["https:\/\/www.youtube.com\/channel\/UCPWM2mGPVUt4nYhNlm71WOA","https:\/\/www.linkedin.com\/company\/33237605\/admin\/feed\/posts\/"]}]}},"_links":{"self":[{"href":"https:\/\/www.azur-scenic.com\/es\/wp-json\/wp\/v2\/product\/17778","targetHints":{"allow":["GET"]}}],"collection":[{"href":"https:\/\/www.azur-scenic.com\/es\/wp-json\/wp\/v2\/product"}],"about":[{"href":"https:\/\/www.azur-scenic.com\/es\/wp-json\/wp\/v2\/types\/product"}],"wp:featuredmedia":[{"embeddable":true,"href":"https:\/\/www.azur-scenic.com\/es\/wp-json\/wp\/v2\/media\/16480"}],"wp:attachment":[{"href":"https:\/\/www.azur-scenic.com\/es\/wp-json\/wp\/v2\/media?parent=17778"}],"wp:term":[{"taxonomy":"product_brand","embeddable":true,"href":"https:\/\/www.azur-scenic.com\/es\/wp-json\/wp\/v2\/product_brand?post=17778"},{"taxonomy":"product_cat","embeddable":true,"href":"https:\/\/www.azur-scenic.com\/es\/wp-json\/wp\/v2\/product_cat?post=17778"},{"taxonomy":"product_tag","embeddable":true,"href":"https:\/\/www.azur-scenic.com\/es\/wp-json\/wp\/v2\/product_tag?post=17778"}],"curies":[{"name":"wp","href":"https:\/\/api.w.org\/{rel}","templated":true}]}}