{"id":17782,"date":"2022-10-04T07:27:23","date_gmt":"2022-10-04T07:27:23","guid":{"rendered":"https:\/\/www.azur-scenic.com\/produit\/soft-mirror\/"},"modified":"2023-08-02T13:14:06","modified_gmt":"2023-08-02T13:14:06","slug":"soft-mirror","status":"publish","type":"product","link":"https:\/\/www.azur-scenic.com\/es\/producto\/soft-mirror\/","title":{"rendered":"Soft Mirror"},"content":{"rendered":"<table>\n<thead>\n<tr>\n<th style=\"width: 170px;\">Datos t\u00e9cnicos<\/th>\n<th>Valor<\/th>\n<th>Comentarios<\/th>\n<\/tr>\n<\/thead>\n<tbody>\n<tr>\n<td style=\"vertical-align: top;\">Ancho<\/td>\n<td style=\"vertical-align: top;\">130\u00a0cm<\/td>\n<td style=\"vertical-align: top;\">\u00a0<\/td>\n<\/tr>\n<tr>\n<td style=\"vertical-align: top;\">Peso<\/td>\n<td style=\"vertical-align: top;\">290 g\/m\u00b2<\/td>\n<td style=\"vertical-align: top;\">\u00a0<\/td>\n<\/tr>\n<tr>\n<td style=\"vertical-align: top;\">Grosor<\/td>\n<td style=\"vertical-align: top;\">0,2\u00a0mm<\/td>\n<td style=\"vertical-align: top;\">\u00a0<\/td>\n<\/tr>\n<tr>\n<td style=\"vertical-align: top;\">Clasificaci\u00f3n ante el fuego<\/td>\n<td style=\"vertical-align: top;\">Acabado ign\u00edfugo<\/td>\n<td style=\"vertical-align: top;\">Atenci\u00f3n: este art\u00edculo es ign\u00edfugo pero no se ha probado en laboratorio, por lo que no se emite una clasificaci\u00f3n de reacci\u00f3n ante el fuego durante la compra.<\/td>\n<\/tr>\n<tr>\n<td style=\"vertical-align: top;\">Composici\u00f3n<\/td>\n<td style=\"vertical-align: top;\" colspan=\"2\">Soporte: 100\u00a0% PVC,<br \/>\ncon film de poli\u00e9ster metalizado en uno de los lados<\/td>\n<\/tr>\n<tr>\n<td style=\"vertical-align: top;\">Longitud del rollo<\/td>\n<td style=\"vertical-align: top;\">30 m<\/td>\n<td style=\"vertical-align: top;\">\u00a0<\/td>\n<\/tr>\n<\/tbody>\n<\/table>\n","protected":false},"excerpt":{"rendered":"<p>\u00a1Juega con la luz y los reflejos para lograr realizaciones in\u00e9ditas gracias a esta <span style=\"color: #f88523;\"><strong>l\u00e1mina flexible<\/strong><\/span> con acabado de <span style=\"color: #f88523;\"><strong>espejo<\/strong><\/span>!<br \/>\nAl ser polivalente, Soft Mirror te permite darle un <span style=\"color: #f88523;\"><strong>aspecto met\u00e1lico plateado<\/strong><\/span> a tus estructuras y decorados o realizar juegos de reflejos originales gracias a su acabado en espejo.<\/p>\n<p><em>Ten en cuenta que es un art\u00edculo ign\u00edfugo y por eso se puede utilizar con toda seguridad en lugares con p\u00fablico. No obstante, no se lo ha sometido a pruebas de laboratorio que permitan emitir un informe de clasificaci\u00f3n de reacci\u00f3n ante el fuego.<\/em><\/p>\n<table class=\"table\">\n<tbody>\n<tr>\n<td><strong>Ancho<\/strong>: 130\u00a0cm<\/td>\n<td><strong>Peso<\/strong>: 290 g\/m\u00b2<\/td>\n<\/tr>\n<tr>\n<td><strong>Clasificaci\u00f3n ante el fuego<\/strong>: Acabado ign\u00edfugo<\/td>\n<td><strong>Composici\u00f3n<\/strong>: Soporte: 100\u00a0% PVC,<br \/>\ncon film de poli\u00e9ster metalizado en uno de los lados<\/td>\n<\/tr>\n<\/tbody>\n<\/table>\n","protected":false},"featured_media":7538,"template":"","meta":{"_acf_changed":false},"product_brand":[],"product_cat":[939,1363,944,1196,1230],"product_tag":[],"class_list":{"0":"post-17782","1":"product","2":"type-product","3":"status-publish","4":"has-post-thumbnail","6":"product_cat-tejidos-escenicos-y-para-eventos","7":"product_cat-tejidos-metalizados","8":"product_cat-todos-los-productos","9":"product_cat-pantallas-de-proyeccion-y-telas-de-pvc","10":"product_cat-pvc-varios","11":"pa_couleurs-090-es","12":"pa_groupes-de-couleurs-blanco","13":"pa_groupes-de-couleurs-gris","14":"pa_groupes-de-couleurs-negro","15":"pa_textiles-brillantes-laqueados-y-metalicos","17":"first","18":"instock","19":"shipping-taxable","20":"purchasable","21":"product-type-simple"},"acf":[],"yoast_head":"<!-- This site is optimized with the Yoast SEO plugin v27.3 - https:\/\/yoast.com\/product\/yoast-seo-wordpress\/ -->\n<title>Soft Mirror - Azur Scenic<\/title>\n<meta name=\"description\" content=\"\u00a1Juega con la luz y los reflejos para lograr realizaciones in\u00e9ditas gracias a esta l\u00e1mina flexible con acabado de espejo! Al ser polivalente, Soft Mirror te permite darle un aspecto met\u00e1lico plateado a tus estructuras y decorados o realizar juegos de reflejos originales gracias a su acabado en espejo. Ten en cuenta que es un art\u00edculo ign\u00edfugo y por eso se puede utilizar con toda seguridad en lugares con p\u00fablico. No obstante, no se lo ha sometido a pruebas de laboratorio que permitan emitir un informe de clasificaci\u00f3n de reacci\u00f3n ante el fuego.  Ancho: 130\u00a0cm Peso: 290 g\/m\u00b2  Clasificaci\u00f3n ante el fuego: Acabado ign\u00edfugo Composici\u00f3n: Soporte: 100\u00a0% PVC, con film de poli\u00e9ster metalizado en uno de los lados\" \/>\n<meta name=\"robots\" content=\"index, follow, max-snippet:-1, max-image-preview:large, max-video-preview:-1\" \/>\n<link rel=\"canonical\" href=\"https:\/\/www.azur-scenic.com\/es\/producto\/soft-mirror\/\" \/>\n<meta property=\"og:locale\" content=\"es_ES\" \/>\n<meta property=\"og:type\" content=\"article\" \/>\n<meta property=\"og:title\" content=\"Soft Mirror - Azur Scenic\" \/>\n<meta property=\"og:description\" content=\"\u00a1Juega con la luz y los reflejos para lograr realizaciones in\u00e9ditas gracias a esta l\u00e1mina flexible con acabado de espejo! Al ser polivalente, Soft Mirror te permite darle un aspecto met\u00e1lico plateado a tus estructuras y decorados o realizar juegos de reflejos originales gracias a su acabado en espejo. Ten en cuenta que es un art\u00edculo ign\u00edfugo y por eso se puede utilizar con toda seguridad en lugares con p\u00fablico. No obstante, no se lo ha sometido a pruebas de laboratorio que permitan emitir un informe de clasificaci\u00f3n de reacci\u00f3n ante el fuego.  Ancho: 130\u00a0cm Peso: 290 g\/m\u00b2  Clasificaci\u00f3n ante el fuego: Acabado ign\u00edfugo Composici\u00f3n: Soporte: 100\u00a0% PVC, con film de poli\u00e9ster metalizado en uno de los lados\" \/>\n<meta property=\"og:url\" content=\"https:\/\/www.azur-scenic.com\/es\/producto\/soft-mirror\/\" \/>\n<meta property=\"og:site_name\" content=\"Azur Scenic\" \/>\n<meta property=\"article:modified_time\" content=\"2023-08-02T13:14:06+00:00\" \/>\n<meta property=\"og:image\" content=\"https:\/\/www.azur-scenic.com\/wp-content\/uploads\/f979480d0ad1b3ab4ce5f9cee8159f87.png\" \/>\n\t<meta property=\"og:image:width\" content=\"430\" \/>\n\t<meta property=\"og:image:height\" content=\"430\" \/>\n\t<meta property=\"og:image:type\" content=\"image\/png\" \/>\n<meta name=\"twitter:card\" content=\"summary_large_image\" \/>\n<script type=\"application\/ld+json\" class=\"yoast-schema-graph\">{\"@context\":\"https:\\\/\\\/schema.org\",\"@graph\":[{\"@type\":\"WebPage\",\"@id\":\"https:\\\/\\\/www.azur-scenic.com\\\/es\\\/producto\\\/soft-mirror\\\/\",\"url\":\"https:\\\/\\\/www.azur-scenic.com\\\/es\\\/producto\\\/soft-mirror\\\/\",\"name\":\"Soft Mirror - Azur Scenic\",\"isPartOf\":{\"@id\":\"https:\\\/\\\/www.azur-scenic.com\\\/es\\\/#website\"},\"primaryImageOfPage\":{\"@id\":\"https:\\\/\\\/www.azur-scenic.com\\\/es\\\/producto\\\/soft-mirror\\\/#primaryimage\"},\"image\":{\"@id\":\"https:\\\/\\\/www.azur-scenic.com\\\/es\\\/producto\\\/soft-mirror\\\/#primaryimage\"},\"thumbnailUrl\":\"https:\\\/\\\/www.azur-scenic.com\\\/wp-content\\\/uploads\\\/f979480d0ad1b3ab4ce5f9cee8159f87.png\",\"datePublished\":\"2022-10-04T07:27:23+00:00\",\"dateModified\":\"2023-08-02T13:14:06+00:00\",\"description\":\"\u00a1Juega con la luz y los reflejos para lograr realizaciones in\u00e9ditas gracias a esta l\u00e1mina flexible con acabado de espejo! Al ser polivalente, Soft Mirror te permite darle un aspecto met\u00e1lico plateado a tus estructuras y decorados o realizar juegos de reflejos originales gracias a su acabado en espejo. Ten en cuenta que es un art\u00edculo ign\u00edfugo y por eso se puede utilizar con toda seguridad en lugares con p\u00fablico. No obstante, no se lo ha sometido a pruebas de laboratorio que permitan emitir un informe de clasificaci\u00f3n de reacci\u00f3n ante el fuego. Ancho: 130\u00a0cm Peso: 290 g\\\/m\u00b2 Clasificaci\u00f3n ante el fuego: Acabado ign\u00edfugo Composici\u00f3n: Soporte: 100\u00a0% PVC, con film de poli\u00e9ster metalizado en uno de los lados\",\"breadcrumb\":{\"@id\":\"https:\\\/\\\/www.azur-scenic.com\\\/es\\\/producto\\\/soft-mirror\\\/#breadcrumb\"},\"inLanguage\":\"es\",\"potentialAction\":[{\"@type\":\"ReadAction\",\"target\":[\"https:\\\/\\\/www.azur-scenic.com\\\/es\\\/producto\\\/soft-mirror\\\/\"]}]},{\"@type\":\"ImageObject\",\"inLanguage\":\"es\",\"@id\":\"https:\\\/\\\/www.azur-scenic.com\\\/es\\\/producto\\\/soft-mirror\\\/#primaryimage\",\"url\":\"https:\\\/\\\/www.azur-scenic.com\\\/wp-content\\\/uploads\\\/f979480d0ad1b3ab4ce5f9cee8159f87.png\",\"contentUrl\":\"https:\\\/\\\/www.azur-scenic.com\\\/wp-content\\\/uploads\\\/f979480d0ad1b3ab4ce5f9cee8159f87.png\",\"width\":430,\"height\":430},{\"@type\":\"BreadcrumbList\",\"@id\":\"https:\\\/\\\/www.azur-scenic.com\\\/es\\\/producto\\\/soft-mirror\\\/#breadcrumb\",\"itemListElement\":[{\"@type\":\"ListItem\",\"position\":1,\"name\":\"Accueil\",\"item\":\"https:\\\/\\\/www.azur-scenic.com\\\/es\\\/\"},{\"@type\":\"ListItem\",\"position\":2,\"name\":\"Productos\",\"item\":\"https:\\\/\\\/www.azur-scenic.com\\\/es\\\/?page_id=21440\"},{\"@type\":\"ListItem\",\"position\":3,\"name\":\"Soft Mirror\"}]},{\"@type\":\"WebSite\",\"@id\":\"https:\\\/\\\/www.azur-scenic.com\\\/es\\\/#website\",\"url\":\"https:\\\/\\\/www.azur-scenic.com\\\/es\\\/\",\"name\":\"Azur Scenic\",\"description\":\"Sp\u00e9cialiste de l\u2019\u00e9quipement sc\u00e9nique et de la d\u00e9coration int\u00e9rieure et \u00e9v\u00e9nementielle !\",\"publisher\":{\"@id\":\"https:\\\/\\\/www.azur-scenic.com\\\/es\\\/#organization\"},\"potentialAction\":[{\"@type\":\"SearchAction\",\"target\":{\"@type\":\"EntryPoint\",\"urlTemplate\":\"https:\\\/\\\/www.azur-scenic.com\\\/es\\\/?s={search_term_string}\"},\"query-input\":{\"@type\":\"PropertyValueSpecification\",\"valueRequired\":true,\"valueName\":\"search_term_string\"}}],\"inLanguage\":\"es\"},{\"@type\":\"Organization\",\"@id\":\"https:\\\/\\\/www.azur-scenic.com\\\/es\\\/#organization\",\"name\":\"AZUR SCENIC\",\"url\":\"https:\\\/\\\/www.azur-scenic.com\\\/es\\\/\",\"logo\":{\"@type\":\"ImageObject\",\"inLanguage\":\"es\",\"@id\":\"https:\\\/\\\/www.azur-scenic.com\\\/es\\\/#\\\/schema\\\/logo\\\/image\\\/\",\"url\":\"https:\\\/\\\/www.azur-scenic.com\\\/wp-content\\\/uploads\\\/2022\\\/09\\\/LOGO-AZUR-SCENIC-Fusion-web-236x64-1.jpg\",\"contentUrl\":\"https:\\\/\\\/www.azur-scenic.com\\\/wp-content\\\/uploads\\\/2022\\\/09\\\/LOGO-AZUR-SCENIC-Fusion-web-236x64-1.jpg\",\"width\":236,\"height\":64,\"caption\":\"AZUR SCENIC\"},\"image\":{\"@id\":\"https:\\\/\\\/www.azur-scenic.com\\\/es\\\/#\\\/schema\\\/logo\\\/image\\\/\"},\"sameAs\":[\"https:\\\/\\\/www.youtube.com\\\/channel\\\/UCPWM2mGPVUt4nYhNlm71WOA\",\"https:\\\/\\\/www.linkedin.com\\\/company\\\/33237605\\\/admin\\\/feed\\\/posts\\\/\"]}]}<\/script>\n<!-- \/ Yoast SEO plugin. -->","yoast_head_json":{"title":"Soft Mirror - Azur Scenic","description":"\u00a1Juega con la luz y los reflejos para lograr realizaciones in\u00e9ditas gracias a esta l\u00e1mina flexible con acabado de espejo! Al ser polivalente, Soft Mirror te permite darle un aspecto met\u00e1lico plateado a tus estructuras y decorados o realizar juegos de reflejos originales gracias a su acabado en espejo. Ten en cuenta que es un art\u00edculo ign\u00edfugo y por eso se puede utilizar con toda seguridad en lugares con p\u00fablico. No obstante, no se lo ha sometido a pruebas de laboratorio que permitan emitir un informe de clasificaci\u00f3n de reacci\u00f3n ante el fuego.  Ancho: 130\u00a0cm Peso: 290 g\/m\u00b2  Clasificaci\u00f3n ante el fuego: Acabado ign\u00edfugo Composici\u00f3n: Soporte: 100\u00a0% PVC, con film de poli\u00e9ster metalizado en uno de los lados","robots":{"index":"index","follow":"follow","max-snippet":"max-snippet:-1","max-image-preview":"max-image-preview:large","max-video-preview":"max-video-preview:-1"},"canonical":"https:\/\/www.azur-scenic.com\/es\/producto\/soft-mirror\/","og_locale":"es_ES","og_type":"article","og_title":"Soft Mirror - Azur Scenic","og_description":"\u00a1Juega con la luz y los reflejos para lograr realizaciones in\u00e9ditas gracias a esta l\u00e1mina flexible con acabado de espejo! Al ser polivalente, Soft Mirror te permite darle un aspecto met\u00e1lico plateado a tus estructuras y decorados o realizar juegos de reflejos originales gracias a su acabado en espejo. Ten en cuenta que es un art\u00edculo ign\u00edfugo y por eso se puede utilizar con toda seguridad en lugares con p\u00fablico. No obstante, no se lo ha sometido a pruebas de laboratorio que permitan emitir un informe de clasificaci\u00f3n de reacci\u00f3n ante el fuego.  Ancho: 130\u00a0cm Peso: 290 g\/m\u00b2  Clasificaci\u00f3n ante el fuego: Acabado ign\u00edfugo Composici\u00f3n: Soporte: 100\u00a0% PVC, con film de poli\u00e9ster metalizado en uno de los lados","og_url":"https:\/\/www.azur-scenic.com\/es\/producto\/soft-mirror\/","og_site_name":"Azur Scenic","article_modified_time":"2023-08-02T13:14:06+00:00","og_image":[{"width":430,"height":430,"url":"https:\/\/www.azur-scenic.com\/wp-content\/uploads\/f979480d0ad1b3ab4ce5f9cee8159f87.png","type":"image\/png"}],"twitter_card":"summary_large_image","schema":{"@context":"https:\/\/schema.org","@graph":[{"@type":"WebPage","@id":"https:\/\/www.azur-scenic.com\/es\/producto\/soft-mirror\/","url":"https:\/\/www.azur-scenic.com\/es\/producto\/soft-mirror\/","name":"Soft Mirror - Azur Scenic","isPartOf":{"@id":"https:\/\/www.azur-scenic.com\/es\/#website"},"primaryImageOfPage":{"@id":"https:\/\/www.azur-scenic.com\/es\/producto\/soft-mirror\/#primaryimage"},"image":{"@id":"https:\/\/www.azur-scenic.com\/es\/producto\/soft-mirror\/#primaryimage"},"thumbnailUrl":"https:\/\/www.azur-scenic.com\/wp-content\/uploads\/f979480d0ad1b3ab4ce5f9cee8159f87.png","datePublished":"2022-10-04T07:27:23+00:00","dateModified":"2023-08-02T13:14:06+00:00","description":"\u00a1Juega con la luz y los reflejos para lograr realizaciones in\u00e9ditas gracias a esta l\u00e1mina flexible con acabado de espejo! Al ser polivalente, Soft Mirror te permite darle un aspecto met\u00e1lico plateado a tus estructuras y decorados o realizar juegos de reflejos originales gracias a su acabado en espejo. Ten en cuenta que es un art\u00edculo ign\u00edfugo y por eso se puede utilizar con toda seguridad en lugares con p\u00fablico. No obstante, no se lo ha sometido a pruebas de laboratorio que permitan emitir un informe de clasificaci\u00f3n de reacci\u00f3n ante el fuego. Ancho: 130\u00a0cm Peso: 290 g\/m\u00b2 Clasificaci\u00f3n ante el fuego: Acabado ign\u00edfugo Composici\u00f3n: Soporte: 100\u00a0% PVC, con film de poli\u00e9ster metalizado en uno de los lados","breadcrumb":{"@id":"https:\/\/www.azur-scenic.com\/es\/producto\/soft-mirror\/#breadcrumb"},"inLanguage":"es","potentialAction":[{"@type":"ReadAction","target":["https:\/\/www.azur-scenic.com\/es\/producto\/soft-mirror\/"]}]},{"@type":"ImageObject","inLanguage":"es","@id":"https:\/\/www.azur-scenic.com\/es\/producto\/soft-mirror\/#primaryimage","url":"https:\/\/www.azur-scenic.com\/wp-content\/uploads\/f979480d0ad1b3ab4ce5f9cee8159f87.png","contentUrl":"https:\/\/www.azur-scenic.com\/wp-content\/uploads\/f979480d0ad1b3ab4ce5f9cee8159f87.png","width":430,"height":430},{"@type":"BreadcrumbList","@id":"https:\/\/www.azur-scenic.com\/es\/producto\/soft-mirror\/#breadcrumb","itemListElement":[{"@type":"ListItem","position":1,"name":"Accueil","item":"https:\/\/www.azur-scenic.com\/es\/"},{"@type":"ListItem","position":2,"name":"Productos","item":"https:\/\/www.azur-scenic.com\/es\/?page_id=21440"},{"@type":"ListItem","position":3,"name":"Soft Mirror"}]},{"@type":"WebSite","@id":"https:\/\/www.azur-scenic.com\/es\/#website","url":"https:\/\/www.azur-scenic.com\/es\/","name":"Azur Scenic","description":"Sp\u00e9cialiste de l\u2019\u00e9quipement sc\u00e9nique et de la d\u00e9coration int\u00e9rieure et \u00e9v\u00e9nementielle !","publisher":{"@id":"https:\/\/www.azur-scenic.com\/es\/#organization"},"potentialAction":[{"@type":"SearchAction","target":{"@type":"EntryPoint","urlTemplate":"https:\/\/www.azur-scenic.com\/es\/?s={search_term_string}"},"query-input":{"@type":"PropertyValueSpecification","valueRequired":true,"valueName":"search_term_string"}}],"inLanguage":"es"},{"@type":"Organization","@id":"https:\/\/www.azur-scenic.com\/es\/#organization","name":"AZUR SCENIC","url":"https:\/\/www.azur-scenic.com\/es\/","logo":{"@type":"ImageObject","inLanguage":"es","@id":"https:\/\/www.azur-scenic.com\/es\/#\/schema\/logo\/image\/","url":"https:\/\/www.azur-scenic.com\/wp-content\/uploads\/2022\/09\/LOGO-AZUR-SCENIC-Fusion-web-236x64-1.jpg","contentUrl":"https:\/\/www.azur-scenic.com\/wp-content\/uploads\/2022\/09\/LOGO-AZUR-SCENIC-Fusion-web-236x64-1.jpg","width":236,"height":64,"caption":"AZUR SCENIC"},"image":{"@id":"https:\/\/www.azur-scenic.com\/es\/#\/schema\/logo\/image\/"},"sameAs":["https:\/\/www.youtube.com\/channel\/UCPWM2mGPVUt4nYhNlm71WOA","https:\/\/www.linkedin.com\/company\/33237605\/admin\/feed\/posts\/"]}]}},"_links":{"self":[{"href":"https:\/\/www.azur-scenic.com\/es\/wp-json\/wp\/v2\/product\/17782","targetHints":{"allow":["GET"]}}],"collection":[{"href":"https:\/\/www.azur-scenic.com\/es\/wp-json\/wp\/v2\/product"}],"about":[{"href":"https:\/\/www.azur-scenic.com\/es\/wp-json\/wp\/v2\/types\/product"}],"wp:featuredmedia":[{"embeddable":true,"href":"https:\/\/www.azur-scenic.com\/es\/wp-json\/wp\/v2\/media\/7538"}],"wp:attachment":[{"href":"https:\/\/www.azur-scenic.com\/es\/wp-json\/wp\/v2\/media?parent=17782"}],"wp:term":[{"taxonomy":"product_brand","embeddable":true,"href":"https:\/\/www.azur-scenic.com\/es\/wp-json\/wp\/v2\/product_brand?post=17782"},{"taxonomy":"product_cat","embeddable":true,"href":"https:\/\/www.azur-scenic.com\/es\/wp-json\/wp\/v2\/product_cat?post=17782"},{"taxonomy":"product_tag","embeddable":true,"href":"https:\/\/www.azur-scenic.com\/es\/wp-json\/wp\/v2\/product_tag?post=17782"}],"curies":[{"name":"wp","href":"https:\/\/api.w.org\/{rel}","templated":true}]}}