{"id":17789,"date":"2022-10-04T07:27:22","date_gmt":"2022-10-04T07:27:22","guid":{"rendered":"https:\/\/www.azur-scenic.com\/produit\/retro-anthracite\/"},"modified":"2024-11-27T08:28:14","modified_gmt":"2024-11-27T08:28:14","slug":"retro-antracita","status":"publish","type":"product","link":"https:\/\/www.azur-scenic.com\/es\/producto\/retro-antracita\/","title":{"rendered":"Retro Azul Noche"},"content":{"rendered":"<table style=\"width: 35.0312%;\">\n<thead>\n<tr>\n<th style=\"width: 36.7089%;\">Datos t\u00e9cnicos<\/th>\n<th style=\"width: 18.3544%;\">Valor<\/th>\n<th style=\"width: 42.827%;\">Comentarios<\/th>\n<\/tr>\n<\/thead>\n<tbody>\n<tr>\n<td style=\"vertical-align: top; width: 36.7089%;\">Ancho<\/td>\n<td style=\"vertical-align: top; width: 18.3544%;\">\u00b1 220 cm<\/td>\n<td style=\"vertical-align: top; width: 42.827%;\">\u00a0<\/td>\n<\/tr>\n<tr>\n<td style=\"vertical-align: top; width: 36.7089%;\">Peso<\/td>\n<td style=\"vertical-align: top; width: 18.3544%;\">\u00b1 450 g\/m\u00b2<\/td>\n<td style=\"vertical-align: top; width: 42.827%;\">\u00a0<\/td>\n<\/tr>\n<tr>\n<td style=\"vertical-align: top; width: 36.7089%;\">Grosor<\/td>\n<td style=\"vertical-align: top; width: 18.3544%;\">\u00b1 0,3 mm<\/td>\n<td style=\"vertical-align: top; width: 42.827%;\">\u00a0<\/td>\n<\/tr>\n<tr>\n<td style=\"vertical-align: top; width: 36.7089%;\">Clasificaci\u00f3n ante el fuego<\/td>\n<td style=\"vertical-align: top; width: 18.3544%;\"><img decoding=\"async\" style=\"height: 20px; width: 20px;\" src=\"https:\/\/www.azur-scenic.com\/wp-content\/uploads\/icon-flag-europe.png\" \/> M2<\/td>\n<td style=\"vertical-align: top; width: 42.827%;\">Norma: NF P 92-507<\/td>\n<\/tr>\n<tr>\n<td style=\"vertical-align: top; width: 36.7089%;\">Composici\u00f3n<\/td>\n<td style=\"vertical-align: top; width: 18.3544%;\">100 % PVC<\/td>\n<td style=\"vertical-align: top; width: 42.827%;\">\u00a0<\/td>\n<\/tr>\n<tr>\n<td style=\"vertical-align: top; width: 36.7089%;\">Longitud del rollo<\/td>\n<td style=\"vertical-align: top; width: 18.3544%;\">100 m<\/td>\n<td style=\"vertical-align: top; width: 42.827%;\">Se vende s\u00f3lo como pantalla ya hecha<\/td>\n<\/tr>\n<\/tbody>\n<\/table>\n","protected":false},"excerpt":{"rendered":"<p>La l\u00e1mina de PVC flexible m\u00e1s oscura del mercado, clasificada como <span style=\"color: #f88523;\"><strong>no inflamable<\/strong><\/span>, ideal para la realizaci\u00f3n de <strong><span style=\"color: #f88523;\">pantallas de retroproyecci\u00f3n<\/span><\/strong> y <span style=\"color: #f88523;\"><strong>ciclos<\/strong><\/span> instalados en los lugares m\u00e1s oscuros.<br \/>\nEste color antracita ofrece un <span style=\"color: #f88523;\"><strong>excelente contraste<\/strong><\/span>\u00a0combinado con una buena reproducci\u00f3n crom\u00e1tica.<br \/>\nEste material multiusos tambi\u00e9n se puede utilizar como superficie de <span style=\"color: #f88523;\"><strong>proyecci\u00f3n frontal<\/strong><\/span>\u00a0(uso preferente en retroproyecci\u00f3n).<br \/>\nNos aseguramos de que tenga la mejor <span style=\"color: #f88523;\"><strong>planicidad<\/strong><\/span> posible. Realizamos en nuestros talleres <span style=\"color: #f88523;\"><strong>soldaduras de montaje casi invisibles<\/strong><\/span> (ultrafinas y ultraplanas) para que nuestras pantallas se puedan <span style=\"color: #f88523;\"><strong>colgar<\/strong><\/span>, colocar en tensi\u00f3n <span style=\"color: #f88523;\"><strong>sobre marcos<\/strong><\/span> o incluso montar bajo <span style=\"color: #f88523;\"><strong>rodillos motorizados<\/strong><\/span>.<br \/>\nEsta tela de PVC <span style=\"color: #f88523;\"><strong>lavable<\/strong><\/span> se adapta tanto a usos interiores como <span style=\"color: #f88523;\"><strong>exteriores<\/strong><\/span> y cuenta con propiedades de <strong><span style=\"color: #f88523;\">aislamiento ac\u00fastico<\/span><\/strong>.<\/p>\n<table class=\"table\">\n<tbody>\n<tr>\n<td><strong>Ancho<\/strong>: \u00b1 220 cm<\/td>\n<td><strong>Peso<\/strong>: \u00b1 450 g\/m\u00b2<\/td>\n<\/tr>\n<tr>\n<td><strong>Clasificaci\u00f3n ante el fuego<\/strong>: <img decoding=\"async\" style=\"height: 20px; width: 20px;\" src=\"https:\/\/www.azur-scenic.com\/wp-content\/uploads\/icon-flag-france.png?1542281963\" alt=\"\" \/> M2<\/td>\n<td><strong>Composici\u00f3n<\/strong>: 100 % PVC<\/td>\n<\/tr>\n<\/tbody>\n<\/table>\n","protected":false},"featured_media":27405,"template":"","meta":{"_acf_changed":false},"product_brand":[],"product_cat":[943,944,1196,1367],"product_tag":[],"class_list":{"0":"post-17789","1":"product","2":"type-product","3":"status-publish","4":"has-post-thumbnail","6":"product_cat-teatro","7":"product_cat-todos-los-productos","8":"product_cat-pantallas-de-proyeccion-y-telas-de-pvc","9":"product_cat-telas-de-retroproyeccion","10":"pa_couleurs-190-es","11":"pa_groupes-de-couleurs-gris","12":"pa_textiles-apto-para-uso-en-exteriores","13":"pa_textiles-ignifugo","14":"pa_textiles-aislante-acustico","15":"pa_textiles-lavable","16":"pa_textiles-proyeccion-frontal","17":"pa_textiles-retroproyeccion","19":"first","20":"instock","21":"shipping-taxable","22":"purchasable","23":"product-type-simple"},"acf":[],"yoast_head":"<!-- This site is optimized with the Yoast SEO plugin v27.3 - https:\/\/yoast.com\/product\/yoast-seo-wordpress\/ -->\n<title>Retro Azul Noche - Azur Scenic<\/title>\n<meta name=\"description\" content=\"La l\u00e1mina de PVC flexible m\u00e1s oscura del mercado, clasificada como no inflamable, ideal para la realizaci\u00f3n de pantallas de retroproyecci\u00f3n y ciclos instalados en los lugares m\u00e1s oscuros.Este color antracita ofrece un excelente contraste\u00a0combinado con una buena reproducci\u00f3n crom\u00e1tica.Este material multiusos tambi\u00e9n se puede utilizar como superficie de proyecci\u00f3n frontal\u00a0(uso preferente en retroproyecci\u00f3n).Nos aseguramos de que tenga la mejor planicidad posible. Realizamos en nuestros talleres soldaduras de montaje casi invisibles (ultrafinas y ultraplanas) para que nuestras pantallas se puedan colgar, colocar en tensi\u00f3n sobre marcos o incluso montar bajo rodillos motorizados.Esta tela de PVC lavable se adapta tanto a usos interiores como exteriores y cuenta con propiedades de aislamiento ac\u00fastico.Ancho: 220\u00a0cmPeso: 450 g\/m\u00b2Clasificaci\u00f3n ante el fuego: \u00a0B-s1,d0Composici\u00f3n: 100 % PVC\" \/>\n<meta name=\"robots\" content=\"index, follow, max-snippet:-1, max-image-preview:large, max-video-preview:-1\" \/>\n<link rel=\"canonical\" href=\"https:\/\/www.azur-scenic.com\/es\/producto\/retro-antracita\/\" \/>\n<meta property=\"og:locale\" content=\"es_ES\" \/>\n<meta property=\"og:type\" content=\"article\" \/>\n<meta property=\"og:title\" content=\"Retro Azul Noche - Azur Scenic\" \/>\n<meta property=\"og:description\" content=\"La l\u00e1mina de PVC flexible m\u00e1s oscura del mercado, clasificada como no inflamable, ideal para la realizaci\u00f3n de pantallas de retroproyecci\u00f3n y ciclos instalados en los lugares m\u00e1s oscuros.Este color antracita ofrece un excelente contraste\u00a0combinado con una buena reproducci\u00f3n crom\u00e1tica.Este material multiusos tambi\u00e9n se puede utilizar como superficie de proyecci\u00f3n frontal\u00a0(uso preferente en retroproyecci\u00f3n).Nos aseguramos de que tenga la mejor planicidad posible. Realizamos en nuestros talleres soldaduras de montaje casi invisibles (ultrafinas y ultraplanas) para que nuestras pantallas se puedan colgar, colocar en tensi\u00f3n sobre marcos o incluso montar bajo rodillos motorizados.Esta tela de PVC lavable se adapta tanto a usos interiores como exteriores y cuenta con propiedades de aislamiento ac\u00fastico.Ancho: 220\u00a0cmPeso: 450 g\/m\u00b2Clasificaci\u00f3n ante el fuego: \u00a0B-s1,d0Composici\u00f3n: 100 % PVC\" \/>\n<meta property=\"og:url\" content=\"https:\/\/www.azur-scenic.com\/es\/producto\/retro-antracita\/\" \/>\n<meta property=\"og:site_name\" content=\"Azur Scenic\" \/>\n<meta property=\"article:modified_time\" content=\"2024-11-27T08:28:14+00:00\" \/>\n<meta property=\"og:image\" content=\"https:\/\/www.azur-scenic.com\/wp-content\/uploads\/retro-anthracite-1-scaled.jpg\" \/>\n\t<meta property=\"og:image:width\" content=\"2560\" \/>\n\t<meta property=\"og:image:height\" content=\"2560\" \/>\n\t<meta property=\"og:image:type\" content=\"image\/jpeg\" \/>\n<meta name=\"twitter:card\" content=\"summary_large_image\" \/>\n<meta name=\"twitter:label1\" content=\"Tiempo de lectura\" \/>\n\t<meta name=\"twitter:data1\" content=\"1 minuto\" \/>\n<script type=\"application\/ld+json\" class=\"yoast-schema-graph\">{\"@context\":\"https:\\\/\\\/schema.org\",\"@graph\":[{\"@type\":\"WebPage\",\"@id\":\"https:\\\/\\\/www.azur-scenic.com\\\/es\\\/producto\\\/retro-antracita\\\/\",\"url\":\"https:\\\/\\\/www.azur-scenic.com\\\/es\\\/producto\\\/retro-antracita\\\/\",\"name\":\"Retro Azul Noche - Azur Scenic\",\"isPartOf\":{\"@id\":\"https:\\\/\\\/www.azur-scenic.com\\\/es\\\/#website\"},\"primaryImageOfPage\":{\"@id\":\"https:\\\/\\\/www.azur-scenic.com\\\/es\\\/producto\\\/retro-antracita\\\/#primaryimage\"},\"image\":{\"@id\":\"https:\\\/\\\/www.azur-scenic.com\\\/es\\\/producto\\\/retro-antracita\\\/#primaryimage\"},\"thumbnailUrl\":\"https:\\\/\\\/www.azur-scenic.com\\\/wp-content\\\/uploads\\\/retro-anthracite-1-scaled.jpg\",\"datePublished\":\"2022-10-04T07:27:22+00:00\",\"dateModified\":\"2024-11-27T08:28:14+00:00\",\"description\":\"La l\u00e1mina de PVC flexible m\u00e1s oscura del mercado, clasificada como no inflamable, ideal para la realizaci\u00f3n de pantallas de retroproyecci\u00f3n y ciclos instalados en los lugares m\u00e1s oscuros.Este color antracita ofrece un excelente contraste\u00a0combinado con una buena reproducci\u00f3n crom\u00e1tica.Este material multiusos tambi\u00e9n se puede utilizar como superficie de proyecci\u00f3n frontal\u00a0(uso preferente en retroproyecci\u00f3n).Nos aseguramos de que tenga la mejor planicidad posible. Realizamos en nuestros talleres soldaduras de montaje casi invisibles (ultrafinas y ultraplanas) para que nuestras pantallas se puedan colgar, colocar en tensi\u00f3n sobre marcos o incluso montar bajo rodillos motorizados.Esta tela de PVC lavable se adapta tanto a usos interiores como exteriores y cuenta con propiedades de aislamiento ac\u00fastico.Ancho: 220\u00a0cmPeso: 450 g\\\/m\u00b2Clasificaci\u00f3n ante el fuego: \u00a0B-s1,d0Composici\u00f3n: 100 % PVC\",\"breadcrumb\":{\"@id\":\"https:\\\/\\\/www.azur-scenic.com\\\/es\\\/producto\\\/retro-antracita\\\/#breadcrumb\"},\"inLanguage\":\"es\",\"potentialAction\":[{\"@type\":\"ReadAction\",\"target\":[\"https:\\\/\\\/www.azur-scenic.com\\\/es\\\/producto\\\/retro-antracita\\\/\"]}]},{\"@type\":\"ImageObject\",\"inLanguage\":\"es\",\"@id\":\"https:\\\/\\\/www.azur-scenic.com\\\/es\\\/producto\\\/retro-antracita\\\/#primaryimage\",\"url\":\"https:\\\/\\\/www.azur-scenic.com\\\/wp-content\\\/uploads\\\/retro-anthracite-1-scaled.jpg\",\"contentUrl\":\"https:\\\/\\\/www.azur-scenic.com\\\/wp-content\\\/uploads\\\/retro-anthracite-1-scaled.jpg\",\"width\":2560,\"height\":2560},{\"@type\":\"BreadcrumbList\",\"@id\":\"https:\\\/\\\/www.azur-scenic.com\\\/es\\\/producto\\\/retro-antracita\\\/#breadcrumb\",\"itemListElement\":[{\"@type\":\"ListItem\",\"position\":1,\"name\":\"Accueil\",\"item\":\"https:\\\/\\\/www.azur-scenic.com\\\/es\\\/\"},{\"@type\":\"ListItem\",\"position\":2,\"name\":\"Productos\",\"item\":\"https:\\\/\\\/www.azur-scenic.com\\\/es\\\/?page_id=21440\"},{\"@type\":\"ListItem\",\"position\":3,\"name\":\"Retro Azul Noche\"}]},{\"@type\":\"WebSite\",\"@id\":\"https:\\\/\\\/www.azur-scenic.com\\\/es\\\/#website\",\"url\":\"https:\\\/\\\/www.azur-scenic.com\\\/es\\\/\",\"name\":\"Azur Scenic\",\"description\":\"Sp\u00e9cialiste de l\u2019\u00e9quipement sc\u00e9nique et de la d\u00e9coration int\u00e9rieure et \u00e9v\u00e9nementielle !\",\"publisher\":{\"@id\":\"https:\\\/\\\/www.azur-scenic.com\\\/es\\\/#organization\"},\"potentialAction\":[{\"@type\":\"SearchAction\",\"target\":{\"@type\":\"EntryPoint\",\"urlTemplate\":\"https:\\\/\\\/www.azur-scenic.com\\\/es\\\/?s={search_term_string}\"},\"query-input\":{\"@type\":\"PropertyValueSpecification\",\"valueRequired\":true,\"valueName\":\"search_term_string\"}}],\"inLanguage\":\"es\"},{\"@type\":\"Organization\",\"@id\":\"https:\\\/\\\/www.azur-scenic.com\\\/es\\\/#organization\",\"name\":\"AZUR SCENIC\",\"url\":\"https:\\\/\\\/www.azur-scenic.com\\\/es\\\/\",\"logo\":{\"@type\":\"ImageObject\",\"inLanguage\":\"es\",\"@id\":\"https:\\\/\\\/www.azur-scenic.com\\\/es\\\/#\\\/schema\\\/logo\\\/image\\\/\",\"url\":\"https:\\\/\\\/www.azur-scenic.com\\\/wp-content\\\/uploads\\\/2022\\\/09\\\/LOGO-AZUR-SCENIC-Fusion-web-236x64-1.jpg\",\"contentUrl\":\"https:\\\/\\\/www.azur-scenic.com\\\/wp-content\\\/uploads\\\/2022\\\/09\\\/LOGO-AZUR-SCENIC-Fusion-web-236x64-1.jpg\",\"width\":236,\"height\":64,\"caption\":\"AZUR SCENIC\"},\"image\":{\"@id\":\"https:\\\/\\\/www.azur-scenic.com\\\/es\\\/#\\\/schema\\\/logo\\\/image\\\/\"},\"sameAs\":[\"https:\\\/\\\/www.youtube.com\\\/channel\\\/UCPWM2mGPVUt4nYhNlm71WOA\",\"https:\\\/\\\/www.linkedin.com\\\/company\\\/33237605\\\/admin\\\/feed\\\/posts\\\/\"]}]}<\/script>\n<!-- \/ Yoast SEO plugin. -->","yoast_head_json":{"title":"Retro Azul Noche - Azur Scenic","description":"La l\u00e1mina de PVC flexible m\u00e1s oscura del mercado, clasificada como no inflamable, ideal para la realizaci\u00f3n de pantallas de retroproyecci\u00f3n y ciclos instalados en los lugares m\u00e1s oscuros.Este color antracita ofrece un excelente contraste\u00a0combinado con una buena reproducci\u00f3n crom\u00e1tica.Este material multiusos tambi\u00e9n se puede utilizar como superficie de proyecci\u00f3n frontal\u00a0(uso preferente en retroproyecci\u00f3n).Nos aseguramos de que tenga la mejor planicidad posible. Realizamos en nuestros talleres soldaduras de montaje casi invisibles (ultrafinas y ultraplanas) para que nuestras pantallas se puedan colgar, colocar en tensi\u00f3n sobre marcos o incluso montar bajo rodillos motorizados.Esta tela de PVC lavable se adapta tanto a usos interiores como exteriores y cuenta con propiedades de aislamiento ac\u00fastico.Ancho: 220\u00a0cmPeso: 450 g\/m\u00b2Clasificaci\u00f3n ante el fuego: \u00a0B-s1,d0Composici\u00f3n: 100 % PVC","robots":{"index":"index","follow":"follow","max-snippet":"max-snippet:-1","max-image-preview":"max-image-preview:large","max-video-preview":"max-video-preview:-1"},"canonical":"https:\/\/www.azur-scenic.com\/es\/producto\/retro-antracita\/","og_locale":"es_ES","og_type":"article","og_title":"Retro Azul Noche - Azur Scenic","og_description":"La l\u00e1mina de PVC flexible m\u00e1s oscura del mercado, clasificada como no inflamable, ideal para la realizaci\u00f3n de pantallas de retroproyecci\u00f3n y ciclos instalados en los lugares m\u00e1s oscuros.Este color antracita ofrece un excelente contraste\u00a0combinado con una buena reproducci\u00f3n crom\u00e1tica.Este material multiusos tambi\u00e9n se puede utilizar como superficie de proyecci\u00f3n frontal\u00a0(uso preferente en retroproyecci\u00f3n).Nos aseguramos de que tenga la mejor planicidad posible. Realizamos en nuestros talleres soldaduras de montaje casi invisibles (ultrafinas y ultraplanas) para que nuestras pantallas se puedan colgar, colocar en tensi\u00f3n sobre marcos o incluso montar bajo rodillos motorizados.Esta tela de PVC lavable se adapta tanto a usos interiores como exteriores y cuenta con propiedades de aislamiento ac\u00fastico.Ancho: 220\u00a0cmPeso: 450 g\/m\u00b2Clasificaci\u00f3n ante el fuego: \u00a0B-s1,d0Composici\u00f3n: 100 % PVC","og_url":"https:\/\/www.azur-scenic.com\/es\/producto\/retro-antracita\/","og_site_name":"Azur Scenic","article_modified_time":"2024-11-27T08:28:14+00:00","og_image":[{"width":2560,"height":2560,"url":"https:\/\/www.azur-scenic.com\/wp-content\/uploads\/retro-anthracite-1-scaled.jpg","type":"image\/jpeg"}],"twitter_card":"summary_large_image","twitter_misc":{"Tiempo de lectura":"1 minuto"},"schema":{"@context":"https:\/\/schema.org","@graph":[{"@type":"WebPage","@id":"https:\/\/www.azur-scenic.com\/es\/producto\/retro-antracita\/","url":"https:\/\/www.azur-scenic.com\/es\/producto\/retro-antracita\/","name":"Retro Azul Noche - Azur Scenic","isPartOf":{"@id":"https:\/\/www.azur-scenic.com\/es\/#website"},"primaryImageOfPage":{"@id":"https:\/\/www.azur-scenic.com\/es\/producto\/retro-antracita\/#primaryimage"},"image":{"@id":"https:\/\/www.azur-scenic.com\/es\/producto\/retro-antracita\/#primaryimage"},"thumbnailUrl":"https:\/\/www.azur-scenic.com\/wp-content\/uploads\/retro-anthracite-1-scaled.jpg","datePublished":"2022-10-04T07:27:22+00:00","dateModified":"2024-11-27T08:28:14+00:00","description":"La l\u00e1mina de PVC flexible m\u00e1s oscura del mercado, clasificada como no inflamable, ideal para la realizaci\u00f3n de pantallas de retroproyecci\u00f3n y ciclos instalados en los lugares m\u00e1s oscuros.Este color antracita ofrece un excelente contraste\u00a0combinado con una buena reproducci\u00f3n crom\u00e1tica.Este material multiusos tambi\u00e9n se puede utilizar como superficie de proyecci\u00f3n frontal\u00a0(uso preferente en retroproyecci\u00f3n).Nos aseguramos de que tenga la mejor planicidad posible. Realizamos en nuestros talleres soldaduras de montaje casi invisibles (ultrafinas y ultraplanas) para que nuestras pantallas se puedan colgar, colocar en tensi\u00f3n sobre marcos o incluso montar bajo rodillos motorizados.Esta tela de PVC lavable se adapta tanto a usos interiores como exteriores y cuenta con propiedades de aislamiento ac\u00fastico.Ancho: 220\u00a0cmPeso: 450 g\/m\u00b2Clasificaci\u00f3n ante el fuego: \u00a0B-s1,d0Composici\u00f3n: 100 % PVC","breadcrumb":{"@id":"https:\/\/www.azur-scenic.com\/es\/producto\/retro-antracita\/#breadcrumb"},"inLanguage":"es","potentialAction":[{"@type":"ReadAction","target":["https:\/\/www.azur-scenic.com\/es\/producto\/retro-antracita\/"]}]},{"@type":"ImageObject","inLanguage":"es","@id":"https:\/\/www.azur-scenic.com\/es\/producto\/retro-antracita\/#primaryimage","url":"https:\/\/www.azur-scenic.com\/wp-content\/uploads\/retro-anthracite-1-scaled.jpg","contentUrl":"https:\/\/www.azur-scenic.com\/wp-content\/uploads\/retro-anthracite-1-scaled.jpg","width":2560,"height":2560},{"@type":"BreadcrumbList","@id":"https:\/\/www.azur-scenic.com\/es\/producto\/retro-antracita\/#breadcrumb","itemListElement":[{"@type":"ListItem","position":1,"name":"Accueil","item":"https:\/\/www.azur-scenic.com\/es\/"},{"@type":"ListItem","position":2,"name":"Productos","item":"https:\/\/www.azur-scenic.com\/es\/?page_id=21440"},{"@type":"ListItem","position":3,"name":"Retro Azul Noche"}]},{"@type":"WebSite","@id":"https:\/\/www.azur-scenic.com\/es\/#website","url":"https:\/\/www.azur-scenic.com\/es\/","name":"Azur Scenic","description":"Sp\u00e9cialiste de l\u2019\u00e9quipement sc\u00e9nique et de la d\u00e9coration int\u00e9rieure et \u00e9v\u00e9nementielle !","publisher":{"@id":"https:\/\/www.azur-scenic.com\/es\/#organization"},"potentialAction":[{"@type":"SearchAction","target":{"@type":"EntryPoint","urlTemplate":"https:\/\/www.azur-scenic.com\/es\/?s={search_term_string}"},"query-input":{"@type":"PropertyValueSpecification","valueRequired":true,"valueName":"search_term_string"}}],"inLanguage":"es"},{"@type":"Organization","@id":"https:\/\/www.azur-scenic.com\/es\/#organization","name":"AZUR SCENIC","url":"https:\/\/www.azur-scenic.com\/es\/","logo":{"@type":"ImageObject","inLanguage":"es","@id":"https:\/\/www.azur-scenic.com\/es\/#\/schema\/logo\/image\/","url":"https:\/\/www.azur-scenic.com\/wp-content\/uploads\/2022\/09\/LOGO-AZUR-SCENIC-Fusion-web-236x64-1.jpg","contentUrl":"https:\/\/www.azur-scenic.com\/wp-content\/uploads\/2022\/09\/LOGO-AZUR-SCENIC-Fusion-web-236x64-1.jpg","width":236,"height":64,"caption":"AZUR SCENIC"},"image":{"@id":"https:\/\/www.azur-scenic.com\/es\/#\/schema\/logo\/image\/"},"sameAs":["https:\/\/www.youtube.com\/channel\/UCPWM2mGPVUt4nYhNlm71WOA","https:\/\/www.linkedin.com\/company\/33237605\/admin\/feed\/posts\/"]}]}},"_links":{"self":[{"href":"https:\/\/www.azur-scenic.com\/es\/wp-json\/wp\/v2\/product\/17789","targetHints":{"allow":["GET"]}}],"collection":[{"href":"https:\/\/www.azur-scenic.com\/es\/wp-json\/wp\/v2\/product"}],"about":[{"href":"https:\/\/www.azur-scenic.com\/es\/wp-json\/wp\/v2\/types\/product"}],"wp:featuredmedia":[{"embeddable":true,"href":"https:\/\/www.azur-scenic.com\/es\/wp-json\/wp\/v2\/media\/27405"}],"wp:attachment":[{"href":"https:\/\/www.azur-scenic.com\/es\/wp-json\/wp\/v2\/media?parent=17789"}],"wp:term":[{"taxonomy":"product_brand","embeddable":true,"href":"https:\/\/www.azur-scenic.com\/es\/wp-json\/wp\/v2\/product_brand?post=17789"},{"taxonomy":"product_cat","embeddable":true,"href":"https:\/\/www.azur-scenic.com\/es\/wp-json\/wp\/v2\/product_cat?post=17789"},{"taxonomy":"product_tag","embeddable":true,"href":"https:\/\/www.azur-scenic.com\/es\/wp-json\/wp\/v2\/product_tag?post=17789"}],"curies":[{"name":"wp","href":"https:\/\/api.w.org\/{rel}","templated":true}]}}