{"id":17795,"date":"2022-10-04T07:27:19","date_gmt":"2022-10-04T07:27:19","guid":{"rendered":"https:\/\/www.azur-scenic.com\/produit\/smoke-out\/"},"modified":"2023-08-02T13:14:12","modified_gmt":"2023-08-02T13:14:12","slug":"smoke-out","status":"publish","type":"product","link":"https:\/\/www.azur-scenic.com\/es\/producto\/smoke-out\/","title":{"rendered":"Smoke Out"},"content":{"rendered":"<table>\n<thead>\n<tr>\n<th style=\"width: 170px;\">Datos t\u00e9cnicos<\/th>\n<th>Valor<\/th>\n<th>Comentarios<\/th>\n<\/tr>\n<\/thead>\n<tbody>\n<tr>\n<td style=\"vertical-align: top;\">Ancho<\/td>\n<td style=\"vertical-align: top;\">280\u00a0cm<\/td>\n<td style=\"vertical-align: top;\">Puede extenderse a 3 m<\/td>\n<\/tr>\n<tr>\n<td style=\"vertical-align: top;\">Peso<\/td>\n<td style=\"vertical-align: top;\">130 g\/m\u00b2<\/td>\n<td style=\"vertical-align: top;\">\u00a0<\/td>\n<\/tr>\n<tr>\n<td style=\"vertical-align: top;\">Grosor<\/td>\n<td style=\"vertical-align: top;\">0,5\u00a0mm<\/td>\n<td style=\"vertical-align: top;\">\u00a0<\/td>\n<\/tr>\n<tr>\n<td style=\"vertical-align: top;\">Clasificaci\u00f3n ante el fuego<\/td>\n<td style=\"vertical-align: top;\"><img decoding=\"async\" style=\"height: 20px; width: 20px;\" src=\"https:\/\/www.azur-scenic.com\/wp-content\/uploads\/csm_icon-flag-france_3304e5e3f9.png\" \/> M1<br \/>\n<img decoding=\"async\" style=\"height: 20px; width: 20px;\" src=\"https:\/\/www.azur-scenic.com\/wp-content\/uploads\/icon-flag-europe.png\" \/> B-s1,d0<\/td>\n<td style=\"vertical-align: top;\">Norma: NF P 92-503<br \/>\nNorma: EN 13501-1<\/td>\n<\/tr>\n<tr>\n<td style=\"vertical-align: top;\">Sprinkler<\/td>\n<td style=\"vertical-align: top;\" colspan=\"2\">Cumple completamente con las pruebas realizadas en 1989 por el Servicio de Seguridad CSTB de Champs-sur-Marne y el Laboratorio Cient\u00edfico de\u00a0Vernon (Eure)<\/td>\n<\/tr>\n<tr>\n<td style=\"vertical-align: top;\">Composici\u00f3n<\/td>\n<td style=\"vertical-align: top;\" colspan=\"2\" rowspan=\"1\">98\u00a0% Trevira CS, 2\u00a0% poliamida<\/td>\n<\/tr>\n<tr>\n<td style=\"vertical-align: top;\">Longitud del rollo<\/td>\n<td style=\"vertical-align: top;\">50 m (ancho completo enrollado)<\/td>\n<td style=\"vertical-align: top;\">Posibilidad de venta al corte<\/td>\n<\/tr>\n<\/tbody>\n<\/table>\n","protected":false},"excerpt":{"rendered":"<p>Un material con propiedades \u00fanicas en el mundo, ya que combina <span style=\"color: #f88523;\"><strong>est\u00e9tica<\/strong><\/span>, <strong><span style=\"color: #f88523;\">elasticidad<\/span><\/strong>, clasificaci\u00f3n <span style=\"color: #f88523;\"><strong>ante el fuego M1<\/strong><\/span> y compatibilidad con los sistemas <span style=\"color: #f88523;\"><strong>Sprinkler<\/strong><\/span>.<br \/>\nPor lo tanto, Smoke Out es un textil imprescindible para la realizaci\u00f3n de <span style=\"color: #f88523;\"><strong>techos<\/strong><\/span> para revestir los stands en ferias y salones.<br \/>\nSu elasticidad te permitir\u00e1 cubrir <span style=\"color: #f88523;\"><strong>grandes espacios sin costuras<\/strong><\/span>. Tambi\u00e9n se puede montar con costuras en zig-zag para cubrir las superficies m\u00e1s amplias.<br \/>\nCompuesto principalmente por <span style=\"color: #f88523;\"><strong>Trevira CS<\/strong><\/span>, es <span style=\"color: #f88523;\"><strong>lavable<\/strong><\/span> y m\u00e1s adecuado para un uso interior, lejos de la luz solar.<\/p>\n<table class=\"table\">\n<tbody>\n<tr>\n<td><strong>Ancho<\/strong>: 280\u00a0cm<\/td>\n<td><strong>Peso<\/strong>: 130 g\/m\u00b2<\/td>\n<\/tr>\n<tr>\n<td><strong>Clasificaci\u00f3n ante el fuego<\/strong>: <img decoding=\"async\" style=\"height: 20px; width: 20px;\" src=\"https:\/\/www.azur-scenic.com\/wp-content\/uploads\/csm_icon-flag-france_3304e5e3f9.png\" \/> M1 <img decoding=\"async\" style=\"height: 20px; width: 20px;\" src=\"https:\/\/www.azur-scenic.com\/wp-content\/uploads\/icon-flag-europe.png\" \/> B-s1,d0<\/td>\n<td><strong>Composici\u00f3n<\/strong>: 98\u00a0% Trevira CS,<br \/>\n2\u00a0% poliamida<\/td>\n<\/tr>\n<\/tbody>\n<\/table>\n","protected":false},"featured_media":15095,"template":"","meta":{"_acf_changed":false},"product_brand":[],"product_cat":[1099,939,1364,1118,1325,1322,944],"product_tag":[],"class_list":{"0":"post-17795","1":"product","2":"type-product","3":"status-publish","4":"has-post-thumbnail","6":"product_cat-eventos","7":"product_cat-tejidos-escenicos-y-para-eventos","8":"product_cat-extensibles","9":"product_cat-tules","10":"product_cat-telas-transparentes-y-tejidos-ligeros","11":"product_cat-telas-extraligeras","12":"product_cat-todos-los-productos","13":"pa_couleurs-002-es","14":"pa_couleurs-003-es","15":"pa_groupes-de-couleurs-blanco","16":"pa_groupes-de-couleurs-negro","17":"pa_textiles-ignifugo","18":"pa_textiles-extensible","19":"pa_textiles-lavable","20":"pa_textiles-trevira-cs","22":"first","23":"instock","24":"shipping-taxable","25":"purchasable","26":"product-type-variable"},"acf":[],"yoast_head":"<!-- This site is optimized with the Yoast SEO plugin v27.3 - https:\/\/yoast.com\/product\/yoast-seo-wordpress\/ -->\n<title>Smoke Out - Azur Scenic<\/title>\n<meta name=\"description\" content=\"Un material con propiedades \u00fanicas en el mundo, ya que combina est\u00e9tica, elasticidad, clasificaci\u00f3n ante el fuego M1 y compatibilidad con los sistemas Sprinkler. Por lo tanto, Smoke Out es un textil imprescindible para la realizaci\u00f3n de techos para revestir los stands en ferias y salones. Su elasticidad te permitir\u00e1 cubrir grandes espacios sin costuras. Tambi\u00e9n se puede montar con costuras en zig-zag para cubrir las superficies m\u00e1s amplias. Compuesto principalmente por Trevira CS, es lavable y m\u00e1s adecuado para un uso interior, lejos de la luz solar.  Ancho: 280\u00a0cm Peso: 130 g\/m\u00b2  Clasificaci\u00f3n ante el fuego: M1 B-s1,d0 Composici\u00f3n: 98\u00a0% Trevira CS, 2\u00a0% poliamida\" \/>\n<meta name=\"robots\" content=\"index, follow, max-snippet:-1, max-image-preview:large, max-video-preview:-1\" \/>\n<link rel=\"canonical\" href=\"https:\/\/www.azur-scenic.com\/es\/producto\/smoke-out\/\" \/>\n<meta property=\"og:locale\" content=\"es_ES\" \/>\n<meta property=\"og:type\" content=\"article\" \/>\n<meta property=\"og:title\" content=\"Smoke Out - Azur Scenic\" \/>\n<meta property=\"og:description\" content=\"Un material con propiedades \u00fanicas en el mundo, ya que combina est\u00e9tica, elasticidad, clasificaci\u00f3n ante el fuego M1 y compatibilidad con los sistemas Sprinkler. Por lo tanto, Smoke Out es un textil imprescindible para la realizaci\u00f3n de techos para revestir los stands en ferias y salones. Su elasticidad te permitir\u00e1 cubrir grandes espacios sin costuras. Tambi\u00e9n se puede montar con costuras en zig-zag para cubrir las superficies m\u00e1s amplias. Compuesto principalmente por Trevira CS, es lavable y m\u00e1s adecuado para un uso interior, lejos de la luz solar.  Ancho: 280\u00a0cm Peso: 130 g\/m\u00b2  Clasificaci\u00f3n ante el fuego: M1 B-s1,d0 Composici\u00f3n: 98\u00a0% Trevira CS, 2\u00a0% poliamida\" \/>\n<meta property=\"og:url\" content=\"https:\/\/www.azur-scenic.com\/es\/producto\/smoke-out\/\" \/>\n<meta property=\"og:site_name\" content=\"Azur Scenic\" \/>\n<meta property=\"article:modified_time\" content=\"2023-08-02T13:14:12+00:00\" \/>\n<meta property=\"og:image\" content=\"https:\/\/www.azur-scenic.com\/wp-content\/uploads\/SMOKE-OUT-NOIR.jpg\" \/>\n\t<meta property=\"og:image:width\" content=\"1819\" \/>\n\t<meta property=\"og:image:height\" content=\"1819\" \/>\n\t<meta property=\"og:image:type\" content=\"image\/jpeg\" \/>\n<meta name=\"twitter:card\" content=\"summary_large_image\" \/>\n<script type=\"application\/ld+json\" class=\"yoast-schema-graph\">{\"@context\":\"https:\\\/\\\/schema.org\",\"@graph\":[{\"@type\":\"WebPage\",\"@id\":\"https:\\\/\\\/www.azur-scenic.com\\\/es\\\/producto\\\/smoke-out\\\/\",\"url\":\"https:\\\/\\\/www.azur-scenic.com\\\/es\\\/producto\\\/smoke-out\\\/\",\"name\":\"Smoke Out - Azur Scenic\",\"isPartOf\":{\"@id\":\"https:\\\/\\\/www.azur-scenic.com\\\/es\\\/#website\"},\"primaryImageOfPage\":{\"@id\":\"https:\\\/\\\/www.azur-scenic.com\\\/es\\\/producto\\\/smoke-out\\\/#primaryimage\"},\"image\":{\"@id\":\"https:\\\/\\\/www.azur-scenic.com\\\/es\\\/producto\\\/smoke-out\\\/#primaryimage\"},\"thumbnailUrl\":\"https:\\\/\\\/www.azur-scenic.com\\\/wp-content\\\/uploads\\\/SMOKE-OUT-NOIR.jpg\",\"datePublished\":\"2022-10-04T07:27:19+00:00\",\"dateModified\":\"2023-08-02T13:14:12+00:00\",\"description\":\"Un material con propiedades \u00fanicas en el mundo, ya que combina est\u00e9tica, elasticidad, clasificaci\u00f3n ante el fuego M1 y compatibilidad con los sistemas Sprinkler. Por lo tanto, Smoke Out es un textil imprescindible para la realizaci\u00f3n de techos para revestir los stands en ferias y salones. Su elasticidad te permitir\u00e1 cubrir grandes espacios sin costuras. Tambi\u00e9n se puede montar con costuras en zig-zag para cubrir las superficies m\u00e1s amplias. Compuesto principalmente por Trevira CS, es lavable y m\u00e1s adecuado para un uso interior, lejos de la luz solar. Ancho: 280\u00a0cm Peso: 130 g\\\/m\u00b2 Clasificaci\u00f3n ante el fuego: M1 B-s1,d0 Composici\u00f3n: 98\u00a0% Trevira CS, 2\u00a0% poliamida\",\"breadcrumb\":{\"@id\":\"https:\\\/\\\/www.azur-scenic.com\\\/es\\\/producto\\\/smoke-out\\\/#breadcrumb\"},\"inLanguage\":\"es\",\"potentialAction\":[{\"@type\":\"ReadAction\",\"target\":[\"https:\\\/\\\/www.azur-scenic.com\\\/es\\\/producto\\\/smoke-out\\\/\"]}]},{\"@type\":\"ImageObject\",\"inLanguage\":\"es\",\"@id\":\"https:\\\/\\\/www.azur-scenic.com\\\/es\\\/producto\\\/smoke-out\\\/#primaryimage\",\"url\":\"https:\\\/\\\/www.azur-scenic.com\\\/wp-content\\\/uploads\\\/SMOKE-OUT-NOIR.jpg\",\"contentUrl\":\"https:\\\/\\\/www.azur-scenic.com\\\/wp-content\\\/uploads\\\/SMOKE-OUT-NOIR.jpg\",\"width\":1819,\"height\":1819,\"caption\":\"SMOKE OUT NOIR\"},{\"@type\":\"BreadcrumbList\",\"@id\":\"https:\\\/\\\/www.azur-scenic.com\\\/es\\\/producto\\\/smoke-out\\\/#breadcrumb\",\"itemListElement\":[{\"@type\":\"ListItem\",\"position\":1,\"name\":\"Accueil\",\"item\":\"https:\\\/\\\/www.azur-scenic.com\\\/es\\\/\"},{\"@type\":\"ListItem\",\"position\":2,\"name\":\"Productos\",\"item\":\"https:\\\/\\\/www.azur-scenic.com\\\/es\\\/?page_id=21440\"},{\"@type\":\"ListItem\",\"position\":3,\"name\":\"Smoke Out\"}]},{\"@type\":\"WebSite\",\"@id\":\"https:\\\/\\\/www.azur-scenic.com\\\/es\\\/#website\",\"url\":\"https:\\\/\\\/www.azur-scenic.com\\\/es\\\/\",\"name\":\"Azur Scenic\",\"description\":\"Sp\u00e9cialiste de l\u2019\u00e9quipement sc\u00e9nique et de la d\u00e9coration int\u00e9rieure et \u00e9v\u00e9nementielle !\",\"publisher\":{\"@id\":\"https:\\\/\\\/www.azur-scenic.com\\\/es\\\/#organization\"},\"potentialAction\":[{\"@type\":\"SearchAction\",\"target\":{\"@type\":\"EntryPoint\",\"urlTemplate\":\"https:\\\/\\\/www.azur-scenic.com\\\/es\\\/?s={search_term_string}\"},\"query-input\":{\"@type\":\"PropertyValueSpecification\",\"valueRequired\":true,\"valueName\":\"search_term_string\"}}],\"inLanguage\":\"es\"},{\"@type\":\"Organization\",\"@id\":\"https:\\\/\\\/www.azur-scenic.com\\\/es\\\/#organization\",\"name\":\"AZUR SCENIC\",\"url\":\"https:\\\/\\\/www.azur-scenic.com\\\/es\\\/\",\"logo\":{\"@type\":\"ImageObject\",\"inLanguage\":\"es\",\"@id\":\"https:\\\/\\\/www.azur-scenic.com\\\/es\\\/#\\\/schema\\\/logo\\\/image\\\/\",\"url\":\"https:\\\/\\\/www.azur-scenic.com\\\/wp-content\\\/uploads\\\/2022\\\/09\\\/LOGO-AZUR-SCENIC-Fusion-web-236x64-1.jpg\",\"contentUrl\":\"https:\\\/\\\/www.azur-scenic.com\\\/wp-content\\\/uploads\\\/2022\\\/09\\\/LOGO-AZUR-SCENIC-Fusion-web-236x64-1.jpg\",\"width\":236,\"height\":64,\"caption\":\"AZUR SCENIC\"},\"image\":{\"@id\":\"https:\\\/\\\/www.azur-scenic.com\\\/es\\\/#\\\/schema\\\/logo\\\/image\\\/\"},\"sameAs\":[\"https:\\\/\\\/www.youtube.com\\\/channel\\\/UCPWM2mGPVUt4nYhNlm71WOA\",\"https:\\\/\\\/www.linkedin.com\\\/company\\\/33237605\\\/admin\\\/feed\\\/posts\\\/\"]}]}<\/script>\n<!-- \/ Yoast SEO plugin. -->","yoast_head_json":{"title":"Smoke Out - Azur Scenic","description":"Un material con propiedades \u00fanicas en el mundo, ya que combina est\u00e9tica, elasticidad, clasificaci\u00f3n ante el fuego M1 y compatibilidad con los sistemas Sprinkler. Por lo tanto, Smoke Out es un textil imprescindible para la realizaci\u00f3n de techos para revestir los stands en ferias y salones. Su elasticidad te permitir\u00e1 cubrir grandes espacios sin costuras. Tambi\u00e9n se puede montar con costuras en zig-zag para cubrir las superficies m\u00e1s amplias. Compuesto principalmente por Trevira CS, es lavable y m\u00e1s adecuado para un uso interior, lejos de la luz solar.  Ancho: 280\u00a0cm Peso: 130 g\/m\u00b2  Clasificaci\u00f3n ante el fuego: M1 B-s1,d0 Composici\u00f3n: 98\u00a0% Trevira CS, 2\u00a0% poliamida","robots":{"index":"index","follow":"follow","max-snippet":"max-snippet:-1","max-image-preview":"max-image-preview:large","max-video-preview":"max-video-preview:-1"},"canonical":"https:\/\/www.azur-scenic.com\/es\/producto\/smoke-out\/","og_locale":"es_ES","og_type":"article","og_title":"Smoke Out - Azur Scenic","og_description":"Un material con propiedades \u00fanicas en el mundo, ya que combina est\u00e9tica, elasticidad, clasificaci\u00f3n ante el fuego M1 y compatibilidad con los sistemas Sprinkler. Por lo tanto, Smoke Out es un textil imprescindible para la realizaci\u00f3n de techos para revestir los stands en ferias y salones. Su elasticidad te permitir\u00e1 cubrir grandes espacios sin costuras. Tambi\u00e9n se puede montar con costuras en zig-zag para cubrir las superficies m\u00e1s amplias. Compuesto principalmente por Trevira CS, es lavable y m\u00e1s adecuado para un uso interior, lejos de la luz solar.  Ancho: 280\u00a0cm Peso: 130 g\/m\u00b2  Clasificaci\u00f3n ante el fuego: M1 B-s1,d0 Composici\u00f3n: 98\u00a0% Trevira CS, 2\u00a0% poliamida","og_url":"https:\/\/www.azur-scenic.com\/es\/producto\/smoke-out\/","og_site_name":"Azur Scenic","article_modified_time":"2023-08-02T13:14:12+00:00","og_image":[{"width":1819,"height":1819,"url":"https:\/\/www.azur-scenic.com\/wp-content\/uploads\/SMOKE-OUT-NOIR.jpg","type":"image\/jpeg"}],"twitter_card":"summary_large_image","schema":{"@context":"https:\/\/schema.org","@graph":[{"@type":"WebPage","@id":"https:\/\/www.azur-scenic.com\/es\/producto\/smoke-out\/","url":"https:\/\/www.azur-scenic.com\/es\/producto\/smoke-out\/","name":"Smoke Out - Azur Scenic","isPartOf":{"@id":"https:\/\/www.azur-scenic.com\/es\/#website"},"primaryImageOfPage":{"@id":"https:\/\/www.azur-scenic.com\/es\/producto\/smoke-out\/#primaryimage"},"image":{"@id":"https:\/\/www.azur-scenic.com\/es\/producto\/smoke-out\/#primaryimage"},"thumbnailUrl":"https:\/\/www.azur-scenic.com\/wp-content\/uploads\/SMOKE-OUT-NOIR.jpg","datePublished":"2022-10-04T07:27:19+00:00","dateModified":"2023-08-02T13:14:12+00:00","description":"Un material con propiedades \u00fanicas en el mundo, ya que combina est\u00e9tica, elasticidad, clasificaci\u00f3n ante el fuego M1 y compatibilidad con los sistemas Sprinkler. Por lo tanto, Smoke Out es un textil imprescindible para la realizaci\u00f3n de techos para revestir los stands en ferias y salones. Su elasticidad te permitir\u00e1 cubrir grandes espacios sin costuras. Tambi\u00e9n se puede montar con costuras en zig-zag para cubrir las superficies m\u00e1s amplias. Compuesto principalmente por Trevira CS, es lavable y m\u00e1s adecuado para un uso interior, lejos de la luz solar. Ancho: 280\u00a0cm Peso: 130 g\/m\u00b2 Clasificaci\u00f3n ante el fuego: M1 B-s1,d0 Composici\u00f3n: 98\u00a0% Trevira CS, 2\u00a0% poliamida","breadcrumb":{"@id":"https:\/\/www.azur-scenic.com\/es\/producto\/smoke-out\/#breadcrumb"},"inLanguage":"es","potentialAction":[{"@type":"ReadAction","target":["https:\/\/www.azur-scenic.com\/es\/producto\/smoke-out\/"]}]},{"@type":"ImageObject","inLanguage":"es","@id":"https:\/\/www.azur-scenic.com\/es\/producto\/smoke-out\/#primaryimage","url":"https:\/\/www.azur-scenic.com\/wp-content\/uploads\/SMOKE-OUT-NOIR.jpg","contentUrl":"https:\/\/www.azur-scenic.com\/wp-content\/uploads\/SMOKE-OUT-NOIR.jpg","width":1819,"height":1819,"caption":"SMOKE OUT NOIR"},{"@type":"BreadcrumbList","@id":"https:\/\/www.azur-scenic.com\/es\/producto\/smoke-out\/#breadcrumb","itemListElement":[{"@type":"ListItem","position":1,"name":"Accueil","item":"https:\/\/www.azur-scenic.com\/es\/"},{"@type":"ListItem","position":2,"name":"Productos","item":"https:\/\/www.azur-scenic.com\/es\/?page_id=21440"},{"@type":"ListItem","position":3,"name":"Smoke Out"}]},{"@type":"WebSite","@id":"https:\/\/www.azur-scenic.com\/es\/#website","url":"https:\/\/www.azur-scenic.com\/es\/","name":"Azur Scenic","description":"Sp\u00e9cialiste de l\u2019\u00e9quipement sc\u00e9nique et de la d\u00e9coration int\u00e9rieure et \u00e9v\u00e9nementielle !","publisher":{"@id":"https:\/\/www.azur-scenic.com\/es\/#organization"},"potentialAction":[{"@type":"SearchAction","target":{"@type":"EntryPoint","urlTemplate":"https:\/\/www.azur-scenic.com\/es\/?s={search_term_string}"},"query-input":{"@type":"PropertyValueSpecification","valueRequired":true,"valueName":"search_term_string"}}],"inLanguage":"es"},{"@type":"Organization","@id":"https:\/\/www.azur-scenic.com\/es\/#organization","name":"AZUR SCENIC","url":"https:\/\/www.azur-scenic.com\/es\/","logo":{"@type":"ImageObject","inLanguage":"es","@id":"https:\/\/www.azur-scenic.com\/es\/#\/schema\/logo\/image\/","url":"https:\/\/www.azur-scenic.com\/wp-content\/uploads\/2022\/09\/LOGO-AZUR-SCENIC-Fusion-web-236x64-1.jpg","contentUrl":"https:\/\/www.azur-scenic.com\/wp-content\/uploads\/2022\/09\/LOGO-AZUR-SCENIC-Fusion-web-236x64-1.jpg","width":236,"height":64,"caption":"AZUR SCENIC"},"image":{"@id":"https:\/\/www.azur-scenic.com\/es\/#\/schema\/logo\/image\/"},"sameAs":["https:\/\/www.youtube.com\/channel\/UCPWM2mGPVUt4nYhNlm71WOA","https:\/\/www.linkedin.com\/company\/33237605\/admin\/feed\/posts\/"]}]}},"_links":{"self":[{"href":"https:\/\/www.azur-scenic.com\/es\/wp-json\/wp\/v2\/product\/17795","targetHints":{"allow":["GET"]}}],"collection":[{"href":"https:\/\/www.azur-scenic.com\/es\/wp-json\/wp\/v2\/product"}],"about":[{"href":"https:\/\/www.azur-scenic.com\/es\/wp-json\/wp\/v2\/types\/product"}],"wp:featuredmedia":[{"embeddable":true,"href":"https:\/\/www.azur-scenic.com\/es\/wp-json\/wp\/v2\/media\/15095"}],"wp:attachment":[{"href":"https:\/\/www.azur-scenic.com\/es\/wp-json\/wp\/v2\/media?parent=17795"}],"wp:term":[{"taxonomy":"product_brand","embeddable":true,"href":"https:\/\/www.azur-scenic.com\/es\/wp-json\/wp\/v2\/product_brand?post=17795"},{"taxonomy":"product_cat","embeddable":true,"href":"https:\/\/www.azur-scenic.com\/es\/wp-json\/wp\/v2\/product_cat?post=17795"},{"taxonomy":"product_tag","embeddable":true,"href":"https:\/\/www.azur-scenic.com\/es\/wp-json\/wp\/v2\/product_tag?post=17795"}],"curies":[{"name":"wp","href":"https:\/\/api.w.org\/{rel}","templated":true}]}}