{"id":17815,"date":"2022-10-04T07:27:11","date_gmt":"2022-10-04T07:27:11","guid":{"rendered":"https:\/\/www.azur-scenic.com\/produit\/standex\/"},"modified":"2023-08-02T13:14:13","modified_gmt":"2023-08-02T13:14:13","slug":"standex","status":"publish","type":"product","link":"https:\/\/www.azur-scenic.com\/es\/producto\/standex\/","title":{"rendered":"Standex"},"content":{"rendered":"<table>\n<thead>\n<tr>\n<th style=\"width: 170px;\">Datos t\u00e9cnicos<\/th>\n<th style=\"width: 136px;\">Valor<\/th>\n<th style=\"width: 222px;\">Comentarios<\/th>\n<\/tr>\n<\/thead>\n<tbody>\n<tr>\n<td style=\"vertical-align: top;\">Ancho<\/td>\n<td style=\"vertical-align: top; width: 136px;\">220\u00a0cm<\/td>\n<td style=\"vertical-align: top; width: 222px;\">\u00a0<\/td>\n<\/tr>\n<tr>\n<td style=\"vertical-align: top;\">Peso<\/td>\n<td style=\"vertical-align: top; width: 136px;\">330 g\/m\u00b2<\/td>\n<td style=\"vertical-align: top; width: 222px;\">\u00a0<\/td>\n<\/tr>\n<tr>\n<td style=\"vertical-align: top;\">Grosor<\/td>\n<td style=\"vertical-align: top; width: 136px;\">0,5\u00a0mm<\/td>\n<td style=\"vertical-align: top; width: 222px;\">\u00a0<\/td>\n<\/tr>\n<tr>\n<td style=\"vertical-align: top;\">Clasificaci\u00f3n ante el fuego<\/td>\n<td style=\"vertical-align: top; width: 136px;\"><img decoding=\"async\" style=\"height: 20px; width: 20px;\" src=\"https:\/\/www.azur-scenic.com\/wp-content\/uploads\/csm_icon-flag-france_3304e5e3f9.png\" \/> M1<\/td>\n<td style=\"vertical-align: top; width: 222px;\">Norma: NF P 92-503<\/td>\n<\/tr>\n<tr>\n<td style=\"vertical-align: top;\">Composici\u00f3n<\/td>\n<td style=\"vertical-align: top;\" colspan=\"2\">Soporte 100\u00a0% de poli\u00e9ster + revestimiento 100 % de PVC<\/td>\n<\/tr>\n<tr>\n<td style=\"vertical-align: top;\">Longitud del rollo<\/td>\n<td style=\"vertical-align: top; width: 136px;\">50 m<br \/>\n(ancho completo enrollado)<\/td>\n<td style=\"vertical-align: top; width: 222px;\">Posibilidad de venta al corte en colores disponibles en stock.<br \/>\nColores no disponibles: puesta en producci\u00f3n por 300 m<\/td>\n<\/tr>\n<tr>\n<td style=\"vertical-align: top;\">Resistencia a la tracci\u00f3n<\/td>\n<td style=\"vertical-align: top; width: 136px;\">Urdimbre:<br \/>\n> 25 daN\/5\u00a0cm<br \/>\nTrama:<br \/>\n> 12 daN\/5\u00a0cm<\/td>\n<td style=\"vertical-align: top; width: 222px;\">Norma: ISO 1998<\/td>\n<\/tr>\n<tr>\n<td style=\"vertical-align: top;\">Resistencia al desgarro<\/td>\n<td style=\"vertical-align: top; width: 136px;\">Urdimbre: > 1,5 daN<br \/>\nTrama: > 1,5 daN<\/td>\n<td style=\"vertical-align: top; width: 222px;\">Norma: ISO 4674-01 2003<\/td>\n<\/tr>\n<tr>\n<td style=\"vertical-align: top;\">Resistencia a la costura<\/td>\n<td style=\"vertical-align: top; width: 136px;\">Urdimbre:<br \/>\n> 13 daN\/5\u00a0cm<br \/>\nTrama:<br \/>\n> 6 daN\/5\u00a0cm<\/td>\n<td style=\"vertical-align: top; width: 222px;\">Norma: ISO 13936-1 2004<\/td>\n<\/tr>\n<tr>\n<td style=\"vertical-align: top;\">Alargamiento<\/td>\n<td style=\"vertical-align: top; width: 136px;\">Urdimbre: > 9 %<br \/>\nTrama: > 9 %<\/td>\n<td style=\"vertical-align: top; width: 222px;\">(Por debajo de 30 N\/5\u00a0cm)<\/td>\n<\/tr>\n<\/tbody>\n<\/table>\n","protected":false},"excerpt":{"rendered":"<p>Tejido <strong><span style=\"color: #f88523;\">levemente extensible<\/span><\/strong> realizado en poli\u00e9ster y <span style=\"color: #f88523;\"><strong>revestido en<\/strong><\/span> PVC de un lado, el Standex es un material <span style=\"color: #f88523;\"><strong>impermeable<\/strong><\/span> que conserva un cierto grado de elasticidad a pesar de su revestimiento.<br \/>\nClasificaci\u00f3n ante el fuego <span style=\"color: #f88523;\"><strong>M1<\/strong><\/span>, <span style=\"color: #f88523;\"><strong>lavable<\/strong><\/span> y muy <span style=\"color: #f88523;\"><strong>resistente<\/strong><\/span>, este tejido es apto para usar tanto en interiores como en <span style=\"color: #f88523;\"><strong>exteriores<\/strong><\/span>. Perfectamente adecuado para <span style=\"color: #f88523;\"><strong>revestir bastidores<\/strong><\/span> por engrapado, es apto para la <span style=\"color: #f88523;\"><strong>decoraci\u00f3n esc\u00e9nica<\/strong><\/span> y la realizaci\u00f3n de \u00abcalcetines\u00bb de estructuras, etc.<br \/>\nEl lado revestido de Standex est\u00e1 unido con un <span style=\"color: #f88523;\"><strong>acabado liso y cuidado<\/strong><\/span> y est\u00e1 disponible en varios colores, mientras que el reverso tiene el aspecto de un tejido.<\/p>\n<table class=\"table\">\n<tbody>\n<tr>\n<td><strong>Ancho<\/strong>: 220\u00a0cm<\/td>\n<td style=\"vertical-align: top;\"><strong>Peso<\/strong>: 330 g\/m\u00b2<\/td>\n<\/tr>\n<tr>\n<td><strong>Clasificaci\u00f3n ante el fuego<\/strong>: <img decoding=\"async\" style=\"height: 20px; width: 20px;\" src=\"https:\/\/www.azur-scenic.com\/wp-content\/uploads\/csm_icon-flag-france_3304e5e3f9.png\" \/> M1<\/td>\n<td><strong>Composici\u00f3n<\/strong>: Soporte 100\u00a0% poli\u00e9ster<br \/>\n+ revestimiento 100\u00a0% PVC<\/td>\n<\/tr>\n<\/tbody>\n<\/table>\n","protected":false},"featured_media":7466,"template":"","meta":{"_acf_changed":false},"product_brand":[],"product_cat":[939,1364,976,1229,944,1196,1230],"product_tag":[],"class_list":{"0":"post-17815","1":"product","2":"type-product","3":"status-publish","4":"has-post-thumbnail","6":"product_cat-tejidos-escenicos-y-para-eventos","7":"product_cat-extensibles","8":"product_cat-tejidos-decorativos","9":"product_cat-textiles-decorativos-pvc","10":"product_cat-todos-los-productos","11":"product_cat-pantallas-de-proyeccion-y-telas-de-pvc","12":"product_cat-pvc-varios","13":"pa_couleurs-002-es","14":"pa_couleurs-003-es","15":"pa_couleurs-180-es","16":"pa_couleurs-250-es","17":"pa_couleurs-650-es","18":"pa_couleurs-786-es","19":"pa_groupes-de-couleurs-azules","20":"pa_groupes-de-couleurs-gris","21":"pa_groupes-de-couleurs-negro","22":"pa_groupes-de-couleurs-rojos","23":"pa_groupes-de-couleurs-verdes","24":"pa_textiles-apto-para-uso-en-exteriores","25":"pa_textiles-ignifugo","26":"pa_textiles-extensible","27":"pa_textiles-aislante-acustico","28":"pa_textiles-lavable","30":"first","31":"instock","32":"shipping-taxable","33":"purchasable","34":"product-type-variable"},"acf":[],"yoast_head":"<!-- This site is optimized with the Yoast SEO plugin v27.3 - https:\/\/yoast.com\/product\/yoast-seo-wordpress\/ -->\n<title>Standex - Azur Scenic<\/title>\n<meta name=\"description\" content=\"Tejido levemente extensible realizado en poli\u00e9ster y revestido en PVC de un lado, el Standex es un material impermeable que conserva un cierto grado de elasticidad a pesar de su revestimiento. Clasificaci\u00f3n ante el fuego M1, lavable y muy resistente, este tejido es apto para usar tanto en interiores como en exteriores. Perfectamente adecuado para revestir bastidores por engrapado, es apto para la decoraci\u00f3n esc\u00e9nica y la realizaci\u00f3n de \u00abcalcetines\u00bb de estructuras, etc. El lado revestido de Standex est\u00e1 unido con un acabado liso y cuidado y est\u00e1 disponible en varios colores, mientras que el reverso tiene el aspecto de un tejido.  Ancho: 220\u00a0cm Peso: 330 g\/m\u00b2  Clasificaci\u00f3n ante el fuego: M1 Composici\u00f3n: Soporte 100\u00a0% poli\u00e9ster + revestimiento 100\u00a0% PVC\" \/>\n<meta name=\"robots\" content=\"index, follow, max-snippet:-1, max-image-preview:large, max-video-preview:-1\" \/>\n<link rel=\"canonical\" href=\"https:\/\/www.azur-scenic.com\/es\/producto\/standex\/\" \/>\n<meta property=\"og:locale\" content=\"es_ES\" \/>\n<meta property=\"og:type\" content=\"article\" \/>\n<meta property=\"og:title\" content=\"Standex - Azur Scenic\" \/>\n<meta property=\"og:description\" content=\"Tejido levemente extensible realizado en poli\u00e9ster y revestido en PVC de un lado, el Standex es un material impermeable que conserva un cierto grado de elasticidad a pesar de su revestimiento. Clasificaci\u00f3n ante el fuego M1, lavable y muy resistente, este tejido es apto para usar tanto en interiores como en exteriores. Perfectamente adecuado para revestir bastidores por engrapado, es apto para la decoraci\u00f3n esc\u00e9nica y la realizaci\u00f3n de \u00abcalcetines\u00bb de estructuras, etc. El lado revestido de Standex est\u00e1 unido con un acabado liso y cuidado y est\u00e1 disponible en varios colores, mientras que el reverso tiene el aspecto de un tejido.  Ancho: 220\u00a0cm Peso: 330 g\/m\u00b2  Clasificaci\u00f3n ante el fuego: M1 Composici\u00f3n: Soporte 100\u00a0% poli\u00e9ster + revestimiento 100\u00a0% PVC\" \/>\n<meta property=\"og:url\" content=\"https:\/\/www.azur-scenic.com\/es\/producto\/standex\/\" \/>\n<meta property=\"og:site_name\" content=\"Azur Scenic\" \/>\n<meta property=\"article:modified_time\" content=\"2023-08-02T13:14:13+00:00\" \/>\n<meta property=\"og:image\" content=\"https:\/\/www.azur-scenic.com\/wp-content\/uploads\/c3544808ee667d0772d034fcf0a87d73.png\" \/>\n\t<meta property=\"og:image:width\" content=\"430\" \/>\n\t<meta property=\"og:image:height\" content=\"430\" \/>\n\t<meta property=\"og:image:type\" content=\"image\/png\" \/>\n<meta name=\"twitter:card\" content=\"summary_large_image\" \/>\n<meta name=\"twitter:label1\" content=\"Tiempo de lectura\" \/>\n\t<meta name=\"twitter:data1\" content=\"1 minuto\" \/>\n<script type=\"application\/ld+json\" class=\"yoast-schema-graph\">{\"@context\":\"https:\\\/\\\/schema.org\",\"@graph\":[{\"@type\":\"WebPage\",\"@id\":\"https:\\\/\\\/www.azur-scenic.com\\\/es\\\/producto\\\/standex\\\/\",\"url\":\"https:\\\/\\\/www.azur-scenic.com\\\/es\\\/producto\\\/standex\\\/\",\"name\":\"Standex - Azur Scenic\",\"isPartOf\":{\"@id\":\"https:\\\/\\\/www.azur-scenic.com\\\/es\\\/#website\"},\"primaryImageOfPage\":{\"@id\":\"https:\\\/\\\/www.azur-scenic.com\\\/es\\\/producto\\\/standex\\\/#primaryimage\"},\"image\":{\"@id\":\"https:\\\/\\\/www.azur-scenic.com\\\/es\\\/producto\\\/standex\\\/#primaryimage\"},\"thumbnailUrl\":\"https:\\\/\\\/www.azur-scenic.com\\\/wp-content\\\/uploads\\\/c3544808ee667d0772d034fcf0a87d73.png\",\"datePublished\":\"2022-10-04T07:27:11+00:00\",\"dateModified\":\"2023-08-02T13:14:13+00:00\",\"description\":\"Tejido levemente extensible realizado en poli\u00e9ster y revestido en PVC de un lado, el Standex es un material impermeable que conserva un cierto grado de elasticidad a pesar de su revestimiento. Clasificaci\u00f3n ante el fuego M1, lavable y muy resistente, este tejido es apto para usar tanto en interiores como en exteriores. Perfectamente adecuado para revestir bastidores por engrapado, es apto para la decoraci\u00f3n esc\u00e9nica y la realizaci\u00f3n de \u00abcalcetines\u00bb de estructuras, etc. El lado revestido de Standex est\u00e1 unido con un acabado liso y cuidado y est\u00e1 disponible en varios colores, mientras que el reverso tiene el aspecto de un tejido. Ancho: 220\u00a0cm Peso: 330 g\\\/m\u00b2 Clasificaci\u00f3n ante el fuego: M1 Composici\u00f3n: Soporte 100\u00a0% poli\u00e9ster + revestimiento 100\u00a0% PVC\",\"breadcrumb\":{\"@id\":\"https:\\\/\\\/www.azur-scenic.com\\\/es\\\/producto\\\/standex\\\/#breadcrumb\"},\"inLanguage\":\"es\",\"potentialAction\":[{\"@type\":\"ReadAction\",\"target\":[\"https:\\\/\\\/www.azur-scenic.com\\\/es\\\/producto\\\/standex\\\/\"]}]},{\"@type\":\"ImageObject\",\"inLanguage\":\"es\",\"@id\":\"https:\\\/\\\/www.azur-scenic.com\\\/es\\\/producto\\\/standex\\\/#primaryimage\",\"url\":\"https:\\\/\\\/www.azur-scenic.com\\\/wp-content\\\/uploads\\\/c3544808ee667d0772d034fcf0a87d73.png\",\"contentUrl\":\"https:\\\/\\\/www.azur-scenic.com\\\/wp-content\\\/uploads\\\/c3544808ee667d0772d034fcf0a87d73.png\",\"width\":430,\"height\":430},{\"@type\":\"BreadcrumbList\",\"@id\":\"https:\\\/\\\/www.azur-scenic.com\\\/es\\\/producto\\\/standex\\\/#breadcrumb\",\"itemListElement\":[{\"@type\":\"ListItem\",\"position\":1,\"name\":\"Accueil\",\"item\":\"https:\\\/\\\/www.azur-scenic.com\\\/es\\\/\"},{\"@type\":\"ListItem\",\"position\":2,\"name\":\"Productos\",\"item\":\"https:\\\/\\\/www.azur-scenic.com\\\/es\\\/?page_id=21440\"},{\"@type\":\"ListItem\",\"position\":3,\"name\":\"Standex\"}]},{\"@type\":\"WebSite\",\"@id\":\"https:\\\/\\\/www.azur-scenic.com\\\/es\\\/#website\",\"url\":\"https:\\\/\\\/www.azur-scenic.com\\\/es\\\/\",\"name\":\"Azur Scenic\",\"description\":\"Sp\u00e9cialiste de l\u2019\u00e9quipement sc\u00e9nique et de la d\u00e9coration int\u00e9rieure et \u00e9v\u00e9nementielle !\",\"publisher\":{\"@id\":\"https:\\\/\\\/www.azur-scenic.com\\\/es\\\/#organization\"},\"potentialAction\":[{\"@type\":\"SearchAction\",\"target\":{\"@type\":\"EntryPoint\",\"urlTemplate\":\"https:\\\/\\\/www.azur-scenic.com\\\/es\\\/?s={search_term_string}\"},\"query-input\":{\"@type\":\"PropertyValueSpecification\",\"valueRequired\":true,\"valueName\":\"search_term_string\"}}],\"inLanguage\":\"es\"},{\"@type\":\"Organization\",\"@id\":\"https:\\\/\\\/www.azur-scenic.com\\\/es\\\/#organization\",\"name\":\"AZUR SCENIC\",\"url\":\"https:\\\/\\\/www.azur-scenic.com\\\/es\\\/\",\"logo\":{\"@type\":\"ImageObject\",\"inLanguage\":\"es\",\"@id\":\"https:\\\/\\\/www.azur-scenic.com\\\/es\\\/#\\\/schema\\\/logo\\\/image\\\/\",\"url\":\"https:\\\/\\\/www.azur-scenic.com\\\/wp-content\\\/uploads\\\/2022\\\/09\\\/LOGO-AZUR-SCENIC-Fusion-web-236x64-1.jpg\",\"contentUrl\":\"https:\\\/\\\/www.azur-scenic.com\\\/wp-content\\\/uploads\\\/2022\\\/09\\\/LOGO-AZUR-SCENIC-Fusion-web-236x64-1.jpg\",\"width\":236,\"height\":64,\"caption\":\"AZUR SCENIC\"},\"image\":{\"@id\":\"https:\\\/\\\/www.azur-scenic.com\\\/es\\\/#\\\/schema\\\/logo\\\/image\\\/\"},\"sameAs\":[\"https:\\\/\\\/www.youtube.com\\\/channel\\\/UCPWM2mGPVUt4nYhNlm71WOA\",\"https:\\\/\\\/www.linkedin.com\\\/company\\\/33237605\\\/admin\\\/feed\\\/posts\\\/\"]}]}<\/script>\n<!-- \/ Yoast SEO plugin. -->","yoast_head_json":{"title":"Standex - Azur Scenic","description":"Tejido levemente extensible realizado en poli\u00e9ster y revestido en PVC de un lado, el Standex es un material impermeable que conserva un cierto grado de elasticidad a pesar de su revestimiento. Clasificaci\u00f3n ante el fuego M1, lavable y muy resistente, este tejido es apto para usar tanto en interiores como en exteriores. Perfectamente adecuado para revestir bastidores por engrapado, es apto para la decoraci\u00f3n esc\u00e9nica y la realizaci\u00f3n de \u00abcalcetines\u00bb de estructuras, etc. El lado revestido de Standex est\u00e1 unido con un acabado liso y cuidado y est\u00e1 disponible en varios colores, mientras que el reverso tiene el aspecto de un tejido.  Ancho: 220\u00a0cm Peso: 330 g\/m\u00b2  Clasificaci\u00f3n ante el fuego: M1 Composici\u00f3n: Soporte 100\u00a0% poli\u00e9ster + revestimiento 100\u00a0% PVC","robots":{"index":"index","follow":"follow","max-snippet":"max-snippet:-1","max-image-preview":"max-image-preview:large","max-video-preview":"max-video-preview:-1"},"canonical":"https:\/\/www.azur-scenic.com\/es\/producto\/standex\/","og_locale":"es_ES","og_type":"article","og_title":"Standex - Azur Scenic","og_description":"Tejido levemente extensible realizado en poli\u00e9ster y revestido en PVC de un lado, el Standex es un material impermeable que conserva un cierto grado de elasticidad a pesar de su revestimiento. Clasificaci\u00f3n ante el fuego M1, lavable y muy resistente, este tejido es apto para usar tanto en interiores como en exteriores. Perfectamente adecuado para revestir bastidores por engrapado, es apto para la decoraci\u00f3n esc\u00e9nica y la realizaci\u00f3n de \u00abcalcetines\u00bb de estructuras, etc. El lado revestido de Standex est\u00e1 unido con un acabado liso y cuidado y est\u00e1 disponible en varios colores, mientras que el reverso tiene el aspecto de un tejido.  Ancho: 220\u00a0cm Peso: 330 g\/m\u00b2  Clasificaci\u00f3n ante el fuego: M1 Composici\u00f3n: Soporte 100\u00a0% poli\u00e9ster + revestimiento 100\u00a0% PVC","og_url":"https:\/\/www.azur-scenic.com\/es\/producto\/standex\/","og_site_name":"Azur Scenic","article_modified_time":"2023-08-02T13:14:13+00:00","og_image":[{"width":430,"height":430,"url":"https:\/\/www.azur-scenic.com\/wp-content\/uploads\/c3544808ee667d0772d034fcf0a87d73.png","type":"image\/png"}],"twitter_card":"summary_large_image","twitter_misc":{"Tiempo de lectura":"1 minuto"},"schema":{"@context":"https:\/\/schema.org","@graph":[{"@type":"WebPage","@id":"https:\/\/www.azur-scenic.com\/es\/producto\/standex\/","url":"https:\/\/www.azur-scenic.com\/es\/producto\/standex\/","name":"Standex - Azur Scenic","isPartOf":{"@id":"https:\/\/www.azur-scenic.com\/es\/#website"},"primaryImageOfPage":{"@id":"https:\/\/www.azur-scenic.com\/es\/producto\/standex\/#primaryimage"},"image":{"@id":"https:\/\/www.azur-scenic.com\/es\/producto\/standex\/#primaryimage"},"thumbnailUrl":"https:\/\/www.azur-scenic.com\/wp-content\/uploads\/c3544808ee667d0772d034fcf0a87d73.png","datePublished":"2022-10-04T07:27:11+00:00","dateModified":"2023-08-02T13:14:13+00:00","description":"Tejido levemente extensible realizado en poli\u00e9ster y revestido en PVC de un lado, el Standex es un material impermeable que conserva un cierto grado de elasticidad a pesar de su revestimiento. Clasificaci\u00f3n ante el fuego M1, lavable y muy resistente, este tejido es apto para usar tanto en interiores como en exteriores. Perfectamente adecuado para revestir bastidores por engrapado, es apto para la decoraci\u00f3n esc\u00e9nica y la realizaci\u00f3n de \u00abcalcetines\u00bb de estructuras, etc. El lado revestido de Standex est\u00e1 unido con un acabado liso y cuidado y est\u00e1 disponible en varios colores, mientras que el reverso tiene el aspecto de un tejido. Ancho: 220\u00a0cm Peso: 330 g\/m\u00b2 Clasificaci\u00f3n ante el fuego: M1 Composici\u00f3n: Soporte 100\u00a0% poli\u00e9ster + revestimiento 100\u00a0% PVC","breadcrumb":{"@id":"https:\/\/www.azur-scenic.com\/es\/producto\/standex\/#breadcrumb"},"inLanguage":"es","potentialAction":[{"@type":"ReadAction","target":["https:\/\/www.azur-scenic.com\/es\/producto\/standex\/"]}]},{"@type":"ImageObject","inLanguage":"es","@id":"https:\/\/www.azur-scenic.com\/es\/producto\/standex\/#primaryimage","url":"https:\/\/www.azur-scenic.com\/wp-content\/uploads\/c3544808ee667d0772d034fcf0a87d73.png","contentUrl":"https:\/\/www.azur-scenic.com\/wp-content\/uploads\/c3544808ee667d0772d034fcf0a87d73.png","width":430,"height":430},{"@type":"BreadcrumbList","@id":"https:\/\/www.azur-scenic.com\/es\/producto\/standex\/#breadcrumb","itemListElement":[{"@type":"ListItem","position":1,"name":"Accueil","item":"https:\/\/www.azur-scenic.com\/es\/"},{"@type":"ListItem","position":2,"name":"Productos","item":"https:\/\/www.azur-scenic.com\/es\/?page_id=21440"},{"@type":"ListItem","position":3,"name":"Standex"}]},{"@type":"WebSite","@id":"https:\/\/www.azur-scenic.com\/es\/#website","url":"https:\/\/www.azur-scenic.com\/es\/","name":"Azur Scenic","description":"Sp\u00e9cialiste de l\u2019\u00e9quipement sc\u00e9nique et de la d\u00e9coration int\u00e9rieure et \u00e9v\u00e9nementielle !","publisher":{"@id":"https:\/\/www.azur-scenic.com\/es\/#organization"},"potentialAction":[{"@type":"SearchAction","target":{"@type":"EntryPoint","urlTemplate":"https:\/\/www.azur-scenic.com\/es\/?s={search_term_string}"},"query-input":{"@type":"PropertyValueSpecification","valueRequired":true,"valueName":"search_term_string"}}],"inLanguage":"es"},{"@type":"Organization","@id":"https:\/\/www.azur-scenic.com\/es\/#organization","name":"AZUR SCENIC","url":"https:\/\/www.azur-scenic.com\/es\/","logo":{"@type":"ImageObject","inLanguage":"es","@id":"https:\/\/www.azur-scenic.com\/es\/#\/schema\/logo\/image\/","url":"https:\/\/www.azur-scenic.com\/wp-content\/uploads\/2022\/09\/LOGO-AZUR-SCENIC-Fusion-web-236x64-1.jpg","contentUrl":"https:\/\/www.azur-scenic.com\/wp-content\/uploads\/2022\/09\/LOGO-AZUR-SCENIC-Fusion-web-236x64-1.jpg","width":236,"height":64,"caption":"AZUR SCENIC"},"image":{"@id":"https:\/\/www.azur-scenic.com\/es\/#\/schema\/logo\/image\/"},"sameAs":["https:\/\/www.youtube.com\/channel\/UCPWM2mGPVUt4nYhNlm71WOA","https:\/\/www.linkedin.com\/company\/33237605\/admin\/feed\/posts\/"]}]}},"_links":{"self":[{"href":"https:\/\/www.azur-scenic.com\/es\/wp-json\/wp\/v2\/product\/17815","targetHints":{"allow":["GET"]}}],"collection":[{"href":"https:\/\/www.azur-scenic.com\/es\/wp-json\/wp\/v2\/product"}],"about":[{"href":"https:\/\/www.azur-scenic.com\/es\/wp-json\/wp\/v2\/types\/product"}],"wp:featuredmedia":[{"embeddable":true,"href":"https:\/\/www.azur-scenic.com\/es\/wp-json\/wp\/v2\/media\/7466"}],"wp:attachment":[{"href":"https:\/\/www.azur-scenic.com\/es\/wp-json\/wp\/v2\/media?parent=17815"}],"wp:term":[{"taxonomy":"product_brand","embeddable":true,"href":"https:\/\/www.azur-scenic.com\/es\/wp-json\/wp\/v2\/product_brand?post=17815"},{"taxonomy":"product_cat","embeddable":true,"href":"https:\/\/www.azur-scenic.com\/es\/wp-json\/wp\/v2\/product_cat?post=17815"},{"taxonomy":"product_tag","embeddable":true,"href":"https:\/\/www.azur-scenic.com\/es\/wp-json\/wp\/v2\/product_tag?post=17815"}],"curies":[{"name":"wp","href":"https:\/\/api.w.org\/{rel}","templated":true}]}}