{"id":17855,"date":"2022-10-04T07:27:01","date_gmt":"2022-10-04T07:27:01","guid":{"rendered":"https:\/\/www.azur-scenic.com\/produit\/cristal-non-classe-feu\/"},"modified":"2023-08-02T13:14:24","modified_gmt":"2023-08-02T13:14:24","slug":"cristal-no-ignifugo","status":"publish","type":"product","link":"https:\/\/www.azur-scenic.com\/es\/producto\/cristal-no-ignifugo\/","title":{"rendered":"Cristal (no ign\u00edfugo)"},"content":{"rendered":"<table>\n<thead>\n<tr>\n<th style=\"width: 170px;\">Datos t\u00e9cnicos<\/th>\n<th style=\"width: 122px;\">Valor<\/th>\n<th style=\"width: 236px;\">Comentarios<\/th>\n<\/tr>\n<\/thead>\n<tbody>\n<tr>\n<td style=\"vertical-align: top;\">Ancho<\/td>\n<td style=\"vertical-align: top; width: 122px;\">140\u00a0cm<\/td>\n<td style=\"vertical-align: top; width: 236px;\">\u00a0<\/td>\n<\/tr>\n<tr>\n<td style=\"vertical-align: top;\">Peso<\/td>\n<td style=\"vertical-align: top; width: 122px;\">370 g\/m\u00b2<\/td>\n<td style=\"vertical-align: top; width: 236px;\"><em>Otros gramajes por encargo, de 620 a 1240 g\/m\u00b2 <\/em><\/td>\n<\/tr>\n<tr>\n<td style=\"vertical-align: top;\">Grosor<\/td>\n<td style=\"vertical-align: top; width: 122px;\">0,3\u00a0mm<\/td>\n<td style=\"vertical-align: top; width: 236px;\"><em>Otros grosores por encargo, de 0,5 a 1\u00a0mm <\/em><\/td>\n<\/tr>\n<tr>\n<td style=\"vertical-align: top;\">Clasificaci\u00f3n ante el fuego<\/td>\n<td style=\"vertical-align: top; width: 122px;\">Sin clasificaci\u00f3n<\/td>\n<td style=\"vertical-align: top; width: 236px;\"><em>Para la versi\u00f3n con clasificaci\u00f3n ante el fuego M2, pregunta a tu agente comercial<\/em><br \/>\n<em>sobre nuestras otras referencias de Cristal<\/em><\/td>\n<\/tr>\n<tr>\n<td style=\"vertical-align: top;\">Presentaci\u00f3n<\/td>\n<td style=\"vertical-align: top; width: 122px;\">65 m<br \/>\nAncho completo enrollado<br \/>\n\u00b1 34\u00a0kg\/pieza<\/td>\n<td style=\"vertical-align: top; width: 236px;\">Posibilidad de venta al corte en el grosor de 30\/100e<br \/>\n<em>Venta por piezas completas solamente en los otros\u00a0<\/em><em>grosores (las longitudes de las piezas var\u00edan seg\u00fan el grosor)<\/em><\/td>\n<\/tr>\n<tr>\n<td style=\"vertical-align: top;\">Elasticidad (grado)<\/td>\n<td style=\"vertical-align: top; width: 122px;\">3S<\/td>\n<td style=\"vertical-align: top; width: 236px;\">\u00a0<\/td>\n<\/tr>\n<tr>\n<td style=\"vertical-align: top;\">Luminosidad<\/td>\n<td style=\"vertical-align: top; width: 122px;\">88,7\u00a0%<\/td>\n<td style=\"vertical-align: top; width: 236px;\">\u00a0<\/td>\n<\/tr>\n<tr>\n<td style=\"vertical-align: top;\">Resistencia al desgarro<\/td>\n<td style=\"vertical-align: top; width: 122px;\" colspan=\"2\" rowspan=\"1\">Ancho: 21,2 N<br \/>\nLongitud: 19,8 N<\/td>\n<\/tr>\n<tr>\n<td style=\"vertical-align: top;\">Resistencia a la rotura<\/td>\n<td style=\"vertical-align: top; width: 122px;\" colspan=\"2\" rowspan=\"1\">Ancho: 25,6 MPa<br \/>\nLongitud: 29,3 MPa<\/td>\n<\/tr>\n<tr>\n<td style=\"vertical-align: top;\">Alargamiento hasta la rotura<\/td>\n<td style=\"vertical-align: top; width: 122px;\" colspan=\"2\" rowspan=\"1\">Ancho: 350 %<br \/>\nLongitud: 320 %<\/td>\n<\/tr>\n<tr>\n<td style=\"vertical-align: top;\">Resistencia a las bajas temperaturas<\/td>\n<td style=\"vertical-align: top; width: 122px;\" colspan=\"2\" rowspan=\"1\">-40\u00a0\u00b0C<\/td>\n<\/tr>\n<tr>\n<td style=\"vertical-align: top;\">Encogimiento<br \/>\n(80\u00a0\u00b0C &#8211; 10 mn)<\/td>\n<td style=\"vertical-align: top; width: 122px;\" colspan=\"2\" rowspan=\"1\">Ancho: 0,7 %<br \/>\nLongitud: 2,2 %<\/td>\n<\/tr>\n<\/tbody>\n<\/table>\n","protected":false},"excerpt":{"rendered":"<p><strong><span style=\"color: #0bace4;\">La variante econ\u00f3mica sin clasificaci\u00f3n ante el fuego de Cristal.<\/span><\/strong><\/p>\n<p>Un <strong><span style=\"color: #f88523;\">film flexible<\/span><\/strong> de <span style=\"color: #f88523;\"><strong>PVC transparente<\/strong><\/span> con leves reflejos azulados, disponible en diferentes grosores (0,3\u00a0mm en la versi\u00f3n est\u00e1ndar y 0,5 a 1\u00a0mm por encargo).<br \/>\nEn nuestros talleres proponemos la confecci\u00f3n de este producto para que puedas realizar tus proyectos m\u00e1s exagerados (diversas posibilidades de montajes y acabados) gracias a la tecnolog\u00eda de <strong><span style=\"color: #f88523;\">soldadura HF<\/span><\/strong>.<br \/>\nEsta lona sumamente <span style=\"color: #f88523;\"><strong>resistente<\/strong><\/span>, <strong><span style=\"color: #f88523;\">impermeable<\/span><\/strong>, con <span style=\"color: #f88523;\"><strong>tratamiento UV<\/strong><\/span> y de <span style=\"color: #f88523;\"><strong>f\u00e1cil<\/strong><\/span> <strong><span style=\"color: #f88523;\">mantenimiento,<\/span><\/strong> sirve para un uso <span style=\"color: #f88523;\"><strong>en exteriores<\/strong><\/span>.<br \/>\nTambi\u00e9n cuenta con propiedades de<strong><span style=\"color: #f88523;\">aislamiento ac\u00fastico<\/span><\/strong>.<br \/>\nEste film de PVC se presta a m\u00faltiples usos, como la fabricaci\u00f3n de tiendas, carpas, etc.<br \/>\n\u00a1Apuesta por la originalidad! \u00a1Aprende a controlar la transparencia del cristal y deja que vuele tu creatividad utiliz\u00e1ndolo tanto como <span style=\"color: #f88523;\"><strong>superficie de proyecci\u00f3n<\/strong><\/span> como de <span style=\"color: #f88523;\"><strong>retroproyecci\u00f3n inesperada<\/strong><\/span> e <span style=\"color: #f88523;\"><strong>imperceptible<\/strong><\/span>!<\/p>\n<p>\u00a0<\/p>\n<p>\u00a0<\/p>\n<table class=\"table\">\n<tbody>\n<tr>\n<td style=\"width: 144px;\"><strong>Ancho<\/strong>: 140\u00a0cm<\/td>\n<td style=\"width: 277px;\"><strong>Peso<\/strong>: 370 g\/m\u00b2<\/td>\n<\/tr>\n<tr>\n<td style=\"width: 144px;\"><strong>Clasificaci\u00f3n ante el fuego<\/strong>: Sin clasificaci\u00f3n<\/td>\n<td style=\"width: 277px;\"><strong>Composici\u00f3n<\/strong>: 100\u00a0% PVC<\/td>\n<\/tr>\n<\/tbody>\n<\/table>\n<p>\u00a0<\/p>\n<p>\u00a0<\/p>\n","protected":false},"featured_media":16492,"template":"","meta":{"_acf_changed":false},"product_brand":[],"product_cat":[944,1196,1230],"product_tag":[],"class_list":{"0":"post-17855","1":"product","2":"type-product","3":"status-publish","4":"has-post-thumbnail","6":"product_cat-todos-los-productos","7":"product_cat-pantallas-de-proyeccion-y-telas-de-pvc","8":"product_cat-pvc-varios","9":"pa_couleurs-000-es","10":"pa_groupes-de-couleurs-varios","11":"pa_textiles-apto-para-uso-en-exteriores","12":"pa_textiles-aislante-acustico","13":"pa_textiles-lavable","14":"pa_textiles-proyeccion-frontal","15":"pa_textiles-resistente-a-los-rayos-uv","16":"pa_textiles-retroproyeccion","17":"pa_textiles-transparentes-y-translucidos","19":"first","20":"instock","21":"shipping-taxable","22":"purchasable","23":"product-type-simple"},"acf":[],"yoast_head":"<!-- This site is optimized with the Yoast SEO plugin v27.3 - https:\/\/yoast.com\/product\/yoast-seo-wordpress\/ -->\n<title>Cristal (no ign\u00edfugo) - Azur Scenic<\/title>\n<meta name=\"description\" content=\"La variante econ\u00f3mica sin clasificaci\u00f3n ante el fuego de Cristal. Un film flexible de PVC transparente con leves reflejos azulados, disponible en diferentes grosores (0,3\u00a0mm en la versi\u00f3n est\u00e1ndar y 0,5 a 1\u00a0mm por encargo). En nuestros talleres proponemos la confecci\u00f3n de este producto para que puedas realizar tus proyectos m\u00e1s exagerados (diversas posibilidades de montajes y acabados) gracias a la tecnolog\u00eda de soldadura HF. Esta lona sumamente resistente, impermeable, con tratamiento UV y de f\u00e1cil mantenimiento, sirve para un uso en exteriores. Tambi\u00e9n cuenta con propiedades deaislamiento ac\u00fastico. Este film de PVC se presta a m\u00faltiples usos, como la fabricaci\u00f3n de tiendas, carpas, etc. \u00a1Apuesta por la originalidad! \u00a1Aprende a controlar la transparencia del cristal y deja que vuele tu creatividad utiliz\u00e1ndolo tanto como superficie de proyecci\u00f3n como de retroproyecci\u00f3n inesperada e imperceptible! \u00a0 \u00a0  Ancho: 140\u00a0cm Peso: 370 g\/m\u00b2  Clasificaci\u00f3n ante el fuego: Sin clasificaci\u00f3n Composici\u00f3n: 100\u00a0% PVC  \u00a0 \u00a0\" \/>\n<meta name=\"robots\" content=\"index, follow, max-snippet:-1, max-image-preview:large, max-video-preview:-1\" \/>\n<link rel=\"canonical\" href=\"https:\/\/www.azur-scenic.com\/es\/producto\/cristal-no-ignifugo\/\" \/>\n<meta property=\"og:locale\" content=\"es_ES\" \/>\n<meta property=\"og:type\" content=\"article\" \/>\n<meta property=\"og:title\" content=\"Cristal (no ign\u00edfugo) - Azur Scenic\" \/>\n<meta property=\"og:description\" content=\"La variante econ\u00f3mica sin clasificaci\u00f3n ante el fuego de Cristal. Un film flexible de PVC transparente con leves reflejos azulados, disponible en diferentes grosores (0,3\u00a0mm en la versi\u00f3n est\u00e1ndar y 0,5 a 1\u00a0mm por encargo). En nuestros talleres proponemos la confecci\u00f3n de este producto para que puedas realizar tus proyectos m\u00e1s exagerados (diversas posibilidades de montajes y acabados) gracias a la tecnolog\u00eda de soldadura HF. Esta lona sumamente resistente, impermeable, con tratamiento UV y de f\u00e1cil mantenimiento, sirve para un uso en exteriores. Tambi\u00e9n cuenta con propiedades deaislamiento ac\u00fastico. Este film de PVC se presta a m\u00faltiples usos, como la fabricaci\u00f3n de tiendas, carpas, etc. \u00a1Apuesta por la originalidad! \u00a1Aprende a controlar la transparencia del cristal y deja que vuele tu creatividad utiliz\u00e1ndolo tanto como superficie de proyecci\u00f3n como de retroproyecci\u00f3n inesperada e imperceptible! \u00a0 \u00a0  Ancho: 140\u00a0cm Peso: 370 g\/m\u00b2  Clasificaci\u00f3n ante el fuego: Sin clasificaci\u00f3n Composici\u00f3n: 100\u00a0% PVC  \u00a0 \u00a0\" \/>\n<meta property=\"og:url\" content=\"https:\/\/www.azur-scenic.com\/es\/producto\/cristal-no-ignifugo\/\" \/>\n<meta property=\"og:site_name\" content=\"Azur Scenic\" \/>\n<meta property=\"article:modified_time\" content=\"2023-08-02T13:14:24+00:00\" \/>\n<meta property=\"og:image\" content=\"https:\/\/www.azur-scenic.com\/wp-content\/uploads\/CRISTAL.jpg\" \/>\n\t<meta property=\"og:image:width\" content=\"1963\" \/>\n\t<meta property=\"og:image:height\" content=\"1963\" \/>\n\t<meta property=\"og:image:type\" content=\"image\/jpeg\" \/>\n<meta name=\"twitter:card\" content=\"summary_large_image\" \/>\n<meta name=\"twitter:label1\" content=\"Tiempo de lectura\" \/>\n\t<meta name=\"twitter:data1\" content=\"1 minuto\" \/>\n<script type=\"application\/ld+json\" class=\"yoast-schema-graph\">{\"@context\":\"https:\\\/\\\/schema.org\",\"@graph\":[{\"@type\":\"WebPage\",\"@id\":\"https:\\\/\\\/www.azur-scenic.com\\\/es\\\/producto\\\/cristal-no-ignifugo\\\/\",\"url\":\"https:\\\/\\\/www.azur-scenic.com\\\/es\\\/producto\\\/cristal-no-ignifugo\\\/\",\"name\":\"Cristal (no ign\u00edfugo) - Azur Scenic\",\"isPartOf\":{\"@id\":\"https:\\\/\\\/www.azur-scenic.com\\\/es\\\/#website\"},\"primaryImageOfPage\":{\"@id\":\"https:\\\/\\\/www.azur-scenic.com\\\/es\\\/producto\\\/cristal-no-ignifugo\\\/#primaryimage\"},\"image\":{\"@id\":\"https:\\\/\\\/www.azur-scenic.com\\\/es\\\/producto\\\/cristal-no-ignifugo\\\/#primaryimage\"},\"thumbnailUrl\":\"https:\\\/\\\/www.azur-scenic.com\\\/wp-content\\\/uploads\\\/CRISTAL.jpg\",\"datePublished\":\"2022-10-04T07:27:01+00:00\",\"dateModified\":\"2023-08-02T13:14:24+00:00\",\"description\":\"La variante econ\u00f3mica sin clasificaci\u00f3n ante el fuego de Cristal. Un film flexible de PVC transparente con leves reflejos azulados, disponible en diferentes grosores (0,3\u00a0mm en la versi\u00f3n est\u00e1ndar y 0,5 a 1\u00a0mm por encargo). En nuestros talleres proponemos la confecci\u00f3n de este producto para que puedas realizar tus proyectos m\u00e1s exagerados (diversas posibilidades de montajes y acabados) gracias a la tecnolog\u00eda de soldadura HF. Esta lona sumamente resistente, impermeable, con tratamiento UV y de f\u00e1cil mantenimiento, sirve para un uso en exteriores. Tambi\u00e9n cuenta con propiedades deaislamiento ac\u00fastico. Este film de PVC se presta a m\u00faltiples usos, como la fabricaci\u00f3n de tiendas, carpas, etc. \u00a1Apuesta por la originalidad! \u00a1Aprende a controlar la transparencia del cristal y deja que vuele tu creatividad utiliz\u00e1ndolo tanto como superficie de proyecci\u00f3n como de retroproyecci\u00f3n inesperada e imperceptible! \u00a0 \u00a0 Ancho: 140\u00a0cm Peso: 370 g\\\/m\u00b2 Clasificaci\u00f3n ante el fuego: Sin clasificaci\u00f3n Composici\u00f3n: 100\u00a0% PVC \u00a0 \u00a0\",\"breadcrumb\":{\"@id\":\"https:\\\/\\\/www.azur-scenic.com\\\/es\\\/producto\\\/cristal-no-ignifugo\\\/#breadcrumb\"},\"inLanguage\":\"es\",\"potentialAction\":[{\"@type\":\"ReadAction\",\"target\":[\"https:\\\/\\\/www.azur-scenic.com\\\/es\\\/producto\\\/cristal-no-ignifugo\\\/\"]}]},{\"@type\":\"ImageObject\",\"inLanguage\":\"es\",\"@id\":\"https:\\\/\\\/www.azur-scenic.com\\\/es\\\/producto\\\/cristal-no-ignifugo\\\/#primaryimage\",\"url\":\"https:\\\/\\\/www.azur-scenic.com\\\/wp-content\\\/uploads\\\/CRISTAL.jpg\",\"contentUrl\":\"https:\\\/\\\/www.azur-scenic.com\\\/wp-content\\\/uploads\\\/CRISTAL.jpg\",\"width\":1963,\"height\":1963,\"caption\":\"CRISTAL\"},{\"@type\":\"BreadcrumbList\",\"@id\":\"https:\\\/\\\/www.azur-scenic.com\\\/es\\\/producto\\\/cristal-no-ignifugo\\\/#breadcrumb\",\"itemListElement\":[{\"@type\":\"ListItem\",\"position\":1,\"name\":\"Accueil\",\"item\":\"https:\\\/\\\/www.azur-scenic.com\\\/es\\\/\"},{\"@type\":\"ListItem\",\"position\":2,\"name\":\"Productos\",\"item\":\"https:\\\/\\\/www.azur-scenic.com\\\/es\\\/?page_id=21440\"},{\"@type\":\"ListItem\",\"position\":3,\"name\":\"Cristal (no ign\u00edfugo)\"}]},{\"@type\":\"WebSite\",\"@id\":\"https:\\\/\\\/www.azur-scenic.com\\\/es\\\/#website\",\"url\":\"https:\\\/\\\/www.azur-scenic.com\\\/es\\\/\",\"name\":\"Azur Scenic\",\"description\":\"Sp\u00e9cialiste de l\u2019\u00e9quipement sc\u00e9nique et de la d\u00e9coration int\u00e9rieure et \u00e9v\u00e9nementielle !\",\"publisher\":{\"@id\":\"https:\\\/\\\/www.azur-scenic.com\\\/es\\\/#organization\"},\"potentialAction\":[{\"@type\":\"SearchAction\",\"target\":{\"@type\":\"EntryPoint\",\"urlTemplate\":\"https:\\\/\\\/www.azur-scenic.com\\\/es\\\/?s={search_term_string}\"},\"query-input\":{\"@type\":\"PropertyValueSpecification\",\"valueRequired\":true,\"valueName\":\"search_term_string\"}}],\"inLanguage\":\"es\"},{\"@type\":\"Organization\",\"@id\":\"https:\\\/\\\/www.azur-scenic.com\\\/es\\\/#organization\",\"name\":\"AZUR SCENIC\",\"url\":\"https:\\\/\\\/www.azur-scenic.com\\\/es\\\/\",\"logo\":{\"@type\":\"ImageObject\",\"inLanguage\":\"es\",\"@id\":\"https:\\\/\\\/www.azur-scenic.com\\\/es\\\/#\\\/schema\\\/logo\\\/image\\\/\",\"url\":\"https:\\\/\\\/www.azur-scenic.com\\\/wp-content\\\/uploads\\\/2022\\\/09\\\/LOGO-AZUR-SCENIC-Fusion-web-236x64-1.jpg\",\"contentUrl\":\"https:\\\/\\\/www.azur-scenic.com\\\/wp-content\\\/uploads\\\/2022\\\/09\\\/LOGO-AZUR-SCENIC-Fusion-web-236x64-1.jpg\",\"width\":236,\"height\":64,\"caption\":\"AZUR SCENIC\"},\"image\":{\"@id\":\"https:\\\/\\\/www.azur-scenic.com\\\/es\\\/#\\\/schema\\\/logo\\\/image\\\/\"},\"sameAs\":[\"https:\\\/\\\/www.youtube.com\\\/channel\\\/UCPWM2mGPVUt4nYhNlm71WOA\",\"https:\\\/\\\/www.linkedin.com\\\/company\\\/33237605\\\/admin\\\/feed\\\/posts\\\/\"]}]}<\/script>\n<!-- \/ Yoast SEO plugin. -->","yoast_head_json":{"title":"Cristal (no ign\u00edfugo) - Azur Scenic","description":"La variante econ\u00f3mica sin clasificaci\u00f3n ante el fuego de Cristal. Un film flexible de PVC transparente con leves reflejos azulados, disponible en diferentes grosores (0,3\u00a0mm en la versi\u00f3n est\u00e1ndar y 0,5 a 1\u00a0mm por encargo). En nuestros talleres proponemos la confecci\u00f3n de este producto para que puedas realizar tus proyectos m\u00e1s exagerados (diversas posibilidades de montajes y acabados) gracias a la tecnolog\u00eda de soldadura HF. Esta lona sumamente resistente, impermeable, con tratamiento UV y de f\u00e1cil mantenimiento, sirve para un uso en exteriores. Tambi\u00e9n cuenta con propiedades deaislamiento ac\u00fastico. Este film de PVC se presta a m\u00faltiples usos, como la fabricaci\u00f3n de tiendas, carpas, etc. \u00a1Apuesta por la originalidad! \u00a1Aprende a controlar la transparencia del cristal y deja que vuele tu creatividad utiliz\u00e1ndolo tanto como superficie de proyecci\u00f3n como de retroproyecci\u00f3n inesperada e imperceptible! \u00a0 \u00a0  Ancho: 140\u00a0cm Peso: 370 g\/m\u00b2  Clasificaci\u00f3n ante el fuego: Sin clasificaci\u00f3n Composici\u00f3n: 100\u00a0% PVC  \u00a0 \u00a0","robots":{"index":"index","follow":"follow","max-snippet":"max-snippet:-1","max-image-preview":"max-image-preview:large","max-video-preview":"max-video-preview:-1"},"canonical":"https:\/\/www.azur-scenic.com\/es\/producto\/cristal-no-ignifugo\/","og_locale":"es_ES","og_type":"article","og_title":"Cristal (no ign\u00edfugo) - Azur Scenic","og_description":"La variante econ\u00f3mica sin clasificaci\u00f3n ante el fuego de Cristal. Un film flexible de PVC transparente con leves reflejos azulados, disponible en diferentes grosores (0,3\u00a0mm en la versi\u00f3n est\u00e1ndar y 0,5 a 1\u00a0mm por encargo). En nuestros talleres proponemos la confecci\u00f3n de este producto para que puedas realizar tus proyectos m\u00e1s exagerados (diversas posibilidades de montajes y acabados) gracias a la tecnolog\u00eda de soldadura HF. Esta lona sumamente resistente, impermeable, con tratamiento UV y de f\u00e1cil mantenimiento, sirve para un uso en exteriores. Tambi\u00e9n cuenta con propiedades deaislamiento ac\u00fastico. Este film de PVC se presta a m\u00faltiples usos, como la fabricaci\u00f3n de tiendas, carpas, etc. \u00a1Apuesta por la originalidad! \u00a1Aprende a controlar la transparencia del cristal y deja que vuele tu creatividad utiliz\u00e1ndolo tanto como superficie de proyecci\u00f3n como de retroproyecci\u00f3n inesperada e imperceptible! \u00a0 \u00a0  Ancho: 140\u00a0cm Peso: 370 g\/m\u00b2  Clasificaci\u00f3n ante el fuego: Sin clasificaci\u00f3n Composici\u00f3n: 100\u00a0% PVC  \u00a0 \u00a0","og_url":"https:\/\/www.azur-scenic.com\/es\/producto\/cristal-no-ignifugo\/","og_site_name":"Azur Scenic","article_modified_time":"2023-08-02T13:14:24+00:00","og_image":[{"width":1963,"height":1963,"url":"https:\/\/www.azur-scenic.com\/wp-content\/uploads\/CRISTAL.jpg","type":"image\/jpeg"}],"twitter_card":"summary_large_image","twitter_misc":{"Tiempo de lectura":"1 minuto"},"schema":{"@context":"https:\/\/schema.org","@graph":[{"@type":"WebPage","@id":"https:\/\/www.azur-scenic.com\/es\/producto\/cristal-no-ignifugo\/","url":"https:\/\/www.azur-scenic.com\/es\/producto\/cristal-no-ignifugo\/","name":"Cristal (no ign\u00edfugo) - Azur Scenic","isPartOf":{"@id":"https:\/\/www.azur-scenic.com\/es\/#website"},"primaryImageOfPage":{"@id":"https:\/\/www.azur-scenic.com\/es\/producto\/cristal-no-ignifugo\/#primaryimage"},"image":{"@id":"https:\/\/www.azur-scenic.com\/es\/producto\/cristal-no-ignifugo\/#primaryimage"},"thumbnailUrl":"https:\/\/www.azur-scenic.com\/wp-content\/uploads\/CRISTAL.jpg","datePublished":"2022-10-04T07:27:01+00:00","dateModified":"2023-08-02T13:14:24+00:00","description":"La variante econ\u00f3mica sin clasificaci\u00f3n ante el fuego de Cristal. Un film flexible de PVC transparente con leves reflejos azulados, disponible en diferentes grosores (0,3\u00a0mm en la versi\u00f3n est\u00e1ndar y 0,5 a 1\u00a0mm por encargo). En nuestros talleres proponemos la confecci\u00f3n de este producto para que puedas realizar tus proyectos m\u00e1s exagerados (diversas posibilidades de montajes y acabados) gracias a la tecnolog\u00eda de soldadura HF. Esta lona sumamente resistente, impermeable, con tratamiento UV y de f\u00e1cil mantenimiento, sirve para un uso en exteriores. Tambi\u00e9n cuenta con propiedades deaislamiento ac\u00fastico. Este film de PVC se presta a m\u00faltiples usos, como la fabricaci\u00f3n de tiendas, carpas, etc. \u00a1Apuesta por la originalidad! \u00a1Aprende a controlar la transparencia del cristal y deja que vuele tu creatividad utiliz\u00e1ndolo tanto como superficie de proyecci\u00f3n como de retroproyecci\u00f3n inesperada e imperceptible! \u00a0 \u00a0 Ancho: 140\u00a0cm Peso: 370 g\/m\u00b2 Clasificaci\u00f3n ante el fuego: Sin clasificaci\u00f3n Composici\u00f3n: 100\u00a0% PVC \u00a0 \u00a0","breadcrumb":{"@id":"https:\/\/www.azur-scenic.com\/es\/producto\/cristal-no-ignifugo\/#breadcrumb"},"inLanguage":"es","potentialAction":[{"@type":"ReadAction","target":["https:\/\/www.azur-scenic.com\/es\/producto\/cristal-no-ignifugo\/"]}]},{"@type":"ImageObject","inLanguage":"es","@id":"https:\/\/www.azur-scenic.com\/es\/producto\/cristal-no-ignifugo\/#primaryimage","url":"https:\/\/www.azur-scenic.com\/wp-content\/uploads\/CRISTAL.jpg","contentUrl":"https:\/\/www.azur-scenic.com\/wp-content\/uploads\/CRISTAL.jpg","width":1963,"height":1963,"caption":"CRISTAL"},{"@type":"BreadcrumbList","@id":"https:\/\/www.azur-scenic.com\/es\/producto\/cristal-no-ignifugo\/#breadcrumb","itemListElement":[{"@type":"ListItem","position":1,"name":"Accueil","item":"https:\/\/www.azur-scenic.com\/es\/"},{"@type":"ListItem","position":2,"name":"Productos","item":"https:\/\/www.azur-scenic.com\/es\/?page_id=21440"},{"@type":"ListItem","position":3,"name":"Cristal (no ign\u00edfugo)"}]},{"@type":"WebSite","@id":"https:\/\/www.azur-scenic.com\/es\/#website","url":"https:\/\/www.azur-scenic.com\/es\/","name":"Azur Scenic","description":"Sp\u00e9cialiste de l\u2019\u00e9quipement sc\u00e9nique et de la d\u00e9coration int\u00e9rieure et \u00e9v\u00e9nementielle !","publisher":{"@id":"https:\/\/www.azur-scenic.com\/es\/#organization"},"potentialAction":[{"@type":"SearchAction","target":{"@type":"EntryPoint","urlTemplate":"https:\/\/www.azur-scenic.com\/es\/?s={search_term_string}"},"query-input":{"@type":"PropertyValueSpecification","valueRequired":true,"valueName":"search_term_string"}}],"inLanguage":"es"},{"@type":"Organization","@id":"https:\/\/www.azur-scenic.com\/es\/#organization","name":"AZUR SCENIC","url":"https:\/\/www.azur-scenic.com\/es\/","logo":{"@type":"ImageObject","inLanguage":"es","@id":"https:\/\/www.azur-scenic.com\/es\/#\/schema\/logo\/image\/","url":"https:\/\/www.azur-scenic.com\/wp-content\/uploads\/2022\/09\/LOGO-AZUR-SCENIC-Fusion-web-236x64-1.jpg","contentUrl":"https:\/\/www.azur-scenic.com\/wp-content\/uploads\/2022\/09\/LOGO-AZUR-SCENIC-Fusion-web-236x64-1.jpg","width":236,"height":64,"caption":"AZUR SCENIC"},"image":{"@id":"https:\/\/www.azur-scenic.com\/es\/#\/schema\/logo\/image\/"},"sameAs":["https:\/\/www.youtube.com\/channel\/UCPWM2mGPVUt4nYhNlm71WOA","https:\/\/www.linkedin.com\/company\/33237605\/admin\/feed\/posts\/"]}]}},"_links":{"self":[{"href":"https:\/\/www.azur-scenic.com\/es\/wp-json\/wp\/v2\/product\/17855","targetHints":{"allow":["GET"]}}],"collection":[{"href":"https:\/\/www.azur-scenic.com\/es\/wp-json\/wp\/v2\/product"}],"about":[{"href":"https:\/\/www.azur-scenic.com\/es\/wp-json\/wp\/v2\/types\/product"}],"wp:featuredmedia":[{"embeddable":true,"href":"https:\/\/www.azur-scenic.com\/es\/wp-json\/wp\/v2\/media\/16492"}],"wp:attachment":[{"href":"https:\/\/www.azur-scenic.com\/es\/wp-json\/wp\/v2\/media?parent=17855"}],"wp:term":[{"taxonomy":"product_brand","embeddable":true,"href":"https:\/\/www.azur-scenic.com\/es\/wp-json\/wp\/v2\/product_brand?post=17855"},{"taxonomy":"product_cat","embeddable":true,"href":"https:\/\/www.azur-scenic.com\/es\/wp-json\/wp\/v2\/product_cat?post=17855"},{"taxonomy":"product_tag","embeddable":true,"href":"https:\/\/www.azur-scenic.com\/es\/wp-json\/wp\/v2\/product_tag?post=17855"}],"curies":[{"name":"wp","href":"https:\/\/api.w.org\/{rel}","templated":true}]}}