{"id":17859,"date":"2022-10-04T07:27:00","date_gmt":"2022-10-04T07:27:00","guid":{"rendered":"https:\/\/www.azur-scenic.com\/produit\/cristal\/"},"modified":"2023-08-02T13:17:56","modified_gmt":"2023-08-02T13:17:56","slug":"cristal","status":"publish","type":"product","link":"https:\/\/www.azur-scenic.com\/es\/producto\/cristal\/","title":{"rendered":"Cristal"},"content":{"rendered":"<table>\n<thead>\n<tr>\n<th style=\"width: 170px;\">Datos t\u00e9cnicos<\/th>\n<th style=\"text-align: center;\" colspan=\"3\">Valor<\/th>\n<\/tr>\n<\/thead>\n<tbody>\n<tr>\n<td style=\"vertical-align: top;\">Referencia<\/td>\n<td style=\"text-align: center; vertical-align: top;\">2504<br \/>\nCristal 30\/100<\/td>\n<td style=\"text-align: center; vertical-align: top;\">2505<br \/>\nCristal 50\/100<\/td>\n<td style=\"text-align: center; vertical-align: top;\">2508<br \/>\nCristal 80\/100<\/td>\n<\/tr>\n<tr>\n<td style=\"vertical-align: top;\">Ancho<\/td>\n<td style=\"text-align: center; vertical-align: top;\">140\u00a0cm<\/td>\n<td style=\"text-align: center; vertical-align: top;\">140\u00a0cm<\/td>\n<td style=\"text-align: center; vertical-align: top;\">140\u00a0cm<\/td>\n<\/tr>\n<tr>\n<td style=\"vertical-align: top;\">Peso<\/td>\n<td style=\"text-align: center; vertical-align: top;\">390 g\/m\u00b2<\/td>\n<td style=\"text-align: center; vertical-align: top;\">650 g\/m\u00b2<\/td>\n<td style=\"text-align: center; vertical-align: top;\">1040 g\/m\u00b2<\/td>\n<\/tr>\n<tr>\n<td style=\"vertical-align: top;\">Grosor<\/td>\n<td style=\"text-align: center; vertical-align: top;\">0,3\u00a0mm<\/td>\n<td style=\"text-align: center; vertical-align: top;\">0,5\u00a0mm<\/td>\n<td style=\"text-align: center; vertical-align: top;\">0,8\u00a0mm<\/td>\n<\/tr>\n<tr>\n<td style=\"vertical-align: top;\">Clasificaci\u00f3n ante el fuego<\/td>\n<td style=\"text-align: center; vertical-align: top;\"><img decoding=\"async\" style=\"height: 20px; width: 20px;\" src=\"https:\/\/www.azur-scenic.com\/wp-content\/uploads\/csm_icon-flag-france_3304e5e3f9.png\" \/> M2, <img decoding=\"async\" style=\"height: 20px; width: 20px;\" src=\"https:\/\/www.azur-scenic.com\/wp-content\/uploads\/icon-flag-allemagne.png\" \/> B1<\/td>\n<td style=\"text-align: center; vertical-align: top;\"><img decoding=\"async\" style=\"height: 20px; width: 20px;\" src=\"https:\/\/www.azur-scenic.com\/wp-content\/uploads\/csm_icon-flag-france_3304e5e3f9.png\" \/> M2, <img decoding=\"async\" style=\"height: 20px; width: 20px;\" src=\"https:\/\/www.azur-scenic.com\/wp-content\/uploads\/icon-flag-allemagne.png\" \/> B1<\/td>\n<td style=\"text-align: center; vertical-align: top;\"><img decoding=\"async\" style=\"height: 20px; width: 20px;\" src=\"https:\/\/www.azur-scenic.com\/wp-content\/uploads\/csm_icon-flag-france_3304e5e3f9.png\" \/> M2, <img decoding=\"async\" style=\"height: 20px; width: 20px;\" src=\"https:\/\/www.azur-scenic.com\/wp-content\/uploads\/icon-flag-allemagne.png\" \/> B1<\/td>\n<\/tr>\n<tr>\n<td style=\"vertical-align: top;\">Presentaci\u00f3n<\/td>\n<td style=\"text-align: center; vertical-align: top;\">Pieza de 65 m<br \/>\nAncho completo enrollado<br \/>\n\u00b1 36\u00a0kg\/pieza<\/td>\n<td style=\"text-align: center; vertical-align: top;\">Pieza de 40 m<br \/>\nAncho completo enrollado<br \/>\n\u00b1 36\u00a0kg\/pieza<\/td>\n<td style=\"text-align: center; vertical-align: top;\">Pieza de 25 m<br \/>\nAncho completo enrollado<br \/>\n\u00b1 36\u00a0kg\/pieza<\/td>\n<\/tr>\n<tr>\n<td style=\"vertical-align: top;\">Venta al corte<\/td>\n<td style=\"text-align: center; vertical-align: top;\">S\u00ed<\/td>\n<td style=\"text-align: center; vertical-align: top;\">No<\/td>\n<td style=\"text-align: center; vertical-align: top;\">No<\/td>\n<\/tr>\n<tr>\n<td style=\"vertical-align: top;\">Elasticidad (grado)<\/td>\n<td style=\"text-align: center; vertical-align: top;\">3S<\/td>\n<td style=\"text-align: center; vertical-align: top;\">3S<\/td>\n<td style=\"text-align: center; vertical-align: top;\">3S<\/td>\n<\/tr>\n<tr>\n<td style=\"vertical-align: top;\">Resistencia al desgarro<\/td>\n<td style=\"text-align: center; vertical-align: top;\">Ancho: 19,3 N<br \/>\nLongitud: 17,2 N<\/td>\n<td style=\"text-align: center; vertical-align: top;\">Ancho: 31,3 N<br \/>\nLongitud: 29,1 N<\/td>\n<td style=\"text-align: center; vertical-align: top;\">Ancho: 52,4 N<br \/>\nLongitud: 51,5 N<\/td>\n<\/tr>\n<tr>\n<td style=\"vertical-align: top;\">Resistencia a la rotura<\/td>\n<td style=\"text-align: center; vertical-align: top;\">Ancho:<br \/>\n23,2 MPa<br \/>\nLongitud:<br \/>\n28,7 MPa<\/td>\n<td style=\"text-align: center; vertical-align: top;\">Ancho:<br \/>\n21,0 MPa<br \/>\nLongitud:<br \/>\n22,4 MPa<\/td>\n<td style=\"text-align: center; vertical-align: top;\">Ancho:<br \/>\n21,6 MPa<br \/>\nLongitud:<br \/>\n23,4 MPa<\/td>\n<\/tr>\n<tr>\n<td style=\"vertical-align: top;\">Alargamiento hasta la rotura<\/td>\n<td style=\"text-align: center; vertical-align: top;\">Ancho: 340 %<br \/>\nLongitud: 310 %<\/td>\n<td style=\"text-align: center; vertical-align: top;\">Ancho: 350 %<br \/>\nLongitud: 300 %<\/td>\n<td style=\"text-align: center; vertical-align: top;\">Ancho: 350 %<br \/>\nLongitud: 300 %<\/td>\n<\/tr>\n<tr>\n<td style=\"vertical-align: top;\">Resistencia a las bajas temperaturas<\/td>\n<td style=\"text-align: center; vertical-align: top;\">-25 \u00b0C<\/td>\n<td style=\"text-align: center; vertical-align: top;\">-10 \u00b0C<\/td>\n<td style=\"text-align: center; vertical-align: top;\">-8 \u00b0C<\/td>\n<\/tr>\n<tr>\n<td style=\"vertical-align: top;\">Encogimiento<\/td>\n<td style=\"text-align: center; vertical-align: top;\">Ancho: 0,9 %<br \/>\nLongitud: 2,7 %<\/td>\n<td style=\"text-align: center; vertical-align: top;\">Ancho: 0,9 %<br \/>\nLongitud: 3,2 %<\/td>\n<td style=\"text-align: center; vertical-align: top;\">Ancho: 1 %<br \/>\nLongitud: 3,1 %<\/td>\n<\/tr>\n<\/tbody>\n<\/table>\n","protected":false},"excerpt":{"rendered":"<p>Un <span style=\"color: #f88523;\"><strong>film flexible<\/strong><\/span> de <span style=\"color: #f88523;\"><strong>PVC transparente<\/strong><\/span> con leves reflejos azulados, clasificaci\u00f3n ante el fuego <span style=\"color: #f88523;\"><strong>M2<\/strong><\/span> y disponible en 3 grosores diferentes (de 0,3 a 0,8\u00a0mm).<br \/>\nEn nuestros talleres proponemos la confecci\u00f3n de este producto para que puedas realizar tus proyectos m\u00e1s exagerados (diversas posibilidades de montajes y acabados) gracias a la tecnolog\u00eda de <strong><span style=\"color: #f88523;\">soldadura HF<\/span><\/strong>.<br \/>\nEsta lona sumamente <span style=\"color: #f88523;\"><strong>resistente<\/strong><\/span>, <span style=\"color: #f88523;\"><strong>impermeable<\/strong><\/span>, con <span style=\"color: #f88523;\"><strong>tratamiento UV<\/strong><\/span> y de <span style=\"color: #f88523;\"><strong>f\u00e1cil<\/strong><\/span><span style=\"color: #f88523;\"><strong>mantenimiento,<\/strong><\/span> sirve para un uso tanto en interiores como <span style=\"color: #f88523;\"><strong>en exteriores<\/strong><\/span>.<br \/>\nTambi\u00e9n cuenta con propiedades de<span style=\"color: #f88523;\"><strong>aislamiento ac\u00fastico<\/strong><\/span>.<br \/>\nEste film de PVC se presta a m\u00faltiples usos, como la fabricaci\u00f3n de tiendas, carpas, decorados esc\u00e9nicos, etc.<br \/>\n\u00a1Apuesta por la originalidad! \u00a1Aprende a controlar la transparencia del cristal y deja que vuele tu creatividad utiliz\u00e1ndolo tanto como <span style=\"color: #f88523;\"><strong>superficie de proyecci\u00f3n<\/strong><\/span> como de <span style=\"color: #f88523;\"><strong>retroproyecci\u00f3n inesperada<\/strong><\/span> e <span style=\"color: #f88523;\"><strong>imperceptible<\/strong><\/span>!<\/p>\n<table class=\"table\">\n<tbody>\n<tr>\n<td style=\"width: 189px;\"><strong>Ancho<\/strong>: 140\u00a0cm<\/td>\n<td style=\"width: 244px;\"><strong>Peso<\/strong>: 390 g\/m\u00b2, 650 g\/m\u00b2, 1040 g\/m\u00b2<\/td>\n<\/tr>\n<tr>\n<td style=\"width: 189px;\"><strong>Clasificaci\u00f3n ante el fuego<\/strong>: <img decoding=\"async\" style=\"height: 20px; width: 20px;\" src=\"https:\/\/www.azur-scenic.com\/wp-content\/uploads\/csm_icon-flag-france_3304e5e3f9.png\" \/> M2, <img decoding=\"async\" style=\"height: 20px; width: 20px;\" src=\"https:\/\/www.azur-scenic.com\/wp-content\/uploads\/icon-flag-allemagne.png\" \/> B1<\/td>\n<td style=\"width: 244px;\"><strong>Composici\u00f3n<\/strong>: 100\u00a0% PVC<\/td>\n<\/tr>\n<\/tbody>\n<\/table>\n","protected":false},"featured_media":16492,"template":"","meta":{"_acf_changed":false},"product_brand":[],"product_cat":[944,1230],"product_tag":[],"class_list":{"0":"post-17859","1":"product","2":"type-product","3":"status-publish","4":"has-post-thumbnail","6":"product_cat-todos-los-productos","7":"product_cat-pvc-varios","8":"pa_couleurs-000-es","9":"pa_groupes-de-couleurs-varios","10":"pa_textiles-apto-para-uso-en-exteriores","11":"pa_textiles-ignifugo","12":"pa_textiles-aislante-acustico","13":"pa_textiles-lavable","14":"pa_textiles-proyeccion-frontal","15":"pa_textiles-resistente-a-los-rayos-uv","16":"pa_textiles-retroproyeccion","17":"pa_textiles-transparentes-y-translucidos","19":"first","20":"instock","21":"shipping-taxable","22":"purchasable","23":"product-type-simple"},"acf":[],"yoast_head":"<!-- This site is optimized with the Yoast SEO plugin v27.1.1 - https:\/\/yoast.com\/product\/yoast-seo-wordpress\/ -->\n<title>Cristal - Azur Scenic<\/title>\n<meta name=\"description\" content=\"Un film flexible de PVC transparente con leves reflejos azulados, clasificaci\u00f3n ante el fuego M2 y disponible en 3 grosores diferentes (de 0,3 a 0,8\u00a0mm). En nuestros talleres proponemos la confecci\u00f3n de este producto para que puedas realizar tus proyectos m\u00e1s exagerados (diversas posibilidades de montajes y acabados) gracias a la tecnolog\u00eda de soldadura HF. Esta lona sumamente resistente, impermeable, con tratamiento UV y de f\u00e1cilmantenimiento, sirve para un uso tanto en interiores como en exteriores. Tambi\u00e9n cuenta con propiedades deaislamiento ac\u00fastico. Este film de PVC se presta a m\u00faltiples usos, como la fabricaci\u00f3n de tiendas, carpas, decorados esc\u00e9nicos, etc. \u00a1Apuesta por la originalidad! \u00a1Aprende a controlar la transparencia del cristal y deja que vuele tu creatividad utiliz\u00e1ndolo tanto como superficie de proyecci\u00f3n como de retroproyecci\u00f3n inesperada e imperceptible!  Ancho: 140\u00a0cm Peso: 390 g\/m\u00b2, 650 g\/m\u00b2, 1040 g\/m\u00b2  Clasificaci\u00f3n ante el fuego: M2, B1 Composici\u00f3n: 100\u00a0% PVC\" \/>\n<meta name=\"robots\" content=\"index, follow, max-snippet:-1, max-image-preview:large, max-video-preview:-1\" \/>\n<link rel=\"canonical\" href=\"https:\/\/www.azur-scenic.com\/es\/producto\/cristal\/\" \/>\n<meta property=\"og:locale\" content=\"es_ES\" \/>\n<meta property=\"og:type\" content=\"article\" \/>\n<meta property=\"og:title\" content=\"Cristal - Azur Scenic\" \/>\n<meta property=\"og:description\" content=\"Un film flexible de PVC transparente con leves reflejos azulados, clasificaci\u00f3n ante el fuego M2 y disponible en 3 grosores diferentes (de 0,3 a 0,8\u00a0mm). En nuestros talleres proponemos la confecci\u00f3n de este producto para que puedas realizar tus proyectos m\u00e1s exagerados (diversas posibilidades de montajes y acabados) gracias a la tecnolog\u00eda de soldadura HF. Esta lona sumamente resistente, impermeable, con tratamiento UV y de f\u00e1cilmantenimiento, sirve para un uso tanto en interiores como en exteriores. Tambi\u00e9n cuenta con propiedades deaislamiento ac\u00fastico. Este film de PVC se presta a m\u00faltiples usos, como la fabricaci\u00f3n de tiendas, carpas, decorados esc\u00e9nicos, etc. \u00a1Apuesta por la originalidad! \u00a1Aprende a controlar la transparencia del cristal y deja que vuele tu creatividad utiliz\u00e1ndolo tanto como superficie de proyecci\u00f3n como de retroproyecci\u00f3n inesperada e imperceptible!  Ancho: 140\u00a0cm Peso: 390 g\/m\u00b2, 650 g\/m\u00b2, 1040 g\/m\u00b2  Clasificaci\u00f3n ante el fuego: M2, B1 Composici\u00f3n: 100\u00a0% PVC\" \/>\n<meta property=\"og:url\" content=\"https:\/\/www.azur-scenic.com\/es\/producto\/cristal\/\" \/>\n<meta property=\"og:site_name\" content=\"Azur Scenic\" \/>\n<meta property=\"article:modified_time\" content=\"2023-08-02T13:17:56+00:00\" \/>\n<meta property=\"og:image\" content=\"https:\/\/www.azur-scenic.com\/wp-content\/uploads\/CRISTAL.jpg\" \/>\n\t<meta property=\"og:image:width\" content=\"1963\" \/>\n\t<meta property=\"og:image:height\" content=\"1963\" \/>\n\t<meta property=\"og:image:type\" content=\"image\/jpeg\" \/>\n<meta name=\"twitter:card\" content=\"summary_large_image\" \/>\n<meta name=\"twitter:label1\" content=\"Tiempo de lectura\" \/>\n\t<meta name=\"twitter:data1\" content=\"1 minuto\" \/>\n<script type=\"application\/ld+json\" class=\"yoast-schema-graph\">{\"@context\":\"https:\/\/schema.org\",\"@graph\":[{\"@type\":\"WebPage\",\"@id\":\"https:\/\/www.azur-scenic.com\/es\/producto\/cristal\/\",\"url\":\"https:\/\/www.azur-scenic.com\/es\/producto\/cristal\/\",\"name\":\"Cristal - Azur Scenic\",\"isPartOf\":{\"@id\":\"https:\/\/www.azur-scenic.com\/es\/#website\"},\"primaryImageOfPage\":{\"@id\":\"https:\/\/www.azur-scenic.com\/es\/producto\/cristal\/#primaryimage\"},\"image\":{\"@id\":\"https:\/\/www.azur-scenic.com\/es\/producto\/cristal\/#primaryimage\"},\"thumbnailUrl\":\"https:\/\/www.azur-scenic.com\/wp-content\/uploads\/CRISTAL.jpg\",\"datePublished\":\"2022-10-04T07:27:00+00:00\",\"dateModified\":\"2023-08-02T13:17:56+00:00\",\"description\":\"Un film flexible de PVC transparente con leves reflejos azulados, clasificaci\u00f3n ante el fuego M2 y disponible en 3 grosores diferentes (de 0,3 a 0,8\u00a0mm). En nuestros talleres proponemos la confecci\u00f3n de este producto para que puedas realizar tus proyectos m\u00e1s exagerados (diversas posibilidades de montajes y acabados) gracias a la tecnolog\u00eda de soldadura HF. Esta lona sumamente resistente, impermeable, con tratamiento UV y de f\u00e1cilmantenimiento, sirve para un uso tanto en interiores como en exteriores. Tambi\u00e9n cuenta con propiedades deaislamiento ac\u00fastico. Este film de PVC se presta a m\u00faltiples usos, como la fabricaci\u00f3n de tiendas, carpas, decorados esc\u00e9nicos, etc. \u00a1Apuesta por la originalidad! \u00a1Aprende a controlar la transparencia del cristal y deja que vuele tu creatividad utiliz\u00e1ndolo tanto como superficie de proyecci\u00f3n como de retroproyecci\u00f3n inesperada e imperceptible! Ancho: 140\u00a0cm Peso: 390 g\/m\u00b2, 650 g\/m\u00b2, 1040 g\/m\u00b2 Clasificaci\u00f3n ante el fuego: M2, B1 Composici\u00f3n: 100\u00a0% PVC\",\"breadcrumb\":{\"@id\":\"https:\/\/www.azur-scenic.com\/es\/producto\/cristal\/#breadcrumb\"},\"inLanguage\":\"es\",\"potentialAction\":[{\"@type\":\"ReadAction\",\"target\":[\"https:\/\/www.azur-scenic.com\/es\/producto\/cristal\/\"]}]},{\"@type\":\"ImageObject\",\"inLanguage\":\"es\",\"@id\":\"https:\/\/www.azur-scenic.com\/es\/producto\/cristal\/#primaryimage\",\"url\":\"https:\/\/www.azur-scenic.com\/wp-content\/uploads\/CRISTAL.jpg\",\"contentUrl\":\"https:\/\/www.azur-scenic.com\/wp-content\/uploads\/CRISTAL.jpg\",\"width\":1963,\"height\":1963,\"caption\":\"CRISTAL\"},{\"@type\":\"BreadcrumbList\",\"@id\":\"https:\/\/www.azur-scenic.com\/es\/producto\/cristal\/#breadcrumb\",\"itemListElement\":[{\"@type\":\"ListItem\",\"position\":1,\"name\":\"Accueil\",\"item\":\"https:\/\/www.azur-scenic.com\/es\/\"},{\"@type\":\"ListItem\",\"position\":2,\"name\":\"Productos\",\"item\":\"https:\/\/www.azur-scenic.com\/es\/?page_id=21440\"},{\"@type\":\"ListItem\",\"position\":3,\"name\":\"Cristal\"}]},{\"@type\":\"WebSite\",\"@id\":\"https:\/\/www.azur-scenic.com\/es\/#website\",\"url\":\"https:\/\/www.azur-scenic.com\/es\/\",\"name\":\"Azur Scenic\",\"description\":\"Sp\u00e9cialiste de l\u2019\u00e9quipement sc\u00e9nique et de la d\u00e9coration int\u00e9rieure et \u00e9v\u00e9nementielle !\",\"publisher\":{\"@id\":\"https:\/\/www.azur-scenic.com\/es\/#organization\"},\"potentialAction\":[{\"@type\":\"SearchAction\",\"target\":{\"@type\":\"EntryPoint\",\"urlTemplate\":\"https:\/\/www.azur-scenic.com\/es\/?s={search_term_string}\"},\"query-input\":{\"@type\":\"PropertyValueSpecification\",\"valueRequired\":true,\"valueName\":\"search_term_string\"}}],\"inLanguage\":\"es\"},{\"@type\":\"Organization\",\"@id\":\"https:\/\/www.azur-scenic.com\/es\/#organization\",\"name\":\"AZUR SCENIC\",\"url\":\"https:\/\/www.azur-scenic.com\/es\/\",\"logo\":{\"@type\":\"ImageObject\",\"inLanguage\":\"es\",\"@id\":\"https:\/\/www.azur-scenic.com\/es\/#\/schema\/logo\/image\/\",\"url\":\"https:\/\/www.azur-scenic.com\/wp-content\/uploads\/2022\/09\/LOGO-AZUR-SCENIC-Fusion-web-236x64-1.jpg\",\"contentUrl\":\"https:\/\/www.azur-scenic.com\/wp-content\/uploads\/2022\/09\/LOGO-AZUR-SCENIC-Fusion-web-236x64-1.jpg\",\"width\":236,\"height\":64,\"caption\":\"AZUR SCENIC\"},\"image\":{\"@id\":\"https:\/\/www.azur-scenic.com\/es\/#\/schema\/logo\/image\/\"},\"sameAs\":[\"https:\/\/www.youtube.com\/channel\/UCPWM2mGPVUt4nYhNlm71WOA\",\"https:\/\/www.linkedin.com\/company\/33237605\/admin\/feed\/posts\/\"]}]}<\/script>\n<!-- \/ Yoast SEO plugin. -->","yoast_head_json":{"title":"Cristal - Azur Scenic","description":"Un film flexible de PVC transparente con leves reflejos azulados, clasificaci\u00f3n ante el fuego M2 y disponible en 3 grosores diferentes (de 0,3 a 0,8\u00a0mm). En nuestros talleres proponemos la confecci\u00f3n de este producto para que puedas realizar tus proyectos m\u00e1s exagerados (diversas posibilidades de montajes y acabados) gracias a la tecnolog\u00eda de soldadura HF. Esta lona sumamente resistente, impermeable, con tratamiento UV y de f\u00e1cilmantenimiento, sirve para un uso tanto en interiores como en exteriores. Tambi\u00e9n cuenta con propiedades deaislamiento ac\u00fastico. Este film de PVC se presta a m\u00faltiples usos, como la fabricaci\u00f3n de tiendas, carpas, decorados esc\u00e9nicos, etc. \u00a1Apuesta por la originalidad! \u00a1Aprende a controlar la transparencia del cristal y deja que vuele tu creatividad utiliz\u00e1ndolo tanto como superficie de proyecci\u00f3n como de retroproyecci\u00f3n inesperada e imperceptible!  Ancho: 140\u00a0cm Peso: 390 g\/m\u00b2, 650 g\/m\u00b2, 1040 g\/m\u00b2  Clasificaci\u00f3n ante el fuego: M2, B1 Composici\u00f3n: 100\u00a0% PVC","robots":{"index":"index","follow":"follow","max-snippet":"max-snippet:-1","max-image-preview":"max-image-preview:large","max-video-preview":"max-video-preview:-1"},"canonical":"https:\/\/www.azur-scenic.com\/es\/producto\/cristal\/","og_locale":"es_ES","og_type":"article","og_title":"Cristal - Azur Scenic","og_description":"Un film flexible de PVC transparente con leves reflejos azulados, clasificaci\u00f3n ante el fuego M2 y disponible en 3 grosores diferentes (de 0,3 a 0,8\u00a0mm). En nuestros talleres proponemos la confecci\u00f3n de este producto para que puedas realizar tus proyectos m\u00e1s exagerados (diversas posibilidades de montajes y acabados) gracias a la tecnolog\u00eda de soldadura HF. Esta lona sumamente resistente, impermeable, con tratamiento UV y de f\u00e1cilmantenimiento, sirve para un uso tanto en interiores como en exteriores. Tambi\u00e9n cuenta con propiedades deaislamiento ac\u00fastico. Este film de PVC se presta a m\u00faltiples usos, como la fabricaci\u00f3n de tiendas, carpas, decorados esc\u00e9nicos, etc. \u00a1Apuesta por la originalidad! \u00a1Aprende a controlar la transparencia del cristal y deja que vuele tu creatividad utiliz\u00e1ndolo tanto como superficie de proyecci\u00f3n como de retroproyecci\u00f3n inesperada e imperceptible!  Ancho: 140\u00a0cm Peso: 390 g\/m\u00b2, 650 g\/m\u00b2, 1040 g\/m\u00b2  Clasificaci\u00f3n ante el fuego: M2, B1 Composici\u00f3n: 100\u00a0% PVC","og_url":"https:\/\/www.azur-scenic.com\/es\/producto\/cristal\/","og_site_name":"Azur Scenic","article_modified_time":"2023-08-02T13:17:56+00:00","og_image":[{"width":1963,"height":1963,"url":"https:\/\/www.azur-scenic.com\/wp-content\/uploads\/CRISTAL.jpg","type":"image\/jpeg"}],"twitter_card":"summary_large_image","twitter_misc":{"Tiempo de lectura":"1 minuto"},"schema":{"@context":"https:\/\/schema.org","@graph":[{"@type":"WebPage","@id":"https:\/\/www.azur-scenic.com\/es\/producto\/cristal\/","url":"https:\/\/www.azur-scenic.com\/es\/producto\/cristal\/","name":"Cristal - Azur Scenic","isPartOf":{"@id":"https:\/\/www.azur-scenic.com\/es\/#website"},"primaryImageOfPage":{"@id":"https:\/\/www.azur-scenic.com\/es\/producto\/cristal\/#primaryimage"},"image":{"@id":"https:\/\/www.azur-scenic.com\/es\/producto\/cristal\/#primaryimage"},"thumbnailUrl":"https:\/\/www.azur-scenic.com\/wp-content\/uploads\/CRISTAL.jpg","datePublished":"2022-10-04T07:27:00+00:00","dateModified":"2023-08-02T13:17:56+00:00","description":"Un film flexible de PVC transparente con leves reflejos azulados, clasificaci\u00f3n ante el fuego M2 y disponible en 3 grosores diferentes (de 0,3 a 0,8\u00a0mm). En nuestros talleres proponemos la confecci\u00f3n de este producto para que puedas realizar tus proyectos m\u00e1s exagerados (diversas posibilidades de montajes y acabados) gracias a la tecnolog\u00eda de soldadura HF. Esta lona sumamente resistente, impermeable, con tratamiento UV y de f\u00e1cilmantenimiento, sirve para un uso tanto en interiores como en exteriores. Tambi\u00e9n cuenta con propiedades deaislamiento ac\u00fastico. Este film de PVC se presta a m\u00faltiples usos, como la fabricaci\u00f3n de tiendas, carpas, decorados esc\u00e9nicos, etc. \u00a1Apuesta por la originalidad! \u00a1Aprende a controlar la transparencia del cristal y deja que vuele tu creatividad utiliz\u00e1ndolo tanto como superficie de proyecci\u00f3n como de retroproyecci\u00f3n inesperada e imperceptible! Ancho: 140\u00a0cm Peso: 390 g\/m\u00b2, 650 g\/m\u00b2, 1040 g\/m\u00b2 Clasificaci\u00f3n ante el fuego: M2, B1 Composici\u00f3n: 100\u00a0% PVC","breadcrumb":{"@id":"https:\/\/www.azur-scenic.com\/es\/producto\/cristal\/#breadcrumb"},"inLanguage":"es","potentialAction":[{"@type":"ReadAction","target":["https:\/\/www.azur-scenic.com\/es\/producto\/cristal\/"]}]},{"@type":"ImageObject","inLanguage":"es","@id":"https:\/\/www.azur-scenic.com\/es\/producto\/cristal\/#primaryimage","url":"https:\/\/www.azur-scenic.com\/wp-content\/uploads\/CRISTAL.jpg","contentUrl":"https:\/\/www.azur-scenic.com\/wp-content\/uploads\/CRISTAL.jpg","width":1963,"height":1963,"caption":"CRISTAL"},{"@type":"BreadcrumbList","@id":"https:\/\/www.azur-scenic.com\/es\/producto\/cristal\/#breadcrumb","itemListElement":[{"@type":"ListItem","position":1,"name":"Accueil","item":"https:\/\/www.azur-scenic.com\/es\/"},{"@type":"ListItem","position":2,"name":"Productos","item":"https:\/\/www.azur-scenic.com\/es\/?page_id=21440"},{"@type":"ListItem","position":3,"name":"Cristal"}]},{"@type":"WebSite","@id":"https:\/\/www.azur-scenic.com\/es\/#website","url":"https:\/\/www.azur-scenic.com\/es\/","name":"Azur Scenic","description":"Sp\u00e9cialiste de l\u2019\u00e9quipement sc\u00e9nique et de la d\u00e9coration int\u00e9rieure et \u00e9v\u00e9nementielle !","publisher":{"@id":"https:\/\/www.azur-scenic.com\/es\/#organization"},"potentialAction":[{"@type":"SearchAction","target":{"@type":"EntryPoint","urlTemplate":"https:\/\/www.azur-scenic.com\/es\/?s={search_term_string}"},"query-input":{"@type":"PropertyValueSpecification","valueRequired":true,"valueName":"search_term_string"}}],"inLanguage":"es"},{"@type":"Organization","@id":"https:\/\/www.azur-scenic.com\/es\/#organization","name":"AZUR SCENIC","url":"https:\/\/www.azur-scenic.com\/es\/","logo":{"@type":"ImageObject","inLanguage":"es","@id":"https:\/\/www.azur-scenic.com\/es\/#\/schema\/logo\/image\/","url":"https:\/\/www.azur-scenic.com\/wp-content\/uploads\/2022\/09\/LOGO-AZUR-SCENIC-Fusion-web-236x64-1.jpg","contentUrl":"https:\/\/www.azur-scenic.com\/wp-content\/uploads\/2022\/09\/LOGO-AZUR-SCENIC-Fusion-web-236x64-1.jpg","width":236,"height":64,"caption":"AZUR SCENIC"},"image":{"@id":"https:\/\/www.azur-scenic.com\/es\/#\/schema\/logo\/image\/"},"sameAs":["https:\/\/www.youtube.com\/channel\/UCPWM2mGPVUt4nYhNlm71WOA","https:\/\/www.linkedin.com\/company\/33237605\/admin\/feed\/posts\/"]}]}},"_links":{"self":[{"href":"https:\/\/www.azur-scenic.com\/es\/wp-json\/wp\/v2\/product\/17859","targetHints":{"allow":["GET"]}}],"collection":[{"href":"https:\/\/www.azur-scenic.com\/es\/wp-json\/wp\/v2\/product"}],"about":[{"href":"https:\/\/www.azur-scenic.com\/es\/wp-json\/wp\/v2\/types\/product"}],"wp:featuredmedia":[{"embeddable":true,"href":"https:\/\/www.azur-scenic.com\/es\/wp-json\/wp\/v2\/media\/16492"}],"wp:attachment":[{"href":"https:\/\/www.azur-scenic.com\/es\/wp-json\/wp\/v2\/media?parent=17859"}],"wp:term":[{"taxonomy":"product_brand","embeddable":true,"href":"https:\/\/www.azur-scenic.com\/es\/wp-json\/wp\/v2\/product_brand?post=17859"},{"taxonomy":"product_cat","embeddable":true,"href":"https:\/\/www.azur-scenic.com\/es\/wp-json\/wp\/v2\/product_cat?post=17859"},{"taxonomy":"product_tag","embeddable":true,"href":"https:\/\/www.azur-scenic.com\/es\/wp-json\/wp\/v2\/product_tag?post=17859"}],"curies":[{"name":"wp","href":"https:\/\/api.w.org\/{rel}","templated":true}]}}