{"id":17863,"date":"2022-10-04T07:26:59","date_gmt":"2022-10-04T07:26:59","guid":{"rendered":"https:\/\/www.azur-scenic.com\/produit\/bache-320-bache-500\/"},"modified":"2023-08-02T13:17:57","modified_gmt":"2023-08-02T13:17:57","slug":"bache-320-bache-500","status":"publish","type":"product","link":"https:\/\/www.azur-scenic.com\/es\/producto\/bache-320-bache-500\/","title":{"rendered":"Bache 320 &#8211; Bache 500"},"content":{"rendered":"<table>\n<thead>\n<tr>\n<th style=\"width: 144px;\">Datos t\u00e9cnicos<\/th>\n<th style=\"width: 90px;\">Valor<\/th>\n<th style=\"width: 294px;\">Comentarios<\/th>\n<\/tr>\n<\/thead>\n<tbody>\n<tr>\n<td style=\"vertical-align: top; width: 144px;\">Ancho<\/td>\n<td style=\"vertical-align: top; width: 90px;\">320\u00a0cm<br \/>\n500\u00a0cm<\/td>\n<td style=\"vertical-align: top; width: 294px;\">(N\u00famero de referencia 2701)<br \/>\n(N\u00famero de referencia 2712)<\/td>\n<\/tr>\n<tr>\n<td style=\"vertical-align: top; width: 144px;\">Peso<\/td>\n<td style=\"vertical-align: top; width: 90px;\">510 g\/m\u00b2<\/td>\n<td style=\"vertical-align: top; width: 294px;\">\u00a0<\/td>\n<\/tr>\n<tr>\n<td style=\"vertical-align: top; width: 144px;\">Grosor<\/td>\n<td style=\"vertical-align: top; width: 90px;\">0,45\u00a0mm<\/td>\n<td style=\"vertical-align: top; width: 294px;\">\u00a0<\/td>\n<\/tr>\n<tr>\n<td style=\"vertical-align: top; width: 144px;\">Clasificaci\u00f3n ante el fuego<\/td>\n<td style=\"vertical-align: top; width: 90px;\"><img decoding=\"async\" style=\"height: 20px; width: 20px;\" src=\"https:\/\/www.azur-scenic.com\/wp-content\/uploads\/csm_icon-flag-france_3304e5e3f9.png\" \/> M1<\/td>\n<td style=\"vertical-align: top; width: 294px;\">Norma: NF P 92-503-507<\/td>\n<\/tr>\n<tr>\n<td style=\"vertical-align: top; width: 144px;\">Composici\u00f3n<\/td>\n<td style=\"vertical-align: top; width: 389px;\" colspan=\"2\">Soporte 100\u00a0% de PES + revestimiento de PVC<\/td>\n<\/tr>\n<tr>\n<td style=\"vertical-align: top; width: 144px;\">Longitud del rollo<\/td>\n<td style=\"vertical-align: top; width: 90px;\">50 m<\/td>\n<td style=\"vertical-align: top; width: 294px;\">Ancho completo enrollado<br \/>\nVenta al corte s\u00f3lo si hay existencias<br \/>\nTe recomendamos prestar atenci\u00f3n a la manipulaci\u00f3n y al\u00a0transporte con el rollo de 5 m de ancho<\/td>\n<\/tr>\n<tr>\n<td style=\"vertical-align: top; width: 144px;\">Resistencia a la rotura<\/td>\n<td style=\"vertical-align: top; width: 389px;\" colspan=\"2\" rowspan=\"1\">Urdimbre: 2300 N\/5\u00a0cm<br \/>\nTrama: 2000 N\/5\u00a0cm<\/td>\n<\/tr>\n<tr>\n<td style=\"vertical-align: top; width: 144px;\">Resistencia al desgarro<\/td>\n<td style=\"vertical-align: top; width: 389px;\" colspan=\"2\" rowspan=\"1\">Urdimbre: 200 N<br \/>\nTrama: 180 N<\/td>\n<\/tr>\n<\/tbody>\n<\/table>\n","protected":false},"excerpt":{"rendered":"<p>Una <strong><span style=\"color: #f88523;\">lona blanca armada<\/span><\/strong> con clasificaci\u00f3n ante el fuego <span style=\"color: #f88523;\"><strong>M1<\/strong><\/span> y disponible en versi\u00f3n <span style=\"color: #f88523;\"><strong>imprimible<\/strong><\/span> de <span style=\"color: #f88523;\"><strong>gran anchura<\/strong><\/span> (320 y 500\u00a0cm) para la realizaci\u00f3n de tus proyectos m\u00e1s gigantescos con la menor cantidad de ensamblajes.<br \/>\nGracias a la tecnolog\u00eda de <span style=\"color: #f88523;\"><strong>soldadura HF<\/strong><\/span> con la que contamos en nuestros talleres, te ofrecemos darle forma a tu producto para que puedas llevar a cabo todos tus proyectos (ensamblaje impermeable s\u00faper resistente y muchas posibilidades de acabado).<br \/>\nEsta lona <span style=\"color: #f88523;\"><strong>s\u00f3lida<\/strong><\/span> y de<strong><span style=\"color: #f88523;\">f\u00e1cil mantenimiento<\/span><\/strong> se puede utilizar tanto en interiores como en <span style=\"color: #f88523;\"><strong>exteriores<\/strong><\/span>. Tambi\u00e9n cuenta con propiedades de<strong><span style=\"color: #f88523;\">aislamiento ac\u00fastico<\/span><\/strong>.<br \/>\n<span style=\"color: #f88523;\"><strong>Imprimible<\/strong><\/span>, esta lona puede utilizarse para muchos fines, como la fabricaci\u00f3n de carpas y entoldados, el revestimiento de cajas, escenarios o stands, kakemonos&#8230;<\/p>\n<table class=\"table\">\n<tbody>\n<tr>\n<td><strong>Ancho<\/strong>: 320\u00a0cm, 500\u00a0cm<\/td>\n<td><strong>Peso<\/strong>: 510 g\/m\u00b2<\/td>\n<\/tr>\n<tr>\n<td><strong>Clasificaci\u00f3n ante el fuego<\/strong>: <img decoding=\"async\" style=\"height: 20px; width: 20px;\" src=\"https:\/\/www.azur-scenic.com\/wp-content\/uploads\/csm_icon-flag-france_3304e5e3f9.png\" \/> M1<\/td>\n<td><strong>Composici\u00f3n<\/strong>: Soporte 100\u00a0% de PES<br \/>\n+ revestimiento de PVC<\/td>\n<\/tr>\n<\/tbody>\n<\/table>\n","protected":false},"featured_media":7385,"template":"","meta":{"_acf_changed":false},"product_brand":[],"product_cat":[944,1196,1230],"product_tag":[],"class_list":{"0":"post-17863","1":"product","2":"type-product","3":"status-publish","4":"has-post-thumbnail","6":"product_cat-todos-los-productos","7":"product_cat-pantallas-de-proyeccion-y-telas-de-pvc","8":"product_cat-pvc-varios","9":"pa_couleurs-002-es","10":"pa_groupes-de-couleurs-blanco","11":"pa_textiles-apto-para-uso-en-exteriores","12":"pa_textiles-ignifugo","13":"pa_textiles-imprimible","14":"pa_textiles-aislante-acustico","15":"pa_textiles-lavable","16":"pa_textiles-extra-ancho","18":"first","19":"instock","20":"shipping-taxable","21":"purchasable","22":"product-type-simple"},"acf":[],"yoast_head":"<!-- This site is optimized with the Yoast SEO plugin v27.3 - https:\/\/yoast.com\/product\/yoast-seo-wordpress\/ -->\n<title>Bache 320 - Bache 500 - Azur Scenic<\/title>\n<meta name=\"description\" content=\"Una lona blanca armada con clasificaci\u00f3n ante el fuego M1 y disponible en versi\u00f3n imprimible de gran anchura (320 y 500\u00a0cm) para la realizaci\u00f3n de tus proyectos m\u00e1s gigantescos con la menor cantidad de ensamblajes. Gracias a la tecnolog\u00eda de soldadura HF con la que contamos en nuestros talleres, te ofrecemos darle forma a tu producto para que puedas llevar a cabo todos tus proyectos (ensamblaje impermeable s\u00faper resistente y muchas posibilidades de acabado). Esta lona s\u00f3lida y def\u00e1cil mantenimiento se puede utilizar tanto en interiores como en exteriores. Tambi\u00e9n cuenta con propiedades deaislamiento ac\u00fastico. Imprimible, esta lona puede utilizarse para muchos fines, como la fabricaci\u00f3n de carpas y entoldados, el revestimiento de cajas, escenarios o stands, kakemonos...  Ancho: 320\u00a0cm, 500\u00a0cm Peso: 510 g\/m\u00b2  Clasificaci\u00f3n ante el fuego: M1 Composici\u00f3n: Soporte 100\u00a0% de PES + revestimiento de PVC\" \/>\n<meta name=\"robots\" content=\"index, follow, max-snippet:-1, max-image-preview:large, max-video-preview:-1\" \/>\n<link rel=\"canonical\" href=\"https:\/\/www.azur-scenic.com\/es\/producto\/bache-320-bache-500\/\" \/>\n<meta property=\"og:locale\" content=\"es_ES\" \/>\n<meta property=\"og:type\" content=\"article\" \/>\n<meta property=\"og:title\" content=\"Bache 320 - Bache 500 - Azur Scenic\" \/>\n<meta property=\"og:description\" content=\"Una lona blanca armada con clasificaci\u00f3n ante el fuego M1 y disponible en versi\u00f3n imprimible de gran anchura (320 y 500\u00a0cm) para la realizaci\u00f3n de tus proyectos m\u00e1s gigantescos con la menor cantidad de ensamblajes. Gracias a la tecnolog\u00eda de soldadura HF con la que contamos en nuestros talleres, te ofrecemos darle forma a tu producto para que puedas llevar a cabo todos tus proyectos (ensamblaje impermeable s\u00faper resistente y muchas posibilidades de acabado). Esta lona s\u00f3lida y def\u00e1cil mantenimiento se puede utilizar tanto en interiores como en exteriores. Tambi\u00e9n cuenta con propiedades deaislamiento ac\u00fastico. Imprimible, esta lona puede utilizarse para muchos fines, como la fabricaci\u00f3n de carpas y entoldados, el revestimiento de cajas, escenarios o stands, kakemonos...  Ancho: 320\u00a0cm, 500\u00a0cm Peso: 510 g\/m\u00b2  Clasificaci\u00f3n ante el fuego: M1 Composici\u00f3n: Soporte 100\u00a0% de PES + revestimiento de PVC\" \/>\n<meta property=\"og:url\" content=\"https:\/\/www.azur-scenic.com\/es\/producto\/bache-320-bache-500\/\" \/>\n<meta property=\"og:site_name\" content=\"Azur Scenic\" \/>\n<meta property=\"article:modified_time\" content=\"2023-08-02T13:17:57+00:00\" \/>\n<meta property=\"og:image\" content=\"https:\/\/www.azur-scenic.com\/wp-content\/uploads\/9b4edfd114ed0e9dc28fbb5f2494ce80.png\" \/>\n\t<meta property=\"og:image:width\" content=\"430\" \/>\n\t<meta property=\"og:image:height\" content=\"430\" \/>\n\t<meta property=\"og:image:type\" content=\"image\/png\" \/>\n<meta name=\"twitter:card\" content=\"summary_large_image\" \/>\n<script type=\"application\/ld+json\" class=\"yoast-schema-graph\">{\"@context\":\"https:\\\/\\\/schema.org\",\"@graph\":[{\"@type\":\"WebPage\",\"@id\":\"https:\\\/\\\/www.azur-scenic.com\\\/es\\\/producto\\\/bache-320-bache-500\\\/\",\"url\":\"https:\\\/\\\/www.azur-scenic.com\\\/es\\\/producto\\\/bache-320-bache-500\\\/\",\"name\":\"Bache 320 - Bache 500 - Azur Scenic\",\"isPartOf\":{\"@id\":\"https:\\\/\\\/www.azur-scenic.com\\\/es\\\/#website\"},\"primaryImageOfPage\":{\"@id\":\"https:\\\/\\\/www.azur-scenic.com\\\/es\\\/producto\\\/bache-320-bache-500\\\/#primaryimage\"},\"image\":{\"@id\":\"https:\\\/\\\/www.azur-scenic.com\\\/es\\\/producto\\\/bache-320-bache-500\\\/#primaryimage\"},\"thumbnailUrl\":\"https:\\\/\\\/www.azur-scenic.com\\\/wp-content\\\/uploads\\\/9b4edfd114ed0e9dc28fbb5f2494ce80.png\",\"datePublished\":\"2022-10-04T07:26:59+00:00\",\"dateModified\":\"2023-08-02T13:17:57+00:00\",\"description\":\"Una lona blanca armada con clasificaci\u00f3n ante el fuego M1 y disponible en versi\u00f3n imprimible de gran anchura (320 y 500\u00a0cm) para la realizaci\u00f3n de tus proyectos m\u00e1s gigantescos con la menor cantidad de ensamblajes. Gracias a la tecnolog\u00eda de soldadura HF con la que contamos en nuestros talleres, te ofrecemos darle forma a tu producto para que puedas llevar a cabo todos tus proyectos (ensamblaje impermeable s\u00faper resistente y muchas posibilidades de acabado). Esta lona s\u00f3lida y def\u00e1cil mantenimiento se puede utilizar tanto en interiores como en exteriores. Tambi\u00e9n cuenta con propiedades deaislamiento ac\u00fastico. Imprimible, esta lona puede utilizarse para muchos fines, como la fabricaci\u00f3n de carpas y entoldados, el revestimiento de cajas, escenarios o stands, kakemonos... Ancho: 320\u00a0cm, 500\u00a0cm Peso: 510 g\\\/m\u00b2 Clasificaci\u00f3n ante el fuego: M1 Composici\u00f3n: Soporte 100\u00a0% de PES + revestimiento de PVC\",\"breadcrumb\":{\"@id\":\"https:\\\/\\\/www.azur-scenic.com\\\/es\\\/producto\\\/bache-320-bache-500\\\/#breadcrumb\"},\"inLanguage\":\"es\",\"potentialAction\":[{\"@type\":\"ReadAction\",\"target\":[\"https:\\\/\\\/www.azur-scenic.com\\\/es\\\/producto\\\/bache-320-bache-500\\\/\"]}]},{\"@type\":\"ImageObject\",\"inLanguage\":\"es\",\"@id\":\"https:\\\/\\\/www.azur-scenic.com\\\/es\\\/producto\\\/bache-320-bache-500\\\/#primaryimage\",\"url\":\"https:\\\/\\\/www.azur-scenic.com\\\/wp-content\\\/uploads\\\/9b4edfd114ed0e9dc28fbb5f2494ce80.png\",\"contentUrl\":\"https:\\\/\\\/www.azur-scenic.com\\\/wp-content\\\/uploads\\\/9b4edfd114ed0e9dc28fbb5f2494ce80.png\",\"width\":430,\"height\":430,\"caption\":\"BACHE 320 - 500\"},{\"@type\":\"BreadcrumbList\",\"@id\":\"https:\\\/\\\/www.azur-scenic.com\\\/es\\\/producto\\\/bache-320-bache-500\\\/#breadcrumb\",\"itemListElement\":[{\"@type\":\"ListItem\",\"position\":1,\"name\":\"Accueil\",\"item\":\"https:\\\/\\\/www.azur-scenic.com\\\/es\\\/\"},{\"@type\":\"ListItem\",\"position\":2,\"name\":\"Productos\",\"item\":\"https:\\\/\\\/www.azur-scenic.com\\\/es\\\/?page_id=21440\"},{\"@type\":\"ListItem\",\"position\":3,\"name\":\"Bache 320 &#8211; Bache 500\"}]},{\"@type\":\"WebSite\",\"@id\":\"https:\\\/\\\/www.azur-scenic.com\\\/es\\\/#website\",\"url\":\"https:\\\/\\\/www.azur-scenic.com\\\/es\\\/\",\"name\":\"Azur Scenic\",\"description\":\"Sp\u00e9cialiste de l\u2019\u00e9quipement sc\u00e9nique et de la d\u00e9coration int\u00e9rieure et \u00e9v\u00e9nementielle !\",\"publisher\":{\"@id\":\"https:\\\/\\\/www.azur-scenic.com\\\/es\\\/#organization\"},\"potentialAction\":[{\"@type\":\"SearchAction\",\"target\":{\"@type\":\"EntryPoint\",\"urlTemplate\":\"https:\\\/\\\/www.azur-scenic.com\\\/es\\\/?s={search_term_string}\"},\"query-input\":{\"@type\":\"PropertyValueSpecification\",\"valueRequired\":true,\"valueName\":\"search_term_string\"}}],\"inLanguage\":\"es\"},{\"@type\":\"Organization\",\"@id\":\"https:\\\/\\\/www.azur-scenic.com\\\/es\\\/#organization\",\"name\":\"AZUR SCENIC\",\"url\":\"https:\\\/\\\/www.azur-scenic.com\\\/es\\\/\",\"logo\":{\"@type\":\"ImageObject\",\"inLanguage\":\"es\",\"@id\":\"https:\\\/\\\/www.azur-scenic.com\\\/es\\\/#\\\/schema\\\/logo\\\/image\\\/\",\"url\":\"https:\\\/\\\/www.azur-scenic.com\\\/wp-content\\\/uploads\\\/2022\\\/09\\\/LOGO-AZUR-SCENIC-Fusion-web-236x64-1.jpg\",\"contentUrl\":\"https:\\\/\\\/www.azur-scenic.com\\\/wp-content\\\/uploads\\\/2022\\\/09\\\/LOGO-AZUR-SCENIC-Fusion-web-236x64-1.jpg\",\"width\":236,\"height\":64,\"caption\":\"AZUR SCENIC\"},\"image\":{\"@id\":\"https:\\\/\\\/www.azur-scenic.com\\\/es\\\/#\\\/schema\\\/logo\\\/image\\\/\"},\"sameAs\":[\"https:\\\/\\\/www.youtube.com\\\/channel\\\/UCPWM2mGPVUt4nYhNlm71WOA\",\"https:\\\/\\\/www.linkedin.com\\\/company\\\/33237605\\\/admin\\\/feed\\\/posts\\\/\"]}]}<\/script>\n<!-- \/ Yoast SEO plugin. -->","yoast_head_json":{"title":"Bache 320 - Bache 500 - Azur Scenic","description":"Una lona blanca armada con clasificaci\u00f3n ante el fuego M1 y disponible en versi\u00f3n imprimible de gran anchura (320 y 500\u00a0cm) para la realizaci\u00f3n de tus proyectos m\u00e1s gigantescos con la menor cantidad de ensamblajes. Gracias a la tecnolog\u00eda de soldadura HF con la que contamos en nuestros talleres, te ofrecemos darle forma a tu producto para que puedas llevar a cabo todos tus proyectos (ensamblaje impermeable s\u00faper resistente y muchas posibilidades de acabado). Esta lona s\u00f3lida y def\u00e1cil mantenimiento se puede utilizar tanto en interiores como en exteriores. Tambi\u00e9n cuenta con propiedades deaislamiento ac\u00fastico. Imprimible, esta lona puede utilizarse para muchos fines, como la fabricaci\u00f3n de carpas y entoldados, el revestimiento de cajas, escenarios o stands, kakemonos...  Ancho: 320\u00a0cm, 500\u00a0cm Peso: 510 g\/m\u00b2  Clasificaci\u00f3n ante el fuego: M1 Composici\u00f3n: Soporte 100\u00a0% de PES + revestimiento de PVC","robots":{"index":"index","follow":"follow","max-snippet":"max-snippet:-1","max-image-preview":"max-image-preview:large","max-video-preview":"max-video-preview:-1"},"canonical":"https:\/\/www.azur-scenic.com\/es\/producto\/bache-320-bache-500\/","og_locale":"es_ES","og_type":"article","og_title":"Bache 320 - Bache 500 - Azur Scenic","og_description":"Una lona blanca armada con clasificaci\u00f3n ante el fuego M1 y disponible en versi\u00f3n imprimible de gran anchura (320 y 500\u00a0cm) para la realizaci\u00f3n de tus proyectos m\u00e1s gigantescos con la menor cantidad de ensamblajes. Gracias a la tecnolog\u00eda de soldadura HF con la que contamos en nuestros talleres, te ofrecemos darle forma a tu producto para que puedas llevar a cabo todos tus proyectos (ensamblaje impermeable s\u00faper resistente y muchas posibilidades de acabado). Esta lona s\u00f3lida y def\u00e1cil mantenimiento se puede utilizar tanto en interiores como en exteriores. Tambi\u00e9n cuenta con propiedades deaislamiento ac\u00fastico. Imprimible, esta lona puede utilizarse para muchos fines, como la fabricaci\u00f3n de carpas y entoldados, el revestimiento de cajas, escenarios o stands, kakemonos...  Ancho: 320\u00a0cm, 500\u00a0cm Peso: 510 g\/m\u00b2  Clasificaci\u00f3n ante el fuego: M1 Composici\u00f3n: Soporte 100\u00a0% de PES + revestimiento de PVC","og_url":"https:\/\/www.azur-scenic.com\/es\/producto\/bache-320-bache-500\/","og_site_name":"Azur Scenic","article_modified_time":"2023-08-02T13:17:57+00:00","og_image":[{"width":430,"height":430,"url":"https:\/\/www.azur-scenic.com\/wp-content\/uploads\/9b4edfd114ed0e9dc28fbb5f2494ce80.png","type":"image\/png"}],"twitter_card":"summary_large_image","schema":{"@context":"https:\/\/schema.org","@graph":[{"@type":"WebPage","@id":"https:\/\/www.azur-scenic.com\/es\/producto\/bache-320-bache-500\/","url":"https:\/\/www.azur-scenic.com\/es\/producto\/bache-320-bache-500\/","name":"Bache 320 - Bache 500 - Azur Scenic","isPartOf":{"@id":"https:\/\/www.azur-scenic.com\/es\/#website"},"primaryImageOfPage":{"@id":"https:\/\/www.azur-scenic.com\/es\/producto\/bache-320-bache-500\/#primaryimage"},"image":{"@id":"https:\/\/www.azur-scenic.com\/es\/producto\/bache-320-bache-500\/#primaryimage"},"thumbnailUrl":"https:\/\/www.azur-scenic.com\/wp-content\/uploads\/9b4edfd114ed0e9dc28fbb5f2494ce80.png","datePublished":"2022-10-04T07:26:59+00:00","dateModified":"2023-08-02T13:17:57+00:00","description":"Una lona blanca armada con clasificaci\u00f3n ante el fuego M1 y disponible en versi\u00f3n imprimible de gran anchura (320 y 500\u00a0cm) para la realizaci\u00f3n de tus proyectos m\u00e1s gigantescos con la menor cantidad de ensamblajes. Gracias a la tecnolog\u00eda de soldadura HF con la que contamos en nuestros talleres, te ofrecemos darle forma a tu producto para que puedas llevar a cabo todos tus proyectos (ensamblaje impermeable s\u00faper resistente y muchas posibilidades de acabado). Esta lona s\u00f3lida y def\u00e1cil mantenimiento se puede utilizar tanto en interiores como en exteriores. Tambi\u00e9n cuenta con propiedades deaislamiento ac\u00fastico. Imprimible, esta lona puede utilizarse para muchos fines, como la fabricaci\u00f3n de carpas y entoldados, el revestimiento de cajas, escenarios o stands, kakemonos... Ancho: 320\u00a0cm, 500\u00a0cm Peso: 510 g\/m\u00b2 Clasificaci\u00f3n ante el fuego: M1 Composici\u00f3n: Soporte 100\u00a0% de PES + revestimiento de PVC","breadcrumb":{"@id":"https:\/\/www.azur-scenic.com\/es\/producto\/bache-320-bache-500\/#breadcrumb"},"inLanguage":"es","potentialAction":[{"@type":"ReadAction","target":["https:\/\/www.azur-scenic.com\/es\/producto\/bache-320-bache-500\/"]}]},{"@type":"ImageObject","inLanguage":"es","@id":"https:\/\/www.azur-scenic.com\/es\/producto\/bache-320-bache-500\/#primaryimage","url":"https:\/\/www.azur-scenic.com\/wp-content\/uploads\/9b4edfd114ed0e9dc28fbb5f2494ce80.png","contentUrl":"https:\/\/www.azur-scenic.com\/wp-content\/uploads\/9b4edfd114ed0e9dc28fbb5f2494ce80.png","width":430,"height":430,"caption":"BACHE 320 - 500"},{"@type":"BreadcrumbList","@id":"https:\/\/www.azur-scenic.com\/es\/producto\/bache-320-bache-500\/#breadcrumb","itemListElement":[{"@type":"ListItem","position":1,"name":"Accueil","item":"https:\/\/www.azur-scenic.com\/es\/"},{"@type":"ListItem","position":2,"name":"Productos","item":"https:\/\/www.azur-scenic.com\/es\/?page_id=21440"},{"@type":"ListItem","position":3,"name":"Bache 320 &#8211; Bache 500"}]},{"@type":"WebSite","@id":"https:\/\/www.azur-scenic.com\/es\/#website","url":"https:\/\/www.azur-scenic.com\/es\/","name":"Azur Scenic","description":"Sp\u00e9cialiste de l\u2019\u00e9quipement sc\u00e9nique et de la d\u00e9coration int\u00e9rieure et \u00e9v\u00e9nementielle !","publisher":{"@id":"https:\/\/www.azur-scenic.com\/es\/#organization"},"potentialAction":[{"@type":"SearchAction","target":{"@type":"EntryPoint","urlTemplate":"https:\/\/www.azur-scenic.com\/es\/?s={search_term_string}"},"query-input":{"@type":"PropertyValueSpecification","valueRequired":true,"valueName":"search_term_string"}}],"inLanguage":"es"},{"@type":"Organization","@id":"https:\/\/www.azur-scenic.com\/es\/#organization","name":"AZUR SCENIC","url":"https:\/\/www.azur-scenic.com\/es\/","logo":{"@type":"ImageObject","inLanguage":"es","@id":"https:\/\/www.azur-scenic.com\/es\/#\/schema\/logo\/image\/","url":"https:\/\/www.azur-scenic.com\/wp-content\/uploads\/2022\/09\/LOGO-AZUR-SCENIC-Fusion-web-236x64-1.jpg","contentUrl":"https:\/\/www.azur-scenic.com\/wp-content\/uploads\/2022\/09\/LOGO-AZUR-SCENIC-Fusion-web-236x64-1.jpg","width":236,"height":64,"caption":"AZUR SCENIC"},"image":{"@id":"https:\/\/www.azur-scenic.com\/es\/#\/schema\/logo\/image\/"},"sameAs":["https:\/\/www.youtube.com\/channel\/UCPWM2mGPVUt4nYhNlm71WOA","https:\/\/www.linkedin.com\/company\/33237605\/admin\/feed\/posts\/"]}]}},"_links":{"self":[{"href":"https:\/\/www.azur-scenic.com\/es\/wp-json\/wp\/v2\/product\/17863","targetHints":{"allow":["GET"]}}],"collection":[{"href":"https:\/\/www.azur-scenic.com\/es\/wp-json\/wp\/v2\/product"}],"about":[{"href":"https:\/\/www.azur-scenic.com\/es\/wp-json\/wp\/v2\/types\/product"}],"wp:featuredmedia":[{"embeddable":true,"href":"https:\/\/www.azur-scenic.com\/es\/wp-json\/wp\/v2\/media\/7385"}],"wp:attachment":[{"href":"https:\/\/www.azur-scenic.com\/es\/wp-json\/wp\/v2\/media?parent=17863"}],"wp:term":[{"taxonomy":"product_brand","embeddable":true,"href":"https:\/\/www.azur-scenic.com\/es\/wp-json\/wp\/v2\/product_brand?post=17863"},{"taxonomy":"product_cat","embeddable":true,"href":"https:\/\/www.azur-scenic.com\/es\/wp-json\/wp\/v2\/product_cat?post=17863"},{"taxonomy":"product_tag","embeddable":true,"href":"https:\/\/www.azur-scenic.com\/es\/wp-json\/wp\/v2\/product_tag?post=17863"}],"curies":[{"name":"wp","href":"https:\/\/api.w.org\/{rel}","templated":true}]}}