{"id":17939,"date":"2022-10-04T07:26:58","date_gmt":"2022-10-04T07:26:58","guid":{"rendered":"https:\/\/www.azur-scenic.com\/produit\/gazon-synthetique\/"},"modified":"2023-08-02T13:14:23","modified_gmt":"2023-08-02T13:14:23","slug":"cesped-artificial","status":"publish","type":"product","link":"https:\/\/www.azur-scenic.com\/es\/producto\/cesped-artificial\/","title":{"rendered":"C\u00e9sped artificial"},"content":{"rendered":"<table>\n<thead>\n<tr>\n<th style=\"width: 157px;\">Datos t\u00e9cnicos<\/th>\n<th style=\"width: 99px;\">Valor<\/th>\n<th style=\"width: 271px;\">Comentarios<\/th>\n<\/tr>\n<\/thead>\n<tbody>\n<tr>\n<td style=\"vertical-align: top; width: 157px;\">Ancho<\/td>\n<td style=\"vertical-align: top; width: 99px;\">200\u00a0cm<\/td>\n<td style=\"vertical-align: top; width: 271px;\"><em>Posibilidad de fabricar en 400\u00a0cm de ancho por encargo,\u00a0considerar un plazo de producci\u00f3n y un m\u00ednimo de 100 m\u00b2 por color (tener en cuenta los costes de transporte adicionales para las piezas de 4 m)<\/em><\/td>\n<\/tr>\n<tr>\n<td style=\"vertical-align: top; width: 157px;\">Peso<\/td>\n<td style=\"vertical-align: top; width: 99px;\">880 g\/m\u00b2<\/td>\n<td style=\"vertical-align: top; width: 271px;\">\u00a0<\/td>\n<\/tr>\n<tr>\n<td style=\"vertical-align: top; width: 157px;\">Grosor<\/td>\n<td style=\"vertical-align: top; width: 99px;\">7\u00a0mm<\/td>\n<td style=\"vertical-align: top; width: 271px;\">\u00a0<\/td>\n<\/tr>\n<tr>\n<td style=\"vertical-align: top; width: 157px;\">Clasificaci\u00f3n ante el fuego<\/td>\n<td style=\"vertical-align: top; width: 99px;\"><img decoding=\"async\" style=\"height: 20px; width: 20px;\" src=\"https:\/\/www.azur-scenic.com\/wp-content\/uploads\/icon-flag-europe.png\" \/> Bfl -S1<\/td>\n<td style=\"vertical-align: top; width: 271px;\">Norma: EN 13501-1<\/td>\n<\/tr>\n<tr>\n<td style=\"vertical-align: top; width: 157px;\">Composici\u00f3n<\/td>\n<td style=\"vertical-align: top; width: 376px;\" colspan=\"2\" rowspan=\"1\">Pelo: 100 % polipropileno<br \/>\nCapa inferior: L\u00e1tex sint\u00e9tico<\/td>\n<\/tr>\n<tr>\n<td style=\"vertical-align: top; width: 157px;\">Solidez a la luz<\/td>\n<td style=\"vertical-align: top; width: 99px;\">\u2265 6<\/td>\n<td style=\"vertical-align: top; width: 271px;\">Norma: UNI EN ISO 105B02<\/td>\n<\/tr>\n<tr>\n<td style=\"vertical-align: top; width: 157px;\">Longitud del rollo<\/td>\n<td style=\"vertical-align: top; width: 99px;\">25 ml<br \/>\n(50 m\u00b2)<\/td>\n<td style=\"vertical-align: top; width: 271px;\">Posibilidad de venta al corte en el color b\u00e1sico verde hoja<\/td>\n<\/tr>\n<\/tbody>\n<\/table>\n","protected":false},"excerpt":{"rendered":"<p>Aporta en un instante un <strong><span style=\"color: #f88523;\">toque natural<\/span><\/strong> a todos tus espacios y eventos, gracias a este <span style=\"color: #f88523;\"><strong>c\u00e9sped sint\u00e9tico<\/strong><\/span> con un acabado realista y cuidado, con clasificaci\u00f3n <span style=\"color: #f88523;\"><strong>ante el fuego<\/strong><\/span> Bfl-S1.<br \/>\nRevestimiento de suelo destinado principalmente a la <span style=\"color: #f88523;\"><strong>decoraci\u00f3n<\/strong><\/span> y a los <span style=\"color: #f88523;\"><strong>eventos<\/strong><\/span> (se recomienda un solo uso), que se adaptar\u00e1 a todo tipo de configuraciones (salones, exposiciones, desfiles, decoraci\u00f3n de escaparates y tiendas, espect\u00e1culos, decorados de escenarios, etc.)<br \/>\nUso posible tanto en <span style=\"color: #f88523;\"><strong>interiores<\/strong><\/span> como en <span style=\"color: #f88523;\"><strong>exteriores<\/strong><\/span><\/p>\n<table class=\"table\">\n<tbody>\n<tr>\n<td><strong>Ancho<\/strong>: 200\u00a0cm<\/td>\n<td><strong>Peso<\/strong>: 880 g\/m\u00b2<\/td>\n<\/tr>\n<tr>\n<td><strong>Clasificaci\u00f3n ante el fuego<\/strong>: <img decoding=\"async\" style=\"height: 20px; width: 20px;\" src=\"https:\/\/www.azur-scenic.com\/wp-content\/uploads\/icon-flag-europe.png\" \/> Bfl -S1<\/td>\n<td><strong>Composici\u00f3n<\/strong>:<br \/>\nPelo: 100 % polipropileno<br \/>\nCapa inferior: L\u00e1tex sint\u00e9tico<\/td>\n<\/tr>\n<\/tbody>\n<\/table>\n","protected":false},"featured_media":7436,"template":"","meta":{"_acf_changed":false},"product_brand":[],"product_cat":[1097,1405,944],"product_tag":[],"class_list":{"0":"post-17939","1":"product","2":"type-product","3":"status-publish","4":"has-post-thumbnail","6":"product_cat-revestimientos-para-suelos-y-alfombras-de-baile","7":"product_cat-moquetas-y-alfombras-para-exposiciones","8":"product_cat-todos-los-productos","9":"pa_couleurs-002-es","10":"pa_couleurs-003-es","11":"pa_couleurs-230-es","12":"pa_couleurs-625-es","13":"pa_couleurs-755-es","14":"pa_groupes-de-couleurs-blanco","15":"pa_groupes-de-couleurs-azules","16":"pa_groupes-de-couleurs-negro","17":"pa_groupes-de-couleurs-rojos","18":"pa_groupes-de-couleurs-verdes","19":"pa_textiles-apto-para-uso-en-exteriores","20":"pa_textiles-ignifugo","22":"first","23":"instock","24":"shipping-taxable","25":"purchasable","26":"product-type-variable"},"acf":[],"yoast_head":"<!-- This site is optimized with the Yoast SEO plugin v27.3 - https:\/\/yoast.com\/product\/yoast-seo-wordpress\/ -->\n<title>C\u00e9sped artificial - Azur Scenic<\/title>\n<meta name=\"description\" content=\"Aporta en un instante un toque natural a todos tus espacios y eventos, gracias a este c\u00e9sped sint\u00e9tico con un acabado realista y cuidado, con clasificaci\u00f3n ante el fuego Bfl-S1. Revestimiento de suelo destinado principalmente a la decoraci\u00f3n y a los eventos (se recomienda un solo uso), que se adaptar\u00e1 a todo tipo de configuraciones (salones, exposiciones, desfiles, decoraci\u00f3n de escaparates y tiendas, espect\u00e1culos, decorados de escenarios, etc.) Uso posible tanto en interiores como en exteriores  Ancho: 200\u00a0cm Peso: 880 g\/m\u00b2  Clasificaci\u00f3n ante el fuego: Bfl -S1 Composici\u00f3n: Pelo: 100 % polipropileno Capa inferior: L\u00e1tex sint\u00e9tico\" \/>\n<meta name=\"robots\" content=\"index, follow, max-snippet:-1, max-image-preview:large, max-video-preview:-1\" \/>\n<link rel=\"canonical\" href=\"https:\/\/www.azur-scenic.com\/es\/producto\/cesped-artificial\/\" \/>\n<meta property=\"og:locale\" content=\"es_ES\" \/>\n<meta property=\"og:type\" content=\"article\" \/>\n<meta property=\"og:title\" content=\"C\u00e9sped artificial - Azur Scenic\" \/>\n<meta property=\"og:description\" content=\"Aporta en un instante un toque natural a todos tus espacios y eventos, gracias a este c\u00e9sped sint\u00e9tico con un acabado realista y cuidado, con clasificaci\u00f3n ante el fuego Bfl-S1. Revestimiento de suelo destinado principalmente a la decoraci\u00f3n y a los eventos (se recomienda un solo uso), que se adaptar\u00e1 a todo tipo de configuraciones (salones, exposiciones, desfiles, decoraci\u00f3n de escaparates y tiendas, espect\u00e1culos, decorados de escenarios, etc.) Uso posible tanto en interiores como en exteriores  Ancho: 200\u00a0cm Peso: 880 g\/m\u00b2  Clasificaci\u00f3n ante el fuego: Bfl -S1 Composici\u00f3n: Pelo: 100 % polipropileno Capa inferior: L\u00e1tex sint\u00e9tico\" \/>\n<meta property=\"og:url\" content=\"https:\/\/www.azur-scenic.com\/es\/producto\/cesped-artificial\/\" \/>\n<meta property=\"og:site_name\" content=\"Azur Scenic\" \/>\n<meta property=\"article:modified_time\" content=\"2023-08-02T13:14:23+00:00\" \/>\n<meta property=\"og:image\" content=\"https:\/\/www.azur-scenic.com\/wp-content\/uploads\/39ac873ec7f584f83b7ca094d5227049.png\" \/>\n\t<meta property=\"og:image:width\" content=\"430\" \/>\n\t<meta property=\"og:image:height\" content=\"430\" \/>\n\t<meta property=\"og:image:type\" content=\"image\/png\" \/>\n<meta name=\"twitter:card\" content=\"summary_large_image\" \/>\n<script type=\"application\/ld+json\" class=\"yoast-schema-graph\">{\"@context\":\"https:\\\/\\\/schema.org\",\"@graph\":[{\"@type\":\"WebPage\",\"@id\":\"https:\\\/\\\/www.azur-scenic.com\\\/es\\\/producto\\\/cesped-artificial\\\/\",\"url\":\"https:\\\/\\\/www.azur-scenic.com\\\/es\\\/producto\\\/cesped-artificial\\\/\",\"name\":\"C\u00e9sped artificial - Azur Scenic\",\"isPartOf\":{\"@id\":\"https:\\\/\\\/www.azur-scenic.com\\\/es\\\/#website\"},\"primaryImageOfPage\":{\"@id\":\"https:\\\/\\\/www.azur-scenic.com\\\/es\\\/producto\\\/cesped-artificial\\\/#primaryimage\"},\"image\":{\"@id\":\"https:\\\/\\\/www.azur-scenic.com\\\/es\\\/producto\\\/cesped-artificial\\\/#primaryimage\"},\"thumbnailUrl\":\"https:\\\/\\\/www.azur-scenic.com\\\/wp-content\\\/uploads\\\/39ac873ec7f584f83b7ca094d5227049.png\",\"datePublished\":\"2022-10-04T07:26:58+00:00\",\"dateModified\":\"2023-08-02T13:14:23+00:00\",\"description\":\"Aporta en un instante un toque natural a todos tus espacios y eventos, gracias a este c\u00e9sped sint\u00e9tico con un acabado realista y cuidado, con clasificaci\u00f3n ante el fuego Bfl-S1. Revestimiento de suelo destinado principalmente a la decoraci\u00f3n y a los eventos (se recomienda un solo uso), que se adaptar\u00e1 a todo tipo de configuraciones (salones, exposiciones, desfiles, decoraci\u00f3n de escaparates y tiendas, espect\u00e1culos, decorados de escenarios, etc.) Uso posible tanto en interiores como en exteriores Ancho: 200\u00a0cm Peso: 880 g\\\/m\u00b2 Clasificaci\u00f3n ante el fuego: Bfl -S1 Composici\u00f3n: Pelo: 100 % polipropileno Capa inferior: L\u00e1tex sint\u00e9tico\",\"breadcrumb\":{\"@id\":\"https:\\\/\\\/www.azur-scenic.com\\\/es\\\/producto\\\/cesped-artificial\\\/#breadcrumb\"},\"inLanguage\":\"es\",\"potentialAction\":[{\"@type\":\"ReadAction\",\"target\":[\"https:\\\/\\\/www.azur-scenic.com\\\/es\\\/producto\\\/cesped-artificial\\\/\"]}]},{\"@type\":\"ImageObject\",\"inLanguage\":\"es\",\"@id\":\"https:\\\/\\\/www.azur-scenic.com\\\/es\\\/producto\\\/cesped-artificial\\\/#primaryimage\",\"url\":\"https:\\\/\\\/www.azur-scenic.com\\\/wp-content\\\/uploads\\\/39ac873ec7f584f83b7ca094d5227049.png\",\"contentUrl\":\"https:\\\/\\\/www.azur-scenic.com\\\/wp-content\\\/uploads\\\/39ac873ec7f584f83b7ca094d5227049.png\",\"width\":430,\"height\":430},{\"@type\":\"BreadcrumbList\",\"@id\":\"https:\\\/\\\/www.azur-scenic.com\\\/es\\\/producto\\\/cesped-artificial\\\/#breadcrumb\",\"itemListElement\":[{\"@type\":\"ListItem\",\"position\":1,\"name\":\"Accueil\",\"item\":\"https:\\\/\\\/www.azur-scenic.com\\\/es\\\/\"},{\"@type\":\"ListItem\",\"position\":2,\"name\":\"Productos\",\"item\":\"https:\\\/\\\/www.azur-scenic.com\\\/es\\\/?page_id=21440\"},{\"@type\":\"ListItem\",\"position\":3,\"name\":\"C\u00e9sped artificial\"}]},{\"@type\":\"WebSite\",\"@id\":\"https:\\\/\\\/www.azur-scenic.com\\\/es\\\/#website\",\"url\":\"https:\\\/\\\/www.azur-scenic.com\\\/es\\\/\",\"name\":\"Azur Scenic\",\"description\":\"Sp\u00e9cialiste de l\u2019\u00e9quipement sc\u00e9nique et de la d\u00e9coration int\u00e9rieure et \u00e9v\u00e9nementielle !\",\"publisher\":{\"@id\":\"https:\\\/\\\/www.azur-scenic.com\\\/es\\\/#organization\"},\"potentialAction\":[{\"@type\":\"SearchAction\",\"target\":{\"@type\":\"EntryPoint\",\"urlTemplate\":\"https:\\\/\\\/www.azur-scenic.com\\\/es\\\/?s={search_term_string}\"},\"query-input\":{\"@type\":\"PropertyValueSpecification\",\"valueRequired\":true,\"valueName\":\"search_term_string\"}}],\"inLanguage\":\"es\"},{\"@type\":\"Organization\",\"@id\":\"https:\\\/\\\/www.azur-scenic.com\\\/es\\\/#organization\",\"name\":\"AZUR SCENIC\",\"url\":\"https:\\\/\\\/www.azur-scenic.com\\\/es\\\/\",\"logo\":{\"@type\":\"ImageObject\",\"inLanguage\":\"es\",\"@id\":\"https:\\\/\\\/www.azur-scenic.com\\\/es\\\/#\\\/schema\\\/logo\\\/image\\\/\",\"url\":\"https:\\\/\\\/www.azur-scenic.com\\\/wp-content\\\/uploads\\\/2022\\\/09\\\/LOGO-AZUR-SCENIC-Fusion-web-236x64-1.jpg\",\"contentUrl\":\"https:\\\/\\\/www.azur-scenic.com\\\/wp-content\\\/uploads\\\/2022\\\/09\\\/LOGO-AZUR-SCENIC-Fusion-web-236x64-1.jpg\",\"width\":236,\"height\":64,\"caption\":\"AZUR SCENIC\"},\"image\":{\"@id\":\"https:\\\/\\\/www.azur-scenic.com\\\/es\\\/#\\\/schema\\\/logo\\\/image\\\/\"},\"sameAs\":[\"https:\\\/\\\/www.youtube.com\\\/channel\\\/UCPWM2mGPVUt4nYhNlm71WOA\",\"https:\\\/\\\/www.linkedin.com\\\/company\\\/33237605\\\/admin\\\/feed\\\/posts\\\/\"]}]}<\/script>\n<!-- \/ Yoast SEO plugin. -->","yoast_head_json":{"title":"C\u00e9sped artificial - Azur Scenic","description":"Aporta en un instante un toque natural a todos tus espacios y eventos, gracias a este c\u00e9sped sint\u00e9tico con un acabado realista y cuidado, con clasificaci\u00f3n ante el fuego Bfl-S1. Revestimiento de suelo destinado principalmente a la decoraci\u00f3n y a los eventos (se recomienda un solo uso), que se adaptar\u00e1 a todo tipo de configuraciones (salones, exposiciones, desfiles, decoraci\u00f3n de escaparates y tiendas, espect\u00e1culos, decorados de escenarios, etc.) Uso posible tanto en interiores como en exteriores  Ancho: 200\u00a0cm Peso: 880 g\/m\u00b2  Clasificaci\u00f3n ante el fuego: Bfl -S1 Composici\u00f3n: Pelo: 100 % polipropileno Capa inferior: L\u00e1tex sint\u00e9tico","robots":{"index":"index","follow":"follow","max-snippet":"max-snippet:-1","max-image-preview":"max-image-preview:large","max-video-preview":"max-video-preview:-1"},"canonical":"https:\/\/www.azur-scenic.com\/es\/producto\/cesped-artificial\/","og_locale":"es_ES","og_type":"article","og_title":"C\u00e9sped artificial - Azur Scenic","og_description":"Aporta en un instante un toque natural a todos tus espacios y eventos, gracias a este c\u00e9sped sint\u00e9tico con un acabado realista y cuidado, con clasificaci\u00f3n ante el fuego Bfl-S1. Revestimiento de suelo destinado principalmente a la decoraci\u00f3n y a los eventos (se recomienda un solo uso), que se adaptar\u00e1 a todo tipo de configuraciones (salones, exposiciones, desfiles, decoraci\u00f3n de escaparates y tiendas, espect\u00e1culos, decorados de escenarios, etc.) Uso posible tanto en interiores como en exteriores  Ancho: 200\u00a0cm Peso: 880 g\/m\u00b2  Clasificaci\u00f3n ante el fuego: Bfl -S1 Composici\u00f3n: Pelo: 100 % polipropileno Capa inferior: L\u00e1tex sint\u00e9tico","og_url":"https:\/\/www.azur-scenic.com\/es\/producto\/cesped-artificial\/","og_site_name":"Azur Scenic","article_modified_time":"2023-08-02T13:14:23+00:00","og_image":[{"width":430,"height":430,"url":"https:\/\/www.azur-scenic.com\/wp-content\/uploads\/39ac873ec7f584f83b7ca094d5227049.png","type":"image\/png"}],"twitter_card":"summary_large_image","schema":{"@context":"https:\/\/schema.org","@graph":[{"@type":"WebPage","@id":"https:\/\/www.azur-scenic.com\/es\/producto\/cesped-artificial\/","url":"https:\/\/www.azur-scenic.com\/es\/producto\/cesped-artificial\/","name":"C\u00e9sped artificial - Azur Scenic","isPartOf":{"@id":"https:\/\/www.azur-scenic.com\/es\/#website"},"primaryImageOfPage":{"@id":"https:\/\/www.azur-scenic.com\/es\/producto\/cesped-artificial\/#primaryimage"},"image":{"@id":"https:\/\/www.azur-scenic.com\/es\/producto\/cesped-artificial\/#primaryimage"},"thumbnailUrl":"https:\/\/www.azur-scenic.com\/wp-content\/uploads\/39ac873ec7f584f83b7ca094d5227049.png","datePublished":"2022-10-04T07:26:58+00:00","dateModified":"2023-08-02T13:14:23+00:00","description":"Aporta en un instante un toque natural a todos tus espacios y eventos, gracias a este c\u00e9sped sint\u00e9tico con un acabado realista y cuidado, con clasificaci\u00f3n ante el fuego Bfl-S1. Revestimiento de suelo destinado principalmente a la decoraci\u00f3n y a los eventos (se recomienda un solo uso), que se adaptar\u00e1 a todo tipo de configuraciones (salones, exposiciones, desfiles, decoraci\u00f3n de escaparates y tiendas, espect\u00e1culos, decorados de escenarios, etc.) Uso posible tanto en interiores como en exteriores Ancho: 200\u00a0cm Peso: 880 g\/m\u00b2 Clasificaci\u00f3n ante el fuego: Bfl -S1 Composici\u00f3n: Pelo: 100 % polipropileno Capa inferior: L\u00e1tex sint\u00e9tico","breadcrumb":{"@id":"https:\/\/www.azur-scenic.com\/es\/producto\/cesped-artificial\/#breadcrumb"},"inLanguage":"es","potentialAction":[{"@type":"ReadAction","target":["https:\/\/www.azur-scenic.com\/es\/producto\/cesped-artificial\/"]}]},{"@type":"ImageObject","inLanguage":"es","@id":"https:\/\/www.azur-scenic.com\/es\/producto\/cesped-artificial\/#primaryimage","url":"https:\/\/www.azur-scenic.com\/wp-content\/uploads\/39ac873ec7f584f83b7ca094d5227049.png","contentUrl":"https:\/\/www.azur-scenic.com\/wp-content\/uploads\/39ac873ec7f584f83b7ca094d5227049.png","width":430,"height":430},{"@type":"BreadcrumbList","@id":"https:\/\/www.azur-scenic.com\/es\/producto\/cesped-artificial\/#breadcrumb","itemListElement":[{"@type":"ListItem","position":1,"name":"Accueil","item":"https:\/\/www.azur-scenic.com\/es\/"},{"@type":"ListItem","position":2,"name":"Productos","item":"https:\/\/www.azur-scenic.com\/es\/?page_id=21440"},{"@type":"ListItem","position":3,"name":"C\u00e9sped artificial"}]},{"@type":"WebSite","@id":"https:\/\/www.azur-scenic.com\/es\/#website","url":"https:\/\/www.azur-scenic.com\/es\/","name":"Azur Scenic","description":"Sp\u00e9cialiste de l\u2019\u00e9quipement sc\u00e9nique et de la d\u00e9coration int\u00e9rieure et \u00e9v\u00e9nementielle !","publisher":{"@id":"https:\/\/www.azur-scenic.com\/es\/#organization"},"potentialAction":[{"@type":"SearchAction","target":{"@type":"EntryPoint","urlTemplate":"https:\/\/www.azur-scenic.com\/es\/?s={search_term_string}"},"query-input":{"@type":"PropertyValueSpecification","valueRequired":true,"valueName":"search_term_string"}}],"inLanguage":"es"},{"@type":"Organization","@id":"https:\/\/www.azur-scenic.com\/es\/#organization","name":"AZUR SCENIC","url":"https:\/\/www.azur-scenic.com\/es\/","logo":{"@type":"ImageObject","inLanguage":"es","@id":"https:\/\/www.azur-scenic.com\/es\/#\/schema\/logo\/image\/","url":"https:\/\/www.azur-scenic.com\/wp-content\/uploads\/2022\/09\/LOGO-AZUR-SCENIC-Fusion-web-236x64-1.jpg","contentUrl":"https:\/\/www.azur-scenic.com\/wp-content\/uploads\/2022\/09\/LOGO-AZUR-SCENIC-Fusion-web-236x64-1.jpg","width":236,"height":64,"caption":"AZUR SCENIC"},"image":{"@id":"https:\/\/www.azur-scenic.com\/es\/#\/schema\/logo\/image\/"},"sameAs":["https:\/\/www.youtube.com\/channel\/UCPWM2mGPVUt4nYhNlm71WOA","https:\/\/www.linkedin.com\/company\/33237605\/admin\/feed\/posts\/"]}]}},"_links":{"self":[{"href":"https:\/\/www.azur-scenic.com\/es\/wp-json\/wp\/v2\/product\/17939","targetHints":{"allow":["GET"]}}],"collection":[{"href":"https:\/\/www.azur-scenic.com\/es\/wp-json\/wp\/v2\/product"}],"about":[{"href":"https:\/\/www.azur-scenic.com\/es\/wp-json\/wp\/v2\/types\/product"}],"wp:featuredmedia":[{"embeddable":true,"href":"https:\/\/www.azur-scenic.com\/es\/wp-json\/wp\/v2\/media\/7436"}],"wp:attachment":[{"href":"https:\/\/www.azur-scenic.com\/es\/wp-json\/wp\/v2\/media?parent=17939"}],"wp:term":[{"taxonomy":"product_brand","embeddable":true,"href":"https:\/\/www.azur-scenic.com\/es\/wp-json\/wp\/v2\/product_brand?post=17939"},{"taxonomy":"product_cat","embeddable":true,"href":"https:\/\/www.azur-scenic.com\/es\/wp-json\/wp\/v2\/product_cat?post=17939"},{"taxonomy":"product_tag","embeddable":true,"href":"https:\/\/www.azur-scenic.com\/es\/wp-json\/wp\/v2\/product_tag?post=17939"}],"curies":[{"name":"wp","href":"https:\/\/api.w.org\/{rel}","templated":true}]}}