{"id":17974,"date":"2022-10-04T07:26:58","date_gmt":"2022-10-04T07:26:58","guid":{"rendered":"https:\/\/www.azur-scenic.com\/produit\/cristal-couleur\/"},"modified":"2023-08-02T13:14:27","modified_gmt":"2023-08-02T13:14:27","slug":"cristal-color","status":"publish","type":"product","link":"https:\/\/www.azur-scenic.com\/es\/producto\/cristal-color\/","title":{"rendered":"Cristal color"},"content":{"rendered":"<table>\n<thead>\n<tr>\n<th style=\"width: 170px;\">Datos t\u00e9cnicos<\/th>\n<th>Valor<\/th>\n<th>Comentarios<\/th>\n<\/tr>\n<\/thead>\n<tbody>\n<tr>\n<td style=\"vertical-align: top;\">Ancho<\/td>\n<td style=\"vertical-align: top;\">137\u00a0cm<\/td>\n<td style=\"vertical-align: top;\">\u00a0<\/td>\n<\/tr>\n<tr>\n<td style=\"vertical-align: top;\">Peso<\/td>\n<td style=\"vertical-align: top;\">400 g\/m\u00b2<\/td>\n<td style=\"vertical-align: top;\">Norma: DIN 53479<\/td>\n<\/tr>\n<tr>\n<td style=\"vertical-align: top;\">Grosor<\/td>\n<td style=\"vertical-align: top;\">0,3\u00a0mm<\/td>\n<td style=\"vertical-align: top;\">Norma: ISO 2286-3<\/td>\n<\/tr>\n<tr>\n<td style=\"vertical-align: top;\">Clasificaci\u00f3n ante el fuego<\/td>\n<td style=\"vertical-align: top;\"><img decoding=\"async\" style=\"height: 20px; width: 20px;\" src=\"https:\/\/www.azur-scenic.com\/wp-content\/uploads\/csm_icon-flag-france_3304e5e3f9.png\" \/> M2<\/td>\n<td style=\"vertical-align: top;\">Norma: DIN 53438<\/td>\n<\/tr>\n<tr>\n<td style=\"vertical-align: top;\">Composici\u00f3n<\/td>\n<td style=\"vertical-align: top;\">100 % PVC<\/td>\n<td style=\"vertical-align: top;\">\u00a0<\/td>\n<\/tr>\n<tr>\n<td style=\"vertical-align: top;\">Presentaci\u00f3n<\/td>\n<td style=\"vertical-align: top;\">Pieza de 50 m<br \/>\nAncho completo enrollado<\/td>\n<td style=\"vertical-align: top;\">Se vende solo por pieza<br \/>\n(sin cortar)<\/td>\n<\/tr>\n<tr>\n<td style=\"vertical-align: top;\">Dureza (grado)<\/td>\n<td style=\"vertical-align: top;\">32<\/td>\n<td style=\"vertical-align: top;\">Norma: EN ISO 868<\/td>\n<\/tr>\n<tr>\n<td style=\"vertical-align: top;\">Estabilidad dimensional<\/td>\n<td style=\"vertical-align: top;\">4 %<\/td>\n<td style=\"vertical-align: top;\">Norma: DIN 53377<\/td>\n<\/tr>\n<tr>\n<td style=\"vertical-align: top;\">Resistencia a la tracci\u00f3n<\/td>\n<td style=\"vertical-align: top;\">Urdimbre: 23 MPa<br \/>\nTrama: 20 MPa<\/td>\n<td style=\"vertical-align: top;\">Norma: ISO 527-3\/2\/200<\/td>\n<\/tr>\n<tr>\n<td style=\"vertical-align: top;\">Alargamiento hasta la rotura<\/td>\n<td style=\"vertical-align: top;\">Urdimbre: 220 %<br \/>\nTrama: 240 %<\/td>\n<td style=\"vertical-align: top;\">Norma: ISO 527-3\/2\/20<\/td>\n<\/tr>\n<tr>\n<td style=\"vertical-align: top;\">Resistencia a la temperatura<\/td>\n<td style=\"vertical-align: top;\">-5 \u00b0C<\/td>\n<td style=\"vertical-align: top;\">Norma: DIN EN 1876-2<\/td>\n<\/tr>\n<\/tbody>\n<\/table>\n","protected":false},"excerpt":{"rendered":"<p>Un <span style=\"color: #f88523;\"><strong>film flexible te\u00f1ido<\/strong><\/span> de <strong><span style=\"color: #f88523;\">PVC transparente<\/span><\/strong>, con clasificaci\u00f3n <span style=\"color: #f88523;\"><strong>ante el fuego M2<\/strong><\/span>, disponible en 4 colores vibrantes.<br \/>\nEn nuestros talleres proponemos la confecci\u00f3n de este producto para que puedas realizar tus proyectos m\u00e1s exagerados (diversas posibilidades de montajes y acabados) gracias a la tecnolog\u00eda de <strong><span style=\"color: #f88523;\">soldadura HF<\/span><\/strong>.<br \/>\nEsta lona sumamente <span style=\"color: #f88523;\"><strong>resistente<\/strong><\/span>, <span style=\"color: #f88523;\"><strong>impermeable<\/strong><\/span> y de <span style=\"color: #f88523;\"><strong>f\u00e1cil<\/strong><\/span><span style=\"color: #f88523;\"><strong> mantenimiento,<\/strong><\/span> es apta para usar <span style=\"color: #f88523;\"><strong>en exteriores<\/strong><\/span>.<br \/>\nTambi\u00e9n cuenta con propiedades de<strong><span style=\"color: #f88523;\">aislamiento ac\u00fastico<\/span><\/strong>.<br \/>\nEste film de PVC se presta a m\u00faltiples usos, como la fabricaci\u00f3n de tiendas, carpas, etc.<\/p>\n<table class=\"table\">\n<tbody>\n<tr>\n<td><strong>Ancho<\/strong>: 137\u00a0cm<\/td>\n<td><strong>Peso<\/strong>: 400 g\/m\u00b2<\/td>\n<\/tr>\n<tr>\n<td><strong>Clasificaci\u00f3n ante el fuego<\/strong>: <img decoding=\"async\" style=\"height: 20px; width: 20px;\" src=\"https:\/\/www.azur-scenic.com\/wp-content\/uploads\/csm_icon-flag-france_3304e5e3f9.png\" \/> M2<\/td>\n<td><strong>Composici\u00f3n<\/strong>: 100\u00a0% PVC<\/td>\n<\/tr>\n<\/tbody>\n<\/table>\n","protected":false},"featured_media":16504,"template":"","meta":{"_acf_changed":false},"product_brand":[],"product_cat":[944,1196,1230],"product_tag":[],"class_list":{"0":"post-17974","1":"product","2":"type-product","3":"status-publish","4":"has-post-thumbnail","6":"product_cat-todos-los-productos","7":"product_cat-pantallas-de-proyeccion-y-telas-de-pvc","8":"product_cat-pvc-varios","9":"pa_couleurs-230-es","10":"pa_couleurs-460-es","11":"pa_couleurs-625-es","12":"pa_couleurs-730-es","13":"pa_groupes-de-couleurs-azules","14":"pa_groupes-de-couleurs-amarillos","15":"pa_groupes-de-couleurs-rojos","16":"pa_groupes-de-couleurs-verdes","17":"pa_textiles-apto-para-uso-en-exteriores","18":"pa_textiles-ignifugo","19":"pa_textiles-aislante-acustico","20":"pa_textiles-lavable","21":"pa_textiles-transparentes-y-translucidos","23":"first","24":"instock","25":"shipping-taxable","26":"purchasable","27":"product-type-variable"},"acf":[],"yoast_head":"<!-- This site is optimized with the Yoast SEO plugin v27.3 - https:\/\/yoast.com\/product\/yoast-seo-wordpress\/ -->\n<title>Cristal color - Azur Scenic<\/title>\n<meta name=\"description\" content=\"Un film flexible te\u00f1ido de PVC transparente, con clasificaci\u00f3n ante el fuego M2, disponible en 4 colores vibrantes. En nuestros talleres proponemos la confecci\u00f3n de este producto para que puedas realizar tus proyectos m\u00e1s exagerados (diversas posibilidades de montajes y acabados) gracias a la tecnolog\u00eda de soldadura HF. Esta lona sumamente resistente, impermeable y de f\u00e1cil mantenimiento, es apta para usar en exteriores. Tambi\u00e9n cuenta con propiedades deaislamiento ac\u00fastico. Este film de PVC se presta a m\u00faltiples usos, como la fabricaci\u00f3n de tiendas, carpas, etc.  Ancho: 137\u00a0cm Peso: 400 g\/m\u00b2  Clasificaci\u00f3n ante el fuego: M2 Composici\u00f3n: 100\u00a0% PVC\" \/>\n<meta name=\"robots\" content=\"index, follow, max-snippet:-1, max-image-preview:large, max-video-preview:-1\" \/>\n<link rel=\"canonical\" href=\"https:\/\/www.azur-scenic.com\/es\/producto\/cristal-color\/\" \/>\n<meta property=\"og:locale\" content=\"es_ES\" \/>\n<meta property=\"og:type\" content=\"article\" \/>\n<meta property=\"og:title\" content=\"Cristal color - Azur Scenic\" \/>\n<meta property=\"og:description\" content=\"Un film flexible te\u00f1ido de PVC transparente, con clasificaci\u00f3n ante el fuego M2, disponible en 4 colores vibrantes. En nuestros talleres proponemos la confecci\u00f3n de este producto para que puedas realizar tus proyectos m\u00e1s exagerados (diversas posibilidades de montajes y acabados) gracias a la tecnolog\u00eda de soldadura HF. Esta lona sumamente resistente, impermeable y de f\u00e1cil mantenimiento, es apta para usar en exteriores. Tambi\u00e9n cuenta con propiedades deaislamiento ac\u00fastico. Este film de PVC se presta a m\u00faltiples usos, como la fabricaci\u00f3n de tiendas, carpas, etc.  Ancho: 137\u00a0cm Peso: 400 g\/m\u00b2  Clasificaci\u00f3n ante el fuego: M2 Composici\u00f3n: 100\u00a0% PVC\" \/>\n<meta property=\"og:url\" content=\"https:\/\/www.azur-scenic.com\/es\/producto\/cristal-color\/\" \/>\n<meta property=\"og:site_name\" content=\"Azur Scenic\" \/>\n<meta property=\"article:modified_time\" content=\"2023-08-02T13:14:27+00:00\" \/>\n<meta property=\"og:image\" content=\"https:\/\/www.azur-scenic.com\/wp-content\/uploads\/CRISTAL-GAZON.jpg\" \/>\n\t<meta property=\"og:image:width\" content=\"1924\" \/>\n\t<meta property=\"og:image:height\" content=\"1924\" \/>\n\t<meta property=\"og:image:type\" content=\"image\/jpeg\" \/>\n<meta name=\"twitter:card\" content=\"summary_large_image\" \/>\n<script type=\"application\/ld+json\" class=\"yoast-schema-graph\">{\"@context\":\"https:\\\/\\\/schema.org\",\"@graph\":[{\"@type\":\"WebPage\",\"@id\":\"https:\\\/\\\/www.azur-scenic.com\\\/es\\\/producto\\\/cristal-color\\\/\",\"url\":\"https:\\\/\\\/www.azur-scenic.com\\\/es\\\/producto\\\/cristal-color\\\/\",\"name\":\"Cristal color - Azur Scenic\",\"isPartOf\":{\"@id\":\"https:\\\/\\\/www.azur-scenic.com\\\/es\\\/#website\"},\"primaryImageOfPage\":{\"@id\":\"https:\\\/\\\/www.azur-scenic.com\\\/es\\\/producto\\\/cristal-color\\\/#primaryimage\"},\"image\":{\"@id\":\"https:\\\/\\\/www.azur-scenic.com\\\/es\\\/producto\\\/cristal-color\\\/#primaryimage\"},\"thumbnailUrl\":\"https:\\\/\\\/www.azur-scenic.com\\\/wp-content\\\/uploads\\\/CRISTAL-GAZON.jpg\",\"datePublished\":\"2022-10-04T07:26:58+00:00\",\"dateModified\":\"2023-08-02T13:14:27+00:00\",\"description\":\"Un film flexible te\u00f1ido de PVC transparente, con clasificaci\u00f3n ante el fuego M2, disponible en 4 colores vibrantes. En nuestros talleres proponemos la confecci\u00f3n de este producto para que puedas realizar tus proyectos m\u00e1s exagerados (diversas posibilidades de montajes y acabados) gracias a la tecnolog\u00eda de soldadura HF. Esta lona sumamente resistente, impermeable y de f\u00e1cil mantenimiento, es apta para usar en exteriores. Tambi\u00e9n cuenta con propiedades deaislamiento ac\u00fastico. Este film de PVC se presta a m\u00faltiples usos, como la fabricaci\u00f3n de tiendas, carpas, etc. Ancho: 137\u00a0cm Peso: 400 g\\\/m\u00b2 Clasificaci\u00f3n ante el fuego: M2 Composici\u00f3n: 100\u00a0% PVC\",\"breadcrumb\":{\"@id\":\"https:\\\/\\\/www.azur-scenic.com\\\/es\\\/producto\\\/cristal-color\\\/#breadcrumb\"},\"inLanguage\":\"es\",\"potentialAction\":[{\"@type\":\"ReadAction\",\"target\":[\"https:\\\/\\\/www.azur-scenic.com\\\/es\\\/producto\\\/cristal-color\\\/\"]}]},{\"@type\":\"ImageObject\",\"inLanguage\":\"es\",\"@id\":\"https:\\\/\\\/www.azur-scenic.com\\\/es\\\/producto\\\/cristal-color\\\/#primaryimage\",\"url\":\"https:\\\/\\\/www.azur-scenic.com\\\/wp-content\\\/uploads\\\/CRISTAL-GAZON.jpg\",\"contentUrl\":\"https:\\\/\\\/www.azur-scenic.com\\\/wp-content\\\/uploads\\\/CRISTAL-GAZON.jpg\",\"width\":1924,\"height\":1924,\"caption\":\"CRISTAL GAZON\"},{\"@type\":\"BreadcrumbList\",\"@id\":\"https:\\\/\\\/www.azur-scenic.com\\\/es\\\/producto\\\/cristal-color\\\/#breadcrumb\",\"itemListElement\":[{\"@type\":\"ListItem\",\"position\":1,\"name\":\"Accueil\",\"item\":\"https:\\\/\\\/www.azur-scenic.com\\\/es\\\/\"},{\"@type\":\"ListItem\",\"position\":2,\"name\":\"Productos\",\"item\":\"https:\\\/\\\/www.azur-scenic.com\\\/es\\\/?page_id=21440\"},{\"@type\":\"ListItem\",\"position\":3,\"name\":\"Cristal color\"}]},{\"@type\":\"WebSite\",\"@id\":\"https:\\\/\\\/www.azur-scenic.com\\\/es\\\/#website\",\"url\":\"https:\\\/\\\/www.azur-scenic.com\\\/es\\\/\",\"name\":\"Azur Scenic\",\"description\":\"Sp\u00e9cialiste de l\u2019\u00e9quipement sc\u00e9nique et de la d\u00e9coration int\u00e9rieure et \u00e9v\u00e9nementielle !\",\"publisher\":{\"@id\":\"https:\\\/\\\/www.azur-scenic.com\\\/es\\\/#organization\"},\"potentialAction\":[{\"@type\":\"SearchAction\",\"target\":{\"@type\":\"EntryPoint\",\"urlTemplate\":\"https:\\\/\\\/www.azur-scenic.com\\\/es\\\/?s={search_term_string}\"},\"query-input\":{\"@type\":\"PropertyValueSpecification\",\"valueRequired\":true,\"valueName\":\"search_term_string\"}}],\"inLanguage\":\"es\"},{\"@type\":\"Organization\",\"@id\":\"https:\\\/\\\/www.azur-scenic.com\\\/es\\\/#organization\",\"name\":\"AZUR SCENIC\",\"url\":\"https:\\\/\\\/www.azur-scenic.com\\\/es\\\/\",\"logo\":{\"@type\":\"ImageObject\",\"inLanguage\":\"es\",\"@id\":\"https:\\\/\\\/www.azur-scenic.com\\\/es\\\/#\\\/schema\\\/logo\\\/image\\\/\",\"url\":\"https:\\\/\\\/www.azur-scenic.com\\\/wp-content\\\/uploads\\\/2022\\\/09\\\/LOGO-AZUR-SCENIC-Fusion-web-236x64-1.jpg\",\"contentUrl\":\"https:\\\/\\\/www.azur-scenic.com\\\/wp-content\\\/uploads\\\/2022\\\/09\\\/LOGO-AZUR-SCENIC-Fusion-web-236x64-1.jpg\",\"width\":236,\"height\":64,\"caption\":\"AZUR SCENIC\"},\"image\":{\"@id\":\"https:\\\/\\\/www.azur-scenic.com\\\/es\\\/#\\\/schema\\\/logo\\\/image\\\/\"},\"sameAs\":[\"https:\\\/\\\/www.youtube.com\\\/channel\\\/UCPWM2mGPVUt4nYhNlm71WOA\",\"https:\\\/\\\/www.linkedin.com\\\/company\\\/33237605\\\/admin\\\/feed\\\/posts\\\/\"]}]}<\/script>\n<!-- \/ Yoast SEO plugin. -->","yoast_head_json":{"title":"Cristal color - Azur Scenic","description":"Un film flexible te\u00f1ido de PVC transparente, con clasificaci\u00f3n ante el fuego M2, disponible en 4 colores vibrantes. En nuestros talleres proponemos la confecci\u00f3n de este producto para que puedas realizar tus proyectos m\u00e1s exagerados (diversas posibilidades de montajes y acabados) gracias a la tecnolog\u00eda de soldadura HF. Esta lona sumamente resistente, impermeable y de f\u00e1cil mantenimiento, es apta para usar en exteriores. Tambi\u00e9n cuenta con propiedades deaislamiento ac\u00fastico. Este film de PVC se presta a m\u00faltiples usos, como la fabricaci\u00f3n de tiendas, carpas, etc.  Ancho: 137\u00a0cm Peso: 400 g\/m\u00b2  Clasificaci\u00f3n ante el fuego: M2 Composici\u00f3n: 100\u00a0% PVC","robots":{"index":"index","follow":"follow","max-snippet":"max-snippet:-1","max-image-preview":"max-image-preview:large","max-video-preview":"max-video-preview:-1"},"canonical":"https:\/\/www.azur-scenic.com\/es\/producto\/cristal-color\/","og_locale":"es_ES","og_type":"article","og_title":"Cristal color - Azur Scenic","og_description":"Un film flexible te\u00f1ido de PVC transparente, con clasificaci\u00f3n ante el fuego M2, disponible en 4 colores vibrantes. En nuestros talleres proponemos la confecci\u00f3n de este producto para que puedas realizar tus proyectos m\u00e1s exagerados (diversas posibilidades de montajes y acabados) gracias a la tecnolog\u00eda de soldadura HF. Esta lona sumamente resistente, impermeable y de f\u00e1cil mantenimiento, es apta para usar en exteriores. Tambi\u00e9n cuenta con propiedades deaislamiento ac\u00fastico. Este film de PVC se presta a m\u00faltiples usos, como la fabricaci\u00f3n de tiendas, carpas, etc.  Ancho: 137\u00a0cm Peso: 400 g\/m\u00b2  Clasificaci\u00f3n ante el fuego: M2 Composici\u00f3n: 100\u00a0% PVC","og_url":"https:\/\/www.azur-scenic.com\/es\/producto\/cristal-color\/","og_site_name":"Azur Scenic","article_modified_time":"2023-08-02T13:14:27+00:00","og_image":[{"width":1924,"height":1924,"url":"https:\/\/www.azur-scenic.com\/wp-content\/uploads\/CRISTAL-GAZON.jpg","type":"image\/jpeg"}],"twitter_card":"summary_large_image","schema":{"@context":"https:\/\/schema.org","@graph":[{"@type":"WebPage","@id":"https:\/\/www.azur-scenic.com\/es\/producto\/cristal-color\/","url":"https:\/\/www.azur-scenic.com\/es\/producto\/cristal-color\/","name":"Cristal color - Azur Scenic","isPartOf":{"@id":"https:\/\/www.azur-scenic.com\/es\/#website"},"primaryImageOfPage":{"@id":"https:\/\/www.azur-scenic.com\/es\/producto\/cristal-color\/#primaryimage"},"image":{"@id":"https:\/\/www.azur-scenic.com\/es\/producto\/cristal-color\/#primaryimage"},"thumbnailUrl":"https:\/\/www.azur-scenic.com\/wp-content\/uploads\/CRISTAL-GAZON.jpg","datePublished":"2022-10-04T07:26:58+00:00","dateModified":"2023-08-02T13:14:27+00:00","description":"Un film flexible te\u00f1ido de PVC transparente, con clasificaci\u00f3n ante el fuego M2, disponible en 4 colores vibrantes. En nuestros talleres proponemos la confecci\u00f3n de este producto para que puedas realizar tus proyectos m\u00e1s exagerados (diversas posibilidades de montajes y acabados) gracias a la tecnolog\u00eda de soldadura HF. Esta lona sumamente resistente, impermeable y de f\u00e1cil mantenimiento, es apta para usar en exteriores. Tambi\u00e9n cuenta con propiedades deaislamiento ac\u00fastico. Este film de PVC se presta a m\u00faltiples usos, como la fabricaci\u00f3n de tiendas, carpas, etc. Ancho: 137\u00a0cm Peso: 400 g\/m\u00b2 Clasificaci\u00f3n ante el fuego: M2 Composici\u00f3n: 100\u00a0% PVC","breadcrumb":{"@id":"https:\/\/www.azur-scenic.com\/es\/producto\/cristal-color\/#breadcrumb"},"inLanguage":"es","potentialAction":[{"@type":"ReadAction","target":["https:\/\/www.azur-scenic.com\/es\/producto\/cristal-color\/"]}]},{"@type":"ImageObject","inLanguage":"es","@id":"https:\/\/www.azur-scenic.com\/es\/producto\/cristal-color\/#primaryimage","url":"https:\/\/www.azur-scenic.com\/wp-content\/uploads\/CRISTAL-GAZON.jpg","contentUrl":"https:\/\/www.azur-scenic.com\/wp-content\/uploads\/CRISTAL-GAZON.jpg","width":1924,"height":1924,"caption":"CRISTAL GAZON"},{"@type":"BreadcrumbList","@id":"https:\/\/www.azur-scenic.com\/es\/producto\/cristal-color\/#breadcrumb","itemListElement":[{"@type":"ListItem","position":1,"name":"Accueil","item":"https:\/\/www.azur-scenic.com\/es\/"},{"@type":"ListItem","position":2,"name":"Productos","item":"https:\/\/www.azur-scenic.com\/es\/?page_id=21440"},{"@type":"ListItem","position":3,"name":"Cristal color"}]},{"@type":"WebSite","@id":"https:\/\/www.azur-scenic.com\/es\/#website","url":"https:\/\/www.azur-scenic.com\/es\/","name":"Azur Scenic","description":"Sp\u00e9cialiste de l\u2019\u00e9quipement sc\u00e9nique et de la d\u00e9coration int\u00e9rieure et \u00e9v\u00e9nementielle !","publisher":{"@id":"https:\/\/www.azur-scenic.com\/es\/#organization"},"potentialAction":[{"@type":"SearchAction","target":{"@type":"EntryPoint","urlTemplate":"https:\/\/www.azur-scenic.com\/es\/?s={search_term_string}"},"query-input":{"@type":"PropertyValueSpecification","valueRequired":true,"valueName":"search_term_string"}}],"inLanguage":"es"},{"@type":"Organization","@id":"https:\/\/www.azur-scenic.com\/es\/#organization","name":"AZUR SCENIC","url":"https:\/\/www.azur-scenic.com\/es\/","logo":{"@type":"ImageObject","inLanguage":"es","@id":"https:\/\/www.azur-scenic.com\/es\/#\/schema\/logo\/image\/","url":"https:\/\/www.azur-scenic.com\/wp-content\/uploads\/2022\/09\/LOGO-AZUR-SCENIC-Fusion-web-236x64-1.jpg","contentUrl":"https:\/\/www.azur-scenic.com\/wp-content\/uploads\/2022\/09\/LOGO-AZUR-SCENIC-Fusion-web-236x64-1.jpg","width":236,"height":64,"caption":"AZUR SCENIC"},"image":{"@id":"https:\/\/www.azur-scenic.com\/es\/#\/schema\/logo\/image\/"},"sameAs":["https:\/\/www.youtube.com\/channel\/UCPWM2mGPVUt4nYhNlm71WOA","https:\/\/www.linkedin.com\/company\/33237605\/admin\/feed\/posts\/"]}]}},"_links":{"self":[{"href":"https:\/\/www.azur-scenic.com\/es\/wp-json\/wp\/v2\/product\/17974","targetHints":{"allow":["GET"]}}],"collection":[{"href":"https:\/\/www.azur-scenic.com\/es\/wp-json\/wp\/v2\/product"}],"about":[{"href":"https:\/\/www.azur-scenic.com\/es\/wp-json\/wp\/v2\/types\/product"}],"wp:featuredmedia":[{"embeddable":true,"href":"https:\/\/www.azur-scenic.com\/es\/wp-json\/wp\/v2\/media\/16504"}],"wp:attachment":[{"href":"https:\/\/www.azur-scenic.com\/es\/wp-json\/wp\/v2\/media?parent=17974"}],"wp:term":[{"taxonomy":"product_brand","embeddable":true,"href":"https:\/\/www.azur-scenic.com\/es\/wp-json\/wp\/v2\/product_brand?post=17974"},{"taxonomy":"product_cat","embeddable":true,"href":"https:\/\/www.azur-scenic.com\/es\/wp-json\/wp\/v2\/product_cat?post=17974"},{"taxonomy":"product_tag","embeddable":true,"href":"https:\/\/www.azur-scenic.com\/es\/wp-json\/wp\/v2\/product_tag?post=17974"}],"curies":[{"name":"wp","href":"https:\/\/api.w.org\/{rel}","templated":true}]}}