{"id":18045,"date":"2022-10-04T07:26:52","date_gmt":"2022-10-04T07:26:52","guid":{"rendered":"https:\/\/www.azur-scenic.com\/produit\/velours-delalande\/"},"modified":"2023-08-02T13:14:48","modified_gmt":"2023-08-02T13:14:48","slug":"terciopelo-delalande","status":"publish","type":"product","link":"https:\/\/www.azur-scenic.com\/es\/producto\/terciopelo-delalande\/","title":{"rendered":"Terciopelo Delalande"},"content":{"rendered":"<table>\n<thead>\n<tr>\n<th style=\"width: 170px;\">Datos t\u00e9cnicos<\/th>\n<th style=\"width: 109px;\">Valor<\/th>\n<th style=\"width: 191px;\">Comentarios<\/th>\n<\/tr>\n<\/thead>\n<tbody>\n<tr>\n<td style=\"vertical-align: top;\">Ancho<\/td>\n<td style=\"vertical-align: top; width: 109px;\">155\u00a0cm<\/td>\n<td style=\"vertical-align: top; width: 191px;\">\u00a0<\/td>\n<\/tr>\n<tr>\n<td style=\"vertical-align: top;\">Peso<\/td>\n<td style=\"vertical-align: top; width: 109px;\">570 g\/m\u00b2<\/td>\n<td style=\"vertical-align: top; width: 191px;\">\u00a0<\/td>\n<\/tr>\n<tr>\n<td style=\"vertical-align: top;\">Grosor<\/td>\n<td style=\"vertical-align: top; width: 109px;\">2,4\u00a0mm<\/td>\n<td style=\"vertical-align: top; width: 191px;\">\u00a0<\/td>\n<\/tr>\n<tr>\n<td style=\"vertical-align: top;\">Clasificaci\u00f3n ante el fuego<\/td>\n<td style=\"vertical-align: top; width: 109px;\"><img decoding=\"async\" style=\"height: 20px; width: 20px;\" src=\"https:\/\/www.azur-scenic.com\/wp-content\/uploads\/csm_icon-flag-france_3304e5e3f9.png\" \/> M1<\/td>\n<td style=\"vertical-align: top; width: 191px;\">Norma: NF P 92 503-504-505<\/td>\n<\/tr>\n<tr>\n<td style=\"vertical-align: top;\">Composici\u00f3n<\/td>\n<td style=\"vertical-align: top;\" colspan=\"2\" rowspan=\"1\">100 % poli\u00e9ster FR<\/td>\n<\/tr>\n<tr>\n<td style=\"vertical-align: top;\">Longitud del rollo<\/td>\n<td style=\"vertical-align: top; width: 109px;\">Aprox. 30 &#8211; 35 m<\/td>\n<td style=\"vertical-align: top; width: 191px;\">Piezas no calibradas, el metraje de las piezas puede variar<br \/>\nPosibilidad de venta al corte<\/td>\n<\/tr>\n<tr>\n<td style=\"vertical-align: top;\">Resistencia a la rotura<\/td>\n<td style=\"vertical-align: top; width: 109px;\">Urdimbre: > 95\u00a0kg<br \/>\nTrama: > 100\u00a0kg<\/td>\n<td style=\"vertical-align: top; width: 191px;\">Norma: ISO 13934-1<\/td>\n<\/tr>\n<tr>\n<td style=\"vertical-align: top;\">Alargamiento hasta la rotura<\/td>\n<td style=\"vertical-align: top; width: 109px;\">Urdimbre: > 10 %<br \/>\nTrama: > 20 %<\/td>\n<td style=\"vertical-align: top; width: 191px;\">Norma: ISO 13934-1<\/td>\n<\/tr>\n<tr>\n<td style=\"vertical-align: top;\">Resistencia al desgarro<\/td>\n<td style=\"vertical-align: top; width: 109px;\">Urdimbre > 40 N<br \/>\nTrama: > 40 N<\/td>\n<td style=\"vertical-align: top; width: 191px;\">Norma: ISO 13937-3<\/td>\n<\/tr>\n<tr>\n<td style=\"vertical-align: top;\">Resistencia a la abrasi\u00f3n<\/td>\n<td style=\"vertical-align: top; width: 109px;\">60.000 ciclos<\/td>\n<td style=\"vertical-align: top; width: 191px;\">Norma: ISO 12947 (Martindale)<\/td>\n<\/tr>\n<tr>\n<td style=\"vertical-align: top;\">Propiedades ac\u00fasticas<br \/>\nWSAC<br \/>\nSAC<br \/>\nNRC<br \/>\nSAA<\/td>\n<td style=\"vertical-align: top; width: 109px;\">1 \u03b1w<br \/>\nA <span style=\"font-size: 10px;\">(absorci\u00f3n extrema)<\/span><br \/>\n0,95<br \/>\n0,95<\/td>\n<td style=\"vertical-align: top; width: 191px;\">Normas:<br \/>\nISO 354 &#8211;\u00a0ISO 11654\u00a0&#8211;\u00a0ASTM C423<\/td>\n<\/tr>\n<\/tbody>\n<\/table>\n","protected":false},"excerpt":{"rendered":"<p>Un terciopelo <span style=\"color: #f88523;\"><strong>pesado<\/strong><\/span>\u00a0con\u00a0<strong><span style=\"color: #f88523;\">propiedades de absorci\u00f3n ac\u00fastica excepcionales <\/span><\/strong>y clasificaci\u00f3n ante el fuego <span style=\"color: #f88523;\"><strong>M1<\/strong><\/span>.<br \/>\nEste terciopelo <span style=\"color: #f88523;\"><strong>te\u00f1ido en hilo<\/strong><\/span> est\u00e1 disponible en una bella gama de <span style=\"color: #f88523;\"><strong>colores<\/strong><\/span> y ofrece la ventaja de tener muy poca diferencia de color entre las diferentes producciones.<br \/>\nEste terciopelo de poli\u00e9ster FR es altamente\u00a0<span style=\"color: #f88523;\"><strong>resistente<\/strong><\/span>,\u00a0<span style=\"color: #f88523;\"><strong>lavable<\/strong><\/span> e ideal para la fabricaci\u00f3n de <span style=\"color: #f88523;\"><strong>cortinas<\/strong><\/span> que se pueden utilizar tanto en interiores como en <span style=\"color: #f88523;\"><strong>exteriores<\/strong><\/span>.<br \/>\nTejido en un <span style=\"color: #f88523;\"><strong>ancho de 1,55 m<\/strong><\/span>, este terciopelo te permite obtener patas m\u00e1s anchas que las que se consiguen habitualmente, ya que se reduce la cantidad de costuras de montaje.<\/p>\n<table class=\"table\" style=\"background: #f7f7f7;\">\n<tbody>\n<tr>\n<td><strong>Ancho<\/strong>: 155\u00a0cm<\/td>\n<td><strong>Peso<\/strong>: 570 g\/m\u00b2<\/td>\n<\/tr>\n<tr>\n<td><strong>Clasificaci\u00f3n ante el fuego<\/strong>: <img decoding=\"async\" style=\"height: 20px; width: 20px;\" src=\"https:\/\/www.azur-scenic.com\/wp-content\/uploads\/csm_icon-flag-france_3304e5e3f9.png\" \/> M1<\/td>\n<td><strong>Composici\u00f3n<\/strong>: 100 % poli\u00e9ster FR<\/td>\n<\/tr>\n<\/tbody>\n<\/table>\n","protected":false},"featured_media":14939,"template":"","meta":{"_acf_changed":false},"product_brand":[],"product_cat":[939,940,941,944],"product_tag":[],"class_list":{"0":"post-18045","1":"product","2":"type-product","3":"status-publish","4":"has-post-thumbnail","6":"product_cat-tejidos-escenicos-y-para-eventos","7":"product_cat-terciopelos","8":"product_cat-terciopelo-de-poliester","9":"product_cat-todos-los-productos","10":"pa_couleurs-003-es","11":"pa_couleurs-180-es","12":"pa_couleurs-200-es","13":"pa_couleurs-270-es","14":"pa_couleurs-290-es","15":"pa_couleurs-330-es","16":"pa_couleurs-440-es","17":"pa_couleurs-445-es","18":"pa_couleurs-518-es","19":"pa_couleurs-533-es","20":"pa_couleurs-550-es","21":"pa_couleurs-570-es","22":"pa_couleurs-630-es","23":"pa_couleurs-655-es","24":"pa_couleurs-740-es","25":"pa_couleurs-765-es","26":"pa_couleurs-770-es","27":"pa_couleurs-790-es","28":"pa_couleurs-870-es","29":"pa_groupes-de-couleurs-azules","30":"pa_groupes-de-couleurs-gris","31":"pa_groupes-de-couleurs-amarillos","32":"pa_groupes-de-couleurs-marrones-beige","33":"pa_groupes-de-couleurs-negro","34":"pa_groupes-de-couleurs-naranjas","35":"pa_groupes-de-couleurs-rojos","36":"pa_groupes-de-couleurs-verdes","37":"pa_groupes-de-couleurs-violetas","38":"pa_textiles-absorbente-acustico","39":"pa_textiles-apto-para-uso-en-exteriores","40":"pa_textiles-ignifugo","41":"pa_textiles-lavable","42":"pa_textiles-extra-ancho","44":"first","45":"instock","46":"shipping-taxable","47":"purchasable","48":"product-type-variable"},"acf":[],"yoast_head":"<!-- This site is optimized with the Yoast SEO plugin v27.3 - https:\/\/yoast.com\/product\/yoast-seo-wordpress\/ -->\n<title>Terciopelo Delalande - Azur Scenic<\/title>\n<meta name=\"description\" content=\"Un terciopelo pesado\u00a0con\u00a0propiedades de absorci\u00f3n ac\u00fastica excepcionales y clasificaci\u00f3n ante el fuego M1. Este terciopelo te\u00f1ido en hilo est\u00e1 disponible en una bella gama de colores y ofrece la ventaja de tener muy poca diferencia de color entre las diferentes producciones. Este terciopelo de poli\u00e9ster FR es altamente\u00a0resistente,\u00a0lavable e ideal para la fabricaci\u00f3n de cortinas que se pueden utilizar tanto en interiores como en exteriores. Tejido en un ancho de 1,55 m, este terciopelo te permite obtener patas m\u00e1s anchas que las que se consiguen habitualmente, ya que se reduce la cantidad de costuras de montaje.  Ancho: 155\u00a0cm Peso: 570 g\/m\u00b2  Clasificaci\u00f3n ante el fuego: M1 Composici\u00f3n: 100 % poli\u00e9ster FR\" \/>\n<meta name=\"robots\" content=\"index, follow, max-snippet:-1, max-image-preview:large, max-video-preview:-1\" \/>\n<link rel=\"canonical\" href=\"https:\/\/www.azur-scenic.com\/es\/producto\/terciopelo-delalande\/\" \/>\n<meta property=\"og:locale\" content=\"es_ES\" \/>\n<meta property=\"og:type\" content=\"article\" \/>\n<meta property=\"og:title\" content=\"Terciopelo Delalande - Azur Scenic\" \/>\n<meta property=\"og:description\" content=\"Un terciopelo pesado\u00a0con\u00a0propiedades de absorci\u00f3n ac\u00fastica excepcionales y clasificaci\u00f3n ante el fuego M1. Este terciopelo te\u00f1ido en hilo est\u00e1 disponible en una bella gama de colores y ofrece la ventaja de tener muy poca diferencia de color entre las diferentes producciones. Este terciopelo de poli\u00e9ster FR es altamente\u00a0resistente,\u00a0lavable e ideal para la fabricaci\u00f3n de cortinas que se pueden utilizar tanto en interiores como en exteriores. Tejido en un ancho de 1,55 m, este terciopelo te permite obtener patas m\u00e1s anchas que las que se consiguen habitualmente, ya que se reduce la cantidad de costuras de montaje.  Ancho: 155\u00a0cm Peso: 570 g\/m\u00b2  Clasificaci\u00f3n ante el fuego: M1 Composici\u00f3n: 100 % poli\u00e9ster FR\" \/>\n<meta property=\"og:url\" content=\"https:\/\/www.azur-scenic.com\/es\/producto\/terciopelo-delalande\/\" \/>\n<meta property=\"og:site_name\" content=\"Azur Scenic\" \/>\n<meta property=\"article:modified_time\" content=\"2023-08-02T13:14:48+00:00\" \/>\n<meta property=\"og:image\" content=\"https:\/\/www.azur-scenic.com\/wp-content\/uploads\/Velours-Delalande-Noir-1.jpg\" \/>\n\t<meta property=\"og:image:width\" content=\"1525\" \/>\n\t<meta property=\"og:image:height\" content=\"1525\" \/>\n\t<meta property=\"og:image:type\" content=\"image\/jpeg\" \/>\n<meta name=\"twitter:card\" content=\"summary_large_image\" \/>\n<meta name=\"twitter:label1\" content=\"Tiempo de lectura\" \/>\n\t<meta name=\"twitter:data1\" content=\"1 minuto\" \/>\n<script type=\"application\/ld+json\" class=\"yoast-schema-graph\">{\"@context\":\"https:\\\/\\\/schema.org\",\"@graph\":[{\"@type\":\"WebPage\",\"@id\":\"https:\\\/\\\/www.azur-scenic.com\\\/es\\\/producto\\\/terciopelo-delalande\\\/\",\"url\":\"https:\\\/\\\/www.azur-scenic.com\\\/es\\\/producto\\\/terciopelo-delalande\\\/\",\"name\":\"Terciopelo Delalande - Azur Scenic\",\"isPartOf\":{\"@id\":\"https:\\\/\\\/www.azur-scenic.com\\\/es\\\/#website\"},\"primaryImageOfPage\":{\"@id\":\"https:\\\/\\\/www.azur-scenic.com\\\/es\\\/producto\\\/terciopelo-delalande\\\/#primaryimage\"},\"image\":{\"@id\":\"https:\\\/\\\/www.azur-scenic.com\\\/es\\\/producto\\\/terciopelo-delalande\\\/#primaryimage\"},\"thumbnailUrl\":\"https:\\\/\\\/www.azur-scenic.com\\\/wp-content\\\/uploads\\\/Velours-Delalande-Noir-1.jpg\",\"datePublished\":\"2022-10-04T07:26:52+00:00\",\"dateModified\":\"2023-08-02T13:14:48+00:00\",\"description\":\"Un terciopelo pesado\u00a0con\u00a0propiedades de absorci\u00f3n ac\u00fastica excepcionales y clasificaci\u00f3n ante el fuego M1. Este terciopelo te\u00f1ido en hilo est\u00e1 disponible en una bella gama de colores y ofrece la ventaja de tener muy poca diferencia de color entre las diferentes producciones. Este terciopelo de poli\u00e9ster FR es altamente\u00a0resistente,\u00a0lavable e ideal para la fabricaci\u00f3n de cortinas que se pueden utilizar tanto en interiores como en exteriores. Tejido en un ancho de 1,55 m, este terciopelo te permite obtener patas m\u00e1s anchas que las que se consiguen habitualmente, ya que se reduce la cantidad de costuras de montaje. Ancho: 155\u00a0cm Peso: 570 g\\\/m\u00b2 Clasificaci\u00f3n ante el fuego: M1 Composici\u00f3n: 100 % poli\u00e9ster FR\",\"breadcrumb\":{\"@id\":\"https:\\\/\\\/www.azur-scenic.com\\\/es\\\/producto\\\/terciopelo-delalande\\\/#breadcrumb\"},\"inLanguage\":\"es\",\"potentialAction\":[{\"@type\":\"ReadAction\",\"target\":[\"https:\\\/\\\/www.azur-scenic.com\\\/es\\\/producto\\\/terciopelo-delalande\\\/\"]}]},{\"@type\":\"ImageObject\",\"inLanguage\":\"es\",\"@id\":\"https:\\\/\\\/www.azur-scenic.com\\\/es\\\/producto\\\/terciopelo-delalande\\\/#primaryimage\",\"url\":\"https:\\\/\\\/www.azur-scenic.com\\\/wp-content\\\/uploads\\\/Velours-Delalande-Noir-1.jpg\",\"contentUrl\":\"https:\\\/\\\/www.azur-scenic.com\\\/wp-content\\\/uploads\\\/Velours-Delalande-Noir-1.jpg\",\"width\":1525,\"height\":1525,\"caption\":\"Velours Delalande Noir\"},{\"@type\":\"BreadcrumbList\",\"@id\":\"https:\\\/\\\/www.azur-scenic.com\\\/es\\\/producto\\\/terciopelo-delalande\\\/#breadcrumb\",\"itemListElement\":[{\"@type\":\"ListItem\",\"position\":1,\"name\":\"Accueil\",\"item\":\"https:\\\/\\\/www.azur-scenic.com\\\/es\\\/\"},{\"@type\":\"ListItem\",\"position\":2,\"name\":\"Productos\",\"item\":\"https:\\\/\\\/www.azur-scenic.com\\\/es\\\/?page_id=21440\"},{\"@type\":\"ListItem\",\"position\":3,\"name\":\"Terciopelo Delalande\"}]},{\"@type\":\"WebSite\",\"@id\":\"https:\\\/\\\/www.azur-scenic.com\\\/es\\\/#website\",\"url\":\"https:\\\/\\\/www.azur-scenic.com\\\/es\\\/\",\"name\":\"Azur Scenic\",\"description\":\"Sp\u00e9cialiste de l\u2019\u00e9quipement sc\u00e9nique et de la d\u00e9coration int\u00e9rieure et \u00e9v\u00e9nementielle !\",\"publisher\":{\"@id\":\"https:\\\/\\\/www.azur-scenic.com\\\/es\\\/#organization\"},\"potentialAction\":[{\"@type\":\"SearchAction\",\"target\":{\"@type\":\"EntryPoint\",\"urlTemplate\":\"https:\\\/\\\/www.azur-scenic.com\\\/es\\\/?s={search_term_string}\"},\"query-input\":{\"@type\":\"PropertyValueSpecification\",\"valueRequired\":true,\"valueName\":\"search_term_string\"}}],\"inLanguage\":\"es\"},{\"@type\":\"Organization\",\"@id\":\"https:\\\/\\\/www.azur-scenic.com\\\/es\\\/#organization\",\"name\":\"AZUR SCENIC\",\"url\":\"https:\\\/\\\/www.azur-scenic.com\\\/es\\\/\",\"logo\":{\"@type\":\"ImageObject\",\"inLanguage\":\"es\",\"@id\":\"https:\\\/\\\/www.azur-scenic.com\\\/es\\\/#\\\/schema\\\/logo\\\/image\\\/\",\"url\":\"https:\\\/\\\/www.azur-scenic.com\\\/wp-content\\\/uploads\\\/2022\\\/09\\\/LOGO-AZUR-SCENIC-Fusion-web-236x64-1.jpg\",\"contentUrl\":\"https:\\\/\\\/www.azur-scenic.com\\\/wp-content\\\/uploads\\\/2022\\\/09\\\/LOGO-AZUR-SCENIC-Fusion-web-236x64-1.jpg\",\"width\":236,\"height\":64,\"caption\":\"AZUR SCENIC\"},\"image\":{\"@id\":\"https:\\\/\\\/www.azur-scenic.com\\\/es\\\/#\\\/schema\\\/logo\\\/image\\\/\"},\"sameAs\":[\"https:\\\/\\\/www.youtube.com\\\/channel\\\/UCPWM2mGPVUt4nYhNlm71WOA\",\"https:\\\/\\\/www.linkedin.com\\\/company\\\/33237605\\\/admin\\\/feed\\\/posts\\\/\"]}]}<\/script>\n<!-- \/ Yoast SEO plugin. -->","yoast_head_json":{"title":"Terciopelo Delalande - Azur Scenic","description":"Un terciopelo pesado\u00a0con\u00a0propiedades de absorci\u00f3n ac\u00fastica excepcionales y clasificaci\u00f3n ante el fuego M1. Este terciopelo te\u00f1ido en hilo est\u00e1 disponible en una bella gama de colores y ofrece la ventaja de tener muy poca diferencia de color entre las diferentes producciones. Este terciopelo de poli\u00e9ster FR es altamente\u00a0resistente,\u00a0lavable e ideal para la fabricaci\u00f3n de cortinas que se pueden utilizar tanto en interiores como en exteriores. Tejido en un ancho de 1,55 m, este terciopelo te permite obtener patas m\u00e1s anchas que las que se consiguen habitualmente, ya que se reduce la cantidad de costuras de montaje.  Ancho: 155\u00a0cm Peso: 570 g\/m\u00b2  Clasificaci\u00f3n ante el fuego: M1 Composici\u00f3n: 100 % poli\u00e9ster FR","robots":{"index":"index","follow":"follow","max-snippet":"max-snippet:-1","max-image-preview":"max-image-preview:large","max-video-preview":"max-video-preview:-1"},"canonical":"https:\/\/www.azur-scenic.com\/es\/producto\/terciopelo-delalande\/","og_locale":"es_ES","og_type":"article","og_title":"Terciopelo Delalande - Azur Scenic","og_description":"Un terciopelo pesado\u00a0con\u00a0propiedades de absorci\u00f3n ac\u00fastica excepcionales y clasificaci\u00f3n ante el fuego M1. Este terciopelo te\u00f1ido en hilo est\u00e1 disponible en una bella gama de colores y ofrece la ventaja de tener muy poca diferencia de color entre las diferentes producciones. Este terciopelo de poli\u00e9ster FR es altamente\u00a0resistente,\u00a0lavable e ideal para la fabricaci\u00f3n de cortinas que se pueden utilizar tanto en interiores como en exteriores. Tejido en un ancho de 1,55 m, este terciopelo te permite obtener patas m\u00e1s anchas que las que se consiguen habitualmente, ya que se reduce la cantidad de costuras de montaje.  Ancho: 155\u00a0cm Peso: 570 g\/m\u00b2  Clasificaci\u00f3n ante el fuego: M1 Composici\u00f3n: 100 % poli\u00e9ster FR","og_url":"https:\/\/www.azur-scenic.com\/es\/producto\/terciopelo-delalande\/","og_site_name":"Azur Scenic","article_modified_time":"2023-08-02T13:14:48+00:00","og_image":[{"width":1525,"height":1525,"url":"https:\/\/www.azur-scenic.com\/wp-content\/uploads\/Velours-Delalande-Noir-1.jpg","type":"image\/jpeg"}],"twitter_card":"summary_large_image","twitter_misc":{"Tiempo de lectura":"1 minuto"},"schema":{"@context":"https:\/\/schema.org","@graph":[{"@type":"WebPage","@id":"https:\/\/www.azur-scenic.com\/es\/producto\/terciopelo-delalande\/","url":"https:\/\/www.azur-scenic.com\/es\/producto\/terciopelo-delalande\/","name":"Terciopelo Delalande - Azur Scenic","isPartOf":{"@id":"https:\/\/www.azur-scenic.com\/es\/#website"},"primaryImageOfPage":{"@id":"https:\/\/www.azur-scenic.com\/es\/producto\/terciopelo-delalande\/#primaryimage"},"image":{"@id":"https:\/\/www.azur-scenic.com\/es\/producto\/terciopelo-delalande\/#primaryimage"},"thumbnailUrl":"https:\/\/www.azur-scenic.com\/wp-content\/uploads\/Velours-Delalande-Noir-1.jpg","datePublished":"2022-10-04T07:26:52+00:00","dateModified":"2023-08-02T13:14:48+00:00","description":"Un terciopelo pesado\u00a0con\u00a0propiedades de absorci\u00f3n ac\u00fastica excepcionales y clasificaci\u00f3n ante el fuego M1. Este terciopelo te\u00f1ido en hilo est\u00e1 disponible en una bella gama de colores y ofrece la ventaja de tener muy poca diferencia de color entre las diferentes producciones. Este terciopelo de poli\u00e9ster FR es altamente\u00a0resistente,\u00a0lavable e ideal para la fabricaci\u00f3n de cortinas que se pueden utilizar tanto en interiores como en exteriores. Tejido en un ancho de 1,55 m, este terciopelo te permite obtener patas m\u00e1s anchas que las que se consiguen habitualmente, ya que se reduce la cantidad de costuras de montaje. Ancho: 155\u00a0cm Peso: 570 g\/m\u00b2 Clasificaci\u00f3n ante el fuego: M1 Composici\u00f3n: 100 % poli\u00e9ster FR","breadcrumb":{"@id":"https:\/\/www.azur-scenic.com\/es\/producto\/terciopelo-delalande\/#breadcrumb"},"inLanguage":"es","potentialAction":[{"@type":"ReadAction","target":["https:\/\/www.azur-scenic.com\/es\/producto\/terciopelo-delalande\/"]}]},{"@type":"ImageObject","inLanguage":"es","@id":"https:\/\/www.azur-scenic.com\/es\/producto\/terciopelo-delalande\/#primaryimage","url":"https:\/\/www.azur-scenic.com\/wp-content\/uploads\/Velours-Delalande-Noir-1.jpg","contentUrl":"https:\/\/www.azur-scenic.com\/wp-content\/uploads\/Velours-Delalande-Noir-1.jpg","width":1525,"height":1525,"caption":"Velours Delalande Noir"},{"@type":"BreadcrumbList","@id":"https:\/\/www.azur-scenic.com\/es\/producto\/terciopelo-delalande\/#breadcrumb","itemListElement":[{"@type":"ListItem","position":1,"name":"Accueil","item":"https:\/\/www.azur-scenic.com\/es\/"},{"@type":"ListItem","position":2,"name":"Productos","item":"https:\/\/www.azur-scenic.com\/es\/?page_id=21440"},{"@type":"ListItem","position":3,"name":"Terciopelo Delalande"}]},{"@type":"WebSite","@id":"https:\/\/www.azur-scenic.com\/es\/#website","url":"https:\/\/www.azur-scenic.com\/es\/","name":"Azur Scenic","description":"Sp\u00e9cialiste de l\u2019\u00e9quipement sc\u00e9nique et de la d\u00e9coration int\u00e9rieure et \u00e9v\u00e9nementielle !","publisher":{"@id":"https:\/\/www.azur-scenic.com\/es\/#organization"},"potentialAction":[{"@type":"SearchAction","target":{"@type":"EntryPoint","urlTemplate":"https:\/\/www.azur-scenic.com\/es\/?s={search_term_string}"},"query-input":{"@type":"PropertyValueSpecification","valueRequired":true,"valueName":"search_term_string"}}],"inLanguage":"es"},{"@type":"Organization","@id":"https:\/\/www.azur-scenic.com\/es\/#organization","name":"AZUR SCENIC","url":"https:\/\/www.azur-scenic.com\/es\/","logo":{"@type":"ImageObject","inLanguage":"es","@id":"https:\/\/www.azur-scenic.com\/es\/#\/schema\/logo\/image\/","url":"https:\/\/www.azur-scenic.com\/wp-content\/uploads\/2022\/09\/LOGO-AZUR-SCENIC-Fusion-web-236x64-1.jpg","contentUrl":"https:\/\/www.azur-scenic.com\/wp-content\/uploads\/2022\/09\/LOGO-AZUR-SCENIC-Fusion-web-236x64-1.jpg","width":236,"height":64,"caption":"AZUR SCENIC"},"image":{"@id":"https:\/\/www.azur-scenic.com\/es\/#\/schema\/logo\/image\/"},"sameAs":["https:\/\/www.youtube.com\/channel\/UCPWM2mGPVUt4nYhNlm71WOA","https:\/\/www.linkedin.com\/company\/33237605\/admin\/feed\/posts\/"]}]}},"_links":{"self":[{"href":"https:\/\/www.azur-scenic.com\/es\/wp-json\/wp\/v2\/product\/18045","targetHints":{"allow":["GET"]}}],"collection":[{"href":"https:\/\/www.azur-scenic.com\/es\/wp-json\/wp\/v2\/product"}],"about":[{"href":"https:\/\/www.azur-scenic.com\/es\/wp-json\/wp\/v2\/types\/product"}],"wp:featuredmedia":[{"embeddable":true,"href":"https:\/\/www.azur-scenic.com\/es\/wp-json\/wp\/v2\/media\/14939"}],"wp:attachment":[{"href":"https:\/\/www.azur-scenic.com\/es\/wp-json\/wp\/v2\/media?parent=18045"}],"wp:term":[{"taxonomy":"product_brand","embeddable":true,"href":"https:\/\/www.azur-scenic.com\/es\/wp-json\/wp\/v2\/product_brand?post=18045"},{"taxonomy":"product_cat","embeddable":true,"href":"https:\/\/www.azur-scenic.com\/es\/wp-json\/wp\/v2\/product_cat?post=18045"},{"taxonomy":"product_tag","embeddable":true,"href":"https:\/\/www.azur-scenic.com\/es\/wp-json\/wp\/v2\/product_tag?post=18045"}],"curies":[{"name":"wp","href":"https:\/\/api.w.org\/{rel}","templated":true}]}}