{"id":18065,"date":"2022-10-04T07:26:46","date_gmt":"2022-10-04T07:26:46","guid":{"rendered":"https:\/\/www.azur-scenic.com\/produit\/velours-chopin\/"},"modified":"2023-08-02T13:14:54","modified_gmt":"2023-08-02T13:14:54","slug":"terciopelo-chopin","status":"publish","type":"product","link":"https:\/\/www.azur-scenic.com\/es\/producto\/terciopelo-chopin\/","title":{"rendered":"Terciopelo Chopin"},"content":{"rendered":"<table>\n<thead>\n<tr>\n<th style=\"width: 170px;\">Datos t\u00e9cnicos<\/th>\n<th>Valor<\/th>\n<th>Comentarios<\/th>\n<\/tr>\n<\/thead>\n<tbody>\n<tr>\n<td style=\"vertical-align: top;\">Ancho<\/td>\n<td style=\"vertical-align: top;\">140\u00a0cm<\/td>\n<td style=\"vertical-align: top;\">\u00a0<\/td>\n<\/tr>\n<tr>\n<td style=\"vertical-align: top;\">Peso<\/td>\n<td style=\"vertical-align: top;\">200 g\/m\u00b2<\/td>\n<td style=\"vertical-align: top;\">\u00a0<\/td>\n<\/tr>\n<tr>\n<td style=\"vertical-align: top;\">Grosor<\/td>\n<td style=\"vertical-align: top;\">1\u00a0mm<\/td>\n<td style=\"vertical-align: top;\">\u00a0<\/td>\n<\/tr>\n<tr>\n<td style=\"vertical-align: top;\">Clasificaci\u00f3n ante el fuego<\/td>\n<td style=\"vertical-align: top;\"><img decoding=\"async\" style=\"height: 20px; width: 20px;\" src=\"https:\/\/www.azur-scenic.com\/wp-content\/uploads\/csm_icon-flag-france_3304e5e3f9.png\" \/> M1<br \/>\n<img decoding=\"async\" style=\"height: 20px; width: 20px;\" src=\"https:\/\/www.azur-scenic.com\/wp-content\/uploads\/icon-flag-allemagne.png\" \/> B1<\/td>\n<td style=\"vertical-align: top;\">\u00a0<\/td>\n<\/tr>\n<tr>\n<td style=\"vertical-align: top;\">Composici\u00f3n<\/td>\n<td style=\"vertical-align: top;\">100\u00a0% poli\u00e9ster Trevira CS<\/td>\n<td style=\"vertical-align: top;\">\u00a0<\/td>\n<\/tr>\n<tr>\n<td style=\"vertical-align: top;\">Longitud del rollo<\/td>\n<td style=\"vertical-align: top;\">50 m<\/td>\n<td style=\"vertical-align: top;\">Posibilidad de venta al corte<\/td>\n<\/tr>\n<tr>\n<td style=\"vertical-align: top;\">Resistencia a la abrasi\u00f3n<\/td>\n<td style=\"vertical-align: top;\">50.000 ciclos<\/td>\n<td style=\"vertical-align: top;\">Martindale<\/td>\n<\/tr>\n<\/tbody>\n<\/table>\n<p>\u00a0<\/p><\/p>\n","protected":false},"excerpt":{"rendered":"<p>Un tejido de punto de poli\u00e9ster afelpado en uno de sus dos lados, con clasificaci\u00f3n <strong><span style=\"color: #f88523;\">ante el fuego M1<\/span><\/strong> y disponible en una <span style=\"color: #f88523;\"><strong>amplia paleta de colores<\/strong><\/span>.<br \/>\nEste tejido est\u00e1 especialmente indicado para un uso en tapicer\u00eda, para la realizaci\u00f3n de <span style=\"color: #f88523;\"><strong>butacas de cine, de teatro, de salas de espect\u00e1culos, etc.<\/strong><\/span><br \/>\nTambi\u00e9n se puede utilizar para realizar cortinas ligeras.<br \/>\nCompuesto por <span style=\"color: #f88523;\"><strong>Trevira CS<\/strong><\/span>, y por lo tanto ign\u00edfugo por naturaleza, este tejido es resistente a la humedad y esto lo vuelve ideal para <span style=\"color: #f88523;\"><strong>el uso en exterior<\/strong><\/span>.<\/p>\n<table class=\"table\" style=\"background: #f7f7f7;\">\n<tbody>\n<tr>\n<td><strong>Ancho<\/strong>: 140\u00a0cm<\/td>\n<td><strong>Peso<\/strong>: 200 g\/m\u00b2<\/td>\n<\/tr>\n<tr>\n<td><strong>Clasificaci\u00f3n ante el fuego<\/strong>: <img decoding=\"async\" style=\"height: 20px; width: 20px;\" src=\"https:\/\/www.azur-scenic.com\/wp-content\/uploads\/csm_icon-flag-france_3304e5e3f9.png\" \/> M1 <img decoding=\"async\" style=\"height: 20px; width: 20px;\" src=\"https:\/\/www.azur-scenic.com\/wp-content\/uploads\/icon-flag-allemagne.png\" \/> B1<\/td>\n<td><strong>Composici\u00f3n<\/strong>:<br \/>\n100\u00a0% poli\u00e9ster Trevira CS<\/td>\n<\/tr>\n<\/tbody>\n<\/table>\n","protected":false},"featured_media":13813,"template":"","meta":{"_acf_changed":false},"product_brand":[],"product_cat":[939,940,941,944],"product_tag":[],"class_list":{"0":"post-18065","1":"product","2":"type-product","3":"status-publish","4":"has-post-thumbnail","6":"product_cat-tejidos-escenicos-y-para-eventos","7":"product_cat-terciopelos","8":"product_cat-terciopelo-de-poliester","9":"product_cat-todos-los-productos","10":"pa_couleurs-002-es","11":"pa_couleurs-003-es","12":"pa_couleurs-110-es","13":"pa_couleurs-170-es","14":"pa_couleurs-250-es","15":"pa_couleurs-292-es","16":"pa_couleurs-325-es","17":"pa_couleurs-410-es","18":"pa_couleurs-540-es","19":"pa_couleurs-560-es","20":"pa_couleurs-625-es","21":"pa_couleurs-655-es","22":"pa_couleurs-730-es","23":"pa_couleurs-750-es","24":"pa_couleurs-770-es","25":"pa_couleurs-790-es","26":"pa_couleurs-840-es","27":"pa_couleurs-960-es","28":"pa_groupes-de-couleurs-azules","29":"pa_groupes-de-couleurs-gris","30":"pa_groupes-de-couleurs-amarillos","31":"pa_groupes-de-couleurs-marrones-beige","32":"pa_groupes-de-couleurs-naranjas","33":"pa_groupes-de-couleurs-rosas","34":"pa_groupes-de-couleurs-rojos","35":"pa_groupes-de-couleurs-verdes","36":"pa_groupes-de-couleurs-violetas","37":"pa_textiles-apto-para-uso-en-exteriores","38":"pa_textiles-ignifugo","39":"pa_textiles-lavable","40":"pa_textiles-trevira-cs","42":"first","43":"instock","44":"shipping-taxable","45":"purchasable","46":"product-type-variable"},"acf":[],"yoast_head":"<!-- This site is optimized with the Yoast SEO plugin v27.3 - https:\/\/yoast.com\/product\/yoast-seo-wordpress\/ -->\n<title>Terciopelo Chopin - Azur Scenic<\/title>\n<meta name=\"description\" content=\"Un tejido de punto de poli\u00e9ster afelpado en uno de sus dos lados, con clasificaci\u00f3n ante el fuego M1 y disponible en una amplia paleta de colores. Este tejido est\u00e1 especialmente indicado para un uso en tapicer\u00eda, para la realizaci\u00f3n de butacas de cine, de teatro, de salas de espect\u00e1culos, etc. Tambi\u00e9n se puede utilizar para realizar cortinas ligeras. Compuesto por Trevira CS, y por lo tanto ign\u00edfugo por naturaleza, este tejido es resistente a la humedad y esto lo vuelve ideal para el uso en exterior.  Ancho: 140\u00a0cm Peso: 200 g\/m\u00b2  Clasificaci\u00f3n ante el fuego: M1 B1 Composici\u00f3n: 100\u00a0% poli\u00e9ster Trevira CS\" \/>\n<meta name=\"robots\" content=\"index, follow, max-snippet:-1, max-image-preview:large, max-video-preview:-1\" \/>\n<link rel=\"canonical\" href=\"https:\/\/www.azur-scenic.com\/es\/producto\/terciopelo-chopin\/\" \/>\n<meta property=\"og:locale\" content=\"es_ES\" \/>\n<meta property=\"og:type\" content=\"article\" \/>\n<meta property=\"og:title\" content=\"Terciopelo Chopin - Azur Scenic\" \/>\n<meta property=\"og:description\" content=\"Un tejido de punto de poli\u00e9ster afelpado en uno de sus dos lados, con clasificaci\u00f3n ante el fuego M1 y disponible en una amplia paleta de colores. Este tejido est\u00e1 especialmente indicado para un uso en tapicer\u00eda, para la realizaci\u00f3n de butacas de cine, de teatro, de salas de espect\u00e1culos, etc. Tambi\u00e9n se puede utilizar para realizar cortinas ligeras. Compuesto por Trevira CS, y por lo tanto ign\u00edfugo por naturaleza, este tejido es resistente a la humedad y esto lo vuelve ideal para el uso en exterior.  Ancho: 140\u00a0cm Peso: 200 g\/m\u00b2  Clasificaci\u00f3n ante el fuego: M1 B1 Composici\u00f3n: 100\u00a0% poli\u00e9ster Trevira CS\" \/>\n<meta property=\"og:url\" content=\"https:\/\/www.azur-scenic.com\/es\/producto\/terciopelo-chopin\/\" \/>\n<meta property=\"og:site_name\" content=\"Azur Scenic\" \/>\n<meta property=\"article:modified_time\" content=\"2023-08-02T13:14:54+00:00\" \/>\n<meta property=\"og:image\" content=\"https:\/\/www.azur-scenic.com\/wp-content\/uploads\/Velours-Chopin-Gris-Clair-scaled.jpg\" \/>\n\t<meta property=\"og:image:width\" content=\"2560\" \/>\n\t<meta property=\"og:image:height\" content=\"2560\" \/>\n\t<meta property=\"og:image:type\" content=\"image\/jpeg\" \/>\n<meta name=\"twitter:card\" content=\"summary_large_image\" \/>\n<script type=\"application\/ld+json\" class=\"yoast-schema-graph\">{\"@context\":\"https:\\\/\\\/schema.org\",\"@graph\":[{\"@type\":\"WebPage\",\"@id\":\"https:\\\/\\\/www.azur-scenic.com\\\/es\\\/producto\\\/terciopelo-chopin\\\/\",\"url\":\"https:\\\/\\\/www.azur-scenic.com\\\/es\\\/producto\\\/terciopelo-chopin\\\/\",\"name\":\"Terciopelo Chopin - Azur Scenic\",\"isPartOf\":{\"@id\":\"https:\\\/\\\/www.azur-scenic.com\\\/es\\\/#website\"},\"primaryImageOfPage\":{\"@id\":\"https:\\\/\\\/www.azur-scenic.com\\\/es\\\/producto\\\/terciopelo-chopin\\\/#primaryimage\"},\"image\":{\"@id\":\"https:\\\/\\\/www.azur-scenic.com\\\/es\\\/producto\\\/terciopelo-chopin\\\/#primaryimage\"},\"thumbnailUrl\":\"https:\\\/\\\/www.azur-scenic.com\\\/wp-content\\\/uploads\\\/Velours-Chopin-Gris-Clair-scaled.jpg\",\"datePublished\":\"2022-10-04T07:26:46+00:00\",\"dateModified\":\"2023-08-02T13:14:54+00:00\",\"description\":\"Un tejido de punto de poli\u00e9ster afelpado en uno de sus dos lados, con clasificaci\u00f3n ante el fuego M1 y disponible en una amplia paleta de colores. Este tejido est\u00e1 especialmente indicado para un uso en tapicer\u00eda, para la realizaci\u00f3n de butacas de cine, de teatro, de salas de espect\u00e1culos, etc. Tambi\u00e9n se puede utilizar para realizar cortinas ligeras. Compuesto por Trevira CS, y por lo tanto ign\u00edfugo por naturaleza, este tejido es resistente a la humedad y esto lo vuelve ideal para el uso en exterior. Ancho: 140\u00a0cm Peso: 200 g\\\/m\u00b2 Clasificaci\u00f3n ante el fuego: M1 B1 Composici\u00f3n: 100\u00a0% poli\u00e9ster Trevira CS\",\"breadcrumb\":{\"@id\":\"https:\\\/\\\/www.azur-scenic.com\\\/es\\\/producto\\\/terciopelo-chopin\\\/#breadcrumb\"},\"inLanguage\":\"es\",\"potentialAction\":[{\"@type\":\"ReadAction\",\"target\":[\"https:\\\/\\\/www.azur-scenic.com\\\/es\\\/producto\\\/terciopelo-chopin\\\/\"]}]},{\"@type\":\"ImageObject\",\"inLanguage\":\"es\",\"@id\":\"https:\\\/\\\/www.azur-scenic.com\\\/es\\\/producto\\\/terciopelo-chopin\\\/#primaryimage\",\"url\":\"https:\\\/\\\/www.azur-scenic.com\\\/wp-content\\\/uploads\\\/Velours-Chopin-Gris-Clair-scaled.jpg\",\"contentUrl\":\"https:\\\/\\\/www.azur-scenic.com\\\/wp-content\\\/uploads\\\/Velours-Chopin-Gris-Clair-scaled.jpg\",\"width\":2560,\"height\":2560,\"caption\":\"Velours Chopin Gris Clair\"},{\"@type\":\"BreadcrumbList\",\"@id\":\"https:\\\/\\\/www.azur-scenic.com\\\/es\\\/producto\\\/terciopelo-chopin\\\/#breadcrumb\",\"itemListElement\":[{\"@type\":\"ListItem\",\"position\":1,\"name\":\"Accueil\",\"item\":\"https:\\\/\\\/www.azur-scenic.com\\\/es\\\/\"},{\"@type\":\"ListItem\",\"position\":2,\"name\":\"Productos\",\"item\":\"https:\\\/\\\/www.azur-scenic.com\\\/es\\\/?page_id=21440\"},{\"@type\":\"ListItem\",\"position\":3,\"name\":\"Terciopelo Chopin\"}]},{\"@type\":\"WebSite\",\"@id\":\"https:\\\/\\\/www.azur-scenic.com\\\/es\\\/#website\",\"url\":\"https:\\\/\\\/www.azur-scenic.com\\\/es\\\/\",\"name\":\"Azur Scenic\",\"description\":\"Sp\u00e9cialiste de l\u2019\u00e9quipement sc\u00e9nique et de la d\u00e9coration int\u00e9rieure et \u00e9v\u00e9nementielle !\",\"publisher\":{\"@id\":\"https:\\\/\\\/www.azur-scenic.com\\\/es\\\/#organization\"},\"potentialAction\":[{\"@type\":\"SearchAction\",\"target\":{\"@type\":\"EntryPoint\",\"urlTemplate\":\"https:\\\/\\\/www.azur-scenic.com\\\/es\\\/?s={search_term_string}\"},\"query-input\":{\"@type\":\"PropertyValueSpecification\",\"valueRequired\":true,\"valueName\":\"search_term_string\"}}],\"inLanguage\":\"es\"},{\"@type\":\"Organization\",\"@id\":\"https:\\\/\\\/www.azur-scenic.com\\\/es\\\/#organization\",\"name\":\"AZUR SCENIC\",\"url\":\"https:\\\/\\\/www.azur-scenic.com\\\/es\\\/\",\"logo\":{\"@type\":\"ImageObject\",\"inLanguage\":\"es\",\"@id\":\"https:\\\/\\\/www.azur-scenic.com\\\/es\\\/#\\\/schema\\\/logo\\\/image\\\/\",\"url\":\"https:\\\/\\\/www.azur-scenic.com\\\/wp-content\\\/uploads\\\/2022\\\/09\\\/LOGO-AZUR-SCENIC-Fusion-web-236x64-1.jpg\",\"contentUrl\":\"https:\\\/\\\/www.azur-scenic.com\\\/wp-content\\\/uploads\\\/2022\\\/09\\\/LOGO-AZUR-SCENIC-Fusion-web-236x64-1.jpg\",\"width\":236,\"height\":64,\"caption\":\"AZUR SCENIC\"},\"image\":{\"@id\":\"https:\\\/\\\/www.azur-scenic.com\\\/es\\\/#\\\/schema\\\/logo\\\/image\\\/\"},\"sameAs\":[\"https:\\\/\\\/www.youtube.com\\\/channel\\\/UCPWM2mGPVUt4nYhNlm71WOA\",\"https:\\\/\\\/www.linkedin.com\\\/company\\\/33237605\\\/admin\\\/feed\\\/posts\\\/\"]}]}<\/script>\n<!-- \/ Yoast SEO plugin. -->","yoast_head_json":{"title":"Terciopelo Chopin - Azur Scenic","description":"Un tejido de punto de poli\u00e9ster afelpado en uno de sus dos lados, con clasificaci\u00f3n ante el fuego M1 y disponible en una amplia paleta de colores. Este tejido est\u00e1 especialmente indicado para un uso en tapicer\u00eda, para la realizaci\u00f3n de butacas de cine, de teatro, de salas de espect\u00e1culos, etc. Tambi\u00e9n se puede utilizar para realizar cortinas ligeras. Compuesto por Trevira CS, y por lo tanto ign\u00edfugo por naturaleza, este tejido es resistente a la humedad y esto lo vuelve ideal para el uso en exterior.  Ancho: 140\u00a0cm Peso: 200 g\/m\u00b2  Clasificaci\u00f3n ante el fuego: M1 B1 Composici\u00f3n: 100\u00a0% poli\u00e9ster Trevira CS","robots":{"index":"index","follow":"follow","max-snippet":"max-snippet:-1","max-image-preview":"max-image-preview:large","max-video-preview":"max-video-preview:-1"},"canonical":"https:\/\/www.azur-scenic.com\/es\/producto\/terciopelo-chopin\/","og_locale":"es_ES","og_type":"article","og_title":"Terciopelo Chopin - Azur Scenic","og_description":"Un tejido de punto de poli\u00e9ster afelpado en uno de sus dos lados, con clasificaci\u00f3n ante el fuego M1 y disponible en una amplia paleta de colores. Este tejido est\u00e1 especialmente indicado para un uso en tapicer\u00eda, para la realizaci\u00f3n de butacas de cine, de teatro, de salas de espect\u00e1culos, etc. Tambi\u00e9n se puede utilizar para realizar cortinas ligeras. Compuesto por Trevira CS, y por lo tanto ign\u00edfugo por naturaleza, este tejido es resistente a la humedad y esto lo vuelve ideal para el uso en exterior.  Ancho: 140\u00a0cm Peso: 200 g\/m\u00b2  Clasificaci\u00f3n ante el fuego: M1 B1 Composici\u00f3n: 100\u00a0% poli\u00e9ster Trevira CS","og_url":"https:\/\/www.azur-scenic.com\/es\/producto\/terciopelo-chopin\/","og_site_name":"Azur Scenic","article_modified_time":"2023-08-02T13:14:54+00:00","og_image":[{"width":2560,"height":2560,"url":"https:\/\/www.azur-scenic.com\/wp-content\/uploads\/Velours-Chopin-Gris-Clair-scaled.jpg","type":"image\/jpeg"}],"twitter_card":"summary_large_image","schema":{"@context":"https:\/\/schema.org","@graph":[{"@type":"WebPage","@id":"https:\/\/www.azur-scenic.com\/es\/producto\/terciopelo-chopin\/","url":"https:\/\/www.azur-scenic.com\/es\/producto\/terciopelo-chopin\/","name":"Terciopelo Chopin - Azur Scenic","isPartOf":{"@id":"https:\/\/www.azur-scenic.com\/es\/#website"},"primaryImageOfPage":{"@id":"https:\/\/www.azur-scenic.com\/es\/producto\/terciopelo-chopin\/#primaryimage"},"image":{"@id":"https:\/\/www.azur-scenic.com\/es\/producto\/terciopelo-chopin\/#primaryimage"},"thumbnailUrl":"https:\/\/www.azur-scenic.com\/wp-content\/uploads\/Velours-Chopin-Gris-Clair-scaled.jpg","datePublished":"2022-10-04T07:26:46+00:00","dateModified":"2023-08-02T13:14:54+00:00","description":"Un tejido de punto de poli\u00e9ster afelpado en uno de sus dos lados, con clasificaci\u00f3n ante el fuego M1 y disponible en una amplia paleta de colores. Este tejido est\u00e1 especialmente indicado para un uso en tapicer\u00eda, para la realizaci\u00f3n de butacas de cine, de teatro, de salas de espect\u00e1culos, etc. Tambi\u00e9n se puede utilizar para realizar cortinas ligeras. Compuesto por Trevira CS, y por lo tanto ign\u00edfugo por naturaleza, este tejido es resistente a la humedad y esto lo vuelve ideal para el uso en exterior. Ancho: 140\u00a0cm Peso: 200 g\/m\u00b2 Clasificaci\u00f3n ante el fuego: M1 B1 Composici\u00f3n: 100\u00a0% poli\u00e9ster Trevira CS","breadcrumb":{"@id":"https:\/\/www.azur-scenic.com\/es\/producto\/terciopelo-chopin\/#breadcrumb"},"inLanguage":"es","potentialAction":[{"@type":"ReadAction","target":["https:\/\/www.azur-scenic.com\/es\/producto\/terciopelo-chopin\/"]}]},{"@type":"ImageObject","inLanguage":"es","@id":"https:\/\/www.azur-scenic.com\/es\/producto\/terciopelo-chopin\/#primaryimage","url":"https:\/\/www.azur-scenic.com\/wp-content\/uploads\/Velours-Chopin-Gris-Clair-scaled.jpg","contentUrl":"https:\/\/www.azur-scenic.com\/wp-content\/uploads\/Velours-Chopin-Gris-Clair-scaled.jpg","width":2560,"height":2560,"caption":"Velours Chopin Gris Clair"},{"@type":"BreadcrumbList","@id":"https:\/\/www.azur-scenic.com\/es\/producto\/terciopelo-chopin\/#breadcrumb","itemListElement":[{"@type":"ListItem","position":1,"name":"Accueil","item":"https:\/\/www.azur-scenic.com\/es\/"},{"@type":"ListItem","position":2,"name":"Productos","item":"https:\/\/www.azur-scenic.com\/es\/?page_id=21440"},{"@type":"ListItem","position":3,"name":"Terciopelo Chopin"}]},{"@type":"WebSite","@id":"https:\/\/www.azur-scenic.com\/es\/#website","url":"https:\/\/www.azur-scenic.com\/es\/","name":"Azur Scenic","description":"Sp\u00e9cialiste de l\u2019\u00e9quipement sc\u00e9nique et de la d\u00e9coration int\u00e9rieure et \u00e9v\u00e9nementielle !","publisher":{"@id":"https:\/\/www.azur-scenic.com\/es\/#organization"},"potentialAction":[{"@type":"SearchAction","target":{"@type":"EntryPoint","urlTemplate":"https:\/\/www.azur-scenic.com\/es\/?s={search_term_string}"},"query-input":{"@type":"PropertyValueSpecification","valueRequired":true,"valueName":"search_term_string"}}],"inLanguage":"es"},{"@type":"Organization","@id":"https:\/\/www.azur-scenic.com\/es\/#organization","name":"AZUR SCENIC","url":"https:\/\/www.azur-scenic.com\/es\/","logo":{"@type":"ImageObject","inLanguage":"es","@id":"https:\/\/www.azur-scenic.com\/es\/#\/schema\/logo\/image\/","url":"https:\/\/www.azur-scenic.com\/wp-content\/uploads\/2022\/09\/LOGO-AZUR-SCENIC-Fusion-web-236x64-1.jpg","contentUrl":"https:\/\/www.azur-scenic.com\/wp-content\/uploads\/2022\/09\/LOGO-AZUR-SCENIC-Fusion-web-236x64-1.jpg","width":236,"height":64,"caption":"AZUR SCENIC"},"image":{"@id":"https:\/\/www.azur-scenic.com\/es\/#\/schema\/logo\/image\/"},"sameAs":["https:\/\/www.youtube.com\/channel\/UCPWM2mGPVUt4nYhNlm71WOA","https:\/\/www.linkedin.com\/company\/33237605\/admin\/feed\/posts\/"]}]}},"_links":{"self":[{"href":"https:\/\/www.azur-scenic.com\/es\/wp-json\/wp\/v2\/product\/18065","targetHints":{"allow":["GET"]}}],"collection":[{"href":"https:\/\/www.azur-scenic.com\/es\/wp-json\/wp\/v2\/product"}],"about":[{"href":"https:\/\/www.azur-scenic.com\/es\/wp-json\/wp\/v2\/types\/product"}],"wp:featuredmedia":[{"embeddable":true,"href":"https:\/\/www.azur-scenic.com\/es\/wp-json\/wp\/v2\/media\/13813"}],"wp:attachment":[{"href":"https:\/\/www.azur-scenic.com\/es\/wp-json\/wp\/v2\/media?parent=18065"}],"wp:term":[{"taxonomy":"product_brand","embeddable":true,"href":"https:\/\/www.azur-scenic.com\/es\/wp-json\/wp\/v2\/product_brand?post=18065"},{"taxonomy":"product_cat","embeddable":true,"href":"https:\/\/www.azur-scenic.com\/es\/wp-json\/wp\/v2\/product_cat?post=18065"},{"taxonomy":"product_tag","embeddable":true,"href":"https:\/\/www.azur-scenic.com\/es\/wp-json\/wp\/v2\/product_tag?post=18065"}],"curies":[{"name":"wp","href":"https:\/\/api.w.org\/{rel}","templated":true}]}}