{"id":18122,"date":"2022-10-04T07:26:35","date_gmt":"2022-10-04T07:26:35","guid":{"rendered":"https:\/\/www.azur-scenic.com\/produit\/velours-amazone\/"},"modified":"2023-08-02T13:15:01","modified_gmt":"2023-08-02T13:15:01","slug":"terciopelo-amazone","status":"publish","type":"product","link":"https:\/\/www.azur-scenic.com\/es\/producto\/terciopelo-amazone\/","title":{"rendered":"Terciopelo Amazone"},"content":{"rendered":"<table>\n<thead>\n<tr>\n<th style=\"width: 170px;\">Datos t\u00e9cnicos<\/th>\n<th style=\"width: 158px;\">Valor<\/th>\n<th style=\"width: 201px;\">Comentarios<\/th>\n<\/tr>\n<\/thead>\n<tbody>\n<tr>\n<td style=\"vertical-align: top;\">Ancho<\/td>\n<td style=\"vertical-align: top; width: 158px;\">140\u00a0cm<\/td>\n<td style=\"vertical-align: top; width: 201px;\">\u00a0<\/td>\n<\/tr>\n<tr>\n<td style=\"vertical-align: top;\">Peso<\/td>\n<td style=\"vertical-align: top; width: 158px;\">500 g\/m\u00b2<\/td>\n<td style=\"vertical-align: top; width: 201px;\">Norma: UNE EN 12.127<\/td>\n<\/tr>\n<tr>\n<td style=\"vertical-align: top;\">Grosor<\/td>\n<td style=\"vertical-align: top; width: 158px;\">2,4\u00a0mm<\/td>\n<td style=\"vertical-align: top; width: 201px;\">\u00a0<\/td>\n<\/tr>\n<tr>\n<td style=\"vertical-align: top;\">Clasificaci\u00f3n ante el fuego<\/td>\n<td style=\"vertical-align: top; width: 158px;\"><img decoding=\"async\" style=\"height: 20px; width: 20px;\" src=\"https:\/\/www.azur-scenic.com\/wp-content\/uploads\/csm_icon-flag-france_3304e5e3f9.png\" \/> M1<br \/>\n<img decoding=\"async\" style=\"height: 20px; width: 20px;\" src=\"https:\/\/www.azur-scenic.com\/wp-content\/uploads\/icon-flag-espagne.png\" \/> C1<\/td>\n<td style=\"vertical-align: top; width: 201px;\">\u00a0<\/td>\n<\/tr>\n<tr>\n<td style=\"vertical-align: top;\">Composici\u00f3n<\/td>\n<td style=\"vertical-align: top;\" colspan=\"2\" rowspan=\"1\">62\u00a0% Trevira CS, 38\u00a0% poli\u00e9ster FR<\/td>\n<\/tr>\n<tr>\n<td style=\"vertical-align: top;\">Longitud del rollo<\/td>\n<td style=\"vertical-align: top; width: 158px;\">Aprox. 30 m<\/td>\n<td style=\"vertical-align: top; width: 201px;\">Piezas no calibradas, el metraje de las piezas puede variar<br \/>\nVenta al corte seg\u00fan existencias de colores<\/td>\n<\/tr>\n<tr>\n<td style=\"vertical-align: top;\">Resistencia a la tracci\u00f3n<\/td>\n<td style=\"vertical-align: top; width: 158px;\">Urdimbre: 1300<br \/>\nTrama: 1160<\/td>\n<td style=\"vertical-align: top; width: 201px;\">Norma: ISO 13934-1 2013<\/td>\n<\/tr>\n<tr>\n<td style=\"vertical-align: top;\">Resistencia a la abrasi\u00f3n<\/td>\n<td style=\"vertical-align: top; width: 158px;\">> 100.000 ciclos<\/td>\n<td style=\"vertical-align: top; width: 201px;\">Norma: ISO 12947: 1999<\/td>\n<\/tr>\n<tr>\n<td style=\"vertical-align: top;\">Pilling <span style=\"font-size: 13px;\">(resistencia al frisado)<\/span><\/td>\n<td style=\"vertical-align: top; width: 158px;\">Clase A<\/td>\n<td style=\"vertical-align: top; width: 201px;\">Norma: ISO 12945-2<\/td>\n<\/tr>\n<tr>\n<td style=\"vertical-align: top;\">Solidez a la luz<\/td>\n<td style=\"vertical-align: top; width: 158px;\">4-5<\/td>\n<td style=\"vertical-align: top; width: 201px;\">Norma: ISO 105-B02-2013-2<\/td>\n<\/tr>\n<tr>\n<td style=\"vertical-align: top;\">Propiedades ac\u00fasticas<\/td>\n<td style=\"vertical-align: top; width: 158px;\">0,70 \u03b1w<br \/>\nC <span style=\"font-size: 13px;\">(altamente absorbente)<\/span><\/td>\n<td style=\"vertical-align: top; width: 201px;\">Norma: ISO 354: 2004<\/td>\n<\/tr>\n<\/tbody>\n<\/table>\n<p>\u00a0<\/p><\/p>\n","protected":false},"excerpt":{"rendered":"<p>Un terciopelo pesado con propiedades <span style=\"color: #f88523;\"><strong>ac\u00fasticas<\/strong><\/span>, con clasificaci\u00f3n ante el fuego <span style=\"color: #f88523;\"><strong>M1<\/strong><\/span> y disponible en una gama de <strong><span style=\"color: #f88523;\">colores de moda<\/span><\/strong>.<br \/>\nTerciopelo de poli\u00e9ster FR Trevira CS <span style=\"color: #f88523;\"><strong>lavable<\/strong><\/span> y con una buena <strong><span style=\"color: #f88523;\">resistencia a los rayos UV<\/span><\/strong>, que sirve para un uso <span style=\"color: #f88523;\"><strong>tanto en interiores como en exteriores<\/strong><\/span>.<br \/>\nEste terciopelo <span style=\"color: #f88523;\"><strong>opaco<\/strong><\/span> es ideal para la fabricaci\u00f3n de <strong><span style=\"color: #f88523;\">telones para escenarios<\/span><\/strong>.<\/p>\n<table class=\"table\" style=\"background: #f7f7f7;\">\n<tbody>\n<tr>\n<td><strong>Ancho<\/strong>: 140\u00a0cm<\/td>\n<td><strong>Peso<\/strong>: 500 g\/m\u00b2<\/td>\n<\/tr>\n<tr>\n<td><strong>Clasificaci\u00f3n ante el fuego<\/strong>: <img decoding=\"async\" style=\"height: 20px; width: 20px;\" src=\"https:\/\/www.azur-scenic.com\/wp-content\/uploads\/csm_icon-flag-france_3304e5e3f9.png\" \/> M1 <img decoding=\"async\" style=\"height: 20px; width: 20px;\" src=\"https:\/\/www.azur-scenic.com\/wp-content\/uploads\/icon-flag-espagne.png\" \/> C1<\/td>\n<td><strong>Composici\u00f3n<\/strong>: 62 % Trevira CS,<br \/>\n38 % poli\u00e9ster FR<\/td>\n<\/tr>\n<\/tbody>\n<\/table>\n","protected":false},"featured_media":16292,"template":"","meta":{"_acf_changed":false},"product_brand":[],"product_cat":[974,975,939,942,940,941,943,944],"product_tag":[],"class_list":{"0":"post-18122","1":"product","2":"type-product","3":"status-publish","4":"has-post-thumbnail","6":"product_cat-soluciones-acusticas","7":"product_cat-absorcion-acustica","8":"product_cat-tejidos-escenicos-y-para-eventos","9":"product_cat-oscurecimiento","10":"product_cat-terciopelos","11":"product_cat-terciopelo-de-poliester","12":"product_cat-teatro","13":"product_cat-todos-los-productos","14":"pa_couleurs-001-es","15":"pa_couleurs-002-es","16":"pa_couleurs-003-es","17":"pa_couleurs-130-es","18":"pa_couleurs-170-es","19":"pa_couleurs-200-es","20":"pa_couleurs-250-es","21":"pa_couleurs-290-es","22":"pa_couleurs-340-es","23":"pa_couleurs-370-es","24":"pa_couleurs-380-es","25":"pa_couleurs-440-es","26":"pa_couleurs-450-es","27":"pa_couleurs-500-es","28":"pa_couleurs-501-es","29":"pa_couleurs-510-es","30":"pa_couleurs-530-es","31":"pa_couleurs-540-es","32":"pa_couleurs-550-es","33":"pa_couleurs-570-es","34":"pa_couleurs-620-es","35":"pa_couleurs-640-es","36":"pa_couleurs-660-es","37":"pa_couleurs-680-es","38":"pa_couleurs-690-es","39":"pa_couleurs-710-es","40":"pa_couleurs-750-es","41":"pa_couleurs-770-es","42":"pa_couleurs-780-es","43":"pa_couleurs-782-es","44":"pa_couleurs-784-es","45":"pa_couleurs-786-es","46":"pa_couleurs-790-es","47":"pa_couleurs-800-es","48":"pa_couleurs-950-es","49":"pa_couleurs-990-es","50":"pa_groupes-de-couleurs-blanco","51":"pa_groupes-de-couleurs-azules","52":"pa_groupes-de-couleurs-crudo","53":"pa_groupes-de-couleurs-gris","54":"pa_groupes-de-couleurs-amarillos","55":"pa_groupes-de-couleurs-marrones-beige","56":"pa_groupes-de-couleurs-negro","57":"pa_groupes-de-couleurs-naranjas","58":"pa_groupes-de-couleurs-rosas","59":"pa_groupes-de-couleurs-rojos","60":"pa_groupes-de-couleurs-verdes","61":"pa_groupes-de-couleurs-violetas","62":"pa_textiles-absorbente-acustico","63":"pa_textiles-apto-para-uso-en-exteriores","64":"pa_textiles-ignifugo","65":"pa_textiles-lavable","66":"pa_textiles-de-ocultacion-y-o-oscurecimiento","67":"pa_textiles-resistente-a-los-rayos-uv","68":"pa_textiles-trevira-cs","70":"first","71":"instock","72":"shipping-taxable","73":"purchasable","74":"product-type-variable"},"acf":[],"yoast_head":"<!-- This site is optimized with the Yoast SEO plugin v27.3 - https:\/\/yoast.com\/product\/yoast-seo-wordpress\/ -->\n<title>Terciopelo Amazone - Azur Scenic<\/title>\n<meta name=\"description\" content=\"Un terciopelo pesado con propiedades ac\u00fasticas, con clasificaci\u00f3n ante el fuego M1 y disponible en una gama de colores de moda. Terciopelo de poli\u00e9ster FR Trevira CS lavable y con una buena resistencia a los rayos UV, que sirve para un uso tanto en interiores como en exteriores. Este terciopelo opaco es ideal para la fabricaci\u00f3n de telones para escenarios.  Ancho: 140\u00a0cm Peso: 500 g\/m\u00b2  Clasificaci\u00f3n ante el fuego: M1 C1 Composici\u00f3n: 62 % Trevira CS, 38 % poli\u00e9ster FR\" \/>\n<meta name=\"robots\" content=\"index, follow, max-snippet:-1, max-image-preview:large, max-video-preview:-1\" \/>\n<link rel=\"canonical\" href=\"https:\/\/www.azur-scenic.com\/es\/producto\/terciopelo-amazone\/\" \/>\n<meta property=\"og:locale\" content=\"es_ES\" \/>\n<meta property=\"og:type\" content=\"article\" \/>\n<meta property=\"og:title\" content=\"Terciopelo Amazone - Azur Scenic\" \/>\n<meta property=\"og:description\" content=\"Un terciopelo pesado con propiedades ac\u00fasticas, con clasificaci\u00f3n ante el fuego M1 y disponible en una gama de colores de moda. Terciopelo de poli\u00e9ster FR Trevira CS lavable y con una buena resistencia a los rayos UV, que sirve para un uso tanto en interiores como en exteriores. Este terciopelo opaco es ideal para la fabricaci\u00f3n de telones para escenarios.  Ancho: 140\u00a0cm Peso: 500 g\/m\u00b2  Clasificaci\u00f3n ante el fuego: M1 C1 Composici\u00f3n: 62 % Trevira CS, 38 % poli\u00e9ster FR\" \/>\n<meta property=\"og:url\" content=\"https:\/\/www.azur-scenic.com\/es\/producto\/terciopelo-amazone\/\" \/>\n<meta property=\"og:site_name\" content=\"Azur Scenic\" \/>\n<meta property=\"article:modified_time\" content=\"2023-08-02T13:15:01+00:00\" \/>\n<meta property=\"og:image\" content=\"https:\/\/www.azur-scenic.com\/wp-content\/uploads\/Velours-Amazone-Noir-2-scaled.jpg\" \/>\n\t<meta property=\"og:image:width\" content=\"2560\" \/>\n\t<meta property=\"og:image:height\" content=\"2560\" \/>\n\t<meta property=\"og:image:type\" content=\"image\/jpeg\" \/>\n<meta name=\"twitter:card\" content=\"summary_large_image\" \/>\n<script type=\"application\/ld+json\" class=\"yoast-schema-graph\">{\"@context\":\"https:\\\/\\\/schema.org\",\"@graph\":[{\"@type\":\"WebPage\",\"@id\":\"https:\\\/\\\/www.azur-scenic.com\\\/es\\\/producto\\\/terciopelo-amazone\\\/\",\"url\":\"https:\\\/\\\/www.azur-scenic.com\\\/es\\\/producto\\\/terciopelo-amazone\\\/\",\"name\":\"Terciopelo Amazone - Azur Scenic\",\"isPartOf\":{\"@id\":\"https:\\\/\\\/www.azur-scenic.com\\\/es\\\/#website\"},\"primaryImageOfPage\":{\"@id\":\"https:\\\/\\\/www.azur-scenic.com\\\/es\\\/producto\\\/terciopelo-amazone\\\/#primaryimage\"},\"image\":{\"@id\":\"https:\\\/\\\/www.azur-scenic.com\\\/es\\\/producto\\\/terciopelo-amazone\\\/#primaryimage\"},\"thumbnailUrl\":\"https:\\\/\\\/www.azur-scenic.com\\\/wp-content\\\/uploads\\\/Velours-Amazone-Noir-2-scaled.jpg\",\"datePublished\":\"2022-10-04T07:26:35+00:00\",\"dateModified\":\"2023-08-02T13:15:01+00:00\",\"description\":\"Un terciopelo pesado con propiedades ac\u00fasticas, con clasificaci\u00f3n ante el fuego M1 y disponible en una gama de colores de moda. Terciopelo de poli\u00e9ster FR Trevira CS lavable y con una buena resistencia a los rayos UV, que sirve para un uso tanto en interiores como en exteriores. Este terciopelo opaco es ideal para la fabricaci\u00f3n de telones para escenarios. Ancho: 140\u00a0cm Peso: 500 g\\\/m\u00b2 Clasificaci\u00f3n ante el fuego: M1 C1 Composici\u00f3n: 62 % Trevira CS, 38 % poli\u00e9ster FR\",\"breadcrumb\":{\"@id\":\"https:\\\/\\\/www.azur-scenic.com\\\/es\\\/producto\\\/terciopelo-amazone\\\/#breadcrumb\"},\"inLanguage\":\"es\",\"potentialAction\":[{\"@type\":\"ReadAction\",\"target\":[\"https:\\\/\\\/www.azur-scenic.com\\\/es\\\/producto\\\/terciopelo-amazone\\\/\"]}]},{\"@type\":\"ImageObject\",\"inLanguage\":\"es\",\"@id\":\"https:\\\/\\\/www.azur-scenic.com\\\/es\\\/producto\\\/terciopelo-amazone\\\/#primaryimage\",\"url\":\"https:\\\/\\\/www.azur-scenic.com\\\/wp-content\\\/uploads\\\/Velours-Amazone-Noir-2-scaled.jpg\",\"contentUrl\":\"https:\\\/\\\/www.azur-scenic.com\\\/wp-content\\\/uploads\\\/Velours-Amazone-Noir-2-scaled.jpg\",\"width\":2560,\"height\":2560,\"caption\":\"Velours Amazone Noir\"},{\"@type\":\"BreadcrumbList\",\"@id\":\"https:\\\/\\\/www.azur-scenic.com\\\/es\\\/producto\\\/terciopelo-amazone\\\/#breadcrumb\",\"itemListElement\":[{\"@type\":\"ListItem\",\"position\":1,\"name\":\"Accueil\",\"item\":\"https:\\\/\\\/www.azur-scenic.com\\\/es\\\/\"},{\"@type\":\"ListItem\",\"position\":2,\"name\":\"Productos\",\"item\":\"https:\\\/\\\/www.azur-scenic.com\\\/es\\\/?page_id=21440\"},{\"@type\":\"ListItem\",\"position\":3,\"name\":\"Terciopelo Amazone\"}]},{\"@type\":\"WebSite\",\"@id\":\"https:\\\/\\\/www.azur-scenic.com\\\/es\\\/#website\",\"url\":\"https:\\\/\\\/www.azur-scenic.com\\\/es\\\/\",\"name\":\"Azur Scenic\",\"description\":\"Sp\u00e9cialiste de l\u2019\u00e9quipement sc\u00e9nique et de la d\u00e9coration int\u00e9rieure et \u00e9v\u00e9nementielle !\",\"publisher\":{\"@id\":\"https:\\\/\\\/www.azur-scenic.com\\\/es\\\/#organization\"},\"potentialAction\":[{\"@type\":\"SearchAction\",\"target\":{\"@type\":\"EntryPoint\",\"urlTemplate\":\"https:\\\/\\\/www.azur-scenic.com\\\/es\\\/?s={search_term_string}\"},\"query-input\":{\"@type\":\"PropertyValueSpecification\",\"valueRequired\":true,\"valueName\":\"search_term_string\"}}],\"inLanguage\":\"es\"},{\"@type\":\"Organization\",\"@id\":\"https:\\\/\\\/www.azur-scenic.com\\\/es\\\/#organization\",\"name\":\"AZUR SCENIC\",\"url\":\"https:\\\/\\\/www.azur-scenic.com\\\/es\\\/\",\"logo\":{\"@type\":\"ImageObject\",\"inLanguage\":\"es\",\"@id\":\"https:\\\/\\\/www.azur-scenic.com\\\/es\\\/#\\\/schema\\\/logo\\\/image\\\/\",\"url\":\"https:\\\/\\\/www.azur-scenic.com\\\/wp-content\\\/uploads\\\/2022\\\/09\\\/LOGO-AZUR-SCENIC-Fusion-web-236x64-1.jpg\",\"contentUrl\":\"https:\\\/\\\/www.azur-scenic.com\\\/wp-content\\\/uploads\\\/2022\\\/09\\\/LOGO-AZUR-SCENIC-Fusion-web-236x64-1.jpg\",\"width\":236,\"height\":64,\"caption\":\"AZUR SCENIC\"},\"image\":{\"@id\":\"https:\\\/\\\/www.azur-scenic.com\\\/es\\\/#\\\/schema\\\/logo\\\/image\\\/\"},\"sameAs\":[\"https:\\\/\\\/www.youtube.com\\\/channel\\\/UCPWM2mGPVUt4nYhNlm71WOA\",\"https:\\\/\\\/www.linkedin.com\\\/company\\\/33237605\\\/admin\\\/feed\\\/posts\\\/\"]}]}<\/script>\n<!-- \/ Yoast SEO plugin. -->","yoast_head_json":{"title":"Terciopelo Amazone - Azur Scenic","description":"Un terciopelo pesado con propiedades ac\u00fasticas, con clasificaci\u00f3n ante el fuego M1 y disponible en una gama de colores de moda. Terciopelo de poli\u00e9ster FR Trevira CS lavable y con una buena resistencia a los rayos UV, que sirve para un uso tanto en interiores como en exteriores. Este terciopelo opaco es ideal para la fabricaci\u00f3n de telones para escenarios.  Ancho: 140\u00a0cm Peso: 500 g\/m\u00b2  Clasificaci\u00f3n ante el fuego: M1 C1 Composici\u00f3n: 62 % Trevira CS, 38 % poli\u00e9ster FR","robots":{"index":"index","follow":"follow","max-snippet":"max-snippet:-1","max-image-preview":"max-image-preview:large","max-video-preview":"max-video-preview:-1"},"canonical":"https:\/\/www.azur-scenic.com\/es\/producto\/terciopelo-amazone\/","og_locale":"es_ES","og_type":"article","og_title":"Terciopelo Amazone - Azur Scenic","og_description":"Un terciopelo pesado con propiedades ac\u00fasticas, con clasificaci\u00f3n ante el fuego M1 y disponible en una gama de colores de moda. Terciopelo de poli\u00e9ster FR Trevira CS lavable y con una buena resistencia a los rayos UV, que sirve para un uso tanto en interiores como en exteriores. Este terciopelo opaco es ideal para la fabricaci\u00f3n de telones para escenarios.  Ancho: 140\u00a0cm Peso: 500 g\/m\u00b2  Clasificaci\u00f3n ante el fuego: M1 C1 Composici\u00f3n: 62 % Trevira CS, 38 % poli\u00e9ster FR","og_url":"https:\/\/www.azur-scenic.com\/es\/producto\/terciopelo-amazone\/","og_site_name":"Azur Scenic","article_modified_time":"2023-08-02T13:15:01+00:00","og_image":[{"width":2560,"height":2560,"url":"https:\/\/www.azur-scenic.com\/wp-content\/uploads\/Velours-Amazone-Noir-2-scaled.jpg","type":"image\/jpeg"}],"twitter_card":"summary_large_image","schema":{"@context":"https:\/\/schema.org","@graph":[{"@type":"WebPage","@id":"https:\/\/www.azur-scenic.com\/es\/producto\/terciopelo-amazone\/","url":"https:\/\/www.azur-scenic.com\/es\/producto\/terciopelo-amazone\/","name":"Terciopelo Amazone - Azur Scenic","isPartOf":{"@id":"https:\/\/www.azur-scenic.com\/es\/#website"},"primaryImageOfPage":{"@id":"https:\/\/www.azur-scenic.com\/es\/producto\/terciopelo-amazone\/#primaryimage"},"image":{"@id":"https:\/\/www.azur-scenic.com\/es\/producto\/terciopelo-amazone\/#primaryimage"},"thumbnailUrl":"https:\/\/www.azur-scenic.com\/wp-content\/uploads\/Velours-Amazone-Noir-2-scaled.jpg","datePublished":"2022-10-04T07:26:35+00:00","dateModified":"2023-08-02T13:15:01+00:00","description":"Un terciopelo pesado con propiedades ac\u00fasticas, con clasificaci\u00f3n ante el fuego M1 y disponible en una gama de colores de moda. Terciopelo de poli\u00e9ster FR Trevira CS lavable y con una buena resistencia a los rayos UV, que sirve para un uso tanto en interiores como en exteriores. Este terciopelo opaco es ideal para la fabricaci\u00f3n de telones para escenarios. Ancho: 140\u00a0cm Peso: 500 g\/m\u00b2 Clasificaci\u00f3n ante el fuego: M1 C1 Composici\u00f3n: 62 % Trevira CS, 38 % poli\u00e9ster FR","breadcrumb":{"@id":"https:\/\/www.azur-scenic.com\/es\/producto\/terciopelo-amazone\/#breadcrumb"},"inLanguage":"es","potentialAction":[{"@type":"ReadAction","target":["https:\/\/www.azur-scenic.com\/es\/producto\/terciopelo-amazone\/"]}]},{"@type":"ImageObject","inLanguage":"es","@id":"https:\/\/www.azur-scenic.com\/es\/producto\/terciopelo-amazone\/#primaryimage","url":"https:\/\/www.azur-scenic.com\/wp-content\/uploads\/Velours-Amazone-Noir-2-scaled.jpg","contentUrl":"https:\/\/www.azur-scenic.com\/wp-content\/uploads\/Velours-Amazone-Noir-2-scaled.jpg","width":2560,"height":2560,"caption":"Velours Amazone Noir"},{"@type":"BreadcrumbList","@id":"https:\/\/www.azur-scenic.com\/es\/producto\/terciopelo-amazone\/#breadcrumb","itemListElement":[{"@type":"ListItem","position":1,"name":"Accueil","item":"https:\/\/www.azur-scenic.com\/es\/"},{"@type":"ListItem","position":2,"name":"Productos","item":"https:\/\/www.azur-scenic.com\/es\/?page_id=21440"},{"@type":"ListItem","position":3,"name":"Terciopelo Amazone"}]},{"@type":"WebSite","@id":"https:\/\/www.azur-scenic.com\/es\/#website","url":"https:\/\/www.azur-scenic.com\/es\/","name":"Azur Scenic","description":"Sp\u00e9cialiste de l\u2019\u00e9quipement sc\u00e9nique et de la d\u00e9coration int\u00e9rieure et \u00e9v\u00e9nementielle !","publisher":{"@id":"https:\/\/www.azur-scenic.com\/es\/#organization"},"potentialAction":[{"@type":"SearchAction","target":{"@type":"EntryPoint","urlTemplate":"https:\/\/www.azur-scenic.com\/es\/?s={search_term_string}"},"query-input":{"@type":"PropertyValueSpecification","valueRequired":true,"valueName":"search_term_string"}}],"inLanguage":"es"},{"@type":"Organization","@id":"https:\/\/www.azur-scenic.com\/es\/#organization","name":"AZUR SCENIC","url":"https:\/\/www.azur-scenic.com\/es\/","logo":{"@type":"ImageObject","inLanguage":"es","@id":"https:\/\/www.azur-scenic.com\/es\/#\/schema\/logo\/image\/","url":"https:\/\/www.azur-scenic.com\/wp-content\/uploads\/2022\/09\/LOGO-AZUR-SCENIC-Fusion-web-236x64-1.jpg","contentUrl":"https:\/\/www.azur-scenic.com\/wp-content\/uploads\/2022\/09\/LOGO-AZUR-SCENIC-Fusion-web-236x64-1.jpg","width":236,"height":64,"caption":"AZUR SCENIC"},"image":{"@id":"https:\/\/www.azur-scenic.com\/es\/#\/schema\/logo\/image\/"},"sameAs":["https:\/\/www.youtube.com\/channel\/UCPWM2mGPVUt4nYhNlm71WOA","https:\/\/www.linkedin.com\/company\/33237605\/admin\/feed\/posts\/"]}]}},"_links":{"self":[{"href":"https:\/\/www.azur-scenic.com\/es\/wp-json\/wp\/v2\/product\/18122","targetHints":{"allow":["GET"]}}],"collection":[{"href":"https:\/\/www.azur-scenic.com\/es\/wp-json\/wp\/v2\/product"}],"about":[{"href":"https:\/\/www.azur-scenic.com\/es\/wp-json\/wp\/v2\/types\/product"}],"wp:featuredmedia":[{"embeddable":true,"href":"https:\/\/www.azur-scenic.com\/es\/wp-json\/wp\/v2\/media\/16292"}],"wp:attachment":[{"href":"https:\/\/www.azur-scenic.com\/es\/wp-json\/wp\/v2\/media?parent=18122"}],"wp:term":[{"taxonomy":"product_brand","embeddable":true,"href":"https:\/\/www.azur-scenic.com\/es\/wp-json\/wp\/v2\/product_brand?post=18122"},{"taxonomy":"product_cat","embeddable":true,"href":"https:\/\/www.azur-scenic.com\/es\/wp-json\/wp\/v2\/product_cat?post=18122"},{"taxonomy":"product_tag","embeddable":true,"href":"https:\/\/www.azur-scenic.com\/es\/wp-json\/wp\/v2\/product_tag?post=18122"}],"curies":[{"name":"wp","href":"https:\/\/api.w.org\/{rel}","templated":true}]}}