{"id":18234,"date":"2022-10-04T07:26:27","date_gmt":"2022-10-04T07:26:27","guid":{"rendered":"https:\/\/www.azur-scenic.com\/produit\/velours-narbonne\/"},"modified":"2023-08-02T13:15:20","modified_gmt":"2023-08-02T13:15:20","slug":"terciopelo-narbonne","status":"publish","type":"product","link":"https:\/\/www.azur-scenic.com\/es\/producto\/terciopelo-narbonne\/","title":{"rendered":"Terciopelo Narbonne"},"content":{"rendered":"<table>\n<thead>\n<tr>\n<th style=\"width: 170px;\">Datos t\u00e9cnicos<\/th>\n<th style=\"width: 104px;\">Valor<\/th>\n<th style=\"width: 198px;\">Comentarios<\/th>\n<\/tr>\n<\/thead>\n<tbody>\n<tr>\n<td style=\"vertical-align: top;\">Ancho<\/td>\n<td style=\"vertical-align: top; width: 104px;\">\u00b1 140 &#8211; 145\u00a0cm<\/td>\n<td style=\"vertical-align: top; width: 198px;\">\u00a0<\/td>\n<\/tr>\n<tr>\n<td style=\"vertical-align: top;\">Peso<\/td>\n<td style=\"vertical-align: top; width: 104px;\">500 g\/m\u00b2<\/td>\n<td style=\"vertical-align: top; width: 198px;\">\u00a0<\/td>\n<\/tr>\n<tr>\n<td style=\"vertical-align: top;\">Grosor<\/td>\n<td style=\"vertical-align: top; width: 104px;\">1,85\u00a0mm<\/td>\n<td style=\"vertical-align: top; width: 198px;\">\u00a0<\/td>\n<\/tr>\n<tr>\n<td style=\"vertical-align: top;\">Clasificaci\u00f3n ante el fuego<\/td>\n<td style=\"vertical-align: top; width: 104px;\"><img decoding=\"async\" style=\"height: 20px; width: 20px;\" src=\"https:\/\/www.azur-scenic.com\/wp-content\/uploads\/csm_icon-flag-france_3304e5e3f9.png\" \/> M1<\/td>\n<td style=\"vertical-align: top; width: 198px;\">\u00a0<\/td>\n<\/tr>\n<tr>\n<td style=\"vertical-align: top;\">Composici\u00f3n<\/td>\n<td style=\"vertical-align: top; width: 104px;\">100 % algod\u00f3n<\/td>\n<td style=\"vertical-align: top; width: 198px;\">\u00a0<\/td>\n<\/tr>\n<tr>\n<td style=\"vertical-align: top;\">Longitud del rollo<\/td>\n<td style=\"vertical-align: top; width: 104px;\">Aprox. 30 m<\/td>\n<td style=\"vertical-align: top; width: 198px;\">Piezas no calibradas, el metraje de las piezas puede variar<br \/>\nPosibilidad de venta al corte<\/td>\n<\/tr>\n<tr>\n<td style=\"vertical-align: top;\">Resistencia a la rotura<\/td>\n<td style=\"vertical-align: top; width: 104px;\">Urdimbre: > 40\u00a0kg<br \/>\nTrama: > 69\u00a0kg<\/td>\n<td style=\"vertical-align: top; width: 198px;\">Norma: ISO 13934-1<\/td>\n<\/tr>\n<tr>\n<td style=\"vertical-align: top;\">Alargamiento hasta la rotura<\/td>\n<td style=\"vertical-align: top; width: 104px;\">Urdimbre: > 3 %<br \/>\nTrama: > 11 %<\/td>\n<td style=\"vertical-align: top; width: 198px;\">Norma: ISO 13934-1<\/td>\n<\/tr>\n<tr>\n<td style=\"vertical-align: top;\">Propiedades ac\u00fasticas<br \/>\nWSAC<br \/>\nSAC<br \/>\nNRC<br \/>\nSAA<\/td>\n<td style=\"vertical-align: top; width: 104px;\">0,75 \u03b1w<br \/>\nC <span style=\"font-size: 10px;\">(altamente absorbente)<\/span><br \/>\n0,80<br \/>\n0,80<\/td>\n<td style=\"vertical-align: top; width: 198px;\">Normas:<br \/>\nISO 354 &#8211;\u00a0ISO 11654\u00a0&#8211;\u00a0ASTM C423<\/td>\n<\/tr>\n<\/tbody>\n<\/table>\n<p>\u00a0<\/p><\/p>\n","protected":false},"excerpt":{"rendered":"<p>Un terciopelo afelpado que combina una calidad de alta gama con un precio accesible, <span style=\"color: #f88523;\"><strong>pesado<\/strong><\/span>, <span style=\"color: #f88523;\"><strong>opaco<\/strong><\/span> y con una clasificaci\u00f3n ante el fuego <strong><span style=\"color: #f88523;\">M1<\/span><\/strong>.<br \/>\nEst\u00e1 disponible en\u00a0<span style=\"color: #f88523;\"><strong>negro intenso<\/strong><\/span> sumamente <span style=\"color: #f88523;\"><strong>mate<\/strong><\/span>, obtenido mediante un doble te\u00f1ido continuo en un tejido de alta densidad de fibras.<br \/>\nEste terciopelo de <strong><span style=\"color: #f88523;\">gran estabilidad<\/span><\/strong> se adapta especialmente a la fabricaci\u00f3n de <span style=\"color: #f88523;\"><strong>telones para escenarios<\/strong><\/span> (teatros, \u00f3peras, etc.)<\/p>\n<table class=\"table\" style=\"background: #f7f7f7;\">\n<tbody>\n<tr>\n<td><strong>Ancho<\/strong>: \u00b1 140 &#8211; 145\u00a0cm<\/td>\n<td><strong>Peso<\/strong>: 500 g\/m\u00b2<\/td>\n<\/tr>\n<tr>\n<td><strong>Clasificaci\u00f3n ante el fuego<\/strong>: <img decoding=\"async\" style=\"height: 20px; width: 20px;\" src=\"https:\/\/www.azur-scenic.com\/wp-content\/uploads\/csm_icon-flag-france_3304e5e3f9.png\" \/> M1<\/td>\n<td style=\"vertical-align: top;\"><strong>Composici\u00f3n<\/strong>: 100 % algod\u00f3n<\/td>\n<\/tr>\n<\/tbody>\n<\/table>\n","protected":false},"featured_media":7316,"template":"","meta":{"_acf_changed":false},"product_brand":[],"product_cat":[939,942,940,1462,944],"product_tag":[],"class_list":{"0":"post-18234","1":"product","2":"type-product","3":"status-publish","4":"has-post-thumbnail","6":"product_cat-tejidos-escenicos-y-para-eventos","7":"product_cat-oscurecimiento","8":"product_cat-terciopelos","9":"product_cat-terciopelos-de-algodon","10":"product_cat-todos-los-productos","11":"pa_couleurs-003-es","12":"pa_groupes-de-couleurs-negro","13":"pa_textiles-absorbente-acustico","14":"pa_textiles-ignifugo","15":"pa_textiles-de-ocultacion-y-o-oscurecimiento","17":"first","18":"instock","19":"shipping-taxable","20":"purchasable","21":"product-type-simple"},"acf":[],"yoast_head":"<!-- This site is optimized with the Yoast SEO plugin v27.3 - https:\/\/yoast.com\/product\/yoast-seo-wordpress\/ -->\n<title>Terciopelo Narbonne - Azur Scenic<\/title>\n<meta name=\"description\" content=\"Un terciopelo afelpado que combina una calidad de alta gama con un precio accesible, pesado, opaco y con una clasificaci\u00f3n ante el fuego M1. Est\u00e1 disponible en\u00a0negro intenso sumamente mate, obtenido mediante un doble te\u00f1ido continuo en un tejido de alta densidad de fibras. Este terciopelo de gran estabilidad se adapta especialmente a la fabricaci\u00f3n de telones para escenarios (teatros, \u00f3peras, etc.)  Ancho: \u00b1 140 - 145\u00a0cm Peso: 500 g\/m\u00b2  Clasificaci\u00f3n ante el fuego: M1 Composici\u00f3n: 100 % algod\u00f3n\" \/>\n<meta name=\"robots\" content=\"index, follow, max-snippet:-1, max-image-preview:large, max-video-preview:-1\" \/>\n<link rel=\"canonical\" href=\"https:\/\/www.azur-scenic.com\/es\/producto\/terciopelo-narbonne\/\" \/>\n<meta property=\"og:locale\" content=\"es_ES\" \/>\n<meta property=\"og:type\" content=\"article\" \/>\n<meta property=\"og:title\" content=\"Terciopelo Narbonne - Azur Scenic\" \/>\n<meta property=\"og:description\" content=\"Un terciopelo afelpado que combina una calidad de alta gama con un precio accesible, pesado, opaco y con una clasificaci\u00f3n ante el fuego M1. Est\u00e1 disponible en\u00a0negro intenso sumamente mate, obtenido mediante un doble te\u00f1ido continuo en un tejido de alta densidad de fibras. Este terciopelo de gran estabilidad se adapta especialmente a la fabricaci\u00f3n de telones para escenarios (teatros, \u00f3peras, etc.)  Ancho: \u00b1 140 - 145\u00a0cm Peso: 500 g\/m\u00b2  Clasificaci\u00f3n ante el fuego: M1 Composici\u00f3n: 100 % algod\u00f3n\" \/>\n<meta property=\"og:url\" content=\"https:\/\/www.azur-scenic.com\/es\/producto\/terciopelo-narbonne\/\" \/>\n<meta property=\"og:site_name\" content=\"Azur Scenic\" \/>\n<meta property=\"article:modified_time\" content=\"2023-08-02T13:15:20+00:00\" \/>\n<meta property=\"og:image\" content=\"https:\/\/www.azur-scenic.com\/wp-content\/uploads\/3fc7e9272d4b4ef25a35dab4ebb18520-scaled.jpg\" \/>\n\t<meta property=\"og:image:width\" content=\"2560\" \/>\n\t<meta property=\"og:image:height\" content=\"2560\" \/>\n\t<meta property=\"og:image:type\" content=\"image\/jpeg\" \/>\n<meta name=\"twitter:card\" content=\"summary_large_image\" \/>\n<script type=\"application\/ld+json\" class=\"yoast-schema-graph\">{\"@context\":\"https:\\\/\\\/schema.org\",\"@graph\":[{\"@type\":\"WebPage\",\"@id\":\"https:\\\/\\\/www.azur-scenic.com\\\/es\\\/producto\\\/terciopelo-narbonne\\\/\",\"url\":\"https:\\\/\\\/www.azur-scenic.com\\\/es\\\/producto\\\/terciopelo-narbonne\\\/\",\"name\":\"Terciopelo Narbonne - Azur Scenic\",\"isPartOf\":{\"@id\":\"https:\\\/\\\/www.azur-scenic.com\\\/es\\\/#website\"},\"primaryImageOfPage\":{\"@id\":\"https:\\\/\\\/www.azur-scenic.com\\\/es\\\/producto\\\/terciopelo-narbonne\\\/#primaryimage\"},\"image\":{\"@id\":\"https:\\\/\\\/www.azur-scenic.com\\\/es\\\/producto\\\/terciopelo-narbonne\\\/#primaryimage\"},\"thumbnailUrl\":\"https:\\\/\\\/www.azur-scenic.com\\\/wp-content\\\/uploads\\\/3fc7e9272d4b4ef25a35dab4ebb18520-scaled.jpg\",\"datePublished\":\"2022-10-04T07:26:27+00:00\",\"dateModified\":\"2023-08-02T13:15:20+00:00\",\"description\":\"Un terciopelo afelpado que combina una calidad de alta gama con un precio accesible, pesado, opaco y con una clasificaci\u00f3n ante el fuego M1. Est\u00e1 disponible en\u00a0negro intenso sumamente mate, obtenido mediante un doble te\u00f1ido continuo en un tejido de alta densidad de fibras. Este terciopelo de gran estabilidad se adapta especialmente a la fabricaci\u00f3n de telones para escenarios (teatros, \u00f3peras, etc.) Ancho: \u00b1 140 - 145\u00a0cm Peso: 500 g\\\/m\u00b2 Clasificaci\u00f3n ante el fuego: M1 Composici\u00f3n: 100 % algod\u00f3n\",\"breadcrumb\":{\"@id\":\"https:\\\/\\\/www.azur-scenic.com\\\/es\\\/producto\\\/terciopelo-narbonne\\\/#breadcrumb\"},\"inLanguage\":\"es\",\"potentialAction\":[{\"@type\":\"ReadAction\",\"target\":[\"https:\\\/\\\/www.azur-scenic.com\\\/es\\\/producto\\\/terciopelo-narbonne\\\/\"]}]},{\"@type\":\"ImageObject\",\"inLanguage\":\"es\",\"@id\":\"https:\\\/\\\/www.azur-scenic.com\\\/es\\\/producto\\\/terciopelo-narbonne\\\/#primaryimage\",\"url\":\"https:\\\/\\\/www.azur-scenic.com\\\/wp-content\\\/uploads\\\/3fc7e9272d4b4ef25a35dab4ebb18520-scaled.jpg\",\"contentUrl\":\"https:\\\/\\\/www.azur-scenic.com\\\/wp-content\\\/uploads\\\/3fc7e9272d4b4ef25a35dab4ebb18520-scaled.jpg\",\"width\":2560,\"height\":2560},{\"@type\":\"BreadcrumbList\",\"@id\":\"https:\\\/\\\/www.azur-scenic.com\\\/es\\\/producto\\\/terciopelo-narbonne\\\/#breadcrumb\",\"itemListElement\":[{\"@type\":\"ListItem\",\"position\":1,\"name\":\"Accueil\",\"item\":\"https:\\\/\\\/www.azur-scenic.com\\\/es\\\/\"},{\"@type\":\"ListItem\",\"position\":2,\"name\":\"Productos\",\"item\":\"https:\\\/\\\/www.azur-scenic.com\\\/es\\\/?page_id=21440\"},{\"@type\":\"ListItem\",\"position\":3,\"name\":\"Terciopelo Narbonne\"}]},{\"@type\":\"WebSite\",\"@id\":\"https:\\\/\\\/www.azur-scenic.com\\\/es\\\/#website\",\"url\":\"https:\\\/\\\/www.azur-scenic.com\\\/es\\\/\",\"name\":\"Azur Scenic\",\"description\":\"Sp\u00e9cialiste de l\u2019\u00e9quipement sc\u00e9nique et de la d\u00e9coration int\u00e9rieure et \u00e9v\u00e9nementielle !\",\"publisher\":{\"@id\":\"https:\\\/\\\/www.azur-scenic.com\\\/es\\\/#organization\"},\"potentialAction\":[{\"@type\":\"SearchAction\",\"target\":{\"@type\":\"EntryPoint\",\"urlTemplate\":\"https:\\\/\\\/www.azur-scenic.com\\\/es\\\/?s={search_term_string}\"},\"query-input\":{\"@type\":\"PropertyValueSpecification\",\"valueRequired\":true,\"valueName\":\"search_term_string\"}}],\"inLanguage\":\"es\"},{\"@type\":\"Organization\",\"@id\":\"https:\\\/\\\/www.azur-scenic.com\\\/es\\\/#organization\",\"name\":\"AZUR SCENIC\",\"url\":\"https:\\\/\\\/www.azur-scenic.com\\\/es\\\/\",\"logo\":{\"@type\":\"ImageObject\",\"inLanguage\":\"es\",\"@id\":\"https:\\\/\\\/www.azur-scenic.com\\\/es\\\/#\\\/schema\\\/logo\\\/image\\\/\",\"url\":\"https:\\\/\\\/www.azur-scenic.com\\\/wp-content\\\/uploads\\\/2022\\\/09\\\/LOGO-AZUR-SCENIC-Fusion-web-236x64-1.jpg\",\"contentUrl\":\"https:\\\/\\\/www.azur-scenic.com\\\/wp-content\\\/uploads\\\/2022\\\/09\\\/LOGO-AZUR-SCENIC-Fusion-web-236x64-1.jpg\",\"width\":236,\"height\":64,\"caption\":\"AZUR SCENIC\"},\"image\":{\"@id\":\"https:\\\/\\\/www.azur-scenic.com\\\/es\\\/#\\\/schema\\\/logo\\\/image\\\/\"},\"sameAs\":[\"https:\\\/\\\/www.youtube.com\\\/channel\\\/UCPWM2mGPVUt4nYhNlm71WOA\",\"https:\\\/\\\/www.linkedin.com\\\/company\\\/33237605\\\/admin\\\/feed\\\/posts\\\/\"]}]}<\/script>\n<!-- \/ Yoast SEO plugin. -->","yoast_head_json":{"title":"Terciopelo Narbonne - Azur Scenic","description":"Un terciopelo afelpado que combina una calidad de alta gama con un precio accesible, pesado, opaco y con una clasificaci\u00f3n ante el fuego M1. Est\u00e1 disponible en\u00a0negro intenso sumamente mate, obtenido mediante un doble te\u00f1ido continuo en un tejido de alta densidad de fibras. Este terciopelo de gran estabilidad se adapta especialmente a la fabricaci\u00f3n de telones para escenarios (teatros, \u00f3peras, etc.)  Ancho: \u00b1 140 - 145\u00a0cm Peso: 500 g\/m\u00b2  Clasificaci\u00f3n ante el fuego: M1 Composici\u00f3n: 100 % algod\u00f3n","robots":{"index":"index","follow":"follow","max-snippet":"max-snippet:-1","max-image-preview":"max-image-preview:large","max-video-preview":"max-video-preview:-1"},"canonical":"https:\/\/www.azur-scenic.com\/es\/producto\/terciopelo-narbonne\/","og_locale":"es_ES","og_type":"article","og_title":"Terciopelo Narbonne - Azur Scenic","og_description":"Un terciopelo afelpado que combina una calidad de alta gama con un precio accesible, pesado, opaco y con una clasificaci\u00f3n ante el fuego M1. Est\u00e1 disponible en\u00a0negro intenso sumamente mate, obtenido mediante un doble te\u00f1ido continuo en un tejido de alta densidad de fibras. Este terciopelo de gran estabilidad se adapta especialmente a la fabricaci\u00f3n de telones para escenarios (teatros, \u00f3peras, etc.)  Ancho: \u00b1 140 - 145\u00a0cm Peso: 500 g\/m\u00b2  Clasificaci\u00f3n ante el fuego: M1 Composici\u00f3n: 100 % algod\u00f3n","og_url":"https:\/\/www.azur-scenic.com\/es\/producto\/terciopelo-narbonne\/","og_site_name":"Azur Scenic","article_modified_time":"2023-08-02T13:15:20+00:00","og_image":[{"width":2560,"height":2560,"url":"https:\/\/www.azur-scenic.com\/wp-content\/uploads\/3fc7e9272d4b4ef25a35dab4ebb18520-scaled.jpg","type":"image\/jpeg"}],"twitter_card":"summary_large_image","schema":{"@context":"https:\/\/schema.org","@graph":[{"@type":"WebPage","@id":"https:\/\/www.azur-scenic.com\/es\/producto\/terciopelo-narbonne\/","url":"https:\/\/www.azur-scenic.com\/es\/producto\/terciopelo-narbonne\/","name":"Terciopelo Narbonne - Azur Scenic","isPartOf":{"@id":"https:\/\/www.azur-scenic.com\/es\/#website"},"primaryImageOfPage":{"@id":"https:\/\/www.azur-scenic.com\/es\/producto\/terciopelo-narbonne\/#primaryimage"},"image":{"@id":"https:\/\/www.azur-scenic.com\/es\/producto\/terciopelo-narbonne\/#primaryimage"},"thumbnailUrl":"https:\/\/www.azur-scenic.com\/wp-content\/uploads\/3fc7e9272d4b4ef25a35dab4ebb18520-scaled.jpg","datePublished":"2022-10-04T07:26:27+00:00","dateModified":"2023-08-02T13:15:20+00:00","description":"Un terciopelo afelpado que combina una calidad de alta gama con un precio accesible, pesado, opaco y con una clasificaci\u00f3n ante el fuego M1. Est\u00e1 disponible en\u00a0negro intenso sumamente mate, obtenido mediante un doble te\u00f1ido continuo en un tejido de alta densidad de fibras. Este terciopelo de gran estabilidad se adapta especialmente a la fabricaci\u00f3n de telones para escenarios (teatros, \u00f3peras, etc.) Ancho: \u00b1 140 - 145\u00a0cm Peso: 500 g\/m\u00b2 Clasificaci\u00f3n ante el fuego: M1 Composici\u00f3n: 100 % algod\u00f3n","breadcrumb":{"@id":"https:\/\/www.azur-scenic.com\/es\/producto\/terciopelo-narbonne\/#breadcrumb"},"inLanguage":"es","potentialAction":[{"@type":"ReadAction","target":["https:\/\/www.azur-scenic.com\/es\/producto\/terciopelo-narbonne\/"]}]},{"@type":"ImageObject","inLanguage":"es","@id":"https:\/\/www.azur-scenic.com\/es\/producto\/terciopelo-narbonne\/#primaryimage","url":"https:\/\/www.azur-scenic.com\/wp-content\/uploads\/3fc7e9272d4b4ef25a35dab4ebb18520-scaled.jpg","contentUrl":"https:\/\/www.azur-scenic.com\/wp-content\/uploads\/3fc7e9272d4b4ef25a35dab4ebb18520-scaled.jpg","width":2560,"height":2560},{"@type":"BreadcrumbList","@id":"https:\/\/www.azur-scenic.com\/es\/producto\/terciopelo-narbonne\/#breadcrumb","itemListElement":[{"@type":"ListItem","position":1,"name":"Accueil","item":"https:\/\/www.azur-scenic.com\/es\/"},{"@type":"ListItem","position":2,"name":"Productos","item":"https:\/\/www.azur-scenic.com\/es\/?page_id=21440"},{"@type":"ListItem","position":3,"name":"Terciopelo Narbonne"}]},{"@type":"WebSite","@id":"https:\/\/www.azur-scenic.com\/es\/#website","url":"https:\/\/www.azur-scenic.com\/es\/","name":"Azur Scenic","description":"Sp\u00e9cialiste de l\u2019\u00e9quipement sc\u00e9nique et de la d\u00e9coration int\u00e9rieure et \u00e9v\u00e9nementielle !","publisher":{"@id":"https:\/\/www.azur-scenic.com\/es\/#organization"},"potentialAction":[{"@type":"SearchAction","target":{"@type":"EntryPoint","urlTemplate":"https:\/\/www.azur-scenic.com\/es\/?s={search_term_string}"},"query-input":{"@type":"PropertyValueSpecification","valueRequired":true,"valueName":"search_term_string"}}],"inLanguage":"es"},{"@type":"Organization","@id":"https:\/\/www.azur-scenic.com\/es\/#organization","name":"AZUR SCENIC","url":"https:\/\/www.azur-scenic.com\/es\/","logo":{"@type":"ImageObject","inLanguage":"es","@id":"https:\/\/www.azur-scenic.com\/es\/#\/schema\/logo\/image\/","url":"https:\/\/www.azur-scenic.com\/wp-content\/uploads\/2022\/09\/LOGO-AZUR-SCENIC-Fusion-web-236x64-1.jpg","contentUrl":"https:\/\/www.azur-scenic.com\/wp-content\/uploads\/2022\/09\/LOGO-AZUR-SCENIC-Fusion-web-236x64-1.jpg","width":236,"height":64,"caption":"AZUR SCENIC"},"image":{"@id":"https:\/\/www.azur-scenic.com\/es\/#\/schema\/logo\/image\/"},"sameAs":["https:\/\/www.youtube.com\/channel\/UCPWM2mGPVUt4nYhNlm71WOA","https:\/\/www.linkedin.com\/company\/33237605\/admin\/feed\/posts\/"]}]}},"_links":{"self":[{"href":"https:\/\/www.azur-scenic.com\/es\/wp-json\/wp\/v2\/product\/18234","targetHints":{"allow":["GET"]}}],"collection":[{"href":"https:\/\/www.azur-scenic.com\/es\/wp-json\/wp\/v2\/product"}],"about":[{"href":"https:\/\/www.azur-scenic.com\/es\/wp-json\/wp\/v2\/types\/product"}],"wp:featuredmedia":[{"embeddable":true,"href":"https:\/\/www.azur-scenic.com\/es\/wp-json\/wp\/v2\/media\/7316"}],"wp:attachment":[{"href":"https:\/\/www.azur-scenic.com\/es\/wp-json\/wp\/v2\/media?parent=18234"}],"wp:term":[{"taxonomy":"product_brand","embeddable":true,"href":"https:\/\/www.azur-scenic.com\/es\/wp-json\/wp\/v2\/product_brand?post=18234"},{"taxonomy":"product_cat","embeddable":true,"href":"https:\/\/www.azur-scenic.com\/es\/wp-json\/wp\/v2\/product_cat?post=18234"},{"taxonomy":"product_tag","embeddable":true,"href":"https:\/\/www.azur-scenic.com\/es\/wp-json\/wp\/v2\/product_tag?post=18234"}],"curies":[{"name":"wp","href":"https:\/\/api.w.org\/{rel}","templated":true}]}}