{"id":18355,"date":"2022-10-04T07:26:23","date_gmt":"2022-10-04T07:26:23","guid":{"rendered":"https:\/\/www.azur-scenic.com\/produit\/velours-pleyel\/"},"modified":"2023-08-02T13:15:24","modified_gmt":"2023-08-02T13:15:24","slug":"terciopelo-pleyel","status":"publish","type":"product","link":"https:\/\/www.azur-scenic.com\/es\/producto\/terciopelo-pleyel\/","title":{"rendered":"Terciopelo Pleyel"},"content":{"rendered":"<table>\n<thead>\n<tr>\n<th style=\"width: 160px;\">Datos t\u00e9cnicos<\/th>\n<th style=\"width: 178px;\">Valor<\/th>\n<th style=\"width: 168px;\">Comentarios<\/th>\n<\/tr>\n<\/thead>\n<tbody>\n<tr>\n<td style=\"vertical-align: top; width: 160px;\">Ancho<\/td>\n<td style=\"vertical-align: top; width: 178px;\">\u00b1 140\u00a0cm<\/td>\n<td style=\"vertical-align: top; width: 168px;\">\u00a0<\/td>\n<\/tr>\n<tr>\n<td style=\"vertical-align: top; width: 160px;\">Peso<\/td>\n<td style=\"vertical-align: top; width: 178px;\">700 g\/m\u00b2<\/td>\n<td style=\"vertical-align: top; width: 168px;\">\u00a0<\/td>\n<\/tr>\n<tr>\n<td style=\"vertical-align: top; width: 160px;\">Grosor<\/td>\n<td style=\"vertical-align: top; width: 178px;\">3\u00a0mm<\/td>\n<td style=\"vertical-align: top; width: 168px;\">\u00a0<\/td>\n<\/tr>\n<tr>\n<td style=\"vertical-align: top; width: 160px;\">Clasificaci\u00f3n ante el fuego<\/td>\n<td style=\"vertical-align: top; width: 178px;\"><img decoding=\"async\" style=\"height: 20px; width: 20px;\" src=\"https:\/\/www.azur-scenic.com\/wp-content\/uploads\/csm_icon-flag-france_3304e5e3f9.png\" \/> M1<\/td>\n<td style=\"vertical-align: top; width: 168px;\">\u00a0<\/td>\n<td style=\"vertical-align: top;\">\u00a0<\/td>\n<\/tr>\n<tr>\n<td style=\"vertical-align: top; width: 160px;\">Composici\u00f3n<\/td>\n<td style=\"vertical-align: top; width: 178px;\">100 % algod\u00f3n<\/td>\n<td style=\"vertical-align: top; width: 168px;\">\u00a0<\/td>\n<\/tr>\n<tr>\n<td style=\"vertical-align: top; width: 160px;\">Longitud del rollo<\/td>\n<td style=\"vertical-align: top; width: 178px;\">Aprox. 30 m<\/td>\n<td style=\"vertical-align: top; width: 168px;\">Piezas no calibradas, el metraje de las piezas puede variar<br \/>\nPosibilidad de venta al corte<\/td>\n<\/tr>\n<tr>\n<td style=\"vertical-align: top; width: 160px;\">Resistencia al desgarro<\/td>\n<td style=\"vertical-align: top; width: 178px;\">Urdimbre: 20 N<br \/>\nTrama: 14 N<\/td>\n<td style=\"vertical-align: top; width: 168px;\">\u00a0<\/td>\n<\/tr>\n<tr>\n<td style=\"vertical-align: top; width: 160px;\">Resistencia a la rotura<\/td>\n<td style=\"vertical-align: top; width: 178px;\">Urdimbre: 222 N<br \/>\nTrama: 178 N<\/td>\n<td style=\"vertical-align: top; width: 168px;\">\u00a0<\/td>\n<\/tr>\n<tr>\n<td style=\"vertical-align: top; width: 160px;\">Alargamiento hasta la rotura<\/td>\n<td style=\"vertical-align: top; width: 178px;\">Urdimbre: 9 %<br \/>\nTrama: 12 %<\/td>\n<td style=\"vertical-align: top; width: 168px;\">\u00a0<\/td>\n<\/tr>\n<tr>\n<td style=\"vertical-align: top; width: 160px;\">Propiedades ac\u00fasticas<\/td>\n<td style=\"vertical-align: top; width: 178px;\">0,60 \u03b1w<br \/>\nC <span style=\"font-size: 13px;\">(altamente absorbente)<\/span><\/td>\n<td style=\"vertical-align: top; width: 168px;\">Norma:<br \/>\nISO 354: 2004<\/td>\n<\/tr>\n<\/tbody>\n<\/table>\n<p>\u00a0<\/p><\/p>\n","protected":false},"excerpt":{"rendered":"<p>El terciopelo esc\u00e9nico m\u00e1s <strong><span style=\"color: #f88523;\">pesado<\/span><\/strong> del mercado, con <span style=\"color: #f88523;\"><strong>aspecto lujoso<\/strong><\/span> (tejido con alta densidad de pelo), con clasificaci\u00f3n ante el fuego <strong><span style=\"color: #f88523;\">M1<\/span><\/strong>, que combina una s\u00f3lida <strong><span style=\"color: #f88523;\">absorci\u00f3n ac\u00fastica<\/span><\/strong>, une bella <span style=\"color: #f88523;\"><strong>opacidad<\/strong><\/span> y una \u00f3ptima resistencia al calor.<br \/>\nEste terciopelo, tejido en <strong><span style=\"color: #f88523;\">pelo corto<\/span><\/strong>, ofrece cualidades muy apreciables para tus equipamientos esc\u00e9nicos: reducci\u00f3n de brillo para lograr un <span style=\"color: #f88523;\"><strong>negro profundo y uniforme<\/strong><\/span>, reducci\u00f3n de la adherencia del polvo y reducci\u00f3n del efecto arrugado.<br \/>\nEste terciopelo est\u00e1 especialmente indicado para la fabricaci\u00f3n de <span style=\"color: #f88523;\"><strong>telones para escenarios<\/strong><\/span>, <span style=\"color: #f88523;\"><strong>patas<\/strong><\/span>, etc.<br \/>\nDe algod\u00f3n ign\u00edfugo, se recomienda para usar en interiores.<\/p>\n<table class=\"table\" style=\"background: #f7f7f7;\">\n<tbody>\n<tr>\n<td><strong>Ancho<\/strong>: \u00b1 140\u00a0cm<\/td>\n<td><strong>Peso<\/strong>: 700 g\/m\u00b2<\/td>\n<\/tr>\n<tr>\n<td><strong>Clasificaci\u00f3n ante el fuego<\/strong>: <img decoding=\"async\" style=\"height: 20px; width: 20px;\" src=\"https:\/\/www.azur-scenic.com\/wp-content\/uploads\/csm_icon-flag-france_3304e5e3f9.png\" \/> M1<\/td>\n<td style=\"vertical-align: top;\"><strong>Composici\u00f3n<\/strong>: 100 % algod\u00f3n<\/td>\n<\/tr>\n<\/tbody>\n<\/table>\n","protected":false},"featured_media":7277,"template":"","meta":{"_acf_changed":false},"product_brand":[],"product_cat":[974,975,939,942,940,1462,944],"product_tag":[],"class_list":{"0":"post-18355","1":"product","2":"type-product","3":"status-publish","4":"has-post-thumbnail","6":"product_cat-soluciones-acusticas","7":"product_cat-absorcion-acustica","8":"product_cat-tejidos-escenicos-y-para-eventos","9":"product_cat-oscurecimiento","10":"product_cat-terciopelos","11":"product_cat-terciopelos-de-algodon","12":"product_cat-todos-los-productos","13":"pa_couleurs-003-es","14":"pa_groupes-de-couleurs-negro","15":"pa_textiles-absorbente-acustico","16":"pa_textiles-ignifugo","17":"pa_textiles-de-ocultacion-y-o-oscurecimiento","19":"first","20":"instock","21":"shipping-taxable","22":"purchasable","23":"product-type-simple"},"acf":[],"yoast_head":"<!-- This site is optimized with the Yoast SEO plugin v27.3 - https:\/\/yoast.com\/product\/yoast-seo-wordpress\/ -->\n<title>Terciopelo Pleyel - Azur Scenic<\/title>\n<meta name=\"description\" content=\"El terciopelo esc\u00e9nico m\u00e1s pesado del mercado, con aspecto lujoso (tejido con alta densidad de pelo), con clasificaci\u00f3n ante el fuego M1, que combina una s\u00f3lida absorci\u00f3n ac\u00fastica, une bella opacidad y una \u00f3ptima resistencia al calor. Este terciopelo, tejido en pelo corto, ofrece cualidades muy apreciables para tus equipamientos esc\u00e9nicos: reducci\u00f3n de brillo para lograr un negro profundo y uniforme, reducci\u00f3n de la adherencia del polvo y reducci\u00f3n del efecto arrugado. Este terciopelo est\u00e1 especialmente indicado para la fabricaci\u00f3n de telones para escenarios, patas, etc. De algod\u00f3n ign\u00edfugo, se recomienda para usar en interiores.  Ancho: \u00b1 140\u00a0cm Peso: 700 g\/m\u00b2  Clasificaci\u00f3n ante el fuego: M1 Composici\u00f3n: 100 % algod\u00f3n\" \/>\n<meta name=\"robots\" content=\"index, follow, max-snippet:-1, max-image-preview:large, max-video-preview:-1\" \/>\n<link rel=\"canonical\" href=\"https:\/\/www.azur-scenic.com\/es\/producto\/terciopelo-pleyel\/\" \/>\n<meta property=\"og:locale\" content=\"es_ES\" \/>\n<meta property=\"og:type\" content=\"article\" \/>\n<meta property=\"og:title\" content=\"Terciopelo Pleyel - Azur Scenic\" \/>\n<meta property=\"og:description\" content=\"El terciopelo esc\u00e9nico m\u00e1s pesado del mercado, con aspecto lujoso (tejido con alta densidad de pelo), con clasificaci\u00f3n ante el fuego M1, que combina una s\u00f3lida absorci\u00f3n ac\u00fastica, une bella opacidad y una \u00f3ptima resistencia al calor. Este terciopelo, tejido en pelo corto, ofrece cualidades muy apreciables para tus equipamientos esc\u00e9nicos: reducci\u00f3n de brillo para lograr un negro profundo y uniforme, reducci\u00f3n de la adherencia del polvo y reducci\u00f3n del efecto arrugado. Este terciopelo est\u00e1 especialmente indicado para la fabricaci\u00f3n de telones para escenarios, patas, etc. De algod\u00f3n ign\u00edfugo, se recomienda para usar en interiores.  Ancho: \u00b1 140\u00a0cm Peso: 700 g\/m\u00b2  Clasificaci\u00f3n ante el fuego: M1 Composici\u00f3n: 100 % algod\u00f3n\" \/>\n<meta property=\"og:url\" content=\"https:\/\/www.azur-scenic.com\/es\/producto\/terciopelo-pleyel\/\" \/>\n<meta property=\"og:site_name\" content=\"Azur Scenic\" \/>\n<meta property=\"article:modified_time\" content=\"2023-08-02T13:15:24+00:00\" \/>\n<meta property=\"og:image\" content=\"https:\/\/www.azur-scenic.com\/wp-content\/uploads\/e7e4cfdfd7ca169f696f3e4fc662add2.png\" \/>\n\t<meta property=\"og:image:width\" content=\"430\" \/>\n\t<meta property=\"og:image:height\" content=\"430\" \/>\n\t<meta property=\"og:image:type\" content=\"image\/png\" \/>\n<meta name=\"twitter:card\" content=\"summary_large_image\" \/>\n<script type=\"application\/ld+json\" class=\"yoast-schema-graph\">{\"@context\":\"https:\\\/\\\/schema.org\",\"@graph\":[{\"@type\":\"WebPage\",\"@id\":\"https:\\\/\\\/www.azur-scenic.com\\\/es\\\/producto\\\/terciopelo-pleyel\\\/\",\"url\":\"https:\\\/\\\/www.azur-scenic.com\\\/es\\\/producto\\\/terciopelo-pleyel\\\/\",\"name\":\"Terciopelo Pleyel - Azur Scenic\",\"isPartOf\":{\"@id\":\"https:\\\/\\\/www.azur-scenic.com\\\/es\\\/#website\"},\"primaryImageOfPage\":{\"@id\":\"https:\\\/\\\/www.azur-scenic.com\\\/es\\\/producto\\\/terciopelo-pleyel\\\/#primaryimage\"},\"image\":{\"@id\":\"https:\\\/\\\/www.azur-scenic.com\\\/es\\\/producto\\\/terciopelo-pleyel\\\/#primaryimage\"},\"thumbnailUrl\":\"https:\\\/\\\/www.azur-scenic.com\\\/wp-content\\\/uploads\\\/e7e4cfdfd7ca169f696f3e4fc662add2.png\",\"datePublished\":\"2022-10-04T07:26:23+00:00\",\"dateModified\":\"2023-08-02T13:15:24+00:00\",\"description\":\"El terciopelo esc\u00e9nico m\u00e1s pesado del mercado, con aspecto lujoso (tejido con alta densidad de pelo), con clasificaci\u00f3n ante el fuego M1, que combina una s\u00f3lida absorci\u00f3n ac\u00fastica, une bella opacidad y una \u00f3ptima resistencia al calor. Este terciopelo, tejido en pelo corto, ofrece cualidades muy apreciables para tus equipamientos esc\u00e9nicos: reducci\u00f3n de brillo para lograr un negro profundo y uniforme, reducci\u00f3n de la adherencia del polvo y reducci\u00f3n del efecto arrugado. Este terciopelo est\u00e1 especialmente indicado para la fabricaci\u00f3n de telones para escenarios, patas, etc. De algod\u00f3n ign\u00edfugo, se recomienda para usar en interiores. Ancho: \u00b1 140\u00a0cm Peso: 700 g\\\/m\u00b2 Clasificaci\u00f3n ante el fuego: M1 Composici\u00f3n: 100 % algod\u00f3n\",\"breadcrumb\":{\"@id\":\"https:\\\/\\\/www.azur-scenic.com\\\/es\\\/producto\\\/terciopelo-pleyel\\\/#breadcrumb\"},\"inLanguage\":\"es\",\"potentialAction\":[{\"@type\":\"ReadAction\",\"target\":[\"https:\\\/\\\/www.azur-scenic.com\\\/es\\\/producto\\\/terciopelo-pleyel\\\/\"]}]},{\"@type\":\"ImageObject\",\"inLanguage\":\"es\",\"@id\":\"https:\\\/\\\/www.azur-scenic.com\\\/es\\\/producto\\\/terciopelo-pleyel\\\/#primaryimage\",\"url\":\"https:\\\/\\\/www.azur-scenic.com\\\/wp-content\\\/uploads\\\/e7e4cfdfd7ca169f696f3e4fc662add2.png\",\"contentUrl\":\"https:\\\/\\\/www.azur-scenic.com\\\/wp-content\\\/uploads\\\/e7e4cfdfd7ca169f696f3e4fc662add2.png\",\"width\":430,\"height\":430},{\"@type\":\"BreadcrumbList\",\"@id\":\"https:\\\/\\\/www.azur-scenic.com\\\/es\\\/producto\\\/terciopelo-pleyel\\\/#breadcrumb\",\"itemListElement\":[{\"@type\":\"ListItem\",\"position\":1,\"name\":\"Accueil\",\"item\":\"https:\\\/\\\/www.azur-scenic.com\\\/es\\\/\"},{\"@type\":\"ListItem\",\"position\":2,\"name\":\"Productos\",\"item\":\"https:\\\/\\\/www.azur-scenic.com\\\/es\\\/?page_id=21440\"},{\"@type\":\"ListItem\",\"position\":3,\"name\":\"Terciopelo Pleyel\"}]},{\"@type\":\"WebSite\",\"@id\":\"https:\\\/\\\/www.azur-scenic.com\\\/es\\\/#website\",\"url\":\"https:\\\/\\\/www.azur-scenic.com\\\/es\\\/\",\"name\":\"Azur Scenic\",\"description\":\"Sp\u00e9cialiste de l\u2019\u00e9quipement sc\u00e9nique et de la d\u00e9coration int\u00e9rieure et \u00e9v\u00e9nementielle !\",\"publisher\":{\"@id\":\"https:\\\/\\\/www.azur-scenic.com\\\/es\\\/#organization\"},\"potentialAction\":[{\"@type\":\"SearchAction\",\"target\":{\"@type\":\"EntryPoint\",\"urlTemplate\":\"https:\\\/\\\/www.azur-scenic.com\\\/es\\\/?s={search_term_string}\"},\"query-input\":{\"@type\":\"PropertyValueSpecification\",\"valueRequired\":true,\"valueName\":\"search_term_string\"}}],\"inLanguage\":\"es\"},{\"@type\":\"Organization\",\"@id\":\"https:\\\/\\\/www.azur-scenic.com\\\/es\\\/#organization\",\"name\":\"AZUR SCENIC\",\"url\":\"https:\\\/\\\/www.azur-scenic.com\\\/es\\\/\",\"logo\":{\"@type\":\"ImageObject\",\"inLanguage\":\"es\",\"@id\":\"https:\\\/\\\/www.azur-scenic.com\\\/es\\\/#\\\/schema\\\/logo\\\/image\\\/\",\"url\":\"https:\\\/\\\/www.azur-scenic.com\\\/wp-content\\\/uploads\\\/2022\\\/09\\\/LOGO-AZUR-SCENIC-Fusion-web-236x64-1.jpg\",\"contentUrl\":\"https:\\\/\\\/www.azur-scenic.com\\\/wp-content\\\/uploads\\\/2022\\\/09\\\/LOGO-AZUR-SCENIC-Fusion-web-236x64-1.jpg\",\"width\":236,\"height\":64,\"caption\":\"AZUR SCENIC\"},\"image\":{\"@id\":\"https:\\\/\\\/www.azur-scenic.com\\\/es\\\/#\\\/schema\\\/logo\\\/image\\\/\"},\"sameAs\":[\"https:\\\/\\\/www.youtube.com\\\/channel\\\/UCPWM2mGPVUt4nYhNlm71WOA\",\"https:\\\/\\\/www.linkedin.com\\\/company\\\/33237605\\\/admin\\\/feed\\\/posts\\\/\"]}]}<\/script>\n<!-- \/ Yoast SEO plugin. -->","yoast_head_json":{"title":"Terciopelo Pleyel - Azur Scenic","description":"El terciopelo esc\u00e9nico m\u00e1s pesado del mercado, con aspecto lujoso (tejido con alta densidad de pelo), con clasificaci\u00f3n ante el fuego M1, que combina una s\u00f3lida absorci\u00f3n ac\u00fastica, une bella opacidad y una \u00f3ptima resistencia al calor. Este terciopelo, tejido en pelo corto, ofrece cualidades muy apreciables para tus equipamientos esc\u00e9nicos: reducci\u00f3n de brillo para lograr un negro profundo y uniforme, reducci\u00f3n de la adherencia del polvo y reducci\u00f3n del efecto arrugado. Este terciopelo est\u00e1 especialmente indicado para la fabricaci\u00f3n de telones para escenarios, patas, etc. De algod\u00f3n ign\u00edfugo, se recomienda para usar en interiores.  Ancho: \u00b1 140\u00a0cm Peso: 700 g\/m\u00b2  Clasificaci\u00f3n ante el fuego: M1 Composici\u00f3n: 100 % algod\u00f3n","robots":{"index":"index","follow":"follow","max-snippet":"max-snippet:-1","max-image-preview":"max-image-preview:large","max-video-preview":"max-video-preview:-1"},"canonical":"https:\/\/www.azur-scenic.com\/es\/producto\/terciopelo-pleyel\/","og_locale":"es_ES","og_type":"article","og_title":"Terciopelo Pleyel - Azur Scenic","og_description":"El terciopelo esc\u00e9nico m\u00e1s pesado del mercado, con aspecto lujoso (tejido con alta densidad de pelo), con clasificaci\u00f3n ante el fuego M1, que combina una s\u00f3lida absorci\u00f3n ac\u00fastica, une bella opacidad y una \u00f3ptima resistencia al calor. Este terciopelo, tejido en pelo corto, ofrece cualidades muy apreciables para tus equipamientos esc\u00e9nicos: reducci\u00f3n de brillo para lograr un negro profundo y uniforme, reducci\u00f3n de la adherencia del polvo y reducci\u00f3n del efecto arrugado. Este terciopelo est\u00e1 especialmente indicado para la fabricaci\u00f3n de telones para escenarios, patas, etc. De algod\u00f3n ign\u00edfugo, se recomienda para usar en interiores.  Ancho: \u00b1 140\u00a0cm Peso: 700 g\/m\u00b2  Clasificaci\u00f3n ante el fuego: M1 Composici\u00f3n: 100 % algod\u00f3n","og_url":"https:\/\/www.azur-scenic.com\/es\/producto\/terciopelo-pleyel\/","og_site_name":"Azur Scenic","article_modified_time":"2023-08-02T13:15:24+00:00","og_image":[{"width":430,"height":430,"url":"https:\/\/www.azur-scenic.com\/wp-content\/uploads\/e7e4cfdfd7ca169f696f3e4fc662add2.png","type":"image\/png"}],"twitter_card":"summary_large_image","schema":{"@context":"https:\/\/schema.org","@graph":[{"@type":"WebPage","@id":"https:\/\/www.azur-scenic.com\/es\/producto\/terciopelo-pleyel\/","url":"https:\/\/www.azur-scenic.com\/es\/producto\/terciopelo-pleyel\/","name":"Terciopelo Pleyel - Azur Scenic","isPartOf":{"@id":"https:\/\/www.azur-scenic.com\/es\/#website"},"primaryImageOfPage":{"@id":"https:\/\/www.azur-scenic.com\/es\/producto\/terciopelo-pleyel\/#primaryimage"},"image":{"@id":"https:\/\/www.azur-scenic.com\/es\/producto\/terciopelo-pleyel\/#primaryimage"},"thumbnailUrl":"https:\/\/www.azur-scenic.com\/wp-content\/uploads\/e7e4cfdfd7ca169f696f3e4fc662add2.png","datePublished":"2022-10-04T07:26:23+00:00","dateModified":"2023-08-02T13:15:24+00:00","description":"El terciopelo esc\u00e9nico m\u00e1s pesado del mercado, con aspecto lujoso (tejido con alta densidad de pelo), con clasificaci\u00f3n ante el fuego M1, que combina una s\u00f3lida absorci\u00f3n ac\u00fastica, une bella opacidad y una \u00f3ptima resistencia al calor. Este terciopelo, tejido en pelo corto, ofrece cualidades muy apreciables para tus equipamientos esc\u00e9nicos: reducci\u00f3n de brillo para lograr un negro profundo y uniforme, reducci\u00f3n de la adherencia del polvo y reducci\u00f3n del efecto arrugado. Este terciopelo est\u00e1 especialmente indicado para la fabricaci\u00f3n de telones para escenarios, patas, etc. De algod\u00f3n ign\u00edfugo, se recomienda para usar en interiores. Ancho: \u00b1 140\u00a0cm Peso: 700 g\/m\u00b2 Clasificaci\u00f3n ante el fuego: M1 Composici\u00f3n: 100 % algod\u00f3n","breadcrumb":{"@id":"https:\/\/www.azur-scenic.com\/es\/producto\/terciopelo-pleyel\/#breadcrumb"},"inLanguage":"es","potentialAction":[{"@type":"ReadAction","target":["https:\/\/www.azur-scenic.com\/es\/producto\/terciopelo-pleyel\/"]}]},{"@type":"ImageObject","inLanguage":"es","@id":"https:\/\/www.azur-scenic.com\/es\/producto\/terciopelo-pleyel\/#primaryimage","url":"https:\/\/www.azur-scenic.com\/wp-content\/uploads\/e7e4cfdfd7ca169f696f3e4fc662add2.png","contentUrl":"https:\/\/www.azur-scenic.com\/wp-content\/uploads\/e7e4cfdfd7ca169f696f3e4fc662add2.png","width":430,"height":430},{"@type":"BreadcrumbList","@id":"https:\/\/www.azur-scenic.com\/es\/producto\/terciopelo-pleyel\/#breadcrumb","itemListElement":[{"@type":"ListItem","position":1,"name":"Accueil","item":"https:\/\/www.azur-scenic.com\/es\/"},{"@type":"ListItem","position":2,"name":"Productos","item":"https:\/\/www.azur-scenic.com\/es\/?page_id=21440"},{"@type":"ListItem","position":3,"name":"Terciopelo Pleyel"}]},{"@type":"WebSite","@id":"https:\/\/www.azur-scenic.com\/es\/#website","url":"https:\/\/www.azur-scenic.com\/es\/","name":"Azur Scenic","description":"Sp\u00e9cialiste de l\u2019\u00e9quipement sc\u00e9nique et de la d\u00e9coration int\u00e9rieure et \u00e9v\u00e9nementielle !","publisher":{"@id":"https:\/\/www.azur-scenic.com\/es\/#organization"},"potentialAction":[{"@type":"SearchAction","target":{"@type":"EntryPoint","urlTemplate":"https:\/\/www.azur-scenic.com\/es\/?s={search_term_string}"},"query-input":{"@type":"PropertyValueSpecification","valueRequired":true,"valueName":"search_term_string"}}],"inLanguage":"es"},{"@type":"Organization","@id":"https:\/\/www.azur-scenic.com\/es\/#organization","name":"AZUR SCENIC","url":"https:\/\/www.azur-scenic.com\/es\/","logo":{"@type":"ImageObject","inLanguage":"es","@id":"https:\/\/www.azur-scenic.com\/es\/#\/schema\/logo\/image\/","url":"https:\/\/www.azur-scenic.com\/wp-content\/uploads\/2022\/09\/LOGO-AZUR-SCENIC-Fusion-web-236x64-1.jpg","contentUrl":"https:\/\/www.azur-scenic.com\/wp-content\/uploads\/2022\/09\/LOGO-AZUR-SCENIC-Fusion-web-236x64-1.jpg","width":236,"height":64,"caption":"AZUR SCENIC"},"image":{"@id":"https:\/\/www.azur-scenic.com\/es\/#\/schema\/logo\/image\/"},"sameAs":["https:\/\/www.youtube.com\/channel\/UCPWM2mGPVUt4nYhNlm71WOA","https:\/\/www.linkedin.com\/company\/33237605\/admin\/feed\/posts\/"]}]}},"_links":{"self":[{"href":"https:\/\/www.azur-scenic.com\/es\/wp-json\/wp\/v2\/product\/18355","targetHints":{"allow":["GET"]}}],"collection":[{"href":"https:\/\/www.azur-scenic.com\/es\/wp-json\/wp\/v2\/product"}],"about":[{"href":"https:\/\/www.azur-scenic.com\/es\/wp-json\/wp\/v2\/types\/product"}],"wp:featuredmedia":[{"embeddable":true,"href":"https:\/\/www.azur-scenic.com\/es\/wp-json\/wp\/v2\/media\/7277"}],"wp:attachment":[{"href":"https:\/\/www.azur-scenic.com\/es\/wp-json\/wp\/v2\/media?parent=18355"}],"wp:term":[{"taxonomy":"product_brand","embeddable":true,"href":"https:\/\/www.azur-scenic.com\/es\/wp-json\/wp\/v2\/product_brand?post=18355"},{"taxonomy":"product_cat","embeddable":true,"href":"https:\/\/www.azur-scenic.com\/es\/wp-json\/wp\/v2\/product_cat?post=18355"},{"taxonomy":"product_tag","embeddable":true,"href":"https:\/\/www.azur-scenic.com\/es\/wp-json\/wp\/v2\/product_tag?post=18355"}],"curies":[{"name":"wp","href":"https:\/\/api.w.org\/{rel}","templated":true}]}}