{"id":18356,"date":"2022-10-04T07:26:20","date_gmt":"2022-10-04T07:26:20","guid":{"rendered":"https:\/\/www.azur-scenic.com\/produit\/velum-dali\/"},"modified":"2023-08-02T13:15:27","modified_gmt":"2023-08-02T13:15:27","slug":"velo-dali","status":"publish","type":"product","link":"https:\/\/www.azur-scenic.com\/es\/producto\/velo-dali\/","title":{"rendered":"Velo Dali"},"content":{"rendered":"<table>\n<thead>\n<tr>\n<th style=\"width: 170px;\">Datos t\u00e9cnicos<\/th>\n<th>Valor<\/th>\n<th>Comentarios<\/th>\n<\/tr>\n<\/thead>\n<tbody>\n<tr>\n<td style=\"vertical-align: top;\">Ancho<\/td>\n<td style=\"vertical-align: top;\">300\u00a0cm<br \/>\n420\u00a0cm<br \/>\n520\u00a0cm<br \/>\n620\u00a0cm<br \/>\n1200\u00a0cm<\/td>\n<td style=\"vertical-align: top;\">(N\u00fameros de referencia 4301 a 4303)<br \/>\n(N\u00fameros de referencia 4401 a 4403)<br \/>\n(N\u00famero de referencia 4413 hasta fin de existencias)<br \/>\n(N\u00fameros de referencia 4501 a 4504)<br \/>\n(N\u00famero de referencia 4604)<\/td>\n<\/tr>\n<tr>\n<td style=\"vertical-align: top;\">Peso<\/td>\n<td style=\"vertical-align: top;\">75 g\/m\u00b2<\/td>\n<td style=\"vertical-align: top;\">\u00a0<\/td>\n<\/tr>\n<tr>\n<td style=\"vertical-align: top;\">Grosor<\/td>\n<td style=\"vertical-align: top;\">0,18\u00a0mm<\/td>\n<td style=\"vertical-align: top;\">\u00a0<\/td>\n<\/tr>\n<tr>\n<td style=\"vertical-align: top;\">Clasificaci\u00f3n ante el fuego<\/td>\n<td style=\"vertical-align: top;\"><img decoding=\"async\" style=\"height: 20px; width: 20px;\" src=\"https:\/\/www.azur-scenic.com\/wp-content\/uploads\/icon-flag-france.png?1542281963\" \/> M1<br \/>\n<img decoding=\"async\" style=\"height: 20px; width: 20px;\" src=\"https:\/\/www.azur-scenic.com\/wp-content\/uploads\/icon-flag-europe.png\" \/> C-s1,d0<br \/>\n<img decoding=\"async\" style=\"height: 20px; width: 20px;\" src=\"https:\/\/www.azur-scenic.com\/wp-content\/uploads\/icon-flag-allemagne.png\" \/> B1<\/td>\n<td style=\"vertical-align: top;\">Norma: NPF 92-503<br \/>\nNorma: EN 13501-1<br \/>\nNorma: DIN 4102<\/p>\n<p>Disponible en color crudo no ign\u00edfugo (todos los anchos) por<br \/>\nencargo (cons\u00faltanos el plazo de entrega).<\/p>\n<\/td>\n<\/tr>\n<tr>\n<td style=\"vertical-align: top;\">Composici\u00f3n<\/td>\n<td style=\"vertical-align: top;\">100 % algod\u00f3n<\/td>\n<td style=\"vertical-align: top;\">\u00a0<\/td>\n<\/tr>\n<tr>\n<td style=\"vertical-align: top;\">Longitud del rollo<\/td>\n<td style=\"vertical-align: top;\">60 m (pacas)<\/td>\n<td style=\"vertical-align: top;\">Posibilidad de venta al corte<\/td>\n<\/tr>\n<\/tbody>\n<\/table>\n","protected":false},"excerpt":{"rendered":"<p>Imprescindible tejido <strong><span style=\"color: #f88523;\">extraligero<\/span><\/strong> y <strong><span style=\"color: #f88523;\">semitransparente<\/span><\/strong> con clasificaci\u00f3n ante el fuego <strong><span style=\"color: #f88523;\">M1<\/span><\/strong>, disponible en varios anchos para la realizaci\u00f3n de confecciones de <strong><span style=\"color: #f88523;\">muy grandes dimensiones sin costura<\/span><\/strong> de montaje (hasta 12 m).<br \/>\nEl Velum, una muselina de algod\u00f3n <strong><span style=\"color: #f88523;\">ecol\u00f3gica<\/span><\/strong> y <strong><span style=\"color: #f88523;\">econ\u00f3mica<\/span><\/strong>, es sumamente <strong><span style=\"color: #f88523;\">vers\u00e1til<\/span><\/strong> ya que se puede utilizar en <span style=\"color: #f88523;\"><strong>cortinas<\/strong><\/span>, como soporte de <strong><span style=\"color: #f88523;\">pinturas<\/span><\/strong>, tela de <span style=\"color: #f88523;\"><strong>revestimiento<\/strong><\/span> parra techos, estructuras para eventos, stands, soporte alternativo de <span style=\"color: #f88523;\"><strong>proyecci\u00f3n<\/strong><\/span> y de <span style=\"color: #f88523;\"><strong>retroproyecci\u00f3n<\/strong><\/span>, o incluso como una variante econ\u00f3mica del tul,<br \/>\nEste tejido, de algod\u00f3n ign\u00edfugo, se recomienda para usar en interiores.<\/p>\n<p>\u00a0<\/p>\n<table class=\"table\" style=\"background: #f7f7f7;\">\n<tbody>\n<tr>\n<td><strong>Ancho<\/strong>: 300\u00a0cm, 420\u00a0cm, 520\u00a0cm,<br \/>\n620\u00a0cm, 1200\u00a0cm<\/td>\n<td><strong>Peso<\/strong>: 75 g\/m\u00b2<\/td>\n<\/tr>\n<tr>\n<td><strong>Clasificaci\u00f3n ante el fuego<\/strong>: <img decoding=\"async\" style=\"height: 20px; width: 20px;\" src=\"https:\/\/www.azur-scenic.com\/wp-content\/uploads\/icon-flag-france.png?1542281963\" \/> M1, <img decoding=\"async\" style=\"height: 20px; width: 20px;\" src=\"https:\/\/www.azur-scenic.com\/wp-content\/uploads\/icon-flag-europe.png\" \/> C-s1,d0,<br \/>\n<img decoding=\"async\" style=\"height: 20px; width: 20px;\" src=\"https:\/\/www.azur-scenic.com\/wp-content\/uploads\/icon-flag-allemagne.png\" \/> B1<\/td>\n<td style=\"vertical-align: top;\"><strong>Composici\u00f3n<\/strong>: 100 % algod\u00f3n<\/td>\n<\/tr>\n<\/tbody>\n<\/table>\n","protected":false},"featured_media":14227,"template":"","meta":{"_acf_changed":false},"product_brand":[],"product_cat":[939,1323,1324,1325,1322,943,944],"product_tag":[],"class_list":{"0":"post-18356","1":"product","2":"type-product","3":"status-publish","4":"has-post-thumbnail","6":"product_cat-tejidos-escenicos-y-para-eventos","7":"product_cat-telas-para-pintar-y-telas-de-incrustacion","8":"product_cat-telas-para-pintar","9":"product_cat-telas-transparentes-y-tejidos-ligeros","10":"product_cat-telas-extraligeras","11":"product_cat-teatro","12":"product_cat-todos-los-productos","13":"pa_couleurs-001-es","14":"pa_couleurs-002-es","15":"pa_couleurs-003-es","16":"pa_groupes-de-couleurs-blanco","17":"pa_groupes-de-couleurs-crudo","18":"pa_groupes-de-couleurs-negro","19":"pa_textiles-ignifugo","20":"pa_textiles-proyeccion-frontal","21":"pa_textiles-retroproyeccion","22":"pa_textiles-transparentes-y-translucidos","23":"pa_textiles-extra-ancho","24":"pa_textiles-ecologico","25":"pa_textiles-economico","27":"first","28":"instock","29":"shipping-taxable","30":"purchasable","31":"product-type-variable"},"acf":[],"yoast_head":"<!-- This site is optimized with the Yoast SEO plugin v27.5 - https:\/\/yoast.com\/product\/yoast-seo-wordpress\/ -->\n<title>Velo Dali - Azur Scenic<\/title>\n<meta name=\"description\" content=\"Imprescindible tejido extraligero y semitransparente con clasificaci\u00f3n ante el fuego M1, disponible en varios anchos para la realizaci\u00f3n de confecciones de muy grandes dimensiones sin costura de montaje (hasta 12 m). El Velum, una muselina de algod\u00f3n ecol\u00f3gica y econ\u00f3mica, es sumamente vers\u00e1til ya que se puede utilizar en cortinas, como soporte de pinturas, tela de revestimiento parra techos, estructuras para eventos, stands, soporte alternativo de proyecci\u00f3n y de retroproyecci\u00f3n, o incluso como una variante econ\u00f3mica del tul, Este tejido, de algod\u00f3n ign\u00edfugo, se recomienda para usar en interiores. \u00a0  Ancho: 300\u00a0cm, 420\u00a0cm, 520\u00a0cm, 620\u00a0cm, 1200\u00a0cm Peso: 75 g\/m\u00b2  Clasificaci\u00f3n ante el fuego: M1, C-s1,d0, B1 Composici\u00f3n: 100 % algod\u00f3n\" \/>\n<meta name=\"robots\" content=\"index, follow, max-snippet:-1, max-image-preview:large, max-video-preview:-1\" \/>\n<link rel=\"canonical\" href=\"https:\/\/www.azur-scenic.com\/es\/producto\/velo-dali\/\" \/>\n<meta property=\"og:locale\" content=\"es_ES\" \/>\n<meta property=\"og:type\" content=\"article\" \/>\n<meta property=\"og:title\" content=\"Velo Dali - Azur Scenic\" \/>\n<meta property=\"og:description\" content=\"Imprescindible tejido extraligero y semitransparente con clasificaci\u00f3n ante el fuego M1, disponible en varios anchos para la realizaci\u00f3n de confecciones de muy grandes dimensiones sin costura de montaje (hasta 12 m). El Velum, una muselina de algod\u00f3n ecol\u00f3gica y econ\u00f3mica, es sumamente vers\u00e1til ya que se puede utilizar en cortinas, como soporte de pinturas, tela de revestimiento parra techos, estructuras para eventos, stands, soporte alternativo de proyecci\u00f3n y de retroproyecci\u00f3n, o incluso como una variante econ\u00f3mica del tul, Este tejido, de algod\u00f3n ign\u00edfugo, se recomienda para usar en interiores. \u00a0  Ancho: 300\u00a0cm, 420\u00a0cm, 520\u00a0cm, 620\u00a0cm, 1200\u00a0cm Peso: 75 g\/m\u00b2  Clasificaci\u00f3n ante el fuego: M1, C-s1,d0, B1 Composici\u00f3n: 100 % algod\u00f3n\" \/>\n<meta property=\"og:url\" content=\"https:\/\/www.azur-scenic.com\/es\/producto\/velo-dali\/\" \/>\n<meta property=\"og:site_name\" content=\"Azur Scenic\" \/>\n<meta property=\"article:modified_time\" content=\"2023-08-02T13:15:27+00:00\" \/>\n<meta property=\"og:image\" content=\"https:\/\/www.azur-scenic.com\/wp-content\/uploads\/Velum-Dali-Ecru-scaled.jpg\" \/>\n\t<meta property=\"og:image:width\" content=\"2560\" \/>\n\t<meta property=\"og:image:height\" content=\"2560\" \/>\n\t<meta property=\"og:image:type\" content=\"image\/jpeg\" \/>\n<meta name=\"twitter:card\" content=\"summary_large_image\" \/>\n<script type=\"application\/ld+json\" class=\"yoast-schema-graph\">{\"@context\":\"https:\\\/\\\/schema.org\",\"@graph\":[{\"@type\":\"WebPage\",\"@id\":\"https:\\\/\\\/www.azur-scenic.com\\\/es\\\/producto\\\/velo-dali\\\/\",\"url\":\"https:\\\/\\\/www.azur-scenic.com\\\/es\\\/producto\\\/velo-dali\\\/\",\"name\":\"Velo Dali - Azur Scenic\",\"isPartOf\":{\"@id\":\"https:\\\/\\\/www.azur-scenic.com\\\/es\\\/#website\"},\"primaryImageOfPage\":{\"@id\":\"https:\\\/\\\/www.azur-scenic.com\\\/es\\\/producto\\\/velo-dali\\\/#primaryimage\"},\"image\":{\"@id\":\"https:\\\/\\\/www.azur-scenic.com\\\/es\\\/producto\\\/velo-dali\\\/#primaryimage\"},\"thumbnailUrl\":\"https:\\\/\\\/www.azur-scenic.com\\\/wp-content\\\/uploads\\\/Velum-Dali-Ecru-scaled.jpg\",\"datePublished\":\"2022-10-04T07:26:20+00:00\",\"dateModified\":\"2023-08-02T13:15:27+00:00\",\"description\":\"Imprescindible tejido extraligero y semitransparente con clasificaci\u00f3n ante el fuego M1, disponible en varios anchos para la realizaci\u00f3n de confecciones de muy grandes dimensiones sin costura de montaje (hasta 12 m). El Velum, una muselina de algod\u00f3n ecol\u00f3gica y econ\u00f3mica, es sumamente vers\u00e1til ya que se puede utilizar en cortinas, como soporte de pinturas, tela de revestimiento parra techos, estructuras para eventos, stands, soporte alternativo de proyecci\u00f3n y de retroproyecci\u00f3n, o incluso como una variante econ\u00f3mica del tul, Este tejido, de algod\u00f3n ign\u00edfugo, se recomienda para usar en interiores. \u00a0 Ancho: 300\u00a0cm, 420\u00a0cm, 520\u00a0cm, 620\u00a0cm, 1200\u00a0cm Peso: 75 g\\\/m\u00b2 Clasificaci\u00f3n ante el fuego: M1, C-s1,d0, B1 Composici\u00f3n: 100 % algod\u00f3n\",\"breadcrumb\":{\"@id\":\"https:\\\/\\\/www.azur-scenic.com\\\/es\\\/producto\\\/velo-dali\\\/#breadcrumb\"},\"inLanguage\":\"es\",\"potentialAction\":[{\"@type\":\"ReadAction\",\"target\":[\"https:\\\/\\\/www.azur-scenic.com\\\/es\\\/producto\\\/velo-dali\\\/\"]}]},{\"@type\":\"ImageObject\",\"inLanguage\":\"es\",\"@id\":\"https:\\\/\\\/www.azur-scenic.com\\\/es\\\/producto\\\/velo-dali\\\/#primaryimage\",\"url\":\"https:\\\/\\\/www.azur-scenic.com\\\/wp-content\\\/uploads\\\/Velum-Dali-Ecru-scaled.jpg\",\"contentUrl\":\"https:\\\/\\\/www.azur-scenic.com\\\/wp-content\\\/uploads\\\/Velum-Dali-Ecru-scaled.jpg\",\"width\":2560,\"height\":2560,\"caption\":\"Velum Dali Ecru\"},{\"@type\":\"BreadcrumbList\",\"@id\":\"https:\\\/\\\/www.azur-scenic.com\\\/es\\\/producto\\\/velo-dali\\\/#breadcrumb\",\"itemListElement\":[{\"@type\":\"ListItem\",\"position\":1,\"name\":\"Accueil\",\"item\":\"https:\\\/\\\/www.azur-scenic.com\\\/es\\\/\"},{\"@type\":\"ListItem\",\"position\":2,\"name\":\"Productos\",\"item\":\"https:\\\/\\\/www.azur-scenic.com\\\/es\\\/?page_id=21440\"},{\"@type\":\"ListItem\",\"position\":3,\"name\":\"Velo Dali\"}]},{\"@type\":\"WebSite\",\"@id\":\"https:\\\/\\\/www.azur-scenic.com\\\/es\\\/#website\",\"url\":\"https:\\\/\\\/www.azur-scenic.com\\\/es\\\/\",\"name\":\"Azur Scenic\",\"description\":\"Sp\u00e9cialiste de l\u2019\u00e9quipement sc\u00e9nique et de la d\u00e9coration int\u00e9rieure et \u00e9v\u00e9nementielle !\",\"publisher\":{\"@id\":\"https:\\\/\\\/www.azur-scenic.com\\\/es\\\/#organization\"},\"potentialAction\":[{\"@type\":\"SearchAction\",\"target\":{\"@type\":\"EntryPoint\",\"urlTemplate\":\"https:\\\/\\\/www.azur-scenic.com\\\/es\\\/?s={search_term_string}\"},\"query-input\":{\"@type\":\"PropertyValueSpecification\",\"valueRequired\":true,\"valueName\":\"search_term_string\"}}],\"inLanguage\":\"es\"},{\"@type\":\"Organization\",\"@id\":\"https:\\\/\\\/www.azur-scenic.com\\\/es\\\/#organization\",\"name\":\"AZUR SCENIC\",\"url\":\"https:\\\/\\\/www.azur-scenic.com\\\/es\\\/\",\"logo\":{\"@type\":\"ImageObject\",\"inLanguage\":\"es\",\"@id\":\"https:\\\/\\\/www.azur-scenic.com\\\/es\\\/#\\\/schema\\\/logo\\\/image\\\/\",\"url\":\"https:\\\/\\\/www.azur-scenic.com\\\/wp-content\\\/uploads\\\/2022\\\/09\\\/LOGO-AZUR-SCENIC-Fusion-web-236x64-1.jpg\",\"contentUrl\":\"https:\\\/\\\/www.azur-scenic.com\\\/wp-content\\\/uploads\\\/2022\\\/09\\\/LOGO-AZUR-SCENIC-Fusion-web-236x64-1.jpg\",\"width\":236,\"height\":64,\"caption\":\"AZUR SCENIC\"},\"image\":{\"@id\":\"https:\\\/\\\/www.azur-scenic.com\\\/es\\\/#\\\/schema\\\/logo\\\/image\\\/\"},\"sameAs\":[\"https:\\\/\\\/www.youtube.com\\\/channel\\\/UCPWM2mGPVUt4nYhNlm71WOA\",\"https:\\\/\\\/www.linkedin.com\\\/company\\\/33237605\\\/admin\\\/feed\\\/posts\\\/\"]}]}<\/script>\n<!-- \/ Yoast SEO plugin. -->","yoast_head_json":{"title":"Velo Dali - Azur Scenic","description":"Imprescindible tejido extraligero y semitransparente con clasificaci\u00f3n ante el fuego M1, disponible en varios anchos para la realizaci\u00f3n de confecciones de muy grandes dimensiones sin costura de montaje (hasta 12 m). El Velum, una muselina de algod\u00f3n ecol\u00f3gica y econ\u00f3mica, es sumamente vers\u00e1til ya que se puede utilizar en cortinas, como soporte de pinturas, tela de revestimiento parra techos, estructuras para eventos, stands, soporte alternativo de proyecci\u00f3n y de retroproyecci\u00f3n, o incluso como una variante econ\u00f3mica del tul, Este tejido, de algod\u00f3n ign\u00edfugo, se recomienda para usar en interiores. \u00a0  Ancho: 300\u00a0cm, 420\u00a0cm, 520\u00a0cm, 620\u00a0cm, 1200\u00a0cm Peso: 75 g\/m\u00b2  Clasificaci\u00f3n ante el fuego: M1, C-s1,d0, B1 Composici\u00f3n: 100 % algod\u00f3n","robots":{"index":"index","follow":"follow","max-snippet":"max-snippet:-1","max-image-preview":"max-image-preview:large","max-video-preview":"max-video-preview:-1"},"canonical":"https:\/\/www.azur-scenic.com\/es\/producto\/velo-dali\/","og_locale":"es_ES","og_type":"article","og_title":"Velo Dali - Azur Scenic","og_description":"Imprescindible tejido extraligero y semitransparente con clasificaci\u00f3n ante el fuego M1, disponible en varios anchos para la realizaci\u00f3n de confecciones de muy grandes dimensiones sin costura de montaje (hasta 12 m). El Velum, una muselina de algod\u00f3n ecol\u00f3gica y econ\u00f3mica, es sumamente vers\u00e1til ya que se puede utilizar en cortinas, como soporte de pinturas, tela de revestimiento parra techos, estructuras para eventos, stands, soporte alternativo de proyecci\u00f3n y de retroproyecci\u00f3n, o incluso como una variante econ\u00f3mica del tul, Este tejido, de algod\u00f3n ign\u00edfugo, se recomienda para usar en interiores. \u00a0  Ancho: 300\u00a0cm, 420\u00a0cm, 520\u00a0cm, 620\u00a0cm, 1200\u00a0cm Peso: 75 g\/m\u00b2  Clasificaci\u00f3n ante el fuego: M1, C-s1,d0, B1 Composici\u00f3n: 100 % algod\u00f3n","og_url":"https:\/\/www.azur-scenic.com\/es\/producto\/velo-dali\/","og_site_name":"Azur Scenic","article_modified_time":"2023-08-02T13:15:27+00:00","og_image":[{"width":2560,"height":2560,"url":"https:\/\/www.azur-scenic.com\/wp-content\/uploads\/Velum-Dali-Ecru-scaled.jpg","type":"image\/jpeg"}],"twitter_card":"summary_large_image","schema":{"@context":"https:\/\/schema.org","@graph":[{"@type":"WebPage","@id":"https:\/\/www.azur-scenic.com\/es\/producto\/velo-dali\/","url":"https:\/\/www.azur-scenic.com\/es\/producto\/velo-dali\/","name":"Velo Dali - Azur Scenic","isPartOf":{"@id":"https:\/\/www.azur-scenic.com\/es\/#website"},"primaryImageOfPage":{"@id":"https:\/\/www.azur-scenic.com\/es\/producto\/velo-dali\/#primaryimage"},"image":{"@id":"https:\/\/www.azur-scenic.com\/es\/producto\/velo-dali\/#primaryimage"},"thumbnailUrl":"https:\/\/www.azur-scenic.com\/wp-content\/uploads\/Velum-Dali-Ecru-scaled.jpg","datePublished":"2022-10-04T07:26:20+00:00","dateModified":"2023-08-02T13:15:27+00:00","description":"Imprescindible tejido extraligero y semitransparente con clasificaci\u00f3n ante el fuego M1, disponible en varios anchos para la realizaci\u00f3n de confecciones de muy grandes dimensiones sin costura de montaje (hasta 12 m). El Velum, una muselina de algod\u00f3n ecol\u00f3gica y econ\u00f3mica, es sumamente vers\u00e1til ya que se puede utilizar en cortinas, como soporte de pinturas, tela de revestimiento parra techos, estructuras para eventos, stands, soporte alternativo de proyecci\u00f3n y de retroproyecci\u00f3n, o incluso como una variante econ\u00f3mica del tul, Este tejido, de algod\u00f3n ign\u00edfugo, se recomienda para usar en interiores. \u00a0 Ancho: 300\u00a0cm, 420\u00a0cm, 520\u00a0cm, 620\u00a0cm, 1200\u00a0cm Peso: 75 g\/m\u00b2 Clasificaci\u00f3n ante el fuego: M1, C-s1,d0, B1 Composici\u00f3n: 100 % algod\u00f3n","breadcrumb":{"@id":"https:\/\/www.azur-scenic.com\/es\/producto\/velo-dali\/#breadcrumb"},"inLanguage":"es","potentialAction":[{"@type":"ReadAction","target":["https:\/\/www.azur-scenic.com\/es\/producto\/velo-dali\/"]}]},{"@type":"ImageObject","inLanguage":"es","@id":"https:\/\/www.azur-scenic.com\/es\/producto\/velo-dali\/#primaryimage","url":"https:\/\/www.azur-scenic.com\/wp-content\/uploads\/Velum-Dali-Ecru-scaled.jpg","contentUrl":"https:\/\/www.azur-scenic.com\/wp-content\/uploads\/Velum-Dali-Ecru-scaled.jpg","width":2560,"height":2560,"caption":"Velum Dali Ecru"},{"@type":"BreadcrumbList","@id":"https:\/\/www.azur-scenic.com\/es\/producto\/velo-dali\/#breadcrumb","itemListElement":[{"@type":"ListItem","position":1,"name":"Accueil","item":"https:\/\/www.azur-scenic.com\/es\/"},{"@type":"ListItem","position":2,"name":"Productos","item":"https:\/\/www.azur-scenic.com\/es\/?page_id=21440"},{"@type":"ListItem","position":3,"name":"Velo Dali"}]},{"@type":"WebSite","@id":"https:\/\/www.azur-scenic.com\/es\/#website","url":"https:\/\/www.azur-scenic.com\/es\/","name":"Azur Scenic","description":"Sp\u00e9cialiste de l\u2019\u00e9quipement sc\u00e9nique et de la d\u00e9coration int\u00e9rieure et \u00e9v\u00e9nementielle !","publisher":{"@id":"https:\/\/www.azur-scenic.com\/es\/#organization"},"potentialAction":[{"@type":"SearchAction","target":{"@type":"EntryPoint","urlTemplate":"https:\/\/www.azur-scenic.com\/es\/?s={search_term_string}"},"query-input":{"@type":"PropertyValueSpecification","valueRequired":true,"valueName":"search_term_string"}}],"inLanguage":"es"},{"@type":"Organization","@id":"https:\/\/www.azur-scenic.com\/es\/#organization","name":"AZUR SCENIC","url":"https:\/\/www.azur-scenic.com\/es\/","logo":{"@type":"ImageObject","inLanguage":"es","@id":"https:\/\/www.azur-scenic.com\/es\/#\/schema\/logo\/image\/","url":"https:\/\/www.azur-scenic.com\/wp-content\/uploads\/2022\/09\/LOGO-AZUR-SCENIC-Fusion-web-236x64-1.jpg","contentUrl":"https:\/\/www.azur-scenic.com\/wp-content\/uploads\/2022\/09\/LOGO-AZUR-SCENIC-Fusion-web-236x64-1.jpg","width":236,"height":64,"caption":"AZUR SCENIC"},"image":{"@id":"https:\/\/www.azur-scenic.com\/es\/#\/schema\/logo\/image\/"},"sameAs":["https:\/\/www.youtube.com\/channel\/UCPWM2mGPVUt4nYhNlm71WOA","https:\/\/www.linkedin.com\/company\/33237605\/admin\/feed\/posts\/"]}]}},"_links":{"self":[{"href":"https:\/\/www.azur-scenic.com\/es\/wp-json\/wp\/v2\/product\/18356","targetHints":{"allow":["GET"]}}],"collection":[{"href":"https:\/\/www.azur-scenic.com\/es\/wp-json\/wp\/v2\/product"}],"about":[{"href":"https:\/\/www.azur-scenic.com\/es\/wp-json\/wp\/v2\/types\/product"}],"wp:featuredmedia":[{"embeddable":true,"href":"https:\/\/www.azur-scenic.com\/es\/wp-json\/wp\/v2\/media\/14227"}],"wp:attachment":[{"href":"https:\/\/www.azur-scenic.com\/es\/wp-json\/wp\/v2\/media?parent=18356"}],"wp:term":[{"taxonomy":"product_brand","embeddable":true,"href":"https:\/\/www.azur-scenic.com\/es\/wp-json\/wp\/v2\/product_brand?post=18356"},{"taxonomy":"product_cat","embeddable":true,"href":"https:\/\/www.azur-scenic.com\/es\/wp-json\/wp\/v2\/product_cat?post=18356"},{"taxonomy":"product_tag","embeddable":true,"href":"https:\/\/www.azur-scenic.com\/es\/wp-json\/wp\/v2\/product_tag?post=18356"}],"curies":[{"name":"wp","href":"https:\/\/api.w.org\/{rel}","templated":true}]}}