{"id":18368,"date":"2022-10-04T07:26:20","date_gmt":"2022-10-04T07:26:20","guid":{"rendered":"https:\/\/www.azur-scenic.com\/produit\/velours-bizet\/"},"modified":"2023-08-02T13:15:26","modified_gmt":"2023-08-02T13:15:26","slug":"terciopelo-bizet","status":"publish","type":"product","link":"https:\/\/www.azur-scenic.com\/es\/producto\/terciopelo-bizet\/","title":{"rendered":"Terciopelo Bizet"},"content":{"rendered":"<table>\n<thead>\n<tr>\n<th style=\"width: 170px;\">Datos t\u00e9cnicos<\/th>\n<th style=\"width: 149px;\">Valor<\/th>\n<th style=\"width: 210px;\">Comentarios<\/th>\n<\/tr>\n<\/thead>\n<tbody>\n<tr>\n<td style=\"vertical-align: top;\">Ancho<\/td>\n<td style=\"vertical-align: top; width: 149px;\">\u00b1 140\u00a0cm<\/td>\n<td style=\"vertical-align: top; width: 210px;\">\u00a0<\/td>\n<\/tr>\n<tr>\n<td style=\"vertical-align: top;\">Peso<\/td>\n<td style=\"vertical-align: top; width: 149px;\">600 g\/m\u00b2<\/td>\n<td style=\"vertical-align: top; width: 210px;\">\u00a0<\/td>\n<\/tr>\n<tr>\n<td style=\"vertical-align: top;\">Grosor<\/td>\n<td style=\"vertical-align: top; width: 149px;\">1,81\u00a0mm<\/td>\n<td style=\"vertical-align: top; width: 210px;\">\u00a0<\/td>\n<\/tr>\n<tr>\n<td style=\"vertical-align: top;\">Clasificaci\u00f3n ante el fuego<\/td>\n<td style=\"vertical-align: top; width: 149px;\"><img decoding=\"async\" style=\"height: 20px; width: 20px;\" src=\"https:\/\/www.azur-scenic.com\/wp-content\/uploads\/csm_icon-flag-france_3304e5e3f9.png\" \/> M1<\/td>\n<td style=\"vertical-align: top; width: 210px;\">\u00a0<\/td>\n<\/tr>\n<tr>\n<td style=\"vertical-align: top;\">Composici\u00f3n<\/td>\n<td style=\"vertical-align: top; width: 149px;\">100 % algod\u00f3n<\/td>\n<td style=\"vertical-align: top; width: 210px;\">\u00a0<\/td>\n<\/tr>\n<tr>\n<td style=\"vertical-align: top;\">Longitud del rollo<\/td>\n<td style=\"vertical-align: top; width: 149px;\">Aprox. 30 m<\/td>\n<td style=\"vertical-align: top; width: 210px;\">Piezas no calibradas, el metraje de las piezas puede variar<br \/>\nPosibilidad de venta al corte<\/td>\n<\/tr>\n<tr>\n<td style=\"vertical-align: top;\">Resistencia al desgarro<\/td>\n<td style=\"vertical-align: top; width: 149px;\">Urdimbre: > 20 N<br \/>\nTrama: > 14 N<\/td>\n<td style=\"vertical-align: top; width: 210px;\">\u00a0<\/td>\n<\/tr>\n<tr>\n<td style=\"vertical-align: top;\">Resistencia a la rotura<\/td>\n<td style=\"vertical-align: top; width: 149px;\">Urdimbre: > 96\u00a0kg<br \/>\nTrama: > 46\u00a0kg<\/td>\n<td style=\"vertical-align: top; width: 210px;\">\u00a0<\/td>\n<\/tr>\n<tr>\n<td style=\"vertical-align: top;\">Alargamiento hasta la rotura<\/td>\n<td style=\"vertical-align: top; width: 149px;\">Urdimbre: > 6 %<br \/>\nTrama: > 8 %<\/td>\n<td style=\"vertical-align: top; width: 210px;\">\u00a0<\/td>\n<\/tr>\n<tr>\n<td style=\"vertical-align: top;\">Propiedades ac\u00fasticas<\/td>\n<td style=\"vertical-align: top; width: 149px;\">0,60 \u03b1w<br \/>\nC <span style=\"font-size: 13px;\">(altamente absorbente)<\/span><\/td>\n<td style=\"vertical-align: top; width: 210px;\">Norma: ISO 354: 2004<\/td>\n<\/tr>\n<\/tbody>\n<\/table>\n","protected":false},"excerpt":{"rendered":"<p>Excelente terciopelo de algod\u00f3n esc\u00e9nico con un <strong><span style=\"color: #f88523;\">acabado c\u00e1lido<\/span><\/strong>, tejido con alta densidad de pelo, con clasificaci\u00f3n ante el fuego <span style=\"color: #f88523;\"><strong>M1<\/strong><\/span>, que combina <span style=\"color: #f88523;\"><strong>absorci\u00f3n ac\u00fastica<\/strong><\/span>, <span style=\"color: #f88523;\"><strong>opacidad<\/strong><\/span> y resistencia al calor.<br \/>\nEste terciopelo tejido en <span style=\"color: #f88523;\"><strong>pelo corto<\/strong><\/span> se presta perfectamente para la realizaci\u00f3n de cortinajes esc\u00e9nicos, porque ofrece colores <strong><span style=\"color: #f88523;\">mates e intensos<\/span><\/strong>\u00a0(con muy poco brillo ante la luz), combinados con una baja adherencia del polvo. Adem\u00e1s, apenas se le marcan los pliegues en comparaci\u00f3n con otros terciopelos de algod\u00f3n tejidos con pelo m\u00e1s largo.<br \/>\nEste terciopelo est\u00e1 especialmente indicado para la fabricaci\u00f3n de <strong><span style=\"color: #f88523;\">telones para escenarios<\/span><\/strong>, <span style=\"color: #f88523;\"><strong>patas<\/strong><\/span>, etc.<br \/>\nDe algod\u00f3n ign\u00edfugo, se recomienda bastante para usar en interiores.<\/p>\n<table class=\"table\" style=\"background: #f7f7f7;\">\n<tbody>\n<tr>\n<td><strong>Ancho<\/strong>: \u00b1 140\u00a0cm<\/td>\n<td><strong>Peso<\/strong>: 600 g\/m\u00b2<\/td>\n<\/tr>\n<tr>\n<td><strong>Clasificaci\u00f3n ante el fuego<\/strong>: <img decoding=\"async\" style=\"height: 20px; width: 20px;\" src=\"https:\/\/www.azur-scenic.com\/wp-content\/uploads\/csm_icon-flag-france_3304e5e3f9.png\" \/> M1<\/td>\n<td style=\"vertical-align: top;\"><strong>Composici\u00f3n<\/strong>: 100 % algod\u00f3n<\/td>\n<\/tr>\n<\/tbody>\n<\/table>\n","protected":false},"featured_media":13411,"template":"","meta":{"_acf_changed":false},"product_brand":[],"product_cat":[974,975,939,942,940,1462,944],"product_tag":[],"class_list":{"0":"post-18368","1":"product","2":"type-product","3":"status-publish","4":"has-post-thumbnail","6":"product_cat-soluciones-acusticas","7":"product_cat-absorcion-acustica","8":"product_cat-tejidos-escenicos-y-para-eventos","9":"product_cat-oscurecimiento","10":"product_cat-terciopelos","11":"product_cat-terciopelos-de-algodon","12":"product_cat-todos-los-productos","13":"pa_couleurs-003-es","14":"pa_couleurs-100-es","15":"pa_couleurs-250-es","16":"pa_couleurs-292-es","17":"pa_couleurs-790-es","18":"pa_groupes-de-couleurs-azules","19":"pa_groupes-de-couleurs-gris","20":"pa_groupes-de-couleurs-negro","21":"pa_groupes-de-couleurs-rojos","22":"pa_textiles-absorbente-acustico","23":"pa_textiles-ignifugo","24":"pa_textiles-de-ocultacion-y-o-oscurecimiento","26":"first","27":"instock","28":"shipping-taxable","29":"purchasable","30":"product-type-variable"},"acf":[],"yoast_head":"<!-- This site is optimized with the Yoast SEO plugin v27.3 - https:\/\/yoast.com\/product\/yoast-seo-wordpress\/ -->\n<title>Terciopelo Bizet - Azur Scenic<\/title>\n<meta name=\"description\" content=\"Excelente terciopelo de algod\u00f3n esc\u00e9nico con un acabado c\u00e1lido, tejido con alta densidad de pelo, con clasificaci\u00f3n ante el fuego M1, que combina absorci\u00f3n ac\u00fastica, opacidad y resistencia al calor. Este terciopelo tejido en pelo corto se presta perfectamente para la realizaci\u00f3n de cortinajes esc\u00e9nicos, porque ofrece colores mates e intensos\u00a0(con muy poco brillo ante la luz), combinados con una baja adherencia del polvo. Adem\u00e1s, apenas se le marcan los pliegues en comparaci\u00f3n con otros terciopelos de algod\u00f3n tejidos con pelo m\u00e1s largo. Este terciopelo est\u00e1 especialmente indicado para la fabricaci\u00f3n de telones para escenarios, patas, etc. De algod\u00f3n ign\u00edfugo, se recomienda bastante para usar en interiores.  Ancho: \u00b1 140\u00a0cm Peso: 600 g\/m\u00b2  Clasificaci\u00f3n ante el fuego: M1 Composici\u00f3n: 100 % algod\u00f3n\" \/>\n<meta name=\"robots\" content=\"index, follow, max-snippet:-1, max-image-preview:large, max-video-preview:-1\" \/>\n<link rel=\"canonical\" href=\"https:\/\/www.azur-scenic.com\/es\/producto\/terciopelo-bizet\/\" \/>\n<meta property=\"og:locale\" content=\"es_ES\" \/>\n<meta property=\"og:type\" content=\"article\" \/>\n<meta property=\"og:title\" content=\"Terciopelo Bizet - Azur Scenic\" \/>\n<meta property=\"og:description\" content=\"Excelente terciopelo de algod\u00f3n esc\u00e9nico con un acabado c\u00e1lido, tejido con alta densidad de pelo, con clasificaci\u00f3n ante el fuego M1, que combina absorci\u00f3n ac\u00fastica, opacidad y resistencia al calor. Este terciopelo tejido en pelo corto se presta perfectamente para la realizaci\u00f3n de cortinajes esc\u00e9nicos, porque ofrece colores mates e intensos\u00a0(con muy poco brillo ante la luz), combinados con una baja adherencia del polvo. Adem\u00e1s, apenas se le marcan los pliegues en comparaci\u00f3n con otros terciopelos de algod\u00f3n tejidos con pelo m\u00e1s largo. Este terciopelo est\u00e1 especialmente indicado para la fabricaci\u00f3n de telones para escenarios, patas, etc. De algod\u00f3n ign\u00edfugo, se recomienda bastante para usar en interiores.  Ancho: \u00b1 140\u00a0cm Peso: 600 g\/m\u00b2  Clasificaci\u00f3n ante el fuego: M1 Composici\u00f3n: 100 % algod\u00f3n\" \/>\n<meta property=\"og:url\" content=\"https:\/\/www.azur-scenic.com\/es\/producto\/terciopelo-bizet\/\" \/>\n<meta property=\"og:site_name\" content=\"Azur Scenic\" \/>\n<meta property=\"article:modified_time\" content=\"2023-08-02T13:15:26+00:00\" \/>\n<meta property=\"og:image\" content=\"https:\/\/www.azur-scenic.com\/wp-content\/uploads\/Velours-Bizet-Noir.jpg\" \/>\n\t<meta property=\"og:image:width\" content=\"2065\" \/>\n\t<meta property=\"og:image:height\" content=\"2065\" \/>\n\t<meta property=\"og:image:type\" content=\"image\/jpeg\" \/>\n<meta name=\"twitter:card\" content=\"summary_large_image\" \/>\n<script type=\"application\/ld+json\" class=\"yoast-schema-graph\">{\"@context\":\"https:\\\/\\\/schema.org\",\"@graph\":[{\"@type\":\"WebPage\",\"@id\":\"https:\\\/\\\/www.azur-scenic.com\\\/es\\\/producto\\\/terciopelo-bizet\\\/\",\"url\":\"https:\\\/\\\/www.azur-scenic.com\\\/es\\\/producto\\\/terciopelo-bizet\\\/\",\"name\":\"Terciopelo Bizet - Azur Scenic\",\"isPartOf\":{\"@id\":\"https:\\\/\\\/www.azur-scenic.com\\\/es\\\/#website\"},\"primaryImageOfPage\":{\"@id\":\"https:\\\/\\\/www.azur-scenic.com\\\/es\\\/producto\\\/terciopelo-bizet\\\/#primaryimage\"},\"image\":{\"@id\":\"https:\\\/\\\/www.azur-scenic.com\\\/es\\\/producto\\\/terciopelo-bizet\\\/#primaryimage\"},\"thumbnailUrl\":\"https:\\\/\\\/www.azur-scenic.com\\\/wp-content\\\/uploads\\\/Velours-Bizet-Noir.jpg\",\"datePublished\":\"2022-10-04T07:26:20+00:00\",\"dateModified\":\"2023-08-02T13:15:26+00:00\",\"description\":\"Excelente terciopelo de algod\u00f3n esc\u00e9nico con un acabado c\u00e1lido, tejido con alta densidad de pelo, con clasificaci\u00f3n ante el fuego M1, que combina absorci\u00f3n ac\u00fastica, opacidad y resistencia al calor. Este terciopelo tejido en pelo corto se presta perfectamente para la realizaci\u00f3n de cortinajes esc\u00e9nicos, porque ofrece colores mates e intensos\u00a0(con muy poco brillo ante la luz), combinados con una baja adherencia del polvo. Adem\u00e1s, apenas se le marcan los pliegues en comparaci\u00f3n con otros terciopelos de algod\u00f3n tejidos con pelo m\u00e1s largo. Este terciopelo est\u00e1 especialmente indicado para la fabricaci\u00f3n de telones para escenarios, patas, etc. De algod\u00f3n ign\u00edfugo, se recomienda bastante para usar en interiores. Ancho: \u00b1 140\u00a0cm Peso: 600 g\\\/m\u00b2 Clasificaci\u00f3n ante el fuego: M1 Composici\u00f3n: 100 % algod\u00f3n\",\"breadcrumb\":{\"@id\":\"https:\\\/\\\/www.azur-scenic.com\\\/es\\\/producto\\\/terciopelo-bizet\\\/#breadcrumb\"},\"inLanguage\":\"es\",\"potentialAction\":[{\"@type\":\"ReadAction\",\"target\":[\"https:\\\/\\\/www.azur-scenic.com\\\/es\\\/producto\\\/terciopelo-bizet\\\/\"]}]},{\"@type\":\"ImageObject\",\"inLanguage\":\"es\",\"@id\":\"https:\\\/\\\/www.azur-scenic.com\\\/es\\\/producto\\\/terciopelo-bizet\\\/#primaryimage\",\"url\":\"https:\\\/\\\/www.azur-scenic.com\\\/wp-content\\\/uploads\\\/Velours-Bizet-Noir.jpg\",\"contentUrl\":\"https:\\\/\\\/www.azur-scenic.com\\\/wp-content\\\/uploads\\\/Velours-Bizet-Noir.jpg\",\"width\":2065,\"height\":2065,\"caption\":\"Velours Bizet Noir\"},{\"@type\":\"BreadcrumbList\",\"@id\":\"https:\\\/\\\/www.azur-scenic.com\\\/es\\\/producto\\\/terciopelo-bizet\\\/#breadcrumb\",\"itemListElement\":[{\"@type\":\"ListItem\",\"position\":1,\"name\":\"Accueil\",\"item\":\"https:\\\/\\\/www.azur-scenic.com\\\/es\\\/\"},{\"@type\":\"ListItem\",\"position\":2,\"name\":\"Productos\",\"item\":\"https:\\\/\\\/www.azur-scenic.com\\\/es\\\/?page_id=21440\"},{\"@type\":\"ListItem\",\"position\":3,\"name\":\"Terciopelo Bizet\"}]},{\"@type\":\"WebSite\",\"@id\":\"https:\\\/\\\/www.azur-scenic.com\\\/es\\\/#website\",\"url\":\"https:\\\/\\\/www.azur-scenic.com\\\/es\\\/\",\"name\":\"Azur Scenic\",\"description\":\"Sp\u00e9cialiste de l\u2019\u00e9quipement sc\u00e9nique et de la d\u00e9coration int\u00e9rieure et \u00e9v\u00e9nementielle !\",\"publisher\":{\"@id\":\"https:\\\/\\\/www.azur-scenic.com\\\/es\\\/#organization\"},\"potentialAction\":[{\"@type\":\"SearchAction\",\"target\":{\"@type\":\"EntryPoint\",\"urlTemplate\":\"https:\\\/\\\/www.azur-scenic.com\\\/es\\\/?s={search_term_string}\"},\"query-input\":{\"@type\":\"PropertyValueSpecification\",\"valueRequired\":true,\"valueName\":\"search_term_string\"}}],\"inLanguage\":\"es\"},{\"@type\":\"Organization\",\"@id\":\"https:\\\/\\\/www.azur-scenic.com\\\/es\\\/#organization\",\"name\":\"AZUR SCENIC\",\"url\":\"https:\\\/\\\/www.azur-scenic.com\\\/es\\\/\",\"logo\":{\"@type\":\"ImageObject\",\"inLanguage\":\"es\",\"@id\":\"https:\\\/\\\/www.azur-scenic.com\\\/es\\\/#\\\/schema\\\/logo\\\/image\\\/\",\"url\":\"https:\\\/\\\/www.azur-scenic.com\\\/wp-content\\\/uploads\\\/2022\\\/09\\\/LOGO-AZUR-SCENIC-Fusion-web-236x64-1.jpg\",\"contentUrl\":\"https:\\\/\\\/www.azur-scenic.com\\\/wp-content\\\/uploads\\\/2022\\\/09\\\/LOGO-AZUR-SCENIC-Fusion-web-236x64-1.jpg\",\"width\":236,\"height\":64,\"caption\":\"AZUR SCENIC\"},\"image\":{\"@id\":\"https:\\\/\\\/www.azur-scenic.com\\\/es\\\/#\\\/schema\\\/logo\\\/image\\\/\"},\"sameAs\":[\"https:\\\/\\\/www.youtube.com\\\/channel\\\/UCPWM2mGPVUt4nYhNlm71WOA\",\"https:\\\/\\\/www.linkedin.com\\\/company\\\/33237605\\\/admin\\\/feed\\\/posts\\\/\"]}]}<\/script>\n<!-- \/ Yoast SEO plugin. -->","yoast_head_json":{"title":"Terciopelo Bizet - Azur Scenic","description":"Excelente terciopelo de algod\u00f3n esc\u00e9nico con un acabado c\u00e1lido, tejido con alta densidad de pelo, con clasificaci\u00f3n ante el fuego M1, que combina absorci\u00f3n ac\u00fastica, opacidad y resistencia al calor. Este terciopelo tejido en pelo corto se presta perfectamente para la realizaci\u00f3n de cortinajes esc\u00e9nicos, porque ofrece colores mates e intensos\u00a0(con muy poco brillo ante la luz), combinados con una baja adherencia del polvo. Adem\u00e1s, apenas se le marcan los pliegues en comparaci\u00f3n con otros terciopelos de algod\u00f3n tejidos con pelo m\u00e1s largo. Este terciopelo est\u00e1 especialmente indicado para la fabricaci\u00f3n de telones para escenarios, patas, etc. De algod\u00f3n ign\u00edfugo, se recomienda bastante para usar en interiores.  Ancho: \u00b1 140\u00a0cm Peso: 600 g\/m\u00b2  Clasificaci\u00f3n ante el fuego: M1 Composici\u00f3n: 100 % algod\u00f3n","robots":{"index":"index","follow":"follow","max-snippet":"max-snippet:-1","max-image-preview":"max-image-preview:large","max-video-preview":"max-video-preview:-1"},"canonical":"https:\/\/www.azur-scenic.com\/es\/producto\/terciopelo-bizet\/","og_locale":"es_ES","og_type":"article","og_title":"Terciopelo Bizet - Azur Scenic","og_description":"Excelente terciopelo de algod\u00f3n esc\u00e9nico con un acabado c\u00e1lido, tejido con alta densidad de pelo, con clasificaci\u00f3n ante el fuego M1, que combina absorci\u00f3n ac\u00fastica, opacidad y resistencia al calor. Este terciopelo tejido en pelo corto se presta perfectamente para la realizaci\u00f3n de cortinajes esc\u00e9nicos, porque ofrece colores mates e intensos\u00a0(con muy poco brillo ante la luz), combinados con una baja adherencia del polvo. Adem\u00e1s, apenas se le marcan los pliegues en comparaci\u00f3n con otros terciopelos de algod\u00f3n tejidos con pelo m\u00e1s largo. Este terciopelo est\u00e1 especialmente indicado para la fabricaci\u00f3n de telones para escenarios, patas, etc. De algod\u00f3n ign\u00edfugo, se recomienda bastante para usar en interiores.  Ancho: \u00b1 140\u00a0cm Peso: 600 g\/m\u00b2  Clasificaci\u00f3n ante el fuego: M1 Composici\u00f3n: 100 % algod\u00f3n","og_url":"https:\/\/www.azur-scenic.com\/es\/producto\/terciopelo-bizet\/","og_site_name":"Azur Scenic","article_modified_time":"2023-08-02T13:15:26+00:00","og_image":[{"width":2065,"height":2065,"url":"https:\/\/www.azur-scenic.com\/wp-content\/uploads\/Velours-Bizet-Noir.jpg","type":"image\/jpeg"}],"twitter_card":"summary_large_image","schema":{"@context":"https:\/\/schema.org","@graph":[{"@type":"WebPage","@id":"https:\/\/www.azur-scenic.com\/es\/producto\/terciopelo-bizet\/","url":"https:\/\/www.azur-scenic.com\/es\/producto\/terciopelo-bizet\/","name":"Terciopelo Bizet - Azur Scenic","isPartOf":{"@id":"https:\/\/www.azur-scenic.com\/es\/#website"},"primaryImageOfPage":{"@id":"https:\/\/www.azur-scenic.com\/es\/producto\/terciopelo-bizet\/#primaryimage"},"image":{"@id":"https:\/\/www.azur-scenic.com\/es\/producto\/terciopelo-bizet\/#primaryimage"},"thumbnailUrl":"https:\/\/www.azur-scenic.com\/wp-content\/uploads\/Velours-Bizet-Noir.jpg","datePublished":"2022-10-04T07:26:20+00:00","dateModified":"2023-08-02T13:15:26+00:00","description":"Excelente terciopelo de algod\u00f3n esc\u00e9nico con un acabado c\u00e1lido, tejido con alta densidad de pelo, con clasificaci\u00f3n ante el fuego M1, que combina absorci\u00f3n ac\u00fastica, opacidad y resistencia al calor. Este terciopelo tejido en pelo corto se presta perfectamente para la realizaci\u00f3n de cortinajes esc\u00e9nicos, porque ofrece colores mates e intensos\u00a0(con muy poco brillo ante la luz), combinados con una baja adherencia del polvo. Adem\u00e1s, apenas se le marcan los pliegues en comparaci\u00f3n con otros terciopelos de algod\u00f3n tejidos con pelo m\u00e1s largo. Este terciopelo est\u00e1 especialmente indicado para la fabricaci\u00f3n de telones para escenarios, patas, etc. De algod\u00f3n ign\u00edfugo, se recomienda bastante para usar en interiores. Ancho: \u00b1 140\u00a0cm Peso: 600 g\/m\u00b2 Clasificaci\u00f3n ante el fuego: M1 Composici\u00f3n: 100 % algod\u00f3n","breadcrumb":{"@id":"https:\/\/www.azur-scenic.com\/es\/producto\/terciopelo-bizet\/#breadcrumb"},"inLanguage":"es","potentialAction":[{"@type":"ReadAction","target":["https:\/\/www.azur-scenic.com\/es\/producto\/terciopelo-bizet\/"]}]},{"@type":"ImageObject","inLanguage":"es","@id":"https:\/\/www.azur-scenic.com\/es\/producto\/terciopelo-bizet\/#primaryimage","url":"https:\/\/www.azur-scenic.com\/wp-content\/uploads\/Velours-Bizet-Noir.jpg","contentUrl":"https:\/\/www.azur-scenic.com\/wp-content\/uploads\/Velours-Bizet-Noir.jpg","width":2065,"height":2065,"caption":"Velours Bizet Noir"},{"@type":"BreadcrumbList","@id":"https:\/\/www.azur-scenic.com\/es\/producto\/terciopelo-bizet\/#breadcrumb","itemListElement":[{"@type":"ListItem","position":1,"name":"Accueil","item":"https:\/\/www.azur-scenic.com\/es\/"},{"@type":"ListItem","position":2,"name":"Productos","item":"https:\/\/www.azur-scenic.com\/es\/?page_id=21440"},{"@type":"ListItem","position":3,"name":"Terciopelo Bizet"}]},{"@type":"WebSite","@id":"https:\/\/www.azur-scenic.com\/es\/#website","url":"https:\/\/www.azur-scenic.com\/es\/","name":"Azur Scenic","description":"Sp\u00e9cialiste de l\u2019\u00e9quipement sc\u00e9nique et de la d\u00e9coration int\u00e9rieure et \u00e9v\u00e9nementielle !","publisher":{"@id":"https:\/\/www.azur-scenic.com\/es\/#organization"},"potentialAction":[{"@type":"SearchAction","target":{"@type":"EntryPoint","urlTemplate":"https:\/\/www.azur-scenic.com\/es\/?s={search_term_string}"},"query-input":{"@type":"PropertyValueSpecification","valueRequired":true,"valueName":"search_term_string"}}],"inLanguage":"es"},{"@type":"Organization","@id":"https:\/\/www.azur-scenic.com\/es\/#organization","name":"AZUR SCENIC","url":"https:\/\/www.azur-scenic.com\/es\/","logo":{"@type":"ImageObject","inLanguage":"es","@id":"https:\/\/www.azur-scenic.com\/es\/#\/schema\/logo\/image\/","url":"https:\/\/www.azur-scenic.com\/wp-content\/uploads\/2022\/09\/LOGO-AZUR-SCENIC-Fusion-web-236x64-1.jpg","contentUrl":"https:\/\/www.azur-scenic.com\/wp-content\/uploads\/2022\/09\/LOGO-AZUR-SCENIC-Fusion-web-236x64-1.jpg","width":236,"height":64,"caption":"AZUR SCENIC"},"image":{"@id":"https:\/\/www.azur-scenic.com\/es\/#\/schema\/logo\/image\/"},"sameAs":["https:\/\/www.youtube.com\/channel\/UCPWM2mGPVUt4nYhNlm71WOA","https:\/\/www.linkedin.com\/company\/33237605\/admin\/feed\/posts\/"]}]}},"_links":{"self":[{"href":"https:\/\/www.azur-scenic.com\/es\/wp-json\/wp\/v2\/product\/18368","targetHints":{"allow":["GET"]}}],"collection":[{"href":"https:\/\/www.azur-scenic.com\/es\/wp-json\/wp\/v2\/product"}],"about":[{"href":"https:\/\/www.azur-scenic.com\/es\/wp-json\/wp\/v2\/types\/product"}],"wp:featuredmedia":[{"embeddable":true,"href":"https:\/\/www.azur-scenic.com\/es\/wp-json\/wp\/v2\/media\/13411"}],"wp:attachment":[{"href":"https:\/\/www.azur-scenic.com\/es\/wp-json\/wp\/v2\/media?parent=18368"}],"wp:term":[{"taxonomy":"product_brand","embeddable":true,"href":"https:\/\/www.azur-scenic.com\/es\/wp-json\/wp\/v2\/product_brand?post=18368"},{"taxonomy":"product_cat","embeddable":true,"href":"https:\/\/www.azur-scenic.com\/es\/wp-json\/wp\/v2\/product_cat?post=18368"},{"taxonomy":"product_tag","embeddable":true,"href":"https:\/\/www.azur-scenic.com\/es\/wp-json\/wp\/v2\/product_tag?post=18368"}],"curies":[{"name":"wp","href":"https:\/\/api.w.org\/{rel}","templated":true}]}}