{"id":18394,"date":"2022-10-04T07:26:20","date_gmt":"2022-10-04T07:26:20","guid":{"rendered":"https:\/\/www.azur-scenic.com\/produit\/velours-monte-cristo\/"},"modified":"2023-08-02T13:15:23","modified_gmt":"2023-08-02T13:15:23","slug":"terciopelo-monte-cristo","status":"publish","type":"product","link":"https:\/\/www.azur-scenic.com\/es\/producto\/terciopelo-monte-cristo\/","title":{"rendered":"Terciopelo Monte Cristo"},"content":{"rendered":"<table>\n<thead>\n<tr>\n<th style=\"width: 170px;\">Datos t\u00e9cnicos<\/th>\n<th style=\"width: 135px;\">Valor<\/th>\n<th style=\"width: 224px;\">Comentarios<\/th>\n<\/tr>\n<\/thead>\n<tbody>\n<tr>\n<td style=\"vertical-align: top;\">Ancho<\/td>\n<td style=\"vertical-align: top; width: 135px;\">\u00b1 140 &#8211; 145\u00a0cm<\/td>\n<td style=\"vertical-align: top; width: 224px;\">\u00a0<\/td>\n<\/tr>\n<tr>\n<td style=\"vertical-align: top;\">Peso<\/td>\n<td style=\"vertical-align: top; width: 135px;\">620 g\/m\u00b2<\/td>\n<td style=\"vertical-align: top; width: 224px;\">\u00a0<\/td>\n<\/tr>\n<tr>\n<td style=\"vertical-align: top;\">Grosor<\/td>\n<td style=\"vertical-align: top; width: 135px;\">1,5\u00a0mm<\/td>\n<td style=\"vertical-align: top; width: 224px;\">\u00a0<\/td>\n<\/tr>\n<tr>\n<td style=\"vertical-align: top;\">Clasificaci\u00f3n ante el fuego<\/td>\n<td style=\"vertical-align: top; width: 135px;\"><img decoding=\"async\" style=\"height: 20px; width: 20px;\" src=\"https:\/\/www.azur-scenic.com\/wp-content\/uploads\/csm_icon-flag-france_3304e5e3f9.png\" \/> M1<\/td>\n<td style=\"vertical-align: top; width: 224px;\">\u00a0<\/td>\n<\/tr>\n<tr>\n<td style=\"vertical-align: top;\">Composici\u00f3n<\/td>\n<td style=\"vertical-align: top; width: 135px;\">100 % algod\u00f3n<\/td>\n<td style=\"vertical-align: top; width: 224px;\">\u00a0<\/td>\n<\/tr>\n<tr>\n<td style=\"vertical-align: top;\">Longitud del rollo<\/td>\n<td style=\"vertical-align: top; width: 135px;\">Aprox. 30 m<\/td>\n<td style=\"vertical-align: top; width: 224px;\">Piezas no calibradas, el metraje de las piezas puede variar<br \/>\nPosibilidad de venta al corte<\/td>\n<\/tr>\n<tr>\n<td style=\"vertical-align: top;\">Propiedades ac\u00fasticas<\/td>\n<td style=\"vertical-align: top; width: 135px;\">0,80 \u03b1w<br \/>\nB <span style=\"font-size: 13px;\">(absorci\u00f3n extrema)<\/span><\/td>\n<td style=\"vertical-align: top; width: 224px;\">Norma: ISO 354: 2004<\/td>\n<\/tr>\n<\/tbody>\n<\/table>\n<p>\u00a0<\/p><\/p>\n","protected":false},"excerpt":{"rendered":"<p>Un terciopelo de alta gama de calidad particularmente elevada, <span style=\"color: #f88523;\"><strong>extrapesado<\/strong><\/span> y <strong><span style=\"color: #f88523;\">opaco<\/span><\/strong>, con <strong><span style=\"color: #f88523;\">grandes propiedades de absorci\u00f3n ac\u00fastica<\/span><\/strong> y clasificaci\u00f3n ante el fuego <span style=\"color: #f88523;\"><strong>M1<\/strong><\/span>.<br \/>\nEste terciopelo est\u00e1 disponible en una gama de <span style=\"color: #f88523;\"><strong>colores teatrales<\/strong><\/span>, entre ellos un <strong><span style=\"color: #f88523;\">negro intenso<\/span><\/strong> y sumamente <span style=\"color: #f88523;\"><strong>mate<\/strong><\/span>.<br \/>\nEste terciopelo de <span style=\"color: #f88523;\"><strong>gran estabilidad<\/strong><\/span> se adapta especialmente a la fabricaci\u00f3n de <strong><span style=\"color: #f88523;\">telones de escenario<\/span><\/strong> (para teatros, \u00f3peras, etc.)<\/p>\n<table class=\"table\" style=\"background: #f7f7f7;\">\n<tbody>\n<tr>\n<td><strong>Ancho<\/strong>: \u00b1 140 &#8211; 145\u00a0cm<\/td>\n<td><strong>Peso<\/strong>: 620 g\/m\u00b2<\/td>\n<\/tr>\n<tr>\n<td><strong>Clasificaci\u00f3n ante el fuego<\/strong>: <img decoding=\"async\" style=\"height: 20px; width: 20px;\" src=\"https:\/\/www.azur-scenic.com\/wp-content\/uploads\/csm_icon-flag-france_3304e5e3f9.png\" \/> M1<\/td>\n<td style=\"vertical-align: top;\"><strong>Composici\u00f3n<\/strong>: 100 % algod\u00f3n<\/td>\n<\/tr>\n<\/tbody>\n<\/table>\n","protected":false},"featured_media":13431,"template":"","meta":{"_acf_changed":false},"product_brand":[],"product_cat":[974,975,939,942,940,1462,943,944],"product_tag":[],"class_list":{"0":"post-18394","1":"product","2":"type-product","3":"status-publish","4":"has-post-thumbnail","6":"product_cat-soluciones-acusticas","7":"product_cat-absorcion-acustica","8":"product_cat-tejidos-escenicos-y-para-eventos","9":"product_cat-oscurecimiento","10":"product_cat-terciopelos","11":"product_cat-terciopelos-de-algodon","12":"product_cat-teatro","13":"product_cat-todos-los-productos","14":"pa_couleurs-003-es","15":"pa_couleurs-170-es","16":"pa_couleurs-250-es","17":"pa_couleurs-290-es","18":"pa_couleurs-292-es","19":"pa_couleurs-770-es","20":"pa_couleurs-790-es","21":"pa_groupes-de-couleurs-azules","22":"pa_groupes-de-couleurs-gris","23":"pa_groupes-de-couleurs-negro","24":"pa_groupes-de-couleurs-rojos","25":"pa_textiles-absorbente-acustico","26":"pa_textiles-ignifugo","27":"pa_textiles-de-ocultacion-y-o-oscurecimiento","29":"first","30":"instock","31":"shipping-taxable","32":"purchasable","33":"product-type-variable"},"acf":[],"yoast_head":"<!-- This site is optimized with the Yoast SEO plugin v27.3 - https:\/\/yoast.com\/product\/yoast-seo-wordpress\/ -->\n<title>Terciopelo Monte Cristo - Azur Scenic<\/title>\n<meta name=\"description\" content=\"Un terciopelo de alta gama de calidad particularmente elevada, extrapesado y opaco, con grandes propiedades de absorci\u00f3n ac\u00fastica y clasificaci\u00f3n ante el fuego M1. Este terciopelo est\u00e1 disponible en una gama de colores teatrales, entre ellos un negro intenso y sumamente mate. Este terciopelo de gran estabilidad se adapta especialmente a la fabricaci\u00f3n de telones de escenario (para teatros, \u00f3peras, etc.)  Ancho: \u00b1 140 - 145\u00a0cm Peso: 620 g\/m\u00b2  Clasificaci\u00f3n ante el fuego: M1 Composici\u00f3n: 100 % algod\u00f3n\" \/>\n<meta name=\"robots\" content=\"index, follow, max-snippet:-1, max-image-preview:large, max-video-preview:-1\" \/>\n<link rel=\"canonical\" href=\"https:\/\/www.azur-scenic.com\/es\/producto\/terciopelo-monte-cristo\/\" \/>\n<meta property=\"og:locale\" content=\"es_ES\" \/>\n<meta property=\"og:type\" content=\"article\" \/>\n<meta property=\"og:title\" content=\"Terciopelo Monte Cristo - Azur Scenic\" \/>\n<meta property=\"og:description\" content=\"Un terciopelo de alta gama de calidad particularmente elevada, extrapesado y opaco, con grandes propiedades de absorci\u00f3n ac\u00fastica y clasificaci\u00f3n ante el fuego M1. Este terciopelo est\u00e1 disponible en una gama de colores teatrales, entre ellos un negro intenso y sumamente mate. Este terciopelo de gran estabilidad se adapta especialmente a la fabricaci\u00f3n de telones de escenario (para teatros, \u00f3peras, etc.)  Ancho: \u00b1 140 - 145\u00a0cm Peso: 620 g\/m\u00b2  Clasificaci\u00f3n ante el fuego: M1 Composici\u00f3n: 100 % algod\u00f3n\" \/>\n<meta property=\"og:url\" content=\"https:\/\/www.azur-scenic.com\/es\/producto\/terciopelo-monte-cristo\/\" \/>\n<meta property=\"og:site_name\" content=\"Azur Scenic\" \/>\n<meta property=\"article:modified_time\" content=\"2023-08-02T13:15:23+00:00\" \/>\n<meta property=\"og:image\" content=\"https:\/\/www.azur-scenic.com\/wp-content\/uploads\/Velours-Monte-Cristo-Noir-scaled.jpg\" \/>\n\t<meta property=\"og:image:width\" content=\"2560\" \/>\n\t<meta property=\"og:image:height\" content=\"2560\" \/>\n\t<meta property=\"og:image:type\" content=\"image\/jpeg\" \/>\n<meta name=\"twitter:card\" content=\"summary_large_image\" \/>\n<script type=\"application\/ld+json\" class=\"yoast-schema-graph\">{\"@context\":\"https:\\\/\\\/schema.org\",\"@graph\":[{\"@type\":\"WebPage\",\"@id\":\"https:\\\/\\\/www.azur-scenic.com\\\/es\\\/producto\\\/terciopelo-monte-cristo\\\/\",\"url\":\"https:\\\/\\\/www.azur-scenic.com\\\/es\\\/producto\\\/terciopelo-monte-cristo\\\/\",\"name\":\"Terciopelo Monte Cristo - Azur Scenic\",\"isPartOf\":{\"@id\":\"https:\\\/\\\/www.azur-scenic.com\\\/es\\\/#website\"},\"primaryImageOfPage\":{\"@id\":\"https:\\\/\\\/www.azur-scenic.com\\\/es\\\/producto\\\/terciopelo-monte-cristo\\\/#primaryimage\"},\"image\":{\"@id\":\"https:\\\/\\\/www.azur-scenic.com\\\/es\\\/producto\\\/terciopelo-monte-cristo\\\/#primaryimage\"},\"thumbnailUrl\":\"https:\\\/\\\/www.azur-scenic.com\\\/wp-content\\\/uploads\\\/Velours-Monte-Cristo-Noir-scaled.jpg\",\"datePublished\":\"2022-10-04T07:26:20+00:00\",\"dateModified\":\"2023-08-02T13:15:23+00:00\",\"description\":\"Un terciopelo de alta gama de calidad particularmente elevada, extrapesado y opaco, con grandes propiedades de absorci\u00f3n ac\u00fastica y clasificaci\u00f3n ante el fuego M1. Este terciopelo est\u00e1 disponible en una gama de colores teatrales, entre ellos un negro intenso y sumamente mate. Este terciopelo de gran estabilidad se adapta especialmente a la fabricaci\u00f3n de telones de escenario (para teatros, \u00f3peras, etc.) Ancho: \u00b1 140 - 145\u00a0cm Peso: 620 g\\\/m\u00b2 Clasificaci\u00f3n ante el fuego: M1 Composici\u00f3n: 100 % algod\u00f3n\",\"breadcrumb\":{\"@id\":\"https:\\\/\\\/www.azur-scenic.com\\\/es\\\/producto\\\/terciopelo-monte-cristo\\\/#breadcrumb\"},\"inLanguage\":\"es\",\"potentialAction\":[{\"@type\":\"ReadAction\",\"target\":[\"https:\\\/\\\/www.azur-scenic.com\\\/es\\\/producto\\\/terciopelo-monte-cristo\\\/\"]}]},{\"@type\":\"ImageObject\",\"inLanguage\":\"es\",\"@id\":\"https:\\\/\\\/www.azur-scenic.com\\\/es\\\/producto\\\/terciopelo-monte-cristo\\\/#primaryimage\",\"url\":\"https:\\\/\\\/www.azur-scenic.com\\\/wp-content\\\/uploads\\\/Velours-Monte-Cristo-Noir-scaled.jpg\",\"contentUrl\":\"https:\\\/\\\/www.azur-scenic.com\\\/wp-content\\\/uploads\\\/Velours-Monte-Cristo-Noir-scaled.jpg\",\"width\":2560,\"height\":2560,\"caption\":\"Velours Monte Cristo Noir\"},{\"@type\":\"BreadcrumbList\",\"@id\":\"https:\\\/\\\/www.azur-scenic.com\\\/es\\\/producto\\\/terciopelo-monte-cristo\\\/#breadcrumb\",\"itemListElement\":[{\"@type\":\"ListItem\",\"position\":1,\"name\":\"Accueil\",\"item\":\"https:\\\/\\\/www.azur-scenic.com\\\/es\\\/\"},{\"@type\":\"ListItem\",\"position\":2,\"name\":\"Productos\",\"item\":\"https:\\\/\\\/www.azur-scenic.com\\\/es\\\/?page_id=21440\"},{\"@type\":\"ListItem\",\"position\":3,\"name\":\"Terciopelo Monte Cristo\"}]},{\"@type\":\"WebSite\",\"@id\":\"https:\\\/\\\/www.azur-scenic.com\\\/es\\\/#website\",\"url\":\"https:\\\/\\\/www.azur-scenic.com\\\/es\\\/\",\"name\":\"Azur Scenic\",\"description\":\"Sp\u00e9cialiste de l\u2019\u00e9quipement sc\u00e9nique et de la d\u00e9coration int\u00e9rieure et \u00e9v\u00e9nementielle !\",\"publisher\":{\"@id\":\"https:\\\/\\\/www.azur-scenic.com\\\/es\\\/#organization\"},\"potentialAction\":[{\"@type\":\"SearchAction\",\"target\":{\"@type\":\"EntryPoint\",\"urlTemplate\":\"https:\\\/\\\/www.azur-scenic.com\\\/es\\\/?s={search_term_string}\"},\"query-input\":{\"@type\":\"PropertyValueSpecification\",\"valueRequired\":true,\"valueName\":\"search_term_string\"}}],\"inLanguage\":\"es\"},{\"@type\":\"Organization\",\"@id\":\"https:\\\/\\\/www.azur-scenic.com\\\/es\\\/#organization\",\"name\":\"AZUR SCENIC\",\"url\":\"https:\\\/\\\/www.azur-scenic.com\\\/es\\\/\",\"logo\":{\"@type\":\"ImageObject\",\"inLanguage\":\"es\",\"@id\":\"https:\\\/\\\/www.azur-scenic.com\\\/es\\\/#\\\/schema\\\/logo\\\/image\\\/\",\"url\":\"https:\\\/\\\/www.azur-scenic.com\\\/wp-content\\\/uploads\\\/2022\\\/09\\\/LOGO-AZUR-SCENIC-Fusion-web-236x64-1.jpg\",\"contentUrl\":\"https:\\\/\\\/www.azur-scenic.com\\\/wp-content\\\/uploads\\\/2022\\\/09\\\/LOGO-AZUR-SCENIC-Fusion-web-236x64-1.jpg\",\"width\":236,\"height\":64,\"caption\":\"AZUR SCENIC\"},\"image\":{\"@id\":\"https:\\\/\\\/www.azur-scenic.com\\\/es\\\/#\\\/schema\\\/logo\\\/image\\\/\"},\"sameAs\":[\"https:\\\/\\\/www.youtube.com\\\/channel\\\/UCPWM2mGPVUt4nYhNlm71WOA\",\"https:\\\/\\\/www.linkedin.com\\\/company\\\/33237605\\\/admin\\\/feed\\\/posts\\\/\"]}]}<\/script>\n<!-- \/ Yoast SEO plugin. -->","yoast_head_json":{"title":"Terciopelo Monte Cristo - Azur Scenic","description":"Un terciopelo de alta gama de calidad particularmente elevada, extrapesado y opaco, con grandes propiedades de absorci\u00f3n ac\u00fastica y clasificaci\u00f3n ante el fuego M1. Este terciopelo est\u00e1 disponible en una gama de colores teatrales, entre ellos un negro intenso y sumamente mate. Este terciopelo de gran estabilidad se adapta especialmente a la fabricaci\u00f3n de telones de escenario (para teatros, \u00f3peras, etc.)  Ancho: \u00b1 140 - 145\u00a0cm Peso: 620 g\/m\u00b2  Clasificaci\u00f3n ante el fuego: M1 Composici\u00f3n: 100 % algod\u00f3n","robots":{"index":"index","follow":"follow","max-snippet":"max-snippet:-1","max-image-preview":"max-image-preview:large","max-video-preview":"max-video-preview:-1"},"canonical":"https:\/\/www.azur-scenic.com\/es\/producto\/terciopelo-monte-cristo\/","og_locale":"es_ES","og_type":"article","og_title":"Terciopelo Monte Cristo - Azur Scenic","og_description":"Un terciopelo de alta gama de calidad particularmente elevada, extrapesado y opaco, con grandes propiedades de absorci\u00f3n ac\u00fastica y clasificaci\u00f3n ante el fuego M1. Este terciopelo est\u00e1 disponible en una gama de colores teatrales, entre ellos un negro intenso y sumamente mate. Este terciopelo de gran estabilidad se adapta especialmente a la fabricaci\u00f3n de telones de escenario (para teatros, \u00f3peras, etc.)  Ancho: \u00b1 140 - 145\u00a0cm Peso: 620 g\/m\u00b2  Clasificaci\u00f3n ante el fuego: M1 Composici\u00f3n: 100 % algod\u00f3n","og_url":"https:\/\/www.azur-scenic.com\/es\/producto\/terciopelo-monte-cristo\/","og_site_name":"Azur Scenic","article_modified_time":"2023-08-02T13:15:23+00:00","og_image":[{"width":2560,"height":2560,"url":"https:\/\/www.azur-scenic.com\/wp-content\/uploads\/Velours-Monte-Cristo-Noir-scaled.jpg","type":"image\/jpeg"}],"twitter_card":"summary_large_image","schema":{"@context":"https:\/\/schema.org","@graph":[{"@type":"WebPage","@id":"https:\/\/www.azur-scenic.com\/es\/producto\/terciopelo-monte-cristo\/","url":"https:\/\/www.azur-scenic.com\/es\/producto\/terciopelo-monte-cristo\/","name":"Terciopelo Monte Cristo - Azur Scenic","isPartOf":{"@id":"https:\/\/www.azur-scenic.com\/es\/#website"},"primaryImageOfPage":{"@id":"https:\/\/www.azur-scenic.com\/es\/producto\/terciopelo-monte-cristo\/#primaryimage"},"image":{"@id":"https:\/\/www.azur-scenic.com\/es\/producto\/terciopelo-monte-cristo\/#primaryimage"},"thumbnailUrl":"https:\/\/www.azur-scenic.com\/wp-content\/uploads\/Velours-Monte-Cristo-Noir-scaled.jpg","datePublished":"2022-10-04T07:26:20+00:00","dateModified":"2023-08-02T13:15:23+00:00","description":"Un terciopelo de alta gama de calidad particularmente elevada, extrapesado y opaco, con grandes propiedades de absorci\u00f3n ac\u00fastica y clasificaci\u00f3n ante el fuego M1. Este terciopelo est\u00e1 disponible en una gama de colores teatrales, entre ellos un negro intenso y sumamente mate. Este terciopelo de gran estabilidad se adapta especialmente a la fabricaci\u00f3n de telones de escenario (para teatros, \u00f3peras, etc.) Ancho: \u00b1 140 - 145\u00a0cm Peso: 620 g\/m\u00b2 Clasificaci\u00f3n ante el fuego: M1 Composici\u00f3n: 100 % algod\u00f3n","breadcrumb":{"@id":"https:\/\/www.azur-scenic.com\/es\/producto\/terciopelo-monte-cristo\/#breadcrumb"},"inLanguage":"es","potentialAction":[{"@type":"ReadAction","target":["https:\/\/www.azur-scenic.com\/es\/producto\/terciopelo-monte-cristo\/"]}]},{"@type":"ImageObject","inLanguage":"es","@id":"https:\/\/www.azur-scenic.com\/es\/producto\/terciopelo-monte-cristo\/#primaryimage","url":"https:\/\/www.azur-scenic.com\/wp-content\/uploads\/Velours-Monte-Cristo-Noir-scaled.jpg","contentUrl":"https:\/\/www.azur-scenic.com\/wp-content\/uploads\/Velours-Monte-Cristo-Noir-scaled.jpg","width":2560,"height":2560,"caption":"Velours Monte Cristo Noir"},{"@type":"BreadcrumbList","@id":"https:\/\/www.azur-scenic.com\/es\/producto\/terciopelo-monte-cristo\/#breadcrumb","itemListElement":[{"@type":"ListItem","position":1,"name":"Accueil","item":"https:\/\/www.azur-scenic.com\/es\/"},{"@type":"ListItem","position":2,"name":"Productos","item":"https:\/\/www.azur-scenic.com\/es\/?page_id=21440"},{"@type":"ListItem","position":3,"name":"Terciopelo Monte Cristo"}]},{"@type":"WebSite","@id":"https:\/\/www.azur-scenic.com\/es\/#website","url":"https:\/\/www.azur-scenic.com\/es\/","name":"Azur Scenic","description":"Sp\u00e9cialiste de l\u2019\u00e9quipement sc\u00e9nique et de la d\u00e9coration int\u00e9rieure et \u00e9v\u00e9nementielle !","publisher":{"@id":"https:\/\/www.azur-scenic.com\/es\/#organization"},"potentialAction":[{"@type":"SearchAction","target":{"@type":"EntryPoint","urlTemplate":"https:\/\/www.azur-scenic.com\/es\/?s={search_term_string}"},"query-input":{"@type":"PropertyValueSpecification","valueRequired":true,"valueName":"search_term_string"}}],"inLanguage":"es"},{"@type":"Organization","@id":"https:\/\/www.azur-scenic.com\/es\/#organization","name":"AZUR SCENIC","url":"https:\/\/www.azur-scenic.com\/es\/","logo":{"@type":"ImageObject","inLanguage":"es","@id":"https:\/\/www.azur-scenic.com\/es\/#\/schema\/logo\/image\/","url":"https:\/\/www.azur-scenic.com\/wp-content\/uploads\/2022\/09\/LOGO-AZUR-SCENIC-Fusion-web-236x64-1.jpg","contentUrl":"https:\/\/www.azur-scenic.com\/wp-content\/uploads\/2022\/09\/LOGO-AZUR-SCENIC-Fusion-web-236x64-1.jpg","width":236,"height":64,"caption":"AZUR SCENIC"},"image":{"@id":"https:\/\/www.azur-scenic.com\/es\/#\/schema\/logo\/image\/"},"sameAs":["https:\/\/www.youtube.com\/channel\/UCPWM2mGPVUt4nYhNlm71WOA","https:\/\/www.linkedin.com\/company\/33237605\/admin\/feed\/posts\/"]}]}},"_links":{"self":[{"href":"https:\/\/www.azur-scenic.com\/es\/wp-json\/wp\/v2\/product\/18394","targetHints":{"allow":["GET"]}}],"collection":[{"href":"https:\/\/www.azur-scenic.com\/es\/wp-json\/wp\/v2\/product"}],"about":[{"href":"https:\/\/www.azur-scenic.com\/es\/wp-json\/wp\/v2\/types\/product"}],"wp:featuredmedia":[{"embeddable":true,"href":"https:\/\/www.azur-scenic.com\/es\/wp-json\/wp\/v2\/media\/13431"}],"wp:attachment":[{"href":"https:\/\/www.azur-scenic.com\/es\/wp-json\/wp\/v2\/media?parent=18394"}],"wp:term":[{"taxonomy":"product_brand","embeddable":true,"href":"https:\/\/www.azur-scenic.com\/es\/wp-json\/wp\/v2\/product_brand?post=18394"},{"taxonomy":"product_cat","embeddable":true,"href":"https:\/\/www.azur-scenic.com\/es\/wp-json\/wp\/v2\/product_cat?post=18394"},{"taxonomy":"product_tag","embeddable":true,"href":"https:\/\/www.azur-scenic.com\/es\/wp-json\/wp\/v2\/product_tag?post=18394"}],"curies":[{"name":"wp","href":"https:\/\/api.w.org\/{rel}","templated":true}]}}